{"id":981,"date":"2021-01-31T19:42:37","date_gmt":"2021-01-31T18:42:37","guid":{"rendered":"https:\/\/www.pressta-eisele.eu\/produkt\/dyno-40-podavac-s-vysekavacim-lisom\/"},"modified":"2021-01-31T22:34:32","modified_gmt":"2021-01-31T21:34:32","slug":"dyno-40-podavac-s-vysekavacim-lisom","status":"publish","type":"product","link":"https:\/\/www.pressta-eisele.eu\/hu\/produkt\/dyno-40-podavac-s-vysekavacim-lisom\/","title":{"rendered":"DYNO 40 &#8211; Pod\u00e1va\u010d s vysek\u00e1vac\u00edm lisom"},"content":{"rendered":"","protected":false},"excerpt":{"rendered":"<ul>\n<li>Automatick\u00fd  posuv profilu pod\u00e1va\u010dom napr. v spojen\u00ed s lisom Dyno 40  <\/li>\n<li>    NC  poz\u00edciovanie servomotorom. Profily s\u00fa       \u0165ahan\u00e9  cez lisovac\u00ed n\u00e1stroj  <\/li>\n<li>Max.  \u0165a\u017en\u00e1 sila 200 kg  <\/li>\n<li>D\u013a\u017eka  posuvu od 10 \u2013 14.000 mm  <\/li>\n<\/ul>\n","protected":false},"featured_media":982,"comment_status":"closed","ping_status":"open","template":"","meta":{"_monsterinsights_skip_tracking":false,"_monsterinsights_sitenote_active":false,"_monsterinsights_sitenote_note":"","_monsterinsights_sitenote_category":0},"product_brand":[],"product_cat":[46],"product_tag":[],"class_list":{"0":"post-981","1":"product","2":"type-product","3":"status-publish","4":"has-post-thumbnail","6":"product_cat-lisy-vrtacky-stroje-pre-priemysel","8":"first","9":"instock","10":"product-type-simple"},"yoast_head":"<!-- This site is optimized with the Yoast SEO plugin v27.4 - https:\/\/yoast.com\/product\/yoast-seo-wordpress\/ -->\n<title>DYNO 40 - Pod\u00e1va\u010d s vysek\u00e1vac\u00edm lisom - Pressta Eisele \u010cS<\/title>\n<meta name=\"robots\" content=\"index, follow, max-snippet:-1, max-image-preview:large, max-video-preview:-1\" \/>\n<link rel=\"canonical\" href=\"https:\/\/www.pressta-eisele.eu\/hu\/produkt\/dyno-40-podavac-s-vysekavacim-lisom\/\" \/>\n<meta property=\"og:locale\" content=\"hu_HU\" \/>\n<meta property=\"og:type\" content=\"article\" \/>\n<meta property=\"og:title\" content=\"DYNO 40 - Pod\u00e1va\u010d s vysek\u00e1vac\u00edm lisom - Pressta Eisele \u010cS\" \/>\n<meta property=\"og:description\" content=\"Automatick\u00fd posuv profilu pod\u00e1va\u010dom napr. v spojen\u00ed s lisom Dyno 40    NC poz\u00edciovanie servomotorom. Profily s\u00fa    \u0165ahan\u00e9 cez lisovac\u00ed n\u00e1stroj  Max. \u0165a\u017en\u00e1 sila 200 kg  D\u013a\u017eka posuvu od 10 \u2013 14.000 mm\" \/>\n<meta property=\"og:url\" content=\"https:\/\/www.pressta-eisele.eu\/hu\/produkt\/dyno-40-podavac-s-vysekavacim-lisom\/\" \/>\n<meta property=\"og:site_name\" content=\"Pressta Eisele \u010cS\" \/>\n<meta property=\"article:modified_time\" content=\"2021-01-31T21:34:32+00:00\" \/>\n<meta property=\"og:image\" content=\"https:\/\/www.pressta-eisele.eu\/wp-content\/uploads\/2021\/01\/dyno40.jpg\" \/>\n\t<meta property=\"og:image:width\" content=\"500\" \/>\n\t<meta property=\"og:image:height\" content=\"355\" \/>\n\t<meta property=\"og:image:type\" content=\"image\/jpeg\" \/>\n<meta name=\"twitter:card\" content=\"summary_large_image\" \/>\n<script type=\"application\/ld+json\" class=\"yoast-schema-graph\">{\"@context\":\"https:\\\/\\\/schema.org\",\"@graph\":[{\"@type\":\"WebPage\",\"@id\":\"https:\\\/\\\/www.pressta-eisele.eu\\\/hu\\\/produkt\\\/dyno-40-podavac-s-vysekavacim-lisom\\\/\",\"url\":\"https:\\\/\\\/www.pressta-eisele.eu\\\/hu\\\/produkt\\\/dyno-40-podavac-s-vysekavacim-lisom\\\/\",\"name\":\"DYNO 40 - Pod\u00e1va\u010d s vysek\u00e1vac\u00edm lisom - Pressta Eisele \u010cS\",\"isPartOf\":{\"@id\":\"https:\\\/\\\/www.pressta-eisele.eu\\\/hu\\\/#website\"},\"primaryImageOfPage\":{\"@id\":\"https:\\\/\\\/www.pressta-eisele.eu\\\/hu\\\/produkt\\\/dyno-40-podavac-s-vysekavacim-lisom\\\/#primaryimage\"},\"image\":{\"@id\":\"https:\\\/\\\/www.pressta-eisele.eu\\\/hu\\\/produkt\\\/dyno-40-podavac-s-vysekavacim-lisom\\\/#primaryimage\"},\"thumbnailUrl\":\"https:\\\/\\\/www.pressta-eisele.eu\\\/wp-content\\\/uploads\\\/2021\\\/01\\\/dyno40.jpg\",\"datePublished\":\"2021-01-31T18:42:37+00:00\",\"dateModified\":\"2021-01-31T21:34:32+00:00\",\"breadcrumb\":{\"@id\":\"https:\\\/\\\/www.pressta-eisele.eu\\\/hu\\\/produkt\\\/dyno-40-podavac-s-vysekavacim-lisom\\\/#breadcrumb\"},\"inLanguage\":\"hu\",\"potentialAction\":[{\"@type\":\"ReadAction\",\"target\":[\"https:\\\/\\\/www.pressta-eisele.eu\\\/hu\\\/produkt\\\/dyno-40-podavac-s-vysekavacim-lisom\\\/\"]}]},{\"@type\":\"ImageObject\",\"inLanguage\":\"hu\",\"@id\":\"https:\\\/\\\/www.pressta-eisele.eu\\\/hu\\\/produkt\\\/dyno-40-podavac-s-vysekavacim-lisom\\\/#primaryimage\",\"url\":\"https:\\\/\\\/www.pressta-eisele.eu\\\/wp-content\\\/uploads\\\/2021\\\/01\\\/dyno40.jpg\",\"contentUrl\":\"https:\\\/\\\/www.pressta-eisele.eu\\\/wp-content\\\/uploads\\\/2021\\\/01\\\/dyno40.jpg\",\"width\":500,\"height\":355,\"caption\":\"DYNO 40 - Pod\u00e1va\u010d s vysek\u00e1vac\u00edm lisom\"},{\"@type\":\"BreadcrumbList\",\"@id\":\"https:\\\/\\\/www.pressta-eisele.eu\\\/hu\\\/produkt\\\/dyno-40-podavac-s-vysekavacim-lisom\\\/#breadcrumb\",\"itemListElement\":[{\"@type\":\"ListItem\",\"position\":1,\"name\":\"Home\",\"item\":\"https:\\\/\\\/www.pressta-eisele.eu\\\/hu\\\/\"},{\"@type\":\"ListItem\",\"position\":2,\"name\":\"Shop\",\"item\":\"https:\\\/\\\/www.pressta-eisele.eu\\\/hu\\\/shop\\\/\"},{\"@type\":\"ListItem\",\"position\":3,\"name\":\"DYNO 40 &#8211; Pod\u00e1va\u010d s vysek\u00e1vac\u00edm lisom\"}]},{\"@type\":\"WebSite\",\"@id\":\"https:\\\/\\\/www.pressta-eisele.eu\\\/hu\\\/#website\",\"url\":\"https:\\\/\\\/www.pressta-eisele.eu\\\/hu\\\/\",\"name\":\"Pressta Eisele \u010cS\",\"description\":\"Vitajte vo svete produktivity\",\"publisher\":{\"@id\":\"https:\\\/\\\/www.pressta-eisele.eu\\\/hu\\\/#organization\"},\"potentialAction\":[{\"@type\":\"SearchAction\",\"target\":{\"@type\":\"EntryPoint\",\"urlTemplate\":\"https:\\\/\\\/www.pressta-eisele.eu\\\/hu\\\/?s={search_term_string}\"},\"query-input\":{\"@type\":\"PropertyValueSpecification\",\"valueRequired\":true,\"valueName\":\"search_term_string\"}}],\"inLanguage\":\"hu\"},{\"@type\":\"Organization\",\"@id\":\"https:\\\/\\\/www.pressta-eisele.eu\\\/hu\\\/#organization\",\"name\":\"Pressta Eisele \u010cS\",\"url\":\"https:\\\/\\\/www.pressta-eisele.eu\\\/hu\\\/\",\"logo\":{\"@type\":\"ImageObject\",\"inLanguage\":\"hu\",\"@id\":\"https:\\\/\\\/www.pressta-eisele.eu\\\/hu\\\/#\\\/schema\\\/logo\\\/image\\\/\",\"url\":\"https:\\\/\\\/www.pressta-eisele.eu\\\/wp-content\\\/uploads\\\/2020\\\/11\\\/pressta-logo-01v.svg\",\"contentUrl\":\"https:\\\/\\\/www.pressta-eisele.eu\\\/wp-content\\\/uploads\\\/2020\\\/11\\\/pressta-logo-01v.svg\",\"caption\":\"Pressta Eisele \u010cS\"},\"image\":{\"@id\":\"https:\\\/\\\/www.pressta-eisele.eu\\\/hu\\\/#\\\/schema\\\/logo\\\/image\\\/\"}}]}<\/script>\n<!-- \/ Yoast SEO plugin. -->","yoast_head_json":{"title":"DYNO 40 - Pod\u00e1va\u010d s vysek\u00e1vac\u00edm lisom - Pressta Eisele \u010cS","robots":{"index":"index","follow":"follow","max-snippet":"max-snippet:-1","max-image-preview":"max-image-preview:large","max-video-preview":"max-video-preview:-1"},"canonical":"https:\/\/www.pressta-eisele.eu\/hu\/produkt\/dyno-40-podavac-s-vysekavacim-lisom\/","og_locale":"hu_HU","og_type":"article","og_title":"DYNO 40 - Pod\u00e1va\u010d s vysek\u00e1vac\u00edm lisom - Pressta Eisele \u010cS","og_description":"Automatick\u00fd posuv profilu pod\u00e1va\u010dom napr. v spojen\u00ed s lisom Dyno 40    NC poz\u00edciovanie servomotorom. Profily s\u00fa    \u0165ahan\u00e9 cez lisovac\u00ed n\u00e1stroj  Max. \u0165a\u017en\u00e1 sila 200 kg  D\u013a\u017eka posuvu od 10 \u2013 14.000 mm","og_url":"https:\/\/www.pressta-eisele.eu\/hu\/produkt\/dyno-40-podavac-s-vysekavacim-lisom\/","og_site_name":"Pressta Eisele \u010cS","article_modified_time":"2021-01-31T21:34:32+00:00","og_image":[{"width":500,"height":355,"url":"https:\/\/www.pressta-eisele.eu\/wp-content\/uploads\/2021\/01\/dyno40.jpg","type":"image\/jpeg"}],"twitter_card":"summary_large_image","schema":{"@context":"https:\/\/schema.org","@graph":[{"@type":"WebPage","@id":"https:\/\/www.pressta-eisele.eu\/hu\/produkt\/dyno-40-podavac-s-vysekavacim-lisom\/","url":"https:\/\/www.pressta-eisele.eu\/hu\/produkt\/dyno-40-podavac-s-vysekavacim-lisom\/","name":"DYNO 40 - Pod\u00e1va\u010d s vysek\u00e1vac\u00edm lisom - Pressta Eisele \u010cS","isPartOf":{"@id":"https:\/\/www.pressta-eisele.eu\/hu\/#website"},"primaryImageOfPage":{"@id":"https:\/\/www.pressta-eisele.eu\/hu\/produkt\/dyno-40-podavac-s-vysekavacim-lisom\/#primaryimage"},"image":{"@id":"https:\/\/www.pressta-eisele.eu\/hu\/produkt\/dyno-40-podavac-s-vysekavacim-lisom\/#primaryimage"},"thumbnailUrl":"https:\/\/www.pressta-eisele.eu\/wp-content\/uploads\/2021\/01\/dyno40.jpg","datePublished":"2021-01-31T18:42:37+00:00","dateModified":"2021-01-31T21:34:32+00:00","breadcrumb":{"@id":"https:\/\/www.pressta-eisele.eu\/hu\/produkt\/dyno-40-podavac-s-vysekavacim-lisom\/#breadcrumb"},"inLanguage":"hu","potentialAction":[{"@type":"ReadAction","target":["https:\/\/www.pressta-eisele.eu\/hu\/produkt\/dyno-40-podavac-s-vysekavacim-lisom\/"]}]},{"@type":"ImageObject","inLanguage":"hu","@id":"https:\/\/www.pressta-eisele.eu\/hu\/produkt\/dyno-40-podavac-s-vysekavacim-lisom\/#primaryimage","url":"https:\/\/www.pressta-eisele.eu\/wp-content\/uploads\/2021\/01\/dyno40.jpg","contentUrl":"https:\/\/www.pressta-eisele.eu\/wp-content\/uploads\/2021\/01\/dyno40.jpg","width":500,"height":355,"caption":"DYNO 40 - Pod\u00e1va\u010d s vysek\u00e1vac\u00edm lisom"},{"@type":"BreadcrumbList","@id":"https:\/\/www.pressta-eisele.eu\/hu\/produkt\/dyno-40-podavac-s-vysekavacim-lisom\/#breadcrumb","itemListElement":[{"@type":"ListItem","position":1,"name":"Home","item":"https:\/\/www.pressta-eisele.eu\/hu\/"},{"@type":"ListItem","position":2,"name":"Shop","item":"https:\/\/www.pressta-eisele.eu\/hu\/shop\/"},{"@type":"ListItem","position":3,"name":"DYNO 40 &#8211; Pod\u00e1va\u010d s vysek\u00e1vac\u00edm lisom"}]},{"@type":"WebSite","@id":"https:\/\/www.pressta-eisele.eu\/hu\/#website","url":"https:\/\/www.pressta-eisele.eu\/hu\/","name":"Pressta Eisele \u010cS","description":"Vitajte vo svete produktivity","publisher":{"@id":"https:\/\/www.pressta-eisele.eu\/hu\/#organization"},"potentialAction":[{"@type":"SearchAction","target":{"@type":"EntryPoint","urlTemplate":"https:\/\/www.pressta-eisele.eu\/hu\/?s={search_term_string}"},"query-input":{"@type":"PropertyValueSpecification","valueRequired":true,"valueName":"search_term_string"}}],"inLanguage":"hu"},{"@type":"Organization","@id":"https:\/\/www.pressta-eisele.eu\/hu\/#organization","name":"Pressta Eisele \u010cS","url":"https:\/\/www.pressta-eisele.eu\/hu\/","logo":{"@type":"ImageObject","inLanguage":"hu","@id":"https:\/\/www.pressta-eisele.eu\/hu\/#\/schema\/logo\/image\/","url":"https:\/\/www.pressta-eisele.eu\/wp-content\/uploads\/2020\/11\/pressta-logo-01v.svg","contentUrl":"https:\/\/www.pressta-eisele.eu\/wp-content\/uploads\/2020\/11\/pressta-logo-01v.svg","caption":"Pressta Eisele \u010cS"},"image":{"@id":"https:\/\/www.pressta-eisele.eu\/hu\/#\/schema\/logo\/image\/"}}]}},"jetpack_sharing_enabled":true,"_links":{"self":[{"href":"https:\/\/www.pressta-eisele.eu\/hu\/wp-json\/wp\/v2\/product\/981","targetHints":{"allow":["GET"]}}],"collection":[{"href":"https:\/\/www.pressta-eisele.eu\/hu\/wp-json\/wp\/v2\/product"}],"about":[{"href":"https:\/\/www.pressta-eisele.eu\/hu\/wp-json\/wp\/v2\/types\/product"}],"replies":[{"embeddable":true,"href":"https:\/\/www.pressta-eisele.eu\/hu\/wp-json\/wp\/v2\/comments?post=981"}],"wp:featuredmedia":[{"embeddable":true,"href":"https:\/\/www.pressta-eisele.eu\/hu\/wp-json\/wp\/v2\/media\/982"}],"wp:attachment":[{"href":"https:\/\/www.pressta-eisele.eu\/hu\/wp-json\/wp\/v2\/media?parent=981"}],"wp:term":[{"taxonomy":"product_brand","embeddable":true,"href":"https:\/\/www.pressta-eisele.eu\/hu\/wp-json\/wp\/v2\/product_brand?post=981"},{"taxonomy":"product_cat","embeddable":true,"href":"https:\/\/www.pressta-eisele.eu\/hu\/wp-json\/wp\/v2\/product_cat?post=981"},{"taxonomy":"product_tag","embeddable":true,"href":"https:\/\/www.pressta-eisele.eu\/hu\/wp-json\/wp\/v2\/product_tag?post=981"}],"curies":[{"name":"wp","href":"https:\/\/api.w.org\/{rel}","templated":true}]}}