{"id":951,"date":"2021-01-31T19:42:37","date_gmt":"2021-01-31T18:42:37","guid":{"rendered":"https:\/\/www.pressta-eisele.eu\/produkt\/rb3-l-cnc-s-ohybacka-profilov\/"},"modified":"2021-02-01T13:13:08","modified_gmt":"2021-02-01T12:13:08","slug":"rb3-l-cnc-s-ohybacka-profilov","status":"publish","type":"product","link":"https:\/\/www.pressta-eisele.eu\/hu\/produkt\/rb3-l-cnc-s-ohybacka-profilov\/","title":{"rendered":"RB3-L CNC-S &#8211; Oh\u00fdba\u010dka profilov"},"content":{"rendered":"","protected":false},"excerpt":{"rendered":"<p>Oh\u00fdba\u010dka RB3-L CNC je stroj s\u00a0CNC riaden\u00fdmi dr\u00e1hami. Pon\u00faka vysok\u00fd v\u00fdkon pri kompaktn\u00fdch rozmeroch.<\/p>\n<p>Tri jednotlivo a\u00a0hydraulicky poh\u00e1\u0148an\u00e9 oh\u00fdbacie valce zaru\u010duj\u00fa vysok\u00fd v\u00fdkon oh\u00fdbania. U\u017e v\u00a0prvom prechode cez valce sa m\u00f4\u017eu dosiahnu\u0165 ve\u013emi mal\u00e9 polomery oh\u00fdbania bez toho, aby oh\u00fdbacie valce preklzovali.<br \/>\nM\u00f4\u017eu sa pou\u017ei\u0165 hladk\u00e9 valce (bez ryhovania) alebo oh\u00fdbacie valce z\u00a0plastu. Zabr\u00e1ni sa tak po\u0161kodeniu profilu.<\/p>\n<p>Variabiln\u00e1 vzdialenos\u0165 os\u00ed umo\u017e\u0148uje optim\u00e1lne zoradenie oh\u00fdba\u010dky na oh\u00fdban\u00fd profil. Zabr\u00e1ni sa pr\u00edli\u0161 vysok\u00fdm sil\u00e1m lisovania na profile a\u00a0dosiahne sa\u00a0 optim\u00e1lna kvalita oh\u00fdbania.<\/p>\n<p>Ako opciu mo\u017eno objedna\u0165 \u00a0\u00a0<a href=\"&quot;http:\/\/www.thoman.de\/de\/profilbiegemaschinen\/profilbiegemaschinen\/optionen.html#032c9499f40ed2407&quot;\">Syst\u00e9m na meranie a\u00a0regul\u00e1ciu polomerov<\/a>, ktor\u00fd zaru\u010duje doposia\u013e nedosiahnut\u00fa produktivitu a\u00a0presnos\u0165 pri v\u00fdrobe oh\u00fdban\u00fdch profilov na zastre\u0161enie baz\u00e9nov, sklen\u00edkov alebo in\u00fdch zastre\u0161en\u00ed z\u00a0profilov z\u00a0\u013eahk\u00fdch kovov.<\/p>\n<p>Oblas\u0165 pou\u017eitia oh\u00fdba\u010dky \u00a0RB3-L CNC je o.i.:<\/p>\n<ul>\n<li>kovov\u00fdroba, z\u00e1mo\u010dn\u00edctvo a\u00a0v\u0161eobecne stroj\u00e1rstvo<\/li>\n<li>v\u00fdroba zastre\u0161en\u00ed sklen\u00edkov, baz\u00e9nov, zimn\u00fdch z\u00e1hrad<\/li>\n<li>reklamn\u00e1 technika, sveteln\u00e1 reklama, n\u00e1bytk\u00e1rsky priemysel<\/li>\n<\/ul>\n<p><strong>Charakteristika<\/strong><\/p>\n<ul>\n<li>Tri jednotlivo poh\u00e1\u0148an\u00e9 oh\u00fdbacie valce<\/li>\n<li>Priemer hriade\u013ea 65mm \/ d\u013a\u017eka stopky 160 mm<\/li>\n<li>V\u00fdkon oh\u00fdbania 5,5 kW \/ ot\u00e1\u010dky \u00a00-16 ot.\/min, plynulo prestavite\u013en\u00e9<\/li>\n<li>Variabiln\u00e1 vzdialenos\u0165 os\u00ed, nastavite\u013en\u00e1 v\u00a0rozsahu 330-600 mm<\/li>\n<li>Max. dr\u00e1ha posuvu osi X 200 mm<\/li>\n<li>Stroj je pojazdn\u00fd a oto\u010dn\u00fd<\/li>\n<\/ul>\n<p>&nbsp;<\/p>\n","protected":false},"featured_media":952,"comment_status":"closed","ping_status":"closed","template":"","meta":{"_monsterinsights_skip_tracking":false,"_monsterinsights_sitenote_active":false,"_monsterinsights_sitenote_note":"","_monsterinsights_sitenote_category":0},"product_brand":[],"product_cat":[33,42],"product_tag":[],"class_list":{"0":"post-951","1":"product","2":"type-product","3":"status-publish","4":"has-post-thumbnail","6":"product_cat-ohybacky-profilov","7":"product_cat-ohybacky-profilov-stroje-pre-priemysel","9":"first","10":"instock","11":"product-type-simple"},"yoast_head":"<!-- This site is optimized with the Yoast SEO plugin v27.5 - https:\/\/yoast.com\/product\/yoast-seo-wordpress\/ -->\n<title>RB3-L CNC-S - Oh\u00fdba\u010dka profilov - Pressta Eisele \u010cS<\/title>\n<meta name=\"robots\" content=\"index, follow, max-snippet:-1, max-image-preview:large, max-video-preview:-1\" \/>\n<link rel=\"canonical\" href=\"https:\/\/www.pressta-eisele.eu\/hu\/produkt\/rb3-l-cnc-s-ohybacka-profilov\/\" \/>\n<meta property=\"og:locale\" content=\"hu_HU\" \/>\n<meta property=\"og:type\" content=\"article\" \/>\n<meta property=\"og:title\" content=\"RB3-L CNC-S - Oh\u00fdba\u010dka profilov - Pressta Eisele \u010cS\" \/>\n<meta property=\"og:description\" content=\"Oh\u00fdba\u010dka RB3-L CNC je stroj s\u00a0CNC riaden\u00fdmi dr\u00e1hami. Pon\u00faka vysok\u00fd v\u00fdkon pri kompaktn\u00fdch rozmeroch.  Tri jednotlivo a\u00a0hydraulicky poh\u00e1\u0148an\u00e9 oh\u00fdbacie valce zaru\u010duj\u00fa vysok\u00fd v\u00fdkon oh\u00fdbania. U\u017e v\u00a0prvom prechode cez valce sa m\u00f4\u017eu dosiahnu\u0165 ve\u013emi mal\u00e9 polomery oh\u00fdbania bez toho, aby oh\u00fdbacie valce preklzovali. M\u00f4\u017eu sa pou\u017ei\u0165 hladk\u00e9 valce (bez ryhovania) alebo oh\u00fdbacie valce z\u00a0plastu. Zabr\u00e1ni sa tak po\u0161kodeniu profilu.  Variabiln\u00e1 vzdialenos\u0165 os\u00ed umo\u017e\u0148uje optim\u00e1lne zoradenie oh\u00fdba\u010dky na oh\u00fdban\u00fd profil. Zabr\u00e1ni sa pr\u00edli\u0161 vysok\u00fdm sil\u00e1m lisovania na profile a\u00a0dosiahne sa\u00a0 optim\u00e1lna kvalita oh\u00fdbania.  Ako opciu mo\u017eno objedna\u0165 \u00a0\u00a0Syst\u00e9m na meranie a\u00a0regul\u00e1ciu polomerov, ktor\u00fd zaru\u010duje doposia\u013e nedosiahnut\u00fa produktivitu a\u00a0presnos\u0165 pri v\u00fdrobe oh\u00fdban\u00fdch profilov na zastre\u0161enie baz\u00e9nov, sklen\u00edkov alebo in\u00fdch zastre\u0161en\u00ed z\u00a0profilov z\u00a0\u013eahk\u00fdch kovov.  Oblas\u0165 pou\u017eitia oh\u00fdba\u010dky \u00a0RB3-L CNC je o.i.:   kovov\u00fdroba, z\u00e1mo\u010dn\u00edctvo a\u00a0v\u0161eobecne stroj\u00e1rstvo  v\u00fdroba zastre\u0161en\u00ed sklen\u00edkov, baz\u00e9nov, zimn\u00fdch z\u00e1hrad  reklamn\u00e1 technika, sveteln\u00e1 reklama, n\u00e1bytk\u00e1rsky priemysel  Charakteristika   Tri jednotlivo poh\u00e1\u0148an\u00e9 oh\u00fdbacie valce  Priemer hriade\u013ea 65mm \/ d\u013a\u017eka stopky 160 mm  V\u00fdkon oh\u00fdbania 5,5 kW \/ ot\u00e1\u010dky \u00a00-16 ot.\/min, plynulo prestavite\u013en\u00e9  Variabiln\u00e1 vzdialenos\u0165 os\u00ed, nastavite\u013en\u00e1 v\u00a0rozsahu 330-600 mm  Max. dr\u00e1ha posuvu osi X 200 mm  Stroj je pojazdn\u00fd a oto\u010dn\u00fd  &nbsp;\" \/>\n<meta property=\"og:url\" content=\"https:\/\/www.pressta-eisele.eu\/hu\/produkt\/rb3-l-cnc-s-ohybacka-profilov\/\" \/>\n<meta property=\"og:site_name\" content=\"Pressta Eisele \u010cS\" \/>\n<meta property=\"article:modified_time\" content=\"2021-02-01T12:13:08+00:00\" \/>\n<meta property=\"og:image\" content=\"https:\/\/www.pressta-eisele.eu\/wp-content\/uploads\/2021\/01\/135a.jpg\" \/>\n\t<meta property=\"og:image:width\" content=\"604\" \/>\n\t<meta property=\"og:image:height\" content=\"385\" \/>\n\t<meta property=\"og:image:type\" content=\"image\/jpeg\" \/>\n<meta name=\"twitter:card\" content=\"summary_large_image\" \/>\n<script type=\"application\/ld+json\" class=\"yoast-schema-graph\">{\"@context\":\"https:\\\/\\\/schema.org\",\"@graph\":[{\"@type\":\"WebPage\",\"@id\":\"https:\\\/\\\/www.pressta-eisele.eu\\\/hu\\\/produkt\\\/rb3-l-cnc-s-ohybacka-profilov\\\/\",\"url\":\"https:\\\/\\\/www.pressta-eisele.eu\\\/hu\\\/produkt\\\/rb3-l-cnc-s-ohybacka-profilov\\\/\",\"name\":\"RB3-L CNC-S - Oh\u00fdba\u010dka profilov - Pressta Eisele \u010cS\",\"isPartOf\":{\"@id\":\"https:\\\/\\\/www.pressta-eisele.eu\\\/hu\\\/#website\"},\"primaryImageOfPage\":{\"@id\":\"https:\\\/\\\/www.pressta-eisele.eu\\\/hu\\\/produkt\\\/rb3-l-cnc-s-ohybacka-profilov\\\/#primaryimage\"},\"image\":{\"@id\":\"https:\\\/\\\/www.pressta-eisele.eu\\\/hu\\\/produkt\\\/rb3-l-cnc-s-ohybacka-profilov\\\/#primaryimage\"},\"thumbnailUrl\":\"https:\\\/\\\/www.pressta-eisele.eu\\\/wp-content\\\/uploads\\\/2021\\\/01\\\/135a.jpg\",\"datePublished\":\"2021-01-31T18:42:37+00:00\",\"dateModified\":\"2021-02-01T12:13:08+00:00\",\"breadcrumb\":{\"@id\":\"https:\\\/\\\/www.pressta-eisele.eu\\\/hu\\\/produkt\\\/rb3-l-cnc-s-ohybacka-profilov\\\/#breadcrumb\"},\"inLanguage\":\"hu\",\"potentialAction\":[{\"@type\":\"ReadAction\",\"target\":[\"https:\\\/\\\/www.pressta-eisele.eu\\\/hu\\\/produkt\\\/rb3-l-cnc-s-ohybacka-profilov\\\/\"]}]},{\"@type\":\"ImageObject\",\"inLanguage\":\"hu\",\"@id\":\"https:\\\/\\\/www.pressta-eisele.eu\\\/hu\\\/produkt\\\/rb3-l-cnc-s-ohybacka-profilov\\\/#primaryimage\",\"url\":\"https:\\\/\\\/www.pressta-eisele.eu\\\/wp-content\\\/uploads\\\/2021\\\/01\\\/135a.jpg\",\"contentUrl\":\"https:\\\/\\\/www.pressta-eisele.eu\\\/wp-content\\\/uploads\\\/2021\\\/01\\\/135a.jpg\",\"width\":604,\"height\":385,\"caption\":\"RB3-L CNC-S - Oh\u00fdba\u010dka profilov\"},{\"@type\":\"BreadcrumbList\",\"@id\":\"https:\\\/\\\/www.pressta-eisele.eu\\\/hu\\\/produkt\\\/rb3-l-cnc-s-ohybacka-profilov\\\/#breadcrumb\",\"itemListElement\":[{\"@type\":\"ListItem\",\"position\":1,\"name\":\"Home\",\"item\":\"https:\\\/\\\/www.pressta-eisele.eu\\\/hu\\\/\"},{\"@type\":\"ListItem\",\"position\":2,\"name\":\"Shop\",\"item\":\"https:\\\/\\\/www.pressta-eisele.eu\\\/hu\\\/shop\\\/\"},{\"@type\":\"ListItem\",\"position\":3,\"name\":\"RB3-L CNC-S &#8211; Oh\u00fdba\u010dka profilov\"}]},{\"@type\":\"WebSite\",\"@id\":\"https:\\\/\\\/www.pressta-eisele.eu\\\/hu\\\/#website\",\"url\":\"https:\\\/\\\/www.pressta-eisele.eu\\\/hu\\\/\",\"name\":\"Pressta Eisele \u010cS\",\"description\":\"Vitajte vo svete produktivity\",\"publisher\":{\"@id\":\"https:\\\/\\\/www.pressta-eisele.eu\\\/hu\\\/#organization\"},\"potentialAction\":[{\"@type\":\"SearchAction\",\"target\":{\"@type\":\"EntryPoint\",\"urlTemplate\":\"https:\\\/\\\/www.pressta-eisele.eu\\\/hu\\\/?s={search_term_string}\"},\"query-input\":{\"@type\":\"PropertyValueSpecification\",\"valueRequired\":true,\"valueName\":\"search_term_string\"}}],\"inLanguage\":\"hu\"},{\"@type\":\"Organization\",\"@id\":\"https:\\\/\\\/www.pressta-eisele.eu\\\/hu\\\/#organization\",\"name\":\"Pressta Eisele \u010cS\",\"url\":\"https:\\\/\\\/www.pressta-eisele.eu\\\/hu\\\/\",\"logo\":{\"@type\":\"ImageObject\",\"inLanguage\":\"hu\",\"@id\":\"https:\\\/\\\/www.pressta-eisele.eu\\\/hu\\\/#\\\/schema\\\/logo\\\/image\\\/\",\"url\":\"https:\\\/\\\/www.pressta-eisele.eu\\\/wp-content\\\/uploads\\\/2020\\\/11\\\/pressta-logo-01v.svg\",\"contentUrl\":\"https:\\\/\\\/www.pressta-eisele.eu\\\/wp-content\\\/uploads\\\/2020\\\/11\\\/pressta-logo-01v.svg\",\"caption\":\"Pressta Eisele \u010cS\"},\"image\":{\"@id\":\"https:\\\/\\\/www.pressta-eisele.eu\\\/hu\\\/#\\\/schema\\\/logo\\\/image\\\/\"}}]}<\/script>\n<!-- \/ Yoast SEO plugin. -->","yoast_head_json":{"title":"RB3-L CNC-S - Oh\u00fdba\u010dka profilov - Pressta Eisele \u010cS","robots":{"index":"index","follow":"follow","max-snippet":"max-snippet:-1","max-image-preview":"max-image-preview:large","max-video-preview":"max-video-preview:-1"},"canonical":"https:\/\/www.pressta-eisele.eu\/hu\/produkt\/rb3-l-cnc-s-ohybacka-profilov\/","og_locale":"hu_HU","og_type":"article","og_title":"RB3-L CNC-S - Oh\u00fdba\u010dka profilov - Pressta Eisele \u010cS","og_description":"Oh\u00fdba\u010dka RB3-L CNC je stroj s\u00a0CNC riaden\u00fdmi dr\u00e1hami. Pon\u00faka vysok\u00fd v\u00fdkon pri kompaktn\u00fdch rozmeroch.  Tri jednotlivo a\u00a0hydraulicky poh\u00e1\u0148an\u00e9 oh\u00fdbacie valce zaru\u010duj\u00fa vysok\u00fd v\u00fdkon oh\u00fdbania. U\u017e v\u00a0prvom prechode cez valce sa m\u00f4\u017eu dosiahnu\u0165 ve\u013emi mal\u00e9 polomery oh\u00fdbania bez toho, aby oh\u00fdbacie valce preklzovali. M\u00f4\u017eu sa pou\u017ei\u0165 hladk\u00e9 valce (bez ryhovania) alebo oh\u00fdbacie valce z\u00a0plastu. Zabr\u00e1ni sa tak po\u0161kodeniu profilu.  Variabiln\u00e1 vzdialenos\u0165 os\u00ed umo\u017e\u0148uje optim\u00e1lne zoradenie oh\u00fdba\u010dky na oh\u00fdban\u00fd profil. Zabr\u00e1ni sa pr\u00edli\u0161 vysok\u00fdm sil\u00e1m lisovania na profile a\u00a0dosiahne sa\u00a0 optim\u00e1lna kvalita oh\u00fdbania.  Ako opciu mo\u017eno objedna\u0165 \u00a0\u00a0Syst\u00e9m na meranie a\u00a0regul\u00e1ciu polomerov, ktor\u00fd zaru\u010duje doposia\u013e nedosiahnut\u00fa produktivitu a\u00a0presnos\u0165 pri v\u00fdrobe oh\u00fdban\u00fdch profilov na zastre\u0161enie baz\u00e9nov, sklen\u00edkov alebo in\u00fdch zastre\u0161en\u00ed z\u00a0profilov z\u00a0\u013eahk\u00fdch kovov.  Oblas\u0165 pou\u017eitia oh\u00fdba\u010dky \u00a0RB3-L CNC je o.i.:   kovov\u00fdroba, z\u00e1mo\u010dn\u00edctvo a\u00a0v\u0161eobecne stroj\u00e1rstvo  v\u00fdroba zastre\u0161en\u00ed sklen\u00edkov, baz\u00e9nov, zimn\u00fdch z\u00e1hrad  reklamn\u00e1 technika, sveteln\u00e1 reklama, n\u00e1bytk\u00e1rsky priemysel  Charakteristika   Tri jednotlivo poh\u00e1\u0148an\u00e9 oh\u00fdbacie valce  Priemer hriade\u013ea 65mm \/ d\u013a\u017eka stopky 160 mm  V\u00fdkon oh\u00fdbania 5,5 kW \/ ot\u00e1\u010dky \u00a00-16 ot.\/min, plynulo prestavite\u013en\u00e9  Variabiln\u00e1 vzdialenos\u0165 os\u00ed, nastavite\u013en\u00e1 v\u00a0rozsahu 330-600 mm  Max. dr\u00e1ha posuvu osi X 200 mm  Stroj je pojazdn\u00fd a oto\u010dn\u00fd  &nbsp;","og_url":"https:\/\/www.pressta-eisele.eu\/hu\/produkt\/rb3-l-cnc-s-ohybacka-profilov\/","og_site_name":"Pressta Eisele \u010cS","article_modified_time":"2021-02-01T12:13:08+00:00","og_image":[{"width":604,"height":385,"url":"https:\/\/www.pressta-eisele.eu\/wp-content\/uploads\/2021\/01\/135a.jpg","type":"image\/jpeg"}],"twitter_card":"summary_large_image","schema":{"@context":"https:\/\/schema.org","@graph":[{"@type":"WebPage","@id":"https:\/\/www.pressta-eisele.eu\/hu\/produkt\/rb3-l-cnc-s-ohybacka-profilov\/","url":"https:\/\/www.pressta-eisele.eu\/hu\/produkt\/rb3-l-cnc-s-ohybacka-profilov\/","name":"RB3-L CNC-S - Oh\u00fdba\u010dka profilov - Pressta Eisele \u010cS","isPartOf":{"@id":"https:\/\/www.pressta-eisele.eu\/hu\/#website"},"primaryImageOfPage":{"@id":"https:\/\/www.pressta-eisele.eu\/hu\/produkt\/rb3-l-cnc-s-ohybacka-profilov\/#primaryimage"},"image":{"@id":"https:\/\/www.pressta-eisele.eu\/hu\/produkt\/rb3-l-cnc-s-ohybacka-profilov\/#primaryimage"},"thumbnailUrl":"https:\/\/www.pressta-eisele.eu\/wp-content\/uploads\/2021\/01\/135a.jpg","datePublished":"2021-01-31T18:42:37+00:00","dateModified":"2021-02-01T12:13:08+00:00","breadcrumb":{"@id":"https:\/\/www.pressta-eisele.eu\/hu\/produkt\/rb3-l-cnc-s-ohybacka-profilov\/#breadcrumb"},"inLanguage":"hu","potentialAction":[{"@type":"ReadAction","target":["https:\/\/www.pressta-eisele.eu\/hu\/produkt\/rb3-l-cnc-s-ohybacka-profilov\/"]}]},{"@type":"ImageObject","inLanguage":"hu","@id":"https:\/\/www.pressta-eisele.eu\/hu\/produkt\/rb3-l-cnc-s-ohybacka-profilov\/#primaryimage","url":"https:\/\/www.pressta-eisele.eu\/wp-content\/uploads\/2021\/01\/135a.jpg","contentUrl":"https:\/\/www.pressta-eisele.eu\/wp-content\/uploads\/2021\/01\/135a.jpg","width":604,"height":385,"caption":"RB3-L CNC-S - Oh\u00fdba\u010dka profilov"},{"@type":"BreadcrumbList","@id":"https:\/\/www.pressta-eisele.eu\/hu\/produkt\/rb3-l-cnc-s-ohybacka-profilov\/#breadcrumb","itemListElement":[{"@type":"ListItem","position":1,"name":"Home","item":"https:\/\/www.pressta-eisele.eu\/hu\/"},{"@type":"ListItem","position":2,"name":"Shop","item":"https:\/\/www.pressta-eisele.eu\/hu\/shop\/"},{"@type":"ListItem","position":3,"name":"RB3-L CNC-S &#8211; Oh\u00fdba\u010dka profilov"}]},{"@type":"WebSite","@id":"https:\/\/www.pressta-eisele.eu\/hu\/#website","url":"https:\/\/www.pressta-eisele.eu\/hu\/","name":"Pressta Eisele \u010cS","description":"Vitajte vo svete produktivity","publisher":{"@id":"https:\/\/www.pressta-eisele.eu\/hu\/#organization"},"potentialAction":[{"@type":"SearchAction","target":{"@type":"EntryPoint","urlTemplate":"https:\/\/www.pressta-eisele.eu\/hu\/?s={search_term_string}"},"query-input":{"@type":"PropertyValueSpecification","valueRequired":true,"valueName":"search_term_string"}}],"inLanguage":"hu"},{"@type":"Organization","@id":"https:\/\/www.pressta-eisele.eu\/hu\/#organization","name":"Pressta Eisele \u010cS","url":"https:\/\/www.pressta-eisele.eu\/hu\/","logo":{"@type":"ImageObject","inLanguage":"hu","@id":"https:\/\/www.pressta-eisele.eu\/hu\/#\/schema\/logo\/image\/","url":"https:\/\/www.pressta-eisele.eu\/wp-content\/uploads\/2020\/11\/pressta-logo-01v.svg","contentUrl":"https:\/\/www.pressta-eisele.eu\/wp-content\/uploads\/2020\/11\/pressta-logo-01v.svg","caption":"Pressta Eisele \u010cS"},"image":{"@id":"https:\/\/www.pressta-eisele.eu\/hu\/#\/schema\/logo\/image\/"}}]}},"jetpack_sharing_enabled":true,"_links":{"self":[{"href":"https:\/\/www.pressta-eisele.eu\/hu\/wp-json\/wp\/v2\/product\/951","targetHints":{"allow":["GET"]}}],"collection":[{"href":"https:\/\/www.pressta-eisele.eu\/hu\/wp-json\/wp\/v2\/product"}],"about":[{"href":"https:\/\/www.pressta-eisele.eu\/hu\/wp-json\/wp\/v2\/types\/product"}],"replies":[{"embeddable":true,"href":"https:\/\/www.pressta-eisele.eu\/hu\/wp-json\/wp\/v2\/comments?post=951"}],"wp:featuredmedia":[{"embeddable":true,"href":"https:\/\/www.pressta-eisele.eu\/hu\/wp-json\/wp\/v2\/media\/952"}],"wp:attachment":[{"href":"https:\/\/www.pressta-eisele.eu\/hu\/wp-json\/wp\/v2\/media?parent=951"}],"wp:term":[{"taxonomy":"product_brand","embeddable":true,"href":"https:\/\/www.pressta-eisele.eu\/hu\/wp-json\/wp\/v2\/product_brand?post=951"},{"taxonomy":"product_cat","embeddable":true,"href":"https:\/\/www.pressta-eisele.eu\/hu\/wp-json\/wp\/v2\/product_cat?post=951"},{"taxonomy":"product_tag","embeddable":true,"href":"https:\/\/www.pressta-eisele.eu\/hu\/wp-json\/wp\/v2\/product_tag?post=951"}],"curies":[{"name":"wp","href":"https:\/\/api.w.org\/{rel}","templated":true}]}}