{"id":946,"date":"2021-01-31T19:42:37","date_gmt":"2021-01-31T18:42:37","guid":{"rendered":"https:\/\/www.pressta-eisele.eu\/produkt\/pressta-7000-stroj-na-spajanie-rohov\/"},"modified":"2021-02-02T10:58:58","modified_gmt":"2021-02-02T09:58:58","slug":"pressta-7000-stroj-na-spajanie-rohov","status":"publish","type":"product","link":"https:\/\/www.pressta-eisele.eu\/hu\/produkt\/pressta-7000-stroj-na-spajanie-rohov\/","title":{"rendered":"PRESSTA 7000 &#8211; Stroj na sp\u00e1janie rohov"},"content":{"rendered":"","protected":false},"excerpt":{"rendered":"<ul>\n<li>ur\u010den\u00e9 na pravouhl\u00e9 sp\u00e1janie rohov okenn\u00fdch, dvern\u00fdch a vysok\u00fdch fas\u00e1dnych r\u00e1mov, met\u00f3dou zalisovania<\/li>\n<li>pohon stla\u010den\u00fdm vzduchom, pripojenie cez bezpe\u010dnostn\u00fd ventil a vstupn\u00fa regula\u010dn\u00fa jednotku<\/li>\n<li>p\u00e1kov\u00fd prevodov\u00fd mechanizmus zaru\u010duj\u00faci rovnomerne synchr\u00f3nny pohyb lisovac\u00edch hl\u00e1vpracovn\u00fd proces ovl\u00e1dan\u00fd pomocou no\u017en\u00fdch ventilov<\/li>\n<li>v\u00fdkyvn\u00e9 nakladacie ramena a excentrick\u00e9 dorazy pre jednoduch\u00fa manipul\u00e1ciu a zoradenie na r\u00f4zne typy profilov<\/li>\n<li>v ponuke lisovacie hlavy delen\u00e9 a nedelen\u00e9<\/li>\n<li>v ponuke srdcov\u00fd oporn\u00fd doraz delen\u00fd a nedelen\u00fd<\/li>\n<\/ul>\n","protected":false},"featured_media":947,"comment_status":"closed","ping_status":"closed","template":"","meta":{"_monsterinsights_skip_tracking":false,"_monsterinsights_sitenote_active":false,"_monsterinsights_sitenote_note":"","_monsterinsights_sitenote_category":0},"product_brand":[],"product_cat":[30],"product_tag":[],"class_list":{"0":"post-946","1":"product","2":"type-product","3":"status-publish","4":"has-post-thumbnail","6":"product_cat-rohovacie-lisy","8":"first","9":"instock","10":"product-type-simple"},"yoast_head":"<!-- This site is optimized with the Yoast SEO plugin v27.4 - https:\/\/yoast.com\/product\/yoast-seo-wordpress\/ -->\n<title>PRESSTA 7000 - Stroj na sp\u00e1janie rohov - Pressta Eisele \u010cS<\/title>\n<meta name=\"robots\" content=\"index, follow, max-snippet:-1, max-image-preview:large, max-video-preview:-1\" \/>\n<link rel=\"canonical\" href=\"https:\/\/www.pressta-eisele.eu\/hu\/produkt\/pressta-7000-stroj-na-spajanie-rohov\/\" \/>\n<meta property=\"og:locale\" content=\"hu_HU\" \/>\n<meta property=\"og:type\" content=\"article\" \/>\n<meta property=\"og:title\" content=\"PRESSTA 7000 - Stroj na sp\u00e1janie rohov - Pressta Eisele \u010cS\" \/>\n<meta property=\"og:description\" content=\"ur\u010den\u00e9 na pravouhl\u00e9 sp\u00e1janie rohov okenn\u00fdch, dvern\u00fdch a vysok\u00fdch fas\u00e1dnych r\u00e1mov, met\u00f3dou zalisovania  pohon stla\u010den\u00fdm vzduchom, pripojenie cez bezpe\u010dnostn\u00fd ventil a vstupn\u00fa regula\u010dn\u00fa jednotku  p\u00e1kov\u00fd prevodov\u00fd mechanizmus zaru\u010duj\u00faci rovnomerne synchr\u00f3nny pohyb lisovac\u00edch hl\u00e1vpracovn\u00fd proces ovl\u00e1dan\u00fd pomocou no\u017en\u00fdch ventilov  v\u00fdkyvn\u00e9 nakladacie ramena a excentrick\u00e9 dorazy pre jednoduch\u00fa manipul\u00e1ciu a zoradenie na r\u00f4zne typy profilov  v ponuke lisovacie hlavy delen\u00e9 a nedelen\u00e9  v ponuke srdcov\u00fd oporn\u00fd doraz delen\u00fd a nedelen\u00fd\" \/>\n<meta property=\"og:url\" content=\"https:\/\/www.pressta-eisele.eu\/hu\/produkt\/pressta-7000-stroj-na-spajanie-rohov\/\" \/>\n<meta property=\"og:site_name\" content=\"Pressta Eisele \u010cS\" \/>\n<meta property=\"article:modified_time\" content=\"2021-02-02T09:58:58+00:00\" \/>\n<meta property=\"og:image\" content=\"https:\/\/www.pressta-eisele.eu\/wp-content\/uploads\/2021\/01\/134.jpg\" \/>\n\t<meta property=\"og:image:width\" content=\"500\" \/>\n\t<meta property=\"og:image:height\" content=\"350\" \/>\n\t<meta property=\"og:image:type\" content=\"image\/jpeg\" \/>\n<meta name=\"twitter:card\" content=\"summary_large_image\" \/>\n<script type=\"application\/ld+json\" class=\"yoast-schema-graph\">{\"@context\":\"https:\\\/\\\/schema.org\",\"@graph\":[{\"@type\":\"WebPage\",\"@id\":\"https:\\\/\\\/www.pressta-eisele.eu\\\/hu\\\/produkt\\\/pressta-7000-stroj-na-spajanie-rohov\\\/\",\"url\":\"https:\\\/\\\/www.pressta-eisele.eu\\\/hu\\\/produkt\\\/pressta-7000-stroj-na-spajanie-rohov\\\/\",\"name\":\"PRESSTA 7000 - Stroj na sp\u00e1janie rohov - Pressta Eisele \u010cS\",\"isPartOf\":{\"@id\":\"https:\\\/\\\/www.pressta-eisele.eu\\\/hu\\\/#website\"},\"primaryImageOfPage\":{\"@id\":\"https:\\\/\\\/www.pressta-eisele.eu\\\/hu\\\/produkt\\\/pressta-7000-stroj-na-spajanie-rohov\\\/#primaryimage\"},\"image\":{\"@id\":\"https:\\\/\\\/www.pressta-eisele.eu\\\/hu\\\/produkt\\\/pressta-7000-stroj-na-spajanie-rohov\\\/#primaryimage\"},\"thumbnailUrl\":\"https:\\\/\\\/www.pressta-eisele.eu\\\/wp-content\\\/uploads\\\/2021\\\/01\\\/134.jpg\",\"datePublished\":\"2021-01-31T18:42:37+00:00\",\"dateModified\":\"2021-02-02T09:58:58+00:00\",\"breadcrumb\":{\"@id\":\"https:\\\/\\\/www.pressta-eisele.eu\\\/hu\\\/produkt\\\/pressta-7000-stroj-na-spajanie-rohov\\\/#breadcrumb\"},\"inLanguage\":\"hu\",\"potentialAction\":[{\"@type\":\"ReadAction\",\"target\":[\"https:\\\/\\\/www.pressta-eisele.eu\\\/hu\\\/produkt\\\/pressta-7000-stroj-na-spajanie-rohov\\\/\"]}]},{\"@type\":\"ImageObject\",\"inLanguage\":\"hu\",\"@id\":\"https:\\\/\\\/www.pressta-eisele.eu\\\/hu\\\/produkt\\\/pressta-7000-stroj-na-spajanie-rohov\\\/#primaryimage\",\"url\":\"https:\\\/\\\/www.pressta-eisele.eu\\\/wp-content\\\/uploads\\\/2021\\\/01\\\/134.jpg\",\"contentUrl\":\"https:\\\/\\\/www.pressta-eisele.eu\\\/wp-content\\\/uploads\\\/2021\\\/01\\\/134.jpg\",\"width\":500,\"height\":350,\"caption\":\"PRESSTA 7000 - Stroj na sp\u00e1janie rohov\"},{\"@type\":\"BreadcrumbList\",\"@id\":\"https:\\\/\\\/www.pressta-eisele.eu\\\/hu\\\/produkt\\\/pressta-7000-stroj-na-spajanie-rohov\\\/#breadcrumb\",\"itemListElement\":[{\"@type\":\"ListItem\",\"position\":1,\"name\":\"Home\",\"item\":\"https:\\\/\\\/www.pressta-eisele.eu\\\/hu\\\/\"},{\"@type\":\"ListItem\",\"position\":2,\"name\":\"Shop\",\"item\":\"https:\\\/\\\/www.pressta-eisele.eu\\\/hu\\\/shop\\\/\"},{\"@type\":\"ListItem\",\"position\":3,\"name\":\"PRESSTA 7000 &#8212; Stroj na sp\u00e1janie rohov\"}]},{\"@type\":\"WebSite\",\"@id\":\"https:\\\/\\\/www.pressta-eisele.eu\\\/hu\\\/#website\",\"url\":\"https:\\\/\\\/www.pressta-eisele.eu\\\/hu\\\/\",\"name\":\"Pressta Eisele \u010cS\",\"description\":\"Vitajte vo svete produktivity\",\"publisher\":{\"@id\":\"https:\\\/\\\/www.pressta-eisele.eu\\\/hu\\\/#organization\"},\"potentialAction\":[{\"@type\":\"SearchAction\",\"target\":{\"@type\":\"EntryPoint\",\"urlTemplate\":\"https:\\\/\\\/www.pressta-eisele.eu\\\/hu\\\/?s={search_term_string}\"},\"query-input\":{\"@type\":\"PropertyValueSpecification\",\"valueRequired\":true,\"valueName\":\"search_term_string\"}}],\"inLanguage\":\"hu\"},{\"@type\":\"Organization\",\"@id\":\"https:\\\/\\\/www.pressta-eisele.eu\\\/hu\\\/#organization\",\"name\":\"Pressta Eisele \u010cS\",\"url\":\"https:\\\/\\\/www.pressta-eisele.eu\\\/hu\\\/\",\"logo\":{\"@type\":\"ImageObject\",\"inLanguage\":\"hu\",\"@id\":\"https:\\\/\\\/www.pressta-eisele.eu\\\/hu\\\/#\\\/schema\\\/logo\\\/image\\\/\",\"url\":\"https:\\\/\\\/www.pressta-eisele.eu\\\/wp-content\\\/uploads\\\/2020\\\/11\\\/pressta-logo-01v.svg\",\"contentUrl\":\"https:\\\/\\\/www.pressta-eisele.eu\\\/wp-content\\\/uploads\\\/2020\\\/11\\\/pressta-logo-01v.svg\",\"caption\":\"Pressta Eisele \u010cS\"},\"image\":{\"@id\":\"https:\\\/\\\/www.pressta-eisele.eu\\\/hu\\\/#\\\/schema\\\/logo\\\/image\\\/\"}}]}<\/script>\n<!-- \/ Yoast SEO plugin. -->","yoast_head_json":{"title":"PRESSTA 7000 - Stroj na sp\u00e1janie rohov - Pressta Eisele \u010cS","robots":{"index":"index","follow":"follow","max-snippet":"max-snippet:-1","max-image-preview":"max-image-preview:large","max-video-preview":"max-video-preview:-1"},"canonical":"https:\/\/www.pressta-eisele.eu\/hu\/produkt\/pressta-7000-stroj-na-spajanie-rohov\/","og_locale":"hu_HU","og_type":"article","og_title":"PRESSTA 7000 - Stroj na sp\u00e1janie rohov - Pressta Eisele \u010cS","og_description":"ur\u010den\u00e9 na pravouhl\u00e9 sp\u00e1janie rohov okenn\u00fdch, dvern\u00fdch a vysok\u00fdch fas\u00e1dnych r\u00e1mov, met\u00f3dou zalisovania  pohon stla\u010den\u00fdm vzduchom, pripojenie cez bezpe\u010dnostn\u00fd ventil a vstupn\u00fa regula\u010dn\u00fa jednotku  p\u00e1kov\u00fd prevodov\u00fd mechanizmus zaru\u010duj\u00faci rovnomerne synchr\u00f3nny pohyb lisovac\u00edch hl\u00e1vpracovn\u00fd proces ovl\u00e1dan\u00fd pomocou no\u017en\u00fdch ventilov  v\u00fdkyvn\u00e9 nakladacie ramena a excentrick\u00e9 dorazy pre jednoduch\u00fa manipul\u00e1ciu a zoradenie na r\u00f4zne typy profilov  v ponuke lisovacie hlavy delen\u00e9 a nedelen\u00e9  v ponuke srdcov\u00fd oporn\u00fd doraz delen\u00fd a nedelen\u00fd","og_url":"https:\/\/www.pressta-eisele.eu\/hu\/produkt\/pressta-7000-stroj-na-spajanie-rohov\/","og_site_name":"Pressta Eisele \u010cS","article_modified_time":"2021-02-02T09:58:58+00:00","og_image":[{"width":500,"height":350,"url":"https:\/\/www.pressta-eisele.eu\/wp-content\/uploads\/2021\/01\/134.jpg","type":"image\/jpeg"}],"twitter_card":"summary_large_image","schema":{"@context":"https:\/\/schema.org","@graph":[{"@type":"WebPage","@id":"https:\/\/www.pressta-eisele.eu\/hu\/produkt\/pressta-7000-stroj-na-spajanie-rohov\/","url":"https:\/\/www.pressta-eisele.eu\/hu\/produkt\/pressta-7000-stroj-na-spajanie-rohov\/","name":"PRESSTA 7000 - Stroj na sp\u00e1janie rohov - Pressta Eisele \u010cS","isPartOf":{"@id":"https:\/\/www.pressta-eisele.eu\/hu\/#website"},"primaryImageOfPage":{"@id":"https:\/\/www.pressta-eisele.eu\/hu\/produkt\/pressta-7000-stroj-na-spajanie-rohov\/#primaryimage"},"image":{"@id":"https:\/\/www.pressta-eisele.eu\/hu\/produkt\/pressta-7000-stroj-na-spajanie-rohov\/#primaryimage"},"thumbnailUrl":"https:\/\/www.pressta-eisele.eu\/wp-content\/uploads\/2021\/01\/134.jpg","datePublished":"2021-01-31T18:42:37+00:00","dateModified":"2021-02-02T09:58:58+00:00","breadcrumb":{"@id":"https:\/\/www.pressta-eisele.eu\/hu\/produkt\/pressta-7000-stroj-na-spajanie-rohov\/#breadcrumb"},"inLanguage":"hu","potentialAction":[{"@type":"ReadAction","target":["https:\/\/www.pressta-eisele.eu\/hu\/produkt\/pressta-7000-stroj-na-spajanie-rohov\/"]}]},{"@type":"ImageObject","inLanguage":"hu","@id":"https:\/\/www.pressta-eisele.eu\/hu\/produkt\/pressta-7000-stroj-na-spajanie-rohov\/#primaryimage","url":"https:\/\/www.pressta-eisele.eu\/wp-content\/uploads\/2021\/01\/134.jpg","contentUrl":"https:\/\/www.pressta-eisele.eu\/wp-content\/uploads\/2021\/01\/134.jpg","width":500,"height":350,"caption":"PRESSTA 7000 - Stroj na sp\u00e1janie rohov"},{"@type":"BreadcrumbList","@id":"https:\/\/www.pressta-eisele.eu\/hu\/produkt\/pressta-7000-stroj-na-spajanie-rohov\/#breadcrumb","itemListElement":[{"@type":"ListItem","position":1,"name":"Home","item":"https:\/\/www.pressta-eisele.eu\/hu\/"},{"@type":"ListItem","position":2,"name":"Shop","item":"https:\/\/www.pressta-eisele.eu\/hu\/shop\/"},{"@type":"ListItem","position":3,"name":"PRESSTA 7000 &#8212; Stroj na sp\u00e1janie rohov"}]},{"@type":"WebSite","@id":"https:\/\/www.pressta-eisele.eu\/hu\/#website","url":"https:\/\/www.pressta-eisele.eu\/hu\/","name":"Pressta Eisele \u010cS","description":"Vitajte vo svete produktivity","publisher":{"@id":"https:\/\/www.pressta-eisele.eu\/hu\/#organization"},"potentialAction":[{"@type":"SearchAction","target":{"@type":"EntryPoint","urlTemplate":"https:\/\/www.pressta-eisele.eu\/hu\/?s={search_term_string}"},"query-input":{"@type":"PropertyValueSpecification","valueRequired":true,"valueName":"search_term_string"}}],"inLanguage":"hu"},{"@type":"Organization","@id":"https:\/\/www.pressta-eisele.eu\/hu\/#organization","name":"Pressta Eisele \u010cS","url":"https:\/\/www.pressta-eisele.eu\/hu\/","logo":{"@type":"ImageObject","inLanguage":"hu","@id":"https:\/\/www.pressta-eisele.eu\/hu\/#\/schema\/logo\/image\/","url":"https:\/\/www.pressta-eisele.eu\/wp-content\/uploads\/2020\/11\/pressta-logo-01v.svg","contentUrl":"https:\/\/www.pressta-eisele.eu\/wp-content\/uploads\/2020\/11\/pressta-logo-01v.svg","caption":"Pressta Eisele \u010cS"},"image":{"@id":"https:\/\/www.pressta-eisele.eu\/hu\/#\/schema\/logo\/image\/"}}]}},"jetpack_sharing_enabled":true,"_links":{"self":[{"href":"https:\/\/www.pressta-eisele.eu\/hu\/wp-json\/wp\/v2\/product\/946","targetHints":{"allow":["GET"]}}],"collection":[{"href":"https:\/\/www.pressta-eisele.eu\/hu\/wp-json\/wp\/v2\/product"}],"about":[{"href":"https:\/\/www.pressta-eisele.eu\/hu\/wp-json\/wp\/v2\/types\/product"}],"replies":[{"embeddable":true,"href":"https:\/\/www.pressta-eisele.eu\/hu\/wp-json\/wp\/v2\/comments?post=946"}],"wp:featuredmedia":[{"embeddable":true,"href":"https:\/\/www.pressta-eisele.eu\/hu\/wp-json\/wp\/v2\/media\/947"}],"wp:attachment":[{"href":"https:\/\/www.pressta-eisele.eu\/hu\/wp-json\/wp\/v2\/media?parent=946"}],"wp:term":[{"taxonomy":"product_brand","embeddable":true,"href":"https:\/\/www.pressta-eisele.eu\/hu\/wp-json\/wp\/v2\/product_brand?post=946"},{"taxonomy":"product_cat","embeddable":true,"href":"https:\/\/www.pressta-eisele.eu\/hu\/wp-json\/wp\/v2\/product_cat?post=946"},{"taxonomy":"product_tag","embeddable":true,"href":"https:\/\/www.pressta-eisele.eu\/hu\/wp-json\/wp\/v2\/product_tag?post=946"}],"curies":[{"name":"wp","href":"https:\/\/api.w.org\/{rel}","templated":true}]}}