{"id":931,"date":"2021-01-31T19:42:25","date_gmt":"2021-01-31T18:42:25","guid":{"rendered":"https:\/\/www.pressta-eisele.eu\/produkt\/hefaist-montazna-stanica-okennych-kovani-ramov\/"},"modified":"2021-01-31T21:35:00","modified_gmt":"2021-01-31T20:35:00","slug":"hefaist-montazna-stanica-okennych-kovani-ramov","status":"publish","type":"product","link":"https:\/\/www.pressta-eisele.eu\/hu\/produkt\/hefaist-montazna-stanica-okennych-kovani-ramov\/","title":{"rendered":"HEFAIST &#8211; Mont\u00e1\u017ena stanica okenn\u00fdch kovan\u00ed r\u00e1mov"},"content":{"rendered":"","protected":false},"excerpt":{"rendered":"<ul>\n<li>Pneumatick\u00fd strediaci a up\u00ednac\u00ed mechanizmus, z\u00e1ruka presnej polohy z\u00e1vesu na r\u00e1me\u00a0 a st\u013apiku<\/li>\n<li>Automatick\u00fd cyklus v\u0155tania &#8211; posuv v\u0155tacieho agreg\u00e1tu pneumatick\u00fd, s plynulou hydraulickou regul\u00e1ciou r\u00fdchlosti<\/li>\n<li>V\u0155tacia jednotka &#8211;\u00a0v\u00fdber pod\u013ea ponuky: o \u00a0dvojvretenn\u00fd v\u0155taci agreg\u00e1t s integrovan\u00fdm mechanizmom pre\u00a0 symetrick\u00e9 variabiln\u00e9\u00a0\u00a0 nastavovanie rozostupu vrt\u00e1kov<\/li>\n<li>\u0160es\u0165vretenn\u00fd v\u0155taci agreg\u00e1t\u00a0 s pevn\u00fdm rozostupom vrt\u00e1kov<\/li>\n<li>Skrutkovacia jednotka s automatick\u00fdm pr\u00edsunom skrutiek z n\u00e1strelov\u00e9ho pod\u00e1va\u010da, integrovan\u00e9 h\u013abkov\u00e9 vyp\u00ednanie<\/li>\n<li>Bezpe\u010dnostn\u00e9 obojru\u010dn\u00e9 ovl\u00e1danie<\/li>\n<\/ul>\n","protected":false},"featured_media":932,"comment_status":"closed","ping_status":"open","template":"","meta":{"_monsterinsights_skip_tracking":false,"_monsterinsights_sitenote_active":false,"_monsterinsights_sitenote_note":"","_monsterinsights_sitenote_category":0},"product_brand":[],"product_cat":[37],"product_tag":[],"class_list":{"0":"post-931","1":"product","2":"type-product","3":"status-publish","4":"has-post-thumbnail","6":"product_cat-montazne-stoly-kovacie-zariadenia-a-automaty","8":"first","9":"instock","10":"product-type-simple"},"yoast_head":"<!-- This site is optimized with the Yoast SEO plugin v27.5 - https:\/\/yoast.com\/product\/yoast-seo-wordpress\/ -->\n<title>HEFAIST - Mont\u00e1\u017ena stanica okenn\u00fdch kovan\u00ed r\u00e1mov - Pressta Eisele \u010cS<\/title>\n<meta name=\"robots\" content=\"index, follow, max-snippet:-1, max-image-preview:large, max-video-preview:-1\" \/>\n<link rel=\"canonical\" href=\"https:\/\/www.pressta-eisele.eu\/hu\/produkt\/hefaist-montazna-stanica-okennych-kovani-ramov\/\" \/>\n<meta property=\"og:locale\" content=\"hu_HU\" \/>\n<meta property=\"og:type\" content=\"article\" \/>\n<meta property=\"og:title\" content=\"HEFAIST - Mont\u00e1\u017ena stanica okenn\u00fdch kovan\u00ed r\u00e1mov - Pressta Eisele \u010cS\" \/>\n<meta property=\"og:description\" content=\"Pneumatick\u00fd strediaci a up\u00ednac\u00ed mechanizmus, z\u00e1ruka presnej polohy z\u00e1vesu na r\u00e1me\u00a0 a st\u013apiku Automatick\u00fd cyklus v\u0155tania - posuv v\u0155tacieho agreg\u00e1tu pneumatick\u00fd, s plynulou hydraulickou regul\u00e1ciou r\u00fdchlosti V\u0155tacia jednotka -\u00a0v\u00fdber pod\u013ea ponuky: o \u00a0dvojvretenn\u00fd v\u0155taci agreg\u00e1t s integrovan\u00fdm mechanizmom pre\u00a0 symetrick\u00e9 variabiln\u00e9\u00a0\u00a0 nastavovanie rozostupu vrt\u00e1kov \u0160es\u0165vretenn\u00fd v\u0155taci agreg\u00e1t\u00a0 s pevn\u00fdm rozostupom vrt\u00e1kov Skrutkovacia jednotka s automatick\u00fdm pr\u00edsunom skrutiek z n\u00e1strelov\u00e9ho pod\u00e1va\u010da, integrovan\u00e9 h\u013abkov\u00e9 vyp\u00ednanie Bezpe\u010dnostn\u00e9 obojru\u010dn\u00e9 ovl\u00e1danie\" \/>\n<meta property=\"og:url\" content=\"https:\/\/www.pressta-eisele.eu\/hu\/produkt\/hefaist-montazna-stanica-okennych-kovani-ramov\/\" \/>\n<meta property=\"og:site_name\" content=\"Pressta Eisele \u010cS\" \/>\n<meta property=\"article:modified_time\" content=\"2021-01-31T20:35:00+00:00\" \/>\n<meta property=\"og:image\" content=\"https:\/\/www.pressta-eisele.eu\/wp-content\/uploads\/2021\/01\/131.jpg\" \/>\n\t<meta property=\"og:image:width\" content=\"700\" \/>\n\t<meta property=\"og:image:height\" content=\"525\" \/>\n\t<meta property=\"og:image:type\" content=\"image\/jpeg\" \/>\n<meta name=\"twitter:card\" content=\"summary_large_image\" \/>\n<script type=\"application\/ld+json\" class=\"yoast-schema-graph\">{\"@context\":\"https:\\\/\\\/schema.org\",\"@graph\":[{\"@type\":\"WebPage\",\"@id\":\"https:\\\/\\\/www.pressta-eisele.eu\\\/hu\\\/produkt\\\/hefaist-montazna-stanica-okennych-kovani-ramov\\\/\",\"url\":\"https:\\\/\\\/www.pressta-eisele.eu\\\/hu\\\/produkt\\\/hefaist-montazna-stanica-okennych-kovani-ramov\\\/\",\"name\":\"HEFAIST - Mont\u00e1\u017ena stanica okenn\u00fdch kovan\u00ed r\u00e1mov - Pressta Eisele \u010cS\",\"isPartOf\":{\"@id\":\"https:\\\/\\\/www.pressta-eisele.eu\\\/hu\\\/#website\"},\"primaryImageOfPage\":{\"@id\":\"https:\\\/\\\/www.pressta-eisele.eu\\\/hu\\\/produkt\\\/hefaist-montazna-stanica-okennych-kovani-ramov\\\/#primaryimage\"},\"image\":{\"@id\":\"https:\\\/\\\/www.pressta-eisele.eu\\\/hu\\\/produkt\\\/hefaist-montazna-stanica-okennych-kovani-ramov\\\/#primaryimage\"},\"thumbnailUrl\":\"https:\\\/\\\/www.pressta-eisele.eu\\\/wp-content\\\/uploads\\\/2021\\\/01\\\/131.jpg\",\"datePublished\":\"2021-01-31T18:42:25+00:00\",\"dateModified\":\"2021-01-31T20:35:00+00:00\",\"breadcrumb\":{\"@id\":\"https:\\\/\\\/www.pressta-eisele.eu\\\/hu\\\/produkt\\\/hefaist-montazna-stanica-okennych-kovani-ramov\\\/#breadcrumb\"},\"inLanguage\":\"hu\",\"potentialAction\":[{\"@type\":\"ReadAction\",\"target\":[\"https:\\\/\\\/www.pressta-eisele.eu\\\/hu\\\/produkt\\\/hefaist-montazna-stanica-okennych-kovani-ramov\\\/\"]}]},{\"@type\":\"ImageObject\",\"inLanguage\":\"hu\",\"@id\":\"https:\\\/\\\/www.pressta-eisele.eu\\\/hu\\\/produkt\\\/hefaist-montazna-stanica-okennych-kovani-ramov\\\/#primaryimage\",\"url\":\"https:\\\/\\\/www.pressta-eisele.eu\\\/wp-content\\\/uploads\\\/2021\\\/01\\\/131.jpg\",\"contentUrl\":\"https:\\\/\\\/www.pressta-eisele.eu\\\/wp-content\\\/uploads\\\/2021\\\/01\\\/131.jpg\",\"width\":700,\"height\":525,\"caption\":\"HEFAIST - Mont\u00e1\u017ena stanica okenn\u00fdch kovan\u00ed r\u00e1mov\"},{\"@type\":\"BreadcrumbList\",\"@id\":\"https:\\\/\\\/www.pressta-eisele.eu\\\/hu\\\/produkt\\\/hefaist-montazna-stanica-okennych-kovani-ramov\\\/#breadcrumb\",\"itemListElement\":[{\"@type\":\"ListItem\",\"position\":1,\"name\":\"Home\",\"item\":\"https:\\\/\\\/www.pressta-eisele.eu\\\/hu\\\/\"},{\"@type\":\"ListItem\",\"position\":2,\"name\":\"Shop\",\"item\":\"https:\\\/\\\/www.pressta-eisele.eu\\\/hu\\\/shop\\\/\"},{\"@type\":\"ListItem\",\"position\":3,\"name\":\"HEFAIST &#8212; Mont\u00e1\u017ena stanica okenn\u00fdch kovan\u00ed r\u00e1mov\"}]},{\"@type\":\"WebSite\",\"@id\":\"https:\\\/\\\/www.pressta-eisele.eu\\\/hu\\\/#website\",\"url\":\"https:\\\/\\\/www.pressta-eisele.eu\\\/hu\\\/\",\"name\":\"Pressta Eisele \u010cS\",\"description\":\"Vitajte vo svete produktivity\",\"publisher\":{\"@id\":\"https:\\\/\\\/www.pressta-eisele.eu\\\/hu\\\/#organization\"},\"potentialAction\":[{\"@type\":\"SearchAction\",\"target\":{\"@type\":\"EntryPoint\",\"urlTemplate\":\"https:\\\/\\\/www.pressta-eisele.eu\\\/hu\\\/?s={search_term_string}\"},\"query-input\":{\"@type\":\"PropertyValueSpecification\",\"valueRequired\":true,\"valueName\":\"search_term_string\"}}],\"inLanguage\":\"hu\"},{\"@type\":\"Organization\",\"@id\":\"https:\\\/\\\/www.pressta-eisele.eu\\\/hu\\\/#organization\",\"name\":\"Pressta Eisele \u010cS\",\"url\":\"https:\\\/\\\/www.pressta-eisele.eu\\\/hu\\\/\",\"logo\":{\"@type\":\"ImageObject\",\"inLanguage\":\"hu\",\"@id\":\"https:\\\/\\\/www.pressta-eisele.eu\\\/hu\\\/#\\\/schema\\\/logo\\\/image\\\/\",\"url\":\"https:\\\/\\\/www.pressta-eisele.eu\\\/wp-content\\\/uploads\\\/2020\\\/11\\\/pressta-logo-01v.svg\",\"contentUrl\":\"https:\\\/\\\/www.pressta-eisele.eu\\\/wp-content\\\/uploads\\\/2020\\\/11\\\/pressta-logo-01v.svg\",\"caption\":\"Pressta Eisele \u010cS\"},\"image\":{\"@id\":\"https:\\\/\\\/www.pressta-eisele.eu\\\/hu\\\/#\\\/schema\\\/logo\\\/image\\\/\"}}]}<\/script>\n<!-- \/ Yoast SEO plugin. -->","yoast_head_json":{"title":"HEFAIST - Mont\u00e1\u017ena stanica okenn\u00fdch kovan\u00ed r\u00e1mov - Pressta Eisele \u010cS","robots":{"index":"index","follow":"follow","max-snippet":"max-snippet:-1","max-image-preview":"max-image-preview:large","max-video-preview":"max-video-preview:-1"},"canonical":"https:\/\/www.pressta-eisele.eu\/hu\/produkt\/hefaist-montazna-stanica-okennych-kovani-ramov\/","og_locale":"hu_HU","og_type":"article","og_title":"HEFAIST - Mont\u00e1\u017ena stanica okenn\u00fdch kovan\u00ed r\u00e1mov - Pressta Eisele \u010cS","og_description":"Pneumatick\u00fd strediaci a up\u00ednac\u00ed mechanizmus, z\u00e1ruka presnej polohy z\u00e1vesu na r\u00e1me\u00a0 a st\u013apiku Automatick\u00fd cyklus v\u0155tania - posuv v\u0155tacieho agreg\u00e1tu pneumatick\u00fd, s plynulou hydraulickou regul\u00e1ciou r\u00fdchlosti V\u0155tacia jednotka -\u00a0v\u00fdber pod\u013ea ponuky: o \u00a0dvojvretenn\u00fd v\u0155taci agreg\u00e1t s integrovan\u00fdm mechanizmom pre\u00a0 symetrick\u00e9 variabiln\u00e9\u00a0\u00a0 nastavovanie rozostupu vrt\u00e1kov \u0160es\u0165vretenn\u00fd v\u0155taci agreg\u00e1t\u00a0 s pevn\u00fdm rozostupom vrt\u00e1kov Skrutkovacia jednotka s automatick\u00fdm pr\u00edsunom skrutiek z n\u00e1strelov\u00e9ho pod\u00e1va\u010da, integrovan\u00e9 h\u013abkov\u00e9 vyp\u00ednanie Bezpe\u010dnostn\u00e9 obojru\u010dn\u00e9 ovl\u00e1danie","og_url":"https:\/\/www.pressta-eisele.eu\/hu\/produkt\/hefaist-montazna-stanica-okennych-kovani-ramov\/","og_site_name":"Pressta Eisele \u010cS","article_modified_time":"2021-01-31T20:35:00+00:00","og_image":[{"width":700,"height":525,"url":"https:\/\/www.pressta-eisele.eu\/wp-content\/uploads\/2021\/01\/131.jpg","type":"image\/jpeg"}],"twitter_card":"summary_large_image","schema":{"@context":"https:\/\/schema.org","@graph":[{"@type":"WebPage","@id":"https:\/\/www.pressta-eisele.eu\/hu\/produkt\/hefaist-montazna-stanica-okennych-kovani-ramov\/","url":"https:\/\/www.pressta-eisele.eu\/hu\/produkt\/hefaist-montazna-stanica-okennych-kovani-ramov\/","name":"HEFAIST - Mont\u00e1\u017ena stanica okenn\u00fdch kovan\u00ed r\u00e1mov - Pressta Eisele \u010cS","isPartOf":{"@id":"https:\/\/www.pressta-eisele.eu\/hu\/#website"},"primaryImageOfPage":{"@id":"https:\/\/www.pressta-eisele.eu\/hu\/produkt\/hefaist-montazna-stanica-okennych-kovani-ramov\/#primaryimage"},"image":{"@id":"https:\/\/www.pressta-eisele.eu\/hu\/produkt\/hefaist-montazna-stanica-okennych-kovani-ramov\/#primaryimage"},"thumbnailUrl":"https:\/\/www.pressta-eisele.eu\/wp-content\/uploads\/2021\/01\/131.jpg","datePublished":"2021-01-31T18:42:25+00:00","dateModified":"2021-01-31T20:35:00+00:00","breadcrumb":{"@id":"https:\/\/www.pressta-eisele.eu\/hu\/produkt\/hefaist-montazna-stanica-okennych-kovani-ramov\/#breadcrumb"},"inLanguage":"hu","potentialAction":[{"@type":"ReadAction","target":["https:\/\/www.pressta-eisele.eu\/hu\/produkt\/hefaist-montazna-stanica-okennych-kovani-ramov\/"]}]},{"@type":"ImageObject","inLanguage":"hu","@id":"https:\/\/www.pressta-eisele.eu\/hu\/produkt\/hefaist-montazna-stanica-okennych-kovani-ramov\/#primaryimage","url":"https:\/\/www.pressta-eisele.eu\/wp-content\/uploads\/2021\/01\/131.jpg","contentUrl":"https:\/\/www.pressta-eisele.eu\/wp-content\/uploads\/2021\/01\/131.jpg","width":700,"height":525,"caption":"HEFAIST - Mont\u00e1\u017ena stanica okenn\u00fdch kovan\u00ed r\u00e1mov"},{"@type":"BreadcrumbList","@id":"https:\/\/www.pressta-eisele.eu\/hu\/produkt\/hefaist-montazna-stanica-okennych-kovani-ramov\/#breadcrumb","itemListElement":[{"@type":"ListItem","position":1,"name":"Home","item":"https:\/\/www.pressta-eisele.eu\/hu\/"},{"@type":"ListItem","position":2,"name":"Shop","item":"https:\/\/www.pressta-eisele.eu\/hu\/shop\/"},{"@type":"ListItem","position":3,"name":"HEFAIST &#8212; Mont\u00e1\u017ena stanica okenn\u00fdch kovan\u00ed r\u00e1mov"}]},{"@type":"WebSite","@id":"https:\/\/www.pressta-eisele.eu\/hu\/#website","url":"https:\/\/www.pressta-eisele.eu\/hu\/","name":"Pressta Eisele \u010cS","description":"Vitajte vo svete produktivity","publisher":{"@id":"https:\/\/www.pressta-eisele.eu\/hu\/#organization"},"potentialAction":[{"@type":"SearchAction","target":{"@type":"EntryPoint","urlTemplate":"https:\/\/www.pressta-eisele.eu\/hu\/?s={search_term_string}"},"query-input":{"@type":"PropertyValueSpecification","valueRequired":true,"valueName":"search_term_string"}}],"inLanguage":"hu"},{"@type":"Organization","@id":"https:\/\/www.pressta-eisele.eu\/hu\/#organization","name":"Pressta Eisele \u010cS","url":"https:\/\/www.pressta-eisele.eu\/hu\/","logo":{"@type":"ImageObject","inLanguage":"hu","@id":"https:\/\/www.pressta-eisele.eu\/hu\/#\/schema\/logo\/image\/","url":"https:\/\/www.pressta-eisele.eu\/wp-content\/uploads\/2020\/11\/pressta-logo-01v.svg","contentUrl":"https:\/\/www.pressta-eisele.eu\/wp-content\/uploads\/2020\/11\/pressta-logo-01v.svg","caption":"Pressta Eisele \u010cS"},"image":{"@id":"https:\/\/www.pressta-eisele.eu\/hu\/#\/schema\/logo\/image\/"}}]}},"jetpack_sharing_enabled":true,"_links":{"self":[{"href":"https:\/\/www.pressta-eisele.eu\/hu\/wp-json\/wp\/v2\/product\/931","targetHints":{"allow":["GET"]}}],"collection":[{"href":"https:\/\/www.pressta-eisele.eu\/hu\/wp-json\/wp\/v2\/product"}],"about":[{"href":"https:\/\/www.pressta-eisele.eu\/hu\/wp-json\/wp\/v2\/types\/product"}],"replies":[{"embeddable":true,"href":"https:\/\/www.pressta-eisele.eu\/hu\/wp-json\/wp\/v2\/comments?post=931"}],"wp:featuredmedia":[{"embeddable":true,"href":"https:\/\/www.pressta-eisele.eu\/hu\/wp-json\/wp\/v2\/media\/932"}],"wp:attachment":[{"href":"https:\/\/www.pressta-eisele.eu\/hu\/wp-json\/wp\/v2\/media?parent=931"}],"wp:term":[{"taxonomy":"product_brand","embeddable":true,"href":"https:\/\/www.pressta-eisele.eu\/hu\/wp-json\/wp\/v2\/product_brand?post=931"},{"taxonomy":"product_cat","embeddable":true,"href":"https:\/\/www.pressta-eisele.eu\/hu\/wp-json\/wp\/v2\/product_cat?post=931"},{"taxonomy":"product_tag","embeddable":true,"href":"https:\/\/www.pressta-eisele.eu\/hu\/wp-json\/wp\/v2\/product_tag?post=931"}],"curies":[{"name":"wp","href":"https:\/\/api.w.org\/{rel}","templated":true}]}}