{"id":921,"date":"2021-01-31T19:42:25","date_gmt":"2021-01-31T18:42:25","guid":{"rendered":"https:\/\/www.pressta-eisele.eu\/produkt\/gmc-42-22-manualna-vertikalna-panelova-pila\/"},"modified":"2021-01-31T22:13:34","modified_gmt":"2021-01-31T21:13:34","slug":"gmc-42-22-manualna-vertikalna-panelova-pila","status":"publish","type":"product","link":"https:\/\/www.pressta-eisele.eu\/hu\/produkt\/gmc-42-22-manualna-vertikalna-panelova-pila\/","title":{"rendered":"GMC 42-22 &#8211; Manu\u00e1lna vertik\u00e1lna panelov\u00e1 p\u00edla"},"content":{"rendered":"","protected":false},"excerpt":{"rendered":"<p>GMC 42-22 s opornou plat\u0148ou \u201cMFP\u201d (opcia)<\/p>\n<ul>\n<li>pre pravouhl\u00e9 p\u00edlenie a narezanie v mieste ohybu:<\/li>\n<li>\u00a0hlin\u00edkov\u00fdch platn\u00ed<\/li>\n<li>platn\u00ed z hlin\u00edkov\u00fdch kompozitov (ACM, ALPOLIC, ALUCOBOND, ET\u00c1LBOND, LARSON, REYNOBOND)<\/li>\n<li>polykarb\u00f3nov\u00fdch platn\u00ed<\/li>\n<li>plexiskla<\/li>\n<li>plastov<\/li>\n<li>PVC<\/li>\n<li>tuh\u00fdch materi\u00e1lov, napr. CORIAN<\/li>\n<\/ul>\n<p>Stabiln\u00e1 kon\u0161trukcia, presne p\u00edliaci agreg\u00e1t, kvalitn\u00e9 p\u00edlenie a narezanie.<\/p>\n<p>N\u00edzke n\u00e1klady, v\u00fdborn\u00fd v\u00fdkon, vysok\u00e1 spo\u013eahlivos\u0165, jednoduch\u00e1 obsluha.<\/p>\n","protected":false},"featured_media":922,"comment_status":"closed","ping_status":"open","template":"","meta":{"_monsterinsights_skip_tracking":false,"_monsterinsights_sitenote_active":false,"_monsterinsights_sitenote_note":"","_monsterinsights_sitenote_category":0},"product_brand":[],"product_cat":[35,32],"product_tag":[],"class_list":{"0":"post-921","1":"product","2":"type-product","3":"status-publish","4":"has-post-thumbnail","6":"product_cat-specialne-zariadenia-stroje-pre-pvc","7":"product_cat-stroje-na-opracovanie-alucobond","9":"first","10":"instock","11":"product-type-simple"},"yoast_head":"<!-- This site is optimized with the Yoast SEO plugin v27.4 - https:\/\/yoast.com\/product\/yoast-seo-wordpress\/ -->\n<title>GMC 42-22 - Manu\u00e1lna vertik\u00e1lna panelov\u00e1 p\u00edla - Pressta Eisele \u010cS<\/title>\n<meta name=\"robots\" content=\"index, follow, max-snippet:-1, max-image-preview:large, max-video-preview:-1\" \/>\n<link rel=\"canonical\" href=\"https:\/\/www.pressta-eisele.eu\/hu\/produkt\/gmc-42-22-manualna-vertikalna-panelova-pila\/\" \/>\n<meta property=\"og:locale\" content=\"hu_HU\" \/>\n<meta property=\"og:type\" content=\"article\" \/>\n<meta property=\"og:title\" content=\"GMC 42-22 - Manu\u00e1lna vertik\u00e1lna panelov\u00e1 p\u00edla - Pressta Eisele \u010cS\" \/>\n<meta property=\"og:description\" content=\"GMC 42-22 s opornou plat\u0148ou \u201cMFP\u201d (opcia) pre pravouhl\u00e9 p\u00edlenie a narezanie v mieste ohybu: \u00a0hlin\u00edkov\u00fdch platn\u00ed platn\u00ed z hlin\u00edkov\u00fdch kompozitov (ACM, ALPOLIC, ALUCOBOND, ET\u00c1LBOND, LARSON, REYNOBOND) polykarb\u00f3nov\u00fdch platn\u00ed plexiskla plastov PVC tuh\u00fdch materi\u00e1lov, napr. CORIANStabiln\u00e1 kon\u0161trukcia, presne p\u00edliaci agreg\u00e1t, kvalitn\u00e9 p\u00edlenie a narezanie.N\u00edzke n\u00e1klady, v\u00fdborn\u00fd v\u00fdkon, vysok\u00e1 spo\u013eahlivos\u0165, jednoduch\u00e1 obsluha.\" \/>\n<meta property=\"og:url\" content=\"https:\/\/www.pressta-eisele.eu\/hu\/produkt\/gmc-42-22-manualna-vertikalna-panelova-pila\/\" \/>\n<meta property=\"og:site_name\" content=\"Pressta Eisele \u010cS\" \/>\n<meta property=\"article:modified_time\" content=\"2021-01-31T21:13:34+00:00\" \/>\n<meta property=\"og:image\" content=\"https:\/\/www.pressta-eisele.eu\/wp-content\/uploads\/2021\/01\/42-22-1.jpg\" \/>\n\t<meta property=\"og:image:width\" content=\"550\" \/>\n\t<meta property=\"og:image:height\" content=\"351\" \/>\n\t<meta property=\"og:image:type\" content=\"image\/jpeg\" \/>\n<meta name=\"twitter:card\" content=\"summary_large_image\" \/>\n<script type=\"application\/ld+json\" class=\"yoast-schema-graph\">{\"@context\":\"https:\\\/\\\/schema.org\",\"@graph\":[{\"@type\":\"WebPage\",\"@id\":\"https:\\\/\\\/www.pressta-eisele.eu\\\/hu\\\/produkt\\\/gmc-42-22-manualna-vertikalna-panelova-pila\\\/\",\"url\":\"https:\\\/\\\/www.pressta-eisele.eu\\\/hu\\\/produkt\\\/gmc-42-22-manualna-vertikalna-panelova-pila\\\/\",\"name\":\"GMC 42-22 - Manu\u00e1lna vertik\u00e1lna panelov\u00e1 p\u00edla - Pressta Eisele \u010cS\",\"isPartOf\":{\"@id\":\"https:\\\/\\\/www.pressta-eisele.eu\\\/hu\\\/#website\"},\"primaryImageOfPage\":{\"@id\":\"https:\\\/\\\/www.pressta-eisele.eu\\\/hu\\\/produkt\\\/gmc-42-22-manualna-vertikalna-panelova-pila\\\/#primaryimage\"},\"image\":{\"@id\":\"https:\\\/\\\/www.pressta-eisele.eu\\\/hu\\\/produkt\\\/gmc-42-22-manualna-vertikalna-panelova-pila\\\/#primaryimage\"},\"thumbnailUrl\":\"https:\\\/\\\/www.pressta-eisele.eu\\\/wp-content\\\/uploads\\\/2021\\\/01\\\/42-22-1.jpg\",\"datePublished\":\"2021-01-31T18:42:25+00:00\",\"dateModified\":\"2021-01-31T21:13:34+00:00\",\"breadcrumb\":{\"@id\":\"https:\\\/\\\/www.pressta-eisele.eu\\\/hu\\\/produkt\\\/gmc-42-22-manualna-vertikalna-panelova-pila\\\/#breadcrumb\"},\"inLanguage\":\"hu\",\"potentialAction\":[{\"@type\":\"ReadAction\",\"target\":[\"https:\\\/\\\/www.pressta-eisele.eu\\\/hu\\\/produkt\\\/gmc-42-22-manualna-vertikalna-panelova-pila\\\/\"]}]},{\"@type\":\"ImageObject\",\"inLanguage\":\"hu\",\"@id\":\"https:\\\/\\\/www.pressta-eisele.eu\\\/hu\\\/produkt\\\/gmc-42-22-manualna-vertikalna-panelova-pila\\\/#primaryimage\",\"url\":\"https:\\\/\\\/www.pressta-eisele.eu\\\/wp-content\\\/uploads\\\/2021\\\/01\\\/42-22-1.jpg\",\"contentUrl\":\"https:\\\/\\\/www.pressta-eisele.eu\\\/wp-content\\\/uploads\\\/2021\\\/01\\\/42-22-1.jpg\",\"width\":550,\"height\":351,\"caption\":\"GMC 42-22 - Manu\u00e1lna vertik\u00e1lna panelov\u00e1 p\u00edla\"},{\"@type\":\"BreadcrumbList\",\"@id\":\"https:\\\/\\\/www.pressta-eisele.eu\\\/hu\\\/produkt\\\/gmc-42-22-manualna-vertikalna-panelova-pila\\\/#breadcrumb\",\"itemListElement\":[{\"@type\":\"ListItem\",\"position\":1,\"name\":\"Home\",\"item\":\"https:\\\/\\\/www.pressta-eisele.eu\\\/hu\\\/\"},{\"@type\":\"ListItem\",\"position\":2,\"name\":\"Shop\",\"item\":\"https:\\\/\\\/www.pressta-eisele.eu\\\/hu\\\/shop\\\/\"},{\"@type\":\"ListItem\",\"position\":3,\"name\":\"GMC 42-22 &#8211; Manu\u00e1lna vertik\u00e1lna panelov\u00e1 p\u00edla\"}]},{\"@type\":\"WebSite\",\"@id\":\"https:\\\/\\\/www.pressta-eisele.eu\\\/hu\\\/#website\",\"url\":\"https:\\\/\\\/www.pressta-eisele.eu\\\/hu\\\/\",\"name\":\"Pressta Eisele \u010cS\",\"description\":\"Vitajte vo svete produktivity\",\"publisher\":{\"@id\":\"https:\\\/\\\/www.pressta-eisele.eu\\\/hu\\\/#organization\"},\"potentialAction\":[{\"@type\":\"SearchAction\",\"target\":{\"@type\":\"EntryPoint\",\"urlTemplate\":\"https:\\\/\\\/www.pressta-eisele.eu\\\/hu\\\/?s={search_term_string}\"},\"query-input\":{\"@type\":\"PropertyValueSpecification\",\"valueRequired\":true,\"valueName\":\"search_term_string\"}}],\"inLanguage\":\"hu\"},{\"@type\":\"Organization\",\"@id\":\"https:\\\/\\\/www.pressta-eisele.eu\\\/hu\\\/#organization\",\"name\":\"Pressta Eisele \u010cS\",\"url\":\"https:\\\/\\\/www.pressta-eisele.eu\\\/hu\\\/\",\"logo\":{\"@type\":\"ImageObject\",\"inLanguage\":\"hu\",\"@id\":\"https:\\\/\\\/www.pressta-eisele.eu\\\/hu\\\/#\\\/schema\\\/logo\\\/image\\\/\",\"url\":\"https:\\\/\\\/www.pressta-eisele.eu\\\/wp-content\\\/uploads\\\/2020\\\/11\\\/pressta-logo-01v.svg\",\"contentUrl\":\"https:\\\/\\\/www.pressta-eisele.eu\\\/wp-content\\\/uploads\\\/2020\\\/11\\\/pressta-logo-01v.svg\",\"caption\":\"Pressta Eisele \u010cS\"},\"image\":{\"@id\":\"https:\\\/\\\/www.pressta-eisele.eu\\\/hu\\\/#\\\/schema\\\/logo\\\/image\\\/\"}}]}<\/script>\n<!-- \/ Yoast SEO plugin. -->","yoast_head_json":{"title":"GMC 42-22 - Manu\u00e1lna vertik\u00e1lna panelov\u00e1 p\u00edla - Pressta Eisele \u010cS","robots":{"index":"index","follow":"follow","max-snippet":"max-snippet:-1","max-image-preview":"max-image-preview:large","max-video-preview":"max-video-preview:-1"},"canonical":"https:\/\/www.pressta-eisele.eu\/hu\/produkt\/gmc-42-22-manualna-vertikalna-panelova-pila\/","og_locale":"hu_HU","og_type":"article","og_title":"GMC 42-22 - Manu\u00e1lna vertik\u00e1lna panelov\u00e1 p\u00edla - Pressta Eisele \u010cS","og_description":"GMC 42-22 s opornou plat\u0148ou \u201cMFP\u201d (opcia) pre pravouhl\u00e9 p\u00edlenie a narezanie v mieste ohybu: \u00a0hlin\u00edkov\u00fdch platn\u00ed platn\u00ed z hlin\u00edkov\u00fdch kompozitov (ACM, ALPOLIC, ALUCOBOND, ET\u00c1LBOND, LARSON, REYNOBOND) polykarb\u00f3nov\u00fdch platn\u00ed plexiskla plastov PVC tuh\u00fdch materi\u00e1lov, napr. CORIANStabiln\u00e1 kon\u0161trukcia, presne p\u00edliaci agreg\u00e1t, kvalitn\u00e9 p\u00edlenie a narezanie.N\u00edzke n\u00e1klady, v\u00fdborn\u00fd v\u00fdkon, vysok\u00e1 spo\u013eahlivos\u0165, jednoduch\u00e1 obsluha.","og_url":"https:\/\/www.pressta-eisele.eu\/hu\/produkt\/gmc-42-22-manualna-vertikalna-panelova-pila\/","og_site_name":"Pressta Eisele \u010cS","article_modified_time":"2021-01-31T21:13:34+00:00","og_image":[{"width":550,"height":351,"url":"https:\/\/www.pressta-eisele.eu\/wp-content\/uploads\/2021\/01\/42-22-1.jpg","type":"image\/jpeg"}],"twitter_card":"summary_large_image","schema":{"@context":"https:\/\/schema.org","@graph":[{"@type":"WebPage","@id":"https:\/\/www.pressta-eisele.eu\/hu\/produkt\/gmc-42-22-manualna-vertikalna-panelova-pila\/","url":"https:\/\/www.pressta-eisele.eu\/hu\/produkt\/gmc-42-22-manualna-vertikalna-panelova-pila\/","name":"GMC 42-22 - Manu\u00e1lna vertik\u00e1lna panelov\u00e1 p\u00edla - Pressta Eisele \u010cS","isPartOf":{"@id":"https:\/\/www.pressta-eisele.eu\/hu\/#website"},"primaryImageOfPage":{"@id":"https:\/\/www.pressta-eisele.eu\/hu\/produkt\/gmc-42-22-manualna-vertikalna-panelova-pila\/#primaryimage"},"image":{"@id":"https:\/\/www.pressta-eisele.eu\/hu\/produkt\/gmc-42-22-manualna-vertikalna-panelova-pila\/#primaryimage"},"thumbnailUrl":"https:\/\/www.pressta-eisele.eu\/wp-content\/uploads\/2021\/01\/42-22-1.jpg","datePublished":"2021-01-31T18:42:25+00:00","dateModified":"2021-01-31T21:13:34+00:00","breadcrumb":{"@id":"https:\/\/www.pressta-eisele.eu\/hu\/produkt\/gmc-42-22-manualna-vertikalna-panelova-pila\/#breadcrumb"},"inLanguage":"hu","potentialAction":[{"@type":"ReadAction","target":["https:\/\/www.pressta-eisele.eu\/hu\/produkt\/gmc-42-22-manualna-vertikalna-panelova-pila\/"]}]},{"@type":"ImageObject","inLanguage":"hu","@id":"https:\/\/www.pressta-eisele.eu\/hu\/produkt\/gmc-42-22-manualna-vertikalna-panelova-pila\/#primaryimage","url":"https:\/\/www.pressta-eisele.eu\/wp-content\/uploads\/2021\/01\/42-22-1.jpg","contentUrl":"https:\/\/www.pressta-eisele.eu\/wp-content\/uploads\/2021\/01\/42-22-1.jpg","width":550,"height":351,"caption":"GMC 42-22 - Manu\u00e1lna vertik\u00e1lna panelov\u00e1 p\u00edla"},{"@type":"BreadcrumbList","@id":"https:\/\/www.pressta-eisele.eu\/hu\/produkt\/gmc-42-22-manualna-vertikalna-panelova-pila\/#breadcrumb","itemListElement":[{"@type":"ListItem","position":1,"name":"Home","item":"https:\/\/www.pressta-eisele.eu\/hu\/"},{"@type":"ListItem","position":2,"name":"Shop","item":"https:\/\/www.pressta-eisele.eu\/hu\/shop\/"},{"@type":"ListItem","position":3,"name":"GMC 42-22 &#8211; Manu\u00e1lna vertik\u00e1lna panelov\u00e1 p\u00edla"}]},{"@type":"WebSite","@id":"https:\/\/www.pressta-eisele.eu\/hu\/#website","url":"https:\/\/www.pressta-eisele.eu\/hu\/","name":"Pressta Eisele \u010cS","description":"Vitajte vo svete produktivity","publisher":{"@id":"https:\/\/www.pressta-eisele.eu\/hu\/#organization"},"potentialAction":[{"@type":"SearchAction","target":{"@type":"EntryPoint","urlTemplate":"https:\/\/www.pressta-eisele.eu\/hu\/?s={search_term_string}"},"query-input":{"@type":"PropertyValueSpecification","valueRequired":true,"valueName":"search_term_string"}}],"inLanguage":"hu"},{"@type":"Organization","@id":"https:\/\/www.pressta-eisele.eu\/hu\/#organization","name":"Pressta Eisele \u010cS","url":"https:\/\/www.pressta-eisele.eu\/hu\/","logo":{"@type":"ImageObject","inLanguage":"hu","@id":"https:\/\/www.pressta-eisele.eu\/hu\/#\/schema\/logo\/image\/","url":"https:\/\/www.pressta-eisele.eu\/wp-content\/uploads\/2020\/11\/pressta-logo-01v.svg","contentUrl":"https:\/\/www.pressta-eisele.eu\/wp-content\/uploads\/2020\/11\/pressta-logo-01v.svg","caption":"Pressta Eisele \u010cS"},"image":{"@id":"https:\/\/www.pressta-eisele.eu\/hu\/#\/schema\/logo\/image\/"}}]}},"jetpack_sharing_enabled":true,"_links":{"self":[{"href":"https:\/\/www.pressta-eisele.eu\/hu\/wp-json\/wp\/v2\/product\/921","targetHints":{"allow":["GET"]}}],"collection":[{"href":"https:\/\/www.pressta-eisele.eu\/hu\/wp-json\/wp\/v2\/product"}],"about":[{"href":"https:\/\/www.pressta-eisele.eu\/hu\/wp-json\/wp\/v2\/types\/product"}],"replies":[{"embeddable":true,"href":"https:\/\/www.pressta-eisele.eu\/hu\/wp-json\/wp\/v2\/comments?post=921"}],"wp:featuredmedia":[{"embeddable":true,"href":"https:\/\/www.pressta-eisele.eu\/hu\/wp-json\/wp\/v2\/media\/922"}],"wp:attachment":[{"href":"https:\/\/www.pressta-eisele.eu\/hu\/wp-json\/wp\/v2\/media?parent=921"}],"wp:term":[{"taxonomy":"product_brand","embeddable":true,"href":"https:\/\/www.pressta-eisele.eu\/hu\/wp-json\/wp\/v2\/product_brand?post=921"},{"taxonomy":"product_cat","embeddable":true,"href":"https:\/\/www.pressta-eisele.eu\/hu\/wp-json\/wp\/v2\/product_cat?post=921"},{"taxonomy":"product_tag","embeddable":true,"href":"https:\/\/www.pressta-eisele.eu\/hu\/wp-json\/wp\/v2\/product_tag?post=921"}],"curies":[{"name":"wp","href":"https:\/\/api.w.org\/{rel}","templated":true}]}}