{"id":885,"date":"2021-01-31T19:42:25","date_gmt":"2021-01-31T18:42:25","guid":{"rendered":"https:\/\/www.pressta-eisele.eu\/produkt\/vulcan-s-hector-fvk-montazna-stanica-okennych-kovani-kridel\/"},"modified":"2021-01-31T21:35:00","modified_gmt":"2021-01-31T20:35:00","slug":"vulcan-s-hector-fvk-montazna-stanica-okennych-kovani-kridel","status":"publish","type":"product","link":"https:\/\/www.pressta-eisele.eu\/hu\/produkt\/vulcan-s-hector-fvk-montazna-stanica-okennych-kovani-kridel\/","title":{"rendered":"VULCAN S + HECTOR FVK &#8211; Mont\u00e1\u017ena stanica okenn\u00fdch kovan\u00ed kr\u00eddel"},"content":{"rendered":"","protected":false},"excerpt":{"rendered":"<ul>\n<li>Z\u00e1kladn\u00e9 modely stroja s\u00fa ur\u010den\u00e9 pre mont\u00e1\u017e kovania  a&nbsp;z\u00e1vesov okien z&nbsp;PVC, dreva a&nbsp;hlin\u00edka<\/li>\n<li>D\u013a\u017eka stola 3000mm, in\u00fd rozmer na po\u017eiadanie<\/li>\n<li>Konfigura\u010dn\u00e1 v\u00fdbava pre jednotliv\u00e9 modely obsahuje<\/li>\n<ul>\n<li>&nbsp;st\u00f4l s&nbsp;pneumatick\u00fdm n\u00e1klonom, zabezpe\u010duj\u00faci pre  obsluhu ergonomick\u00fd pr\u00edstup<\/li>\n<li>&nbsp;vn\u00fatorn\u00e9 pneumaticky ovl\u00e1dan\u00e9 centrovacie dorazy<\/li>\n<li>&nbsp;vonkaj\u0161ie pneumaticky ovl\u00e1dan\u00e9 odmeriavacie dorazy pre  kovanie<\/li>\n<li>&nbsp;predpr\u00edpravu pre osadenie jedn\u00e9ho alebo dvoch strihac\u00edch  n\u00e1strojov na skr\u00e1tenie kovania<\/li>\n<li>&nbsp;povrch stola v&nbsp;z\u00e1vislosti na pou\u017eit\u00ed<\/li>\n<\/ul>\n<li>Volite\u013en\u00e9 agreg\u00e1ty<\/li>\n<ul>\n<li>&nbsp;automatick\u00e1 skrutkovacia jednotka pojazdn\u00e1 na line\u00e1rnom  veden\u00ed<\/li>\n<li>&nbsp;pneumatick\u00fd, v\u00fd\u0161kovo prestavite\u013en\u00fd skrutkova\u010d,  s&nbsp;mo\u017enos\u0165ou vhadzovania skrutky pre z\u00e1ves<\/li>\n<li>&nbsp;pneumatick\u00fd pod\u00e1va\u010d skrutiek<\/li>\n<li>&nbsp;jedno alebo dvoj vretenn\u00e1 v\u0155tacia jednotka okenn\u00fdch  kr\u00eddlov\u00fdch z\u00e1vesov<\/li>\n<li>&nbsp;hydropneumatick\u00e1 v\u0155tacia jednotka pre v\u0155tanie otvorov  okennej prevodovky<\/li>\n<li>&nbsp;fr\u00e9zovacia jednotka kapsy prevodovky<\/li>\n<\/ul>\n<li><strong>Opcia <\/strong>\u2013 stojanov\u00fd z\u00e1sobn\u00edk  kovania HECTOR FHK<\/li>\n<\/ul>\n","protected":false},"featured_media":886,"comment_status":"closed","ping_status":"open","template":"","meta":{"_monsterinsights_skip_tracking":false,"_monsterinsights_sitenote_active":false,"_monsterinsights_sitenote_note":"","_monsterinsights_sitenote_category":0},"product_brand":[],"product_cat":[37],"product_tag":[],"class_list":{"0":"post-885","1":"product","2":"type-product","3":"status-publish","4":"has-post-thumbnail","6":"product_cat-montazne-stoly-kovacie-zariadenia-a-automaty","8":"first","9":"instock","10":"product-type-simple"},"yoast_head":"<!-- This site is optimized with the Yoast SEO plugin v27.4 - https:\/\/yoast.com\/product\/yoast-seo-wordpress\/ -->\n<title>VULCAN S + HECTOR FVK - Mont\u00e1\u017ena stanica okenn\u00fdch kovan\u00ed kr\u00eddel - Pressta Eisele \u010cS<\/title>\n<meta name=\"robots\" content=\"index, follow, max-snippet:-1, max-image-preview:large, max-video-preview:-1\" \/>\n<link rel=\"canonical\" href=\"https:\/\/www.pressta-eisele.eu\/hu\/produkt\/vulcan-s-hector-fvk-montazna-stanica-okennych-kovani-kridel\/\" \/>\n<meta property=\"og:locale\" content=\"hu_HU\" \/>\n<meta property=\"og:type\" content=\"article\" \/>\n<meta property=\"og:title\" content=\"VULCAN S + HECTOR FVK - Mont\u00e1\u017ena stanica okenn\u00fdch kovan\u00ed kr\u00eddel - Pressta Eisele \u010cS\" \/>\n<meta property=\"og:description\" content=\"Z\u00e1kladn\u00e9 modely stroja s\u00fa ur\u010den\u00e9 pre mont\u00e1\u017e kovania a&nbsp;z\u00e1vesov okien z&nbsp;PVC, dreva a&nbsp;hlin\u00edka D\u013a\u017eka stola 3000mm, in\u00fd rozmer na po\u017eiadanie Konfigura\u010dn\u00e1 v\u00fdbava pre jednotliv\u00e9 modely obsahuje   &nbsp;st\u00f4l s&nbsp;pneumatick\u00fdm n\u00e1klonom, zabezpe\u010duj\u00faci pre obsluhu ergonomick\u00fd pr\u00edstup  &nbsp;vn\u00fatorn\u00e9 pneumaticky ovl\u00e1dan\u00e9 centrovacie dorazy  &nbsp;vonkaj\u0161ie pneumaticky ovl\u00e1dan\u00e9 odmeriavacie dorazy pre kovanie  &nbsp;predpr\u00edpravu pre osadenie jedn\u00e9ho alebo dvoch strihac\u00edch n\u00e1strojov na skr\u00e1tenie kovania  &nbsp;povrch stola v&nbsp;z\u00e1vislosti na pou\u017eit\u00ed  Volite\u013en\u00e9 agreg\u00e1ty   &nbsp;automatick\u00e1 skrutkovacia jednotka pojazdn\u00e1 na line\u00e1rnom veden\u00ed  &nbsp;pneumatick\u00fd, v\u00fd\u0161kovo prestavite\u013en\u00fd skrutkova\u010d, s&nbsp;mo\u017enos\u0165ou vhadzovania skrutky pre z\u00e1ves  &nbsp;pneumatick\u00fd pod\u00e1va\u010d skrutiek  &nbsp;jedno alebo dvoj vretenn\u00e1 v\u0155tacia jednotka okenn\u00fdch kr\u00eddlov\u00fdch z\u00e1vesov  &nbsp;hydropneumatick\u00e1 v\u0155tacia jednotka pre v\u0155tanie otvorov okennej prevodovky  &nbsp;fr\u00e9zovacia jednotka kapsy prevodovky  Opcia \u2013 stojanov\u00fd z\u00e1sobn\u00edk kovania HECTOR FHK\" \/>\n<meta property=\"og:url\" content=\"https:\/\/www.pressta-eisele.eu\/hu\/produkt\/vulcan-s-hector-fvk-montazna-stanica-okennych-kovani-kridel\/\" \/>\n<meta property=\"og:site_name\" content=\"Pressta Eisele \u010cS\" \/>\n<meta property=\"article:modified_time\" content=\"2021-01-31T20:35:00+00:00\" \/>\n<meta property=\"og:image\" content=\"https:\/\/www.pressta-eisele.eu\/wp-content\/uploads\/2021\/01\/117.jpg\" \/>\n\t<meta property=\"og:image:width\" content=\"700\" \/>\n\t<meta property=\"og:image:height\" content=\"570\" \/>\n\t<meta property=\"og:image:type\" content=\"image\/jpeg\" \/>\n<meta name=\"twitter:card\" content=\"summary_large_image\" \/>\n<script type=\"application\/ld+json\" class=\"yoast-schema-graph\">{\"@context\":\"https:\\\/\\\/schema.org\",\"@graph\":[{\"@type\":\"WebPage\",\"@id\":\"https:\\\/\\\/www.pressta-eisele.eu\\\/hu\\\/produkt\\\/vulcan-s-hector-fvk-montazna-stanica-okennych-kovani-kridel\\\/\",\"url\":\"https:\\\/\\\/www.pressta-eisele.eu\\\/hu\\\/produkt\\\/vulcan-s-hector-fvk-montazna-stanica-okennych-kovani-kridel\\\/\",\"name\":\"VULCAN S + HECTOR FVK - Mont\u00e1\u017ena stanica okenn\u00fdch kovan\u00ed kr\u00eddel - Pressta Eisele \u010cS\",\"isPartOf\":{\"@id\":\"https:\\\/\\\/www.pressta-eisele.eu\\\/hu\\\/#website\"},\"primaryImageOfPage\":{\"@id\":\"https:\\\/\\\/www.pressta-eisele.eu\\\/hu\\\/produkt\\\/vulcan-s-hector-fvk-montazna-stanica-okennych-kovani-kridel\\\/#primaryimage\"},\"image\":{\"@id\":\"https:\\\/\\\/www.pressta-eisele.eu\\\/hu\\\/produkt\\\/vulcan-s-hector-fvk-montazna-stanica-okennych-kovani-kridel\\\/#primaryimage\"},\"thumbnailUrl\":\"https:\\\/\\\/www.pressta-eisele.eu\\\/wp-content\\\/uploads\\\/2021\\\/01\\\/117.jpg\",\"datePublished\":\"2021-01-31T18:42:25+00:00\",\"dateModified\":\"2021-01-31T20:35:00+00:00\",\"breadcrumb\":{\"@id\":\"https:\\\/\\\/www.pressta-eisele.eu\\\/hu\\\/produkt\\\/vulcan-s-hector-fvk-montazna-stanica-okennych-kovani-kridel\\\/#breadcrumb\"},\"inLanguage\":\"hu\",\"potentialAction\":[{\"@type\":\"ReadAction\",\"target\":[\"https:\\\/\\\/www.pressta-eisele.eu\\\/hu\\\/produkt\\\/vulcan-s-hector-fvk-montazna-stanica-okennych-kovani-kridel\\\/\"]}]},{\"@type\":\"ImageObject\",\"inLanguage\":\"hu\",\"@id\":\"https:\\\/\\\/www.pressta-eisele.eu\\\/hu\\\/produkt\\\/vulcan-s-hector-fvk-montazna-stanica-okennych-kovani-kridel\\\/#primaryimage\",\"url\":\"https:\\\/\\\/www.pressta-eisele.eu\\\/wp-content\\\/uploads\\\/2021\\\/01\\\/117.jpg\",\"contentUrl\":\"https:\\\/\\\/www.pressta-eisele.eu\\\/wp-content\\\/uploads\\\/2021\\\/01\\\/117.jpg\",\"width\":700,\"height\":570,\"caption\":\"VULCAN S + HECTOR FVK - Mont\u00e1\u017ena stanica okenn\u00fdch kovan\u00ed kr\u00eddel\"},{\"@type\":\"BreadcrumbList\",\"@id\":\"https:\\\/\\\/www.pressta-eisele.eu\\\/hu\\\/produkt\\\/vulcan-s-hector-fvk-montazna-stanica-okennych-kovani-kridel\\\/#breadcrumb\",\"itemListElement\":[{\"@type\":\"ListItem\",\"position\":1,\"name\":\"Home\",\"item\":\"https:\\\/\\\/www.pressta-eisele.eu\\\/hu\\\/\"},{\"@type\":\"ListItem\",\"position\":2,\"name\":\"Shop\",\"item\":\"https:\\\/\\\/www.pressta-eisele.eu\\\/hu\\\/shop\\\/\"},{\"@type\":\"ListItem\",\"position\":3,\"name\":\"VULCAN S + HECTOR FVK &#8211; Mont\u00e1\u017ena stanica okenn\u00fdch kovan\u00ed kr\u00eddel\"}]},{\"@type\":\"WebSite\",\"@id\":\"https:\\\/\\\/www.pressta-eisele.eu\\\/hu\\\/#website\",\"url\":\"https:\\\/\\\/www.pressta-eisele.eu\\\/hu\\\/\",\"name\":\"Pressta Eisele \u010cS\",\"description\":\"Vitajte vo svete produktivity\",\"publisher\":{\"@id\":\"https:\\\/\\\/www.pressta-eisele.eu\\\/hu\\\/#organization\"},\"potentialAction\":[{\"@type\":\"SearchAction\",\"target\":{\"@type\":\"EntryPoint\",\"urlTemplate\":\"https:\\\/\\\/www.pressta-eisele.eu\\\/hu\\\/?s={search_term_string}\"},\"query-input\":{\"@type\":\"PropertyValueSpecification\",\"valueRequired\":true,\"valueName\":\"search_term_string\"}}],\"inLanguage\":\"hu\"},{\"@type\":\"Organization\",\"@id\":\"https:\\\/\\\/www.pressta-eisele.eu\\\/hu\\\/#organization\",\"name\":\"Pressta Eisele \u010cS\",\"url\":\"https:\\\/\\\/www.pressta-eisele.eu\\\/hu\\\/\",\"logo\":{\"@type\":\"ImageObject\",\"inLanguage\":\"hu\",\"@id\":\"https:\\\/\\\/www.pressta-eisele.eu\\\/hu\\\/#\\\/schema\\\/logo\\\/image\\\/\",\"url\":\"https:\\\/\\\/www.pressta-eisele.eu\\\/wp-content\\\/uploads\\\/2020\\\/11\\\/pressta-logo-01v.svg\",\"contentUrl\":\"https:\\\/\\\/www.pressta-eisele.eu\\\/wp-content\\\/uploads\\\/2020\\\/11\\\/pressta-logo-01v.svg\",\"caption\":\"Pressta Eisele \u010cS\"},\"image\":{\"@id\":\"https:\\\/\\\/www.pressta-eisele.eu\\\/hu\\\/#\\\/schema\\\/logo\\\/image\\\/\"}}]}<\/script>\n<!-- \/ Yoast SEO plugin. -->","yoast_head_json":{"title":"VULCAN S + HECTOR FVK - Mont\u00e1\u017ena stanica okenn\u00fdch kovan\u00ed kr\u00eddel - Pressta Eisele \u010cS","robots":{"index":"index","follow":"follow","max-snippet":"max-snippet:-1","max-image-preview":"max-image-preview:large","max-video-preview":"max-video-preview:-1"},"canonical":"https:\/\/www.pressta-eisele.eu\/hu\/produkt\/vulcan-s-hector-fvk-montazna-stanica-okennych-kovani-kridel\/","og_locale":"hu_HU","og_type":"article","og_title":"VULCAN S + HECTOR FVK - Mont\u00e1\u017ena stanica okenn\u00fdch kovan\u00ed kr\u00eddel - Pressta Eisele \u010cS","og_description":"Z\u00e1kladn\u00e9 modely stroja s\u00fa ur\u010den\u00e9 pre mont\u00e1\u017e kovania a&nbsp;z\u00e1vesov okien z&nbsp;PVC, dreva a&nbsp;hlin\u00edka D\u013a\u017eka stola 3000mm, in\u00fd rozmer na po\u017eiadanie Konfigura\u010dn\u00e1 v\u00fdbava pre jednotliv\u00e9 modely obsahuje   &nbsp;st\u00f4l s&nbsp;pneumatick\u00fdm n\u00e1klonom, zabezpe\u010duj\u00faci pre obsluhu ergonomick\u00fd pr\u00edstup  &nbsp;vn\u00fatorn\u00e9 pneumaticky ovl\u00e1dan\u00e9 centrovacie dorazy  &nbsp;vonkaj\u0161ie pneumaticky ovl\u00e1dan\u00e9 odmeriavacie dorazy pre kovanie  &nbsp;predpr\u00edpravu pre osadenie jedn\u00e9ho alebo dvoch strihac\u00edch n\u00e1strojov na skr\u00e1tenie kovania  &nbsp;povrch stola v&nbsp;z\u00e1vislosti na pou\u017eit\u00ed  Volite\u013en\u00e9 agreg\u00e1ty   &nbsp;automatick\u00e1 skrutkovacia jednotka pojazdn\u00e1 na line\u00e1rnom veden\u00ed  &nbsp;pneumatick\u00fd, v\u00fd\u0161kovo prestavite\u013en\u00fd skrutkova\u010d, s&nbsp;mo\u017enos\u0165ou vhadzovania skrutky pre z\u00e1ves  &nbsp;pneumatick\u00fd pod\u00e1va\u010d skrutiek  &nbsp;jedno alebo dvoj vretenn\u00e1 v\u0155tacia jednotka okenn\u00fdch kr\u00eddlov\u00fdch z\u00e1vesov  &nbsp;hydropneumatick\u00e1 v\u0155tacia jednotka pre v\u0155tanie otvorov okennej prevodovky  &nbsp;fr\u00e9zovacia jednotka kapsy prevodovky  Opcia \u2013 stojanov\u00fd z\u00e1sobn\u00edk kovania HECTOR FHK","og_url":"https:\/\/www.pressta-eisele.eu\/hu\/produkt\/vulcan-s-hector-fvk-montazna-stanica-okennych-kovani-kridel\/","og_site_name":"Pressta Eisele \u010cS","article_modified_time":"2021-01-31T20:35:00+00:00","og_image":[{"width":700,"height":570,"url":"https:\/\/www.pressta-eisele.eu\/wp-content\/uploads\/2021\/01\/117.jpg","type":"image\/jpeg"}],"twitter_card":"summary_large_image","schema":{"@context":"https:\/\/schema.org","@graph":[{"@type":"WebPage","@id":"https:\/\/www.pressta-eisele.eu\/hu\/produkt\/vulcan-s-hector-fvk-montazna-stanica-okennych-kovani-kridel\/","url":"https:\/\/www.pressta-eisele.eu\/hu\/produkt\/vulcan-s-hector-fvk-montazna-stanica-okennych-kovani-kridel\/","name":"VULCAN S + HECTOR FVK - Mont\u00e1\u017ena stanica okenn\u00fdch kovan\u00ed kr\u00eddel - Pressta Eisele \u010cS","isPartOf":{"@id":"https:\/\/www.pressta-eisele.eu\/hu\/#website"},"primaryImageOfPage":{"@id":"https:\/\/www.pressta-eisele.eu\/hu\/produkt\/vulcan-s-hector-fvk-montazna-stanica-okennych-kovani-kridel\/#primaryimage"},"image":{"@id":"https:\/\/www.pressta-eisele.eu\/hu\/produkt\/vulcan-s-hector-fvk-montazna-stanica-okennych-kovani-kridel\/#primaryimage"},"thumbnailUrl":"https:\/\/www.pressta-eisele.eu\/wp-content\/uploads\/2021\/01\/117.jpg","datePublished":"2021-01-31T18:42:25+00:00","dateModified":"2021-01-31T20:35:00+00:00","breadcrumb":{"@id":"https:\/\/www.pressta-eisele.eu\/hu\/produkt\/vulcan-s-hector-fvk-montazna-stanica-okennych-kovani-kridel\/#breadcrumb"},"inLanguage":"hu","potentialAction":[{"@type":"ReadAction","target":["https:\/\/www.pressta-eisele.eu\/hu\/produkt\/vulcan-s-hector-fvk-montazna-stanica-okennych-kovani-kridel\/"]}]},{"@type":"ImageObject","inLanguage":"hu","@id":"https:\/\/www.pressta-eisele.eu\/hu\/produkt\/vulcan-s-hector-fvk-montazna-stanica-okennych-kovani-kridel\/#primaryimage","url":"https:\/\/www.pressta-eisele.eu\/wp-content\/uploads\/2021\/01\/117.jpg","contentUrl":"https:\/\/www.pressta-eisele.eu\/wp-content\/uploads\/2021\/01\/117.jpg","width":700,"height":570,"caption":"VULCAN S + HECTOR FVK - Mont\u00e1\u017ena stanica okenn\u00fdch kovan\u00ed kr\u00eddel"},{"@type":"BreadcrumbList","@id":"https:\/\/www.pressta-eisele.eu\/hu\/produkt\/vulcan-s-hector-fvk-montazna-stanica-okennych-kovani-kridel\/#breadcrumb","itemListElement":[{"@type":"ListItem","position":1,"name":"Home","item":"https:\/\/www.pressta-eisele.eu\/hu\/"},{"@type":"ListItem","position":2,"name":"Shop","item":"https:\/\/www.pressta-eisele.eu\/hu\/shop\/"},{"@type":"ListItem","position":3,"name":"VULCAN S + HECTOR FVK &#8211; Mont\u00e1\u017ena stanica okenn\u00fdch kovan\u00ed kr\u00eddel"}]},{"@type":"WebSite","@id":"https:\/\/www.pressta-eisele.eu\/hu\/#website","url":"https:\/\/www.pressta-eisele.eu\/hu\/","name":"Pressta Eisele \u010cS","description":"Vitajte vo svete produktivity","publisher":{"@id":"https:\/\/www.pressta-eisele.eu\/hu\/#organization"},"potentialAction":[{"@type":"SearchAction","target":{"@type":"EntryPoint","urlTemplate":"https:\/\/www.pressta-eisele.eu\/hu\/?s={search_term_string}"},"query-input":{"@type":"PropertyValueSpecification","valueRequired":true,"valueName":"search_term_string"}}],"inLanguage":"hu"},{"@type":"Organization","@id":"https:\/\/www.pressta-eisele.eu\/hu\/#organization","name":"Pressta Eisele \u010cS","url":"https:\/\/www.pressta-eisele.eu\/hu\/","logo":{"@type":"ImageObject","inLanguage":"hu","@id":"https:\/\/www.pressta-eisele.eu\/hu\/#\/schema\/logo\/image\/","url":"https:\/\/www.pressta-eisele.eu\/wp-content\/uploads\/2020\/11\/pressta-logo-01v.svg","contentUrl":"https:\/\/www.pressta-eisele.eu\/wp-content\/uploads\/2020\/11\/pressta-logo-01v.svg","caption":"Pressta Eisele \u010cS"},"image":{"@id":"https:\/\/www.pressta-eisele.eu\/hu\/#\/schema\/logo\/image\/"}}]}},"jetpack_sharing_enabled":true,"_links":{"self":[{"href":"https:\/\/www.pressta-eisele.eu\/hu\/wp-json\/wp\/v2\/product\/885","targetHints":{"allow":["GET"]}}],"collection":[{"href":"https:\/\/www.pressta-eisele.eu\/hu\/wp-json\/wp\/v2\/product"}],"about":[{"href":"https:\/\/www.pressta-eisele.eu\/hu\/wp-json\/wp\/v2\/types\/product"}],"replies":[{"embeddable":true,"href":"https:\/\/www.pressta-eisele.eu\/hu\/wp-json\/wp\/v2\/comments?post=885"}],"wp:featuredmedia":[{"embeddable":true,"href":"https:\/\/www.pressta-eisele.eu\/hu\/wp-json\/wp\/v2\/media\/886"}],"wp:attachment":[{"href":"https:\/\/www.pressta-eisele.eu\/hu\/wp-json\/wp\/v2\/media?parent=885"}],"wp:term":[{"taxonomy":"product_brand","embeddable":true,"href":"https:\/\/www.pressta-eisele.eu\/hu\/wp-json\/wp\/v2\/product_brand?post=885"},{"taxonomy":"product_cat","embeddable":true,"href":"https:\/\/www.pressta-eisele.eu\/hu\/wp-json\/wp\/v2\/product_cat?post=885"},{"taxonomy":"product_tag","embeddable":true,"href":"https:\/\/www.pressta-eisele.eu\/hu\/wp-json\/wp\/v2\/product_tag?post=885"}],"curies":[{"name":"wp","href":"https:\/\/api.w.org\/{rel}","templated":true}]}}