{"id":850,"date":"2021-01-31T19:42:25","date_gmt":"2021-01-31T18:42:25","guid":{"rendered":"https:\/\/www.pressta-eisele.eu\/produkt\/golem-pva-vozik-na-profily-s2-dvojstranny\/"},"modified":"2021-01-31T21:09:12","modified_gmt":"2021-01-31T20:09:12","slug":"golem-pva-vozik-na-profily-s2-dvojstranny","status":"publish","type":"product","link":"https:\/\/www.pressta-eisele.eu\/hu\/produkt\/golem-pva-vozik-na-profily-s2-dvojstranny\/","title":{"rendered":"GOLEM  PVA &#8211; Voz\u00edk na profily S2 &#8211; dvojstrann\u00fd"},"content":{"rendered":"","protected":false},"excerpt":{"rendered":"<ul>\n<li>Medziopera\u010dn\u00fd dopravn\u00fd voz\u00edk pre narezan\u00e9 AL a PVC profily<\/li>\n<li>Polyamidov\u00e9 tvrden\u00e9 koles\u00e1<\/li>\n<li>Oporn\u00e9 prvky s protioderov\u00fdm povrchom<\/li>\n<\/ul>\n","protected":false},"featured_media":851,"comment_status":"closed","ping_status":"open","template":"","meta":{"_monsterinsights_skip_tracking":false,"_monsterinsights_sitenote_active":false,"_monsterinsights_sitenote_note":"","_monsterinsights_sitenote_category":0},"product_brand":[],"product_cat":[40],"product_tag":[],"class_list":{"0":"post-850","1":"product","2":"type-product","3":"status-publish","4":"has-post-thumbnail","6":"product_cat-rezanie","8":"first","9":"instock","10":"product-type-simple"},"yoast_head":"<!-- This site is optimized with the Yoast SEO plugin v27.4 - https:\/\/yoast.com\/product\/yoast-seo-wordpress\/ -->\n<title>GOLEM PVA - Voz\u00edk na profily S2 - dvojstrann\u00fd - Pressta Eisele \u010cS<\/title>\n<meta name=\"robots\" content=\"index, follow, max-snippet:-1, max-image-preview:large, max-video-preview:-1\" \/>\n<link rel=\"canonical\" href=\"https:\/\/www.pressta-eisele.eu\/hu\/produkt\/golem-pva-vozik-na-profily-s2-dvojstranny\/\" \/>\n<meta property=\"og:locale\" content=\"hu_HU\" \/>\n<meta property=\"og:type\" content=\"article\" \/>\n<meta property=\"og:title\" content=\"GOLEM PVA - Voz\u00edk na profily S2 - dvojstrann\u00fd - Pressta Eisele \u010cS\" \/>\n<meta property=\"og:description\" content=\"Medziopera\u010dn\u00fd dopravn\u00fd voz\u00edk pre narezan\u00e9 AL a PVC profilyPolyamidov\u00e9 tvrden\u00e9 koles\u00e1Oporn\u00e9 prvky s protioderov\u00fdm povrchom\" \/>\n<meta property=\"og:url\" content=\"https:\/\/www.pressta-eisele.eu\/hu\/produkt\/golem-pva-vozik-na-profily-s2-dvojstranny\/\" \/>\n<meta property=\"og:site_name\" content=\"Pressta Eisele \u010cS\" \/>\n<meta property=\"article:modified_time\" content=\"2021-01-31T20:09:12+00:00\" \/>\n<meta property=\"og:image\" content=\"https:\/\/www.pressta-eisele.eu\/wp-content\/uploads\/2021\/01\/109.jpg\" \/>\n\t<meta property=\"og:image:width\" content=\"500\" \/>\n\t<meta property=\"og:image:height\" content=\"468\" \/>\n\t<meta property=\"og:image:type\" content=\"image\/jpeg\" \/>\n<meta name=\"twitter:card\" content=\"summary_large_image\" \/>\n<script type=\"application\/ld+json\" class=\"yoast-schema-graph\">{\"@context\":\"https:\\\/\\\/schema.org\",\"@graph\":[{\"@type\":\"WebPage\",\"@id\":\"https:\\\/\\\/www.pressta-eisele.eu\\\/hu\\\/produkt\\\/golem-pva-vozik-na-profily-s2-dvojstranny\\\/\",\"url\":\"https:\\\/\\\/www.pressta-eisele.eu\\\/hu\\\/produkt\\\/golem-pva-vozik-na-profily-s2-dvojstranny\\\/\",\"name\":\"GOLEM PVA - Voz\u00edk na profily S2 - dvojstrann\u00fd - Pressta Eisele \u010cS\",\"isPartOf\":{\"@id\":\"https:\\\/\\\/www.pressta-eisele.eu\\\/hu\\\/#website\"},\"primaryImageOfPage\":{\"@id\":\"https:\\\/\\\/www.pressta-eisele.eu\\\/hu\\\/produkt\\\/golem-pva-vozik-na-profily-s2-dvojstranny\\\/#primaryimage\"},\"image\":{\"@id\":\"https:\\\/\\\/www.pressta-eisele.eu\\\/hu\\\/produkt\\\/golem-pva-vozik-na-profily-s2-dvojstranny\\\/#primaryimage\"},\"thumbnailUrl\":\"https:\\\/\\\/www.pressta-eisele.eu\\\/wp-content\\\/uploads\\\/2021\\\/01\\\/109.jpg\",\"datePublished\":\"2021-01-31T18:42:25+00:00\",\"dateModified\":\"2021-01-31T20:09:12+00:00\",\"breadcrumb\":{\"@id\":\"https:\\\/\\\/www.pressta-eisele.eu\\\/hu\\\/produkt\\\/golem-pva-vozik-na-profily-s2-dvojstranny\\\/#breadcrumb\"},\"inLanguage\":\"hu\",\"potentialAction\":[{\"@type\":\"ReadAction\",\"target\":[\"https:\\\/\\\/www.pressta-eisele.eu\\\/hu\\\/produkt\\\/golem-pva-vozik-na-profily-s2-dvojstranny\\\/\"]}]},{\"@type\":\"ImageObject\",\"inLanguage\":\"hu\",\"@id\":\"https:\\\/\\\/www.pressta-eisele.eu\\\/hu\\\/produkt\\\/golem-pva-vozik-na-profily-s2-dvojstranny\\\/#primaryimage\",\"url\":\"https:\\\/\\\/www.pressta-eisele.eu\\\/wp-content\\\/uploads\\\/2021\\\/01\\\/109.jpg\",\"contentUrl\":\"https:\\\/\\\/www.pressta-eisele.eu\\\/wp-content\\\/uploads\\\/2021\\\/01\\\/109.jpg\",\"width\":500,\"height\":468,\"caption\":\"GOLEM PVA - Voz\u00edk na profily S2 - dvojstrann\u00fd\"},{\"@type\":\"BreadcrumbList\",\"@id\":\"https:\\\/\\\/www.pressta-eisele.eu\\\/hu\\\/produkt\\\/golem-pva-vozik-na-profily-s2-dvojstranny\\\/#breadcrumb\",\"itemListElement\":[{\"@type\":\"ListItem\",\"position\":1,\"name\":\"Home\",\"item\":\"https:\\\/\\\/www.pressta-eisele.eu\\\/hu\\\/\"},{\"@type\":\"ListItem\",\"position\":2,\"name\":\"Shop\",\"item\":\"https:\\\/\\\/www.pressta-eisele.eu\\\/hu\\\/shop\\\/\"},{\"@type\":\"ListItem\",\"position\":3,\"name\":\"GOLEM PVA &#8211; Voz\u00edk na profily S2 &#8211; dvojstrann\u00fd\"}]},{\"@type\":\"WebSite\",\"@id\":\"https:\\\/\\\/www.pressta-eisele.eu\\\/hu\\\/#website\",\"url\":\"https:\\\/\\\/www.pressta-eisele.eu\\\/hu\\\/\",\"name\":\"Pressta Eisele \u010cS\",\"description\":\"Vitajte vo svete produktivity\",\"publisher\":{\"@id\":\"https:\\\/\\\/www.pressta-eisele.eu\\\/hu\\\/#organization\"},\"potentialAction\":[{\"@type\":\"SearchAction\",\"target\":{\"@type\":\"EntryPoint\",\"urlTemplate\":\"https:\\\/\\\/www.pressta-eisele.eu\\\/hu\\\/?s={search_term_string}\"},\"query-input\":{\"@type\":\"PropertyValueSpecification\",\"valueRequired\":true,\"valueName\":\"search_term_string\"}}],\"inLanguage\":\"hu\"},{\"@type\":\"Organization\",\"@id\":\"https:\\\/\\\/www.pressta-eisele.eu\\\/hu\\\/#organization\",\"name\":\"Pressta Eisele \u010cS\",\"url\":\"https:\\\/\\\/www.pressta-eisele.eu\\\/hu\\\/\",\"logo\":{\"@type\":\"ImageObject\",\"inLanguage\":\"hu\",\"@id\":\"https:\\\/\\\/www.pressta-eisele.eu\\\/hu\\\/#\\\/schema\\\/logo\\\/image\\\/\",\"url\":\"https:\\\/\\\/www.pressta-eisele.eu\\\/wp-content\\\/uploads\\\/2020\\\/11\\\/pressta-logo-01v.svg\",\"contentUrl\":\"https:\\\/\\\/www.pressta-eisele.eu\\\/wp-content\\\/uploads\\\/2020\\\/11\\\/pressta-logo-01v.svg\",\"caption\":\"Pressta Eisele \u010cS\"},\"image\":{\"@id\":\"https:\\\/\\\/www.pressta-eisele.eu\\\/hu\\\/#\\\/schema\\\/logo\\\/image\\\/\"}}]}<\/script>\n<!-- \/ Yoast SEO plugin. -->","yoast_head_json":{"title":"GOLEM PVA - Voz\u00edk na profily S2 - dvojstrann\u00fd - Pressta Eisele \u010cS","robots":{"index":"index","follow":"follow","max-snippet":"max-snippet:-1","max-image-preview":"max-image-preview:large","max-video-preview":"max-video-preview:-1"},"canonical":"https:\/\/www.pressta-eisele.eu\/hu\/produkt\/golem-pva-vozik-na-profily-s2-dvojstranny\/","og_locale":"hu_HU","og_type":"article","og_title":"GOLEM PVA - Voz\u00edk na profily S2 - dvojstrann\u00fd - Pressta Eisele \u010cS","og_description":"Medziopera\u010dn\u00fd dopravn\u00fd voz\u00edk pre narezan\u00e9 AL a PVC profilyPolyamidov\u00e9 tvrden\u00e9 koles\u00e1Oporn\u00e9 prvky s protioderov\u00fdm povrchom","og_url":"https:\/\/www.pressta-eisele.eu\/hu\/produkt\/golem-pva-vozik-na-profily-s2-dvojstranny\/","og_site_name":"Pressta Eisele \u010cS","article_modified_time":"2021-01-31T20:09:12+00:00","og_image":[{"width":500,"height":468,"url":"https:\/\/www.pressta-eisele.eu\/wp-content\/uploads\/2021\/01\/109.jpg","type":"image\/jpeg"}],"twitter_card":"summary_large_image","schema":{"@context":"https:\/\/schema.org","@graph":[{"@type":"WebPage","@id":"https:\/\/www.pressta-eisele.eu\/hu\/produkt\/golem-pva-vozik-na-profily-s2-dvojstranny\/","url":"https:\/\/www.pressta-eisele.eu\/hu\/produkt\/golem-pva-vozik-na-profily-s2-dvojstranny\/","name":"GOLEM PVA - Voz\u00edk na profily S2 - dvojstrann\u00fd - Pressta Eisele \u010cS","isPartOf":{"@id":"https:\/\/www.pressta-eisele.eu\/hu\/#website"},"primaryImageOfPage":{"@id":"https:\/\/www.pressta-eisele.eu\/hu\/produkt\/golem-pva-vozik-na-profily-s2-dvojstranny\/#primaryimage"},"image":{"@id":"https:\/\/www.pressta-eisele.eu\/hu\/produkt\/golem-pva-vozik-na-profily-s2-dvojstranny\/#primaryimage"},"thumbnailUrl":"https:\/\/www.pressta-eisele.eu\/wp-content\/uploads\/2021\/01\/109.jpg","datePublished":"2021-01-31T18:42:25+00:00","dateModified":"2021-01-31T20:09:12+00:00","breadcrumb":{"@id":"https:\/\/www.pressta-eisele.eu\/hu\/produkt\/golem-pva-vozik-na-profily-s2-dvojstranny\/#breadcrumb"},"inLanguage":"hu","potentialAction":[{"@type":"ReadAction","target":["https:\/\/www.pressta-eisele.eu\/hu\/produkt\/golem-pva-vozik-na-profily-s2-dvojstranny\/"]}]},{"@type":"ImageObject","inLanguage":"hu","@id":"https:\/\/www.pressta-eisele.eu\/hu\/produkt\/golem-pva-vozik-na-profily-s2-dvojstranny\/#primaryimage","url":"https:\/\/www.pressta-eisele.eu\/wp-content\/uploads\/2021\/01\/109.jpg","contentUrl":"https:\/\/www.pressta-eisele.eu\/wp-content\/uploads\/2021\/01\/109.jpg","width":500,"height":468,"caption":"GOLEM PVA - Voz\u00edk na profily S2 - dvojstrann\u00fd"},{"@type":"BreadcrumbList","@id":"https:\/\/www.pressta-eisele.eu\/hu\/produkt\/golem-pva-vozik-na-profily-s2-dvojstranny\/#breadcrumb","itemListElement":[{"@type":"ListItem","position":1,"name":"Home","item":"https:\/\/www.pressta-eisele.eu\/hu\/"},{"@type":"ListItem","position":2,"name":"Shop","item":"https:\/\/www.pressta-eisele.eu\/hu\/shop\/"},{"@type":"ListItem","position":3,"name":"GOLEM PVA &#8211; Voz\u00edk na profily S2 &#8211; dvojstrann\u00fd"}]},{"@type":"WebSite","@id":"https:\/\/www.pressta-eisele.eu\/hu\/#website","url":"https:\/\/www.pressta-eisele.eu\/hu\/","name":"Pressta Eisele \u010cS","description":"Vitajte vo svete produktivity","publisher":{"@id":"https:\/\/www.pressta-eisele.eu\/hu\/#organization"},"potentialAction":[{"@type":"SearchAction","target":{"@type":"EntryPoint","urlTemplate":"https:\/\/www.pressta-eisele.eu\/hu\/?s={search_term_string}"},"query-input":{"@type":"PropertyValueSpecification","valueRequired":true,"valueName":"search_term_string"}}],"inLanguage":"hu"},{"@type":"Organization","@id":"https:\/\/www.pressta-eisele.eu\/hu\/#organization","name":"Pressta Eisele \u010cS","url":"https:\/\/www.pressta-eisele.eu\/hu\/","logo":{"@type":"ImageObject","inLanguage":"hu","@id":"https:\/\/www.pressta-eisele.eu\/hu\/#\/schema\/logo\/image\/","url":"https:\/\/www.pressta-eisele.eu\/wp-content\/uploads\/2020\/11\/pressta-logo-01v.svg","contentUrl":"https:\/\/www.pressta-eisele.eu\/wp-content\/uploads\/2020\/11\/pressta-logo-01v.svg","caption":"Pressta Eisele \u010cS"},"image":{"@id":"https:\/\/www.pressta-eisele.eu\/hu\/#\/schema\/logo\/image\/"}}]}},"jetpack_sharing_enabled":true,"_links":{"self":[{"href":"https:\/\/www.pressta-eisele.eu\/hu\/wp-json\/wp\/v2\/product\/850","targetHints":{"allow":["GET"]}}],"collection":[{"href":"https:\/\/www.pressta-eisele.eu\/hu\/wp-json\/wp\/v2\/product"}],"about":[{"href":"https:\/\/www.pressta-eisele.eu\/hu\/wp-json\/wp\/v2\/types\/product"}],"replies":[{"embeddable":true,"href":"https:\/\/www.pressta-eisele.eu\/hu\/wp-json\/wp\/v2\/comments?post=850"}],"wp:featuredmedia":[{"embeddable":true,"href":"https:\/\/www.pressta-eisele.eu\/hu\/wp-json\/wp\/v2\/media\/851"}],"wp:attachment":[{"href":"https:\/\/www.pressta-eisele.eu\/hu\/wp-json\/wp\/v2\/media?parent=850"}],"wp:term":[{"taxonomy":"product_brand","embeddable":true,"href":"https:\/\/www.pressta-eisele.eu\/hu\/wp-json\/wp\/v2\/product_brand?post=850"},{"taxonomy":"product_cat","embeddable":true,"href":"https:\/\/www.pressta-eisele.eu\/hu\/wp-json\/wp\/v2\/product_cat?post=850"},{"taxonomy":"product_tag","embeddable":true,"href":"https:\/\/www.pressta-eisele.eu\/hu\/wp-json\/wp\/v2\/product_tag?post=850"}],"curies":[{"name":"wp","href":"https:\/\/api.w.org\/{rel}","templated":true}]}}