{"id":790,"date":"2021-01-31T19:42:15","date_gmt":"2021-01-31T18:42:15","guid":{"rendered":"https:\/\/www.pressta-eisele.eu\/produkt\/panto-100-jednovretenova-kopirovacia-freza\/"},"modified":"2021-02-08T10:11:42","modified_gmt":"2021-02-08T09:11:42","slug":"panto-100-jednovretenova-kopirovacia-freza","status":"publish","type":"product","link":"https:\/\/www.pressta-eisele.eu\/hu\/produkt\/panto-100-jednovretenova-kopirovacia-freza\/","title":{"rendered":"Panto 100 &#8211; Jednovretenov\u00e1 kop\u00edrovacia fr\u00e9za"},"content":{"rendered":"<p><iframe title=\"PANTO 100 \u2013 kop\u00edrovacia fr\u00e9za\" width=\"750\" height=\"422\" src=\"https:\/\/www.youtube.com\/embed\/tFn-dmIJFKM?feature=oembed\" frameborder=\"0\" allow=\"accelerometer; autoplay; clipboard-write; encrypted-media; gyroscope; picture-in-picture\" allowfullscreen><\/iframe><\/p>\n<p>&nbsp;<\/p>\n","protected":false},"excerpt":{"rendered":"<ul>\n<li>Ur\u010den\u00e9 pre fr\u00e9zovanie v AL, PVC, Fe a tie\u017e vo farebn\u00fdch kovoch.<\/li>\n<li>Vertik\u00e1lny fr\u00e9zovac\u00ed agreg\u00e1t osaden\u00fd elektrovretenom s frekven\u010dne riadenou regul\u00e1ciou ot\u00e1\u010dok.<\/li>\n<li>Dva pneumaticky ovl\u00e1dan\u00e9 kop\u00edrovacie hroty pre kop\u00edrovanie v pomere 1:1. \u0160tandartn\u00fd palec hrotu s odstup\u0148ovan\u00fdmi \u00f8 6,8,10 mm, in\u00fd na po\u017eiadanie.<\/li>\n<li>Obojru\u010dn\u00e9 ovl\u00e1danie san\u00ed elektrovretena v osiach X, Y, Z. Sane osaden\u00e9 na valiv\u00fdch line\u00e1rnych lo\u017eisk\u00e1ch. Rozsah pohybov mo\u017eno obmedzi\u0165 na dorazoch s mer\u00edtkami.<\/li>\n<li>Vo\u013ene polohovate\u013en\u00e9 pneumatick\u00e9 up\u00edna\u010de umo\u017e\u0148uj\u00fa vyu\u017e\u00edva\u0165 priechodzie fr\u00e9zovanie pri jednom upnut\u00ed. (stolov\u00e1 doska nie je, a teda netvor\u00ed prek\u00e1\u017eku pre n\u00e1stroj).<\/li>\n<li>Pripraven\u00e9 pre osadenie dvoch merac\u00edch syst\u00e9mov s\u00fa\u010dasne Central stred\/odstup\u0148ovan\u00e9 kovania<\/li>\n<li>Kop\u00edrovacia \u0161abl\u00f3na-r\u00fdchlov\u00fdmenn\u00fd syst\u00e9m s presn\u00fdm polohovan\u00edm.<\/li>\n<\/ul>\n","protected":false},"featured_media":791,"comment_status":"closed","ping_status":"closed","template":"","meta":{"_monsterinsights_skip_tracking":false,"_monsterinsights_sitenote_active":false,"_monsterinsights_sitenote_note":"","_monsterinsights_sitenote_category":0},"product_brand":[],"product_cat":[27,39],"product_tag":[],"class_list":{"0":"post-790","1":"product","2":"type-product","3":"status-publish","4":"has-post-thumbnail","6":"product_cat-kopirovacie-frezky","7":"product_cat-opracovanie-profilov","9":"first","10":"instock","11":"product-type-simple"},"yoast_head":"<!-- This site is optimized with the Yoast SEO plugin v27.4 - https:\/\/yoast.com\/product\/yoast-seo-wordpress\/ -->\n<title>Panto 100 - Jednovretenov\u00e1 kop\u00edrovacia fr\u00e9za - Pressta Eisele \u010cS<\/title>\n<meta name=\"robots\" content=\"index, follow, max-snippet:-1, max-image-preview:large, max-video-preview:-1\" \/>\n<link rel=\"canonical\" href=\"https:\/\/www.pressta-eisele.eu\/hu\/produkt\/panto-100-jednovretenova-kopirovacia-freza\/\" \/>\n<meta property=\"og:locale\" content=\"hu_HU\" \/>\n<meta property=\"og:type\" content=\"article\" \/>\n<meta property=\"og:title\" content=\"Panto 100 - Jednovretenov\u00e1 kop\u00edrovacia fr\u00e9za - Pressta Eisele \u010cS\" \/>\n<meta property=\"og:description\" content=\"Ur\u010den\u00e9 pre fr\u00e9zovanie v AL, PVC, Fe a tie\u017e vo farebn\u00fdch kovoch.  Vertik\u00e1lny fr\u00e9zovac\u00ed agreg\u00e1t osaden\u00fd elektrovretenom s frekven\u010dne riadenou regul\u00e1ciou ot\u00e1\u010dok.  Dva pneumaticky ovl\u00e1dan\u00e9 kop\u00edrovacie hroty pre kop\u00edrovanie v pomere 1:1. \u0160tandartn\u00fd palec hrotu s odstup\u0148ovan\u00fdmi \u00f8 6,8,10 mm, in\u00fd na po\u017eiadanie.  Obojru\u010dn\u00e9 ovl\u00e1danie san\u00ed elektrovretena v osiach X, Y, Z. Sane osaden\u00e9 na valiv\u00fdch line\u00e1rnych lo\u017eisk\u00e1ch. Rozsah pohybov mo\u017eno obmedzi\u0165 na dorazoch s mer\u00edtkami.  Vo\u013ene polohovate\u013en\u00e9 pneumatick\u00e9 up\u00edna\u010de umo\u017e\u0148uj\u00fa vyu\u017e\u00edva\u0165 priechodzie fr\u00e9zovanie pri jednom upnut\u00ed. (stolov\u00e1 doska nie je, a teda netvor\u00ed prek\u00e1\u017eku pre n\u00e1stroj).  Pripraven\u00e9 pre osadenie dvoch merac\u00edch syst\u00e9mov s\u00fa\u010dasne Central stred\/odstup\u0148ovan\u00e9 kovania  Kop\u00edrovacia \u0161abl\u00f3na-r\u00fdchlov\u00fdmenn\u00fd syst\u00e9m s presn\u00fdm polohovan\u00edm.\" \/>\n<meta property=\"og:url\" content=\"https:\/\/www.pressta-eisele.eu\/hu\/produkt\/panto-100-jednovretenova-kopirovacia-freza\/\" \/>\n<meta property=\"og:site_name\" content=\"Pressta Eisele \u010cS\" \/>\n<meta property=\"article:modified_time\" content=\"2021-02-08T09:11:42+00:00\" \/>\n<meta property=\"og:image\" content=\"https:\/\/www.pressta-eisele.eu\/wp-content\/uploads\/2021\/01\/83.jpg\" \/>\n\t<meta property=\"og:image:width\" content=\"339\" \/>\n\t<meta property=\"og:image:height\" content=\"500\" \/>\n\t<meta property=\"og:image:type\" content=\"image\/jpeg\" \/>\n<meta name=\"twitter:card\" content=\"summary_large_image\" \/>\n<meta name=\"twitter:label1\" content=\"Becs\u00fclt olvas\u00e1si id\u0151\" \/>\n\t<meta name=\"twitter:data1\" content=\"1 perc\" \/>\n<script type=\"application\/ld+json\" class=\"yoast-schema-graph\">{\"@context\":\"https:\\\/\\\/schema.org\",\"@graph\":[{\"@type\":\"WebPage\",\"@id\":\"https:\\\/\\\/www.pressta-eisele.eu\\\/hu\\\/produkt\\\/panto-100-jednovretenova-kopirovacia-freza\\\/\",\"url\":\"https:\\\/\\\/www.pressta-eisele.eu\\\/hu\\\/produkt\\\/panto-100-jednovretenova-kopirovacia-freza\\\/\",\"name\":\"Panto 100 - Jednovretenov\u00e1 kop\u00edrovacia fr\u00e9za - Pressta Eisele \u010cS\",\"isPartOf\":{\"@id\":\"https:\\\/\\\/www.pressta-eisele.eu\\\/hu\\\/#website\"},\"primaryImageOfPage\":{\"@id\":\"https:\\\/\\\/www.pressta-eisele.eu\\\/hu\\\/produkt\\\/panto-100-jednovretenova-kopirovacia-freza\\\/#primaryimage\"},\"image\":{\"@id\":\"https:\\\/\\\/www.pressta-eisele.eu\\\/hu\\\/produkt\\\/panto-100-jednovretenova-kopirovacia-freza\\\/#primaryimage\"},\"thumbnailUrl\":\"https:\\\/\\\/www.pressta-eisele.eu\\\/wp-content\\\/uploads\\\/2021\\\/01\\\/83.jpg\",\"datePublished\":\"2021-01-31T18:42:15+00:00\",\"dateModified\":\"2021-02-08T09:11:42+00:00\",\"breadcrumb\":{\"@id\":\"https:\\\/\\\/www.pressta-eisele.eu\\\/hu\\\/produkt\\\/panto-100-jednovretenova-kopirovacia-freza\\\/#breadcrumb\"},\"inLanguage\":\"hu\",\"potentialAction\":[{\"@type\":\"ReadAction\",\"target\":[\"https:\\\/\\\/www.pressta-eisele.eu\\\/hu\\\/produkt\\\/panto-100-jednovretenova-kopirovacia-freza\\\/\"]}]},{\"@type\":\"ImageObject\",\"inLanguage\":\"hu\",\"@id\":\"https:\\\/\\\/www.pressta-eisele.eu\\\/hu\\\/produkt\\\/panto-100-jednovretenova-kopirovacia-freza\\\/#primaryimage\",\"url\":\"https:\\\/\\\/www.pressta-eisele.eu\\\/wp-content\\\/uploads\\\/2021\\\/01\\\/83.jpg\",\"contentUrl\":\"https:\\\/\\\/www.pressta-eisele.eu\\\/wp-content\\\/uploads\\\/2021\\\/01\\\/83.jpg\",\"width\":339,\"height\":500,\"caption\":\"Panto 100 - Jednovretenov\u00e1 kop\u00edrovacia fr\u00e9za\"},{\"@type\":\"BreadcrumbList\",\"@id\":\"https:\\\/\\\/www.pressta-eisele.eu\\\/hu\\\/produkt\\\/panto-100-jednovretenova-kopirovacia-freza\\\/#breadcrumb\",\"itemListElement\":[{\"@type\":\"ListItem\",\"position\":1,\"name\":\"Home\",\"item\":\"https:\\\/\\\/www.pressta-eisele.eu\\\/hu\\\/\"},{\"@type\":\"ListItem\",\"position\":2,\"name\":\"Shop\",\"item\":\"https:\\\/\\\/www.pressta-eisele.eu\\\/hu\\\/shop\\\/\"},{\"@type\":\"ListItem\",\"position\":3,\"name\":\"Panto 100 &#8211; Jednovretenov\u00e1 kop\u00edrovacia fr\u00e9za\"}]},{\"@type\":\"WebSite\",\"@id\":\"https:\\\/\\\/www.pressta-eisele.eu\\\/hu\\\/#website\",\"url\":\"https:\\\/\\\/www.pressta-eisele.eu\\\/hu\\\/\",\"name\":\"Pressta Eisele \u010cS\",\"description\":\"Vitajte vo svete produktivity\",\"publisher\":{\"@id\":\"https:\\\/\\\/www.pressta-eisele.eu\\\/hu\\\/#organization\"},\"potentialAction\":[{\"@type\":\"SearchAction\",\"target\":{\"@type\":\"EntryPoint\",\"urlTemplate\":\"https:\\\/\\\/www.pressta-eisele.eu\\\/hu\\\/?s={search_term_string}\"},\"query-input\":{\"@type\":\"PropertyValueSpecification\",\"valueRequired\":true,\"valueName\":\"search_term_string\"}}],\"inLanguage\":\"hu\"},{\"@type\":\"Organization\",\"@id\":\"https:\\\/\\\/www.pressta-eisele.eu\\\/hu\\\/#organization\",\"name\":\"Pressta Eisele \u010cS\",\"url\":\"https:\\\/\\\/www.pressta-eisele.eu\\\/hu\\\/\",\"logo\":{\"@type\":\"ImageObject\",\"inLanguage\":\"hu\",\"@id\":\"https:\\\/\\\/www.pressta-eisele.eu\\\/hu\\\/#\\\/schema\\\/logo\\\/image\\\/\",\"url\":\"https:\\\/\\\/www.pressta-eisele.eu\\\/wp-content\\\/uploads\\\/2020\\\/11\\\/pressta-logo-01v.svg\",\"contentUrl\":\"https:\\\/\\\/www.pressta-eisele.eu\\\/wp-content\\\/uploads\\\/2020\\\/11\\\/pressta-logo-01v.svg\",\"caption\":\"Pressta Eisele \u010cS\"},\"image\":{\"@id\":\"https:\\\/\\\/www.pressta-eisele.eu\\\/hu\\\/#\\\/schema\\\/logo\\\/image\\\/\"}}]}<\/script>\n<!-- \/ Yoast SEO plugin. -->","yoast_head_json":{"title":"Panto 100 - Jednovretenov\u00e1 kop\u00edrovacia fr\u00e9za - Pressta Eisele \u010cS","robots":{"index":"index","follow":"follow","max-snippet":"max-snippet:-1","max-image-preview":"max-image-preview:large","max-video-preview":"max-video-preview:-1"},"canonical":"https:\/\/www.pressta-eisele.eu\/hu\/produkt\/panto-100-jednovretenova-kopirovacia-freza\/","og_locale":"hu_HU","og_type":"article","og_title":"Panto 100 - Jednovretenov\u00e1 kop\u00edrovacia fr\u00e9za - Pressta Eisele \u010cS","og_description":"Ur\u010den\u00e9 pre fr\u00e9zovanie v AL, PVC, Fe a tie\u017e vo farebn\u00fdch kovoch.  Vertik\u00e1lny fr\u00e9zovac\u00ed agreg\u00e1t osaden\u00fd elektrovretenom s frekven\u010dne riadenou regul\u00e1ciou ot\u00e1\u010dok.  Dva pneumaticky ovl\u00e1dan\u00e9 kop\u00edrovacie hroty pre kop\u00edrovanie v pomere 1:1. \u0160tandartn\u00fd palec hrotu s odstup\u0148ovan\u00fdmi \u00f8 6,8,10 mm, in\u00fd na po\u017eiadanie.  Obojru\u010dn\u00e9 ovl\u00e1danie san\u00ed elektrovretena v osiach X, Y, Z. Sane osaden\u00e9 na valiv\u00fdch line\u00e1rnych lo\u017eisk\u00e1ch. Rozsah pohybov mo\u017eno obmedzi\u0165 na dorazoch s mer\u00edtkami.  Vo\u013ene polohovate\u013en\u00e9 pneumatick\u00e9 up\u00edna\u010de umo\u017e\u0148uj\u00fa vyu\u017e\u00edva\u0165 priechodzie fr\u00e9zovanie pri jednom upnut\u00ed. (stolov\u00e1 doska nie je, a teda netvor\u00ed prek\u00e1\u017eku pre n\u00e1stroj).  Pripraven\u00e9 pre osadenie dvoch merac\u00edch syst\u00e9mov s\u00fa\u010dasne Central stred\/odstup\u0148ovan\u00e9 kovania  Kop\u00edrovacia \u0161abl\u00f3na-r\u00fdchlov\u00fdmenn\u00fd syst\u00e9m s presn\u00fdm polohovan\u00edm.","og_url":"https:\/\/www.pressta-eisele.eu\/hu\/produkt\/panto-100-jednovretenova-kopirovacia-freza\/","og_site_name":"Pressta Eisele \u010cS","article_modified_time":"2021-02-08T09:11:42+00:00","og_image":[{"width":339,"height":500,"url":"https:\/\/www.pressta-eisele.eu\/wp-content\/uploads\/2021\/01\/83.jpg","type":"image\/jpeg"}],"twitter_card":"summary_large_image","twitter_misc":{"Becs\u00fclt olvas\u00e1si id\u0151":"1 perc"},"schema":{"@context":"https:\/\/schema.org","@graph":[{"@type":"WebPage","@id":"https:\/\/www.pressta-eisele.eu\/hu\/produkt\/panto-100-jednovretenova-kopirovacia-freza\/","url":"https:\/\/www.pressta-eisele.eu\/hu\/produkt\/panto-100-jednovretenova-kopirovacia-freza\/","name":"Panto 100 - Jednovretenov\u00e1 kop\u00edrovacia fr\u00e9za - Pressta Eisele \u010cS","isPartOf":{"@id":"https:\/\/www.pressta-eisele.eu\/hu\/#website"},"primaryImageOfPage":{"@id":"https:\/\/www.pressta-eisele.eu\/hu\/produkt\/panto-100-jednovretenova-kopirovacia-freza\/#primaryimage"},"image":{"@id":"https:\/\/www.pressta-eisele.eu\/hu\/produkt\/panto-100-jednovretenova-kopirovacia-freza\/#primaryimage"},"thumbnailUrl":"https:\/\/www.pressta-eisele.eu\/wp-content\/uploads\/2021\/01\/83.jpg","datePublished":"2021-01-31T18:42:15+00:00","dateModified":"2021-02-08T09:11:42+00:00","breadcrumb":{"@id":"https:\/\/www.pressta-eisele.eu\/hu\/produkt\/panto-100-jednovretenova-kopirovacia-freza\/#breadcrumb"},"inLanguage":"hu","potentialAction":[{"@type":"ReadAction","target":["https:\/\/www.pressta-eisele.eu\/hu\/produkt\/panto-100-jednovretenova-kopirovacia-freza\/"]}]},{"@type":"ImageObject","inLanguage":"hu","@id":"https:\/\/www.pressta-eisele.eu\/hu\/produkt\/panto-100-jednovretenova-kopirovacia-freza\/#primaryimage","url":"https:\/\/www.pressta-eisele.eu\/wp-content\/uploads\/2021\/01\/83.jpg","contentUrl":"https:\/\/www.pressta-eisele.eu\/wp-content\/uploads\/2021\/01\/83.jpg","width":339,"height":500,"caption":"Panto 100 - Jednovretenov\u00e1 kop\u00edrovacia fr\u00e9za"},{"@type":"BreadcrumbList","@id":"https:\/\/www.pressta-eisele.eu\/hu\/produkt\/panto-100-jednovretenova-kopirovacia-freza\/#breadcrumb","itemListElement":[{"@type":"ListItem","position":1,"name":"Home","item":"https:\/\/www.pressta-eisele.eu\/hu\/"},{"@type":"ListItem","position":2,"name":"Shop","item":"https:\/\/www.pressta-eisele.eu\/hu\/shop\/"},{"@type":"ListItem","position":3,"name":"Panto 100 &#8211; Jednovretenov\u00e1 kop\u00edrovacia fr\u00e9za"}]},{"@type":"WebSite","@id":"https:\/\/www.pressta-eisele.eu\/hu\/#website","url":"https:\/\/www.pressta-eisele.eu\/hu\/","name":"Pressta Eisele \u010cS","description":"Vitajte vo svete produktivity","publisher":{"@id":"https:\/\/www.pressta-eisele.eu\/hu\/#organization"},"potentialAction":[{"@type":"SearchAction","target":{"@type":"EntryPoint","urlTemplate":"https:\/\/www.pressta-eisele.eu\/hu\/?s={search_term_string}"},"query-input":{"@type":"PropertyValueSpecification","valueRequired":true,"valueName":"search_term_string"}}],"inLanguage":"hu"},{"@type":"Organization","@id":"https:\/\/www.pressta-eisele.eu\/hu\/#organization","name":"Pressta Eisele \u010cS","url":"https:\/\/www.pressta-eisele.eu\/hu\/","logo":{"@type":"ImageObject","inLanguage":"hu","@id":"https:\/\/www.pressta-eisele.eu\/hu\/#\/schema\/logo\/image\/","url":"https:\/\/www.pressta-eisele.eu\/wp-content\/uploads\/2020\/11\/pressta-logo-01v.svg","contentUrl":"https:\/\/www.pressta-eisele.eu\/wp-content\/uploads\/2020\/11\/pressta-logo-01v.svg","caption":"Pressta Eisele \u010cS"},"image":{"@id":"https:\/\/www.pressta-eisele.eu\/hu\/#\/schema\/logo\/image\/"}}]}},"jetpack_sharing_enabled":true,"_links":{"self":[{"href":"https:\/\/www.pressta-eisele.eu\/hu\/wp-json\/wp\/v2\/product\/790","targetHints":{"allow":["GET"]}}],"collection":[{"href":"https:\/\/www.pressta-eisele.eu\/hu\/wp-json\/wp\/v2\/product"}],"about":[{"href":"https:\/\/www.pressta-eisele.eu\/hu\/wp-json\/wp\/v2\/types\/product"}],"replies":[{"embeddable":true,"href":"https:\/\/www.pressta-eisele.eu\/hu\/wp-json\/wp\/v2\/comments?post=790"}],"wp:featuredmedia":[{"embeddable":true,"href":"https:\/\/www.pressta-eisele.eu\/hu\/wp-json\/wp\/v2\/media\/791"}],"wp:attachment":[{"href":"https:\/\/www.pressta-eisele.eu\/hu\/wp-json\/wp\/v2\/media?parent=790"}],"wp:term":[{"taxonomy":"product_brand","embeddable":true,"href":"https:\/\/www.pressta-eisele.eu\/hu\/wp-json\/wp\/v2\/product_brand?post=790"},{"taxonomy":"product_cat","embeddable":true,"href":"https:\/\/www.pressta-eisele.eu\/hu\/wp-json\/wp\/v2\/product_cat?post=790"},{"taxonomy":"product_tag","embeddable":true,"href":"https:\/\/www.pressta-eisele.eu\/hu\/wp-json\/wp\/v2\/product_tag?post=790"}],"curies":[{"name":"wp","href":"https:\/\/api.w.org\/{rel}","templated":true}]}}