{"id":780,"date":"2021-01-31T19:42:15","date_gmt":"2021-01-31T18:42:15","guid":{"rendered":"https:\/\/www.pressta-eisele.eu\/produkt\/prisma-400-vyrezavacia-pila\/"},"modified":"2021-01-31T20:35:44","modified_gmt":"2021-01-31T19:35:44","slug":"prisma-400-vyrezavacia-pila","status":"publish","type":"product","link":"https:\/\/www.pressta-eisele.eu\/hu\/produkt\/prisma-400-vyrezavacia-pila\/","title":{"rendered":"PRISMA 400 &#8211; Vyrez\u00e1vacia p\u00edla"},"content":{"rendered":"","protected":false},"excerpt":{"rendered":"<ul>\n<li>Ru\u010dn\u00fd model<\/li>\n<li>P\u00edlov\u00fd kot\u00fa\u010d horizont\u00e1lny a vertik\u00e1lny 400 mm<\/li>\n<li>Rozsah rezania v\u00fd\u0161ka \/ h\u013abka po 135 mm<\/li>\n<li>Doraz materi\u00e1lu a vertik\u00e1lny p\u00edlov\u00fd kot\u00fa\u010d uhlovo priebe\u017ene nastavite\u013en\u00e9 <\/li>\n<\/ul>\n","protected":false},"featured_media":781,"comment_status":"closed","ping_status":"open","template":"","meta":{"_monsterinsights_skip_tracking":false,"_monsterinsights_sitenote_active":false,"_monsterinsights_sitenote_note":"","_monsterinsights_sitenote_category":0},"product_brand":[],"product_cat":[25],"product_tag":[],"class_list":{"0":"post-780","1":"product","2":"type-product","3":"status-publish","4":"has-post-thumbnail","6":"product_cat-vyrezavacie-pily","8":"first","9":"instock","10":"product-type-simple"},"yoast_head":"<!-- This site is optimized with the Yoast SEO plugin v27.4 - https:\/\/yoast.com\/product\/yoast-seo-wordpress\/ -->\n<title>PRISMA 400 - Vyrez\u00e1vacia p\u00edla - Pressta Eisele \u010cS<\/title>\n<meta name=\"robots\" content=\"index, follow, max-snippet:-1, max-image-preview:large, max-video-preview:-1\" \/>\n<link rel=\"canonical\" href=\"https:\/\/www.pressta-eisele.eu\/hu\/produkt\/prisma-400-vyrezavacia-pila\/\" \/>\n<meta property=\"og:locale\" content=\"hu_HU\" \/>\n<meta property=\"og:type\" content=\"article\" \/>\n<meta property=\"og:title\" content=\"PRISMA 400 - Vyrez\u00e1vacia p\u00edla - Pressta Eisele \u010cS\" \/>\n<meta property=\"og:description\" content=\"Ru\u010dn\u00fd modelP\u00edlov\u00fd kot\u00fa\u010d horizont\u00e1lny a vertik\u00e1lny 400 mmRozsah rezania v\u00fd\u0161ka \/ h\u013abka po 135 mmDoraz materi\u00e1lu a vertik\u00e1lny p\u00edlov\u00fd kot\u00fa\u010d uhlovo priebe\u017ene nastavite\u013en\u00e9\" \/>\n<meta property=\"og:url\" content=\"https:\/\/www.pressta-eisele.eu\/hu\/produkt\/prisma-400-vyrezavacia-pila\/\" \/>\n<meta property=\"og:site_name\" content=\"Pressta Eisele \u010cS\" \/>\n<meta property=\"article:modified_time\" content=\"2021-01-31T19:35:44+00:00\" \/>\n<meta property=\"og:image\" content=\"https:\/\/www.pressta-eisele.eu\/wp-content\/uploads\/2021\/01\/prisma400.jpg\" \/>\n\t<meta property=\"og:image:width\" content=\"500\" \/>\n\t<meta property=\"og:image:height\" content=\"385\" \/>\n\t<meta property=\"og:image:type\" content=\"image\/jpeg\" \/>\n<meta name=\"twitter:card\" content=\"summary_large_image\" \/>\n<script type=\"application\/ld+json\" class=\"yoast-schema-graph\">{\"@context\":\"https:\\\/\\\/schema.org\",\"@graph\":[{\"@type\":\"WebPage\",\"@id\":\"https:\\\/\\\/www.pressta-eisele.eu\\\/hu\\\/produkt\\\/prisma-400-vyrezavacia-pila\\\/\",\"url\":\"https:\\\/\\\/www.pressta-eisele.eu\\\/hu\\\/produkt\\\/prisma-400-vyrezavacia-pila\\\/\",\"name\":\"PRISMA 400 - Vyrez\u00e1vacia p\u00edla - Pressta Eisele \u010cS\",\"isPartOf\":{\"@id\":\"https:\\\/\\\/www.pressta-eisele.eu\\\/hu\\\/#website\"},\"primaryImageOfPage\":{\"@id\":\"https:\\\/\\\/www.pressta-eisele.eu\\\/hu\\\/produkt\\\/prisma-400-vyrezavacia-pila\\\/#primaryimage\"},\"image\":{\"@id\":\"https:\\\/\\\/www.pressta-eisele.eu\\\/hu\\\/produkt\\\/prisma-400-vyrezavacia-pila\\\/#primaryimage\"},\"thumbnailUrl\":\"https:\\\/\\\/www.pressta-eisele.eu\\\/wp-content\\\/uploads\\\/2021\\\/01\\\/prisma400.jpg\",\"datePublished\":\"2021-01-31T18:42:15+00:00\",\"dateModified\":\"2021-01-31T19:35:44+00:00\",\"breadcrumb\":{\"@id\":\"https:\\\/\\\/www.pressta-eisele.eu\\\/hu\\\/produkt\\\/prisma-400-vyrezavacia-pila\\\/#breadcrumb\"},\"inLanguage\":\"hu\",\"potentialAction\":[{\"@type\":\"ReadAction\",\"target\":[\"https:\\\/\\\/www.pressta-eisele.eu\\\/hu\\\/produkt\\\/prisma-400-vyrezavacia-pila\\\/\"]}]},{\"@type\":\"ImageObject\",\"inLanguage\":\"hu\",\"@id\":\"https:\\\/\\\/www.pressta-eisele.eu\\\/hu\\\/produkt\\\/prisma-400-vyrezavacia-pila\\\/#primaryimage\",\"url\":\"https:\\\/\\\/www.pressta-eisele.eu\\\/wp-content\\\/uploads\\\/2021\\\/01\\\/prisma400.jpg\",\"contentUrl\":\"https:\\\/\\\/www.pressta-eisele.eu\\\/wp-content\\\/uploads\\\/2021\\\/01\\\/prisma400.jpg\",\"width\":500,\"height\":385,\"caption\":\"PRISMA 400 - Vyrez\u00e1vacia p\u00edla\"},{\"@type\":\"BreadcrumbList\",\"@id\":\"https:\\\/\\\/www.pressta-eisele.eu\\\/hu\\\/produkt\\\/prisma-400-vyrezavacia-pila\\\/#breadcrumb\",\"itemListElement\":[{\"@type\":\"ListItem\",\"position\":1,\"name\":\"Home\",\"item\":\"https:\\\/\\\/www.pressta-eisele.eu\\\/hu\\\/\"},{\"@type\":\"ListItem\",\"position\":2,\"name\":\"Shop\",\"item\":\"https:\\\/\\\/www.pressta-eisele.eu\\\/hu\\\/shop\\\/\"},{\"@type\":\"ListItem\",\"position\":3,\"name\":\"PRISMA 400 &#8212; Vyrez\u00e1vacia p\u00edla\"}]},{\"@type\":\"WebSite\",\"@id\":\"https:\\\/\\\/www.pressta-eisele.eu\\\/hu\\\/#website\",\"url\":\"https:\\\/\\\/www.pressta-eisele.eu\\\/hu\\\/\",\"name\":\"Pressta Eisele \u010cS\",\"description\":\"Vitajte vo svete produktivity\",\"publisher\":{\"@id\":\"https:\\\/\\\/www.pressta-eisele.eu\\\/hu\\\/#organization\"},\"potentialAction\":[{\"@type\":\"SearchAction\",\"target\":{\"@type\":\"EntryPoint\",\"urlTemplate\":\"https:\\\/\\\/www.pressta-eisele.eu\\\/hu\\\/?s={search_term_string}\"},\"query-input\":{\"@type\":\"PropertyValueSpecification\",\"valueRequired\":true,\"valueName\":\"search_term_string\"}}],\"inLanguage\":\"hu\"},{\"@type\":\"Organization\",\"@id\":\"https:\\\/\\\/www.pressta-eisele.eu\\\/hu\\\/#organization\",\"name\":\"Pressta Eisele \u010cS\",\"url\":\"https:\\\/\\\/www.pressta-eisele.eu\\\/hu\\\/\",\"logo\":{\"@type\":\"ImageObject\",\"inLanguage\":\"hu\",\"@id\":\"https:\\\/\\\/www.pressta-eisele.eu\\\/hu\\\/#\\\/schema\\\/logo\\\/image\\\/\",\"url\":\"https:\\\/\\\/www.pressta-eisele.eu\\\/wp-content\\\/uploads\\\/2020\\\/11\\\/pressta-logo-01v.svg\",\"contentUrl\":\"https:\\\/\\\/www.pressta-eisele.eu\\\/wp-content\\\/uploads\\\/2020\\\/11\\\/pressta-logo-01v.svg\",\"caption\":\"Pressta Eisele \u010cS\"},\"image\":{\"@id\":\"https:\\\/\\\/www.pressta-eisele.eu\\\/hu\\\/#\\\/schema\\\/logo\\\/image\\\/\"}}]}<\/script>\n<!-- \/ Yoast SEO plugin. -->","yoast_head_json":{"title":"PRISMA 400 - Vyrez\u00e1vacia p\u00edla - Pressta Eisele \u010cS","robots":{"index":"index","follow":"follow","max-snippet":"max-snippet:-1","max-image-preview":"max-image-preview:large","max-video-preview":"max-video-preview:-1"},"canonical":"https:\/\/www.pressta-eisele.eu\/hu\/produkt\/prisma-400-vyrezavacia-pila\/","og_locale":"hu_HU","og_type":"article","og_title":"PRISMA 400 - Vyrez\u00e1vacia p\u00edla - Pressta Eisele \u010cS","og_description":"Ru\u010dn\u00fd modelP\u00edlov\u00fd kot\u00fa\u010d horizont\u00e1lny a vertik\u00e1lny 400 mmRozsah rezania v\u00fd\u0161ka \/ h\u013abka po 135 mmDoraz materi\u00e1lu a vertik\u00e1lny p\u00edlov\u00fd kot\u00fa\u010d uhlovo priebe\u017ene nastavite\u013en\u00e9","og_url":"https:\/\/www.pressta-eisele.eu\/hu\/produkt\/prisma-400-vyrezavacia-pila\/","og_site_name":"Pressta Eisele \u010cS","article_modified_time":"2021-01-31T19:35:44+00:00","og_image":[{"width":500,"height":385,"url":"https:\/\/www.pressta-eisele.eu\/wp-content\/uploads\/2021\/01\/prisma400.jpg","type":"image\/jpeg"}],"twitter_card":"summary_large_image","schema":{"@context":"https:\/\/schema.org","@graph":[{"@type":"WebPage","@id":"https:\/\/www.pressta-eisele.eu\/hu\/produkt\/prisma-400-vyrezavacia-pila\/","url":"https:\/\/www.pressta-eisele.eu\/hu\/produkt\/prisma-400-vyrezavacia-pila\/","name":"PRISMA 400 - Vyrez\u00e1vacia p\u00edla - Pressta Eisele \u010cS","isPartOf":{"@id":"https:\/\/www.pressta-eisele.eu\/hu\/#website"},"primaryImageOfPage":{"@id":"https:\/\/www.pressta-eisele.eu\/hu\/produkt\/prisma-400-vyrezavacia-pila\/#primaryimage"},"image":{"@id":"https:\/\/www.pressta-eisele.eu\/hu\/produkt\/prisma-400-vyrezavacia-pila\/#primaryimage"},"thumbnailUrl":"https:\/\/www.pressta-eisele.eu\/wp-content\/uploads\/2021\/01\/prisma400.jpg","datePublished":"2021-01-31T18:42:15+00:00","dateModified":"2021-01-31T19:35:44+00:00","breadcrumb":{"@id":"https:\/\/www.pressta-eisele.eu\/hu\/produkt\/prisma-400-vyrezavacia-pila\/#breadcrumb"},"inLanguage":"hu","potentialAction":[{"@type":"ReadAction","target":["https:\/\/www.pressta-eisele.eu\/hu\/produkt\/prisma-400-vyrezavacia-pila\/"]}]},{"@type":"ImageObject","inLanguage":"hu","@id":"https:\/\/www.pressta-eisele.eu\/hu\/produkt\/prisma-400-vyrezavacia-pila\/#primaryimage","url":"https:\/\/www.pressta-eisele.eu\/wp-content\/uploads\/2021\/01\/prisma400.jpg","contentUrl":"https:\/\/www.pressta-eisele.eu\/wp-content\/uploads\/2021\/01\/prisma400.jpg","width":500,"height":385,"caption":"PRISMA 400 - Vyrez\u00e1vacia p\u00edla"},{"@type":"BreadcrumbList","@id":"https:\/\/www.pressta-eisele.eu\/hu\/produkt\/prisma-400-vyrezavacia-pila\/#breadcrumb","itemListElement":[{"@type":"ListItem","position":1,"name":"Home","item":"https:\/\/www.pressta-eisele.eu\/hu\/"},{"@type":"ListItem","position":2,"name":"Shop","item":"https:\/\/www.pressta-eisele.eu\/hu\/shop\/"},{"@type":"ListItem","position":3,"name":"PRISMA 400 &#8212; Vyrez\u00e1vacia p\u00edla"}]},{"@type":"WebSite","@id":"https:\/\/www.pressta-eisele.eu\/hu\/#website","url":"https:\/\/www.pressta-eisele.eu\/hu\/","name":"Pressta Eisele \u010cS","description":"Vitajte vo svete produktivity","publisher":{"@id":"https:\/\/www.pressta-eisele.eu\/hu\/#organization"},"potentialAction":[{"@type":"SearchAction","target":{"@type":"EntryPoint","urlTemplate":"https:\/\/www.pressta-eisele.eu\/hu\/?s={search_term_string}"},"query-input":{"@type":"PropertyValueSpecification","valueRequired":true,"valueName":"search_term_string"}}],"inLanguage":"hu"},{"@type":"Organization","@id":"https:\/\/www.pressta-eisele.eu\/hu\/#organization","name":"Pressta Eisele \u010cS","url":"https:\/\/www.pressta-eisele.eu\/hu\/","logo":{"@type":"ImageObject","inLanguage":"hu","@id":"https:\/\/www.pressta-eisele.eu\/hu\/#\/schema\/logo\/image\/","url":"https:\/\/www.pressta-eisele.eu\/wp-content\/uploads\/2020\/11\/pressta-logo-01v.svg","contentUrl":"https:\/\/www.pressta-eisele.eu\/wp-content\/uploads\/2020\/11\/pressta-logo-01v.svg","caption":"Pressta Eisele \u010cS"},"image":{"@id":"https:\/\/www.pressta-eisele.eu\/hu\/#\/schema\/logo\/image\/"}}]}},"jetpack_sharing_enabled":true,"_links":{"self":[{"href":"https:\/\/www.pressta-eisele.eu\/hu\/wp-json\/wp\/v2\/product\/780","targetHints":{"allow":["GET"]}}],"collection":[{"href":"https:\/\/www.pressta-eisele.eu\/hu\/wp-json\/wp\/v2\/product"}],"about":[{"href":"https:\/\/www.pressta-eisele.eu\/hu\/wp-json\/wp\/v2\/types\/product"}],"replies":[{"embeddable":true,"href":"https:\/\/www.pressta-eisele.eu\/hu\/wp-json\/wp\/v2\/comments?post=780"}],"wp:featuredmedia":[{"embeddable":true,"href":"https:\/\/www.pressta-eisele.eu\/hu\/wp-json\/wp\/v2\/media\/781"}],"wp:attachment":[{"href":"https:\/\/www.pressta-eisele.eu\/hu\/wp-json\/wp\/v2\/media?parent=780"}],"wp:term":[{"taxonomy":"product_brand","embeddable":true,"href":"https:\/\/www.pressta-eisele.eu\/hu\/wp-json\/wp\/v2\/product_brand?post=780"},{"taxonomy":"product_cat","embeddable":true,"href":"https:\/\/www.pressta-eisele.eu\/hu\/wp-json\/wp\/v2\/product_cat?post=780"},{"taxonomy":"product_tag","embeddable":true,"href":"https:\/\/www.pressta-eisele.eu\/hu\/wp-json\/wp\/v2\/product_tag?post=780"}],"curies":[{"name":"wp","href":"https:\/\/api.w.org\/{rel}","templated":true}]}}