{"id":690,"date":"2021-01-31T19:42:04","date_gmt":"2021-01-31T18:42:04","guid":{"rendered":"https:\/\/www.pressta-eisele.eu\/produkt\/elan-tse-jednostranne-roztahovaci-stol\/"},"modified":"2021-01-31T21:34:57","modified_gmt":"2021-01-31T20:34:57","slug":"elan-tse-jednostranne-roztahovaci-stol","status":"publish","type":"product","link":"https:\/\/www.pressta-eisele.eu\/hu\/produkt\/elan-tse-jednostranne-roztahovaci-stol\/","title":{"rendered":"Elan TSE &#8211; Jednostranne roz\u0165ahovac\u00ed st\u00f4l"},"content":{"rendered":"","protected":false},"excerpt":{"rendered":"<ul>\n<li>JEDNOSTRANNE ROZ\u0164AHOVAC\u00cd ST\u00f4L<\/li>\n<li>Stabiln\u00e1 tuh\u00e1 kon\u0161trukcia<\/li>\n<li>D\u013a\u017ekov\u00e1 variabilita pre r\u00f4zne ve\u013ekosti elementov<\/li>\n<li>Pri dopravn\u00fdch p\u00e1soch mo\u017enos\u0165 presmerovania materi\u00e1lov\u00e9ho toku ako aj zabezpe\u010denie \u00fanikov\u00fdch ciest<\/li>\n<li>OBOJSTRANNE ROZ\u0164AHOVACIE STOLY<\/li>\n<li>Ekonomick\u00e9 vyu\u017eitie pracovn\u00e9ho priestoru<\/li>\n<li>Povrch volite\u013en\u00fd v z\u00e1vislosti na opracov\u00e1vanom materi\u00e1li<\/li>\n<li>Pr\u00edslu\u0161enstvo volite\u013en\u00e9 pod\u013ea \u00fa\u010delu pou\u017eitia<\/li>\n<li>ROZ\u0164AHOVACIE STOLY &#8211; PR\u00cdSLU\u0160ENSTVO<\/li>\n<li>Tvarov\u00e1 variabilita a prechodov\u00e9 miesta<\/li>\n<li>\u00da\u010delov\u00e1 variabilita &#8211; osadenie policou alebo podlahou<\/li>\n<li>Automatick\u00e1 medzi &#8211; opera\u010dn\u00e1 doprava \u0161etr\u00ed \u010das a odb\u00farava fyzicky n\u00e1ro\u010dn\u00fa manu\u00e1lnu manipul\u00e1ciu<\/li>\n<\/ul>\n","protected":false},"featured_media":691,"comment_status":"closed","ping_status":"open","template":"","meta":{"_monsterinsights_skip_tracking":false,"_monsterinsights_sitenote_active":false,"_monsterinsights_sitenote_note":"","_monsterinsights_sitenote_category":0},"product_brand":[],"product_cat":[37,31],"product_tag":[],"class_list":{"0":"post-690","1":"product","2":"type-product","3":"status-publish","4":"has-post-thumbnail","6":"product_cat-montazne-stoly-kovacie-zariadenia-a-automaty","7":"product_cat-vybavenie-pre-vyrobnu-dielnu","9":"first","10":"instock","11":"product-type-simple"},"yoast_head":"<!-- This site is optimized with the Yoast SEO plugin v27.5 - https:\/\/yoast.com\/product\/yoast-seo-wordpress\/ -->\n<title>Elan TSE - Jednostranne roz\u0165ahovac\u00ed st\u00f4l - Pressta Eisele \u010cS<\/title>\n<meta name=\"robots\" content=\"index, follow, max-snippet:-1, max-image-preview:large, max-video-preview:-1\" \/>\n<link rel=\"canonical\" href=\"https:\/\/www.pressta-eisele.eu\/hu\/produkt\/elan-tse-jednostranne-roztahovaci-stol\/\" \/>\n<meta property=\"og:locale\" content=\"hu_HU\" \/>\n<meta property=\"og:type\" content=\"article\" \/>\n<meta property=\"og:title\" content=\"Elan TSE - Jednostranne roz\u0165ahovac\u00ed st\u00f4l - Pressta Eisele \u010cS\" \/>\n<meta property=\"og:description\" content=\"JEDNOSTRANNE ROZ\u0164AHOVAC\u00cd ST\u00f4LStabiln\u00e1 tuh\u00e1 kon\u0161trukciaD\u013a\u017ekov\u00e1 variabilita pre r\u00f4zne ve\u013ekosti elementovPri dopravn\u00fdch p\u00e1soch mo\u017enos\u0165 presmerovania materi\u00e1lov\u00e9ho toku ako aj zabezpe\u010denie \u00fanikov\u00fdch ciestOBOJSTRANNE ROZ\u0164AHOVACIE STOLYEkonomick\u00e9 vyu\u017eitie pracovn\u00e9ho priestoruPovrch volite\u013en\u00fd v z\u00e1vislosti na opracov\u00e1vanom materi\u00e1liPr\u00edslu\u0161enstvo volite\u013en\u00e9 pod\u013ea \u00fa\u010delu pou\u017eitiaROZ\u0164AHOVACIE STOLY - PR\u00cdSLU\u0160ENSTVOTvarov\u00e1 variabilita a prechodov\u00e9 miesta\u00da\u010delov\u00e1 variabilita - osadenie policou alebo podlahouAutomatick\u00e1 medzi - opera\u010dn\u00e1 doprava \u0161etr\u00ed \u010das a odb\u00farava fyzicky n\u00e1ro\u010dn\u00fa manu\u00e1lnu manipul\u00e1ciu\" \/>\n<meta property=\"og:url\" content=\"https:\/\/www.pressta-eisele.eu\/hu\/produkt\/elan-tse-jednostranne-roztahovaci-stol\/\" \/>\n<meta property=\"og:site_name\" content=\"Pressta Eisele \u010cS\" \/>\n<meta property=\"article:modified_time\" content=\"2021-01-31T20:34:57+00:00\" \/>\n<meta property=\"og:image\" content=\"https:\/\/www.pressta-eisele.eu\/wp-content\/uploads\/2021\/01\/27-3.jpg\" \/>\n\t<meta property=\"og:image:width\" content=\"700\" \/>\n\t<meta property=\"og:image:height\" content=\"458\" \/>\n\t<meta property=\"og:image:type\" content=\"image\/jpeg\" \/>\n<meta name=\"twitter:card\" content=\"summary_large_image\" \/>\n<script type=\"application\/ld+json\" class=\"yoast-schema-graph\">{\"@context\":\"https:\\\/\\\/schema.org\",\"@graph\":[{\"@type\":\"WebPage\",\"@id\":\"https:\\\/\\\/www.pressta-eisele.eu\\\/hu\\\/produkt\\\/elan-tse-jednostranne-roztahovaci-stol\\\/\",\"url\":\"https:\\\/\\\/www.pressta-eisele.eu\\\/hu\\\/produkt\\\/elan-tse-jednostranne-roztahovaci-stol\\\/\",\"name\":\"Elan TSE - Jednostranne roz\u0165ahovac\u00ed st\u00f4l - Pressta Eisele \u010cS\",\"isPartOf\":{\"@id\":\"https:\\\/\\\/www.pressta-eisele.eu\\\/hu\\\/#website\"},\"primaryImageOfPage\":{\"@id\":\"https:\\\/\\\/www.pressta-eisele.eu\\\/hu\\\/produkt\\\/elan-tse-jednostranne-roztahovaci-stol\\\/#primaryimage\"},\"image\":{\"@id\":\"https:\\\/\\\/www.pressta-eisele.eu\\\/hu\\\/produkt\\\/elan-tse-jednostranne-roztahovaci-stol\\\/#primaryimage\"},\"thumbnailUrl\":\"https:\\\/\\\/www.pressta-eisele.eu\\\/wp-content\\\/uploads\\\/2021\\\/01\\\/27-3.jpg\",\"datePublished\":\"2021-01-31T18:42:04+00:00\",\"dateModified\":\"2021-01-31T20:34:57+00:00\",\"breadcrumb\":{\"@id\":\"https:\\\/\\\/www.pressta-eisele.eu\\\/hu\\\/produkt\\\/elan-tse-jednostranne-roztahovaci-stol\\\/#breadcrumb\"},\"inLanguage\":\"hu\",\"potentialAction\":[{\"@type\":\"ReadAction\",\"target\":[\"https:\\\/\\\/www.pressta-eisele.eu\\\/hu\\\/produkt\\\/elan-tse-jednostranne-roztahovaci-stol\\\/\"]}]},{\"@type\":\"ImageObject\",\"inLanguage\":\"hu\",\"@id\":\"https:\\\/\\\/www.pressta-eisele.eu\\\/hu\\\/produkt\\\/elan-tse-jednostranne-roztahovaci-stol\\\/#primaryimage\",\"url\":\"https:\\\/\\\/www.pressta-eisele.eu\\\/wp-content\\\/uploads\\\/2021\\\/01\\\/27-3.jpg\",\"contentUrl\":\"https:\\\/\\\/www.pressta-eisele.eu\\\/wp-content\\\/uploads\\\/2021\\\/01\\\/27-3.jpg\",\"width\":700,\"height\":458,\"caption\":\"Elan TSE - Jednostranne roz\u0165ahovac\u00ed st\u00f4l\"},{\"@type\":\"BreadcrumbList\",\"@id\":\"https:\\\/\\\/www.pressta-eisele.eu\\\/hu\\\/produkt\\\/elan-tse-jednostranne-roztahovaci-stol\\\/#breadcrumb\",\"itemListElement\":[{\"@type\":\"ListItem\",\"position\":1,\"name\":\"Home\",\"item\":\"https:\\\/\\\/www.pressta-eisele.eu\\\/hu\\\/\"},{\"@type\":\"ListItem\",\"position\":2,\"name\":\"Shop\",\"item\":\"https:\\\/\\\/www.pressta-eisele.eu\\\/hu\\\/shop\\\/\"},{\"@type\":\"ListItem\",\"position\":3,\"name\":\"Elan TSE &#8211; Jednostranne roz\u0165ahovac\u00ed st\u00f4l\"}]},{\"@type\":\"WebSite\",\"@id\":\"https:\\\/\\\/www.pressta-eisele.eu\\\/hu\\\/#website\",\"url\":\"https:\\\/\\\/www.pressta-eisele.eu\\\/hu\\\/\",\"name\":\"Pressta Eisele \u010cS\",\"description\":\"Vitajte vo svete produktivity\",\"publisher\":{\"@id\":\"https:\\\/\\\/www.pressta-eisele.eu\\\/hu\\\/#organization\"},\"potentialAction\":[{\"@type\":\"SearchAction\",\"target\":{\"@type\":\"EntryPoint\",\"urlTemplate\":\"https:\\\/\\\/www.pressta-eisele.eu\\\/hu\\\/?s={search_term_string}\"},\"query-input\":{\"@type\":\"PropertyValueSpecification\",\"valueRequired\":true,\"valueName\":\"search_term_string\"}}],\"inLanguage\":\"hu\"},{\"@type\":\"Organization\",\"@id\":\"https:\\\/\\\/www.pressta-eisele.eu\\\/hu\\\/#organization\",\"name\":\"Pressta Eisele \u010cS\",\"url\":\"https:\\\/\\\/www.pressta-eisele.eu\\\/hu\\\/\",\"logo\":{\"@type\":\"ImageObject\",\"inLanguage\":\"hu\",\"@id\":\"https:\\\/\\\/www.pressta-eisele.eu\\\/hu\\\/#\\\/schema\\\/logo\\\/image\\\/\",\"url\":\"https:\\\/\\\/www.pressta-eisele.eu\\\/wp-content\\\/uploads\\\/2020\\\/11\\\/pressta-logo-01v.svg\",\"contentUrl\":\"https:\\\/\\\/www.pressta-eisele.eu\\\/wp-content\\\/uploads\\\/2020\\\/11\\\/pressta-logo-01v.svg\",\"caption\":\"Pressta Eisele \u010cS\"},\"image\":{\"@id\":\"https:\\\/\\\/www.pressta-eisele.eu\\\/hu\\\/#\\\/schema\\\/logo\\\/image\\\/\"}}]}<\/script>\n<!-- \/ Yoast SEO plugin. -->","yoast_head_json":{"title":"Elan TSE - Jednostranne roz\u0165ahovac\u00ed st\u00f4l - Pressta Eisele \u010cS","robots":{"index":"index","follow":"follow","max-snippet":"max-snippet:-1","max-image-preview":"max-image-preview:large","max-video-preview":"max-video-preview:-1"},"canonical":"https:\/\/www.pressta-eisele.eu\/hu\/produkt\/elan-tse-jednostranne-roztahovaci-stol\/","og_locale":"hu_HU","og_type":"article","og_title":"Elan TSE - Jednostranne roz\u0165ahovac\u00ed st\u00f4l - Pressta Eisele \u010cS","og_description":"JEDNOSTRANNE ROZ\u0164AHOVAC\u00cd ST\u00f4LStabiln\u00e1 tuh\u00e1 kon\u0161trukciaD\u013a\u017ekov\u00e1 variabilita pre r\u00f4zne ve\u013ekosti elementovPri dopravn\u00fdch p\u00e1soch mo\u017enos\u0165 presmerovania materi\u00e1lov\u00e9ho toku ako aj zabezpe\u010denie \u00fanikov\u00fdch ciestOBOJSTRANNE ROZ\u0164AHOVACIE STOLYEkonomick\u00e9 vyu\u017eitie pracovn\u00e9ho priestoruPovrch volite\u013en\u00fd v z\u00e1vislosti na opracov\u00e1vanom materi\u00e1liPr\u00edslu\u0161enstvo volite\u013en\u00e9 pod\u013ea \u00fa\u010delu pou\u017eitiaROZ\u0164AHOVACIE STOLY - PR\u00cdSLU\u0160ENSTVOTvarov\u00e1 variabilita a prechodov\u00e9 miesta\u00da\u010delov\u00e1 variabilita - osadenie policou alebo podlahouAutomatick\u00e1 medzi - opera\u010dn\u00e1 doprava \u0161etr\u00ed \u010das a odb\u00farava fyzicky n\u00e1ro\u010dn\u00fa manu\u00e1lnu manipul\u00e1ciu","og_url":"https:\/\/www.pressta-eisele.eu\/hu\/produkt\/elan-tse-jednostranne-roztahovaci-stol\/","og_site_name":"Pressta Eisele \u010cS","article_modified_time":"2021-01-31T20:34:57+00:00","og_image":[{"width":700,"height":458,"url":"https:\/\/www.pressta-eisele.eu\/wp-content\/uploads\/2021\/01\/27-3.jpg","type":"image\/jpeg"}],"twitter_card":"summary_large_image","schema":{"@context":"https:\/\/schema.org","@graph":[{"@type":"WebPage","@id":"https:\/\/www.pressta-eisele.eu\/hu\/produkt\/elan-tse-jednostranne-roztahovaci-stol\/","url":"https:\/\/www.pressta-eisele.eu\/hu\/produkt\/elan-tse-jednostranne-roztahovaci-stol\/","name":"Elan TSE - Jednostranne roz\u0165ahovac\u00ed st\u00f4l - Pressta Eisele \u010cS","isPartOf":{"@id":"https:\/\/www.pressta-eisele.eu\/hu\/#website"},"primaryImageOfPage":{"@id":"https:\/\/www.pressta-eisele.eu\/hu\/produkt\/elan-tse-jednostranne-roztahovaci-stol\/#primaryimage"},"image":{"@id":"https:\/\/www.pressta-eisele.eu\/hu\/produkt\/elan-tse-jednostranne-roztahovaci-stol\/#primaryimage"},"thumbnailUrl":"https:\/\/www.pressta-eisele.eu\/wp-content\/uploads\/2021\/01\/27-3.jpg","datePublished":"2021-01-31T18:42:04+00:00","dateModified":"2021-01-31T20:34:57+00:00","breadcrumb":{"@id":"https:\/\/www.pressta-eisele.eu\/hu\/produkt\/elan-tse-jednostranne-roztahovaci-stol\/#breadcrumb"},"inLanguage":"hu","potentialAction":[{"@type":"ReadAction","target":["https:\/\/www.pressta-eisele.eu\/hu\/produkt\/elan-tse-jednostranne-roztahovaci-stol\/"]}]},{"@type":"ImageObject","inLanguage":"hu","@id":"https:\/\/www.pressta-eisele.eu\/hu\/produkt\/elan-tse-jednostranne-roztahovaci-stol\/#primaryimage","url":"https:\/\/www.pressta-eisele.eu\/wp-content\/uploads\/2021\/01\/27-3.jpg","contentUrl":"https:\/\/www.pressta-eisele.eu\/wp-content\/uploads\/2021\/01\/27-3.jpg","width":700,"height":458,"caption":"Elan TSE - Jednostranne roz\u0165ahovac\u00ed st\u00f4l"},{"@type":"BreadcrumbList","@id":"https:\/\/www.pressta-eisele.eu\/hu\/produkt\/elan-tse-jednostranne-roztahovaci-stol\/#breadcrumb","itemListElement":[{"@type":"ListItem","position":1,"name":"Home","item":"https:\/\/www.pressta-eisele.eu\/hu\/"},{"@type":"ListItem","position":2,"name":"Shop","item":"https:\/\/www.pressta-eisele.eu\/hu\/shop\/"},{"@type":"ListItem","position":3,"name":"Elan TSE &#8211; Jednostranne roz\u0165ahovac\u00ed st\u00f4l"}]},{"@type":"WebSite","@id":"https:\/\/www.pressta-eisele.eu\/hu\/#website","url":"https:\/\/www.pressta-eisele.eu\/hu\/","name":"Pressta Eisele \u010cS","description":"Vitajte vo svete produktivity","publisher":{"@id":"https:\/\/www.pressta-eisele.eu\/hu\/#organization"},"potentialAction":[{"@type":"SearchAction","target":{"@type":"EntryPoint","urlTemplate":"https:\/\/www.pressta-eisele.eu\/hu\/?s={search_term_string}"},"query-input":{"@type":"PropertyValueSpecification","valueRequired":true,"valueName":"search_term_string"}}],"inLanguage":"hu"},{"@type":"Organization","@id":"https:\/\/www.pressta-eisele.eu\/hu\/#organization","name":"Pressta Eisele \u010cS","url":"https:\/\/www.pressta-eisele.eu\/hu\/","logo":{"@type":"ImageObject","inLanguage":"hu","@id":"https:\/\/www.pressta-eisele.eu\/hu\/#\/schema\/logo\/image\/","url":"https:\/\/www.pressta-eisele.eu\/wp-content\/uploads\/2020\/11\/pressta-logo-01v.svg","contentUrl":"https:\/\/www.pressta-eisele.eu\/wp-content\/uploads\/2020\/11\/pressta-logo-01v.svg","caption":"Pressta Eisele \u010cS"},"image":{"@id":"https:\/\/www.pressta-eisele.eu\/hu\/#\/schema\/logo\/image\/"}}]}},"jetpack_sharing_enabled":true,"_links":{"self":[{"href":"https:\/\/www.pressta-eisele.eu\/hu\/wp-json\/wp\/v2\/product\/690","targetHints":{"allow":["GET"]}}],"collection":[{"href":"https:\/\/www.pressta-eisele.eu\/hu\/wp-json\/wp\/v2\/product"}],"about":[{"href":"https:\/\/www.pressta-eisele.eu\/hu\/wp-json\/wp\/v2\/types\/product"}],"replies":[{"embeddable":true,"href":"https:\/\/www.pressta-eisele.eu\/hu\/wp-json\/wp\/v2\/comments?post=690"}],"wp:featuredmedia":[{"embeddable":true,"href":"https:\/\/www.pressta-eisele.eu\/hu\/wp-json\/wp\/v2\/media\/691"}],"wp:attachment":[{"href":"https:\/\/www.pressta-eisele.eu\/hu\/wp-json\/wp\/v2\/media?parent=690"}],"wp:term":[{"taxonomy":"product_brand","embeddable":true,"href":"https:\/\/www.pressta-eisele.eu\/hu\/wp-json\/wp\/v2\/product_brand?post=690"},{"taxonomy":"product_cat","embeddable":true,"href":"https:\/\/www.pressta-eisele.eu\/hu\/wp-json\/wp\/v2\/product_cat?post=690"},{"taxonomy":"product_tag","embeddable":true,"href":"https:\/\/www.pressta-eisele.eu\/hu\/wp-json\/wp\/v2\/product_tag?post=690"}],"curies":[{"name":"wp","href":"https:\/\/api.w.org\/{rel}","templated":true}]}}