{"id":3235,"date":"2021-06-10T14:41:19","date_gmt":"2021-06-10T12:41:19","guid":{"rendered":"https:\/\/www.pressta-eisele.eu\/?post_type=product&#038;p=3235"},"modified":"2023-05-16T20:49:54","modified_gmt":"2023-05-16T18:49:54","slug":"akf-6-s-celna-frezka","status":"publish","type":"product","link":"https:\/\/www.pressta-eisele.eu\/hu\/produkt\/akf-6-s-celna-frezka\/","title":{"rendered":"AKF 6-S \u2013 \u010celn\u00e1 fr\u00e9zka"},"content":{"rendered":"","protected":false},"excerpt":{"rendered":"<ul>\n<li>Pravouhl\u00e9 opracovanie alebo opracovanie pod uhlom a\u017e do ca.20\u00b0<\/li>\n<li>R\u00fdchlov\u00fdmenn\u00fd syst\u00e9m n\u00e1stroja bez potreby pomocn\u00fdch n\u00e1strojov<\/li>\n<li>R\u00fdchle nastavenie pracovn\u00e9ho zdvihu n\u00e1stroja<\/li>\n<li>Vysok\u00e1 r\u00fdchlos\u0165 opracovania v\u010faka vysok\u00fdm ot\u00e1\u010dkam (4000 ot\/min) a\u00a0ve\u013ek\u00e9ho priemeru fr\u00e9zy<\/li>\n<li>Stabiln\u00e1 kon\u0161trukcia zo sivej liatiny<\/li>\n<li>Presn\u00e9 vedenie guli\u010dkov\u00fdch p\u00fazdier san\u00ed n\u00e1stroja na kalen\u00fdch a\u00a0br\u00fasen\u00fdch oce\u013eov\u00fdch hriade\u013eoch<\/li>\n<li>Manu\u00e1lny posuv fr\u00e9zy<\/li>\n<li>Stabiln\u00e9 ulo\u017eenie hriade\u013ea fr\u00e9zy<\/li>\n<li>Vr\u00e1tane revolverov\u00e9ho dorazu pre 8 poz\u00edci\u00ed<\/li>\n<li>Hydropneumatick\u00fd posuv (opcia)<\/li>\n<li>Automatick\u00e9 prestavenie v\u00fd\u0161ky stola (opcia)<\/li>\n<li>Osadenie fr\u00e9zy s\u00a0v\u0155tan\u00edm 40\/32\/30 (opcia)<\/li>\n<\/ul>\n","protected":false},"featured_media":3360,"comment_status":"open","ping_status":"closed","template":"","meta":{"_monsterinsights_skip_tracking":false,"_monsterinsights_sitenote_active":false,"_monsterinsights_sitenote_note":"","_monsterinsights_sitenote_category":0},"product_brand":[],"product_cat":[28,19],"product_tag":[],"class_list":{"0":"post-3235","1":"product","2":"type-product","3":"status-publish","4":"has-post-thumbnail","6":"product_cat-celne-frezky","7":"product_cat-stroje-pre-alu","9":"first","10":"instock","11":"shipping-taxable","12":"product-type-simple"},"yoast_head":"<!-- This site is optimized with the Yoast SEO plugin v27.4 - https:\/\/yoast.com\/product\/yoast-seo-wordpress\/ -->\n<title>AKF 6-S \u2013 \u010celn\u00e1 fr\u00e9zka - Pressta Eisele \u010cS<\/title>\n<meta name=\"robots\" content=\"index, follow, max-snippet:-1, max-image-preview:large, max-video-preview:-1\" \/>\n<link rel=\"canonical\" href=\"https:\/\/www.pressta-eisele.eu\/hu\/produkt\/akf-6-s-celna-frezka\/\" \/>\n<meta property=\"og:locale\" content=\"hu_HU\" \/>\n<meta property=\"og:type\" content=\"article\" \/>\n<meta property=\"og:title\" content=\"AKF 6-S \u2013 \u010celn\u00e1 fr\u00e9zka - Pressta Eisele \u010cS\" \/>\n<meta property=\"og:description\" content=\"Pravouhl\u00e9 opracovanie alebo opracovanie pod uhlom a\u017e do ca.20\u00b0  R\u00fdchlov\u00fdmenn\u00fd syst\u00e9m n\u00e1stroja bez potreby pomocn\u00fdch n\u00e1strojov  R\u00fdchle nastavenie pracovn\u00e9ho zdvihu n\u00e1stroja  Vysok\u00e1 r\u00fdchlos\u0165 opracovania v\u010faka vysok\u00fdm ot\u00e1\u010dkam (4000 ot\/min) a\u00a0ve\u013ek\u00e9ho priemeru fr\u00e9zy  Stabiln\u00e1 kon\u0161trukcia zo sivej liatiny  Presn\u00e9 vedenie guli\u010dkov\u00fdch p\u00fazdier san\u00ed n\u00e1stroja na kalen\u00fdch a\u00a0br\u00fasen\u00fdch oce\u013eov\u00fdch hriade\u013eoch  Manu\u00e1lny posuv fr\u00e9zy  Stabiln\u00e9 ulo\u017eenie hriade\u013ea fr\u00e9zy  Vr\u00e1tane revolverov\u00e9ho dorazu pre 8 poz\u00edci\u00ed  Hydropneumatick\u00fd posuv (opcia)  Automatick\u00e9 prestavenie v\u00fd\u0161ky stola (opcia)  Osadenie fr\u00e9zy s\u00a0v\u0155tan\u00edm 40\/32\/30 (opcia)\" \/>\n<meta property=\"og:url\" content=\"https:\/\/www.pressta-eisele.eu\/hu\/produkt\/akf-6-s-celna-frezka\/\" \/>\n<meta property=\"og:site_name\" content=\"Pressta Eisele \u010cS\" \/>\n<meta property=\"article:modified_time\" content=\"2023-05-16T18:49:54+00:00\" \/>\n<meta property=\"og:image\" content=\"https:\/\/www.pressta-eisele.eu\/wp-content\/uploads\/2021\/03\/AKF-6-S.jpg\" \/>\n\t<meta property=\"og:image:width\" content=\"1600\" \/>\n\t<meta property=\"og:image:height\" content=\"1200\" \/>\n\t<meta property=\"og:image:type\" content=\"image\/jpeg\" \/>\n<meta name=\"twitter:card\" content=\"summary_large_image\" \/>\n<script type=\"application\/ld+json\" class=\"yoast-schema-graph\">{\"@context\":\"https:\\\/\\\/schema.org\",\"@graph\":[{\"@type\":\"WebPage\",\"@id\":\"https:\\\/\\\/www.pressta-eisele.eu\\\/hu\\\/produkt\\\/akf-6-s-celna-frezka\\\/\",\"url\":\"https:\\\/\\\/www.pressta-eisele.eu\\\/hu\\\/produkt\\\/akf-6-s-celna-frezka\\\/\",\"name\":\"AKF 6-S \u2013 \u010celn\u00e1 fr\u00e9zka - Pressta Eisele \u010cS\",\"isPartOf\":{\"@id\":\"https:\\\/\\\/www.pressta-eisele.eu\\\/hu\\\/#website\"},\"primaryImageOfPage\":{\"@id\":\"https:\\\/\\\/www.pressta-eisele.eu\\\/hu\\\/produkt\\\/akf-6-s-celna-frezka\\\/#primaryimage\"},\"image\":{\"@id\":\"https:\\\/\\\/www.pressta-eisele.eu\\\/hu\\\/produkt\\\/akf-6-s-celna-frezka\\\/#primaryimage\"},\"thumbnailUrl\":\"https:\\\/\\\/www.pressta-eisele.eu\\\/wp-content\\\/uploads\\\/2021\\\/03\\\/AKF-6-S.jpg\",\"datePublished\":\"2021-06-10T12:41:19+00:00\",\"dateModified\":\"2023-05-16T18:49:54+00:00\",\"breadcrumb\":{\"@id\":\"https:\\\/\\\/www.pressta-eisele.eu\\\/hu\\\/produkt\\\/akf-6-s-celna-frezka\\\/#breadcrumb\"},\"inLanguage\":\"hu\",\"potentialAction\":[{\"@type\":\"ReadAction\",\"target\":[\"https:\\\/\\\/www.pressta-eisele.eu\\\/hu\\\/produkt\\\/akf-6-s-celna-frezka\\\/\"]}]},{\"@type\":\"ImageObject\",\"inLanguage\":\"hu\",\"@id\":\"https:\\\/\\\/www.pressta-eisele.eu\\\/hu\\\/produkt\\\/akf-6-s-celna-frezka\\\/#primaryimage\",\"url\":\"https:\\\/\\\/www.pressta-eisele.eu\\\/wp-content\\\/uploads\\\/2021\\\/03\\\/AKF-6-S.jpg\",\"contentUrl\":\"https:\\\/\\\/www.pressta-eisele.eu\\\/wp-content\\\/uploads\\\/2021\\\/03\\\/AKF-6-S.jpg\",\"width\":1600,\"height\":1200,\"caption\":\"AKF-6-S\"},{\"@type\":\"BreadcrumbList\",\"@id\":\"https:\\\/\\\/www.pressta-eisele.eu\\\/hu\\\/produkt\\\/akf-6-s-celna-frezka\\\/#breadcrumb\",\"itemListElement\":[{\"@type\":\"ListItem\",\"position\":1,\"name\":\"Home\",\"item\":\"https:\\\/\\\/www.pressta-eisele.eu\\\/hu\\\/\"},{\"@type\":\"ListItem\",\"position\":2,\"name\":\"Shop\",\"item\":\"https:\\\/\\\/www.pressta-eisele.eu\\\/hu\\\/shop\\\/\"},{\"@type\":\"ListItem\",\"position\":3,\"name\":\"AKF 6-S \u2013 \u010celn\u00e1 fr\u00e9zka\"}]},{\"@type\":\"WebSite\",\"@id\":\"https:\\\/\\\/www.pressta-eisele.eu\\\/hu\\\/#website\",\"url\":\"https:\\\/\\\/www.pressta-eisele.eu\\\/hu\\\/\",\"name\":\"Pressta Eisele \u010cS\",\"description\":\"Vitajte vo svete produktivity\",\"publisher\":{\"@id\":\"https:\\\/\\\/www.pressta-eisele.eu\\\/hu\\\/#organization\"},\"potentialAction\":[{\"@type\":\"SearchAction\",\"target\":{\"@type\":\"EntryPoint\",\"urlTemplate\":\"https:\\\/\\\/www.pressta-eisele.eu\\\/hu\\\/?s={search_term_string}\"},\"query-input\":{\"@type\":\"PropertyValueSpecification\",\"valueRequired\":true,\"valueName\":\"search_term_string\"}}],\"inLanguage\":\"hu\"},{\"@type\":\"Organization\",\"@id\":\"https:\\\/\\\/www.pressta-eisele.eu\\\/hu\\\/#organization\",\"name\":\"Pressta Eisele \u010cS\",\"url\":\"https:\\\/\\\/www.pressta-eisele.eu\\\/hu\\\/\",\"logo\":{\"@type\":\"ImageObject\",\"inLanguage\":\"hu\",\"@id\":\"https:\\\/\\\/www.pressta-eisele.eu\\\/hu\\\/#\\\/schema\\\/logo\\\/image\\\/\",\"url\":\"https:\\\/\\\/www.pressta-eisele.eu\\\/wp-content\\\/uploads\\\/2020\\\/11\\\/pressta-logo-01v.svg\",\"contentUrl\":\"https:\\\/\\\/www.pressta-eisele.eu\\\/wp-content\\\/uploads\\\/2020\\\/11\\\/pressta-logo-01v.svg\",\"caption\":\"Pressta Eisele \u010cS\"},\"image\":{\"@id\":\"https:\\\/\\\/www.pressta-eisele.eu\\\/hu\\\/#\\\/schema\\\/logo\\\/image\\\/\"}}]}<\/script>\n<!-- \/ Yoast SEO plugin. -->","yoast_head_json":{"title":"AKF 6-S \u2013 \u010celn\u00e1 fr\u00e9zka - Pressta Eisele \u010cS","robots":{"index":"index","follow":"follow","max-snippet":"max-snippet:-1","max-image-preview":"max-image-preview:large","max-video-preview":"max-video-preview:-1"},"canonical":"https:\/\/www.pressta-eisele.eu\/hu\/produkt\/akf-6-s-celna-frezka\/","og_locale":"hu_HU","og_type":"article","og_title":"AKF 6-S \u2013 \u010celn\u00e1 fr\u00e9zka - Pressta Eisele \u010cS","og_description":"Pravouhl\u00e9 opracovanie alebo opracovanie pod uhlom a\u017e do ca.20\u00b0  R\u00fdchlov\u00fdmenn\u00fd syst\u00e9m n\u00e1stroja bez potreby pomocn\u00fdch n\u00e1strojov  R\u00fdchle nastavenie pracovn\u00e9ho zdvihu n\u00e1stroja  Vysok\u00e1 r\u00fdchlos\u0165 opracovania v\u010faka vysok\u00fdm ot\u00e1\u010dkam (4000 ot\/min) a\u00a0ve\u013ek\u00e9ho priemeru fr\u00e9zy  Stabiln\u00e1 kon\u0161trukcia zo sivej liatiny  Presn\u00e9 vedenie guli\u010dkov\u00fdch p\u00fazdier san\u00ed n\u00e1stroja na kalen\u00fdch a\u00a0br\u00fasen\u00fdch oce\u013eov\u00fdch hriade\u013eoch  Manu\u00e1lny posuv fr\u00e9zy  Stabiln\u00e9 ulo\u017eenie hriade\u013ea fr\u00e9zy  Vr\u00e1tane revolverov\u00e9ho dorazu pre 8 poz\u00edci\u00ed  Hydropneumatick\u00fd posuv (opcia)  Automatick\u00e9 prestavenie v\u00fd\u0161ky stola (opcia)  Osadenie fr\u00e9zy s\u00a0v\u0155tan\u00edm 40\/32\/30 (opcia)","og_url":"https:\/\/www.pressta-eisele.eu\/hu\/produkt\/akf-6-s-celna-frezka\/","og_site_name":"Pressta Eisele \u010cS","article_modified_time":"2023-05-16T18:49:54+00:00","og_image":[{"width":1600,"height":1200,"url":"https:\/\/www.pressta-eisele.eu\/wp-content\/uploads\/2021\/03\/AKF-6-S.jpg","type":"image\/jpeg"}],"twitter_card":"summary_large_image","schema":{"@context":"https:\/\/schema.org","@graph":[{"@type":"WebPage","@id":"https:\/\/www.pressta-eisele.eu\/hu\/produkt\/akf-6-s-celna-frezka\/","url":"https:\/\/www.pressta-eisele.eu\/hu\/produkt\/akf-6-s-celna-frezka\/","name":"AKF 6-S \u2013 \u010celn\u00e1 fr\u00e9zka - Pressta Eisele \u010cS","isPartOf":{"@id":"https:\/\/www.pressta-eisele.eu\/hu\/#website"},"primaryImageOfPage":{"@id":"https:\/\/www.pressta-eisele.eu\/hu\/produkt\/akf-6-s-celna-frezka\/#primaryimage"},"image":{"@id":"https:\/\/www.pressta-eisele.eu\/hu\/produkt\/akf-6-s-celna-frezka\/#primaryimage"},"thumbnailUrl":"https:\/\/www.pressta-eisele.eu\/wp-content\/uploads\/2021\/03\/AKF-6-S.jpg","datePublished":"2021-06-10T12:41:19+00:00","dateModified":"2023-05-16T18:49:54+00:00","breadcrumb":{"@id":"https:\/\/www.pressta-eisele.eu\/hu\/produkt\/akf-6-s-celna-frezka\/#breadcrumb"},"inLanguage":"hu","potentialAction":[{"@type":"ReadAction","target":["https:\/\/www.pressta-eisele.eu\/hu\/produkt\/akf-6-s-celna-frezka\/"]}]},{"@type":"ImageObject","inLanguage":"hu","@id":"https:\/\/www.pressta-eisele.eu\/hu\/produkt\/akf-6-s-celna-frezka\/#primaryimage","url":"https:\/\/www.pressta-eisele.eu\/wp-content\/uploads\/2021\/03\/AKF-6-S.jpg","contentUrl":"https:\/\/www.pressta-eisele.eu\/wp-content\/uploads\/2021\/03\/AKF-6-S.jpg","width":1600,"height":1200,"caption":"AKF-6-S"},{"@type":"BreadcrumbList","@id":"https:\/\/www.pressta-eisele.eu\/hu\/produkt\/akf-6-s-celna-frezka\/#breadcrumb","itemListElement":[{"@type":"ListItem","position":1,"name":"Home","item":"https:\/\/www.pressta-eisele.eu\/hu\/"},{"@type":"ListItem","position":2,"name":"Shop","item":"https:\/\/www.pressta-eisele.eu\/hu\/shop\/"},{"@type":"ListItem","position":3,"name":"AKF 6-S \u2013 \u010celn\u00e1 fr\u00e9zka"}]},{"@type":"WebSite","@id":"https:\/\/www.pressta-eisele.eu\/hu\/#website","url":"https:\/\/www.pressta-eisele.eu\/hu\/","name":"Pressta Eisele \u010cS","description":"Vitajte vo svete produktivity","publisher":{"@id":"https:\/\/www.pressta-eisele.eu\/hu\/#organization"},"potentialAction":[{"@type":"SearchAction","target":{"@type":"EntryPoint","urlTemplate":"https:\/\/www.pressta-eisele.eu\/hu\/?s={search_term_string}"},"query-input":{"@type":"PropertyValueSpecification","valueRequired":true,"valueName":"search_term_string"}}],"inLanguage":"hu"},{"@type":"Organization","@id":"https:\/\/www.pressta-eisele.eu\/hu\/#organization","name":"Pressta Eisele \u010cS","url":"https:\/\/www.pressta-eisele.eu\/hu\/","logo":{"@type":"ImageObject","inLanguage":"hu","@id":"https:\/\/www.pressta-eisele.eu\/hu\/#\/schema\/logo\/image\/","url":"https:\/\/www.pressta-eisele.eu\/wp-content\/uploads\/2020\/11\/pressta-logo-01v.svg","contentUrl":"https:\/\/www.pressta-eisele.eu\/wp-content\/uploads\/2020\/11\/pressta-logo-01v.svg","caption":"Pressta Eisele \u010cS"},"image":{"@id":"https:\/\/www.pressta-eisele.eu\/hu\/#\/schema\/logo\/image\/"}}]}},"jetpack_sharing_enabled":true,"_links":{"self":[{"href":"https:\/\/www.pressta-eisele.eu\/hu\/wp-json\/wp\/v2\/product\/3235","targetHints":{"allow":["GET"]}}],"collection":[{"href":"https:\/\/www.pressta-eisele.eu\/hu\/wp-json\/wp\/v2\/product"}],"about":[{"href":"https:\/\/www.pressta-eisele.eu\/hu\/wp-json\/wp\/v2\/types\/product"}],"replies":[{"embeddable":true,"href":"https:\/\/www.pressta-eisele.eu\/hu\/wp-json\/wp\/v2\/comments?post=3235"}],"wp:featuredmedia":[{"embeddable":true,"href":"https:\/\/www.pressta-eisele.eu\/hu\/wp-json\/wp\/v2\/media\/3360"}],"wp:attachment":[{"href":"https:\/\/www.pressta-eisele.eu\/hu\/wp-json\/wp\/v2\/media?parent=3235"}],"wp:term":[{"taxonomy":"product_brand","embeddable":true,"href":"https:\/\/www.pressta-eisele.eu\/hu\/wp-json\/wp\/v2\/product_brand?post=3235"},{"taxonomy":"product_cat","embeddable":true,"href":"https:\/\/www.pressta-eisele.eu\/hu\/wp-json\/wp\/v2\/product_cat?post=3235"},{"taxonomy":"product_tag","embeddable":true,"href":"https:\/\/www.pressta-eisele.eu\/hu\/wp-json\/wp\/v2\/product_tag?post=3235"}],"curies":[{"name":"wp","href":"https:\/\/api.w.org\/{rel}","templated":true}]}}