{"id":1974,"date":"2021-02-01T12:22:17","date_gmt":"2021-02-01T11:22:17","guid":{"rendered":"https:\/\/www.pressta-eisele.eu\/?post_type=product&#038;p=1974"},"modified":"2025-07-16T08:48:59","modified_gmt":"2025-07-16T06:48:59","slug":"super-easy-ter","status":"publish","type":"product","link":"https:\/\/www.pressta-eisele.eu\/hu\/produkt\/super-easy-ter\/","title":{"rendered":"SUPER EASY TER"},"content":{"rendered":"","protected":false},"excerpt":{"rendered":"<ul>\n<li>manu\u00e1lna kop\u00edrovacia fr\u00e9za pre opracovanie profilov z hlin\u00edka, PVC a ocele<\/li>\n<li>pneumatick\u00e9 ot\u00e1\u010danie stola na -90\u00b0 &#8211; 0\u00b0 +90\u00b0<\/li>\n<li>medzistupne nastavite\u013en\u00e9 manu\u00e1lne pomocou stupnice<\/li>\n<li>vreteno 1,1 kW s plynulou regul\u00e1ciou ot\u00e1\u010dok od 2800 do 12000 ot\/min<\/li>\n<li>rozsah opracovania pri stole na 0\u00b0: 3000 x 250 x 200 mm<\/li>\n<li>up\u00ednacia \u010de\u013eus\u0165 d8mm<\/li>\n<li>4 pneumatick\u00e9 up\u00edna\u010de<\/li>\n<li>3 kop\u00edrovacie palce, priemer 5\/8\/10 mm<\/li>\n<li>2 manu\u00e1lne dorazy<\/li>\n<li>3 kop\u00edrovacie \u0161abl\u00f3ny<\/li>\n<li>ofukovacia pi\u0161to\u013e<\/li>\n<li>vzduchov\u00fd filter<\/li>\n<li>pneumatick\u00e9 rozpra\u010dovacie zariadenie chladenia a primaz\u00e1vania<\/li>\n<li>rozmery 3470 x 1300 x 1850 mm (D x \u0160 x V)<\/li>\n<li>hmotnos\u0165 cca 750 kg<\/li>\n<\/ul>\n","protected":false},"featured_media":1976,"comment_status":"open","ping_status":"closed","template":"","meta":{"_monsterinsights_skip_tracking":false,"_monsterinsights_sitenote_active":false,"_monsterinsights_sitenote_note":"","_monsterinsights_sitenote_category":0},"product_brand":[],"product_cat":[27],"product_tag":[],"class_list":{"0":"post-1974","1":"product","2":"type-product","3":"status-publish","4":"has-post-thumbnail","6":"product_cat-kopirovacie-frezky","8":"first","9":"instock","10":"shipping-taxable","11":"product-type-simple"},"yoast_head":"<!-- This site is optimized with the Yoast SEO plugin v27.5 - https:\/\/yoast.com\/product\/yoast-seo-wordpress\/ -->\n<title>SUPER EASY TER - Pressta Eisele \u010cS<\/title>\n<meta name=\"robots\" content=\"index, follow, max-snippet:-1, max-image-preview:large, max-video-preview:-1\" \/>\n<link rel=\"canonical\" href=\"https:\/\/www.pressta-eisele.eu\/hu\/produkt\/super-easy-ter\/\" \/>\n<meta property=\"og:locale\" content=\"hu_HU\" \/>\n<meta property=\"og:type\" content=\"article\" \/>\n<meta property=\"og:title\" content=\"SUPER EASY TER - Pressta Eisele \u010cS\" \/>\n<meta property=\"og:description\" content=\"manu\u00e1lna kop\u00edrovacia fr\u00e9za pre opracovanie profilov z hlin\u00edka, PVC a ocele  pneumatick\u00e9 ot\u00e1\u010danie stola na -90\u00b0 - 0\u00b0 +90\u00b0  medzistupne nastavite\u013en\u00e9 manu\u00e1lne pomocou stupnice  vreteno 1,1 kW s plynulou regul\u00e1ciou ot\u00e1\u010dok od 2800 do 12000 ot\/min  rozsah opracovania pri stole na 0\u00b0: 3000 x 250 x 200 mm  up\u00ednacia \u010de\u013eus\u0165 d8mm  4 pneumatick\u00e9 up\u00edna\u010de  3 kop\u00edrovacie palce, priemer 5\/8\/10 mm  2 manu\u00e1lne dorazy  3 kop\u00edrovacie \u0161abl\u00f3ny  ofukovacia pi\u0161to\u013e  vzduchov\u00fd filter  pneumatick\u00e9 rozpra\u010dovacie zariadenie chladenia a primaz\u00e1vania  rozmery 3470 x 1300 x 1850 mm (D x \u0160 x V)  hmotnos\u0165 cca 750 kg\" \/>\n<meta property=\"og:url\" content=\"https:\/\/www.pressta-eisele.eu\/hu\/produkt\/super-easy-ter\/\" \/>\n<meta property=\"og:site_name\" content=\"Pressta Eisele \u010cS\" \/>\n<meta property=\"article:modified_time\" content=\"2025-07-16T06:48:59+00:00\" \/>\n<meta property=\"og:image\" content=\"https:\/\/www.pressta-eisele.eu\/wp-content\/uploads\/2021\/02\/2012_03_Super_Easy_Ter_001.jpg\" \/>\n\t<meta property=\"og:image:width\" content=\"2000\" \/>\n\t<meta property=\"og:image:height\" content=\"1328\" \/>\n\t<meta property=\"og:image:type\" content=\"image\/jpeg\" \/>\n<meta name=\"twitter:card\" content=\"summary_large_image\" \/>\n<script type=\"application\/ld+json\" class=\"yoast-schema-graph\">{\"@context\":\"https:\\\/\\\/schema.org\",\"@graph\":[{\"@type\":\"WebPage\",\"@id\":\"https:\\\/\\\/www.pressta-eisele.eu\\\/hu\\\/produkt\\\/super-easy-ter\\\/\",\"url\":\"https:\\\/\\\/www.pressta-eisele.eu\\\/hu\\\/produkt\\\/super-easy-ter\\\/\",\"name\":\"SUPER EASY TER - Pressta Eisele \u010cS\",\"isPartOf\":{\"@id\":\"https:\\\/\\\/www.pressta-eisele.eu\\\/hu\\\/#website\"},\"primaryImageOfPage\":{\"@id\":\"https:\\\/\\\/www.pressta-eisele.eu\\\/hu\\\/produkt\\\/super-easy-ter\\\/#primaryimage\"},\"image\":{\"@id\":\"https:\\\/\\\/www.pressta-eisele.eu\\\/hu\\\/produkt\\\/super-easy-ter\\\/#primaryimage\"},\"thumbnailUrl\":\"https:\\\/\\\/www.pressta-eisele.eu\\\/wp-content\\\/uploads\\\/2021\\\/02\\\/2012_03_Super_Easy_Ter_001.jpg\",\"datePublished\":\"2021-02-01T11:22:17+00:00\",\"dateModified\":\"2025-07-16T06:48:59+00:00\",\"breadcrumb\":{\"@id\":\"https:\\\/\\\/www.pressta-eisele.eu\\\/hu\\\/produkt\\\/super-easy-ter\\\/#breadcrumb\"},\"inLanguage\":\"hu\",\"potentialAction\":[{\"@type\":\"ReadAction\",\"target\":[\"https:\\\/\\\/www.pressta-eisele.eu\\\/hu\\\/produkt\\\/super-easy-ter\\\/\"]}]},{\"@type\":\"ImageObject\",\"inLanguage\":\"hu\",\"@id\":\"https:\\\/\\\/www.pressta-eisele.eu\\\/hu\\\/produkt\\\/super-easy-ter\\\/#primaryimage\",\"url\":\"https:\\\/\\\/www.pressta-eisele.eu\\\/wp-content\\\/uploads\\\/2021\\\/02\\\/2012_03_Super_Easy_Ter_001.jpg\",\"contentUrl\":\"https:\\\/\\\/www.pressta-eisele.eu\\\/wp-content\\\/uploads\\\/2021\\\/02\\\/2012_03_Super_Easy_Ter_001.jpg\",\"width\":2000,\"height\":1328,\"caption\":\"SUPER EASY TER\"},{\"@type\":\"BreadcrumbList\",\"@id\":\"https:\\\/\\\/www.pressta-eisele.eu\\\/hu\\\/produkt\\\/super-easy-ter\\\/#breadcrumb\",\"itemListElement\":[{\"@type\":\"ListItem\",\"position\":1,\"name\":\"Home\",\"item\":\"https:\\\/\\\/www.pressta-eisele.eu\\\/hu\\\/\"},{\"@type\":\"ListItem\",\"position\":2,\"name\":\"Shop\",\"item\":\"https:\\\/\\\/www.pressta-eisele.eu\\\/hu\\\/shop\\\/\"},{\"@type\":\"ListItem\",\"position\":3,\"name\":\"SUPER EASY TER\"}]},{\"@type\":\"WebSite\",\"@id\":\"https:\\\/\\\/www.pressta-eisele.eu\\\/hu\\\/#website\",\"url\":\"https:\\\/\\\/www.pressta-eisele.eu\\\/hu\\\/\",\"name\":\"Pressta Eisele \u010cS\",\"description\":\"Vitajte vo svete produktivity\",\"publisher\":{\"@id\":\"https:\\\/\\\/www.pressta-eisele.eu\\\/hu\\\/#organization\"},\"potentialAction\":[{\"@type\":\"SearchAction\",\"target\":{\"@type\":\"EntryPoint\",\"urlTemplate\":\"https:\\\/\\\/www.pressta-eisele.eu\\\/hu\\\/?s={search_term_string}\"},\"query-input\":{\"@type\":\"PropertyValueSpecification\",\"valueRequired\":true,\"valueName\":\"search_term_string\"}}],\"inLanguage\":\"hu\"},{\"@type\":\"Organization\",\"@id\":\"https:\\\/\\\/www.pressta-eisele.eu\\\/hu\\\/#organization\",\"name\":\"Pressta Eisele \u010cS\",\"url\":\"https:\\\/\\\/www.pressta-eisele.eu\\\/hu\\\/\",\"logo\":{\"@type\":\"ImageObject\",\"inLanguage\":\"hu\",\"@id\":\"https:\\\/\\\/www.pressta-eisele.eu\\\/hu\\\/#\\\/schema\\\/logo\\\/image\\\/\",\"url\":\"https:\\\/\\\/www.pressta-eisele.eu\\\/wp-content\\\/uploads\\\/2020\\\/11\\\/pressta-logo-01v.svg\",\"contentUrl\":\"https:\\\/\\\/www.pressta-eisele.eu\\\/wp-content\\\/uploads\\\/2020\\\/11\\\/pressta-logo-01v.svg\",\"caption\":\"Pressta Eisele \u010cS\"},\"image\":{\"@id\":\"https:\\\/\\\/www.pressta-eisele.eu\\\/hu\\\/#\\\/schema\\\/logo\\\/image\\\/\"}}]}<\/script>\n<!-- \/ Yoast SEO plugin. -->","yoast_head_json":{"title":"SUPER EASY TER - Pressta Eisele \u010cS","robots":{"index":"index","follow":"follow","max-snippet":"max-snippet:-1","max-image-preview":"max-image-preview:large","max-video-preview":"max-video-preview:-1"},"canonical":"https:\/\/www.pressta-eisele.eu\/hu\/produkt\/super-easy-ter\/","og_locale":"hu_HU","og_type":"article","og_title":"SUPER EASY TER - Pressta Eisele \u010cS","og_description":"manu\u00e1lna kop\u00edrovacia fr\u00e9za pre opracovanie profilov z hlin\u00edka, PVC a ocele  pneumatick\u00e9 ot\u00e1\u010danie stola na -90\u00b0 - 0\u00b0 +90\u00b0  medzistupne nastavite\u013en\u00e9 manu\u00e1lne pomocou stupnice  vreteno 1,1 kW s plynulou regul\u00e1ciou ot\u00e1\u010dok od 2800 do 12000 ot\/min  rozsah opracovania pri stole na 0\u00b0: 3000 x 250 x 200 mm  up\u00ednacia \u010de\u013eus\u0165 d8mm  4 pneumatick\u00e9 up\u00edna\u010de  3 kop\u00edrovacie palce, priemer 5\/8\/10 mm  2 manu\u00e1lne dorazy  3 kop\u00edrovacie \u0161abl\u00f3ny  ofukovacia pi\u0161to\u013e  vzduchov\u00fd filter  pneumatick\u00e9 rozpra\u010dovacie zariadenie chladenia a primaz\u00e1vania  rozmery 3470 x 1300 x 1850 mm (D x \u0160 x V)  hmotnos\u0165 cca 750 kg","og_url":"https:\/\/www.pressta-eisele.eu\/hu\/produkt\/super-easy-ter\/","og_site_name":"Pressta Eisele \u010cS","article_modified_time":"2025-07-16T06:48:59+00:00","og_image":[{"width":2000,"height":1328,"url":"https:\/\/www.pressta-eisele.eu\/wp-content\/uploads\/2021\/02\/2012_03_Super_Easy_Ter_001.jpg","type":"image\/jpeg"}],"twitter_card":"summary_large_image","schema":{"@context":"https:\/\/schema.org","@graph":[{"@type":"WebPage","@id":"https:\/\/www.pressta-eisele.eu\/hu\/produkt\/super-easy-ter\/","url":"https:\/\/www.pressta-eisele.eu\/hu\/produkt\/super-easy-ter\/","name":"SUPER EASY TER - Pressta Eisele \u010cS","isPartOf":{"@id":"https:\/\/www.pressta-eisele.eu\/hu\/#website"},"primaryImageOfPage":{"@id":"https:\/\/www.pressta-eisele.eu\/hu\/produkt\/super-easy-ter\/#primaryimage"},"image":{"@id":"https:\/\/www.pressta-eisele.eu\/hu\/produkt\/super-easy-ter\/#primaryimage"},"thumbnailUrl":"https:\/\/www.pressta-eisele.eu\/wp-content\/uploads\/2021\/02\/2012_03_Super_Easy_Ter_001.jpg","datePublished":"2021-02-01T11:22:17+00:00","dateModified":"2025-07-16T06:48:59+00:00","breadcrumb":{"@id":"https:\/\/www.pressta-eisele.eu\/hu\/produkt\/super-easy-ter\/#breadcrumb"},"inLanguage":"hu","potentialAction":[{"@type":"ReadAction","target":["https:\/\/www.pressta-eisele.eu\/hu\/produkt\/super-easy-ter\/"]}]},{"@type":"ImageObject","inLanguage":"hu","@id":"https:\/\/www.pressta-eisele.eu\/hu\/produkt\/super-easy-ter\/#primaryimage","url":"https:\/\/www.pressta-eisele.eu\/wp-content\/uploads\/2021\/02\/2012_03_Super_Easy_Ter_001.jpg","contentUrl":"https:\/\/www.pressta-eisele.eu\/wp-content\/uploads\/2021\/02\/2012_03_Super_Easy_Ter_001.jpg","width":2000,"height":1328,"caption":"SUPER EASY TER"},{"@type":"BreadcrumbList","@id":"https:\/\/www.pressta-eisele.eu\/hu\/produkt\/super-easy-ter\/#breadcrumb","itemListElement":[{"@type":"ListItem","position":1,"name":"Home","item":"https:\/\/www.pressta-eisele.eu\/hu\/"},{"@type":"ListItem","position":2,"name":"Shop","item":"https:\/\/www.pressta-eisele.eu\/hu\/shop\/"},{"@type":"ListItem","position":3,"name":"SUPER EASY TER"}]},{"@type":"WebSite","@id":"https:\/\/www.pressta-eisele.eu\/hu\/#website","url":"https:\/\/www.pressta-eisele.eu\/hu\/","name":"Pressta Eisele \u010cS","description":"Vitajte vo svete produktivity","publisher":{"@id":"https:\/\/www.pressta-eisele.eu\/hu\/#organization"},"potentialAction":[{"@type":"SearchAction","target":{"@type":"EntryPoint","urlTemplate":"https:\/\/www.pressta-eisele.eu\/hu\/?s={search_term_string}"},"query-input":{"@type":"PropertyValueSpecification","valueRequired":true,"valueName":"search_term_string"}}],"inLanguage":"hu"},{"@type":"Organization","@id":"https:\/\/www.pressta-eisele.eu\/hu\/#organization","name":"Pressta Eisele \u010cS","url":"https:\/\/www.pressta-eisele.eu\/hu\/","logo":{"@type":"ImageObject","inLanguage":"hu","@id":"https:\/\/www.pressta-eisele.eu\/hu\/#\/schema\/logo\/image\/","url":"https:\/\/www.pressta-eisele.eu\/wp-content\/uploads\/2020\/11\/pressta-logo-01v.svg","contentUrl":"https:\/\/www.pressta-eisele.eu\/wp-content\/uploads\/2020\/11\/pressta-logo-01v.svg","caption":"Pressta Eisele \u010cS"},"image":{"@id":"https:\/\/www.pressta-eisele.eu\/hu\/#\/schema\/logo\/image\/"}}]}},"jetpack_sharing_enabled":true,"_links":{"self":[{"href":"https:\/\/www.pressta-eisele.eu\/hu\/wp-json\/wp\/v2\/product\/1974","targetHints":{"allow":["GET"]}}],"collection":[{"href":"https:\/\/www.pressta-eisele.eu\/hu\/wp-json\/wp\/v2\/product"}],"about":[{"href":"https:\/\/www.pressta-eisele.eu\/hu\/wp-json\/wp\/v2\/types\/product"}],"replies":[{"embeddable":true,"href":"https:\/\/www.pressta-eisele.eu\/hu\/wp-json\/wp\/v2\/comments?post=1974"}],"wp:featuredmedia":[{"embeddable":true,"href":"https:\/\/www.pressta-eisele.eu\/hu\/wp-json\/wp\/v2\/media\/1976"}],"wp:attachment":[{"href":"https:\/\/www.pressta-eisele.eu\/hu\/wp-json\/wp\/v2\/media?parent=1974"}],"wp:term":[{"taxonomy":"product_brand","embeddable":true,"href":"https:\/\/www.pressta-eisele.eu\/hu\/wp-json\/wp\/v2\/product_brand?post=1974"},{"taxonomy":"product_cat","embeddable":true,"href":"https:\/\/www.pressta-eisele.eu\/hu\/wp-json\/wp\/v2\/product_cat?post=1974"},{"taxonomy":"product_tag","embeddable":true,"href":"https:\/\/www.pressta-eisele.eu\/hu\/wp-json\/wp\/v2\/product_tag?post=1974"}],"curies":[{"name":"wp","href":"https:\/\/api.w.org\/{rel}","templated":true}]}}