{"id":1682,"date":"2021-01-31T19:55:56","date_gmt":"2021-01-31T18:55:56","guid":{"rendered":"https:\/\/www.pressta-eisele.eu\/produkt\/expres-vr-elektromotorikus-fuggoleges-forgato-es-szallitoallomas\/"},"modified":"2021-01-31T19:55:57","modified_gmt":"2021-01-31T18:55:57","slug":"expres-vr-elektromotorikus-fuggoleges-forgato-es-szallitoallomas","status":"publish","type":"product","link":"https:\/\/www.pressta-eisele.eu\/hu\/produkt\/expres-vr-elektromotorikus-fuggoleges-forgato-es-szallitoallomas\/","title":{"rendered":"EXPRES VR &#8211; Elektromotorikus f\u00fcgg\u0151leges forgat\u00f3\u00a0\u00e9s sz\u00e1ll\u00edt\u00f3\u00e1llom\u00e1s"},"content":{"rendered":"","protected":false},"excerpt":{"rendered":"<p>  Ez a berendez\u00e9s csom\u00f3pontokba \u00e9s az EXPRES \u00e9s TRIUMPH  modul\u00e1ris berendez\u00e9sek  egys\u00e9geibe szabadon csatlakoztathat\u00f3, mely a gy\u00e1rt\u00f3sorokban  az ablak \u00e9s ajt\u00f3keretekautomatikus f\u00fcgg\u0151leges \/ v\u00edzszintes sz\u00e1ll\u00edt\u00e1s\u00e1ra szolg\u00e1l.<\/p>\n<ul>\n<li>A konfigur\u00e1ci\u00f3t\u00f3l f\u00fcgg\u0151en szerepelhet mint a szerkezeteket  a motorikus t\u00e1maszfalr\u00f3l,   t\u00e1rol\u00f3b\u00f3l felvev\u0151 vagy mint a szerkezeteket a motorikus  t\u00e1maszfalra, t\u00e1rol\u00f3ba lead\u00f3   berendez\u00e9s.<\/li>\n<li>A 400 x 400 \u00e9s a 3 000 x 3 000 \/mm\/ m\u00e9rettartom\u00e1nyban  tal\u00e1lhat\u00f3 elemek   sz\u00e1ll\u00edt\u00e1s\u00e1ra van megtervezve.<\/li>\n<li>A felhaszn\u00e1lt sz\u00e1ll\u00edt\u00f3szalag a megn\u00f6velt \u00e9lettartalm  kateg\u00f3ri\u00e1b\u00f3l sz\u00e1rmazik &#8211; hosszantart\u00f3 \u00fczemeltet\u00e9s erdm\u00e9nyez.<\/li>\n<li>Opci\u00f3:csatlakoz\u00e1s az INDEX vagy SORTEX t\u00e1rol\u00f3khoz.<\/li>\n<\/ul>\n","protected":false},"featured_media":0,"comment_status":"closed","ping_status":"open","template":"","meta":{"_monsterinsights_skip_tracking":false,"_monsterinsights_sitenote_active":false,"_monsterinsights_sitenote_note":"","_monsterinsights_sitenote_category":0},"product_brand":[],"product_cat":[],"product_tag":[],"class_list":{"0":"post-1682","1":"product","2":"type-product","3":"status-publish","6":"first","7":"instock","8":"product-type-simple"},"yoast_head":"<!-- This site is optimized with the Yoast SEO plugin v27.5 - https:\/\/yoast.com\/product\/yoast-seo-wordpress\/ -->\n<title>EXPRES VR - Elektromotorikus f\u00fcgg\u0151leges forgat\u00f3\u00a0\u00e9s sz\u00e1ll\u00edt\u00f3\u00e1llom\u00e1s - Pressta Eisele \u010cS<\/title>\n<meta name=\"robots\" content=\"index, follow, max-snippet:-1, max-image-preview:large, max-video-preview:-1\" \/>\n<link rel=\"canonical\" href=\"https:\/\/www.pressta-eisele.eu\/hu\/produkt\/expres-vr-elektromotorikus-fuggoleges-forgato-es-szallitoallomas\/\" \/>\n<meta property=\"og:locale\" content=\"hu_HU\" \/>\n<meta property=\"og:type\" content=\"article\" \/>\n<meta property=\"og:title\" content=\"EXPRES VR - Elektromotorikus f\u00fcgg\u0151leges forgat\u00f3\u00a0\u00e9s sz\u00e1ll\u00edt\u00f3\u00e1llom\u00e1s - Pressta Eisele \u010cS\" \/>\n<meta property=\"og:description\" content=\"Ez a berendez\u00e9s csom\u00f3pontokba \u00e9s az EXPRES \u00e9s TRIUMPH modul\u00e1ris berendez\u00e9sek egys\u00e9geibe szabadon csatlakoztathat\u00f3, mely a gy\u00e1rt\u00f3sorokban az ablak \u00e9s ajt\u00f3keretekautomatikus f\u00fcgg\u0151leges \/ v\u00edzszintes sz\u00e1ll\u00edt\u00e1s\u00e1ra szolg\u00e1l. A konfigur\u00e1ci\u00f3t\u00f3l f\u00fcgg\u0151en szerepelhet mint a szerkezeteket a motorikus t\u00e1maszfalr\u00f3l,  t\u00e1rol\u00f3b\u00f3l felvev\u0151 vagy mint a szerkezeteket a motorikus t\u00e1maszfalra, t\u00e1rol\u00f3ba lead\u00f3  berendez\u00e9s.A 400 x 400 \u00e9s a 3 000 x 3 000 \/mm\/ m\u00e9rettartom\u00e1nyban tal\u00e1lhat\u00f3 elemek  sz\u00e1ll\u00edt\u00e1s\u00e1ra van megtervezve.A felhaszn\u00e1lt sz\u00e1ll\u00edt\u00f3szalag a megn\u00f6velt \u00e9lettartalm kateg\u00f3ri\u00e1b\u00f3l sz\u00e1rmazik - hosszantart\u00f3 \u00fczemeltet\u00e9s erdm\u00e9nyez.Opci\u00f3:csatlakoz\u00e1s az INDEX vagy SORTEX t\u00e1rol\u00f3khoz.\" \/>\n<meta property=\"og:url\" content=\"https:\/\/www.pressta-eisele.eu\/hu\/produkt\/expres-vr-elektromotorikus-fuggoleges-forgato-es-szallitoallomas\/\" \/>\n<meta property=\"og:site_name\" content=\"Pressta Eisele \u010cS\" \/>\n<meta property=\"article:modified_time\" content=\"2021-01-31T18:55:57+00:00\" \/>\n<meta name=\"twitter:card\" content=\"summary_large_image\" \/>\n<script type=\"application\/ld+json\" class=\"yoast-schema-graph\">{\"@context\":\"https:\\\/\\\/schema.org\",\"@graph\":[{\"@type\":\"WebPage\",\"@id\":\"https:\\\/\\\/www.pressta-eisele.eu\\\/hu\\\/produkt\\\/expres-vr-elektromotorikus-fuggoleges-forgato-es-szallitoallomas\\\/\",\"url\":\"https:\\\/\\\/www.pressta-eisele.eu\\\/hu\\\/produkt\\\/expres-vr-elektromotorikus-fuggoleges-forgato-es-szallitoallomas\\\/\",\"name\":\"EXPRES VR - Elektromotorikus f\u00fcgg\u0151leges forgat\u00f3\u00a0\u00e9s sz\u00e1ll\u00edt\u00f3\u00e1llom\u00e1s - Pressta Eisele \u010cS\",\"isPartOf\":{\"@id\":\"https:\\\/\\\/www.pressta-eisele.eu\\\/hu\\\/#website\"},\"datePublished\":\"2021-01-31T18:55:56+00:00\",\"dateModified\":\"2021-01-31T18:55:57+00:00\",\"breadcrumb\":{\"@id\":\"https:\\\/\\\/www.pressta-eisele.eu\\\/hu\\\/produkt\\\/expres-vr-elektromotorikus-fuggoleges-forgato-es-szallitoallomas\\\/#breadcrumb\"},\"inLanguage\":\"hu\",\"potentialAction\":[{\"@type\":\"ReadAction\",\"target\":[\"https:\\\/\\\/www.pressta-eisele.eu\\\/hu\\\/produkt\\\/expres-vr-elektromotorikus-fuggoleges-forgato-es-szallitoallomas\\\/\"]}]},{\"@type\":\"BreadcrumbList\",\"@id\":\"https:\\\/\\\/www.pressta-eisele.eu\\\/hu\\\/produkt\\\/expres-vr-elektromotorikus-fuggoleges-forgato-es-szallitoallomas\\\/#breadcrumb\",\"itemListElement\":[{\"@type\":\"ListItem\",\"position\":1,\"name\":\"Home\",\"item\":\"https:\\\/\\\/www.pressta-eisele.eu\\\/hu\\\/\"},{\"@type\":\"ListItem\",\"position\":2,\"name\":\"Shop\",\"item\":\"https:\\\/\\\/www.pressta-eisele.eu\\\/hu\\\/shop\\\/\"},{\"@type\":\"ListItem\",\"position\":3,\"name\":\"EXPRES VR &#8211; Elektromotorikus f\u00fcgg\u0151leges forgat\u00f3\u00a0\u00e9s sz\u00e1ll\u00edt\u00f3\u00e1llom\u00e1s\"}]},{\"@type\":\"WebSite\",\"@id\":\"https:\\\/\\\/www.pressta-eisele.eu\\\/hu\\\/#website\",\"url\":\"https:\\\/\\\/www.pressta-eisele.eu\\\/hu\\\/\",\"name\":\"Pressta Eisele \u010cS\",\"description\":\"Vitajte vo svete produktivity\",\"publisher\":{\"@id\":\"https:\\\/\\\/www.pressta-eisele.eu\\\/hu\\\/#organization\"},\"potentialAction\":[{\"@type\":\"SearchAction\",\"target\":{\"@type\":\"EntryPoint\",\"urlTemplate\":\"https:\\\/\\\/www.pressta-eisele.eu\\\/hu\\\/?s={search_term_string}\"},\"query-input\":{\"@type\":\"PropertyValueSpecification\",\"valueRequired\":true,\"valueName\":\"search_term_string\"}}],\"inLanguage\":\"hu\"},{\"@type\":\"Organization\",\"@id\":\"https:\\\/\\\/www.pressta-eisele.eu\\\/hu\\\/#organization\",\"name\":\"Pressta Eisele \u010cS\",\"url\":\"https:\\\/\\\/www.pressta-eisele.eu\\\/hu\\\/\",\"logo\":{\"@type\":\"ImageObject\",\"inLanguage\":\"hu\",\"@id\":\"https:\\\/\\\/www.pressta-eisele.eu\\\/hu\\\/#\\\/schema\\\/logo\\\/image\\\/\",\"url\":\"https:\\\/\\\/www.pressta-eisele.eu\\\/wp-content\\\/uploads\\\/2020\\\/11\\\/pressta-logo-01v.svg\",\"contentUrl\":\"https:\\\/\\\/www.pressta-eisele.eu\\\/wp-content\\\/uploads\\\/2020\\\/11\\\/pressta-logo-01v.svg\",\"caption\":\"Pressta Eisele \u010cS\"},\"image\":{\"@id\":\"https:\\\/\\\/www.pressta-eisele.eu\\\/hu\\\/#\\\/schema\\\/logo\\\/image\\\/\"}}]}<\/script>\n<!-- \/ Yoast SEO plugin. -->","yoast_head_json":{"title":"EXPRES VR - Elektromotorikus f\u00fcgg\u0151leges forgat\u00f3\u00a0\u00e9s sz\u00e1ll\u00edt\u00f3\u00e1llom\u00e1s - Pressta Eisele \u010cS","robots":{"index":"index","follow":"follow","max-snippet":"max-snippet:-1","max-image-preview":"max-image-preview:large","max-video-preview":"max-video-preview:-1"},"canonical":"https:\/\/www.pressta-eisele.eu\/hu\/produkt\/expres-vr-elektromotorikus-fuggoleges-forgato-es-szallitoallomas\/","og_locale":"hu_HU","og_type":"article","og_title":"EXPRES VR - Elektromotorikus f\u00fcgg\u0151leges forgat\u00f3\u00a0\u00e9s sz\u00e1ll\u00edt\u00f3\u00e1llom\u00e1s - Pressta Eisele \u010cS","og_description":"Ez a berendez\u00e9s csom\u00f3pontokba \u00e9s az EXPRES \u00e9s TRIUMPH modul\u00e1ris berendez\u00e9sek egys\u00e9geibe szabadon csatlakoztathat\u00f3, mely a gy\u00e1rt\u00f3sorokban az ablak \u00e9s ajt\u00f3keretekautomatikus f\u00fcgg\u0151leges \/ v\u00edzszintes sz\u00e1ll\u00edt\u00e1s\u00e1ra szolg\u00e1l. A konfigur\u00e1ci\u00f3t\u00f3l f\u00fcgg\u0151en szerepelhet mint a szerkezeteket a motorikus t\u00e1maszfalr\u00f3l,  t\u00e1rol\u00f3b\u00f3l felvev\u0151 vagy mint a szerkezeteket a motorikus t\u00e1maszfalra, t\u00e1rol\u00f3ba lead\u00f3  berendez\u00e9s.A 400 x 400 \u00e9s a 3 000 x 3 000 \/mm\/ m\u00e9rettartom\u00e1nyban tal\u00e1lhat\u00f3 elemek  sz\u00e1ll\u00edt\u00e1s\u00e1ra van megtervezve.A felhaszn\u00e1lt sz\u00e1ll\u00edt\u00f3szalag a megn\u00f6velt \u00e9lettartalm kateg\u00f3ri\u00e1b\u00f3l sz\u00e1rmazik - hosszantart\u00f3 \u00fczemeltet\u00e9s erdm\u00e9nyez.Opci\u00f3:csatlakoz\u00e1s az INDEX vagy SORTEX t\u00e1rol\u00f3khoz.","og_url":"https:\/\/www.pressta-eisele.eu\/hu\/produkt\/expres-vr-elektromotorikus-fuggoleges-forgato-es-szallitoallomas\/","og_site_name":"Pressta Eisele \u010cS","article_modified_time":"2021-01-31T18:55:57+00:00","twitter_card":"summary_large_image","schema":{"@context":"https:\/\/schema.org","@graph":[{"@type":"WebPage","@id":"https:\/\/www.pressta-eisele.eu\/hu\/produkt\/expres-vr-elektromotorikus-fuggoleges-forgato-es-szallitoallomas\/","url":"https:\/\/www.pressta-eisele.eu\/hu\/produkt\/expres-vr-elektromotorikus-fuggoleges-forgato-es-szallitoallomas\/","name":"EXPRES VR - Elektromotorikus f\u00fcgg\u0151leges forgat\u00f3\u00a0\u00e9s sz\u00e1ll\u00edt\u00f3\u00e1llom\u00e1s - Pressta Eisele \u010cS","isPartOf":{"@id":"https:\/\/www.pressta-eisele.eu\/hu\/#website"},"datePublished":"2021-01-31T18:55:56+00:00","dateModified":"2021-01-31T18:55:57+00:00","breadcrumb":{"@id":"https:\/\/www.pressta-eisele.eu\/hu\/produkt\/expres-vr-elektromotorikus-fuggoleges-forgato-es-szallitoallomas\/#breadcrumb"},"inLanguage":"hu","potentialAction":[{"@type":"ReadAction","target":["https:\/\/www.pressta-eisele.eu\/hu\/produkt\/expres-vr-elektromotorikus-fuggoleges-forgato-es-szallitoallomas\/"]}]},{"@type":"BreadcrumbList","@id":"https:\/\/www.pressta-eisele.eu\/hu\/produkt\/expres-vr-elektromotorikus-fuggoleges-forgato-es-szallitoallomas\/#breadcrumb","itemListElement":[{"@type":"ListItem","position":1,"name":"Home","item":"https:\/\/www.pressta-eisele.eu\/hu\/"},{"@type":"ListItem","position":2,"name":"Shop","item":"https:\/\/www.pressta-eisele.eu\/hu\/shop\/"},{"@type":"ListItem","position":3,"name":"EXPRES VR &#8211; Elektromotorikus f\u00fcgg\u0151leges forgat\u00f3\u00a0\u00e9s sz\u00e1ll\u00edt\u00f3\u00e1llom\u00e1s"}]},{"@type":"WebSite","@id":"https:\/\/www.pressta-eisele.eu\/hu\/#website","url":"https:\/\/www.pressta-eisele.eu\/hu\/","name":"Pressta Eisele \u010cS","description":"Vitajte vo svete produktivity","publisher":{"@id":"https:\/\/www.pressta-eisele.eu\/hu\/#organization"},"potentialAction":[{"@type":"SearchAction","target":{"@type":"EntryPoint","urlTemplate":"https:\/\/www.pressta-eisele.eu\/hu\/?s={search_term_string}"},"query-input":{"@type":"PropertyValueSpecification","valueRequired":true,"valueName":"search_term_string"}}],"inLanguage":"hu"},{"@type":"Organization","@id":"https:\/\/www.pressta-eisele.eu\/hu\/#organization","name":"Pressta Eisele \u010cS","url":"https:\/\/www.pressta-eisele.eu\/hu\/","logo":{"@type":"ImageObject","inLanguage":"hu","@id":"https:\/\/www.pressta-eisele.eu\/hu\/#\/schema\/logo\/image\/","url":"https:\/\/www.pressta-eisele.eu\/wp-content\/uploads\/2020\/11\/pressta-logo-01v.svg","contentUrl":"https:\/\/www.pressta-eisele.eu\/wp-content\/uploads\/2020\/11\/pressta-logo-01v.svg","caption":"Pressta Eisele \u010cS"},"image":{"@id":"https:\/\/www.pressta-eisele.eu\/hu\/#\/schema\/logo\/image\/"}}]}},"jetpack_sharing_enabled":true,"_links":{"self":[{"href":"https:\/\/www.pressta-eisele.eu\/hu\/wp-json\/wp\/v2\/product\/1682","targetHints":{"allow":["GET"]}}],"collection":[{"href":"https:\/\/www.pressta-eisele.eu\/hu\/wp-json\/wp\/v2\/product"}],"about":[{"href":"https:\/\/www.pressta-eisele.eu\/hu\/wp-json\/wp\/v2\/types\/product"}],"replies":[{"embeddable":true,"href":"https:\/\/www.pressta-eisele.eu\/hu\/wp-json\/wp\/v2\/comments?post=1682"}],"wp:attachment":[{"href":"https:\/\/www.pressta-eisele.eu\/hu\/wp-json\/wp\/v2\/media?parent=1682"}],"wp:term":[{"taxonomy":"product_brand","embeddable":true,"href":"https:\/\/www.pressta-eisele.eu\/hu\/wp-json\/wp\/v2\/product_brand?post=1682"},{"taxonomy":"product_cat","embeddable":true,"href":"https:\/\/www.pressta-eisele.eu\/hu\/wp-json\/wp\/v2\/product_cat?post=1682"},{"taxonomy":"product_tag","embeddable":true,"href":"https:\/\/www.pressta-eisele.eu\/hu\/wp-json\/wp\/v2\/product_tag?post=1682"}],"curies":[{"name":"wp","href":"https:\/\/api.w.org\/{rel}","templated":true}]}}