{"id":1635,"date":"2021-01-31T19:55:29","date_gmt":"2021-01-31T18:55:29","guid":{"rendered":"https:\/\/www.pressta-eisele.eu\/produkt\/arg-250-arg-250-plus-szalagfuresz\/"},"modified":"2021-01-31T19:55:34","modified_gmt":"2021-01-31T18:55:34","slug":"arg-250-arg-250-plus-szalagfuresz","status":"publish","type":"product","link":"https:\/\/www.pressta-eisele.eu\/hu\/produkt\/arg-250-arg-250-plus-szalagfuresz\/","title":{"rendered":"ARG 250\/ARG 250 PLUS &#8211; Szalagf\u0171r\u00e9sz"},"content":{"rendered":"","protected":false},"excerpt":{"rendered":"<ul>\n<li>V\u00e1g\u00e1si sz\u00f6g fokozatmentesen \u00e1ll\u00edthat\u00f3.<\/li>\n<li>Anyagr\u00f6gz\u00edt\u00e9shez satu gyorsszor\u00edt\u00f3 rendszerrel.<\/li>\n<li>Gravit\u00e1ci\u00f3s, \u00f6nm\u0171k\u00f6d\u0151 v\u00e1g\u00e1si el\u0151tol\u00e1s, sebess\u00e9ge hidraulikusan fokozatmentesen szab\u00e1lyozhat\u00f3.<\/li>\n<li>Az anyag \u00e1tv\u00e1g\u00e1sa ut\u00e1n automatikusan kikapcsol.<\/li>\n<li>K\u00f6rforg\u00e1sos szalagh\u0171t\u00e9s \u00e9s ken\u00e9s.<\/li>\n<\/ul>\n","protected":false},"featured_media":0,"comment_status":"closed","ping_status":"open","template":"","meta":{"_monsterinsights_skip_tracking":false,"_monsterinsights_sitenote_active":false,"_monsterinsights_sitenote_note":"","_monsterinsights_sitenote_category":0},"product_brand":[],"product_cat":[],"product_tag":[],"class_list":{"0":"post-1635","1":"product","2":"type-product","3":"status-publish","6":"first","7":"instock","8":"product-type-simple"},"yoast_head":"<!-- This site is optimized with the Yoast SEO plugin v27.5 - https:\/\/yoast.com\/product\/yoast-seo-wordpress\/ -->\n<title>ARG 250\/ARG 250 PLUS - Szalagf\u0171r\u00e9sz - Pressta Eisele \u010cS<\/title>\n<meta name=\"robots\" content=\"index, follow, max-snippet:-1, max-image-preview:large, max-video-preview:-1\" \/>\n<link rel=\"canonical\" href=\"https:\/\/www.pressta-eisele.eu\/hu\/produkt\/arg-250-arg-250-plus-szalagfuresz\/\" \/>\n<meta property=\"og:locale\" content=\"hu_HU\" \/>\n<meta property=\"og:type\" content=\"article\" \/>\n<meta property=\"og:title\" content=\"ARG 250\/ARG 250 PLUS - Szalagf\u0171r\u00e9sz - Pressta Eisele \u010cS\" \/>\n<meta property=\"og:description\" content=\"V\u00e1g\u00e1si sz\u00f6g fokozatmentesen \u00e1ll\u00edthat\u00f3.Anyagr\u00f6gz\u00edt\u00e9shez satu gyorsszor\u00edt\u00f3 rendszerrel.Gravit\u00e1ci\u00f3s, \u00f6nm\u0171k\u00f6d\u0151 v\u00e1g\u00e1si el\u0151tol\u00e1s, sebess\u00e9ge hidraulikusan fokozatmentesen szab\u00e1lyozhat\u00f3.Az anyag \u00e1tv\u00e1g\u00e1sa ut\u00e1n automatikusan kikapcsol.K\u00f6rforg\u00e1sos szalagh\u0171t\u00e9s \u00e9s ken\u00e9s.\" \/>\n<meta property=\"og:url\" content=\"https:\/\/www.pressta-eisele.eu\/hu\/produkt\/arg-250-arg-250-plus-szalagfuresz\/\" \/>\n<meta property=\"og:site_name\" content=\"Pressta Eisele \u010cS\" \/>\n<meta property=\"article:modified_time\" content=\"2021-01-31T18:55:34+00:00\" \/>\n<meta name=\"twitter:card\" content=\"summary_large_image\" \/>\n<script type=\"application\/ld+json\" class=\"yoast-schema-graph\">{\"@context\":\"https:\\\/\\\/schema.org\",\"@graph\":[{\"@type\":\"WebPage\",\"@id\":\"https:\\\/\\\/www.pressta-eisele.eu\\\/hu\\\/produkt\\\/arg-250-arg-250-plus-szalagfuresz\\\/\",\"url\":\"https:\\\/\\\/www.pressta-eisele.eu\\\/hu\\\/produkt\\\/arg-250-arg-250-plus-szalagfuresz\\\/\",\"name\":\"ARG 250\\\/ARG 250 PLUS - Szalagf\u0171r\u00e9sz - Pressta Eisele \u010cS\",\"isPartOf\":{\"@id\":\"https:\\\/\\\/www.pressta-eisele.eu\\\/hu\\\/#website\"},\"datePublished\":\"2021-01-31T18:55:29+00:00\",\"dateModified\":\"2021-01-31T18:55:34+00:00\",\"breadcrumb\":{\"@id\":\"https:\\\/\\\/www.pressta-eisele.eu\\\/hu\\\/produkt\\\/arg-250-arg-250-plus-szalagfuresz\\\/#breadcrumb\"},\"inLanguage\":\"hu\",\"potentialAction\":[{\"@type\":\"ReadAction\",\"target\":[\"https:\\\/\\\/www.pressta-eisele.eu\\\/hu\\\/produkt\\\/arg-250-arg-250-plus-szalagfuresz\\\/\"]}]},{\"@type\":\"BreadcrumbList\",\"@id\":\"https:\\\/\\\/www.pressta-eisele.eu\\\/hu\\\/produkt\\\/arg-250-arg-250-plus-szalagfuresz\\\/#breadcrumb\",\"itemListElement\":[{\"@type\":\"ListItem\",\"position\":1,\"name\":\"Home\",\"item\":\"https:\\\/\\\/www.pressta-eisele.eu\\\/hu\\\/\"},{\"@type\":\"ListItem\",\"position\":2,\"name\":\"Shop\",\"item\":\"https:\\\/\\\/www.pressta-eisele.eu\\\/hu\\\/shop\\\/\"},{\"@type\":\"ListItem\",\"position\":3,\"name\":\"ARG 250\\\/ARG 250 PLUS &#8211; Szalagf\u0171r\u00e9sz\"}]},{\"@type\":\"WebSite\",\"@id\":\"https:\\\/\\\/www.pressta-eisele.eu\\\/hu\\\/#website\",\"url\":\"https:\\\/\\\/www.pressta-eisele.eu\\\/hu\\\/\",\"name\":\"Pressta Eisele \u010cS\",\"description\":\"Vitajte vo svete produktivity\",\"publisher\":{\"@id\":\"https:\\\/\\\/www.pressta-eisele.eu\\\/hu\\\/#organization\"},\"potentialAction\":[{\"@type\":\"SearchAction\",\"target\":{\"@type\":\"EntryPoint\",\"urlTemplate\":\"https:\\\/\\\/www.pressta-eisele.eu\\\/hu\\\/?s={search_term_string}\"},\"query-input\":{\"@type\":\"PropertyValueSpecification\",\"valueRequired\":true,\"valueName\":\"search_term_string\"}}],\"inLanguage\":\"hu\"},{\"@type\":\"Organization\",\"@id\":\"https:\\\/\\\/www.pressta-eisele.eu\\\/hu\\\/#organization\",\"name\":\"Pressta Eisele \u010cS\",\"url\":\"https:\\\/\\\/www.pressta-eisele.eu\\\/hu\\\/\",\"logo\":{\"@type\":\"ImageObject\",\"inLanguage\":\"hu\",\"@id\":\"https:\\\/\\\/www.pressta-eisele.eu\\\/hu\\\/#\\\/schema\\\/logo\\\/image\\\/\",\"url\":\"https:\\\/\\\/www.pressta-eisele.eu\\\/wp-content\\\/uploads\\\/2020\\\/11\\\/pressta-logo-01v.svg\",\"contentUrl\":\"https:\\\/\\\/www.pressta-eisele.eu\\\/wp-content\\\/uploads\\\/2020\\\/11\\\/pressta-logo-01v.svg\",\"caption\":\"Pressta Eisele \u010cS\"},\"image\":{\"@id\":\"https:\\\/\\\/www.pressta-eisele.eu\\\/hu\\\/#\\\/schema\\\/logo\\\/image\\\/\"}}]}<\/script>\n<!-- \/ Yoast SEO plugin. -->","yoast_head_json":{"title":"ARG 250\/ARG 250 PLUS - Szalagf\u0171r\u00e9sz - Pressta Eisele \u010cS","robots":{"index":"index","follow":"follow","max-snippet":"max-snippet:-1","max-image-preview":"max-image-preview:large","max-video-preview":"max-video-preview:-1"},"canonical":"https:\/\/www.pressta-eisele.eu\/hu\/produkt\/arg-250-arg-250-plus-szalagfuresz\/","og_locale":"hu_HU","og_type":"article","og_title":"ARG 250\/ARG 250 PLUS - Szalagf\u0171r\u00e9sz - Pressta Eisele \u010cS","og_description":"V\u00e1g\u00e1si sz\u00f6g fokozatmentesen \u00e1ll\u00edthat\u00f3.Anyagr\u00f6gz\u00edt\u00e9shez satu gyorsszor\u00edt\u00f3 rendszerrel.Gravit\u00e1ci\u00f3s, \u00f6nm\u0171k\u00f6d\u0151 v\u00e1g\u00e1si el\u0151tol\u00e1s, sebess\u00e9ge hidraulikusan fokozatmentesen szab\u00e1lyozhat\u00f3.Az anyag \u00e1tv\u00e1g\u00e1sa ut\u00e1n automatikusan kikapcsol.K\u00f6rforg\u00e1sos szalagh\u0171t\u00e9s \u00e9s ken\u00e9s.","og_url":"https:\/\/www.pressta-eisele.eu\/hu\/produkt\/arg-250-arg-250-plus-szalagfuresz\/","og_site_name":"Pressta Eisele \u010cS","article_modified_time":"2021-01-31T18:55:34+00:00","twitter_card":"summary_large_image","schema":{"@context":"https:\/\/schema.org","@graph":[{"@type":"WebPage","@id":"https:\/\/www.pressta-eisele.eu\/hu\/produkt\/arg-250-arg-250-plus-szalagfuresz\/","url":"https:\/\/www.pressta-eisele.eu\/hu\/produkt\/arg-250-arg-250-plus-szalagfuresz\/","name":"ARG 250\/ARG 250 PLUS - Szalagf\u0171r\u00e9sz - Pressta Eisele \u010cS","isPartOf":{"@id":"https:\/\/www.pressta-eisele.eu\/hu\/#website"},"datePublished":"2021-01-31T18:55:29+00:00","dateModified":"2021-01-31T18:55:34+00:00","breadcrumb":{"@id":"https:\/\/www.pressta-eisele.eu\/hu\/produkt\/arg-250-arg-250-plus-szalagfuresz\/#breadcrumb"},"inLanguage":"hu","potentialAction":[{"@type":"ReadAction","target":["https:\/\/www.pressta-eisele.eu\/hu\/produkt\/arg-250-arg-250-plus-szalagfuresz\/"]}]},{"@type":"BreadcrumbList","@id":"https:\/\/www.pressta-eisele.eu\/hu\/produkt\/arg-250-arg-250-plus-szalagfuresz\/#breadcrumb","itemListElement":[{"@type":"ListItem","position":1,"name":"Home","item":"https:\/\/www.pressta-eisele.eu\/hu\/"},{"@type":"ListItem","position":2,"name":"Shop","item":"https:\/\/www.pressta-eisele.eu\/hu\/shop\/"},{"@type":"ListItem","position":3,"name":"ARG 250\/ARG 250 PLUS &#8211; Szalagf\u0171r\u00e9sz"}]},{"@type":"WebSite","@id":"https:\/\/www.pressta-eisele.eu\/hu\/#website","url":"https:\/\/www.pressta-eisele.eu\/hu\/","name":"Pressta Eisele \u010cS","description":"Vitajte vo svete produktivity","publisher":{"@id":"https:\/\/www.pressta-eisele.eu\/hu\/#organization"},"potentialAction":[{"@type":"SearchAction","target":{"@type":"EntryPoint","urlTemplate":"https:\/\/www.pressta-eisele.eu\/hu\/?s={search_term_string}"},"query-input":{"@type":"PropertyValueSpecification","valueRequired":true,"valueName":"search_term_string"}}],"inLanguage":"hu"},{"@type":"Organization","@id":"https:\/\/www.pressta-eisele.eu\/hu\/#organization","name":"Pressta Eisele \u010cS","url":"https:\/\/www.pressta-eisele.eu\/hu\/","logo":{"@type":"ImageObject","inLanguage":"hu","@id":"https:\/\/www.pressta-eisele.eu\/hu\/#\/schema\/logo\/image\/","url":"https:\/\/www.pressta-eisele.eu\/wp-content\/uploads\/2020\/11\/pressta-logo-01v.svg","contentUrl":"https:\/\/www.pressta-eisele.eu\/wp-content\/uploads\/2020\/11\/pressta-logo-01v.svg","caption":"Pressta Eisele \u010cS"},"image":{"@id":"https:\/\/www.pressta-eisele.eu\/hu\/#\/schema\/logo\/image\/"}}]}},"jetpack_sharing_enabled":true,"_links":{"self":[{"href":"https:\/\/www.pressta-eisele.eu\/hu\/wp-json\/wp\/v2\/product\/1635","targetHints":{"allow":["GET"]}}],"collection":[{"href":"https:\/\/www.pressta-eisele.eu\/hu\/wp-json\/wp\/v2\/product"}],"about":[{"href":"https:\/\/www.pressta-eisele.eu\/hu\/wp-json\/wp\/v2\/types\/product"}],"replies":[{"embeddable":true,"href":"https:\/\/www.pressta-eisele.eu\/hu\/wp-json\/wp\/v2\/comments?post=1635"}],"wp:attachment":[{"href":"https:\/\/www.pressta-eisele.eu\/hu\/wp-json\/wp\/v2\/media?parent=1635"}],"wp:term":[{"taxonomy":"product_brand","embeddable":true,"href":"https:\/\/www.pressta-eisele.eu\/hu\/wp-json\/wp\/v2\/product_brand?post=1635"},{"taxonomy":"product_cat","embeddable":true,"href":"https:\/\/www.pressta-eisele.eu\/hu\/wp-json\/wp\/v2\/product_cat?post=1635"},{"taxonomy":"product_tag","embeddable":true,"href":"https:\/\/www.pressta-eisele.eu\/hu\/wp-json\/wp\/v2\/product_tag?post=1635"}],"curies":[{"name":"wp","href":"https:\/\/api.w.org\/{rel}","templated":true}]}}