{"id":1598,"date":"2021-01-31T19:55:20","date_gmt":"2021-01-31T18:55:20","guid":{"rendered":"https:\/\/www.pressta-eisele.eu\/produkt\/ads-se-1-csavarbehajto-automata\/"},"modified":"2021-01-31T19:55:20","modified_gmt":"2021-01-31T18:55:20","slug":"ads-se-1-csavarbehajto-automata","status":"publish","type":"product","link":"https:\/\/www.pressta-eisele.eu\/hu\/produkt\/ads-se-1-csavarbehajto-automata\/","title":{"rendered":"ADS SE 1 &#8211; Csavarbehajt\u00f3 automata"},"content":{"rendered":"","protected":false},"excerpt":{"rendered":"<ul>\n<li>Professzion\u00e1lisan, gyorsan, er\u0151fesz\u00edt\u00e9s n\u00e9lk\u00fcl.<\/li>\n<li>Nagyteljes\u00edtm\u00e9ny\u0171 csavarbehajt\u00f3 automata a merev\u00edt\u0151vas r\u00f6gz\u00edt\u00e9s\u00e9hez.<\/li>\n<li>A ciklus beind\u00edt\u00e1sa ut\u00e1n teljesen automata csavaroz\u00e1si folyamat.<\/li>\n<li>Automatikus csavaradagol\u00e1s.<\/li>\n<li>K\u00e9r\u00e9sre horizont\u00e1lis pneumatikus profilr\u00f6gz\u00edt\u00e9s a ciklus alatt.<\/li>\n<li>A csavarbehajt\u00e1s m\u00e9lys\u00e9ge nem f\u00fcgg a megmunk\u00e1land\u00f3 profil maga- ss\u00e1g\u00e1t\u00f3l, automatikusan kikapcsol.  <\/li>\n<li>A g\u00f6rg\u0151spad megk\u00f6nny\u00edti a profil mozgat\u00e1s\u00e1t \/kieg\u00e9sz\u00edt\u0151\/.  <\/li>\n<\/ul>\n","protected":false},"featured_media":0,"comment_status":"closed","ping_status":"open","template":"","meta":{"_monsterinsights_skip_tracking":false,"_monsterinsights_sitenote_active":false,"_monsterinsights_sitenote_note":"","_monsterinsights_sitenote_category":0},"product_brand":[],"product_cat":[],"product_tag":[],"class_list":{"0":"post-1598","1":"product","2":"type-product","3":"status-publish","6":"first","7":"instock","8":"product-type-simple"},"yoast_head":"<!-- This site is optimized with the Yoast SEO plugin v27.5 - https:\/\/yoast.com\/product\/yoast-seo-wordpress\/ -->\n<title>ADS SE 1 - Csavarbehajt\u00f3 automata - Pressta Eisele \u010cS<\/title>\n<meta name=\"robots\" content=\"index, follow, max-snippet:-1, max-image-preview:large, max-video-preview:-1\" \/>\n<link rel=\"canonical\" href=\"https:\/\/www.pressta-eisele.eu\/hu\/produkt\/ads-se-1-csavarbehajto-automata\/\" \/>\n<meta property=\"og:locale\" content=\"hu_HU\" \/>\n<meta property=\"og:type\" content=\"article\" \/>\n<meta property=\"og:title\" content=\"ADS SE 1 - Csavarbehajt\u00f3 automata - Pressta Eisele \u010cS\" \/>\n<meta property=\"og:description\" content=\"Professzion\u00e1lisan, gyorsan, er\u0151fesz\u00edt\u00e9s n\u00e9lk\u00fcl.Nagyteljes\u00edtm\u00e9ny\u0171 csavarbehajt\u00f3 automata a merev\u00edt\u0151vas r\u00f6gz\u00edt\u00e9s\u00e9hez.A ciklus beind\u00edt\u00e1sa ut\u00e1n teljesen automata csavaroz\u00e1si folyamat.Automatikus csavaradagol\u00e1s.K\u00e9r\u00e9sre horizont\u00e1lis pneumatikus profilr\u00f6gz\u00edt\u00e9s a ciklus alatt.A csavarbehajt\u00e1s m\u00e9lys\u00e9ge nem f\u00fcgg a megmunk\u00e1land\u00f3 profil maga- ss\u00e1g\u00e1t\u00f3l, automatikusan kikapcsol. A g\u00f6rg\u0151spad megk\u00f6nny\u00edti a profil mozgat\u00e1s\u00e1t \/kieg\u00e9sz\u00edt\u0151\/.\" \/>\n<meta property=\"og:url\" content=\"https:\/\/www.pressta-eisele.eu\/hu\/produkt\/ads-se-1-csavarbehajto-automata\/\" \/>\n<meta property=\"og:site_name\" content=\"Pressta Eisele \u010cS\" \/>\n<meta name=\"twitter:card\" content=\"summary_large_image\" \/>\n<script type=\"application\/ld+json\" class=\"yoast-schema-graph\">{\"@context\":\"https:\\\/\\\/schema.org\",\"@graph\":[{\"@type\":\"WebPage\",\"@id\":\"https:\\\/\\\/www.pressta-eisele.eu\\\/hu\\\/produkt\\\/ads-se-1-csavarbehajto-automata\\\/\",\"url\":\"https:\\\/\\\/www.pressta-eisele.eu\\\/hu\\\/produkt\\\/ads-se-1-csavarbehajto-automata\\\/\",\"name\":\"ADS SE 1 - Csavarbehajt\u00f3 automata - Pressta Eisele \u010cS\",\"isPartOf\":{\"@id\":\"https:\\\/\\\/www.pressta-eisele.eu\\\/hu\\\/#website\"},\"datePublished\":\"2021-01-31T18:55:20+00:00\",\"breadcrumb\":{\"@id\":\"https:\\\/\\\/www.pressta-eisele.eu\\\/hu\\\/produkt\\\/ads-se-1-csavarbehajto-automata\\\/#breadcrumb\"},\"inLanguage\":\"hu\",\"potentialAction\":[{\"@type\":\"ReadAction\",\"target\":[\"https:\\\/\\\/www.pressta-eisele.eu\\\/hu\\\/produkt\\\/ads-se-1-csavarbehajto-automata\\\/\"]}]},{\"@type\":\"BreadcrumbList\",\"@id\":\"https:\\\/\\\/www.pressta-eisele.eu\\\/hu\\\/produkt\\\/ads-se-1-csavarbehajto-automata\\\/#breadcrumb\",\"itemListElement\":[{\"@type\":\"ListItem\",\"position\":1,\"name\":\"Home\",\"item\":\"https:\\\/\\\/www.pressta-eisele.eu\\\/hu\\\/\"},{\"@type\":\"ListItem\",\"position\":2,\"name\":\"Shop\",\"item\":\"https:\\\/\\\/www.pressta-eisele.eu\\\/hu\\\/shop\\\/\"},{\"@type\":\"ListItem\",\"position\":3,\"name\":\"ADS SE 1 &#8211; Csavarbehajt\u00f3 automata\"}]},{\"@type\":\"WebSite\",\"@id\":\"https:\\\/\\\/www.pressta-eisele.eu\\\/hu\\\/#website\",\"url\":\"https:\\\/\\\/www.pressta-eisele.eu\\\/hu\\\/\",\"name\":\"Pressta Eisele \u010cS\",\"description\":\"Vitajte vo svete produktivity\",\"publisher\":{\"@id\":\"https:\\\/\\\/www.pressta-eisele.eu\\\/hu\\\/#organization\"},\"potentialAction\":[{\"@type\":\"SearchAction\",\"target\":{\"@type\":\"EntryPoint\",\"urlTemplate\":\"https:\\\/\\\/www.pressta-eisele.eu\\\/hu\\\/?s={search_term_string}\"},\"query-input\":{\"@type\":\"PropertyValueSpecification\",\"valueRequired\":true,\"valueName\":\"search_term_string\"}}],\"inLanguage\":\"hu\"},{\"@type\":\"Organization\",\"@id\":\"https:\\\/\\\/www.pressta-eisele.eu\\\/hu\\\/#organization\",\"name\":\"Pressta Eisele \u010cS\",\"url\":\"https:\\\/\\\/www.pressta-eisele.eu\\\/hu\\\/\",\"logo\":{\"@type\":\"ImageObject\",\"inLanguage\":\"hu\",\"@id\":\"https:\\\/\\\/www.pressta-eisele.eu\\\/hu\\\/#\\\/schema\\\/logo\\\/image\\\/\",\"url\":\"https:\\\/\\\/www.pressta-eisele.eu\\\/wp-content\\\/uploads\\\/2020\\\/11\\\/pressta-logo-01v.svg\",\"contentUrl\":\"https:\\\/\\\/www.pressta-eisele.eu\\\/wp-content\\\/uploads\\\/2020\\\/11\\\/pressta-logo-01v.svg\",\"caption\":\"Pressta Eisele \u010cS\"},\"image\":{\"@id\":\"https:\\\/\\\/www.pressta-eisele.eu\\\/hu\\\/#\\\/schema\\\/logo\\\/image\\\/\"}}]}<\/script>\n<!-- \/ Yoast SEO plugin. -->","yoast_head_json":{"title":"ADS SE 1 - Csavarbehajt\u00f3 automata - Pressta Eisele \u010cS","robots":{"index":"index","follow":"follow","max-snippet":"max-snippet:-1","max-image-preview":"max-image-preview:large","max-video-preview":"max-video-preview:-1"},"canonical":"https:\/\/www.pressta-eisele.eu\/hu\/produkt\/ads-se-1-csavarbehajto-automata\/","og_locale":"hu_HU","og_type":"article","og_title":"ADS SE 1 - Csavarbehajt\u00f3 automata - Pressta Eisele \u010cS","og_description":"Professzion\u00e1lisan, gyorsan, er\u0151fesz\u00edt\u00e9s n\u00e9lk\u00fcl.Nagyteljes\u00edtm\u00e9ny\u0171 csavarbehajt\u00f3 automata a merev\u00edt\u0151vas r\u00f6gz\u00edt\u00e9s\u00e9hez.A ciklus beind\u00edt\u00e1sa ut\u00e1n teljesen automata csavaroz\u00e1si folyamat.Automatikus csavaradagol\u00e1s.K\u00e9r\u00e9sre horizont\u00e1lis pneumatikus profilr\u00f6gz\u00edt\u00e9s a ciklus alatt.A csavarbehajt\u00e1s m\u00e9lys\u00e9ge nem f\u00fcgg a megmunk\u00e1land\u00f3 profil maga- ss\u00e1g\u00e1t\u00f3l, automatikusan kikapcsol. A g\u00f6rg\u0151spad megk\u00f6nny\u00edti a profil mozgat\u00e1s\u00e1t \/kieg\u00e9sz\u00edt\u0151\/.","og_url":"https:\/\/www.pressta-eisele.eu\/hu\/produkt\/ads-se-1-csavarbehajto-automata\/","og_site_name":"Pressta Eisele \u010cS","twitter_card":"summary_large_image","schema":{"@context":"https:\/\/schema.org","@graph":[{"@type":"WebPage","@id":"https:\/\/www.pressta-eisele.eu\/hu\/produkt\/ads-se-1-csavarbehajto-automata\/","url":"https:\/\/www.pressta-eisele.eu\/hu\/produkt\/ads-se-1-csavarbehajto-automata\/","name":"ADS SE 1 - Csavarbehajt\u00f3 automata - Pressta Eisele \u010cS","isPartOf":{"@id":"https:\/\/www.pressta-eisele.eu\/hu\/#website"},"datePublished":"2021-01-31T18:55:20+00:00","breadcrumb":{"@id":"https:\/\/www.pressta-eisele.eu\/hu\/produkt\/ads-se-1-csavarbehajto-automata\/#breadcrumb"},"inLanguage":"hu","potentialAction":[{"@type":"ReadAction","target":["https:\/\/www.pressta-eisele.eu\/hu\/produkt\/ads-se-1-csavarbehajto-automata\/"]}]},{"@type":"BreadcrumbList","@id":"https:\/\/www.pressta-eisele.eu\/hu\/produkt\/ads-se-1-csavarbehajto-automata\/#breadcrumb","itemListElement":[{"@type":"ListItem","position":1,"name":"Home","item":"https:\/\/www.pressta-eisele.eu\/hu\/"},{"@type":"ListItem","position":2,"name":"Shop","item":"https:\/\/www.pressta-eisele.eu\/hu\/shop\/"},{"@type":"ListItem","position":3,"name":"ADS SE 1 &#8211; Csavarbehajt\u00f3 automata"}]},{"@type":"WebSite","@id":"https:\/\/www.pressta-eisele.eu\/hu\/#website","url":"https:\/\/www.pressta-eisele.eu\/hu\/","name":"Pressta Eisele \u010cS","description":"Vitajte vo svete produktivity","publisher":{"@id":"https:\/\/www.pressta-eisele.eu\/hu\/#organization"},"potentialAction":[{"@type":"SearchAction","target":{"@type":"EntryPoint","urlTemplate":"https:\/\/www.pressta-eisele.eu\/hu\/?s={search_term_string}"},"query-input":{"@type":"PropertyValueSpecification","valueRequired":true,"valueName":"search_term_string"}}],"inLanguage":"hu"},{"@type":"Organization","@id":"https:\/\/www.pressta-eisele.eu\/hu\/#organization","name":"Pressta Eisele \u010cS","url":"https:\/\/www.pressta-eisele.eu\/hu\/","logo":{"@type":"ImageObject","inLanguage":"hu","@id":"https:\/\/www.pressta-eisele.eu\/hu\/#\/schema\/logo\/image\/","url":"https:\/\/www.pressta-eisele.eu\/wp-content\/uploads\/2020\/11\/pressta-logo-01v.svg","contentUrl":"https:\/\/www.pressta-eisele.eu\/wp-content\/uploads\/2020\/11\/pressta-logo-01v.svg","caption":"Pressta Eisele \u010cS"},"image":{"@id":"https:\/\/www.pressta-eisele.eu\/hu\/#\/schema\/logo\/image\/"}}]}},"jetpack_sharing_enabled":true,"_links":{"self":[{"href":"https:\/\/www.pressta-eisele.eu\/hu\/wp-json\/wp\/v2\/product\/1598","targetHints":{"allow":["GET"]}}],"collection":[{"href":"https:\/\/www.pressta-eisele.eu\/hu\/wp-json\/wp\/v2\/product"}],"about":[{"href":"https:\/\/www.pressta-eisele.eu\/hu\/wp-json\/wp\/v2\/types\/product"}],"replies":[{"embeddable":true,"href":"https:\/\/www.pressta-eisele.eu\/hu\/wp-json\/wp\/v2\/comments?post=1598"}],"wp:attachment":[{"href":"https:\/\/www.pressta-eisele.eu\/hu\/wp-json\/wp\/v2\/media?parent=1598"}],"wp:term":[{"taxonomy":"product_brand","embeddable":true,"href":"https:\/\/www.pressta-eisele.eu\/hu\/wp-json\/wp\/v2\/product_brand?post=1598"},{"taxonomy":"product_cat","embeddable":true,"href":"https:\/\/www.pressta-eisele.eu\/hu\/wp-json\/wp\/v2\/product_cat?post=1598"},{"taxonomy":"product_tag","embeddable":true,"href":"https:\/\/www.pressta-eisele.eu\/hu\/wp-json\/wp\/v2\/product_tag?post=1598"}],"curies":[{"name":"wp","href":"https:\/\/api.w.org\/{rel}","templated":true}]}}