{"id":1421,"date":"2021-01-31T19:43:21","date_gmt":"2021-01-31T18:43:21","guid":{"rendered":"https:\/\/www.pressta-eisele.eu\/produkt\/turbo-d-line-linka-zvarania-a-zacistenia\/"},"modified":"2021-01-31T21:25:43","modified_gmt":"2021-01-31T20:25:43","slug":"turbo-d-line-linka-zvarania-a-zacistenia","status":"publish","type":"product","link":"https:\/\/www.pressta-eisele.eu\/hu\/produkt\/turbo-d-line-linka-zvarania-a-zacistenia\/","title":{"rendered":"TURBO-D-LINE &#8211; Linka zv\u00e1rania a za\u010distenia"},"content":{"rendered":"","protected":false},"excerpt":{"rendered":"<ul>\n<li>m\u00f4\u017ee sa sklada\u0165 napr. z HSM-30\/26-Turbo, z\u00e1dobn\u00edka HT-30\/26-Z (opcia) 2-hlav\u00fd za\u010dis\u0165ovac\u00ed stroj rohov 2KP-3D<\/li>\n<li>proces zv\u00e1rania cez servopohony<\/li>\n<li>z\u00e1kazn\u00edcky \u0161pecifick\u00e9 mo\u017enosti opracovania napr:\n<ul>\n<li>automatick\u00e9 ohrani\u010denie zvarovej h\u00fasenice<\/li>\n<li>ohrani\u010denie tesnenia pr\u00edtla\u010den\u00edm<\/li>\n<li>zv\u00e1ranie r\u00e1mov dver\u00ed s\u00a0alebo bez namontovan\u00fdch prahov<\/li>\n<li>\u010d\u00edta\u010dka \u010diarov\u00fdch k\u00f3dov<\/li>\n<li>zv\u00e1ranie kombin\u00e1ci\u00ed r\u00e1mov<\/li>\n<li>zv\u00e1ranie nadrozmern\u00fdch r\u00e1mov pomocou plynul\u00e9ho prestavenia<\/li>\n<\/ul>\n<\/li>\n<li>hlavn\u00e9 znaky 2-hlavov\u00e9ho za\u010dis\u0165ov\u00e1ku 2KP-3D\n<ul>\n<li>nov\u00fd koncept umo\u017e\u0148uje \u010das taktu od 50 sek (r\u00e1my)<\/li>\n<li>vysok\u00e1 presnos\u0165 v\u010faka automatick\u00e9mu meraniu \u0161\u00edrky profilu<\/li>\n<li>26 poz\u00edci\u00ed pre n\u00e1stroje<\/li>\n<li>doplnkov\u00e9 agreg\u00e1ty ako napr. v\u0155tanie otvorov pod z\u00e1vesy<\/li>\n<li>\u0161etrn\u00e9 opracovanie pl\u00f4ch elementu<\/li>\n<\/ul>\n<\/li>\n<\/ul>\n","protected":false},"featured_media":1422,"comment_status":"closed","ping_status":"open","template":"","meta":{"_monsterinsights_skip_tracking":false,"_monsterinsights_sitenote_active":false,"_monsterinsights_sitenote_note":"","_monsterinsights_sitenote_category":0},"product_brand":[],"product_cat":[38],"product_tag":[],"class_list":{"0":"post-1421","1":"product","2":"type-product","3":"status-publish","4":"has-post-thumbnail","6":"product_cat-zvaranie-profilov-a-zacistovanie-rohov","8":"first","9":"instock","10":"product-type-simple"},"yoast_head":"<!-- This site is optimized with the Yoast SEO plugin v27.4 - https:\/\/yoast.com\/product\/yoast-seo-wordpress\/ -->\n<title>TURBO-D-LINE - Linka zv\u00e1rania a za\u010distenia - Pressta Eisele \u010cS<\/title>\n<meta name=\"robots\" content=\"index, follow, max-snippet:-1, max-image-preview:large, max-video-preview:-1\" \/>\n<link rel=\"canonical\" href=\"https:\/\/www.pressta-eisele.eu\/hu\/produkt\/turbo-d-line-linka-zvarania-a-zacistenia\/\" \/>\n<meta property=\"og:locale\" content=\"hu_HU\" \/>\n<meta property=\"og:type\" content=\"article\" \/>\n<meta property=\"og:title\" content=\"TURBO-D-LINE - Linka zv\u00e1rania a za\u010distenia - Pressta Eisele \u010cS\" \/>\n<meta property=\"og:description\" content=\"m\u00f4\u017ee sa sklada\u0165 napr. z HSM-30\/26-Turbo, z\u00e1dobn\u00edka HT-30\/26-Z (opcia) 2-hlav\u00fd za\u010dis\u0165ovac\u00ed stroj rohov 2KP-3D proces zv\u00e1rania cez servopohony z\u00e1kazn\u00edcky \u0161pecifick\u00e9 mo\u017enosti opracovania napr: automatick\u00e9 ohrani\u010denie zvarovej h\u00fasenice ohrani\u010denie tesnenia pr\u00edtla\u010den\u00edm zv\u00e1ranie r\u00e1mov dver\u00ed s\u00a0alebo bez namontovan\u00fdch prahov \u010d\u00edta\u010dka \u010diarov\u00fdch k\u00f3dov zv\u00e1ranie kombin\u00e1ci\u00ed r\u00e1mov zv\u00e1ranie nadrozmern\u00fdch r\u00e1mov pomocou plynul\u00e9ho prestavenia hlavn\u00e9 znaky 2-hlavov\u00e9ho za\u010dis\u0165ov\u00e1ku 2KP-3D nov\u00fd koncept umo\u017e\u0148uje \u010das taktu od 50 sek (r\u00e1my) vysok\u00e1 presnos\u0165 v\u010faka automatick\u00e9mu meraniu \u0161\u00edrky profilu 26 poz\u00edci\u00ed pre n\u00e1stroje doplnkov\u00e9 agreg\u00e1ty ako napr. v\u0155tanie otvorov pod z\u00e1vesy \u0161etrn\u00e9 opracovanie pl\u00f4ch elementu\" \/>\n<meta property=\"og:url\" content=\"https:\/\/www.pressta-eisele.eu\/hu\/produkt\/turbo-d-line-linka-zvarania-a-zacistenia\/\" \/>\n<meta property=\"og:site_name\" content=\"Pressta Eisele \u010cS\" \/>\n<meta property=\"article:modified_time\" content=\"2021-01-31T20:25:43+00:00\" \/>\n<meta property=\"og:image\" content=\"https:\/\/www.pressta-eisele.eu\/wp-content\/uploads\/2021\/01\/310.jpg\" \/>\n\t<meta property=\"og:image:width\" content=\"800\" \/>\n\t<meta property=\"og:image:height\" content=\"447\" \/>\n\t<meta property=\"og:image:type\" content=\"image\/jpeg\" \/>\n<meta name=\"twitter:card\" content=\"summary_large_image\" \/>\n<script type=\"application\/ld+json\" class=\"yoast-schema-graph\">{\"@context\":\"https:\\\/\\\/schema.org\",\"@graph\":[{\"@type\":\"WebPage\",\"@id\":\"https:\\\/\\\/www.pressta-eisele.eu\\\/hu\\\/produkt\\\/turbo-d-line-linka-zvarania-a-zacistenia\\\/\",\"url\":\"https:\\\/\\\/www.pressta-eisele.eu\\\/hu\\\/produkt\\\/turbo-d-line-linka-zvarania-a-zacistenia\\\/\",\"name\":\"TURBO-D-LINE - Linka zv\u00e1rania a za\u010distenia - Pressta Eisele \u010cS\",\"isPartOf\":{\"@id\":\"https:\\\/\\\/www.pressta-eisele.eu\\\/hu\\\/#website\"},\"primaryImageOfPage\":{\"@id\":\"https:\\\/\\\/www.pressta-eisele.eu\\\/hu\\\/produkt\\\/turbo-d-line-linka-zvarania-a-zacistenia\\\/#primaryimage\"},\"image\":{\"@id\":\"https:\\\/\\\/www.pressta-eisele.eu\\\/hu\\\/produkt\\\/turbo-d-line-linka-zvarania-a-zacistenia\\\/#primaryimage\"},\"thumbnailUrl\":\"https:\\\/\\\/www.pressta-eisele.eu\\\/wp-content\\\/uploads\\\/2021\\\/01\\\/310.jpg\",\"datePublished\":\"2021-01-31T18:43:21+00:00\",\"dateModified\":\"2021-01-31T20:25:43+00:00\",\"breadcrumb\":{\"@id\":\"https:\\\/\\\/www.pressta-eisele.eu\\\/hu\\\/produkt\\\/turbo-d-line-linka-zvarania-a-zacistenia\\\/#breadcrumb\"},\"inLanguage\":\"hu\",\"potentialAction\":[{\"@type\":\"ReadAction\",\"target\":[\"https:\\\/\\\/www.pressta-eisele.eu\\\/hu\\\/produkt\\\/turbo-d-line-linka-zvarania-a-zacistenia\\\/\"]}]},{\"@type\":\"ImageObject\",\"inLanguage\":\"hu\",\"@id\":\"https:\\\/\\\/www.pressta-eisele.eu\\\/hu\\\/produkt\\\/turbo-d-line-linka-zvarania-a-zacistenia\\\/#primaryimage\",\"url\":\"https:\\\/\\\/www.pressta-eisele.eu\\\/wp-content\\\/uploads\\\/2021\\\/01\\\/310.jpg\",\"contentUrl\":\"https:\\\/\\\/www.pressta-eisele.eu\\\/wp-content\\\/uploads\\\/2021\\\/01\\\/310.jpg\",\"width\":800,\"height\":447,\"caption\":\"TURBO-D-LINE - Linka zv\u00e1rania a za\u010distenia\"},{\"@type\":\"BreadcrumbList\",\"@id\":\"https:\\\/\\\/www.pressta-eisele.eu\\\/hu\\\/produkt\\\/turbo-d-line-linka-zvarania-a-zacistenia\\\/#breadcrumb\",\"itemListElement\":[{\"@type\":\"ListItem\",\"position\":1,\"name\":\"Home\",\"item\":\"https:\\\/\\\/www.pressta-eisele.eu\\\/hu\\\/\"},{\"@type\":\"ListItem\",\"position\":2,\"name\":\"Shop\",\"item\":\"https:\\\/\\\/www.pressta-eisele.eu\\\/hu\\\/shop\\\/\"},{\"@type\":\"ListItem\",\"position\":3,\"name\":\"TURBO-D-LINE &#8211; Linka zv\u00e1rania a za\u010distenia\"}]},{\"@type\":\"WebSite\",\"@id\":\"https:\\\/\\\/www.pressta-eisele.eu\\\/hu\\\/#website\",\"url\":\"https:\\\/\\\/www.pressta-eisele.eu\\\/hu\\\/\",\"name\":\"Pressta Eisele \u010cS\",\"description\":\"Vitajte vo svete produktivity\",\"publisher\":{\"@id\":\"https:\\\/\\\/www.pressta-eisele.eu\\\/hu\\\/#organization\"},\"potentialAction\":[{\"@type\":\"SearchAction\",\"target\":{\"@type\":\"EntryPoint\",\"urlTemplate\":\"https:\\\/\\\/www.pressta-eisele.eu\\\/hu\\\/?s={search_term_string}\"},\"query-input\":{\"@type\":\"PropertyValueSpecification\",\"valueRequired\":true,\"valueName\":\"search_term_string\"}}],\"inLanguage\":\"hu\"},{\"@type\":\"Organization\",\"@id\":\"https:\\\/\\\/www.pressta-eisele.eu\\\/hu\\\/#organization\",\"name\":\"Pressta Eisele \u010cS\",\"url\":\"https:\\\/\\\/www.pressta-eisele.eu\\\/hu\\\/\",\"logo\":{\"@type\":\"ImageObject\",\"inLanguage\":\"hu\",\"@id\":\"https:\\\/\\\/www.pressta-eisele.eu\\\/hu\\\/#\\\/schema\\\/logo\\\/image\\\/\",\"url\":\"https:\\\/\\\/www.pressta-eisele.eu\\\/wp-content\\\/uploads\\\/2020\\\/11\\\/pressta-logo-01v.svg\",\"contentUrl\":\"https:\\\/\\\/www.pressta-eisele.eu\\\/wp-content\\\/uploads\\\/2020\\\/11\\\/pressta-logo-01v.svg\",\"caption\":\"Pressta Eisele \u010cS\"},\"image\":{\"@id\":\"https:\\\/\\\/www.pressta-eisele.eu\\\/hu\\\/#\\\/schema\\\/logo\\\/image\\\/\"}}]}<\/script>\n<!-- \/ Yoast SEO plugin. -->","yoast_head_json":{"title":"TURBO-D-LINE - Linka zv\u00e1rania a za\u010distenia - Pressta Eisele \u010cS","robots":{"index":"index","follow":"follow","max-snippet":"max-snippet:-1","max-image-preview":"max-image-preview:large","max-video-preview":"max-video-preview:-1"},"canonical":"https:\/\/www.pressta-eisele.eu\/hu\/produkt\/turbo-d-line-linka-zvarania-a-zacistenia\/","og_locale":"hu_HU","og_type":"article","og_title":"TURBO-D-LINE - Linka zv\u00e1rania a za\u010distenia - Pressta Eisele \u010cS","og_description":"m\u00f4\u017ee sa sklada\u0165 napr. z HSM-30\/26-Turbo, z\u00e1dobn\u00edka HT-30\/26-Z (opcia) 2-hlav\u00fd za\u010dis\u0165ovac\u00ed stroj rohov 2KP-3D proces zv\u00e1rania cez servopohony z\u00e1kazn\u00edcky \u0161pecifick\u00e9 mo\u017enosti opracovania napr: automatick\u00e9 ohrani\u010denie zvarovej h\u00fasenice ohrani\u010denie tesnenia pr\u00edtla\u010den\u00edm zv\u00e1ranie r\u00e1mov dver\u00ed s\u00a0alebo bez namontovan\u00fdch prahov \u010d\u00edta\u010dka \u010diarov\u00fdch k\u00f3dov zv\u00e1ranie kombin\u00e1ci\u00ed r\u00e1mov zv\u00e1ranie nadrozmern\u00fdch r\u00e1mov pomocou plynul\u00e9ho prestavenia hlavn\u00e9 znaky 2-hlavov\u00e9ho za\u010dis\u0165ov\u00e1ku 2KP-3D nov\u00fd koncept umo\u017e\u0148uje \u010das taktu od 50 sek (r\u00e1my) vysok\u00e1 presnos\u0165 v\u010faka automatick\u00e9mu meraniu \u0161\u00edrky profilu 26 poz\u00edci\u00ed pre n\u00e1stroje doplnkov\u00e9 agreg\u00e1ty ako napr. v\u0155tanie otvorov pod z\u00e1vesy \u0161etrn\u00e9 opracovanie pl\u00f4ch elementu","og_url":"https:\/\/www.pressta-eisele.eu\/hu\/produkt\/turbo-d-line-linka-zvarania-a-zacistenia\/","og_site_name":"Pressta Eisele \u010cS","article_modified_time":"2021-01-31T20:25:43+00:00","og_image":[{"width":800,"height":447,"url":"https:\/\/www.pressta-eisele.eu\/wp-content\/uploads\/2021\/01\/310.jpg","type":"image\/jpeg"}],"twitter_card":"summary_large_image","schema":{"@context":"https:\/\/schema.org","@graph":[{"@type":"WebPage","@id":"https:\/\/www.pressta-eisele.eu\/hu\/produkt\/turbo-d-line-linka-zvarania-a-zacistenia\/","url":"https:\/\/www.pressta-eisele.eu\/hu\/produkt\/turbo-d-line-linka-zvarania-a-zacistenia\/","name":"TURBO-D-LINE - Linka zv\u00e1rania a za\u010distenia - Pressta Eisele \u010cS","isPartOf":{"@id":"https:\/\/www.pressta-eisele.eu\/hu\/#website"},"primaryImageOfPage":{"@id":"https:\/\/www.pressta-eisele.eu\/hu\/produkt\/turbo-d-line-linka-zvarania-a-zacistenia\/#primaryimage"},"image":{"@id":"https:\/\/www.pressta-eisele.eu\/hu\/produkt\/turbo-d-line-linka-zvarania-a-zacistenia\/#primaryimage"},"thumbnailUrl":"https:\/\/www.pressta-eisele.eu\/wp-content\/uploads\/2021\/01\/310.jpg","datePublished":"2021-01-31T18:43:21+00:00","dateModified":"2021-01-31T20:25:43+00:00","breadcrumb":{"@id":"https:\/\/www.pressta-eisele.eu\/hu\/produkt\/turbo-d-line-linka-zvarania-a-zacistenia\/#breadcrumb"},"inLanguage":"hu","potentialAction":[{"@type":"ReadAction","target":["https:\/\/www.pressta-eisele.eu\/hu\/produkt\/turbo-d-line-linka-zvarania-a-zacistenia\/"]}]},{"@type":"ImageObject","inLanguage":"hu","@id":"https:\/\/www.pressta-eisele.eu\/hu\/produkt\/turbo-d-line-linka-zvarania-a-zacistenia\/#primaryimage","url":"https:\/\/www.pressta-eisele.eu\/wp-content\/uploads\/2021\/01\/310.jpg","contentUrl":"https:\/\/www.pressta-eisele.eu\/wp-content\/uploads\/2021\/01\/310.jpg","width":800,"height":447,"caption":"TURBO-D-LINE - Linka zv\u00e1rania a za\u010distenia"},{"@type":"BreadcrumbList","@id":"https:\/\/www.pressta-eisele.eu\/hu\/produkt\/turbo-d-line-linka-zvarania-a-zacistenia\/#breadcrumb","itemListElement":[{"@type":"ListItem","position":1,"name":"Home","item":"https:\/\/www.pressta-eisele.eu\/hu\/"},{"@type":"ListItem","position":2,"name":"Shop","item":"https:\/\/www.pressta-eisele.eu\/hu\/shop\/"},{"@type":"ListItem","position":3,"name":"TURBO-D-LINE &#8211; Linka zv\u00e1rania a za\u010distenia"}]},{"@type":"WebSite","@id":"https:\/\/www.pressta-eisele.eu\/hu\/#website","url":"https:\/\/www.pressta-eisele.eu\/hu\/","name":"Pressta Eisele \u010cS","description":"Vitajte vo svete produktivity","publisher":{"@id":"https:\/\/www.pressta-eisele.eu\/hu\/#organization"},"potentialAction":[{"@type":"SearchAction","target":{"@type":"EntryPoint","urlTemplate":"https:\/\/www.pressta-eisele.eu\/hu\/?s={search_term_string}"},"query-input":{"@type":"PropertyValueSpecification","valueRequired":true,"valueName":"search_term_string"}}],"inLanguage":"hu"},{"@type":"Organization","@id":"https:\/\/www.pressta-eisele.eu\/hu\/#organization","name":"Pressta Eisele \u010cS","url":"https:\/\/www.pressta-eisele.eu\/hu\/","logo":{"@type":"ImageObject","inLanguage":"hu","@id":"https:\/\/www.pressta-eisele.eu\/hu\/#\/schema\/logo\/image\/","url":"https:\/\/www.pressta-eisele.eu\/wp-content\/uploads\/2020\/11\/pressta-logo-01v.svg","contentUrl":"https:\/\/www.pressta-eisele.eu\/wp-content\/uploads\/2020\/11\/pressta-logo-01v.svg","caption":"Pressta Eisele \u010cS"},"image":{"@id":"https:\/\/www.pressta-eisele.eu\/hu\/#\/schema\/logo\/image\/"}}]}},"jetpack_sharing_enabled":true,"_links":{"self":[{"href":"https:\/\/www.pressta-eisele.eu\/hu\/wp-json\/wp\/v2\/product\/1421","targetHints":{"allow":["GET"]}}],"collection":[{"href":"https:\/\/www.pressta-eisele.eu\/hu\/wp-json\/wp\/v2\/product"}],"about":[{"href":"https:\/\/www.pressta-eisele.eu\/hu\/wp-json\/wp\/v2\/types\/product"}],"replies":[{"embeddable":true,"href":"https:\/\/www.pressta-eisele.eu\/hu\/wp-json\/wp\/v2\/comments?post=1421"}],"wp:featuredmedia":[{"embeddable":true,"href":"https:\/\/www.pressta-eisele.eu\/hu\/wp-json\/wp\/v2\/media\/1422"}],"wp:attachment":[{"href":"https:\/\/www.pressta-eisele.eu\/hu\/wp-json\/wp\/v2\/media?parent=1421"}],"wp:term":[{"taxonomy":"product_brand","embeddable":true,"href":"https:\/\/www.pressta-eisele.eu\/hu\/wp-json\/wp\/v2\/product_brand?post=1421"},{"taxonomy":"product_cat","embeddable":true,"href":"https:\/\/www.pressta-eisele.eu\/hu\/wp-json\/wp\/v2\/product_cat?post=1421"},{"taxonomy":"product_tag","embeddable":true,"href":"https:\/\/www.pressta-eisele.eu\/hu\/wp-json\/wp\/v2\/product_tag?post=1421"}],"curies":[{"name":"wp","href":"https:\/\/api.w.org\/{rel}","templated":true}]}}