{"id":1396,"date":"2021-01-31T19:43:21","date_gmt":"2021-01-31T18:43:21","guid":{"rendered":"https:\/\/www.pressta-eisele.eu\/produkt\/hsm-turbo-horizontalna-4-hlava-zvaracka\/"},"modified":"2021-01-31T21:25:42","modified_gmt":"2021-01-31T20:25:42","slug":"hsm-turbo-horizontalna-4-hlava-zvaracka","status":"publish","type":"product","link":"https:\/\/www.pressta-eisele.eu\/hu\/produkt\/hsm-turbo-horizontalna-4-hlava-zvaracka\/","title":{"rendered":"HSM-TURBO &#8211; Horizont\u00e1lna 4-hlav\u00e1 zv\u00e1ra\u010dka"},"content":{"rendered":"","protected":false},"excerpt":{"rendered":"<ul>\n<li>diagon\u00e1lny a\u00a0paraleln\u00fd postup sp\u00e1jania<\/li>\n<li>cyklus zv\u00e1rania cca. 60 sek\u00fand<\/li>\n<li>obrazovkov\u00fd dial\u00f3gov\u00fd syst\u00e9m cez Windows<\/li>\n<li>spr\u00e1va d\u00e1t cez databanku<\/li>\n<li>parametre zv\u00e1rania individu\u00e1lne programovate\u013en\u00e9<\/li>\n<li>priame alebo stranov\u00e9 v\u00fdvozn\u00e9 zariadenie<\/li>\n<li>vyhrievan\u00e9 ohrani\u010denie zvarovej h\u00fasenice (opcia)<\/li>\n<li>prepnutie medzi zv\u00e1ran\u00edm r\u00e1mu a\u00a0kr\u00eddla (opcia)<\/li>\n<li>pritl\u00e1\u010danie tesnenia (opcia)<\/li>\n<li>mo\u017enos\u0165 integrovania do linky zv\u00e1rania a\u00a0za\u010distenia<\/li>\n<li>rozmer elementu 330 x 320 mm (\u0160 x V)<\/li>\n<li>rozmer elementu 3000 x 2600 mm (\u0160 x V)<\/li>\n<li>stavebn\u00e1 h\u013abka profilu 120 mm (opcia 220 mm)<\/li>\n<li>poh\u013eadov\u00e1 \u0161\u00edrka profilu 25 mm<\/li>\n<li>poh\u013eadov\u00e1 \u0161\u00edrka profilu 130 mm<\/li>\n<\/ul>\n","protected":false},"featured_media":1397,"comment_status":"closed","ping_status":"open","template":"","meta":{"_monsterinsights_skip_tracking":false,"_monsterinsights_sitenote_active":false,"_monsterinsights_sitenote_note":"","_monsterinsights_sitenote_category":0},"product_brand":[],"product_cat":[38],"product_tag":[],"class_list":{"0":"post-1396","1":"product","2":"type-product","3":"status-publish","4":"has-post-thumbnail","6":"product_cat-zvaranie-profilov-a-zacistovanie-rohov","8":"first","9":"instock","10":"product-type-simple"},"yoast_head":"<!-- This site is optimized with the Yoast SEO plugin v27.4 - https:\/\/yoast.com\/product\/yoast-seo-wordpress\/ -->\n<title>HSM-TURBO - Horizont\u00e1lna 4-hlav\u00e1 zv\u00e1ra\u010dka - Pressta Eisele \u010cS<\/title>\n<meta name=\"robots\" content=\"index, follow, max-snippet:-1, max-image-preview:large, max-video-preview:-1\" \/>\n<link rel=\"canonical\" href=\"https:\/\/www.pressta-eisele.eu\/hu\/produkt\/hsm-turbo-horizontalna-4-hlava-zvaracka\/\" \/>\n<meta property=\"og:locale\" content=\"hu_HU\" \/>\n<meta property=\"og:type\" content=\"article\" \/>\n<meta property=\"og:title\" content=\"HSM-TURBO - Horizont\u00e1lna 4-hlav\u00e1 zv\u00e1ra\u010dka - Pressta Eisele \u010cS\" \/>\n<meta property=\"og:description\" content=\"diagon\u00e1lny a\u00a0paraleln\u00fd postup sp\u00e1jania cyklus zv\u00e1rania cca. 60 sek\u00fand obrazovkov\u00fd dial\u00f3gov\u00fd syst\u00e9m cez Windows spr\u00e1va d\u00e1t cez databanku parametre zv\u00e1rania individu\u00e1lne programovate\u013en\u00e9 priame alebo stranov\u00e9 v\u00fdvozn\u00e9 zariadenie vyhrievan\u00e9 ohrani\u010denie zvarovej h\u00fasenice (opcia) prepnutie medzi zv\u00e1ran\u00edm r\u00e1mu a\u00a0kr\u00eddla (opcia) pritl\u00e1\u010danie tesnenia (opcia) mo\u017enos\u0165 integrovania do linky zv\u00e1rania a\u00a0za\u010distenia rozmer elementu 330 x 320 mm (\u0160 x V) rozmer elementu 3000 x 2600 mm (\u0160 x V) stavebn\u00e1 h\u013abka profilu 120 mm (opcia 220 mm) poh\u013eadov\u00e1 \u0161\u00edrka profilu 25 mm poh\u013eadov\u00e1 \u0161\u00edrka profilu 130 mm\" \/>\n<meta property=\"og:url\" content=\"https:\/\/www.pressta-eisele.eu\/hu\/produkt\/hsm-turbo-horizontalna-4-hlava-zvaracka\/\" \/>\n<meta property=\"og:site_name\" content=\"Pressta Eisele \u010cS\" \/>\n<meta property=\"article:modified_time\" content=\"2021-01-31T20:25:42+00:00\" \/>\n<meta property=\"og:image\" content=\"https:\/\/www.pressta-eisele.eu\/wp-content\/uploads\/2021\/01\/305.jpg\" \/>\n\t<meta property=\"og:image:width\" content=\"800\" \/>\n\t<meta property=\"og:image:height\" content=\"466\" \/>\n\t<meta property=\"og:image:type\" content=\"image\/jpeg\" \/>\n<meta name=\"twitter:card\" content=\"summary_large_image\" \/>\n<script type=\"application\/ld+json\" class=\"yoast-schema-graph\">{\"@context\":\"https:\\\/\\\/schema.org\",\"@graph\":[{\"@type\":\"WebPage\",\"@id\":\"https:\\\/\\\/www.pressta-eisele.eu\\\/hu\\\/produkt\\\/hsm-turbo-horizontalna-4-hlava-zvaracka\\\/\",\"url\":\"https:\\\/\\\/www.pressta-eisele.eu\\\/hu\\\/produkt\\\/hsm-turbo-horizontalna-4-hlava-zvaracka\\\/\",\"name\":\"HSM-TURBO - Horizont\u00e1lna 4-hlav\u00e1 zv\u00e1ra\u010dka - Pressta Eisele \u010cS\",\"isPartOf\":{\"@id\":\"https:\\\/\\\/www.pressta-eisele.eu\\\/hu\\\/#website\"},\"primaryImageOfPage\":{\"@id\":\"https:\\\/\\\/www.pressta-eisele.eu\\\/hu\\\/produkt\\\/hsm-turbo-horizontalna-4-hlava-zvaracka\\\/#primaryimage\"},\"image\":{\"@id\":\"https:\\\/\\\/www.pressta-eisele.eu\\\/hu\\\/produkt\\\/hsm-turbo-horizontalna-4-hlava-zvaracka\\\/#primaryimage\"},\"thumbnailUrl\":\"https:\\\/\\\/www.pressta-eisele.eu\\\/wp-content\\\/uploads\\\/2021\\\/01\\\/305.jpg\",\"datePublished\":\"2021-01-31T18:43:21+00:00\",\"dateModified\":\"2021-01-31T20:25:42+00:00\",\"breadcrumb\":{\"@id\":\"https:\\\/\\\/www.pressta-eisele.eu\\\/hu\\\/produkt\\\/hsm-turbo-horizontalna-4-hlava-zvaracka\\\/#breadcrumb\"},\"inLanguage\":\"hu\",\"potentialAction\":[{\"@type\":\"ReadAction\",\"target\":[\"https:\\\/\\\/www.pressta-eisele.eu\\\/hu\\\/produkt\\\/hsm-turbo-horizontalna-4-hlava-zvaracka\\\/\"]}]},{\"@type\":\"ImageObject\",\"inLanguage\":\"hu\",\"@id\":\"https:\\\/\\\/www.pressta-eisele.eu\\\/hu\\\/produkt\\\/hsm-turbo-horizontalna-4-hlava-zvaracka\\\/#primaryimage\",\"url\":\"https:\\\/\\\/www.pressta-eisele.eu\\\/wp-content\\\/uploads\\\/2021\\\/01\\\/305.jpg\",\"contentUrl\":\"https:\\\/\\\/www.pressta-eisele.eu\\\/wp-content\\\/uploads\\\/2021\\\/01\\\/305.jpg\",\"width\":800,\"height\":466,\"caption\":\"HSM-TURBO - Horizont\u00e1lna 4-hlav\u00e1 zv\u00e1ra\u010dka\"},{\"@type\":\"BreadcrumbList\",\"@id\":\"https:\\\/\\\/www.pressta-eisele.eu\\\/hu\\\/produkt\\\/hsm-turbo-horizontalna-4-hlava-zvaracka\\\/#breadcrumb\",\"itemListElement\":[{\"@type\":\"ListItem\",\"position\":1,\"name\":\"Home\",\"item\":\"https:\\\/\\\/www.pressta-eisele.eu\\\/hu\\\/\"},{\"@type\":\"ListItem\",\"position\":2,\"name\":\"Shop\",\"item\":\"https:\\\/\\\/www.pressta-eisele.eu\\\/hu\\\/shop\\\/\"},{\"@type\":\"ListItem\",\"position\":3,\"name\":\"HSM-TURBO &#8211; Horizont\u00e1lna 4-hlav\u00e1 zv\u00e1ra\u010dka\"}]},{\"@type\":\"WebSite\",\"@id\":\"https:\\\/\\\/www.pressta-eisele.eu\\\/hu\\\/#website\",\"url\":\"https:\\\/\\\/www.pressta-eisele.eu\\\/hu\\\/\",\"name\":\"Pressta Eisele \u010cS\",\"description\":\"Vitajte vo svete produktivity\",\"publisher\":{\"@id\":\"https:\\\/\\\/www.pressta-eisele.eu\\\/hu\\\/#organization\"},\"potentialAction\":[{\"@type\":\"SearchAction\",\"target\":{\"@type\":\"EntryPoint\",\"urlTemplate\":\"https:\\\/\\\/www.pressta-eisele.eu\\\/hu\\\/?s={search_term_string}\"},\"query-input\":{\"@type\":\"PropertyValueSpecification\",\"valueRequired\":true,\"valueName\":\"search_term_string\"}}],\"inLanguage\":\"hu\"},{\"@type\":\"Organization\",\"@id\":\"https:\\\/\\\/www.pressta-eisele.eu\\\/hu\\\/#organization\",\"name\":\"Pressta Eisele \u010cS\",\"url\":\"https:\\\/\\\/www.pressta-eisele.eu\\\/hu\\\/\",\"logo\":{\"@type\":\"ImageObject\",\"inLanguage\":\"hu\",\"@id\":\"https:\\\/\\\/www.pressta-eisele.eu\\\/hu\\\/#\\\/schema\\\/logo\\\/image\\\/\",\"url\":\"https:\\\/\\\/www.pressta-eisele.eu\\\/wp-content\\\/uploads\\\/2020\\\/11\\\/pressta-logo-01v.svg\",\"contentUrl\":\"https:\\\/\\\/www.pressta-eisele.eu\\\/wp-content\\\/uploads\\\/2020\\\/11\\\/pressta-logo-01v.svg\",\"caption\":\"Pressta Eisele \u010cS\"},\"image\":{\"@id\":\"https:\\\/\\\/www.pressta-eisele.eu\\\/hu\\\/#\\\/schema\\\/logo\\\/image\\\/\"}}]}<\/script>\n<!-- \/ Yoast SEO plugin. -->","yoast_head_json":{"title":"HSM-TURBO - Horizont\u00e1lna 4-hlav\u00e1 zv\u00e1ra\u010dka - Pressta Eisele \u010cS","robots":{"index":"index","follow":"follow","max-snippet":"max-snippet:-1","max-image-preview":"max-image-preview:large","max-video-preview":"max-video-preview:-1"},"canonical":"https:\/\/www.pressta-eisele.eu\/hu\/produkt\/hsm-turbo-horizontalna-4-hlava-zvaracka\/","og_locale":"hu_HU","og_type":"article","og_title":"HSM-TURBO - Horizont\u00e1lna 4-hlav\u00e1 zv\u00e1ra\u010dka - Pressta Eisele \u010cS","og_description":"diagon\u00e1lny a\u00a0paraleln\u00fd postup sp\u00e1jania cyklus zv\u00e1rania cca. 60 sek\u00fand obrazovkov\u00fd dial\u00f3gov\u00fd syst\u00e9m cez Windows spr\u00e1va d\u00e1t cez databanku parametre zv\u00e1rania individu\u00e1lne programovate\u013en\u00e9 priame alebo stranov\u00e9 v\u00fdvozn\u00e9 zariadenie vyhrievan\u00e9 ohrani\u010denie zvarovej h\u00fasenice (opcia) prepnutie medzi zv\u00e1ran\u00edm r\u00e1mu a\u00a0kr\u00eddla (opcia) pritl\u00e1\u010danie tesnenia (opcia) mo\u017enos\u0165 integrovania do linky zv\u00e1rania a\u00a0za\u010distenia rozmer elementu 330 x 320 mm (\u0160 x V) rozmer elementu 3000 x 2600 mm (\u0160 x V) stavebn\u00e1 h\u013abka profilu 120 mm (opcia 220 mm) poh\u013eadov\u00e1 \u0161\u00edrka profilu 25 mm poh\u013eadov\u00e1 \u0161\u00edrka profilu 130 mm","og_url":"https:\/\/www.pressta-eisele.eu\/hu\/produkt\/hsm-turbo-horizontalna-4-hlava-zvaracka\/","og_site_name":"Pressta Eisele \u010cS","article_modified_time":"2021-01-31T20:25:42+00:00","og_image":[{"width":800,"height":466,"url":"https:\/\/www.pressta-eisele.eu\/wp-content\/uploads\/2021\/01\/305.jpg","type":"image\/jpeg"}],"twitter_card":"summary_large_image","schema":{"@context":"https:\/\/schema.org","@graph":[{"@type":"WebPage","@id":"https:\/\/www.pressta-eisele.eu\/hu\/produkt\/hsm-turbo-horizontalna-4-hlava-zvaracka\/","url":"https:\/\/www.pressta-eisele.eu\/hu\/produkt\/hsm-turbo-horizontalna-4-hlava-zvaracka\/","name":"HSM-TURBO - Horizont\u00e1lna 4-hlav\u00e1 zv\u00e1ra\u010dka - Pressta Eisele \u010cS","isPartOf":{"@id":"https:\/\/www.pressta-eisele.eu\/hu\/#website"},"primaryImageOfPage":{"@id":"https:\/\/www.pressta-eisele.eu\/hu\/produkt\/hsm-turbo-horizontalna-4-hlava-zvaracka\/#primaryimage"},"image":{"@id":"https:\/\/www.pressta-eisele.eu\/hu\/produkt\/hsm-turbo-horizontalna-4-hlava-zvaracka\/#primaryimage"},"thumbnailUrl":"https:\/\/www.pressta-eisele.eu\/wp-content\/uploads\/2021\/01\/305.jpg","datePublished":"2021-01-31T18:43:21+00:00","dateModified":"2021-01-31T20:25:42+00:00","breadcrumb":{"@id":"https:\/\/www.pressta-eisele.eu\/hu\/produkt\/hsm-turbo-horizontalna-4-hlava-zvaracka\/#breadcrumb"},"inLanguage":"hu","potentialAction":[{"@type":"ReadAction","target":["https:\/\/www.pressta-eisele.eu\/hu\/produkt\/hsm-turbo-horizontalna-4-hlava-zvaracka\/"]}]},{"@type":"ImageObject","inLanguage":"hu","@id":"https:\/\/www.pressta-eisele.eu\/hu\/produkt\/hsm-turbo-horizontalna-4-hlava-zvaracka\/#primaryimage","url":"https:\/\/www.pressta-eisele.eu\/wp-content\/uploads\/2021\/01\/305.jpg","contentUrl":"https:\/\/www.pressta-eisele.eu\/wp-content\/uploads\/2021\/01\/305.jpg","width":800,"height":466,"caption":"HSM-TURBO - Horizont\u00e1lna 4-hlav\u00e1 zv\u00e1ra\u010dka"},{"@type":"BreadcrumbList","@id":"https:\/\/www.pressta-eisele.eu\/hu\/produkt\/hsm-turbo-horizontalna-4-hlava-zvaracka\/#breadcrumb","itemListElement":[{"@type":"ListItem","position":1,"name":"Home","item":"https:\/\/www.pressta-eisele.eu\/hu\/"},{"@type":"ListItem","position":2,"name":"Shop","item":"https:\/\/www.pressta-eisele.eu\/hu\/shop\/"},{"@type":"ListItem","position":3,"name":"HSM-TURBO &#8211; Horizont\u00e1lna 4-hlav\u00e1 zv\u00e1ra\u010dka"}]},{"@type":"WebSite","@id":"https:\/\/www.pressta-eisele.eu\/hu\/#website","url":"https:\/\/www.pressta-eisele.eu\/hu\/","name":"Pressta Eisele \u010cS","description":"Vitajte vo svete produktivity","publisher":{"@id":"https:\/\/www.pressta-eisele.eu\/hu\/#organization"},"potentialAction":[{"@type":"SearchAction","target":{"@type":"EntryPoint","urlTemplate":"https:\/\/www.pressta-eisele.eu\/hu\/?s={search_term_string}"},"query-input":{"@type":"PropertyValueSpecification","valueRequired":true,"valueName":"search_term_string"}}],"inLanguage":"hu"},{"@type":"Organization","@id":"https:\/\/www.pressta-eisele.eu\/hu\/#organization","name":"Pressta Eisele \u010cS","url":"https:\/\/www.pressta-eisele.eu\/hu\/","logo":{"@type":"ImageObject","inLanguage":"hu","@id":"https:\/\/www.pressta-eisele.eu\/hu\/#\/schema\/logo\/image\/","url":"https:\/\/www.pressta-eisele.eu\/wp-content\/uploads\/2020\/11\/pressta-logo-01v.svg","contentUrl":"https:\/\/www.pressta-eisele.eu\/wp-content\/uploads\/2020\/11\/pressta-logo-01v.svg","caption":"Pressta Eisele \u010cS"},"image":{"@id":"https:\/\/www.pressta-eisele.eu\/hu\/#\/schema\/logo\/image\/"}}]}},"jetpack_sharing_enabled":true,"_links":{"self":[{"href":"https:\/\/www.pressta-eisele.eu\/hu\/wp-json\/wp\/v2\/product\/1396","targetHints":{"allow":["GET"]}}],"collection":[{"href":"https:\/\/www.pressta-eisele.eu\/hu\/wp-json\/wp\/v2\/product"}],"about":[{"href":"https:\/\/www.pressta-eisele.eu\/hu\/wp-json\/wp\/v2\/types\/product"}],"replies":[{"embeddable":true,"href":"https:\/\/www.pressta-eisele.eu\/hu\/wp-json\/wp\/v2\/comments?post=1396"}],"wp:featuredmedia":[{"embeddable":true,"href":"https:\/\/www.pressta-eisele.eu\/hu\/wp-json\/wp\/v2\/media\/1397"}],"wp:attachment":[{"href":"https:\/\/www.pressta-eisele.eu\/hu\/wp-json\/wp\/v2\/media?parent=1396"}],"wp:term":[{"taxonomy":"product_brand","embeddable":true,"href":"https:\/\/www.pressta-eisele.eu\/hu\/wp-json\/wp\/v2\/product_brand?post=1396"},{"taxonomy":"product_cat","embeddable":true,"href":"https:\/\/www.pressta-eisele.eu\/hu\/wp-json\/wp\/v2\/product_cat?post=1396"},{"taxonomy":"product_tag","embeddable":true,"href":"https:\/\/www.pressta-eisele.eu\/hu\/wp-json\/wp\/v2\/product_tag?post=1396"}],"curies":[{"name":"wp","href":"https:\/\/api.w.org\/{rel}","templated":true}]}}