{"id":1381,"date":"2021-01-31T19:43:21","date_gmt":"2021-01-31T18:43:21","guid":{"rendered":"https:\/\/www.pressta-eisele.eu\/produkt\/flex-center-260-ppx-obrabacie-a-narezove-centrum\/"},"modified":"2021-01-31T21:16:30","modified_gmt":"2021-01-31T20:16:30","slug":"flex-center-260-ppx-obrabacie-a-narezove-centrum","status":"publish","type":"product","link":"https:\/\/www.pressta-eisele.eu\/hu\/produkt\/flex-center-260-ppx-obrabacie-a-narezove-centrum\/","title":{"rendered":"FLEX CENTER-260-PPX &#8211; Obr\u00e1bacie a n\u00e1rezov\u00e9 centrum"},"content":{"rendered":"","protected":false},"excerpt":{"rendered":"<ul>\n<li>r\u00f4zne opracovania bez oh\u013eadu na profilov\u00fd syst\u00e9m<\/li>\n<li>optim\u00e1lne priestorov\u00e9 usporiadanie jednotliv\u00fdch modulov<\/li>\n<li>kr\u00e1tke cykly v\u010faka paraleln\u00e9mu procesu oddelen\u00edm opracovania na ty\u010di<\/li>\n<li>vysoko inovat\u00edvna technol\u00f3gia riadenia sp\u00e1jaj\u00faca obrazovkov\u00fd dial\u00f3gov\u00fd syst\u00e9m s v\u00fdkonn\u00fdm riaden\u00edm pohybu a paraleln\u00fdm procesom opracovania<\/li>\n<li>z\u00e1ruka u\u017e\u00edvate\u013esky pr\u00edvetivej obsluhy v\u010faka intuit\u00edvnemu informa\u010dn\u00e9mu syst\u00e9mu ovl\u00e1dania<\/li>\n<li>vizualiz\u00e1cia v\u0161etk\u00fdch \u00fadajov opracovania, diagnostika a\u00a0riadenie \u00fadr\u017eby<\/li>\n<li>integrovan\u00fd syst\u00e9m vzdialen\u00e9ho pr\u00edstupu<\/li>\n<li>6-os\u00ed modul opracovania<\/li>\n<li>r\u00f4zne mo\u017enosti typov n\u00e1rezov\u00e9ho modulu (Y-p\u00edla, 3-K-p\u00edla, V-p\u00edla do 30\u00b0)<\/li>\n<li>nakladac\u00ed z\u00e1sobn\u00edk s\u00a09. prie\u010dinkami<\/li>\n<li>d\u013a\u017eka ty\u010de 650 mm<\/li>\n<li>d\u013a\u017eka ty\u010de 6.500 mm<\/li>\n<li>rezn\u00e1 dl\u017eka 326 mm<\/li>\n<li>rezn\u00e1 d\u013a\u017eka 4.006 mm<\/li>\n<li>\u0161\u00edrka profilu poh\u013eadovej strany 130 mm<\/li>\n<li>stavebn\u00e1 h\u013abka profilu 90 mm (opcia 130 mm)<\/li>\n<\/ul>\n","protected":false},"featured_media":1382,"comment_status":"closed","ping_status":"open","template":"","meta":{"_monsterinsights_skip_tracking":false,"_monsterinsights_sitenote_active":false,"_monsterinsights_sitenote_note":"","_monsterinsights_sitenote_category":0},"product_brand":[],"product_cat":[39],"product_tag":[],"class_list":{"0":"post-1381","1":"product","2":"type-product","3":"status-publish","4":"has-post-thumbnail","6":"product_cat-opracovanie-profilov","8":"first","9":"instock","10":"product-type-simple"},"yoast_head":"<!-- This site is optimized with the Yoast SEO plugin v27.4 - https:\/\/yoast.com\/product\/yoast-seo-wordpress\/ -->\n<title>FLEX CENTER-260-PPX - Obr\u00e1bacie a n\u00e1rezov\u00e9 centrum - Pressta Eisele \u010cS<\/title>\n<meta name=\"robots\" content=\"index, follow, max-snippet:-1, max-image-preview:large, max-video-preview:-1\" \/>\n<link rel=\"canonical\" href=\"https:\/\/www.pressta-eisele.eu\/hu\/produkt\/flex-center-260-ppx-obrabacie-a-narezove-centrum\/\" \/>\n<meta property=\"og:locale\" content=\"hu_HU\" \/>\n<meta property=\"og:type\" content=\"article\" \/>\n<meta property=\"og:title\" content=\"FLEX CENTER-260-PPX - Obr\u00e1bacie a n\u00e1rezov\u00e9 centrum - Pressta Eisele \u010cS\" \/>\n<meta property=\"og:description\" content=\"r\u00f4zne opracovania bez oh\u013eadu na profilov\u00fd syst\u00e9m optim\u00e1lne priestorov\u00e9 usporiadanie jednotliv\u00fdch modulov kr\u00e1tke cykly v\u010faka paraleln\u00e9mu procesu oddelen\u00edm opracovania na ty\u010di vysoko inovat\u00edvna technol\u00f3gia riadenia sp\u00e1jaj\u00faca obrazovkov\u00fd dial\u00f3gov\u00fd syst\u00e9m s v\u00fdkonn\u00fdm riaden\u00edm pohybu a paraleln\u00fdm procesom opracovania z\u00e1ruka u\u017e\u00edvate\u013esky pr\u00edvetivej obsluhy v\u010faka intuit\u00edvnemu informa\u010dn\u00e9mu syst\u00e9mu ovl\u00e1dania vizualiz\u00e1cia v\u0161etk\u00fdch \u00fadajov opracovania, diagnostika a\u00a0riadenie \u00fadr\u017eby integrovan\u00fd syst\u00e9m vzdialen\u00e9ho pr\u00edstupu 6-os\u00ed modul opracovania r\u00f4zne mo\u017enosti typov n\u00e1rezov\u00e9ho modulu (Y-p\u00edla, 3-K-p\u00edla, V-p\u00edla do 30\u00b0) nakladac\u00ed z\u00e1sobn\u00edk s\u00a09. prie\u010dinkami d\u013a\u017eka ty\u010de 650 mm d\u013a\u017eka ty\u010de 6.500 mm rezn\u00e1 dl\u017eka 326 mm rezn\u00e1 d\u013a\u017eka 4.006 mm \u0161\u00edrka profilu poh\u013eadovej strany 130 mm stavebn\u00e1 h\u013abka profilu 90 mm (opcia 130 mm)\" \/>\n<meta property=\"og:url\" content=\"https:\/\/www.pressta-eisele.eu\/hu\/produkt\/flex-center-260-ppx-obrabacie-a-narezove-centrum\/\" \/>\n<meta property=\"og:site_name\" content=\"Pressta Eisele \u010cS\" \/>\n<meta property=\"article:modified_time\" content=\"2021-01-31T20:16:30+00:00\" \/>\n<meta property=\"og:image\" content=\"https:\/\/www.pressta-eisele.eu\/wp-content\/uploads\/2021\/01\/302.jpg\" \/>\n\t<meta property=\"og:image:width\" content=\"800\" \/>\n\t<meta property=\"og:image:height\" content=\"329\" \/>\n\t<meta property=\"og:image:type\" content=\"image\/jpeg\" \/>\n<meta name=\"twitter:card\" content=\"summary_large_image\" \/>\n<script type=\"application\/ld+json\" class=\"yoast-schema-graph\">{\"@context\":\"https:\\\/\\\/schema.org\",\"@graph\":[{\"@type\":\"WebPage\",\"@id\":\"https:\\\/\\\/www.pressta-eisele.eu\\\/hu\\\/produkt\\\/flex-center-260-ppx-obrabacie-a-narezove-centrum\\\/\",\"url\":\"https:\\\/\\\/www.pressta-eisele.eu\\\/hu\\\/produkt\\\/flex-center-260-ppx-obrabacie-a-narezove-centrum\\\/\",\"name\":\"FLEX CENTER-260-PPX - Obr\u00e1bacie a n\u00e1rezov\u00e9 centrum - Pressta Eisele \u010cS\",\"isPartOf\":{\"@id\":\"https:\\\/\\\/www.pressta-eisele.eu\\\/hu\\\/#website\"},\"primaryImageOfPage\":{\"@id\":\"https:\\\/\\\/www.pressta-eisele.eu\\\/hu\\\/produkt\\\/flex-center-260-ppx-obrabacie-a-narezove-centrum\\\/#primaryimage\"},\"image\":{\"@id\":\"https:\\\/\\\/www.pressta-eisele.eu\\\/hu\\\/produkt\\\/flex-center-260-ppx-obrabacie-a-narezove-centrum\\\/#primaryimage\"},\"thumbnailUrl\":\"https:\\\/\\\/www.pressta-eisele.eu\\\/wp-content\\\/uploads\\\/2021\\\/01\\\/302.jpg\",\"datePublished\":\"2021-01-31T18:43:21+00:00\",\"dateModified\":\"2021-01-31T20:16:30+00:00\",\"breadcrumb\":{\"@id\":\"https:\\\/\\\/www.pressta-eisele.eu\\\/hu\\\/produkt\\\/flex-center-260-ppx-obrabacie-a-narezove-centrum\\\/#breadcrumb\"},\"inLanguage\":\"hu\",\"potentialAction\":[{\"@type\":\"ReadAction\",\"target\":[\"https:\\\/\\\/www.pressta-eisele.eu\\\/hu\\\/produkt\\\/flex-center-260-ppx-obrabacie-a-narezove-centrum\\\/\"]}]},{\"@type\":\"ImageObject\",\"inLanguage\":\"hu\",\"@id\":\"https:\\\/\\\/www.pressta-eisele.eu\\\/hu\\\/produkt\\\/flex-center-260-ppx-obrabacie-a-narezove-centrum\\\/#primaryimage\",\"url\":\"https:\\\/\\\/www.pressta-eisele.eu\\\/wp-content\\\/uploads\\\/2021\\\/01\\\/302.jpg\",\"contentUrl\":\"https:\\\/\\\/www.pressta-eisele.eu\\\/wp-content\\\/uploads\\\/2021\\\/01\\\/302.jpg\",\"width\":800,\"height\":329,\"caption\":\"FLEX CENTER-260-PPX - Obr\u00e1bacie a n\u00e1rezov\u00e9 centrum\"},{\"@type\":\"BreadcrumbList\",\"@id\":\"https:\\\/\\\/www.pressta-eisele.eu\\\/hu\\\/produkt\\\/flex-center-260-ppx-obrabacie-a-narezove-centrum\\\/#breadcrumb\",\"itemListElement\":[{\"@type\":\"ListItem\",\"position\":1,\"name\":\"Home\",\"item\":\"https:\\\/\\\/www.pressta-eisele.eu\\\/hu\\\/\"},{\"@type\":\"ListItem\",\"position\":2,\"name\":\"Shop\",\"item\":\"https:\\\/\\\/www.pressta-eisele.eu\\\/hu\\\/shop\\\/\"},{\"@type\":\"ListItem\",\"position\":3,\"name\":\"FLEX CENTER-260-PPX &#8211; Obr\u00e1bacie a n\u00e1rezov\u00e9 centrum\"}]},{\"@type\":\"WebSite\",\"@id\":\"https:\\\/\\\/www.pressta-eisele.eu\\\/hu\\\/#website\",\"url\":\"https:\\\/\\\/www.pressta-eisele.eu\\\/hu\\\/\",\"name\":\"Pressta Eisele \u010cS\",\"description\":\"Vitajte vo svete produktivity\",\"publisher\":{\"@id\":\"https:\\\/\\\/www.pressta-eisele.eu\\\/hu\\\/#organization\"},\"potentialAction\":[{\"@type\":\"SearchAction\",\"target\":{\"@type\":\"EntryPoint\",\"urlTemplate\":\"https:\\\/\\\/www.pressta-eisele.eu\\\/hu\\\/?s={search_term_string}\"},\"query-input\":{\"@type\":\"PropertyValueSpecification\",\"valueRequired\":true,\"valueName\":\"search_term_string\"}}],\"inLanguage\":\"hu\"},{\"@type\":\"Organization\",\"@id\":\"https:\\\/\\\/www.pressta-eisele.eu\\\/hu\\\/#organization\",\"name\":\"Pressta Eisele \u010cS\",\"url\":\"https:\\\/\\\/www.pressta-eisele.eu\\\/hu\\\/\",\"logo\":{\"@type\":\"ImageObject\",\"inLanguage\":\"hu\",\"@id\":\"https:\\\/\\\/www.pressta-eisele.eu\\\/hu\\\/#\\\/schema\\\/logo\\\/image\\\/\",\"url\":\"https:\\\/\\\/www.pressta-eisele.eu\\\/wp-content\\\/uploads\\\/2020\\\/11\\\/pressta-logo-01v.svg\",\"contentUrl\":\"https:\\\/\\\/www.pressta-eisele.eu\\\/wp-content\\\/uploads\\\/2020\\\/11\\\/pressta-logo-01v.svg\",\"caption\":\"Pressta Eisele \u010cS\"},\"image\":{\"@id\":\"https:\\\/\\\/www.pressta-eisele.eu\\\/hu\\\/#\\\/schema\\\/logo\\\/image\\\/\"}}]}<\/script>\n<!-- \/ Yoast SEO plugin. -->","yoast_head_json":{"title":"FLEX CENTER-260-PPX - Obr\u00e1bacie a n\u00e1rezov\u00e9 centrum - Pressta Eisele \u010cS","robots":{"index":"index","follow":"follow","max-snippet":"max-snippet:-1","max-image-preview":"max-image-preview:large","max-video-preview":"max-video-preview:-1"},"canonical":"https:\/\/www.pressta-eisele.eu\/hu\/produkt\/flex-center-260-ppx-obrabacie-a-narezove-centrum\/","og_locale":"hu_HU","og_type":"article","og_title":"FLEX CENTER-260-PPX - Obr\u00e1bacie a n\u00e1rezov\u00e9 centrum - Pressta Eisele \u010cS","og_description":"r\u00f4zne opracovania bez oh\u013eadu na profilov\u00fd syst\u00e9m optim\u00e1lne priestorov\u00e9 usporiadanie jednotliv\u00fdch modulov kr\u00e1tke cykly v\u010faka paraleln\u00e9mu procesu oddelen\u00edm opracovania na ty\u010di vysoko inovat\u00edvna technol\u00f3gia riadenia sp\u00e1jaj\u00faca obrazovkov\u00fd dial\u00f3gov\u00fd syst\u00e9m s v\u00fdkonn\u00fdm riaden\u00edm pohybu a paraleln\u00fdm procesom opracovania z\u00e1ruka u\u017e\u00edvate\u013esky pr\u00edvetivej obsluhy v\u010faka intuit\u00edvnemu informa\u010dn\u00e9mu syst\u00e9mu ovl\u00e1dania vizualiz\u00e1cia v\u0161etk\u00fdch \u00fadajov opracovania, diagnostika a\u00a0riadenie \u00fadr\u017eby integrovan\u00fd syst\u00e9m vzdialen\u00e9ho pr\u00edstupu 6-os\u00ed modul opracovania r\u00f4zne mo\u017enosti typov n\u00e1rezov\u00e9ho modulu (Y-p\u00edla, 3-K-p\u00edla, V-p\u00edla do 30\u00b0) nakladac\u00ed z\u00e1sobn\u00edk s\u00a09. prie\u010dinkami d\u013a\u017eka ty\u010de 650 mm d\u013a\u017eka ty\u010de 6.500 mm rezn\u00e1 dl\u017eka 326 mm rezn\u00e1 d\u013a\u017eka 4.006 mm \u0161\u00edrka profilu poh\u013eadovej strany 130 mm stavebn\u00e1 h\u013abka profilu 90 mm (opcia 130 mm)","og_url":"https:\/\/www.pressta-eisele.eu\/hu\/produkt\/flex-center-260-ppx-obrabacie-a-narezove-centrum\/","og_site_name":"Pressta Eisele \u010cS","article_modified_time":"2021-01-31T20:16:30+00:00","og_image":[{"width":800,"height":329,"url":"https:\/\/www.pressta-eisele.eu\/wp-content\/uploads\/2021\/01\/302.jpg","type":"image\/jpeg"}],"twitter_card":"summary_large_image","schema":{"@context":"https:\/\/schema.org","@graph":[{"@type":"WebPage","@id":"https:\/\/www.pressta-eisele.eu\/hu\/produkt\/flex-center-260-ppx-obrabacie-a-narezove-centrum\/","url":"https:\/\/www.pressta-eisele.eu\/hu\/produkt\/flex-center-260-ppx-obrabacie-a-narezove-centrum\/","name":"FLEX CENTER-260-PPX - Obr\u00e1bacie a n\u00e1rezov\u00e9 centrum - Pressta Eisele \u010cS","isPartOf":{"@id":"https:\/\/www.pressta-eisele.eu\/hu\/#website"},"primaryImageOfPage":{"@id":"https:\/\/www.pressta-eisele.eu\/hu\/produkt\/flex-center-260-ppx-obrabacie-a-narezove-centrum\/#primaryimage"},"image":{"@id":"https:\/\/www.pressta-eisele.eu\/hu\/produkt\/flex-center-260-ppx-obrabacie-a-narezove-centrum\/#primaryimage"},"thumbnailUrl":"https:\/\/www.pressta-eisele.eu\/wp-content\/uploads\/2021\/01\/302.jpg","datePublished":"2021-01-31T18:43:21+00:00","dateModified":"2021-01-31T20:16:30+00:00","breadcrumb":{"@id":"https:\/\/www.pressta-eisele.eu\/hu\/produkt\/flex-center-260-ppx-obrabacie-a-narezove-centrum\/#breadcrumb"},"inLanguage":"hu","potentialAction":[{"@type":"ReadAction","target":["https:\/\/www.pressta-eisele.eu\/hu\/produkt\/flex-center-260-ppx-obrabacie-a-narezove-centrum\/"]}]},{"@type":"ImageObject","inLanguage":"hu","@id":"https:\/\/www.pressta-eisele.eu\/hu\/produkt\/flex-center-260-ppx-obrabacie-a-narezove-centrum\/#primaryimage","url":"https:\/\/www.pressta-eisele.eu\/wp-content\/uploads\/2021\/01\/302.jpg","contentUrl":"https:\/\/www.pressta-eisele.eu\/wp-content\/uploads\/2021\/01\/302.jpg","width":800,"height":329,"caption":"FLEX CENTER-260-PPX - Obr\u00e1bacie a n\u00e1rezov\u00e9 centrum"},{"@type":"BreadcrumbList","@id":"https:\/\/www.pressta-eisele.eu\/hu\/produkt\/flex-center-260-ppx-obrabacie-a-narezove-centrum\/#breadcrumb","itemListElement":[{"@type":"ListItem","position":1,"name":"Home","item":"https:\/\/www.pressta-eisele.eu\/hu\/"},{"@type":"ListItem","position":2,"name":"Shop","item":"https:\/\/www.pressta-eisele.eu\/hu\/shop\/"},{"@type":"ListItem","position":3,"name":"FLEX CENTER-260-PPX &#8211; Obr\u00e1bacie a n\u00e1rezov\u00e9 centrum"}]},{"@type":"WebSite","@id":"https:\/\/www.pressta-eisele.eu\/hu\/#website","url":"https:\/\/www.pressta-eisele.eu\/hu\/","name":"Pressta Eisele \u010cS","description":"Vitajte vo svete produktivity","publisher":{"@id":"https:\/\/www.pressta-eisele.eu\/hu\/#organization"},"potentialAction":[{"@type":"SearchAction","target":{"@type":"EntryPoint","urlTemplate":"https:\/\/www.pressta-eisele.eu\/hu\/?s={search_term_string}"},"query-input":{"@type":"PropertyValueSpecification","valueRequired":true,"valueName":"search_term_string"}}],"inLanguage":"hu"},{"@type":"Organization","@id":"https:\/\/www.pressta-eisele.eu\/hu\/#organization","name":"Pressta Eisele \u010cS","url":"https:\/\/www.pressta-eisele.eu\/hu\/","logo":{"@type":"ImageObject","inLanguage":"hu","@id":"https:\/\/www.pressta-eisele.eu\/hu\/#\/schema\/logo\/image\/","url":"https:\/\/www.pressta-eisele.eu\/wp-content\/uploads\/2020\/11\/pressta-logo-01v.svg","contentUrl":"https:\/\/www.pressta-eisele.eu\/wp-content\/uploads\/2020\/11\/pressta-logo-01v.svg","caption":"Pressta Eisele \u010cS"},"image":{"@id":"https:\/\/www.pressta-eisele.eu\/hu\/#\/schema\/logo\/image\/"}}]}},"jetpack_sharing_enabled":true,"_links":{"self":[{"href":"https:\/\/www.pressta-eisele.eu\/hu\/wp-json\/wp\/v2\/product\/1381","targetHints":{"allow":["GET"]}}],"collection":[{"href":"https:\/\/www.pressta-eisele.eu\/hu\/wp-json\/wp\/v2\/product"}],"about":[{"href":"https:\/\/www.pressta-eisele.eu\/hu\/wp-json\/wp\/v2\/types\/product"}],"replies":[{"embeddable":true,"href":"https:\/\/www.pressta-eisele.eu\/hu\/wp-json\/wp\/v2\/comments?post=1381"}],"wp:featuredmedia":[{"embeddable":true,"href":"https:\/\/www.pressta-eisele.eu\/hu\/wp-json\/wp\/v2\/media\/1382"}],"wp:attachment":[{"href":"https:\/\/www.pressta-eisele.eu\/hu\/wp-json\/wp\/v2\/media?parent=1381"}],"wp:term":[{"taxonomy":"product_brand","embeddable":true,"href":"https:\/\/www.pressta-eisele.eu\/hu\/wp-json\/wp\/v2\/product_brand?post=1381"},{"taxonomy":"product_cat","embeddable":true,"href":"https:\/\/www.pressta-eisele.eu\/hu\/wp-json\/wp\/v2\/product_cat?post=1381"},{"taxonomy":"product_tag","embeddable":true,"href":"https:\/\/www.pressta-eisele.eu\/hu\/wp-json\/wp\/v2\/product_tag?post=1381"}],"curies":[{"name":"wp","href":"https:\/\/api.w.org\/{rel}","templated":true}]}}