{"id":1371,"date":"2021-01-31T19:43:21","date_gmt":"2021-01-31T18:43:21","guid":{"rendered":"https:\/\/www.pressta-eisele.eu\/produkt\/fbs-1s-m-poloautomaticky-kovaci-stol-kridel\/"},"modified":"2021-01-31T21:34:58","modified_gmt":"2021-01-31T20:34:58","slug":"fbs-1s-m-poloautomaticky-kovaci-stol-kridel","status":"publish","type":"product","link":"https:\/\/www.pressta-eisele.eu\/hu\/produkt\/fbs-1s-m-poloautomaticky-kovaci-stol-kridel\/","title":{"rendered":"FBS-1S-M &#8211; Poloautomatick\u00fd kovac\u00ed st\u00f4l kr\u00eddel"},"content":{"rendered":"","protected":false},"excerpt":{"rendered":"<ul>\n<li>automatick\u00e9 skrutkovanie vopred nasaden\u00fdch dielov (klipov) kovania<\/li>\n<li>nez\u00e1vislos\u0165 od syst\u00e9mu profilu a kovania<\/li>\n<li>CNC riaden\u00e1 os skrutkova\u010da<\/li>\n<li>automatick\u00e9 prestavenie v\u00fd\u0161ky a\u017e pre 8 v\u00fd\u0161ok eurodr\u00e1\u017eok<\/li>\n<li>grafick\u00e9 zobrazenie priebehu procesu<\/li>\n<li>automatick\u00e9 poz\u00edciovanie d\u013a\u017ekov\u00e9ho dorazu<\/li>\n<li>v\u0155tac\u00ed agreg\u00e1t (opcia)<\/li>\n<li>skrutkova\u010d kovania (opcia)<\/li>\n<li>automatick\u00e9 zakladanie do z\u00e1sobn\u00edka (opcia)<\/li>\n<li>integrovate\u013en\u00fd do v\u00fdrobnej linky<\/li>\n<li>pracovn\u00e1 v\u00fd\u0161ka 960 mm \u00b1 50 mm<\/li>\n<li>stavebn\u00e1 h\u013abka profilu 60 mm<\/li>\n<li>stavebn\u00e1 h\u013abka profilu 100 mm<\/li>\n<li>poh\u013eadov\u00e1 \u0161\u00edrka profilu 69 mm (pre \u0161tulpy 49 mm)<\/li>\n<li>poh\u013eadov\u00e1 \u0161\u00edrka profilu 130 mm<\/li>\n<li>rozmer cez falc kr\u00eddla 280 x 280 mm (\u0160 x V, poh\u013eadov\u00e1 \u0161\u00edrka 70 mm)<\/li>\n<li>rozmer cez falc kr\u00eddla 1500 x 2.450 mm (\u0160 x V)<\/li>\n<li>v\u00fd\u0161ka eurodr\u00e1\u017eky 30 mm<\/li>\n<li>v\u00fd\u0161ka eurodr\u00e1\u017eky 50 mm<\/li>\n<li>\u010das taktu &lt; 2 min. (v z\u00e1vislosti od typu kovania)<\/li>\n<\/ul>\n","protected":false},"featured_media":1372,"comment_status":"closed","ping_status":"open","template":"","meta":{"_monsterinsights_skip_tracking":false,"_monsterinsights_sitenote_active":false,"_monsterinsights_sitenote_note":"","_monsterinsights_sitenote_category":0},"product_brand":[],"product_cat":[37],"product_tag":[],"class_list":{"0":"post-1371","1":"product","2":"type-product","3":"status-publish","4":"has-post-thumbnail","6":"product_cat-montazne-stoly-kovacie-zariadenia-a-automaty","8":"first","9":"instock","10":"product-type-simple"},"yoast_head":"<!-- This site is optimized with the Yoast SEO plugin v27.5 - https:\/\/yoast.com\/product\/yoast-seo-wordpress\/ -->\n<title>FBS-1S-M - Poloautomatick\u00fd kovac\u00ed st\u00f4l kr\u00eddel - Pressta Eisele \u010cS<\/title>\n<meta name=\"robots\" content=\"index, follow, max-snippet:-1, max-image-preview:large, max-video-preview:-1\" \/>\n<link rel=\"canonical\" href=\"https:\/\/www.pressta-eisele.eu\/hu\/produkt\/fbs-1s-m-poloautomaticky-kovaci-stol-kridel\/\" \/>\n<meta property=\"og:locale\" content=\"hu_HU\" \/>\n<meta property=\"og:type\" content=\"article\" \/>\n<meta property=\"og:title\" content=\"FBS-1S-M - Poloautomatick\u00fd kovac\u00ed st\u00f4l kr\u00eddel - Pressta Eisele \u010cS\" \/>\n<meta property=\"og:description\" content=\"automatick\u00e9 skrutkovanie vopred nasaden\u00fdch dielov (klipov) kovania nez\u00e1vislos\u0165 od syst\u00e9mu profilu a kovania CNC riaden\u00e1 os skrutkova\u010da automatick\u00e9 prestavenie v\u00fd\u0161ky a\u017e pre 8 v\u00fd\u0161ok eurodr\u00e1\u017eok grafick\u00e9 zobrazenie priebehu procesu automatick\u00e9 poz\u00edciovanie d\u013a\u017ekov\u00e9ho dorazu v\u0155tac\u00ed agreg\u00e1t (opcia) skrutkova\u010d kovania (opcia) automatick\u00e9 zakladanie do z\u00e1sobn\u00edka (opcia) integrovate\u013en\u00fd do v\u00fdrobnej linky pracovn\u00e1 v\u00fd\u0161ka 960 mm \u00b1 50 mm stavebn\u00e1 h\u013abka profilu 60 mm stavebn\u00e1 h\u013abka profilu 100 mm poh\u013eadov\u00e1 \u0161\u00edrka profilu 69 mm (pre \u0161tulpy 49 mm) poh\u013eadov\u00e1 \u0161\u00edrka profilu 130 mm rozmer cez falc kr\u00eddla 280 x 280 mm (\u0160 x V, poh\u013eadov\u00e1 \u0161\u00edrka 70 mm) rozmer cez falc kr\u00eddla 1500 x 2.450 mm (\u0160 x V) v\u00fd\u0161ka eurodr\u00e1\u017eky 30 mm v\u00fd\u0161ka eurodr\u00e1\u017eky 50 mm \u010das taktu &lt; 2 min. (v z\u00e1vislosti od typu kovania)\" \/>\n<meta property=\"og:url\" content=\"https:\/\/www.pressta-eisele.eu\/hu\/produkt\/fbs-1s-m-poloautomaticky-kovaci-stol-kridel\/\" \/>\n<meta property=\"og:site_name\" content=\"Pressta Eisele \u010cS\" \/>\n<meta property=\"article:modified_time\" content=\"2021-01-31T20:34:58+00:00\" \/>\n<meta property=\"og:image\" content=\"https:\/\/www.pressta-eisele.eu\/wp-content\/uploads\/2021\/01\/300.jpg\" \/>\n\t<meta property=\"og:image:width\" content=\"800\" \/>\n\t<meta property=\"og:image:height\" content=\"622\" \/>\n\t<meta property=\"og:image:type\" content=\"image\/jpeg\" \/>\n<meta name=\"twitter:card\" content=\"summary_large_image\" \/>\n<script type=\"application\/ld+json\" class=\"yoast-schema-graph\">{\"@context\":\"https:\\\/\\\/schema.org\",\"@graph\":[{\"@type\":\"WebPage\",\"@id\":\"https:\\\/\\\/www.pressta-eisele.eu\\\/hu\\\/produkt\\\/fbs-1s-m-poloautomaticky-kovaci-stol-kridel\\\/\",\"url\":\"https:\\\/\\\/www.pressta-eisele.eu\\\/hu\\\/produkt\\\/fbs-1s-m-poloautomaticky-kovaci-stol-kridel\\\/\",\"name\":\"FBS-1S-M - Poloautomatick\u00fd kovac\u00ed st\u00f4l kr\u00eddel - Pressta Eisele \u010cS\",\"isPartOf\":{\"@id\":\"https:\\\/\\\/www.pressta-eisele.eu\\\/hu\\\/#website\"},\"primaryImageOfPage\":{\"@id\":\"https:\\\/\\\/www.pressta-eisele.eu\\\/hu\\\/produkt\\\/fbs-1s-m-poloautomaticky-kovaci-stol-kridel\\\/#primaryimage\"},\"image\":{\"@id\":\"https:\\\/\\\/www.pressta-eisele.eu\\\/hu\\\/produkt\\\/fbs-1s-m-poloautomaticky-kovaci-stol-kridel\\\/#primaryimage\"},\"thumbnailUrl\":\"https:\\\/\\\/www.pressta-eisele.eu\\\/wp-content\\\/uploads\\\/2021\\\/01\\\/300.jpg\",\"datePublished\":\"2021-01-31T18:43:21+00:00\",\"dateModified\":\"2021-01-31T20:34:58+00:00\",\"breadcrumb\":{\"@id\":\"https:\\\/\\\/www.pressta-eisele.eu\\\/hu\\\/produkt\\\/fbs-1s-m-poloautomaticky-kovaci-stol-kridel\\\/#breadcrumb\"},\"inLanguage\":\"hu\",\"potentialAction\":[{\"@type\":\"ReadAction\",\"target\":[\"https:\\\/\\\/www.pressta-eisele.eu\\\/hu\\\/produkt\\\/fbs-1s-m-poloautomaticky-kovaci-stol-kridel\\\/\"]}]},{\"@type\":\"ImageObject\",\"inLanguage\":\"hu\",\"@id\":\"https:\\\/\\\/www.pressta-eisele.eu\\\/hu\\\/produkt\\\/fbs-1s-m-poloautomaticky-kovaci-stol-kridel\\\/#primaryimage\",\"url\":\"https:\\\/\\\/www.pressta-eisele.eu\\\/wp-content\\\/uploads\\\/2021\\\/01\\\/300.jpg\",\"contentUrl\":\"https:\\\/\\\/www.pressta-eisele.eu\\\/wp-content\\\/uploads\\\/2021\\\/01\\\/300.jpg\",\"width\":800,\"height\":622,\"caption\":\"FBS-1S-M - Poloautomatick\u00fd kovac\u00ed st\u00f4l kr\u00eddel\"},{\"@type\":\"BreadcrumbList\",\"@id\":\"https:\\\/\\\/www.pressta-eisele.eu\\\/hu\\\/produkt\\\/fbs-1s-m-poloautomaticky-kovaci-stol-kridel\\\/#breadcrumb\",\"itemListElement\":[{\"@type\":\"ListItem\",\"position\":1,\"name\":\"Home\",\"item\":\"https:\\\/\\\/www.pressta-eisele.eu\\\/hu\\\/\"},{\"@type\":\"ListItem\",\"position\":2,\"name\":\"Shop\",\"item\":\"https:\\\/\\\/www.pressta-eisele.eu\\\/hu\\\/shop\\\/\"},{\"@type\":\"ListItem\",\"position\":3,\"name\":\"FBS-1S-M &#8211; Poloautomatick\u00fd kovac\u00ed st\u00f4l kr\u00eddel\"}]},{\"@type\":\"WebSite\",\"@id\":\"https:\\\/\\\/www.pressta-eisele.eu\\\/hu\\\/#website\",\"url\":\"https:\\\/\\\/www.pressta-eisele.eu\\\/hu\\\/\",\"name\":\"Pressta Eisele \u010cS\",\"description\":\"Vitajte vo svete produktivity\",\"publisher\":{\"@id\":\"https:\\\/\\\/www.pressta-eisele.eu\\\/hu\\\/#organization\"},\"potentialAction\":[{\"@type\":\"SearchAction\",\"target\":{\"@type\":\"EntryPoint\",\"urlTemplate\":\"https:\\\/\\\/www.pressta-eisele.eu\\\/hu\\\/?s={search_term_string}\"},\"query-input\":{\"@type\":\"PropertyValueSpecification\",\"valueRequired\":true,\"valueName\":\"search_term_string\"}}],\"inLanguage\":\"hu\"},{\"@type\":\"Organization\",\"@id\":\"https:\\\/\\\/www.pressta-eisele.eu\\\/hu\\\/#organization\",\"name\":\"Pressta Eisele \u010cS\",\"url\":\"https:\\\/\\\/www.pressta-eisele.eu\\\/hu\\\/\",\"logo\":{\"@type\":\"ImageObject\",\"inLanguage\":\"hu\",\"@id\":\"https:\\\/\\\/www.pressta-eisele.eu\\\/hu\\\/#\\\/schema\\\/logo\\\/image\\\/\",\"url\":\"https:\\\/\\\/www.pressta-eisele.eu\\\/wp-content\\\/uploads\\\/2020\\\/11\\\/pressta-logo-01v.svg\",\"contentUrl\":\"https:\\\/\\\/www.pressta-eisele.eu\\\/wp-content\\\/uploads\\\/2020\\\/11\\\/pressta-logo-01v.svg\",\"caption\":\"Pressta Eisele \u010cS\"},\"image\":{\"@id\":\"https:\\\/\\\/www.pressta-eisele.eu\\\/hu\\\/#\\\/schema\\\/logo\\\/image\\\/\"}}]}<\/script>\n<!-- \/ Yoast SEO plugin. -->","yoast_head_json":{"title":"FBS-1S-M - Poloautomatick\u00fd kovac\u00ed st\u00f4l kr\u00eddel - Pressta Eisele \u010cS","robots":{"index":"index","follow":"follow","max-snippet":"max-snippet:-1","max-image-preview":"max-image-preview:large","max-video-preview":"max-video-preview:-1"},"canonical":"https:\/\/www.pressta-eisele.eu\/hu\/produkt\/fbs-1s-m-poloautomaticky-kovaci-stol-kridel\/","og_locale":"hu_HU","og_type":"article","og_title":"FBS-1S-M - Poloautomatick\u00fd kovac\u00ed st\u00f4l kr\u00eddel - Pressta Eisele \u010cS","og_description":"automatick\u00e9 skrutkovanie vopred nasaden\u00fdch dielov (klipov) kovania nez\u00e1vislos\u0165 od syst\u00e9mu profilu a kovania CNC riaden\u00e1 os skrutkova\u010da automatick\u00e9 prestavenie v\u00fd\u0161ky a\u017e pre 8 v\u00fd\u0161ok eurodr\u00e1\u017eok grafick\u00e9 zobrazenie priebehu procesu automatick\u00e9 poz\u00edciovanie d\u013a\u017ekov\u00e9ho dorazu v\u0155tac\u00ed agreg\u00e1t (opcia) skrutkova\u010d kovania (opcia) automatick\u00e9 zakladanie do z\u00e1sobn\u00edka (opcia) integrovate\u013en\u00fd do v\u00fdrobnej linky pracovn\u00e1 v\u00fd\u0161ka 960 mm \u00b1 50 mm stavebn\u00e1 h\u013abka profilu 60 mm stavebn\u00e1 h\u013abka profilu 100 mm poh\u013eadov\u00e1 \u0161\u00edrka profilu 69 mm (pre \u0161tulpy 49 mm) poh\u013eadov\u00e1 \u0161\u00edrka profilu 130 mm rozmer cez falc kr\u00eddla 280 x 280 mm (\u0160 x V, poh\u013eadov\u00e1 \u0161\u00edrka 70 mm) rozmer cez falc kr\u00eddla 1500 x 2.450 mm (\u0160 x V) v\u00fd\u0161ka eurodr\u00e1\u017eky 30 mm v\u00fd\u0161ka eurodr\u00e1\u017eky 50 mm \u010das taktu &lt; 2 min. (v z\u00e1vislosti od typu kovania)","og_url":"https:\/\/www.pressta-eisele.eu\/hu\/produkt\/fbs-1s-m-poloautomaticky-kovaci-stol-kridel\/","og_site_name":"Pressta Eisele \u010cS","article_modified_time":"2021-01-31T20:34:58+00:00","og_image":[{"width":800,"height":622,"url":"https:\/\/www.pressta-eisele.eu\/wp-content\/uploads\/2021\/01\/300.jpg","type":"image\/jpeg"}],"twitter_card":"summary_large_image","schema":{"@context":"https:\/\/schema.org","@graph":[{"@type":"WebPage","@id":"https:\/\/www.pressta-eisele.eu\/hu\/produkt\/fbs-1s-m-poloautomaticky-kovaci-stol-kridel\/","url":"https:\/\/www.pressta-eisele.eu\/hu\/produkt\/fbs-1s-m-poloautomaticky-kovaci-stol-kridel\/","name":"FBS-1S-M - Poloautomatick\u00fd kovac\u00ed st\u00f4l kr\u00eddel - Pressta Eisele \u010cS","isPartOf":{"@id":"https:\/\/www.pressta-eisele.eu\/hu\/#website"},"primaryImageOfPage":{"@id":"https:\/\/www.pressta-eisele.eu\/hu\/produkt\/fbs-1s-m-poloautomaticky-kovaci-stol-kridel\/#primaryimage"},"image":{"@id":"https:\/\/www.pressta-eisele.eu\/hu\/produkt\/fbs-1s-m-poloautomaticky-kovaci-stol-kridel\/#primaryimage"},"thumbnailUrl":"https:\/\/www.pressta-eisele.eu\/wp-content\/uploads\/2021\/01\/300.jpg","datePublished":"2021-01-31T18:43:21+00:00","dateModified":"2021-01-31T20:34:58+00:00","breadcrumb":{"@id":"https:\/\/www.pressta-eisele.eu\/hu\/produkt\/fbs-1s-m-poloautomaticky-kovaci-stol-kridel\/#breadcrumb"},"inLanguage":"hu","potentialAction":[{"@type":"ReadAction","target":["https:\/\/www.pressta-eisele.eu\/hu\/produkt\/fbs-1s-m-poloautomaticky-kovaci-stol-kridel\/"]}]},{"@type":"ImageObject","inLanguage":"hu","@id":"https:\/\/www.pressta-eisele.eu\/hu\/produkt\/fbs-1s-m-poloautomaticky-kovaci-stol-kridel\/#primaryimage","url":"https:\/\/www.pressta-eisele.eu\/wp-content\/uploads\/2021\/01\/300.jpg","contentUrl":"https:\/\/www.pressta-eisele.eu\/wp-content\/uploads\/2021\/01\/300.jpg","width":800,"height":622,"caption":"FBS-1S-M - Poloautomatick\u00fd kovac\u00ed st\u00f4l kr\u00eddel"},{"@type":"BreadcrumbList","@id":"https:\/\/www.pressta-eisele.eu\/hu\/produkt\/fbs-1s-m-poloautomaticky-kovaci-stol-kridel\/#breadcrumb","itemListElement":[{"@type":"ListItem","position":1,"name":"Home","item":"https:\/\/www.pressta-eisele.eu\/hu\/"},{"@type":"ListItem","position":2,"name":"Shop","item":"https:\/\/www.pressta-eisele.eu\/hu\/shop\/"},{"@type":"ListItem","position":3,"name":"FBS-1S-M &#8211; Poloautomatick\u00fd kovac\u00ed st\u00f4l kr\u00eddel"}]},{"@type":"WebSite","@id":"https:\/\/www.pressta-eisele.eu\/hu\/#website","url":"https:\/\/www.pressta-eisele.eu\/hu\/","name":"Pressta Eisele \u010cS","description":"Vitajte vo svete produktivity","publisher":{"@id":"https:\/\/www.pressta-eisele.eu\/hu\/#organization"},"potentialAction":[{"@type":"SearchAction","target":{"@type":"EntryPoint","urlTemplate":"https:\/\/www.pressta-eisele.eu\/hu\/?s={search_term_string}"},"query-input":{"@type":"PropertyValueSpecification","valueRequired":true,"valueName":"search_term_string"}}],"inLanguage":"hu"},{"@type":"Organization","@id":"https:\/\/www.pressta-eisele.eu\/hu\/#organization","name":"Pressta Eisele \u010cS","url":"https:\/\/www.pressta-eisele.eu\/hu\/","logo":{"@type":"ImageObject","inLanguage":"hu","@id":"https:\/\/www.pressta-eisele.eu\/hu\/#\/schema\/logo\/image\/","url":"https:\/\/www.pressta-eisele.eu\/wp-content\/uploads\/2020\/11\/pressta-logo-01v.svg","contentUrl":"https:\/\/www.pressta-eisele.eu\/wp-content\/uploads\/2020\/11\/pressta-logo-01v.svg","caption":"Pressta Eisele \u010cS"},"image":{"@id":"https:\/\/www.pressta-eisele.eu\/hu\/#\/schema\/logo\/image\/"}}]}},"jetpack_sharing_enabled":true,"_links":{"self":[{"href":"https:\/\/www.pressta-eisele.eu\/hu\/wp-json\/wp\/v2\/product\/1371","targetHints":{"allow":["GET"]}}],"collection":[{"href":"https:\/\/www.pressta-eisele.eu\/hu\/wp-json\/wp\/v2\/product"}],"about":[{"href":"https:\/\/www.pressta-eisele.eu\/hu\/wp-json\/wp\/v2\/types\/product"}],"replies":[{"embeddable":true,"href":"https:\/\/www.pressta-eisele.eu\/hu\/wp-json\/wp\/v2\/comments?post=1371"}],"wp:featuredmedia":[{"embeddable":true,"href":"https:\/\/www.pressta-eisele.eu\/hu\/wp-json\/wp\/v2\/media\/1372"}],"wp:attachment":[{"href":"https:\/\/www.pressta-eisele.eu\/hu\/wp-json\/wp\/v2\/media?parent=1371"}],"wp:term":[{"taxonomy":"product_brand","embeddable":true,"href":"https:\/\/www.pressta-eisele.eu\/hu\/wp-json\/wp\/v2\/product_brand?post=1371"},{"taxonomy":"product_cat","embeddable":true,"href":"https:\/\/www.pressta-eisele.eu\/hu\/wp-json\/wp\/v2\/product_cat?post=1371"},{"taxonomy":"product_tag","embeddable":true,"href":"https:\/\/www.pressta-eisele.eu\/hu\/wp-json\/wp\/v2\/product_tag?post=1371"}],"curies":[{"name":"wp","href":"https:\/\/api.w.org\/{rel}","templated":true}]}}