{"id":1326,"date":"2021-01-31T19:43:10","date_gmt":"2021-01-31T18:43:10","guid":{"rendered":"https:\/\/www.pressta-eisele.eu\/produkt\/elan-tf-m-hst-stol-sklopny-roztahovaci-pre-hst\/"},"modified":"2021-01-31T21:34:56","modified_gmt":"2021-01-31T20:34:56","slug":"elan-tf-m-hst-stol-sklopny-roztahovaci-pre-hst","status":"publish","type":"product","link":"https:\/\/www.pressta-eisele.eu\/hu\/produkt\/elan-tf-m-hst-stol-sklopny-roztahovaci-pre-hst\/","title":{"rendered":"ELAN TF M-HST &#8211; St\u00f4l sklopn\u00fd, roz\u0165ahovac\u00ed pre HST"},"content":{"rendered":"","protected":false},"excerpt":{"rendered":"<ul>\n<li>pre mont\u00e1\u017e HST komponentov<\/li>\n<li>zlo\u017een\u00fd z\u00a0troch elementov, stredn\u00fd je pevn\u00fd, bo\u010dn\u00e9 s\u00fa pos\u00favate\u013en\u00e9 do str\u00e1n<\/li>\n<li>ka\u017ed\u00e1 element m\u00e1 samostatne roz\u0165ahovacie zadn\u00e9 ro\u0161ty<\/li>\n<li>pneumatick\u00e9 nakl\u00e1panie 0\u00b0- 90\u00b0<\/li>\n<li>pneumatick\u00e9 up\u00edna\u010de na bo\u010dn\u00fdch elementoch pre prekl\u00e1panie do zvislej polohy<\/li>\n<li>predn\u00e9 v\u00fdsuvn\u00e9 nosi\u010de v\u00a0mo\u017en\u00fdch prevedeniach ako pevn\u00e9, manu\u00e1lne sklopn\u00e9 alebo pevn\u00e9 s\u00a0val\u010dekovou dr\u00e1hou<\/li>\n<li>povrch stola filcov\u00fd \u2013 lepen\u00fd alebo plastov\u00fd vymenite\u013en\u00fd<\/li>\n<li>mo\u017enos\u0165 dod\u00e1vky s\u00a0voz\u00edkmi a\u00a0prepravn\u00fdmi stojanmi pre HST komponenty<\/li>\n<li>d\u013a\u017eka stola 4000 \u2013 10000 mm<\/li>\n<li>\u0161\u00edrka stola 2140 \u2013 3210 mm<\/li>\n<li>v\u00fd\u0161ka v\u00a0horizont\u00e1lnej polohe 850 \u2013 1000 mm<\/li>\n<li>v\u00fd\u0161ka vo vertik\u00e1lnej polohe 2150 \u2013 3250 mm<\/li>\n<\/ul>\n","protected":false},"featured_media":1327,"comment_status":"closed","ping_status":"open","template":"","meta":{"_monsterinsights_skip_tracking":false,"_monsterinsights_sitenote_active":false,"_monsterinsights_sitenote_note":"","_monsterinsights_sitenote_category":0},"product_brand":[],"product_cat":[37],"product_tag":[],"class_list":{"0":"post-1326","1":"product","2":"type-product","3":"status-publish","4":"has-post-thumbnail","6":"product_cat-montazne-stoly-kovacie-zariadenia-a-automaty","8":"first","9":"instock","10":"product-type-simple"},"yoast_head":"<!-- This site is optimized with the Yoast SEO plugin v27.4 - https:\/\/yoast.com\/product\/yoast-seo-wordpress\/ -->\n<title>ELAN TF M-HST - St\u00f4l sklopn\u00fd, roz\u0165ahovac\u00ed pre HST - Pressta Eisele \u010cS<\/title>\n<meta name=\"robots\" content=\"index, follow, max-snippet:-1, max-image-preview:large, max-video-preview:-1\" \/>\n<link rel=\"canonical\" href=\"https:\/\/www.pressta-eisele.eu\/hu\/produkt\/elan-tf-m-hst-stol-sklopny-roztahovaci-pre-hst\/\" \/>\n<meta property=\"og:locale\" content=\"hu_HU\" \/>\n<meta property=\"og:type\" content=\"article\" \/>\n<meta property=\"og:title\" content=\"ELAN TF M-HST - St\u00f4l sklopn\u00fd, roz\u0165ahovac\u00ed pre HST - Pressta Eisele \u010cS\" \/>\n<meta property=\"og:description\" content=\"pre mont\u00e1\u017e HST komponentov zlo\u017een\u00fd z\u00a0troch elementov, stredn\u00fd je pevn\u00fd, bo\u010dn\u00e9 s\u00fa pos\u00favate\u013en\u00e9 do str\u00e1n ka\u017ed\u00e1 element m\u00e1 samostatne roz\u0165ahovacie zadn\u00e9 ro\u0161ty pneumatick\u00e9 nakl\u00e1panie 0\u00b0- 90\u00b0 pneumatick\u00e9 up\u00edna\u010de na bo\u010dn\u00fdch elementoch pre prekl\u00e1panie do zvislej polohy predn\u00e9 v\u00fdsuvn\u00e9 nosi\u010de v\u00a0mo\u017en\u00fdch prevedeniach ako pevn\u00e9, manu\u00e1lne sklopn\u00e9 alebo pevn\u00e9 s\u00a0val\u010dekovou dr\u00e1hou povrch stola filcov\u00fd \u2013 lepen\u00fd alebo plastov\u00fd vymenite\u013en\u00fd mo\u017enos\u0165 dod\u00e1vky s\u00a0voz\u00edkmi a\u00a0prepravn\u00fdmi stojanmi pre HST komponenty d\u013a\u017eka stola 4000 \u2013 10000 mm \u0161\u00edrka stola 2140 \u2013 3210 mm v\u00fd\u0161ka v\u00a0horizont\u00e1lnej polohe 850 \u2013 1000 mm v\u00fd\u0161ka vo vertik\u00e1lnej polohe 2150 \u2013 3250 mm\" \/>\n<meta property=\"og:url\" content=\"https:\/\/www.pressta-eisele.eu\/hu\/produkt\/elan-tf-m-hst-stol-sklopny-roztahovaci-pre-hst\/\" \/>\n<meta property=\"og:site_name\" content=\"Pressta Eisele \u010cS\" \/>\n<meta property=\"article:modified_time\" content=\"2021-01-31T20:34:56+00:00\" \/>\n<meta property=\"og:image\" content=\"https:\/\/www.pressta-eisele.eu\/wp-content\/uploads\/2021\/01\/291.jpg\" \/>\n\t<meta property=\"og:image:width\" content=\"570\" \/>\n\t<meta property=\"og:image:height\" content=\"369\" \/>\n\t<meta property=\"og:image:type\" content=\"image\/jpeg\" \/>\n<meta name=\"twitter:card\" content=\"summary_large_image\" \/>\n<script type=\"application\/ld+json\" class=\"yoast-schema-graph\">{\"@context\":\"https:\\\/\\\/schema.org\",\"@graph\":[{\"@type\":\"WebPage\",\"@id\":\"https:\\\/\\\/www.pressta-eisele.eu\\\/hu\\\/produkt\\\/elan-tf-m-hst-stol-sklopny-roztahovaci-pre-hst\\\/\",\"url\":\"https:\\\/\\\/www.pressta-eisele.eu\\\/hu\\\/produkt\\\/elan-tf-m-hst-stol-sklopny-roztahovaci-pre-hst\\\/\",\"name\":\"ELAN TF M-HST - St\u00f4l sklopn\u00fd, roz\u0165ahovac\u00ed pre HST - Pressta Eisele \u010cS\",\"isPartOf\":{\"@id\":\"https:\\\/\\\/www.pressta-eisele.eu\\\/hu\\\/#website\"},\"primaryImageOfPage\":{\"@id\":\"https:\\\/\\\/www.pressta-eisele.eu\\\/hu\\\/produkt\\\/elan-tf-m-hst-stol-sklopny-roztahovaci-pre-hst\\\/#primaryimage\"},\"image\":{\"@id\":\"https:\\\/\\\/www.pressta-eisele.eu\\\/hu\\\/produkt\\\/elan-tf-m-hst-stol-sklopny-roztahovaci-pre-hst\\\/#primaryimage\"},\"thumbnailUrl\":\"https:\\\/\\\/www.pressta-eisele.eu\\\/wp-content\\\/uploads\\\/2021\\\/01\\\/291.jpg\",\"datePublished\":\"2021-01-31T18:43:10+00:00\",\"dateModified\":\"2021-01-31T20:34:56+00:00\",\"breadcrumb\":{\"@id\":\"https:\\\/\\\/www.pressta-eisele.eu\\\/hu\\\/produkt\\\/elan-tf-m-hst-stol-sklopny-roztahovaci-pre-hst\\\/#breadcrumb\"},\"inLanguage\":\"hu\",\"potentialAction\":[{\"@type\":\"ReadAction\",\"target\":[\"https:\\\/\\\/www.pressta-eisele.eu\\\/hu\\\/produkt\\\/elan-tf-m-hst-stol-sklopny-roztahovaci-pre-hst\\\/\"]}]},{\"@type\":\"ImageObject\",\"inLanguage\":\"hu\",\"@id\":\"https:\\\/\\\/www.pressta-eisele.eu\\\/hu\\\/produkt\\\/elan-tf-m-hst-stol-sklopny-roztahovaci-pre-hst\\\/#primaryimage\",\"url\":\"https:\\\/\\\/www.pressta-eisele.eu\\\/wp-content\\\/uploads\\\/2021\\\/01\\\/291.jpg\",\"contentUrl\":\"https:\\\/\\\/www.pressta-eisele.eu\\\/wp-content\\\/uploads\\\/2021\\\/01\\\/291.jpg\",\"width\":570,\"height\":369,\"caption\":\"ELAN TF M-HST - St\u00f4l sklopn\u00fd\"},{\"@type\":\"BreadcrumbList\",\"@id\":\"https:\\\/\\\/www.pressta-eisele.eu\\\/hu\\\/produkt\\\/elan-tf-m-hst-stol-sklopny-roztahovaci-pre-hst\\\/#breadcrumb\",\"itemListElement\":[{\"@type\":\"ListItem\",\"position\":1,\"name\":\"Home\",\"item\":\"https:\\\/\\\/www.pressta-eisele.eu\\\/hu\\\/\"},{\"@type\":\"ListItem\",\"position\":2,\"name\":\"Shop\",\"item\":\"https:\\\/\\\/www.pressta-eisele.eu\\\/hu\\\/shop\\\/\"},{\"@type\":\"ListItem\",\"position\":3,\"name\":\"ELAN TF M-HST &#8211; St\u00f4l sklopn\u00fd, roz\u0165ahovac\u00ed pre HST\"}]},{\"@type\":\"WebSite\",\"@id\":\"https:\\\/\\\/www.pressta-eisele.eu\\\/hu\\\/#website\",\"url\":\"https:\\\/\\\/www.pressta-eisele.eu\\\/hu\\\/\",\"name\":\"Pressta Eisele \u010cS\",\"description\":\"Vitajte vo svete produktivity\",\"publisher\":{\"@id\":\"https:\\\/\\\/www.pressta-eisele.eu\\\/hu\\\/#organization\"},\"potentialAction\":[{\"@type\":\"SearchAction\",\"target\":{\"@type\":\"EntryPoint\",\"urlTemplate\":\"https:\\\/\\\/www.pressta-eisele.eu\\\/hu\\\/?s={search_term_string}\"},\"query-input\":{\"@type\":\"PropertyValueSpecification\",\"valueRequired\":true,\"valueName\":\"search_term_string\"}}],\"inLanguage\":\"hu\"},{\"@type\":\"Organization\",\"@id\":\"https:\\\/\\\/www.pressta-eisele.eu\\\/hu\\\/#organization\",\"name\":\"Pressta Eisele \u010cS\",\"url\":\"https:\\\/\\\/www.pressta-eisele.eu\\\/hu\\\/\",\"logo\":{\"@type\":\"ImageObject\",\"inLanguage\":\"hu\",\"@id\":\"https:\\\/\\\/www.pressta-eisele.eu\\\/hu\\\/#\\\/schema\\\/logo\\\/image\\\/\",\"url\":\"https:\\\/\\\/www.pressta-eisele.eu\\\/wp-content\\\/uploads\\\/2020\\\/11\\\/pressta-logo-01v.svg\",\"contentUrl\":\"https:\\\/\\\/www.pressta-eisele.eu\\\/wp-content\\\/uploads\\\/2020\\\/11\\\/pressta-logo-01v.svg\",\"caption\":\"Pressta Eisele \u010cS\"},\"image\":{\"@id\":\"https:\\\/\\\/www.pressta-eisele.eu\\\/hu\\\/#\\\/schema\\\/logo\\\/image\\\/\"}}]}<\/script>\n<!-- \/ Yoast SEO plugin. -->","yoast_head_json":{"title":"ELAN TF M-HST - St\u00f4l sklopn\u00fd, roz\u0165ahovac\u00ed pre HST - Pressta Eisele \u010cS","robots":{"index":"index","follow":"follow","max-snippet":"max-snippet:-1","max-image-preview":"max-image-preview:large","max-video-preview":"max-video-preview:-1"},"canonical":"https:\/\/www.pressta-eisele.eu\/hu\/produkt\/elan-tf-m-hst-stol-sklopny-roztahovaci-pre-hst\/","og_locale":"hu_HU","og_type":"article","og_title":"ELAN TF M-HST - St\u00f4l sklopn\u00fd, roz\u0165ahovac\u00ed pre HST - Pressta Eisele \u010cS","og_description":"pre mont\u00e1\u017e HST komponentov zlo\u017een\u00fd z\u00a0troch elementov, stredn\u00fd je pevn\u00fd, bo\u010dn\u00e9 s\u00fa pos\u00favate\u013en\u00e9 do str\u00e1n ka\u017ed\u00e1 element m\u00e1 samostatne roz\u0165ahovacie zadn\u00e9 ro\u0161ty pneumatick\u00e9 nakl\u00e1panie 0\u00b0- 90\u00b0 pneumatick\u00e9 up\u00edna\u010de na bo\u010dn\u00fdch elementoch pre prekl\u00e1panie do zvislej polohy predn\u00e9 v\u00fdsuvn\u00e9 nosi\u010de v\u00a0mo\u017en\u00fdch prevedeniach ako pevn\u00e9, manu\u00e1lne sklopn\u00e9 alebo pevn\u00e9 s\u00a0val\u010dekovou dr\u00e1hou povrch stola filcov\u00fd \u2013 lepen\u00fd alebo plastov\u00fd vymenite\u013en\u00fd mo\u017enos\u0165 dod\u00e1vky s\u00a0voz\u00edkmi a\u00a0prepravn\u00fdmi stojanmi pre HST komponenty d\u013a\u017eka stola 4000 \u2013 10000 mm \u0161\u00edrka stola 2140 \u2013 3210 mm v\u00fd\u0161ka v\u00a0horizont\u00e1lnej polohe 850 \u2013 1000 mm v\u00fd\u0161ka vo vertik\u00e1lnej polohe 2150 \u2013 3250 mm","og_url":"https:\/\/www.pressta-eisele.eu\/hu\/produkt\/elan-tf-m-hst-stol-sklopny-roztahovaci-pre-hst\/","og_site_name":"Pressta Eisele \u010cS","article_modified_time":"2021-01-31T20:34:56+00:00","og_image":[{"width":570,"height":369,"url":"https:\/\/www.pressta-eisele.eu\/wp-content\/uploads\/2021\/01\/291.jpg","type":"image\/jpeg"}],"twitter_card":"summary_large_image","schema":{"@context":"https:\/\/schema.org","@graph":[{"@type":"WebPage","@id":"https:\/\/www.pressta-eisele.eu\/hu\/produkt\/elan-tf-m-hst-stol-sklopny-roztahovaci-pre-hst\/","url":"https:\/\/www.pressta-eisele.eu\/hu\/produkt\/elan-tf-m-hst-stol-sklopny-roztahovaci-pre-hst\/","name":"ELAN TF M-HST - St\u00f4l sklopn\u00fd, roz\u0165ahovac\u00ed pre HST - Pressta Eisele \u010cS","isPartOf":{"@id":"https:\/\/www.pressta-eisele.eu\/hu\/#website"},"primaryImageOfPage":{"@id":"https:\/\/www.pressta-eisele.eu\/hu\/produkt\/elan-tf-m-hst-stol-sklopny-roztahovaci-pre-hst\/#primaryimage"},"image":{"@id":"https:\/\/www.pressta-eisele.eu\/hu\/produkt\/elan-tf-m-hst-stol-sklopny-roztahovaci-pre-hst\/#primaryimage"},"thumbnailUrl":"https:\/\/www.pressta-eisele.eu\/wp-content\/uploads\/2021\/01\/291.jpg","datePublished":"2021-01-31T18:43:10+00:00","dateModified":"2021-01-31T20:34:56+00:00","breadcrumb":{"@id":"https:\/\/www.pressta-eisele.eu\/hu\/produkt\/elan-tf-m-hst-stol-sklopny-roztahovaci-pre-hst\/#breadcrumb"},"inLanguage":"hu","potentialAction":[{"@type":"ReadAction","target":["https:\/\/www.pressta-eisele.eu\/hu\/produkt\/elan-tf-m-hst-stol-sklopny-roztahovaci-pre-hst\/"]}]},{"@type":"ImageObject","inLanguage":"hu","@id":"https:\/\/www.pressta-eisele.eu\/hu\/produkt\/elan-tf-m-hst-stol-sklopny-roztahovaci-pre-hst\/#primaryimage","url":"https:\/\/www.pressta-eisele.eu\/wp-content\/uploads\/2021\/01\/291.jpg","contentUrl":"https:\/\/www.pressta-eisele.eu\/wp-content\/uploads\/2021\/01\/291.jpg","width":570,"height":369,"caption":"ELAN TF M-HST - St\u00f4l sklopn\u00fd"},{"@type":"BreadcrumbList","@id":"https:\/\/www.pressta-eisele.eu\/hu\/produkt\/elan-tf-m-hst-stol-sklopny-roztahovaci-pre-hst\/#breadcrumb","itemListElement":[{"@type":"ListItem","position":1,"name":"Home","item":"https:\/\/www.pressta-eisele.eu\/hu\/"},{"@type":"ListItem","position":2,"name":"Shop","item":"https:\/\/www.pressta-eisele.eu\/hu\/shop\/"},{"@type":"ListItem","position":3,"name":"ELAN TF M-HST &#8211; St\u00f4l sklopn\u00fd, roz\u0165ahovac\u00ed pre HST"}]},{"@type":"WebSite","@id":"https:\/\/www.pressta-eisele.eu\/hu\/#website","url":"https:\/\/www.pressta-eisele.eu\/hu\/","name":"Pressta Eisele \u010cS","description":"Vitajte vo svete produktivity","publisher":{"@id":"https:\/\/www.pressta-eisele.eu\/hu\/#organization"},"potentialAction":[{"@type":"SearchAction","target":{"@type":"EntryPoint","urlTemplate":"https:\/\/www.pressta-eisele.eu\/hu\/?s={search_term_string}"},"query-input":{"@type":"PropertyValueSpecification","valueRequired":true,"valueName":"search_term_string"}}],"inLanguage":"hu"},{"@type":"Organization","@id":"https:\/\/www.pressta-eisele.eu\/hu\/#organization","name":"Pressta Eisele \u010cS","url":"https:\/\/www.pressta-eisele.eu\/hu\/","logo":{"@type":"ImageObject","inLanguage":"hu","@id":"https:\/\/www.pressta-eisele.eu\/hu\/#\/schema\/logo\/image\/","url":"https:\/\/www.pressta-eisele.eu\/wp-content\/uploads\/2020\/11\/pressta-logo-01v.svg","contentUrl":"https:\/\/www.pressta-eisele.eu\/wp-content\/uploads\/2020\/11\/pressta-logo-01v.svg","caption":"Pressta Eisele \u010cS"},"image":{"@id":"https:\/\/www.pressta-eisele.eu\/hu\/#\/schema\/logo\/image\/"}}]}},"jetpack_sharing_enabled":true,"_links":{"self":[{"href":"https:\/\/www.pressta-eisele.eu\/hu\/wp-json\/wp\/v2\/product\/1326","targetHints":{"allow":["GET"]}}],"collection":[{"href":"https:\/\/www.pressta-eisele.eu\/hu\/wp-json\/wp\/v2\/product"}],"about":[{"href":"https:\/\/www.pressta-eisele.eu\/hu\/wp-json\/wp\/v2\/types\/product"}],"replies":[{"embeddable":true,"href":"https:\/\/www.pressta-eisele.eu\/hu\/wp-json\/wp\/v2\/comments?post=1326"}],"wp:featuredmedia":[{"embeddable":true,"href":"https:\/\/www.pressta-eisele.eu\/hu\/wp-json\/wp\/v2\/media\/1327"}],"wp:attachment":[{"href":"https:\/\/www.pressta-eisele.eu\/hu\/wp-json\/wp\/v2\/media?parent=1326"}],"wp:term":[{"taxonomy":"product_brand","embeddable":true,"href":"https:\/\/www.pressta-eisele.eu\/hu\/wp-json\/wp\/v2\/product_brand?post=1326"},{"taxonomy":"product_cat","embeddable":true,"href":"https:\/\/www.pressta-eisele.eu\/hu\/wp-json\/wp\/v2\/product_cat?post=1326"},{"taxonomy":"product_tag","embeddable":true,"href":"https:\/\/www.pressta-eisele.eu\/hu\/wp-json\/wp\/v2\/product_tag?post=1326"}],"curies":[{"name":"wp","href":"https:\/\/api.w.org\/{rel}","templated":true}]}}