{"id":1321,"date":"2021-01-31T19:43:10","date_gmt":"2021-01-31T18:43:10","guid":{"rendered":"https:\/\/www.pressta-eisele.eu\/produkt\/vm-280-4-360-t-el-vakuovy-uchopovac\/"},"modified":"2021-01-31T22:13:35","modified_gmt":"2021-01-31T21:13:35","slug":"vm-280-4-360-t-el-vakuovy-uchopovac","status":"publish","type":"product","link":"https:\/\/www.pressta-eisele.eu\/hu\/produkt\/vm-280-4-360-t-el-vakuovy-uchopovac\/","title":{"rendered":"VM 280\/4 &#8211; 360\u00b0\/T\/EL &#8211; V\u00e1kuov\u00fd uchopova\u010d"},"content":{"rendered":"","protected":false},"excerpt":{"rendered":"<ul>\n<li>hlavn\u00e1 nosn\u00e1 oce\u013eov\u00e1 kon\u0161trukcia s viacpolohov\u00fdm z\u00e1vesom<\/li>\n<li>ru\u010dne oto\u010dn\u00e1 pr\u00edsavka o max. uhol 360\u00b0<\/li>\n<li>\u0161tyri pr\u00edsavky s priemerom 300 mm<\/li>\n<li>ru\u010dne teleskopicky prestavite\u013en\u00e9 pr\u00edsavky s aret\u00e1ciou<\/li>\n<li>v\u00e1kuov\u00e1 pumpa \u2013 prevedenie (400V trojf\u00e1zov\u00e1 s\u00fastava)<\/li>\n<li>v\u00e1kuov\u00fd z\u00e1sobn\u00edk zais\u0165uje bezpe\u010dn\u00e9 zdvihnutie bremena aj v pr\u00edpade neo\u010dak\u00e1van\u00e9ho v\u00fdpadku elektrick\u00e9ho nap\u00e1jania v\u00fdvevy<\/li>\n<li>PRISA\u0164 \/ ODSA\u0164 bremeno cez ru\u010dn\u00fd ventil vhodne umiestnen\u00fd na ovl\u00e1dacej rukov\u00e4ti VM<\/li>\n<li>dvoj\u010dinn\u00e9 ovl\u00e1danie na odsatie bremena mechanick\u00e9 cez ru\u010dn\u00fd ventil (elektromagnetick\u00e9 \u2013 cez \u0161pir\u00e1lov\u00fd tla\u010didlov\u00fd ovl\u00e1da\u010d &#8211; za pr\u00edplatok)<\/li>\n<li>OT\u00c1\u010cANIE bremena o 0\u00b0 \/ 360\u00b0 &#8211; ru\u010dne<\/li>\n<li>\u0161pir\u00e1lov\u00fd k\u00e1bel na pripojenie manipul\u00e1tora do 3 metrov<\/li>\n<li>r\u00fdchlo-up\u00ednac\u00ed syst\u00e9m el. pripojenia cez konektor<\/li>\n<li><span>nosnos\u0165 280 kg (pri podtlaku \u20130.6 bar (-60 kPa))<\/span><\/li>\n<\/ul>\n","protected":false},"featured_media":1322,"comment_status":"closed","ping_status":"open","template":"","meta":{"_monsterinsights_skip_tracking":false,"_monsterinsights_sitenote_active":false,"_monsterinsights_sitenote_note":"","_monsterinsights_sitenote_category":0},"product_brand":[],"product_cat":[35],"product_tag":[],"class_list":{"0":"post-1321","1":"product","2":"type-product","3":"status-publish","4":"has-post-thumbnail","6":"product_cat-specialne-zariadenia-stroje-pre-pvc","8":"first","9":"instock","10":"product-type-simple"},"yoast_head":"<!-- This site is optimized with the Yoast SEO plugin v27.4 - https:\/\/yoast.com\/product\/yoast-seo-wordpress\/ -->\n<title>VM 280\/4 - 360\u00b0\/T\/EL - V\u00e1kuov\u00fd uchopova\u010d - Pressta Eisele \u010cS<\/title>\n<meta name=\"robots\" content=\"index, follow, max-snippet:-1, max-image-preview:large, max-video-preview:-1\" \/>\n<link rel=\"canonical\" href=\"https:\/\/www.pressta-eisele.eu\/hu\/produkt\/vm-280-4-360-t-el-vakuovy-uchopovac\/\" \/>\n<meta property=\"og:locale\" content=\"hu_HU\" \/>\n<meta property=\"og:type\" content=\"article\" \/>\n<meta property=\"og:title\" content=\"VM 280\/4 - 360\u00b0\/T\/EL - V\u00e1kuov\u00fd uchopova\u010d - Pressta Eisele \u010cS\" \/>\n<meta property=\"og:description\" content=\"hlavn\u00e1 nosn\u00e1 oce\u013eov\u00e1 kon\u0161trukcia s viacpolohov\u00fdm z\u00e1vesom ru\u010dne oto\u010dn\u00e1 pr\u00edsavka o max. uhol 360\u00b0 \u0161tyri pr\u00edsavky s priemerom 300 mm ru\u010dne teleskopicky prestavite\u013en\u00e9 pr\u00edsavky s aret\u00e1ciou v\u00e1kuov\u00e1 pumpa \u2013 prevedenie (400V trojf\u00e1zov\u00e1 s\u00fastava) v\u00e1kuov\u00fd z\u00e1sobn\u00edk zais\u0165uje bezpe\u010dn\u00e9 zdvihnutie bremena aj v pr\u00edpade neo\u010dak\u00e1van\u00e9ho v\u00fdpadku elektrick\u00e9ho nap\u00e1jania v\u00fdvevy PRISA\u0164 \/ ODSA\u0164 bremeno cez ru\u010dn\u00fd ventil vhodne umiestnen\u00fd na ovl\u00e1dacej rukov\u00e4ti VM dvoj\u010dinn\u00e9 ovl\u00e1danie na odsatie bremena mechanick\u00e9 cez ru\u010dn\u00fd ventil (elektromagnetick\u00e9 \u2013 cez \u0161pir\u00e1lov\u00fd tla\u010didlov\u00fd ovl\u00e1da\u010d - za pr\u00edplatok) OT\u00c1\u010cANIE bremena o 0\u00b0 \/ 360\u00b0 - ru\u010dne \u0161pir\u00e1lov\u00fd k\u00e1bel na pripojenie manipul\u00e1tora do 3 metrov r\u00fdchlo-up\u00ednac\u00ed syst\u00e9m el. pripojenia cez konektor nosnos\u0165 280 kg (pri podtlaku \u20130.6 bar (-60 kPa))\" \/>\n<meta property=\"og:url\" content=\"https:\/\/www.pressta-eisele.eu\/hu\/produkt\/vm-280-4-360-t-el-vakuovy-uchopovac\/\" \/>\n<meta property=\"og:site_name\" content=\"Pressta Eisele \u010cS\" \/>\n<meta property=\"article:modified_time\" content=\"2021-01-31T21:13:35+00:00\" \/>\n<meta property=\"og:image\" content=\"https:\/\/www.pressta-eisele.eu\/wp-content\/uploads\/2021\/01\/290.jpg\" \/>\n\t<meta property=\"og:image:width\" content=\"536\" \/>\n\t<meta property=\"og:image:height\" content=\"520\" \/>\n\t<meta property=\"og:image:type\" content=\"image\/jpeg\" \/>\n<meta name=\"twitter:card\" content=\"summary_large_image\" \/>\n<script type=\"application\/ld+json\" class=\"yoast-schema-graph\">{\"@context\":\"https:\\\/\\\/schema.org\",\"@graph\":[{\"@type\":\"WebPage\",\"@id\":\"https:\\\/\\\/www.pressta-eisele.eu\\\/hu\\\/produkt\\\/vm-280-4-360-t-el-vakuovy-uchopovac\\\/\",\"url\":\"https:\\\/\\\/www.pressta-eisele.eu\\\/hu\\\/produkt\\\/vm-280-4-360-t-el-vakuovy-uchopovac\\\/\",\"name\":\"VM 280\\\/4 - 360\u00b0\\\/T\\\/EL - V\u00e1kuov\u00fd uchopova\u010d - Pressta Eisele \u010cS\",\"isPartOf\":{\"@id\":\"https:\\\/\\\/www.pressta-eisele.eu\\\/hu\\\/#website\"},\"primaryImageOfPage\":{\"@id\":\"https:\\\/\\\/www.pressta-eisele.eu\\\/hu\\\/produkt\\\/vm-280-4-360-t-el-vakuovy-uchopovac\\\/#primaryimage\"},\"image\":{\"@id\":\"https:\\\/\\\/www.pressta-eisele.eu\\\/hu\\\/produkt\\\/vm-280-4-360-t-el-vakuovy-uchopovac\\\/#primaryimage\"},\"thumbnailUrl\":\"https:\\\/\\\/www.pressta-eisele.eu\\\/wp-content\\\/uploads\\\/2021\\\/01\\\/290.jpg\",\"datePublished\":\"2021-01-31T18:43:10+00:00\",\"dateModified\":\"2021-01-31T21:13:35+00:00\",\"breadcrumb\":{\"@id\":\"https:\\\/\\\/www.pressta-eisele.eu\\\/hu\\\/produkt\\\/vm-280-4-360-t-el-vakuovy-uchopovac\\\/#breadcrumb\"},\"inLanguage\":\"hu\",\"potentialAction\":[{\"@type\":\"ReadAction\",\"target\":[\"https:\\\/\\\/www.pressta-eisele.eu\\\/hu\\\/produkt\\\/vm-280-4-360-t-el-vakuovy-uchopovac\\\/\"]}]},{\"@type\":\"ImageObject\",\"inLanguage\":\"hu\",\"@id\":\"https:\\\/\\\/www.pressta-eisele.eu\\\/hu\\\/produkt\\\/vm-280-4-360-t-el-vakuovy-uchopovac\\\/#primaryimage\",\"url\":\"https:\\\/\\\/www.pressta-eisele.eu\\\/wp-content\\\/uploads\\\/2021\\\/01\\\/290.jpg\",\"contentUrl\":\"https:\\\/\\\/www.pressta-eisele.eu\\\/wp-content\\\/uploads\\\/2021\\\/01\\\/290.jpg\",\"width\":536,\"height\":520,\"caption\":\"VM 280\\\/4 - 360\u00b0\\\/T\\\/EL - V\u00e1kuov\u00fd uchopova\u010d\"},{\"@type\":\"BreadcrumbList\",\"@id\":\"https:\\\/\\\/www.pressta-eisele.eu\\\/hu\\\/produkt\\\/vm-280-4-360-t-el-vakuovy-uchopovac\\\/#breadcrumb\",\"itemListElement\":[{\"@type\":\"ListItem\",\"position\":1,\"name\":\"Home\",\"item\":\"https:\\\/\\\/www.pressta-eisele.eu\\\/hu\\\/\"},{\"@type\":\"ListItem\",\"position\":2,\"name\":\"Shop\",\"item\":\"https:\\\/\\\/www.pressta-eisele.eu\\\/hu\\\/shop\\\/\"},{\"@type\":\"ListItem\",\"position\":3,\"name\":\"VM 280\\\/4 &#8211; 360\u00b0\\\/T\\\/EL &#8211; V\u00e1kuov\u00fd uchopova\u010d\"}]},{\"@type\":\"WebSite\",\"@id\":\"https:\\\/\\\/www.pressta-eisele.eu\\\/hu\\\/#website\",\"url\":\"https:\\\/\\\/www.pressta-eisele.eu\\\/hu\\\/\",\"name\":\"Pressta Eisele \u010cS\",\"description\":\"Vitajte vo svete produktivity\",\"publisher\":{\"@id\":\"https:\\\/\\\/www.pressta-eisele.eu\\\/hu\\\/#organization\"},\"potentialAction\":[{\"@type\":\"SearchAction\",\"target\":{\"@type\":\"EntryPoint\",\"urlTemplate\":\"https:\\\/\\\/www.pressta-eisele.eu\\\/hu\\\/?s={search_term_string}\"},\"query-input\":{\"@type\":\"PropertyValueSpecification\",\"valueRequired\":true,\"valueName\":\"search_term_string\"}}],\"inLanguage\":\"hu\"},{\"@type\":\"Organization\",\"@id\":\"https:\\\/\\\/www.pressta-eisele.eu\\\/hu\\\/#organization\",\"name\":\"Pressta Eisele \u010cS\",\"url\":\"https:\\\/\\\/www.pressta-eisele.eu\\\/hu\\\/\",\"logo\":{\"@type\":\"ImageObject\",\"inLanguage\":\"hu\",\"@id\":\"https:\\\/\\\/www.pressta-eisele.eu\\\/hu\\\/#\\\/schema\\\/logo\\\/image\\\/\",\"url\":\"https:\\\/\\\/www.pressta-eisele.eu\\\/wp-content\\\/uploads\\\/2020\\\/11\\\/pressta-logo-01v.svg\",\"contentUrl\":\"https:\\\/\\\/www.pressta-eisele.eu\\\/wp-content\\\/uploads\\\/2020\\\/11\\\/pressta-logo-01v.svg\",\"caption\":\"Pressta Eisele \u010cS\"},\"image\":{\"@id\":\"https:\\\/\\\/www.pressta-eisele.eu\\\/hu\\\/#\\\/schema\\\/logo\\\/image\\\/\"}}]}<\/script>\n<!-- \/ Yoast SEO plugin. -->","yoast_head_json":{"title":"VM 280\/4 - 360\u00b0\/T\/EL - V\u00e1kuov\u00fd uchopova\u010d - Pressta Eisele \u010cS","robots":{"index":"index","follow":"follow","max-snippet":"max-snippet:-1","max-image-preview":"max-image-preview:large","max-video-preview":"max-video-preview:-1"},"canonical":"https:\/\/www.pressta-eisele.eu\/hu\/produkt\/vm-280-4-360-t-el-vakuovy-uchopovac\/","og_locale":"hu_HU","og_type":"article","og_title":"VM 280\/4 - 360\u00b0\/T\/EL - V\u00e1kuov\u00fd uchopova\u010d - Pressta Eisele \u010cS","og_description":"hlavn\u00e1 nosn\u00e1 oce\u013eov\u00e1 kon\u0161trukcia s viacpolohov\u00fdm z\u00e1vesom ru\u010dne oto\u010dn\u00e1 pr\u00edsavka o max. uhol 360\u00b0 \u0161tyri pr\u00edsavky s priemerom 300 mm ru\u010dne teleskopicky prestavite\u013en\u00e9 pr\u00edsavky s aret\u00e1ciou v\u00e1kuov\u00e1 pumpa \u2013 prevedenie (400V trojf\u00e1zov\u00e1 s\u00fastava) v\u00e1kuov\u00fd z\u00e1sobn\u00edk zais\u0165uje bezpe\u010dn\u00e9 zdvihnutie bremena aj v pr\u00edpade neo\u010dak\u00e1van\u00e9ho v\u00fdpadku elektrick\u00e9ho nap\u00e1jania v\u00fdvevy PRISA\u0164 \/ ODSA\u0164 bremeno cez ru\u010dn\u00fd ventil vhodne umiestnen\u00fd na ovl\u00e1dacej rukov\u00e4ti VM dvoj\u010dinn\u00e9 ovl\u00e1danie na odsatie bremena mechanick\u00e9 cez ru\u010dn\u00fd ventil (elektromagnetick\u00e9 \u2013 cez \u0161pir\u00e1lov\u00fd tla\u010didlov\u00fd ovl\u00e1da\u010d - za pr\u00edplatok) OT\u00c1\u010cANIE bremena o 0\u00b0 \/ 360\u00b0 - ru\u010dne \u0161pir\u00e1lov\u00fd k\u00e1bel na pripojenie manipul\u00e1tora do 3 metrov r\u00fdchlo-up\u00ednac\u00ed syst\u00e9m el. pripojenia cez konektor nosnos\u0165 280 kg (pri podtlaku \u20130.6 bar (-60 kPa))","og_url":"https:\/\/www.pressta-eisele.eu\/hu\/produkt\/vm-280-4-360-t-el-vakuovy-uchopovac\/","og_site_name":"Pressta Eisele \u010cS","article_modified_time":"2021-01-31T21:13:35+00:00","og_image":[{"width":536,"height":520,"url":"https:\/\/www.pressta-eisele.eu\/wp-content\/uploads\/2021\/01\/290.jpg","type":"image\/jpeg"}],"twitter_card":"summary_large_image","schema":{"@context":"https:\/\/schema.org","@graph":[{"@type":"WebPage","@id":"https:\/\/www.pressta-eisele.eu\/hu\/produkt\/vm-280-4-360-t-el-vakuovy-uchopovac\/","url":"https:\/\/www.pressta-eisele.eu\/hu\/produkt\/vm-280-4-360-t-el-vakuovy-uchopovac\/","name":"VM 280\/4 - 360\u00b0\/T\/EL - V\u00e1kuov\u00fd uchopova\u010d - Pressta Eisele \u010cS","isPartOf":{"@id":"https:\/\/www.pressta-eisele.eu\/hu\/#website"},"primaryImageOfPage":{"@id":"https:\/\/www.pressta-eisele.eu\/hu\/produkt\/vm-280-4-360-t-el-vakuovy-uchopovac\/#primaryimage"},"image":{"@id":"https:\/\/www.pressta-eisele.eu\/hu\/produkt\/vm-280-4-360-t-el-vakuovy-uchopovac\/#primaryimage"},"thumbnailUrl":"https:\/\/www.pressta-eisele.eu\/wp-content\/uploads\/2021\/01\/290.jpg","datePublished":"2021-01-31T18:43:10+00:00","dateModified":"2021-01-31T21:13:35+00:00","breadcrumb":{"@id":"https:\/\/www.pressta-eisele.eu\/hu\/produkt\/vm-280-4-360-t-el-vakuovy-uchopovac\/#breadcrumb"},"inLanguage":"hu","potentialAction":[{"@type":"ReadAction","target":["https:\/\/www.pressta-eisele.eu\/hu\/produkt\/vm-280-4-360-t-el-vakuovy-uchopovac\/"]}]},{"@type":"ImageObject","inLanguage":"hu","@id":"https:\/\/www.pressta-eisele.eu\/hu\/produkt\/vm-280-4-360-t-el-vakuovy-uchopovac\/#primaryimage","url":"https:\/\/www.pressta-eisele.eu\/wp-content\/uploads\/2021\/01\/290.jpg","contentUrl":"https:\/\/www.pressta-eisele.eu\/wp-content\/uploads\/2021\/01\/290.jpg","width":536,"height":520,"caption":"VM 280\/4 - 360\u00b0\/T\/EL - V\u00e1kuov\u00fd uchopova\u010d"},{"@type":"BreadcrumbList","@id":"https:\/\/www.pressta-eisele.eu\/hu\/produkt\/vm-280-4-360-t-el-vakuovy-uchopovac\/#breadcrumb","itemListElement":[{"@type":"ListItem","position":1,"name":"Home","item":"https:\/\/www.pressta-eisele.eu\/hu\/"},{"@type":"ListItem","position":2,"name":"Shop","item":"https:\/\/www.pressta-eisele.eu\/hu\/shop\/"},{"@type":"ListItem","position":3,"name":"VM 280\/4 &#8211; 360\u00b0\/T\/EL &#8211; V\u00e1kuov\u00fd uchopova\u010d"}]},{"@type":"WebSite","@id":"https:\/\/www.pressta-eisele.eu\/hu\/#website","url":"https:\/\/www.pressta-eisele.eu\/hu\/","name":"Pressta Eisele \u010cS","description":"Vitajte vo svete produktivity","publisher":{"@id":"https:\/\/www.pressta-eisele.eu\/hu\/#organization"},"potentialAction":[{"@type":"SearchAction","target":{"@type":"EntryPoint","urlTemplate":"https:\/\/www.pressta-eisele.eu\/hu\/?s={search_term_string}"},"query-input":{"@type":"PropertyValueSpecification","valueRequired":true,"valueName":"search_term_string"}}],"inLanguage":"hu"},{"@type":"Organization","@id":"https:\/\/www.pressta-eisele.eu\/hu\/#organization","name":"Pressta Eisele \u010cS","url":"https:\/\/www.pressta-eisele.eu\/hu\/","logo":{"@type":"ImageObject","inLanguage":"hu","@id":"https:\/\/www.pressta-eisele.eu\/hu\/#\/schema\/logo\/image\/","url":"https:\/\/www.pressta-eisele.eu\/wp-content\/uploads\/2020\/11\/pressta-logo-01v.svg","contentUrl":"https:\/\/www.pressta-eisele.eu\/wp-content\/uploads\/2020\/11\/pressta-logo-01v.svg","caption":"Pressta Eisele \u010cS"},"image":{"@id":"https:\/\/www.pressta-eisele.eu\/hu\/#\/schema\/logo\/image\/"}}]}},"jetpack_sharing_enabled":true,"_links":{"self":[{"href":"https:\/\/www.pressta-eisele.eu\/hu\/wp-json\/wp\/v2\/product\/1321","targetHints":{"allow":["GET"]}}],"collection":[{"href":"https:\/\/www.pressta-eisele.eu\/hu\/wp-json\/wp\/v2\/product"}],"about":[{"href":"https:\/\/www.pressta-eisele.eu\/hu\/wp-json\/wp\/v2\/types\/product"}],"replies":[{"embeddable":true,"href":"https:\/\/www.pressta-eisele.eu\/hu\/wp-json\/wp\/v2\/comments?post=1321"}],"wp:featuredmedia":[{"embeddable":true,"href":"https:\/\/www.pressta-eisele.eu\/hu\/wp-json\/wp\/v2\/media\/1322"}],"wp:attachment":[{"href":"https:\/\/www.pressta-eisele.eu\/hu\/wp-json\/wp\/v2\/media?parent=1321"}],"wp:term":[{"taxonomy":"product_brand","embeddable":true,"href":"https:\/\/www.pressta-eisele.eu\/hu\/wp-json\/wp\/v2\/product_brand?post=1321"},{"taxonomy":"product_cat","embeddable":true,"href":"https:\/\/www.pressta-eisele.eu\/hu\/wp-json\/wp\/v2\/product_cat?post=1321"},{"taxonomy":"product_tag","embeddable":true,"href":"https:\/\/www.pressta-eisele.eu\/hu\/wp-json\/wp\/v2\/product_tag?post=1321"}],"curies":[{"name":"wp","href":"https:\/\/api.w.org\/{rel}","templated":true}]}}