{"id":1311,"date":"2021-01-31T19:43:10","date_gmt":"2021-01-31T18:43:10","guid":{"rendered":"https:\/\/www.pressta-eisele.eu\/produkt\/profilma-400v-automaticka-kotucova-pila\/"},"modified":"2021-02-02T15:43:30","modified_gmt":"2021-02-02T14:43:30","slug":"profilma-400v-automaticka-kotucova-pila","status":"publish","type":"product","link":"https:\/\/www.pressta-eisele.eu\/hu\/produkt\/profilma-400v-automaticka-kotucova-pila\/","title":{"rendered":"PROFILMA 400V &#8211; Automatick\u00e1 kot\u00fa\u010dov\u00e1 p\u00edla"},"content":{"rendered":"","protected":false},"excerpt":{"rendered":"<ul>\n<li>pohon 12kW, 400 V S6 60%, 50 Hz, 2850 ot.\/min.<\/li>\n<li>plynul\u00e1 regul\u00e1cia ot\u00e1\u010dok, rozsah ot\u00e1\u010dok 3.500 \u2013 4800 ot.\/min.<\/li>\n<li>pre pou\u017eitie pilov\u00e9ho kot\u00fa\u010da \u00d8400 mm<\/li>\n<li>\u0161\u00edrka profilu 200 mm, max.v\u00fd\u0161ka profilu 120 mm<\/li>\n<li>prierez profilu 20 x 10 mm (V x \u0160), men\u0161ie prierezy profilu na vy\u017eiadanie<\/li>\n<li>rezn\u00e1 d\u013a\u017eka od 10mm s \u0161tandardn\u00fdmi up\u00ednac\u00edmi \u010de\u013eus\u0165ami<\/li>\n<li>rezn\u00e1 d\u013a\u017eka od 3 mm s up\u00ednac\u00edmi \u010de\u013eus\u0165ami pre kr\u00e1tke rezy (opcia)<\/li>\n<li>zvy\u0161kov\u00fd kus od 85 mm pri jednotliv\u00fdch profiloch, pri zv\u00e4zkoch od 100 mm, v z\u00e1vislosti od profilu<\/li>\n<li>NC riadenie SIMATIC S7-300 s dotykovou obrazovkou 7\u201c<\/li>\n<li>reverzn\u00e9 zariadenie, 5 n\u00e1sobn\u00fd posuv, max.d\u013a\u017eka posuvu 3250 mm<\/li>\n<li>obojstrann\u00e9 roz\u0161\u00edrenie reznej \u0161trbiny od pilov\u00e9ho kot\u00fa\u010da<\/li>\n<li>horizont\u00e1lne a vertik\u00e1lne up\u00ednacie zariadenie na pr\u00edsuvnej a v\u00fdstupnej strane p\u00edlovej jednotky,<\/li>\n<li>vertik\u00e1lne up\u00ednacie zariadenie na v\u00fdstupnej strane pilovej jednotky pou\u017eite\u013en\u00e9 do v\u00fd\u0161ky profilu 90 mm<\/li>\n<\/ul>\n","protected":false},"featured_media":1312,"comment_status":"closed","ping_status":"closed","template":"","meta":{"_monsterinsights_skip_tracking":false,"_monsterinsights_sitenote_active":false,"_monsterinsights_sitenote_note":"","_monsterinsights_sitenote_category":0},"product_brand":[],"product_cat":[49],"product_tag":[],"class_list":{"0":"post-1311","1":"product","2":"type-product","3":"status-publish","4":"has-post-thumbnail","6":"product_cat-plnoautomaticke-pily-na-hlinik","8":"first","9":"instock","10":"product-type-simple"},"yoast_head":"<!-- This site is optimized with the Yoast SEO plugin v27.4 - https:\/\/yoast.com\/product\/yoast-seo-wordpress\/ -->\n<title>PROFILMA 400V - Automatick\u00e1 kot\u00fa\u010dov\u00e1 p\u00edla - Pressta Eisele \u010cS<\/title>\n<meta name=\"robots\" content=\"index, follow, max-snippet:-1, max-image-preview:large, max-video-preview:-1\" \/>\n<link rel=\"canonical\" href=\"https:\/\/www.pressta-eisele.eu\/hu\/produkt\/profilma-400v-automaticka-kotucova-pila\/\" \/>\n<meta property=\"og:locale\" content=\"hu_HU\" \/>\n<meta property=\"og:type\" content=\"article\" \/>\n<meta property=\"og:title\" content=\"PROFILMA 400V - Automatick\u00e1 kot\u00fa\u010dov\u00e1 p\u00edla - Pressta Eisele \u010cS\" \/>\n<meta property=\"og:description\" content=\"pohon 12kW, 400 V S6 60%, 50 Hz, 2850 ot.\/min.  plynul\u00e1 regul\u00e1cia ot\u00e1\u010dok, rozsah ot\u00e1\u010dok 3.500 \u2013 4800 ot.\/min.  pre pou\u017eitie pilov\u00e9ho kot\u00fa\u010da \u00d8400 mm  \u0161\u00edrka profilu 200 mm, max.v\u00fd\u0161ka profilu 120 mm  prierez profilu 20 x 10 mm (V x \u0160), men\u0161ie prierezy profilu na vy\u017eiadanie  rezn\u00e1 d\u013a\u017eka od 10mm s \u0161tandardn\u00fdmi up\u00ednac\u00edmi \u010de\u013eus\u0165ami  rezn\u00e1 d\u013a\u017eka od 3 mm s up\u00ednac\u00edmi \u010de\u013eus\u0165ami pre kr\u00e1tke rezy (opcia)  zvy\u0161kov\u00fd kus od 85 mm pri jednotliv\u00fdch profiloch, pri zv\u00e4zkoch od 100 mm, v z\u00e1vislosti od profilu  NC riadenie SIMATIC S7-300 s dotykovou obrazovkou 7\u201c  reverzn\u00e9 zariadenie, 5 n\u00e1sobn\u00fd posuv, max.d\u013a\u017eka posuvu 3250 mm  obojstrann\u00e9 roz\u0161\u00edrenie reznej \u0161trbiny od pilov\u00e9ho kot\u00fa\u010da  horizont\u00e1lne a vertik\u00e1lne up\u00ednacie zariadenie na pr\u00edsuvnej a v\u00fdstupnej strane p\u00edlovej jednotky,  vertik\u00e1lne up\u00ednacie zariadenie na v\u00fdstupnej strane pilovej jednotky pou\u017eite\u013en\u00e9 do v\u00fd\u0161ky profilu 90 mm\" \/>\n<meta property=\"og:url\" content=\"https:\/\/www.pressta-eisele.eu\/hu\/produkt\/profilma-400v-automaticka-kotucova-pila\/\" \/>\n<meta property=\"og:site_name\" content=\"Pressta Eisele \u010cS\" \/>\n<meta property=\"article:modified_time\" content=\"2021-02-02T14:43:30+00:00\" \/>\n<meta property=\"og:image\" content=\"https:\/\/www.pressta-eisele.eu\/wp-content\/uploads\/2021\/01\/287.jpg\" \/>\n\t<meta property=\"og:image:width\" content=\"800\" \/>\n\t<meta property=\"og:image:height\" content=\"613\" \/>\n\t<meta property=\"og:image:type\" content=\"image\/jpeg\" \/>\n<meta name=\"twitter:card\" content=\"summary_large_image\" \/>\n<script type=\"application\/ld+json\" class=\"yoast-schema-graph\">{\"@context\":\"https:\\\/\\\/schema.org\",\"@graph\":[{\"@type\":\"WebPage\",\"@id\":\"https:\\\/\\\/www.pressta-eisele.eu\\\/hu\\\/produkt\\\/profilma-400v-automaticka-kotucova-pila\\\/\",\"url\":\"https:\\\/\\\/www.pressta-eisele.eu\\\/hu\\\/produkt\\\/profilma-400v-automaticka-kotucova-pila\\\/\",\"name\":\"PROFILMA 400V - Automatick\u00e1 kot\u00fa\u010dov\u00e1 p\u00edla - Pressta Eisele \u010cS\",\"isPartOf\":{\"@id\":\"https:\\\/\\\/www.pressta-eisele.eu\\\/hu\\\/#website\"},\"primaryImageOfPage\":{\"@id\":\"https:\\\/\\\/www.pressta-eisele.eu\\\/hu\\\/produkt\\\/profilma-400v-automaticka-kotucova-pila\\\/#primaryimage\"},\"image\":{\"@id\":\"https:\\\/\\\/www.pressta-eisele.eu\\\/hu\\\/produkt\\\/profilma-400v-automaticka-kotucova-pila\\\/#primaryimage\"},\"thumbnailUrl\":\"https:\\\/\\\/www.pressta-eisele.eu\\\/wp-content\\\/uploads\\\/2021\\\/01\\\/287.jpg\",\"datePublished\":\"2021-01-31T18:43:10+00:00\",\"dateModified\":\"2021-02-02T14:43:30+00:00\",\"breadcrumb\":{\"@id\":\"https:\\\/\\\/www.pressta-eisele.eu\\\/hu\\\/produkt\\\/profilma-400v-automaticka-kotucova-pila\\\/#breadcrumb\"},\"inLanguage\":\"hu\",\"potentialAction\":[{\"@type\":\"ReadAction\",\"target\":[\"https:\\\/\\\/www.pressta-eisele.eu\\\/hu\\\/produkt\\\/profilma-400v-automaticka-kotucova-pila\\\/\"]}]},{\"@type\":\"ImageObject\",\"inLanguage\":\"hu\",\"@id\":\"https:\\\/\\\/www.pressta-eisele.eu\\\/hu\\\/produkt\\\/profilma-400v-automaticka-kotucova-pila\\\/#primaryimage\",\"url\":\"https:\\\/\\\/www.pressta-eisele.eu\\\/wp-content\\\/uploads\\\/2021\\\/01\\\/287.jpg\",\"contentUrl\":\"https:\\\/\\\/www.pressta-eisele.eu\\\/wp-content\\\/uploads\\\/2021\\\/01\\\/287.jpg\",\"width\":800,\"height\":613,\"caption\":\"PROFILMA 400V - Automatick\u00e1 kot\u00fa\u010dov\u00e1 p\u00edla\"},{\"@type\":\"BreadcrumbList\",\"@id\":\"https:\\\/\\\/www.pressta-eisele.eu\\\/hu\\\/produkt\\\/profilma-400v-automaticka-kotucova-pila\\\/#breadcrumb\",\"itemListElement\":[{\"@type\":\"ListItem\",\"position\":1,\"name\":\"Home\",\"item\":\"https:\\\/\\\/www.pressta-eisele.eu\\\/hu\\\/\"},{\"@type\":\"ListItem\",\"position\":2,\"name\":\"Shop\",\"item\":\"https:\\\/\\\/www.pressta-eisele.eu\\\/hu\\\/shop\\\/\"},{\"@type\":\"ListItem\",\"position\":3,\"name\":\"PROFILMA 400V &#8211; Automatick\u00e1 kot\u00fa\u010dov\u00e1 p\u00edla\"}]},{\"@type\":\"WebSite\",\"@id\":\"https:\\\/\\\/www.pressta-eisele.eu\\\/hu\\\/#website\",\"url\":\"https:\\\/\\\/www.pressta-eisele.eu\\\/hu\\\/\",\"name\":\"Pressta Eisele \u010cS\",\"description\":\"Vitajte vo svete produktivity\",\"publisher\":{\"@id\":\"https:\\\/\\\/www.pressta-eisele.eu\\\/hu\\\/#organization\"},\"potentialAction\":[{\"@type\":\"SearchAction\",\"target\":{\"@type\":\"EntryPoint\",\"urlTemplate\":\"https:\\\/\\\/www.pressta-eisele.eu\\\/hu\\\/?s={search_term_string}\"},\"query-input\":{\"@type\":\"PropertyValueSpecification\",\"valueRequired\":true,\"valueName\":\"search_term_string\"}}],\"inLanguage\":\"hu\"},{\"@type\":\"Organization\",\"@id\":\"https:\\\/\\\/www.pressta-eisele.eu\\\/hu\\\/#organization\",\"name\":\"Pressta Eisele \u010cS\",\"url\":\"https:\\\/\\\/www.pressta-eisele.eu\\\/hu\\\/\",\"logo\":{\"@type\":\"ImageObject\",\"inLanguage\":\"hu\",\"@id\":\"https:\\\/\\\/www.pressta-eisele.eu\\\/hu\\\/#\\\/schema\\\/logo\\\/image\\\/\",\"url\":\"https:\\\/\\\/www.pressta-eisele.eu\\\/wp-content\\\/uploads\\\/2020\\\/11\\\/pressta-logo-01v.svg\",\"contentUrl\":\"https:\\\/\\\/www.pressta-eisele.eu\\\/wp-content\\\/uploads\\\/2020\\\/11\\\/pressta-logo-01v.svg\",\"caption\":\"Pressta Eisele \u010cS\"},\"image\":{\"@id\":\"https:\\\/\\\/www.pressta-eisele.eu\\\/hu\\\/#\\\/schema\\\/logo\\\/image\\\/\"}}]}<\/script>\n<!-- \/ Yoast SEO plugin. -->","yoast_head_json":{"title":"PROFILMA 400V - Automatick\u00e1 kot\u00fa\u010dov\u00e1 p\u00edla - Pressta Eisele \u010cS","robots":{"index":"index","follow":"follow","max-snippet":"max-snippet:-1","max-image-preview":"max-image-preview:large","max-video-preview":"max-video-preview:-1"},"canonical":"https:\/\/www.pressta-eisele.eu\/hu\/produkt\/profilma-400v-automaticka-kotucova-pila\/","og_locale":"hu_HU","og_type":"article","og_title":"PROFILMA 400V - Automatick\u00e1 kot\u00fa\u010dov\u00e1 p\u00edla - Pressta Eisele \u010cS","og_description":"pohon 12kW, 400 V S6 60%, 50 Hz, 2850 ot.\/min.  plynul\u00e1 regul\u00e1cia ot\u00e1\u010dok, rozsah ot\u00e1\u010dok 3.500 \u2013 4800 ot.\/min.  pre pou\u017eitie pilov\u00e9ho kot\u00fa\u010da \u00d8400 mm  \u0161\u00edrka profilu 200 mm, max.v\u00fd\u0161ka profilu 120 mm  prierez profilu 20 x 10 mm (V x \u0160), men\u0161ie prierezy profilu na vy\u017eiadanie  rezn\u00e1 d\u013a\u017eka od 10mm s \u0161tandardn\u00fdmi up\u00ednac\u00edmi \u010de\u013eus\u0165ami  rezn\u00e1 d\u013a\u017eka od 3 mm s up\u00ednac\u00edmi \u010de\u013eus\u0165ami pre kr\u00e1tke rezy (opcia)  zvy\u0161kov\u00fd kus od 85 mm pri jednotliv\u00fdch profiloch, pri zv\u00e4zkoch od 100 mm, v z\u00e1vislosti od profilu  NC riadenie SIMATIC S7-300 s dotykovou obrazovkou 7\u201c  reverzn\u00e9 zariadenie, 5 n\u00e1sobn\u00fd posuv, max.d\u013a\u017eka posuvu 3250 mm  obojstrann\u00e9 roz\u0161\u00edrenie reznej \u0161trbiny od pilov\u00e9ho kot\u00fa\u010da  horizont\u00e1lne a vertik\u00e1lne up\u00ednacie zariadenie na pr\u00edsuvnej a v\u00fdstupnej strane p\u00edlovej jednotky,  vertik\u00e1lne up\u00ednacie zariadenie na v\u00fdstupnej strane pilovej jednotky pou\u017eite\u013en\u00e9 do v\u00fd\u0161ky profilu 90 mm","og_url":"https:\/\/www.pressta-eisele.eu\/hu\/produkt\/profilma-400v-automaticka-kotucova-pila\/","og_site_name":"Pressta Eisele \u010cS","article_modified_time":"2021-02-02T14:43:30+00:00","og_image":[{"width":800,"height":613,"url":"https:\/\/www.pressta-eisele.eu\/wp-content\/uploads\/2021\/01\/287.jpg","type":"image\/jpeg"}],"twitter_card":"summary_large_image","schema":{"@context":"https:\/\/schema.org","@graph":[{"@type":"WebPage","@id":"https:\/\/www.pressta-eisele.eu\/hu\/produkt\/profilma-400v-automaticka-kotucova-pila\/","url":"https:\/\/www.pressta-eisele.eu\/hu\/produkt\/profilma-400v-automaticka-kotucova-pila\/","name":"PROFILMA 400V - Automatick\u00e1 kot\u00fa\u010dov\u00e1 p\u00edla - Pressta Eisele \u010cS","isPartOf":{"@id":"https:\/\/www.pressta-eisele.eu\/hu\/#website"},"primaryImageOfPage":{"@id":"https:\/\/www.pressta-eisele.eu\/hu\/produkt\/profilma-400v-automaticka-kotucova-pila\/#primaryimage"},"image":{"@id":"https:\/\/www.pressta-eisele.eu\/hu\/produkt\/profilma-400v-automaticka-kotucova-pila\/#primaryimage"},"thumbnailUrl":"https:\/\/www.pressta-eisele.eu\/wp-content\/uploads\/2021\/01\/287.jpg","datePublished":"2021-01-31T18:43:10+00:00","dateModified":"2021-02-02T14:43:30+00:00","breadcrumb":{"@id":"https:\/\/www.pressta-eisele.eu\/hu\/produkt\/profilma-400v-automaticka-kotucova-pila\/#breadcrumb"},"inLanguage":"hu","potentialAction":[{"@type":"ReadAction","target":["https:\/\/www.pressta-eisele.eu\/hu\/produkt\/profilma-400v-automaticka-kotucova-pila\/"]}]},{"@type":"ImageObject","inLanguage":"hu","@id":"https:\/\/www.pressta-eisele.eu\/hu\/produkt\/profilma-400v-automaticka-kotucova-pila\/#primaryimage","url":"https:\/\/www.pressta-eisele.eu\/wp-content\/uploads\/2021\/01\/287.jpg","contentUrl":"https:\/\/www.pressta-eisele.eu\/wp-content\/uploads\/2021\/01\/287.jpg","width":800,"height":613,"caption":"PROFILMA 400V - Automatick\u00e1 kot\u00fa\u010dov\u00e1 p\u00edla"},{"@type":"BreadcrumbList","@id":"https:\/\/www.pressta-eisele.eu\/hu\/produkt\/profilma-400v-automaticka-kotucova-pila\/#breadcrumb","itemListElement":[{"@type":"ListItem","position":1,"name":"Home","item":"https:\/\/www.pressta-eisele.eu\/hu\/"},{"@type":"ListItem","position":2,"name":"Shop","item":"https:\/\/www.pressta-eisele.eu\/hu\/shop\/"},{"@type":"ListItem","position":3,"name":"PROFILMA 400V &#8211; Automatick\u00e1 kot\u00fa\u010dov\u00e1 p\u00edla"}]},{"@type":"WebSite","@id":"https:\/\/www.pressta-eisele.eu\/hu\/#website","url":"https:\/\/www.pressta-eisele.eu\/hu\/","name":"Pressta Eisele \u010cS","description":"Vitajte vo svete produktivity","publisher":{"@id":"https:\/\/www.pressta-eisele.eu\/hu\/#organization"},"potentialAction":[{"@type":"SearchAction","target":{"@type":"EntryPoint","urlTemplate":"https:\/\/www.pressta-eisele.eu\/hu\/?s={search_term_string}"},"query-input":{"@type":"PropertyValueSpecification","valueRequired":true,"valueName":"search_term_string"}}],"inLanguage":"hu"},{"@type":"Organization","@id":"https:\/\/www.pressta-eisele.eu\/hu\/#organization","name":"Pressta Eisele \u010cS","url":"https:\/\/www.pressta-eisele.eu\/hu\/","logo":{"@type":"ImageObject","inLanguage":"hu","@id":"https:\/\/www.pressta-eisele.eu\/hu\/#\/schema\/logo\/image\/","url":"https:\/\/www.pressta-eisele.eu\/wp-content\/uploads\/2020\/11\/pressta-logo-01v.svg","contentUrl":"https:\/\/www.pressta-eisele.eu\/wp-content\/uploads\/2020\/11\/pressta-logo-01v.svg","caption":"Pressta Eisele \u010cS"},"image":{"@id":"https:\/\/www.pressta-eisele.eu\/hu\/#\/schema\/logo\/image\/"}}]}},"jetpack_sharing_enabled":true,"_links":{"self":[{"href":"https:\/\/www.pressta-eisele.eu\/hu\/wp-json\/wp\/v2\/product\/1311","targetHints":{"allow":["GET"]}}],"collection":[{"href":"https:\/\/www.pressta-eisele.eu\/hu\/wp-json\/wp\/v2\/product"}],"about":[{"href":"https:\/\/www.pressta-eisele.eu\/hu\/wp-json\/wp\/v2\/types\/product"}],"replies":[{"embeddable":true,"href":"https:\/\/www.pressta-eisele.eu\/hu\/wp-json\/wp\/v2\/comments?post=1311"}],"wp:featuredmedia":[{"embeddable":true,"href":"https:\/\/www.pressta-eisele.eu\/hu\/wp-json\/wp\/v2\/media\/1312"}],"wp:attachment":[{"href":"https:\/\/www.pressta-eisele.eu\/hu\/wp-json\/wp\/v2\/media?parent=1311"}],"wp:term":[{"taxonomy":"product_brand","embeddable":true,"href":"https:\/\/www.pressta-eisele.eu\/hu\/wp-json\/wp\/v2\/product_brand?post=1311"},{"taxonomy":"product_cat","embeddable":true,"href":"https:\/\/www.pressta-eisele.eu\/hu\/wp-json\/wp\/v2\/product_cat?post=1311"},{"taxonomy":"product_tag","embeddable":true,"href":"https:\/\/www.pressta-eisele.eu\/hu\/wp-json\/wp\/v2\/product_tag?post=1311"}],"curies":[{"name":"wp","href":"https:\/\/api.w.org\/{rel}","templated":true}]}}