{"id":1301,"date":"2021-01-31T19:43:10","date_gmt":"2021-01-31T18:43:10","guid":{"rendered":"https:\/\/www.pressta-eisele.eu\/produkt\/zs-170-n-jednokotucova-pila\/"},"modified":"2021-01-31T20:21:54","modified_gmt":"2021-01-31T19:21:54","slug":"zs-170-n-jednokotucova-pila","status":"publish","type":"product","link":"https:\/\/www.pressta-eisele.eu\/hu\/produkt\/zs-170-n-jednokotucova-pila\/","title":{"rendered":"ZS 170 N &#8211; Jednokot\u00fa\u010dov\u00e1 p\u00edla"},"content":{"rendered":"","protected":false},"excerpt":{"rendered":"<ul>\n<li>skracovacia a \u00fakosov\u00e1 p\u00edla s max.v\u00fd\u0161kou rezu 170 mm<\/li>\n<li>manu\u00e1lny posuv p\u00edlov\u00e9ho kot\u00fa\u010da<\/li>\n<li>nastavite\u013en\u00e9 pevn\u00e9 dorazy<\/li>\n<li>motor 2,2 kW<\/li>\n<li>ot\u00e1\u010dky 3500 ot\/min.<\/li>\n<li>nap\u00e1janie 400 V<\/li>\n<li>priemer kot\u00fa\u010da 420 mm<\/li>\n<li>v\u00fd\u0161ka rezu pri 90\u00b0: 170 mm<\/li>\n<li>d\u013a\u017eka rezu pri 90\u00b0: 410 mm<\/li>\n<li>oto\u010denie v horizont\u00e1lnom smere: 45\u00b0-90\u00b0-25\u00b0<\/li>\n<li>n\u00e1klon vo vertik\u00e1lnom smere 90\u00b0-45\u00b0 do\u013eava<\/li>\n<li>priemer n\u00e1trubku pre pripojenie ods\u00e1vacieho zariadenia D=100 mm<\/li>\n<\/ul>\n","protected":false},"featured_media":1302,"comment_status":"closed","ping_status":"open","template":"","meta":{"_monsterinsights_skip_tracking":false,"_monsterinsights_sitenote_active":false,"_monsterinsights_sitenote_note":"","_monsterinsights_sitenote_category":0},"product_brand":[],"product_cat":[23],"product_tag":[],"class_list":{"0":"post-1301","1":"product","2":"type-product","3":"status-publish","4":"has-post-thumbnail","6":"product_cat-kotucove-pily","8":"first","9":"instock","10":"product-type-simple"},"yoast_head":"<!-- This site is optimized with the Yoast SEO plugin v27.4 - https:\/\/yoast.com\/product\/yoast-seo-wordpress\/ -->\n<title>ZS 170 N - Jednokot\u00fa\u010dov\u00e1 p\u00edla - Pressta Eisele \u010cS<\/title>\n<meta name=\"robots\" content=\"index, follow, max-snippet:-1, max-image-preview:large, max-video-preview:-1\" \/>\n<link rel=\"canonical\" href=\"https:\/\/www.pressta-eisele.eu\/hu\/produkt\/zs-170-n-jednokotucova-pila\/\" \/>\n<meta property=\"og:locale\" content=\"hu_HU\" \/>\n<meta property=\"og:type\" content=\"article\" \/>\n<meta property=\"og:title\" content=\"ZS 170 N - Jednokot\u00fa\u010dov\u00e1 p\u00edla - Pressta Eisele \u010cS\" \/>\n<meta property=\"og:description\" content=\"skracovacia a \u00fakosov\u00e1 p\u00edla s max.v\u00fd\u0161kou rezu 170 mm manu\u00e1lny posuv p\u00edlov\u00e9ho kot\u00fa\u010da nastavite\u013en\u00e9 pevn\u00e9 dorazy motor 2,2 kW ot\u00e1\u010dky 3500 ot\/min. nap\u00e1janie 400 V priemer kot\u00fa\u010da 420 mm v\u00fd\u0161ka rezu pri 90\u00b0: 170 mm d\u013a\u017eka rezu pri 90\u00b0: 410 mm oto\u010denie v horizont\u00e1lnom smere: 45\u00b0-90\u00b0-25\u00b0 n\u00e1klon vo vertik\u00e1lnom smere 90\u00b0-45\u00b0 do\u013eava priemer n\u00e1trubku pre pripojenie ods\u00e1vacieho zariadenia D=100 mm\" \/>\n<meta property=\"og:url\" content=\"https:\/\/www.pressta-eisele.eu\/hu\/produkt\/zs-170-n-jednokotucova-pila\/\" \/>\n<meta property=\"og:site_name\" content=\"Pressta Eisele \u010cS\" \/>\n<meta property=\"article:modified_time\" content=\"2021-01-31T19:21:54+00:00\" \/>\n<meta property=\"og:image\" content=\"https:\/\/www.pressta-eisele.eu\/wp-content\/uploads\/2021\/01\/285.jpg\" \/>\n\t<meta property=\"og:image:width\" content=\"800\" \/>\n\t<meta property=\"og:image:height\" content=\"654\" \/>\n\t<meta property=\"og:image:type\" content=\"image\/jpeg\" \/>\n<meta name=\"twitter:card\" content=\"summary_large_image\" \/>\n<script type=\"application\/ld+json\" class=\"yoast-schema-graph\">{\"@context\":\"https:\\\/\\\/schema.org\",\"@graph\":[{\"@type\":\"WebPage\",\"@id\":\"https:\\\/\\\/www.pressta-eisele.eu\\\/hu\\\/produkt\\\/zs-170-n-jednokotucova-pila\\\/\",\"url\":\"https:\\\/\\\/www.pressta-eisele.eu\\\/hu\\\/produkt\\\/zs-170-n-jednokotucova-pila\\\/\",\"name\":\"ZS 170 N - Jednokot\u00fa\u010dov\u00e1 p\u00edla - Pressta Eisele \u010cS\",\"isPartOf\":{\"@id\":\"https:\\\/\\\/www.pressta-eisele.eu\\\/hu\\\/#website\"},\"primaryImageOfPage\":{\"@id\":\"https:\\\/\\\/www.pressta-eisele.eu\\\/hu\\\/produkt\\\/zs-170-n-jednokotucova-pila\\\/#primaryimage\"},\"image\":{\"@id\":\"https:\\\/\\\/www.pressta-eisele.eu\\\/hu\\\/produkt\\\/zs-170-n-jednokotucova-pila\\\/#primaryimage\"},\"thumbnailUrl\":\"https:\\\/\\\/www.pressta-eisele.eu\\\/wp-content\\\/uploads\\\/2021\\\/01\\\/285.jpg\",\"datePublished\":\"2021-01-31T18:43:10+00:00\",\"dateModified\":\"2021-01-31T19:21:54+00:00\",\"breadcrumb\":{\"@id\":\"https:\\\/\\\/www.pressta-eisele.eu\\\/hu\\\/produkt\\\/zs-170-n-jednokotucova-pila\\\/#breadcrumb\"},\"inLanguage\":\"hu\",\"potentialAction\":[{\"@type\":\"ReadAction\",\"target\":[\"https:\\\/\\\/www.pressta-eisele.eu\\\/hu\\\/produkt\\\/zs-170-n-jednokotucova-pila\\\/\"]}]},{\"@type\":\"ImageObject\",\"inLanguage\":\"hu\",\"@id\":\"https:\\\/\\\/www.pressta-eisele.eu\\\/hu\\\/produkt\\\/zs-170-n-jednokotucova-pila\\\/#primaryimage\",\"url\":\"https:\\\/\\\/www.pressta-eisele.eu\\\/wp-content\\\/uploads\\\/2021\\\/01\\\/285.jpg\",\"contentUrl\":\"https:\\\/\\\/www.pressta-eisele.eu\\\/wp-content\\\/uploads\\\/2021\\\/01\\\/285.jpg\",\"width\":800,\"height\":654,\"caption\":\"ZS 170 N - Jednokot\u00fa\u010dov\u00e1 p\u00edla\"},{\"@type\":\"BreadcrumbList\",\"@id\":\"https:\\\/\\\/www.pressta-eisele.eu\\\/hu\\\/produkt\\\/zs-170-n-jednokotucova-pila\\\/#breadcrumb\",\"itemListElement\":[{\"@type\":\"ListItem\",\"position\":1,\"name\":\"Home\",\"item\":\"https:\\\/\\\/www.pressta-eisele.eu\\\/hu\\\/\"},{\"@type\":\"ListItem\",\"position\":2,\"name\":\"Shop\",\"item\":\"https:\\\/\\\/www.pressta-eisele.eu\\\/hu\\\/shop\\\/\"},{\"@type\":\"ListItem\",\"position\":3,\"name\":\"ZS 170 N &#8211; Jednokot\u00fa\u010dov\u00e1 p\u00edla\"}]},{\"@type\":\"WebSite\",\"@id\":\"https:\\\/\\\/www.pressta-eisele.eu\\\/hu\\\/#website\",\"url\":\"https:\\\/\\\/www.pressta-eisele.eu\\\/hu\\\/\",\"name\":\"Pressta Eisele \u010cS\",\"description\":\"Vitajte vo svete produktivity\",\"publisher\":{\"@id\":\"https:\\\/\\\/www.pressta-eisele.eu\\\/hu\\\/#organization\"},\"potentialAction\":[{\"@type\":\"SearchAction\",\"target\":{\"@type\":\"EntryPoint\",\"urlTemplate\":\"https:\\\/\\\/www.pressta-eisele.eu\\\/hu\\\/?s={search_term_string}\"},\"query-input\":{\"@type\":\"PropertyValueSpecification\",\"valueRequired\":true,\"valueName\":\"search_term_string\"}}],\"inLanguage\":\"hu\"},{\"@type\":\"Organization\",\"@id\":\"https:\\\/\\\/www.pressta-eisele.eu\\\/hu\\\/#organization\",\"name\":\"Pressta Eisele \u010cS\",\"url\":\"https:\\\/\\\/www.pressta-eisele.eu\\\/hu\\\/\",\"logo\":{\"@type\":\"ImageObject\",\"inLanguage\":\"hu\",\"@id\":\"https:\\\/\\\/www.pressta-eisele.eu\\\/hu\\\/#\\\/schema\\\/logo\\\/image\\\/\",\"url\":\"https:\\\/\\\/www.pressta-eisele.eu\\\/wp-content\\\/uploads\\\/2020\\\/11\\\/pressta-logo-01v.svg\",\"contentUrl\":\"https:\\\/\\\/www.pressta-eisele.eu\\\/wp-content\\\/uploads\\\/2020\\\/11\\\/pressta-logo-01v.svg\",\"caption\":\"Pressta Eisele \u010cS\"},\"image\":{\"@id\":\"https:\\\/\\\/www.pressta-eisele.eu\\\/hu\\\/#\\\/schema\\\/logo\\\/image\\\/\"}}]}<\/script>\n<!-- \/ Yoast SEO plugin. -->","yoast_head_json":{"title":"ZS 170 N - Jednokot\u00fa\u010dov\u00e1 p\u00edla - Pressta Eisele \u010cS","robots":{"index":"index","follow":"follow","max-snippet":"max-snippet:-1","max-image-preview":"max-image-preview:large","max-video-preview":"max-video-preview:-1"},"canonical":"https:\/\/www.pressta-eisele.eu\/hu\/produkt\/zs-170-n-jednokotucova-pila\/","og_locale":"hu_HU","og_type":"article","og_title":"ZS 170 N - Jednokot\u00fa\u010dov\u00e1 p\u00edla - Pressta Eisele \u010cS","og_description":"skracovacia a \u00fakosov\u00e1 p\u00edla s max.v\u00fd\u0161kou rezu 170 mm manu\u00e1lny posuv p\u00edlov\u00e9ho kot\u00fa\u010da nastavite\u013en\u00e9 pevn\u00e9 dorazy motor 2,2 kW ot\u00e1\u010dky 3500 ot\/min. nap\u00e1janie 400 V priemer kot\u00fa\u010da 420 mm v\u00fd\u0161ka rezu pri 90\u00b0: 170 mm d\u013a\u017eka rezu pri 90\u00b0: 410 mm oto\u010denie v horizont\u00e1lnom smere: 45\u00b0-90\u00b0-25\u00b0 n\u00e1klon vo vertik\u00e1lnom smere 90\u00b0-45\u00b0 do\u013eava priemer n\u00e1trubku pre pripojenie ods\u00e1vacieho zariadenia D=100 mm","og_url":"https:\/\/www.pressta-eisele.eu\/hu\/produkt\/zs-170-n-jednokotucova-pila\/","og_site_name":"Pressta Eisele \u010cS","article_modified_time":"2021-01-31T19:21:54+00:00","og_image":[{"width":800,"height":654,"url":"https:\/\/www.pressta-eisele.eu\/wp-content\/uploads\/2021\/01\/285.jpg","type":"image\/jpeg"}],"twitter_card":"summary_large_image","schema":{"@context":"https:\/\/schema.org","@graph":[{"@type":"WebPage","@id":"https:\/\/www.pressta-eisele.eu\/hu\/produkt\/zs-170-n-jednokotucova-pila\/","url":"https:\/\/www.pressta-eisele.eu\/hu\/produkt\/zs-170-n-jednokotucova-pila\/","name":"ZS 170 N - Jednokot\u00fa\u010dov\u00e1 p\u00edla - Pressta Eisele \u010cS","isPartOf":{"@id":"https:\/\/www.pressta-eisele.eu\/hu\/#website"},"primaryImageOfPage":{"@id":"https:\/\/www.pressta-eisele.eu\/hu\/produkt\/zs-170-n-jednokotucova-pila\/#primaryimage"},"image":{"@id":"https:\/\/www.pressta-eisele.eu\/hu\/produkt\/zs-170-n-jednokotucova-pila\/#primaryimage"},"thumbnailUrl":"https:\/\/www.pressta-eisele.eu\/wp-content\/uploads\/2021\/01\/285.jpg","datePublished":"2021-01-31T18:43:10+00:00","dateModified":"2021-01-31T19:21:54+00:00","breadcrumb":{"@id":"https:\/\/www.pressta-eisele.eu\/hu\/produkt\/zs-170-n-jednokotucova-pila\/#breadcrumb"},"inLanguage":"hu","potentialAction":[{"@type":"ReadAction","target":["https:\/\/www.pressta-eisele.eu\/hu\/produkt\/zs-170-n-jednokotucova-pila\/"]}]},{"@type":"ImageObject","inLanguage":"hu","@id":"https:\/\/www.pressta-eisele.eu\/hu\/produkt\/zs-170-n-jednokotucova-pila\/#primaryimage","url":"https:\/\/www.pressta-eisele.eu\/wp-content\/uploads\/2021\/01\/285.jpg","contentUrl":"https:\/\/www.pressta-eisele.eu\/wp-content\/uploads\/2021\/01\/285.jpg","width":800,"height":654,"caption":"ZS 170 N - Jednokot\u00fa\u010dov\u00e1 p\u00edla"},{"@type":"BreadcrumbList","@id":"https:\/\/www.pressta-eisele.eu\/hu\/produkt\/zs-170-n-jednokotucova-pila\/#breadcrumb","itemListElement":[{"@type":"ListItem","position":1,"name":"Home","item":"https:\/\/www.pressta-eisele.eu\/hu\/"},{"@type":"ListItem","position":2,"name":"Shop","item":"https:\/\/www.pressta-eisele.eu\/hu\/shop\/"},{"@type":"ListItem","position":3,"name":"ZS 170 N &#8211; Jednokot\u00fa\u010dov\u00e1 p\u00edla"}]},{"@type":"WebSite","@id":"https:\/\/www.pressta-eisele.eu\/hu\/#website","url":"https:\/\/www.pressta-eisele.eu\/hu\/","name":"Pressta Eisele \u010cS","description":"Vitajte vo svete produktivity","publisher":{"@id":"https:\/\/www.pressta-eisele.eu\/hu\/#organization"},"potentialAction":[{"@type":"SearchAction","target":{"@type":"EntryPoint","urlTemplate":"https:\/\/www.pressta-eisele.eu\/hu\/?s={search_term_string}"},"query-input":{"@type":"PropertyValueSpecification","valueRequired":true,"valueName":"search_term_string"}}],"inLanguage":"hu"},{"@type":"Organization","@id":"https:\/\/www.pressta-eisele.eu\/hu\/#organization","name":"Pressta Eisele \u010cS","url":"https:\/\/www.pressta-eisele.eu\/hu\/","logo":{"@type":"ImageObject","inLanguage":"hu","@id":"https:\/\/www.pressta-eisele.eu\/hu\/#\/schema\/logo\/image\/","url":"https:\/\/www.pressta-eisele.eu\/wp-content\/uploads\/2020\/11\/pressta-logo-01v.svg","contentUrl":"https:\/\/www.pressta-eisele.eu\/wp-content\/uploads\/2020\/11\/pressta-logo-01v.svg","caption":"Pressta Eisele \u010cS"},"image":{"@id":"https:\/\/www.pressta-eisele.eu\/hu\/#\/schema\/logo\/image\/"}}]}},"jetpack_sharing_enabled":true,"_links":{"self":[{"href":"https:\/\/www.pressta-eisele.eu\/hu\/wp-json\/wp\/v2\/product\/1301","targetHints":{"allow":["GET"]}}],"collection":[{"href":"https:\/\/www.pressta-eisele.eu\/hu\/wp-json\/wp\/v2\/product"}],"about":[{"href":"https:\/\/www.pressta-eisele.eu\/hu\/wp-json\/wp\/v2\/types\/product"}],"replies":[{"embeddable":true,"href":"https:\/\/www.pressta-eisele.eu\/hu\/wp-json\/wp\/v2\/comments?post=1301"}],"wp:featuredmedia":[{"embeddable":true,"href":"https:\/\/www.pressta-eisele.eu\/hu\/wp-json\/wp\/v2\/media\/1302"}],"wp:attachment":[{"href":"https:\/\/www.pressta-eisele.eu\/hu\/wp-json\/wp\/v2\/media?parent=1301"}],"wp:term":[{"taxonomy":"product_brand","embeddable":true,"href":"https:\/\/www.pressta-eisele.eu\/hu\/wp-json\/wp\/v2\/product_brand?post=1301"},{"taxonomy":"product_cat","embeddable":true,"href":"https:\/\/www.pressta-eisele.eu\/hu\/wp-json\/wp\/v2\/product_cat?post=1301"},{"taxonomy":"product_tag","embeddable":true,"href":"https:\/\/www.pressta-eisele.eu\/hu\/wp-json\/wp\/v2\/product_tag?post=1301"}],"curies":[{"name":"wp","href":"https:\/\/api.w.org\/{rel}","templated":true}]}}