{"id":1286,"date":"2021-01-31T19:43:10","date_gmt":"2021-01-31T18:43:10","guid":{"rendered":"https:\/\/www.pressta-eisele.eu\/produkt\/tdc-622-edgemaster-dvojkotucova-pila\/"},"modified":"2021-02-02T08:57:05","modified_gmt":"2021-02-02T07:57:05","slug":"tdc-622-edgemaster-dvojkotucova-pila","status":"publish","type":"product","link":"https:\/\/www.pressta-eisele.eu\/hu\/produkt\/tdc-622-edgemaster-dvojkotucova-pila\/","title":{"rendered":"TDC 622 EDGEMASTER &#8211; Dvojkot\u00fa\u010dov\u00e1 p\u00edla"},"content":{"rendered":"","protected":false},"excerpt":{"rendered":"<ul>\n<li>presn\u00e1 dvojkot\u00fa\u010dov\u00e1 p\u00edla pre profily z\u00a0hlin\u00edka a PVC<\/li>\n<li>p\u00e4\u0165 numericky riaden\u00fdch os\u00ed<\/li>\n<li>pilov\u00e9 kot\u00fa\u010de \u00d8 600 mm<\/li>\n<li>\u0161peci\u00e1lny pohon posuvu pilov\u00fdch kot\u00fa\u010dov umo\u017e\u0148uje v\u00fdnimo\u010dne ve\u013ek\u00fd rozsah rezu(zdvih a potom vodorovn\u00fd pohyb)<\/li>\n<li>d\u013a\u017eka rezu 5 m alebo 6 m<\/li>\n<li>motorick\u00e9 ot\u00e1\u010danie hl\u00e1v v rozsahu 22,5\u00b0- 90\u00b0- 135\u00b0<\/li>\n<li>motorick\u00e9 nakl\u00e1panie hl\u00e1v v rozsahu 90\u00b0- 45\u00b0<\/li>\n<li>\u013eubovo\u013en\u00fd rez v rozsahu stroja nastaven\u00fd z riadiaceho pultu (programovo)<\/li>\n<li>hydropneumatick\u00fd posuv s plynulou regul\u00e1ciou<\/li>\n<li>nastavit\u013en\u00fd v\u00fdsuv pilov\u00fdch kot\u00fa\u010dov<\/li>\n<li>pneumatick\u00fd pohyb krytov<\/li>\n<li>\u0161tyri vertik\u00e1lne up\u00edna\u010de materi\u00e1lu<\/li>\n<li>val\u010dekov\u00e1 dr\u00e1ha pohybliv\u00e1 s posuvnou hlavou<\/li>\n<li>impulzn\u00e9 zariadenie chladenia \u2013 primaz\u00e1vania n\u00e1stroja<\/li>\n<li>v\u00fdvozny dopravn\u00edk \u0161p\u00f4n a odpadu<\/li>\n<\/ul>\n","protected":false},"featured_media":1287,"comment_status":"closed","ping_status":"closed","template":"","meta":{"_monsterinsights_skip_tracking":false,"_monsterinsights_sitenote_active":false,"_monsterinsights_sitenote_note":"","_monsterinsights_sitenote_category":0},"product_brand":[],"product_cat":[24],"product_tag":[],"class_list":{"0":"post-1286","1":"product","2":"type-product","3":"status-publish","4":"has-post-thumbnail","6":"product_cat-dvojkotucove-pily","8":"first","9":"instock","10":"product-type-simple"},"yoast_head":"<!-- This site is optimized with the Yoast SEO plugin v27.4 - https:\/\/yoast.com\/product\/yoast-seo-wordpress\/ -->\n<title>TDC 622 EDGEMASTER - Dvojkot\u00fa\u010dov\u00e1 p\u00edla - Pressta Eisele \u010cS<\/title>\n<meta name=\"robots\" content=\"index, follow, max-snippet:-1, max-image-preview:large, max-video-preview:-1\" \/>\n<link rel=\"canonical\" href=\"https:\/\/www.pressta-eisele.eu\/hu\/produkt\/tdc-622-edgemaster-dvojkotucova-pila\/\" \/>\n<meta property=\"og:locale\" content=\"hu_HU\" \/>\n<meta property=\"og:type\" content=\"article\" \/>\n<meta property=\"og:title\" content=\"TDC 622 EDGEMASTER - Dvojkot\u00fa\u010dov\u00e1 p\u00edla - Pressta Eisele \u010cS\" \/>\n<meta property=\"og:description\" content=\"presn\u00e1 dvojkot\u00fa\u010dov\u00e1 p\u00edla pre profily z\u00a0hlin\u00edka a PVC  p\u00e4\u0165 numericky riaden\u00fdch os\u00ed  pilov\u00e9 kot\u00fa\u010de \u00d8 600 mm  \u0161peci\u00e1lny pohon posuvu pilov\u00fdch kot\u00fa\u010dov umo\u017e\u0148uje v\u00fdnimo\u010dne ve\u013ek\u00fd rozsah rezu(zdvih a potom vodorovn\u00fd pohyb)  d\u013a\u017eka rezu 5 m alebo 6 m  motorick\u00e9 ot\u00e1\u010danie hl\u00e1v v rozsahu 22,5\u00b0- 90\u00b0- 135\u00b0  motorick\u00e9 nakl\u00e1panie hl\u00e1v v rozsahu 90\u00b0- 45\u00b0  \u013eubovo\u013en\u00fd rez v rozsahu stroja nastaven\u00fd z riadiaceho pultu (programovo)  hydropneumatick\u00fd posuv s plynulou regul\u00e1ciou  nastavit\u013en\u00fd v\u00fdsuv pilov\u00fdch kot\u00fa\u010dov  pneumatick\u00fd pohyb krytov  \u0161tyri vertik\u00e1lne up\u00edna\u010de materi\u00e1lu  val\u010dekov\u00e1 dr\u00e1ha pohybliv\u00e1 s posuvnou hlavou  impulzn\u00e9 zariadenie chladenia \u2013 primaz\u00e1vania n\u00e1stroja  v\u00fdvozny dopravn\u00edk \u0161p\u00f4n a odpadu\" \/>\n<meta property=\"og:url\" content=\"https:\/\/www.pressta-eisele.eu\/hu\/produkt\/tdc-622-edgemaster-dvojkotucova-pila\/\" \/>\n<meta property=\"og:site_name\" content=\"Pressta Eisele \u010cS\" \/>\n<meta property=\"article:modified_time\" content=\"2021-02-02T07:57:05+00:00\" \/>\n<meta property=\"og:image\" content=\"https:\/\/www.pressta-eisele.eu\/wp-content\/uploads\/2021\/01\/282.jpg\" \/>\n\t<meta property=\"og:image:width\" content=\"800\" \/>\n\t<meta property=\"og:image:height\" content=\"435\" \/>\n\t<meta property=\"og:image:type\" content=\"image\/jpeg\" \/>\n<meta name=\"twitter:card\" content=\"summary_large_image\" \/>\n<script type=\"application\/ld+json\" class=\"yoast-schema-graph\">{\"@context\":\"https:\\\/\\\/schema.org\",\"@graph\":[{\"@type\":\"WebPage\",\"@id\":\"https:\\\/\\\/www.pressta-eisele.eu\\\/hu\\\/produkt\\\/tdc-622-edgemaster-dvojkotucova-pila\\\/\",\"url\":\"https:\\\/\\\/www.pressta-eisele.eu\\\/hu\\\/produkt\\\/tdc-622-edgemaster-dvojkotucova-pila\\\/\",\"name\":\"TDC 622 EDGEMASTER - Dvojkot\u00fa\u010dov\u00e1 p\u00edla - Pressta Eisele \u010cS\",\"isPartOf\":{\"@id\":\"https:\\\/\\\/www.pressta-eisele.eu\\\/hu\\\/#website\"},\"primaryImageOfPage\":{\"@id\":\"https:\\\/\\\/www.pressta-eisele.eu\\\/hu\\\/produkt\\\/tdc-622-edgemaster-dvojkotucova-pila\\\/#primaryimage\"},\"image\":{\"@id\":\"https:\\\/\\\/www.pressta-eisele.eu\\\/hu\\\/produkt\\\/tdc-622-edgemaster-dvojkotucova-pila\\\/#primaryimage\"},\"thumbnailUrl\":\"https:\\\/\\\/www.pressta-eisele.eu\\\/wp-content\\\/uploads\\\/2021\\\/01\\\/282.jpg\",\"datePublished\":\"2021-01-31T18:43:10+00:00\",\"dateModified\":\"2021-02-02T07:57:05+00:00\",\"breadcrumb\":{\"@id\":\"https:\\\/\\\/www.pressta-eisele.eu\\\/hu\\\/produkt\\\/tdc-622-edgemaster-dvojkotucova-pila\\\/#breadcrumb\"},\"inLanguage\":\"hu\",\"potentialAction\":[{\"@type\":\"ReadAction\",\"target\":[\"https:\\\/\\\/www.pressta-eisele.eu\\\/hu\\\/produkt\\\/tdc-622-edgemaster-dvojkotucova-pila\\\/\"]}]},{\"@type\":\"ImageObject\",\"inLanguage\":\"hu\",\"@id\":\"https:\\\/\\\/www.pressta-eisele.eu\\\/hu\\\/produkt\\\/tdc-622-edgemaster-dvojkotucova-pila\\\/#primaryimage\",\"url\":\"https:\\\/\\\/www.pressta-eisele.eu\\\/wp-content\\\/uploads\\\/2021\\\/01\\\/282.jpg\",\"contentUrl\":\"https:\\\/\\\/www.pressta-eisele.eu\\\/wp-content\\\/uploads\\\/2021\\\/01\\\/282.jpg\",\"width\":800,\"height\":435,\"caption\":\"TDC 622 EDGEMASTER - Dvojkot\u00fa\u010dov\u00e1 p\u00edla\"},{\"@type\":\"BreadcrumbList\",\"@id\":\"https:\\\/\\\/www.pressta-eisele.eu\\\/hu\\\/produkt\\\/tdc-622-edgemaster-dvojkotucova-pila\\\/#breadcrumb\",\"itemListElement\":[{\"@type\":\"ListItem\",\"position\":1,\"name\":\"Home\",\"item\":\"https:\\\/\\\/www.pressta-eisele.eu\\\/hu\\\/\"},{\"@type\":\"ListItem\",\"position\":2,\"name\":\"Shop\",\"item\":\"https:\\\/\\\/www.pressta-eisele.eu\\\/hu\\\/shop\\\/\"},{\"@type\":\"ListItem\",\"position\":3,\"name\":\"TDC 622 EDGEMASTER &#8211; Dvojkot\u00fa\u010dov\u00e1 p\u00edla\"}]},{\"@type\":\"WebSite\",\"@id\":\"https:\\\/\\\/www.pressta-eisele.eu\\\/hu\\\/#website\",\"url\":\"https:\\\/\\\/www.pressta-eisele.eu\\\/hu\\\/\",\"name\":\"Pressta Eisele \u010cS\",\"description\":\"Vitajte vo svete produktivity\",\"publisher\":{\"@id\":\"https:\\\/\\\/www.pressta-eisele.eu\\\/hu\\\/#organization\"},\"potentialAction\":[{\"@type\":\"SearchAction\",\"target\":{\"@type\":\"EntryPoint\",\"urlTemplate\":\"https:\\\/\\\/www.pressta-eisele.eu\\\/hu\\\/?s={search_term_string}\"},\"query-input\":{\"@type\":\"PropertyValueSpecification\",\"valueRequired\":true,\"valueName\":\"search_term_string\"}}],\"inLanguage\":\"hu\"},{\"@type\":\"Organization\",\"@id\":\"https:\\\/\\\/www.pressta-eisele.eu\\\/hu\\\/#organization\",\"name\":\"Pressta Eisele \u010cS\",\"url\":\"https:\\\/\\\/www.pressta-eisele.eu\\\/hu\\\/\",\"logo\":{\"@type\":\"ImageObject\",\"inLanguage\":\"hu\",\"@id\":\"https:\\\/\\\/www.pressta-eisele.eu\\\/hu\\\/#\\\/schema\\\/logo\\\/image\\\/\",\"url\":\"https:\\\/\\\/www.pressta-eisele.eu\\\/wp-content\\\/uploads\\\/2020\\\/11\\\/pressta-logo-01v.svg\",\"contentUrl\":\"https:\\\/\\\/www.pressta-eisele.eu\\\/wp-content\\\/uploads\\\/2020\\\/11\\\/pressta-logo-01v.svg\",\"caption\":\"Pressta Eisele \u010cS\"},\"image\":{\"@id\":\"https:\\\/\\\/www.pressta-eisele.eu\\\/hu\\\/#\\\/schema\\\/logo\\\/image\\\/\"}}]}<\/script>\n<!-- \/ Yoast SEO plugin. -->","yoast_head_json":{"title":"TDC 622 EDGEMASTER - Dvojkot\u00fa\u010dov\u00e1 p\u00edla - Pressta Eisele \u010cS","robots":{"index":"index","follow":"follow","max-snippet":"max-snippet:-1","max-image-preview":"max-image-preview:large","max-video-preview":"max-video-preview:-1"},"canonical":"https:\/\/www.pressta-eisele.eu\/hu\/produkt\/tdc-622-edgemaster-dvojkotucova-pila\/","og_locale":"hu_HU","og_type":"article","og_title":"TDC 622 EDGEMASTER - Dvojkot\u00fa\u010dov\u00e1 p\u00edla - Pressta Eisele \u010cS","og_description":"presn\u00e1 dvojkot\u00fa\u010dov\u00e1 p\u00edla pre profily z\u00a0hlin\u00edka a PVC  p\u00e4\u0165 numericky riaden\u00fdch os\u00ed  pilov\u00e9 kot\u00fa\u010de \u00d8 600 mm  \u0161peci\u00e1lny pohon posuvu pilov\u00fdch kot\u00fa\u010dov umo\u017e\u0148uje v\u00fdnimo\u010dne ve\u013ek\u00fd rozsah rezu(zdvih a potom vodorovn\u00fd pohyb)  d\u013a\u017eka rezu 5 m alebo 6 m  motorick\u00e9 ot\u00e1\u010danie hl\u00e1v v rozsahu 22,5\u00b0- 90\u00b0- 135\u00b0  motorick\u00e9 nakl\u00e1panie hl\u00e1v v rozsahu 90\u00b0- 45\u00b0  \u013eubovo\u013en\u00fd rez v rozsahu stroja nastaven\u00fd z riadiaceho pultu (programovo)  hydropneumatick\u00fd posuv s plynulou regul\u00e1ciou  nastavit\u013en\u00fd v\u00fdsuv pilov\u00fdch kot\u00fa\u010dov  pneumatick\u00fd pohyb krytov  \u0161tyri vertik\u00e1lne up\u00edna\u010de materi\u00e1lu  val\u010dekov\u00e1 dr\u00e1ha pohybliv\u00e1 s posuvnou hlavou  impulzn\u00e9 zariadenie chladenia \u2013 primaz\u00e1vania n\u00e1stroja  v\u00fdvozny dopravn\u00edk \u0161p\u00f4n a odpadu","og_url":"https:\/\/www.pressta-eisele.eu\/hu\/produkt\/tdc-622-edgemaster-dvojkotucova-pila\/","og_site_name":"Pressta Eisele \u010cS","article_modified_time":"2021-02-02T07:57:05+00:00","og_image":[{"width":800,"height":435,"url":"https:\/\/www.pressta-eisele.eu\/wp-content\/uploads\/2021\/01\/282.jpg","type":"image\/jpeg"}],"twitter_card":"summary_large_image","schema":{"@context":"https:\/\/schema.org","@graph":[{"@type":"WebPage","@id":"https:\/\/www.pressta-eisele.eu\/hu\/produkt\/tdc-622-edgemaster-dvojkotucova-pila\/","url":"https:\/\/www.pressta-eisele.eu\/hu\/produkt\/tdc-622-edgemaster-dvojkotucova-pila\/","name":"TDC 622 EDGEMASTER - Dvojkot\u00fa\u010dov\u00e1 p\u00edla - Pressta Eisele \u010cS","isPartOf":{"@id":"https:\/\/www.pressta-eisele.eu\/hu\/#website"},"primaryImageOfPage":{"@id":"https:\/\/www.pressta-eisele.eu\/hu\/produkt\/tdc-622-edgemaster-dvojkotucova-pila\/#primaryimage"},"image":{"@id":"https:\/\/www.pressta-eisele.eu\/hu\/produkt\/tdc-622-edgemaster-dvojkotucova-pila\/#primaryimage"},"thumbnailUrl":"https:\/\/www.pressta-eisele.eu\/wp-content\/uploads\/2021\/01\/282.jpg","datePublished":"2021-01-31T18:43:10+00:00","dateModified":"2021-02-02T07:57:05+00:00","breadcrumb":{"@id":"https:\/\/www.pressta-eisele.eu\/hu\/produkt\/tdc-622-edgemaster-dvojkotucova-pila\/#breadcrumb"},"inLanguage":"hu","potentialAction":[{"@type":"ReadAction","target":["https:\/\/www.pressta-eisele.eu\/hu\/produkt\/tdc-622-edgemaster-dvojkotucova-pila\/"]}]},{"@type":"ImageObject","inLanguage":"hu","@id":"https:\/\/www.pressta-eisele.eu\/hu\/produkt\/tdc-622-edgemaster-dvojkotucova-pila\/#primaryimage","url":"https:\/\/www.pressta-eisele.eu\/wp-content\/uploads\/2021\/01\/282.jpg","contentUrl":"https:\/\/www.pressta-eisele.eu\/wp-content\/uploads\/2021\/01\/282.jpg","width":800,"height":435,"caption":"TDC 622 EDGEMASTER - Dvojkot\u00fa\u010dov\u00e1 p\u00edla"},{"@type":"BreadcrumbList","@id":"https:\/\/www.pressta-eisele.eu\/hu\/produkt\/tdc-622-edgemaster-dvojkotucova-pila\/#breadcrumb","itemListElement":[{"@type":"ListItem","position":1,"name":"Home","item":"https:\/\/www.pressta-eisele.eu\/hu\/"},{"@type":"ListItem","position":2,"name":"Shop","item":"https:\/\/www.pressta-eisele.eu\/hu\/shop\/"},{"@type":"ListItem","position":3,"name":"TDC 622 EDGEMASTER &#8211; Dvojkot\u00fa\u010dov\u00e1 p\u00edla"}]},{"@type":"WebSite","@id":"https:\/\/www.pressta-eisele.eu\/hu\/#website","url":"https:\/\/www.pressta-eisele.eu\/hu\/","name":"Pressta Eisele \u010cS","description":"Vitajte vo svete produktivity","publisher":{"@id":"https:\/\/www.pressta-eisele.eu\/hu\/#organization"},"potentialAction":[{"@type":"SearchAction","target":{"@type":"EntryPoint","urlTemplate":"https:\/\/www.pressta-eisele.eu\/hu\/?s={search_term_string}"},"query-input":{"@type":"PropertyValueSpecification","valueRequired":true,"valueName":"search_term_string"}}],"inLanguage":"hu"},{"@type":"Organization","@id":"https:\/\/www.pressta-eisele.eu\/hu\/#organization","name":"Pressta Eisele \u010cS","url":"https:\/\/www.pressta-eisele.eu\/hu\/","logo":{"@type":"ImageObject","inLanguage":"hu","@id":"https:\/\/www.pressta-eisele.eu\/hu\/#\/schema\/logo\/image\/","url":"https:\/\/www.pressta-eisele.eu\/wp-content\/uploads\/2020\/11\/pressta-logo-01v.svg","contentUrl":"https:\/\/www.pressta-eisele.eu\/wp-content\/uploads\/2020\/11\/pressta-logo-01v.svg","caption":"Pressta Eisele \u010cS"},"image":{"@id":"https:\/\/www.pressta-eisele.eu\/hu\/#\/schema\/logo\/image\/"}}]}},"jetpack_sharing_enabled":true,"_links":{"self":[{"href":"https:\/\/www.pressta-eisele.eu\/hu\/wp-json\/wp\/v2\/product\/1286","targetHints":{"allow":["GET"]}}],"collection":[{"href":"https:\/\/www.pressta-eisele.eu\/hu\/wp-json\/wp\/v2\/product"}],"about":[{"href":"https:\/\/www.pressta-eisele.eu\/hu\/wp-json\/wp\/v2\/types\/product"}],"replies":[{"embeddable":true,"href":"https:\/\/www.pressta-eisele.eu\/hu\/wp-json\/wp\/v2\/comments?post=1286"}],"wp:featuredmedia":[{"embeddable":true,"href":"https:\/\/www.pressta-eisele.eu\/hu\/wp-json\/wp\/v2\/media\/1287"}],"wp:attachment":[{"href":"https:\/\/www.pressta-eisele.eu\/hu\/wp-json\/wp\/v2\/media?parent=1286"}],"wp:term":[{"taxonomy":"product_brand","embeddable":true,"href":"https:\/\/www.pressta-eisele.eu\/hu\/wp-json\/wp\/v2\/product_brand?post=1286"},{"taxonomy":"product_cat","embeddable":true,"href":"https:\/\/www.pressta-eisele.eu\/hu\/wp-json\/wp\/v2\/product_cat?post=1286"},{"taxonomy":"product_tag","embeddable":true,"href":"https:\/\/www.pressta-eisele.eu\/hu\/wp-json\/wp\/v2\/product_tag?post=1286"}],"curies":[{"name":"wp","href":"https:\/\/api.w.org\/{rel}","templated":true}]}}