{"id":1276,"date":"2021-01-31T19:43:10","date_gmt":"2021-01-31T18:43:10","guid":{"rendered":"https:\/\/www.pressta-eisele.eu\/produkt\/sl4-ff-evo-horizontalna-stvorhlava-zvaracka-pvc-profilov\/"},"modified":"2021-01-31T21:25:43","modified_gmt":"2021-01-31T20:25:43","slug":"sl4-ff-evo-horizontalna-stvorhlava-zvaracka-pvc-profilov","status":"publish","type":"product","link":"https:\/\/www.pressta-eisele.eu\/hu\/produkt\/sl4-ff-evo-horizontalna-stvorhlava-zvaracka-pvc-profilov\/","title":{"rendered":"SL4 FF EVO &#8211; Horizont\u00e1lna \u0161tvorhlav\u00e1 zv\u00e1ra\u010dka PVC profilov"},"content":{"rendered":"","protected":false},"excerpt":{"rendered":"<ul>\n<li>4-hlav\u00e1 horizont\u00e1lna zv\u00e1ra\u010dka pre zv\u00e1ranie rohov r\u00e1mov z PVC BEZ POTREBY ZA\u010cISTENIA zvarovej h\u00fasenice<\/li>\n<li>&#8211; jednoduch\u00e9 vkladanie a poz\u00edciovanie profilov<\/li>\n<li>&#8211; paraleln\u00fd syst\u00e9m programovania cyklu zv\u00e1rania pre ka\u017ed\u00fd profil \/pod\u013ea z\u00e1kazky, v\u00fdkresu DXF\/<\/li>\n<li>vysok\u00e1 presnos\u0165 zv\u00e1rania, sp\u00e4tn\u00e1 digit\u00e1lna kontrola<\/li>\n<li>kompenz\u00e1cia ch\u00fdb pri rezan\u00ed rohov, horizont\u00e1lna a vertik\u00e1lna s toleranciou do 2 mm<\/li>\n<li>automatick\u00e9 prisp\u00f4sobenie sa rozdielu vo v\u00fd\u0161ke zv\u00e1ran\u00fdch profilov do 0,7 mm<\/li>\n<li>hladk\u00e9 alebo profilov\u00e9 dokon\u010dovanie (biele alebo farebn\u00e9 profily)<\/li>\n<li>ovl\u00e1dac\u00ed pult s PC, TFT obrazovkou, kl\u00e1vesnicou, my\u0161ou, USB portom<\/li>\n<li>zn\u00ed\u017eenie po\u017eiadaviek na plochu v\u00fdrobnej haly z d\u00f4vodu absencie oto\u010dn\u00e9ho stola a stroja na za\u010distenie rohov<\/li>\n<li>automatick\u00e9 pritla\u010denie proti prevr\u00e1teniu pre kr\u00eddla a renova\u010dn\u00e9 r\u00e1my<\/li>\n<li>automatick\u00fd pritla\u010denie proti ot\u00e1\u010daniu pre kr\u00eddla<\/li>\n<li>syst\u00e9m poz\u00edciovania v\u00fd\u0161kov\u00fdch podlo\u017eiek s magnetick\u00fdm z\u00e1mkom<\/li>\n<li>univerz\u00e1lne oto\u010dn\u00e9 prilo\u017eky profilov (biele, farebn\u00e9, f\u00f3liovan\u00e9, akrylov\u00e9, at\u010f.)<\/li>\n<li>automatick\u00fd syst\u00e9m \u010distenia zv\u00e1rac\u00edch platn\u00ed<\/li>\n<li>automatick\u00e1 zmena teploty zv\u00e1racich platn\u00ed v z\u00e1vislosti od profilu<\/li>\n<li>digit\u00e1lny syst\u00e9m ovl\u00e1dania s bezkontaktn\u00fdmi motormi navz\u00e1jom prepojen\u00fdch cez ethernet<\/li>\n<li>pozi\u010dn\u00fd syst\u00e9m s CNC riaden\u00edm 19 interpolovan\u00fdch os\u00ed<\/li>\n<li>zabudovan\u00fd syst\u00e9m ods\u00e1vania \/ods\u00e1va\u010d je opcia\/<\/li>\n<li>v\u00fdvozn\u00fd dopravn\u00edk<\/li>\n<li>\u010d\u00edta\u010dka \u010diarov\u00e9ho k\u00f3du<\/li>\n<li>syst\u00e9m merania v\u00fd\u0161ky profilu<\/li>\n<\/ul>\n<p>&nbsp;<\/p>\n<ul>\n<li>nap\u00e1janie: 400 V<\/li>\n<li>vonkaj\u0161\u00ed rozmer zv\u00e1ran\u00e9ho r\u00e1mu: 3200 x 2800 mm<\/li>\n<li>vonkaj\u0161\u00ed rozmer zv\u00e1ran\u00e9ho r\u00e1mu: 400 x 370 pre \u0161\u00edrku profilu 70 mm<\/li>\n<li>v\u00fd\u0161ka profilu 58 &#8211; 130 mm<\/li>\n<li>\u0161\u00edrka profilu 40 &#8211; 130 mm<\/li>\n<li>rozmery: 5250 x 5000 x 1800 mm<\/li>\n<\/ul>\n","protected":false},"featured_media":1277,"comment_status":"closed","ping_status":"open","template":"","meta":{"_monsterinsights_skip_tracking":false,"_monsterinsights_sitenote_active":false,"_monsterinsights_sitenote_note":"","_monsterinsights_sitenote_category":0},"product_brand":[],"product_cat":[38],"product_tag":[],"class_list":{"0":"post-1276","1":"product","2":"type-product","3":"status-publish","4":"has-post-thumbnail","6":"product_cat-zvaranie-profilov-a-zacistovanie-rohov","8":"first","9":"instock","10":"product-type-simple"},"yoast_head":"<!-- This site is optimized with the Yoast SEO plugin v27.5 - https:\/\/yoast.com\/product\/yoast-seo-wordpress\/ -->\n<title>SL4 FF EVO - Horizont\u00e1lna \u0161tvorhlav\u00e1 zv\u00e1ra\u010dka PVC profilov - Pressta Eisele \u010cS<\/title>\n<meta name=\"robots\" content=\"index, follow, max-snippet:-1, max-image-preview:large, max-video-preview:-1\" \/>\n<link rel=\"canonical\" href=\"https:\/\/www.pressta-eisele.eu\/hu\/produkt\/sl4-ff-evo-horizontalna-stvorhlava-zvaracka-pvc-profilov\/\" \/>\n<meta property=\"og:locale\" content=\"hu_HU\" \/>\n<meta property=\"og:type\" content=\"article\" \/>\n<meta property=\"og:title\" content=\"SL4 FF EVO - Horizont\u00e1lna \u0161tvorhlav\u00e1 zv\u00e1ra\u010dka PVC profilov - Pressta Eisele \u010cS\" \/>\n<meta property=\"og:description\" content=\"4-hlav\u00e1 horizont\u00e1lna zv\u00e1ra\u010dka pre zv\u00e1ranie rohov r\u00e1mov z PVC BEZ POTREBY ZA\u010cISTENIA zvarovej h\u00fasenice - jednoduch\u00e9 vkladanie a poz\u00edciovanie profilov - paraleln\u00fd syst\u00e9m programovania cyklu zv\u00e1rania pre ka\u017ed\u00fd profil \/pod\u013ea z\u00e1kazky, v\u00fdkresu DXF\/ vysok\u00e1 presnos\u0165 zv\u00e1rania, sp\u00e4tn\u00e1 digit\u00e1lna kontrola kompenz\u00e1cia ch\u00fdb pri rezan\u00ed rohov, horizont\u00e1lna a vertik\u00e1lna s toleranciou do 2 mm automatick\u00e9 prisp\u00f4sobenie sa rozdielu vo v\u00fd\u0161ke zv\u00e1ran\u00fdch profilov do 0,7 mm hladk\u00e9 alebo profilov\u00e9 dokon\u010dovanie (biele alebo farebn\u00e9 profily) ovl\u00e1dac\u00ed pult s PC, TFT obrazovkou, kl\u00e1vesnicou, my\u0161ou, USB portom zn\u00ed\u017eenie po\u017eiadaviek na plochu v\u00fdrobnej haly z d\u00f4vodu absencie oto\u010dn\u00e9ho stola a stroja na za\u010distenie rohov automatick\u00e9 pritla\u010denie proti prevr\u00e1teniu pre kr\u00eddla a renova\u010dn\u00e9 r\u00e1my automatick\u00fd pritla\u010denie proti ot\u00e1\u010daniu pre kr\u00eddla syst\u00e9m poz\u00edciovania v\u00fd\u0161kov\u00fdch podlo\u017eiek s magnetick\u00fdm z\u00e1mkom univerz\u00e1lne oto\u010dn\u00e9 prilo\u017eky profilov (biele, farebn\u00e9, f\u00f3liovan\u00e9, akrylov\u00e9, at\u010f.) automatick\u00fd syst\u00e9m \u010distenia zv\u00e1rac\u00edch platn\u00ed automatick\u00e1 zmena teploty zv\u00e1racich platn\u00ed v z\u00e1vislosti od profilu digit\u00e1lny syst\u00e9m ovl\u00e1dania s bezkontaktn\u00fdmi motormi navz\u00e1jom prepojen\u00fdch cez ethernet pozi\u010dn\u00fd syst\u00e9m s CNC riaden\u00edm 19 interpolovan\u00fdch os\u00ed zabudovan\u00fd syst\u00e9m ods\u00e1vania \/ods\u00e1va\u010d je opcia\/ v\u00fdvozn\u00fd dopravn\u00edk \u010d\u00edta\u010dka \u010diarov\u00e9ho k\u00f3du syst\u00e9m merania v\u00fd\u0161ky profilu&nbsp; nap\u00e1janie: 400 V vonkaj\u0161\u00ed rozmer zv\u00e1ran\u00e9ho r\u00e1mu: 3200 x 2800 mm vonkaj\u0161\u00ed rozmer zv\u00e1ran\u00e9ho r\u00e1mu: 400 x 370 pre \u0161\u00edrku profilu 70 mm v\u00fd\u0161ka profilu 58 - 130 mm \u0161\u00edrka profilu 40 - 130 mm rozmery: 5250 x 5000 x 1800 mm\" \/>\n<meta property=\"og:url\" content=\"https:\/\/www.pressta-eisele.eu\/hu\/produkt\/sl4-ff-evo-horizontalna-stvorhlava-zvaracka-pvc-profilov\/\" \/>\n<meta property=\"og:site_name\" content=\"Pressta Eisele \u010cS\" \/>\n<meta property=\"article:modified_time\" content=\"2021-01-31T20:25:43+00:00\" \/>\n<meta property=\"og:image\" content=\"https:\/\/www.pressta-eisele.eu\/wp-content\/uploads\/2021\/01\/280.jpg\" \/>\n\t<meta property=\"og:image:width\" content=\"800\" \/>\n\t<meta property=\"og:image:height\" content=\"363\" \/>\n\t<meta property=\"og:image:type\" content=\"image\/jpeg\" \/>\n<meta name=\"twitter:card\" content=\"summary_large_image\" \/>\n<script type=\"application\/ld+json\" class=\"yoast-schema-graph\">{\"@context\":\"https:\\\/\\\/schema.org\",\"@graph\":[{\"@type\":\"WebPage\",\"@id\":\"https:\\\/\\\/www.pressta-eisele.eu\\\/hu\\\/produkt\\\/sl4-ff-evo-horizontalna-stvorhlava-zvaracka-pvc-profilov\\\/\",\"url\":\"https:\\\/\\\/www.pressta-eisele.eu\\\/hu\\\/produkt\\\/sl4-ff-evo-horizontalna-stvorhlava-zvaracka-pvc-profilov\\\/\",\"name\":\"SL4 FF EVO - Horizont\u00e1lna \u0161tvorhlav\u00e1 zv\u00e1ra\u010dka PVC profilov - Pressta Eisele \u010cS\",\"isPartOf\":{\"@id\":\"https:\\\/\\\/www.pressta-eisele.eu\\\/hu\\\/#website\"},\"primaryImageOfPage\":{\"@id\":\"https:\\\/\\\/www.pressta-eisele.eu\\\/hu\\\/produkt\\\/sl4-ff-evo-horizontalna-stvorhlava-zvaracka-pvc-profilov\\\/#primaryimage\"},\"image\":{\"@id\":\"https:\\\/\\\/www.pressta-eisele.eu\\\/hu\\\/produkt\\\/sl4-ff-evo-horizontalna-stvorhlava-zvaracka-pvc-profilov\\\/#primaryimage\"},\"thumbnailUrl\":\"https:\\\/\\\/www.pressta-eisele.eu\\\/wp-content\\\/uploads\\\/2021\\\/01\\\/280.jpg\",\"datePublished\":\"2021-01-31T18:43:10+00:00\",\"dateModified\":\"2021-01-31T20:25:43+00:00\",\"breadcrumb\":{\"@id\":\"https:\\\/\\\/www.pressta-eisele.eu\\\/hu\\\/produkt\\\/sl4-ff-evo-horizontalna-stvorhlava-zvaracka-pvc-profilov\\\/#breadcrumb\"},\"inLanguage\":\"hu\",\"potentialAction\":[{\"@type\":\"ReadAction\",\"target\":[\"https:\\\/\\\/www.pressta-eisele.eu\\\/hu\\\/produkt\\\/sl4-ff-evo-horizontalna-stvorhlava-zvaracka-pvc-profilov\\\/\"]}]},{\"@type\":\"ImageObject\",\"inLanguage\":\"hu\",\"@id\":\"https:\\\/\\\/www.pressta-eisele.eu\\\/hu\\\/produkt\\\/sl4-ff-evo-horizontalna-stvorhlava-zvaracka-pvc-profilov\\\/#primaryimage\",\"url\":\"https:\\\/\\\/www.pressta-eisele.eu\\\/wp-content\\\/uploads\\\/2021\\\/01\\\/280.jpg\",\"contentUrl\":\"https:\\\/\\\/www.pressta-eisele.eu\\\/wp-content\\\/uploads\\\/2021\\\/01\\\/280.jpg\",\"width\":800,\"height\":363,\"caption\":\"SL4 FF EVO - Horizont\u00e1lna \u0161tvorhlav\u00e1 zv\u00e1ra\u010dka PVC profilov\"},{\"@type\":\"BreadcrumbList\",\"@id\":\"https:\\\/\\\/www.pressta-eisele.eu\\\/hu\\\/produkt\\\/sl4-ff-evo-horizontalna-stvorhlava-zvaracka-pvc-profilov\\\/#breadcrumb\",\"itemListElement\":[{\"@type\":\"ListItem\",\"position\":1,\"name\":\"Home\",\"item\":\"https:\\\/\\\/www.pressta-eisele.eu\\\/hu\\\/\"},{\"@type\":\"ListItem\",\"position\":2,\"name\":\"Shop\",\"item\":\"https:\\\/\\\/www.pressta-eisele.eu\\\/hu\\\/shop\\\/\"},{\"@type\":\"ListItem\",\"position\":3,\"name\":\"SL4 FF EVO &#8211; Horizont\u00e1lna \u0161tvorhlav\u00e1 zv\u00e1ra\u010dka PVC profilov\"}]},{\"@type\":\"WebSite\",\"@id\":\"https:\\\/\\\/www.pressta-eisele.eu\\\/hu\\\/#website\",\"url\":\"https:\\\/\\\/www.pressta-eisele.eu\\\/hu\\\/\",\"name\":\"Pressta Eisele \u010cS\",\"description\":\"Vitajte vo svete produktivity\",\"publisher\":{\"@id\":\"https:\\\/\\\/www.pressta-eisele.eu\\\/hu\\\/#organization\"},\"potentialAction\":[{\"@type\":\"SearchAction\",\"target\":{\"@type\":\"EntryPoint\",\"urlTemplate\":\"https:\\\/\\\/www.pressta-eisele.eu\\\/hu\\\/?s={search_term_string}\"},\"query-input\":{\"@type\":\"PropertyValueSpecification\",\"valueRequired\":true,\"valueName\":\"search_term_string\"}}],\"inLanguage\":\"hu\"},{\"@type\":\"Organization\",\"@id\":\"https:\\\/\\\/www.pressta-eisele.eu\\\/hu\\\/#organization\",\"name\":\"Pressta Eisele \u010cS\",\"url\":\"https:\\\/\\\/www.pressta-eisele.eu\\\/hu\\\/\",\"logo\":{\"@type\":\"ImageObject\",\"inLanguage\":\"hu\",\"@id\":\"https:\\\/\\\/www.pressta-eisele.eu\\\/hu\\\/#\\\/schema\\\/logo\\\/image\\\/\",\"url\":\"https:\\\/\\\/www.pressta-eisele.eu\\\/wp-content\\\/uploads\\\/2020\\\/11\\\/pressta-logo-01v.svg\",\"contentUrl\":\"https:\\\/\\\/www.pressta-eisele.eu\\\/wp-content\\\/uploads\\\/2020\\\/11\\\/pressta-logo-01v.svg\",\"caption\":\"Pressta Eisele \u010cS\"},\"image\":{\"@id\":\"https:\\\/\\\/www.pressta-eisele.eu\\\/hu\\\/#\\\/schema\\\/logo\\\/image\\\/\"}}]}<\/script>\n<!-- \/ Yoast SEO plugin. -->","yoast_head_json":{"title":"SL4 FF EVO - Horizont\u00e1lna \u0161tvorhlav\u00e1 zv\u00e1ra\u010dka PVC profilov - Pressta Eisele \u010cS","robots":{"index":"index","follow":"follow","max-snippet":"max-snippet:-1","max-image-preview":"max-image-preview:large","max-video-preview":"max-video-preview:-1"},"canonical":"https:\/\/www.pressta-eisele.eu\/hu\/produkt\/sl4-ff-evo-horizontalna-stvorhlava-zvaracka-pvc-profilov\/","og_locale":"hu_HU","og_type":"article","og_title":"SL4 FF EVO - Horizont\u00e1lna \u0161tvorhlav\u00e1 zv\u00e1ra\u010dka PVC profilov - Pressta Eisele \u010cS","og_description":"4-hlav\u00e1 horizont\u00e1lna zv\u00e1ra\u010dka pre zv\u00e1ranie rohov r\u00e1mov z PVC BEZ POTREBY ZA\u010cISTENIA zvarovej h\u00fasenice - jednoduch\u00e9 vkladanie a poz\u00edciovanie profilov - paraleln\u00fd syst\u00e9m programovania cyklu zv\u00e1rania pre ka\u017ed\u00fd profil \/pod\u013ea z\u00e1kazky, v\u00fdkresu DXF\/ vysok\u00e1 presnos\u0165 zv\u00e1rania, sp\u00e4tn\u00e1 digit\u00e1lna kontrola kompenz\u00e1cia ch\u00fdb pri rezan\u00ed rohov, horizont\u00e1lna a vertik\u00e1lna s toleranciou do 2 mm automatick\u00e9 prisp\u00f4sobenie sa rozdielu vo v\u00fd\u0161ke zv\u00e1ran\u00fdch profilov do 0,7 mm hladk\u00e9 alebo profilov\u00e9 dokon\u010dovanie (biele alebo farebn\u00e9 profily) ovl\u00e1dac\u00ed pult s PC, TFT obrazovkou, kl\u00e1vesnicou, my\u0161ou, USB portom zn\u00ed\u017eenie po\u017eiadaviek na plochu v\u00fdrobnej haly z d\u00f4vodu absencie oto\u010dn\u00e9ho stola a stroja na za\u010distenie rohov automatick\u00e9 pritla\u010denie proti prevr\u00e1teniu pre kr\u00eddla a renova\u010dn\u00e9 r\u00e1my automatick\u00fd pritla\u010denie proti ot\u00e1\u010daniu pre kr\u00eddla syst\u00e9m poz\u00edciovania v\u00fd\u0161kov\u00fdch podlo\u017eiek s magnetick\u00fdm z\u00e1mkom univerz\u00e1lne oto\u010dn\u00e9 prilo\u017eky profilov (biele, farebn\u00e9, f\u00f3liovan\u00e9, akrylov\u00e9, at\u010f.) automatick\u00fd syst\u00e9m \u010distenia zv\u00e1rac\u00edch platn\u00ed automatick\u00e1 zmena teploty zv\u00e1racich platn\u00ed v z\u00e1vislosti od profilu digit\u00e1lny syst\u00e9m ovl\u00e1dania s bezkontaktn\u00fdmi motormi navz\u00e1jom prepojen\u00fdch cez ethernet pozi\u010dn\u00fd syst\u00e9m s CNC riaden\u00edm 19 interpolovan\u00fdch os\u00ed zabudovan\u00fd syst\u00e9m ods\u00e1vania \/ods\u00e1va\u010d je opcia\/ v\u00fdvozn\u00fd dopravn\u00edk \u010d\u00edta\u010dka \u010diarov\u00e9ho k\u00f3du syst\u00e9m merania v\u00fd\u0161ky profilu&nbsp; nap\u00e1janie: 400 V vonkaj\u0161\u00ed rozmer zv\u00e1ran\u00e9ho r\u00e1mu: 3200 x 2800 mm vonkaj\u0161\u00ed rozmer zv\u00e1ran\u00e9ho r\u00e1mu: 400 x 370 pre \u0161\u00edrku profilu 70 mm v\u00fd\u0161ka profilu 58 - 130 mm \u0161\u00edrka profilu 40 - 130 mm rozmery: 5250 x 5000 x 1800 mm","og_url":"https:\/\/www.pressta-eisele.eu\/hu\/produkt\/sl4-ff-evo-horizontalna-stvorhlava-zvaracka-pvc-profilov\/","og_site_name":"Pressta Eisele \u010cS","article_modified_time":"2021-01-31T20:25:43+00:00","og_image":[{"width":800,"height":363,"url":"https:\/\/www.pressta-eisele.eu\/wp-content\/uploads\/2021\/01\/280.jpg","type":"image\/jpeg"}],"twitter_card":"summary_large_image","schema":{"@context":"https:\/\/schema.org","@graph":[{"@type":"WebPage","@id":"https:\/\/www.pressta-eisele.eu\/hu\/produkt\/sl4-ff-evo-horizontalna-stvorhlava-zvaracka-pvc-profilov\/","url":"https:\/\/www.pressta-eisele.eu\/hu\/produkt\/sl4-ff-evo-horizontalna-stvorhlava-zvaracka-pvc-profilov\/","name":"SL4 FF EVO - Horizont\u00e1lna \u0161tvorhlav\u00e1 zv\u00e1ra\u010dka PVC profilov - Pressta Eisele \u010cS","isPartOf":{"@id":"https:\/\/www.pressta-eisele.eu\/hu\/#website"},"primaryImageOfPage":{"@id":"https:\/\/www.pressta-eisele.eu\/hu\/produkt\/sl4-ff-evo-horizontalna-stvorhlava-zvaracka-pvc-profilov\/#primaryimage"},"image":{"@id":"https:\/\/www.pressta-eisele.eu\/hu\/produkt\/sl4-ff-evo-horizontalna-stvorhlava-zvaracka-pvc-profilov\/#primaryimage"},"thumbnailUrl":"https:\/\/www.pressta-eisele.eu\/wp-content\/uploads\/2021\/01\/280.jpg","datePublished":"2021-01-31T18:43:10+00:00","dateModified":"2021-01-31T20:25:43+00:00","breadcrumb":{"@id":"https:\/\/www.pressta-eisele.eu\/hu\/produkt\/sl4-ff-evo-horizontalna-stvorhlava-zvaracka-pvc-profilov\/#breadcrumb"},"inLanguage":"hu","potentialAction":[{"@type":"ReadAction","target":["https:\/\/www.pressta-eisele.eu\/hu\/produkt\/sl4-ff-evo-horizontalna-stvorhlava-zvaracka-pvc-profilov\/"]}]},{"@type":"ImageObject","inLanguage":"hu","@id":"https:\/\/www.pressta-eisele.eu\/hu\/produkt\/sl4-ff-evo-horizontalna-stvorhlava-zvaracka-pvc-profilov\/#primaryimage","url":"https:\/\/www.pressta-eisele.eu\/wp-content\/uploads\/2021\/01\/280.jpg","contentUrl":"https:\/\/www.pressta-eisele.eu\/wp-content\/uploads\/2021\/01\/280.jpg","width":800,"height":363,"caption":"SL4 FF EVO - Horizont\u00e1lna \u0161tvorhlav\u00e1 zv\u00e1ra\u010dka PVC profilov"},{"@type":"BreadcrumbList","@id":"https:\/\/www.pressta-eisele.eu\/hu\/produkt\/sl4-ff-evo-horizontalna-stvorhlava-zvaracka-pvc-profilov\/#breadcrumb","itemListElement":[{"@type":"ListItem","position":1,"name":"Home","item":"https:\/\/www.pressta-eisele.eu\/hu\/"},{"@type":"ListItem","position":2,"name":"Shop","item":"https:\/\/www.pressta-eisele.eu\/hu\/shop\/"},{"@type":"ListItem","position":3,"name":"SL4 FF EVO &#8211; Horizont\u00e1lna \u0161tvorhlav\u00e1 zv\u00e1ra\u010dka PVC profilov"}]},{"@type":"WebSite","@id":"https:\/\/www.pressta-eisele.eu\/hu\/#website","url":"https:\/\/www.pressta-eisele.eu\/hu\/","name":"Pressta Eisele \u010cS","description":"Vitajte vo svete produktivity","publisher":{"@id":"https:\/\/www.pressta-eisele.eu\/hu\/#organization"},"potentialAction":[{"@type":"SearchAction","target":{"@type":"EntryPoint","urlTemplate":"https:\/\/www.pressta-eisele.eu\/hu\/?s={search_term_string}"},"query-input":{"@type":"PropertyValueSpecification","valueRequired":true,"valueName":"search_term_string"}}],"inLanguage":"hu"},{"@type":"Organization","@id":"https:\/\/www.pressta-eisele.eu\/hu\/#organization","name":"Pressta Eisele \u010cS","url":"https:\/\/www.pressta-eisele.eu\/hu\/","logo":{"@type":"ImageObject","inLanguage":"hu","@id":"https:\/\/www.pressta-eisele.eu\/hu\/#\/schema\/logo\/image\/","url":"https:\/\/www.pressta-eisele.eu\/wp-content\/uploads\/2020\/11\/pressta-logo-01v.svg","contentUrl":"https:\/\/www.pressta-eisele.eu\/wp-content\/uploads\/2020\/11\/pressta-logo-01v.svg","caption":"Pressta Eisele \u010cS"},"image":{"@id":"https:\/\/www.pressta-eisele.eu\/hu\/#\/schema\/logo\/image\/"}}]}},"jetpack_sharing_enabled":true,"_links":{"self":[{"href":"https:\/\/www.pressta-eisele.eu\/hu\/wp-json\/wp\/v2\/product\/1276","targetHints":{"allow":["GET"]}}],"collection":[{"href":"https:\/\/www.pressta-eisele.eu\/hu\/wp-json\/wp\/v2\/product"}],"about":[{"href":"https:\/\/www.pressta-eisele.eu\/hu\/wp-json\/wp\/v2\/types\/product"}],"replies":[{"embeddable":true,"href":"https:\/\/www.pressta-eisele.eu\/hu\/wp-json\/wp\/v2\/comments?post=1276"}],"wp:featuredmedia":[{"embeddable":true,"href":"https:\/\/www.pressta-eisele.eu\/hu\/wp-json\/wp\/v2\/media\/1277"}],"wp:attachment":[{"href":"https:\/\/www.pressta-eisele.eu\/hu\/wp-json\/wp\/v2\/media?parent=1276"}],"wp:term":[{"taxonomy":"product_brand","embeddable":true,"href":"https:\/\/www.pressta-eisele.eu\/hu\/wp-json\/wp\/v2\/product_brand?post=1276"},{"taxonomy":"product_cat","embeddable":true,"href":"https:\/\/www.pressta-eisele.eu\/hu\/wp-json\/wp\/v2\/product_cat?post=1276"},{"taxonomy":"product_tag","embeddable":true,"href":"https:\/\/www.pressta-eisele.eu\/hu\/wp-json\/wp\/v2\/product_tag?post=1276"}],"curies":[{"name":"wp","href":"https:\/\/api.w.org\/{rel}","templated":true}]}}