{"id":1271,"date":"2021-01-31T19:43:10","date_gmt":"2021-01-31T18:43:10","guid":{"rendered":"https:\/\/www.pressta-eisele.eu\/produkt\/rondo-fsau-cnc-univerzalny-frezovaci-automat-kridlovych-stulpovych-spiciek\/"},"modified":"2021-01-31T22:13:34","modified_gmt":"2021-01-31T21:13:34","slug":"rondo-fsau-cnc-univerzalny-frezovaci-automat-kridlovych-stulpovych-spiciek","status":"publish","type":"product","link":"https:\/\/www.pressta-eisele.eu\/hu\/produkt\/rondo-fsau-cnc-univerzalny-frezovaci-automat-kridlovych-stulpovych-spiciek\/","title":{"rendered":"RONDO FSAU &#8211; CNC &#8211; Univerz\u00e1lny fr\u00e9zovac\u00ed automat kr\u00eddlov\u00fdch \u0161tulpov\u00fdch \u0161pi\u010diek"},"content":{"rendered":"","protected":false},"excerpt":{"rendered":"<ul>\n<li>stroj je ur\u010den\u00fd v\u00fdhradne pre odfr\u00e9zovanie \u0161tulpov\u00fdch \u0161pi\u010diek na okenn\u00fdch kr\u00eddlach<\/li>\n<li>uhlov\u00fd rozsah opracovania od 150\u00b0 do 30\u00b0.<\/li>\n<li>poloautomatick\u00e1 a\u00a0automatick\u00e1 prev\u00e1dzka cyklu za\u010distenia rohu<\/li>\n<li>automatick\u00e1 prev\u00e1dzka je ur\u010den\u00e1 pre pravouhl\u00e9 r\u00e1mu<\/li>\n<li>poloautomatick\u00e1 prev\u00e1dzka je ur\u010den\u00e1 pre opracovanie tup\u00fdch a ostr\u00fdch uhlov<\/li>\n<li>jednoduch\u00fd z\u00e1pis korekcie dr\u00e1hy s presnos\u0165ou na 0,1 mm<\/li>\n<\/ul>\n","protected":false},"featured_media":1272,"comment_status":"closed","ping_status":"open","template":"","meta":{"_monsterinsights_skip_tracking":false,"_monsterinsights_sitenote_active":false,"_monsterinsights_sitenote_note":"","_monsterinsights_sitenote_category":0},"product_brand":[],"product_cat":[35],"product_tag":[],"class_list":{"0":"post-1271","1":"product","2":"type-product","3":"status-publish","4":"has-post-thumbnail","6":"product_cat-specialne-zariadenia-stroje-pre-pvc","8":"first","9":"instock","10":"product-type-simple"},"yoast_head":"<!-- This site is optimized with the Yoast SEO plugin v27.4 - https:\/\/yoast.com\/product\/yoast-seo-wordpress\/ -->\n<title>RONDO FSAU - CNC - Univerz\u00e1lny fr\u00e9zovac\u00ed automat kr\u00eddlov\u00fdch \u0161tulpov\u00fdch \u0161pi\u010diek - Pressta Eisele \u010cS<\/title>\n<meta name=\"robots\" content=\"index, follow, max-snippet:-1, max-image-preview:large, max-video-preview:-1\" \/>\n<link rel=\"canonical\" href=\"https:\/\/www.pressta-eisele.eu\/hu\/produkt\/rondo-fsau-cnc-univerzalny-frezovaci-automat-kridlovych-stulpovych-spiciek\/\" \/>\n<meta property=\"og:locale\" content=\"hu_HU\" \/>\n<meta property=\"og:type\" content=\"article\" \/>\n<meta property=\"og:title\" content=\"RONDO FSAU - CNC - Univerz\u00e1lny fr\u00e9zovac\u00ed automat kr\u00eddlov\u00fdch \u0161tulpov\u00fdch \u0161pi\u010diek - Pressta Eisele \u010cS\" \/>\n<meta property=\"og:description\" content=\"stroj je ur\u010den\u00fd v\u00fdhradne pre odfr\u00e9zovanie \u0161tulpov\u00fdch \u0161pi\u010diek na okenn\u00fdch kr\u00eddlach uhlov\u00fd rozsah opracovania od 150\u00b0 do 30\u00b0. poloautomatick\u00e1 a\u00a0automatick\u00e1 prev\u00e1dzka cyklu za\u010distenia rohu automatick\u00e1 prev\u00e1dzka je ur\u010den\u00e1 pre pravouhl\u00e9 r\u00e1mu poloautomatick\u00e1 prev\u00e1dzka je ur\u010den\u00e1 pre opracovanie tup\u00fdch a ostr\u00fdch uhlov jednoduch\u00fd z\u00e1pis korekcie dr\u00e1hy s presnos\u0165ou na 0,1 mm\" \/>\n<meta property=\"og:url\" content=\"https:\/\/www.pressta-eisele.eu\/hu\/produkt\/rondo-fsau-cnc-univerzalny-frezovaci-automat-kridlovych-stulpovych-spiciek\/\" \/>\n<meta property=\"og:site_name\" content=\"Pressta Eisele \u010cS\" \/>\n<meta property=\"article:modified_time\" content=\"2021-01-31T21:13:34+00:00\" \/>\n<meta property=\"og:image\" content=\"https:\/\/www.pressta-eisele.eu\/wp-content\/uploads\/2021\/01\/279.jpg\" \/>\n\t<meta property=\"og:image:width\" content=\"557\" \/>\n\t<meta property=\"og:image:height\" content=\"570\" \/>\n\t<meta property=\"og:image:type\" content=\"image\/jpeg\" \/>\n<meta name=\"twitter:card\" content=\"summary_large_image\" \/>\n<script type=\"application\/ld+json\" class=\"yoast-schema-graph\">{\"@context\":\"https:\\\/\\\/schema.org\",\"@graph\":[{\"@type\":\"WebPage\",\"@id\":\"https:\\\/\\\/www.pressta-eisele.eu\\\/hu\\\/produkt\\\/rondo-fsau-cnc-univerzalny-frezovaci-automat-kridlovych-stulpovych-spiciek\\\/\",\"url\":\"https:\\\/\\\/www.pressta-eisele.eu\\\/hu\\\/produkt\\\/rondo-fsau-cnc-univerzalny-frezovaci-automat-kridlovych-stulpovych-spiciek\\\/\",\"name\":\"RONDO FSAU - CNC - Univerz\u00e1lny fr\u00e9zovac\u00ed automat kr\u00eddlov\u00fdch \u0161tulpov\u00fdch \u0161pi\u010diek - Pressta Eisele \u010cS\",\"isPartOf\":{\"@id\":\"https:\\\/\\\/www.pressta-eisele.eu\\\/hu\\\/#website\"},\"primaryImageOfPage\":{\"@id\":\"https:\\\/\\\/www.pressta-eisele.eu\\\/hu\\\/produkt\\\/rondo-fsau-cnc-univerzalny-frezovaci-automat-kridlovych-stulpovych-spiciek\\\/#primaryimage\"},\"image\":{\"@id\":\"https:\\\/\\\/www.pressta-eisele.eu\\\/hu\\\/produkt\\\/rondo-fsau-cnc-univerzalny-frezovaci-automat-kridlovych-stulpovych-spiciek\\\/#primaryimage\"},\"thumbnailUrl\":\"https:\\\/\\\/www.pressta-eisele.eu\\\/wp-content\\\/uploads\\\/2021\\\/01\\\/279.jpg\",\"datePublished\":\"2021-01-31T18:43:10+00:00\",\"dateModified\":\"2021-01-31T21:13:34+00:00\",\"breadcrumb\":{\"@id\":\"https:\\\/\\\/www.pressta-eisele.eu\\\/hu\\\/produkt\\\/rondo-fsau-cnc-univerzalny-frezovaci-automat-kridlovych-stulpovych-spiciek\\\/#breadcrumb\"},\"inLanguage\":\"hu\",\"potentialAction\":[{\"@type\":\"ReadAction\",\"target\":[\"https:\\\/\\\/www.pressta-eisele.eu\\\/hu\\\/produkt\\\/rondo-fsau-cnc-univerzalny-frezovaci-automat-kridlovych-stulpovych-spiciek\\\/\"]}]},{\"@type\":\"ImageObject\",\"inLanguage\":\"hu\",\"@id\":\"https:\\\/\\\/www.pressta-eisele.eu\\\/hu\\\/produkt\\\/rondo-fsau-cnc-univerzalny-frezovaci-automat-kridlovych-stulpovych-spiciek\\\/#primaryimage\",\"url\":\"https:\\\/\\\/www.pressta-eisele.eu\\\/wp-content\\\/uploads\\\/2021\\\/01\\\/279.jpg\",\"contentUrl\":\"https:\\\/\\\/www.pressta-eisele.eu\\\/wp-content\\\/uploads\\\/2021\\\/01\\\/279.jpg\",\"width\":557,\"height\":570,\"caption\":\"RONDO FSAU - CNC - Univerz\u00e1lny fr\u00e9zovac\u00ed automat kr\u00eddlov\u00fdch \u0161tulpov\u00fdch \u0161pi\u010diek\"},{\"@type\":\"BreadcrumbList\",\"@id\":\"https:\\\/\\\/www.pressta-eisele.eu\\\/hu\\\/produkt\\\/rondo-fsau-cnc-univerzalny-frezovaci-automat-kridlovych-stulpovych-spiciek\\\/#breadcrumb\",\"itemListElement\":[{\"@type\":\"ListItem\",\"position\":1,\"name\":\"Home\",\"item\":\"https:\\\/\\\/www.pressta-eisele.eu\\\/hu\\\/\"},{\"@type\":\"ListItem\",\"position\":2,\"name\":\"Shop\",\"item\":\"https:\\\/\\\/www.pressta-eisele.eu\\\/hu\\\/shop\\\/\"},{\"@type\":\"ListItem\",\"position\":3,\"name\":\"RONDO FSAU &#8211; CNC &#8211; Univerz\u00e1lny fr\u00e9zovac\u00ed automat kr\u00eddlov\u00fdch \u0161tulpov\u00fdch \u0161pi\u010diek\"}]},{\"@type\":\"WebSite\",\"@id\":\"https:\\\/\\\/www.pressta-eisele.eu\\\/hu\\\/#website\",\"url\":\"https:\\\/\\\/www.pressta-eisele.eu\\\/hu\\\/\",\"name\":\"Pressta Eisele \u010cS\",\"description\":\"Vitajte vo svete produktivity\",\"publisher\":{\"@id\":\"https:\\\/\\\/www.pressta-eisele.eu\\\/hu\\\/#organization\"},\"potentialAction\":[{\"@type\":\"SearchAction\",\"target\":{\"@type\":\"EntryPoint\",\"urlTemplate\":\"https:\\\/\\\/www.pressta-eisele.eu\\\/hu\\\/?s={search_term_string}\"},\"query-input\":{\"@type\":\"PropertyValueSpecification\",\"valueRequired\":true,\"valueName\":\"search_term_string\"}}],\"inLanguage\":\"hu\"},{\"@type\":\"Organization\",\"@id\":\"https:\\\/\\\/www.pressta-eisele.eu\\\/hu\\\/#organization\",\"name\":\"Pressta Eisele \u010cS\",\"url\":\"https:\\\/\\\/www.pressta-eisele.eu\\\/hu\\\/\",\"logo\":{\"@type\":\"ImageObject\",\"inLanguage\":\"hu\",\"@id\":\"https:\\\/\\\/www.pressta-eisele.eu\\\/hu\\\/#\\\/schema\\\/logo\\\/image\\\/\",\"url\":\"https:\\\/\\\/www.pressta-eisele.eu\\\/wp-content\\\/uploads\\\/2020\\\/11\\\/pressta-logo-01v.svg\",\"contentUrl\":\"https:\\\/\\\/www.pressta-eisele.eu\\\/wp-content\\\/uploads\\\/2020\\\/11\\\/pressta-logo-01v.svg\",\"caption\":\"Pressta Eisele \u010cS\"},\"image\":{\"@id\":\"https:\\\/\\\/www.pressta-eisele.eu\\\/hu\\\/#\\\/schema\\\/logo\\\/image\\\/\"}}]}<\/script>\n<!-- \/ Yoast SEO plugin. -->","yoast_head_json":{"title":"RONDO FSAU - CNC - Univerz\u00e1lny fr\u00e9zovac\u00ed automat kr\u00eddlov\u00fdch \u0161tulpov\u00fdch \u0161pi\u010diek - Pressta Eisele \u010cS","robots":{"index":"index","follow":"follow","max-snippet":"max-snippet:-1","max-image-preview":"max-image-preview:large","max-video-preview":"max-video-preview:-1"},"canonical":"https:\/\/www.pressta-eisele.eu\/hu\/produkt\/rondo-fsau-cnc-univerzalny-frezovaci-automat-kridlovych-stulpovych-spiciek\/","og_locale":"hu_HU","og_type":"article","og_title":"RONDO FSAU - CNC - Univerz\u00e1lny fr\u00e9zovac\u00ed automat kr\u00eddlov\u00fdch \u0161tulpov\u00fdch \u0161pi\u010diek - Pressta Eisele \u010cS","og_description":"stroj je ur\u010den\u00fd v\u00fdhradne pre odfr\u00e9zovanie \u0161tulpov\u00fdch \u0161pi\u010diek na okenn\u00fdch kr\u00eddlach uhlov\u00fd rozsah opracovania od 150\u00b0 do 30\u00b0. poloautomatick\u00e1 a\u00a0automatick\u00e1 prev\u00e1dzka cyklu za\u010distenia rohu automatick\u00e1 prev\u00e1dzka je ur\u010den\u00e1 pre pravouhl\u00e9 r\u00e1mu poloautomatick\u00e1 prev\u00e1dzka je ur\u010den\u00e1 pre opracovanie tup\u00fdch a ostr\u00fdch uhlov jednoduch\u00fd z\u00e1pis korekcie dr\u00e1hy s presnos\u0165ou na 0,1 mm","og_url":"https:\/\/www.pressta-eisele.eu\/hu\/produkt\/rondo-fsau-cnc-univerzalny-frezovaci-automat-kridlovych-stulpovych-spiciek\/","og_site_name":"Pressta Eisele \u010cS","article_modified_time":"2021-01-31T21:13:34+00:00","og_image":[{"width":557,"height":570,"url":"https:\/\/www.pressta-eisele.eu\/wp-content\/uploads\/2021\/01\/279.jpg","type":"image\/jpeg"}],"twitter_card":"summary_large_image","schema":{"@context":"https:\/\/schema.org","@graph":[{"@type":"WebPage","@id":"https:\/\/www.pressta-eisele.eu\/hu\/produkt\/rondo-fsau-cnc-univerzalny-frezovaci-automat-kridlovych-stulpovych-spiciek\/","url":"https:\/\/www.pressta-eisele.eu\/hu\/produkt\/rondo-fsau-cnc-univerzalny-frezovaci-automat-kridlovych-stulpovych-spiciek\/","name":"RONDO FSAU - CNC - Univerz\u00e1lny fr\u00e9zovac\u00ed automat kr\u00eddlov\u00fdch \u0161tulpov\u00fdch \u0161pi\u010diek - Pressta Eisele \u010cS","isPartOf":{"@id":"https:\/\/www.pressta-eisele.eu\/hu\/#website"},"primaryImageOfPage":{"@id":"https:\/\/www.pressta-eisele.eu\/hu\/produkt\/rondo-fsau-cnc-univerzalny-frezovaci-automat-kridlovych-stulpovych-spiciek\/#primaryimage"},"image":{"@id":"https:\/\/www.pressta-eisele.eu\/hu\/produkt\/rondo-fsau-cnc-univerzalny-frezovaci-automat-kridlovych-stulpovych-spiciek\/#primaryimage"},"thumbnailUrl":"https:\/\/www.pressta-eisele.eu\/wp-content\/uploads\/2021\/01\/279.jpg","datePublished":"2021-01-31T18:43:10+00:00","dateModified":"2021-01-31T21:13:34+00:00","breadcrumb":{"@id":"https:\/\/www.pressta-eisele.eu\/hu\/produkt\/rondo-fsau-cnc-univerzalny-frezovaci-automat-kridlovych-stulpovych-spiciek\/#breadcrumb"},"inLanguage":"hu","potentialAction":[{"@type":"ReadAction","target":["https:\/\/www.pressta-eisele.eu\/hu\/produkt\/rondo-fsau-cnc-univerzalny-frezovaci-automat-kridlovych-stulpovych-spiciek\/"]}]},{"@type":"ImageObject","inLanguage":"hu","@id":"https:\/\/www.pressta-eisele.eu\/hu\/produkt\/rondo-fsau-cnc-univerzalny-frezovaci-automat-kridlovych-stulpovych-spiciek\/#primaryimage","url":"https:\/\/www.pressta-eisele.eu\/wp-content\/uploads\/2021\/01\/279.jpg","contentUrl":"https:\/\/www.pressta-eisele.eu\/wp-content\/uploads\/2021\/01\/279.jpg","width":557,"height":570,"caption":"RONDO FSAU - CNC - Univerz\u00e1lny fr\u00e9zovac\u00ed automat kr\u00eddlov\u00fdch \u0161tulpov\u00fdch \u0161pi\u010diek"},{"@type":"BreadcrumbList","@id":"https:\/\/www.pressta-eisele.eu\/hu\/produkt\/rondo-fsau-cnc-univerzalny-frezovaci-automat-kridlovych-stulpovych-spiciek\/#breadcrumb","itemListElement":[{"@type":"ListItem","position":1,"name":"Home","item":"https:\/\/www.pressta-eisele.eu\/hu\/"},{"@type":"ListItem","position":2,"name":"Shop","item":"https:\/\/www.pressta-eisele.eu\/hu\/shop\/"},{"@type":"ListItem","position":3,"name":"RONDO FSAU &#8211; CNC &#8211; Univerz\u00e1lny fr\u00e9zovac\u00ed automat kr\u00eddlov\u00fdch \u0161tulpov\u00fdch \u0161pi\u010diek"}]},{"@type":"WebSite","@id":"https:\/\/www.pressta-eisele.eu\/hu\/#website","url":"https:\/\/www.pressta-eisele.eu\/hu\/","name":"Pressta Eisele \u010cS","description":"Vitajte vo svete produktivity","publisher":{"@id":"https:\/\/www.pressta-eisele.eu\/hu\/#organization"},"potentialAction":[{"@type":"SearchAction","target":{"@type":"EntryPoint","urlTemplate":"https:\/\/www.pressta-eisele.eu\/hu\/?s={search_term_string}"},"query-input":{"@type":"PropertyValueSpecification","valueRequired":true,"valueName":"search_term_string"}}],"inLanguage":"hu"},{"@type":"Organization","@id":"https:\/\/www.pressta-eisele.eu\/hu\/#organization","name":"Pressta Eisele \u010cS","url":"https:\/\/www.pressta-eisele.eu\/hu\/","logo":{"@type":"ImageObject","inLanguage":"hu","@id":"https:\/\/www.pressta-eisele.eu\/hu\/#\/schema\/logo\/image\/","url":"https:\/\/www.pressta-eisele.eu\/wp-content\/uploads\/2020\/11\/pressta-logo-01v.svg","contentUrl":"https:\/\/www.pressta-eisele.eu\/wp-content\/uploads\/2020\/11\/pressta-logo-01v.svg","caption":"Pressta Eisele \u010cS"},"image":{"@id":"https:\/\/www.pressta-eisele.eu\/hu\/#\/schema\/logo\/image\/"}}]}},"jetpack_sharing_enabled":true,"_links":{"self":[{"href":"https:\/\/www.pressta-eisele.eu\/hu\/wp-json\/wp\/v2\/product\/1271","targetHints":{"allow":["GET"]}}],"collection":[{"href":"https:\/\/www.pressta-eisele.eu\/hu\/wp-json\/wp\/v2\/product"}],"about":[{"href":"https:\/\/www.pressta-eisele.eu\/hu\/wp-json\/wp\/v2\/types\/product"}],"replies":[{"embeddable":true,"href":"https:\/\/www.pressta-eisele.eu\/hu\/wp-json\/wp\/v2\/comments?post=1271"}],"wp:featuredmedia":[{"embeddable":true,"href":"https:\/\/www.pressta-eisele.eu\/hu\/wp-json\/wp\/v2\/media\/1272"}],"wp:attachment":[{"href":"https:\/\/www.pressta-eisele.eu\/hu\/wp-json\/wp\/v2\/media?parent=1271"}],"wp:term":[{"taxonomy":"product_brand","embeddable":true,"href":"https:\/\/www.pressta-eisele.eu\/hu\/wp-json\/wp\/v2\/product_brand?post=1271"},{"taxonomy":"product_cat","embeddable":true,"href":"https:\/\/www.pressta-eisele.eu\/hu\/wp-json\/wp\/v2\/product_cat?post=1271"},{"taxonomy":"product_tag","embeddable":true,"href":"https:\/\/www.pressta-eisele.eu\/hu\/wp-json\/wp\/v2\/product_tag?post=1271"}],"curies":[{"name":"wp","href":"https:\/\/api.w.org\/{rel}","templated":true}]}}