{"id":1266,"date":"2021-01-31T19:43:10","date_gmt":"2021-01-31T18:43:10","guid":{"rendered":"https:\/\/www.pressta-eisele.eu\/produkt\/rondo-222-cc-cnc-zacistovaci-automat\/"},"modified":"2021-01-31T21:25:43","modified_gmt":"2021-01-31T20:25:43","slug":"rondo-222-cc-cnc-zacistovaci-automat","status":"publish","type":"product","link":"https:\/\/www.pressta-eisele.eu\/hu\/produkt\/rondo-222-cc-cnc-zacistovaci-automat\/","title":{"rendered":"RONDO 222 CC &#8211; CNC Za\u010dis\u0165ovac\u00ed automat"},"content":{"rendered":"","protected":false},"excerpt":{"rendered":"<ul>\n<li>ovl\u00e1danie cez pohybliv\u00fd dotykov\u00fd panel 8,4\u00b4\u00b4<\/li>\n<li>2 os\u00ed CNC riadiaci syst\u00e9m<\/li>\n<li>v\u0155tanie pod tesnenie zvrchu a zospodu<\/li>\n<li>syst\u00e9m za\u010distenia vn\u00fatorn\u00fdch rohov<\/li>\n<li>syst\u00e9m za\u010distenia poh\u013eadov\u00fdch pl\u00f4ch no\u017emi &#8211; farebn\u00fdch a bezfarebn\u00fdch profilov<\/li>\n<li>kot\u00fa\u010d D=250 mm pre za\u010distenie vonkaj\u0161ej kont\u00fary<\/li>\n<li>kompletn\u00e9 za\u010distenie len 9 n\u00e1strojmi<\/li>\n<li>jednoduch\u00fd syst\u00e9m nahr\u00e1vania profilov a programovania opracovan\u00ed<\/li>\n<li>mo\u017enos\u0165 nastavenia r\u00fdchlosti opracovania jednotliv\u00fdch n\u00e1strojov pod\u013ea potreby<\/li>\n<li>kapacita: 190 \u2013 200 ok. jednotiek \/ 8 hod.<\/li>\n<li>mo\u017enos\u0165 z\u00e1lohovania programov na kartu bez ohrani\u010denia.<\/li>\n<li>profil v\u00fd\u0161ka min.: 30mm<\/li>\n<li>profil v\u00fd\u0161ka max.: 120mm<\/li>\n<li>rozmer r\u00e1mu 350&#215;350 \/mm\/<\/li>\n<\/ul>\n","protected":false},"featured_media":1267,"comment_status":"closed","ping_status":"open","template":"","meta":{"_monsterinsights_skip_tracking":false,"_monsterinsights_sitenote_active":false,"_monsterinsights_sitenote_note":"","_monsterinsights_sitenote_category":0},"product_brand":[],"product_cat":[38],"product_tag":[],"class_list":{"0":"post-1266","1":"product","2":"type-product","3":"status-publish","4":"has-post-thumbnail","6":"product_cat-zvaranie-profilov-a-zacistovanie-rohov","8":"first","9":"instock","10":"product-type-simple"},"yoast_head":"<!-- This site is optimized with the Yoast SEO plugin v27.4 - https:\/\/yoast.com\/product\/yoast-seo-wordpress\/ -->\n<title>RONDO 222 CC - CNC Za\u010dis\u0165ovac\u00ed automat - Pressta Eisele \u010cS<\/title>\n<meta name=\"robots\" content=\"index, follow, max-snippet:-1, max-image-preview:large, max-video-preview:-1\" \/>\n<link rel=\"canonical\" href=\"https:\/\/www.pressta-eisele.eu\/hu\/produkt\/rondo-222-cc-cnc-zacistovaci-automat\/\" \/>\n<meta property=\"og:locale\" content=\"hu_HU\" \/>\n<meta property=\"og:type\" content=\"article\" \/>\n<meta property=\"og:title\" content=\"RONDO 222 CC - CNC Za\u010dis\u0165ovac\u00ed automat - Pressta Eisele \u010cS\" \/>\n<meta property=\"og:description\" content=\"ovl\u00e1danie cez pohybliv\u00fd dotykov\u00fd panel 8,4\u00b4\u00b4 2 os\u00ed CNC riadiaci syst\u00e9m v\u0155tanie pod tesnenie zvrchu a zospodu syst\u00e9m za\u010distenia vn\u00fatorn\u00fdch rohov syst\u00e9m za\u010distenia poh\u013eadov\u00fdch pl\u00f4ch no\u017emi - farebn\u00fdch a bezfarebn\u00fdch profilov kot\u00fa\u010d D=250 mm pre za\u010distenie vonkaj\u0161ej kont\u00fary kompletn\u00e9 za\u010distenie len 9 n\u00e1strojmi jednoduch\u00fd syst\u00e9m nahr\u00e1vania profilov a programovania opracovan\u00ed mo\u017enos\u0165 nastavenia r\u00fdchlosti opracovania jednotliv\u00fdch n\u00e1strojov pod\u013ea potreby kapacita: 190 \u2013 200 ok. jednotiek \/ 8 hod. mo\u017enos\u0165 z\u00e1lohovania programov na kartu bez ohrani\u010denia. profil v\u00fd\u0161ka min.: 30mm profil v\u00fd\u0161ka max.: 120mm rozmer r\u00e1mu 350x350 \/mm\/\" \/>\n<meta property=\"og:url\" content=\"https:\/\/www.pressta-eisele.eu\/hu\/produkt\/rondo-222-cc-cnc-zacistovaci-automat\/\" \/>\n<meta property=\"og:site_name\" content=\"Pressta Eisele \u010cS\" \/>\n<meta property=\"article:modified_time\" content=\"2021-01-31T20:25:43+00:00\" \/>\n<meta property=\"og:image\" content=\"https:\/\/www.pressta-eisele.eu\/wp-content\/uploads\/2021\/01\/278.jpg\" \/>\n\t<meta property=\"og:image:width\" content=\"570\" \/>\n\t<meta property=\"og:image:height\" content=\"438\" \/>\n\t<meta property=\"og:image:type\" content=\"image\/jpeg\" \/>\n<meta name=\"twitter:card\" content=\"summary_large_image\" \/>\n<script type=\"application\/ld+json\" class=\"yoast-schema-graph\">{\"@context\":\"https:\\\/\\\/schema.org\",\"@graph\":[{\"@type\":\"WebPage\",\"@id\":\"https:\\\/\\\/www.pressta-eisele.eu\\\/hu\\\/produkt\\\/rondo-222-cc-cnc-zacistovaci-automat\\\/\",\"url\":\"https:\\\/\\\/www.pressta-eisele.eu\\\/hu\\\/produkt\\\/rondo-222-cc-cnc-zacistovaci-automat\\\/\",\"name\":\"RONDO 222 CC - CNC Za\u010dis\u0165ovac\u00ed automat - Pressta Eisele \u010cS\",\"isPartOf\":{\"@id\":\"https:\\\/\\\/www.pressta-eisele.eu\\\/hu\\\/#website\"},\"primaryImageOfPage\":{\"@id\":\"https:\\\/\\\/www.pressta-eisele.eu\\\/hu\\\/produkt\\\/rondo-222-cc-cnc-zacistovaci-automat\\\/#primaryimage\"},\"image\":{\"@id\":\"https:\\\/\\\/www.pressta-eisele.eu\\\/hu\\\/produkt\\\/rondo-222-cc-cnc-zacistovaci-automat\\\/#primaryimage\"},\"thumbnailUrl\":\"https:\\\/\\\/www.pressta-eisele.eu\\\/wp-content\\\/uploads\\\/2021\\\/01\\\/278.jpg\",\"datePublished\":\"2021-01-31T18:43:10+00:00\",\"dateModified\":\"2021-01-31T20:25:43+00:00\",\"breadcrumb\":{\"@id\":\"https:\\\/\\\/www.pressta-eisele.eu\\\/hu\\\/produkt\\\/rondo-222-cc-cnc-zacistovaci-automat\\\/#breadcrumb\"},\"inLanguage\":\"hu\",\"potentialAction\":[{\"@type\":\"ReadAction\",\"target\":[\"https:\\\/\\\/www.pressta-eisele.eu\\\/hu\\\/produkt\\\/rondo-222-cc-cnc-zacistovaci-automat\\\/\"]}]},{\"@type\":\"ImageObject\",\"inLanguage\":\"hu\",\"@id\":\"https:\\\/\\\/www.pressta-eisele.eu\\\/hu\\\/produkt\\\/rondo-222-cc-cnc-zacistovaci-automat\\\/#primaryimage\",\"url\":\"https:\\\/\\\/www.pressta-eisele.eu\\\/wp-content\\\/uploads\\\/2021\\\/01\\\/278.jpg\",\"contentUrl\":\"https:\\\/\\\/www.pressta-eisele.eu\\\/wp-content\\\/uploads\\\/2021\\\/01\\\/278.jpg\",\"width\":570,\"height\":438,\"caption\":\"RONDO 222 CC - CNC Za\u010dis\u0165ovac\u00ed automat\"},{\"@type\":\"BreadcrumbList\",\"@id\":\"https:\\\/\\\/www.pressta-eisele.eu\\\/hu\\\/produkt\\\/rondo-222-cc-cnc-zacistovaci-automat\\\/#breadcrumb\",\"itemListElement\":[{\"@type\":\"ListItem\",\"position\":1,\"name\":\"Home\",\"item\":\"https:\\\/\\\/www.pressta-eisele.eu\\\/hu\\\/\"},{\"@type\":\"ListItem\",\"position\":2,\"name\":\"Shop\",\"item\":\"https:\\\/\\\/www.pressta-eisele.eu\\\/hu\\\/shop\\\/\"},{\"@type\":\"ListItem\",\"position\":3,\"name\":\"RONDO 222 CC &#8211; CNC Za\u010dis\u0165ovac\u00ed automat\"}]},{\"@type\":\"WebSite\",\"@id\":\"https:\\\/\\\/www.pressta-eisele.eu\\\/hu\\\/#website\",\"url\":\"https:\\\/\\\/www.pressta-eisele.eu\\\/hu\\\/\",\"name\":\"Pressta Eisele \u010cS\",\"description\":\"Vitajte vo svete produktivity\",\"publisher\":{\"@id\":\"https:\\\/\\\/www.pressta-eisele.eu\\\/hu\\\/#organization\"},\"potentialAction\":[{\"@type\":\"SearchAction\",\"target\":{\"@type\":\"EntryPoint\",\"urlTemplate\":\"https:\\\/\\\/www.pressta-eisele.eu\\\/hu\\\/?s={search_term_string}\"},\"query-input\":{\"@type\":\"PropertyValueSpecification\",\"valueRequired\":true,\"valueName\":\"search_term_string\"}}],\"inLanguage\":\"hu\"},{\"@type\":\"Organization\",\"@id\":\"https:\\\/\\\/www.pressta-eisele.eu\\\/hu\\\/#organization\",\"name\":\"Pressta Eisele \u010cS\",\"url\":\"https:\\\/\\\/www.pressta-eisele.eu\\\/hu\\\/\",\"logo\":{\"@type\":\"ImageObject\",\"inLanguage\":\"hu\",\"@id\":\"https:\\\/\\\/www.pressta-eisele.eu\\\/hu\\\/#\\\/schema\\\/logo\\\/image\\\/\",\"url\":\"https:\\\/\\\/www.pressta-eisele.eu\\\/wp-content\\\/uploads\\\/2020\\\/11\\\/pressta-logo-01v.svg\",\"contentUrl\":\"https:\\\/\\\/www.pressta-eisele.eu\\\/wp-content\\\/uploads\\\/2020\\\/11\\\/pressta-logo-01v.svg\",\"caption\":\"Pressta Eisele \u010cS\"},\"image\":{\"@id\":\"https:\\\/\\\/www.pressta-eisele.eu\\\/hu\\\/#\\\/schema\\\/logo\\\/image\\\/\"}}]}<\/script>\n<!-- \/ Yoast SEO plugin. -->","yoast_head_json":{"title":"RONDO 222 CC - CNC Za\u010dis\u0165ovac\u00ed automat - Pressta Eisele \u010cS","robots":{"index":"index","follow":"follow","max-snippet":"max-snippet:-1","max-image-preview":"max-image-preview:large","max-video-preview":"max-video-preview:-1"},"canonical":"https:\/\/www.pressta-eisele.eu\/hu\/produkt\/rondo-222-cc-cnc-zacistovaci-automat\/","og_locale":"hu_HU","og_type":"article","og_title":"RONDO 222 CC - CNC Za\u010dis\u0165ovac\u00ed automat - Pressta Eisele \u010cS","og_description":"ovl\u00e1danie cez pohybliv\u00fd dotykov\u00fd panel 8,4\u00b4\u00b4 2 os\u00ed CNC riadiaci syst\u00e9m v\u0155tanie pod tesnenie zvrchu a zospodu syst\u00e9m za\u010distenia vn\u00fatorn\u00fdch rohov syst\u00e9m za\u010distenia poh\u013eadov\u00fdch pl\u00f4ch no\u017emi - farebn\u00fdch a bezfarebn\u00fdch profilov kot\u00fa\u010d D=250 mm pre za\u010distenie vonkaj\u0161ej kont\u00fary kompletn\u00e9 za\u010distenie len 9 n\u00e1strojmi jednoduch\u00fd syst\u00e9m nahr\u00e1vania profilov a programovania opracovan\u00ed mo\u017enos\u0165 nastavenia r\u00fdchlosti opracovania jednotliv\u00fdch n\u00e1strojov pod\u013ea potreby kapacita: 190 \u2013 200 ok. jednotiek \/ 8 hod. mo\u017enos\u0165 z\u00e1lohovania programov na kartu bez ohrani\u010denia. profil v\u00fd\u0161ka min.: 30mm profil v\u00fd\u0161ka max.: 120mm rozmer r\u00e1mu 350x350 \/mm\/","og_url":"https:\/\/www.pressta-eisele.eu\/hu\/produkt\/rondo-222-cc-cnc-zacistovaci-automat\/","og_site_name":"Pressta Eisele \u010cS","article_modified_time":"2021-01-31T20:25:43+00:00","og_image":[{"width":570,"height":438,"url":"https:\/\/www.pressta-eisele.eu\/wp-content\/uploads\/2021\/01\/278.jpg","type":"image\/jpeg"}],"twitter_card":"summary_large_image","schema":{"@context":"https:\/\/schema.org","@graph":[{"@type":"WebPage","@id":"https:\/\/www.pressta-eisele.eu\/hu\/produkt\/rondo-222-cc-cnc-zacistovaci-automat\/","url":"https:\/\/www.pressta-eisele.eu\/hu\/produkt\/rondo-222-cc-cnc-zacistovaci-automat\/","name":"RONDO 222 CC - CNC Za\u010dis\u0165ovac\u00ed automat - Pressta Eisele \u010cS","isPartOf":{"@id":"https:\/\/www.pressta-eisele.eu\/hu\/#website"},"primaryImageOfPage":{"@id":"https:\/\/www.pressta-eisele.eu\/hu\/produkt\/rondo-222-cc-cnc-zacistovaci-automat\/#primaryimage"},"image":{"@id":"https:\/\/www.pressta-eisele.eu\/hu\/produkt\/rondo-222-cc-cnc-zacistovaci-automat\/#primaryimage"},"thumbnailUrl":"https:\/\/www.pressta-eisele.eu\/wp-content\/uploads\/2021\/01\/278.jpg","datePublished":"2021-01-31T18:43:10+00:00","dateModified":"2021-01-31T20:25:43+00:00","breadcrumb":{"@id":"https:\/\/www.pressta-eisele.eu\/hu\/produkt\/rondo-222-cc-cnc-zacistovaci-automat\/#breadcrumb"},"inLanguage":"hu","potentialAction":[{"@type":"ReadAction","target":["https:\/\/www.pressta-eisele.eu\/hu\/produkt\/rondo-222-cc-cnc-zacistovaci-automat\/"]}]},{"@type":"ImageObject","inLanguage":"hu","@id":"https:\/\/www.pressta-eisele.eu\/hu\/produkt\/rondo-222-cc-cnc-zacistovaci-automat\/#primaryimage","url":"https:\/\/www.pressta-eisele.eu\/wp-content\/uploads\/2021\/01\/278.jpg","contentUrl":"https:\/\/www.pressta-eisele.eu\/wp-content\/uploads\/2021\/01\/278.jpg","width":570,"height":438,"caption":"RONDO 222 CC - CNC Za\u010dis\u0165ovac\u00ed automat"},{"@type":"BreadcrumbList","@id":"https:\/\/www.pressta-eisele.eu\/hu\/produkt\/rondo-222-cc-cnc-zacistovaci-automat\/#breadcrumb","itemListElement":[{"@type":"ListItem","position":1,"name":"Home","item":"https:\/\/www.pressta-eisele.eu\/hu\/"},{"@type":"ListItem","position":2,"name":"Shop","item":"https:\/\/www.pressta-eisele.eu\/hu\/shop\/"},{"@type":"ListItem","position":3,"name":"RONDO 222 CC &#8211; CNC Za\u010dis\u0165ovac\u00ed automat"}]},{"@type":"WebSite","@id":"https:\/\/www.pressta-eisele.eu\/hu\/#website","url":"https:\/\/www.pressta-eisele.eu\/hu\/","name":"Pressta Eisele \u010cS","description":"Vitajte vo svete produktivity","publisher":{"@id":"https:\/\/www.pressta-eisele.eu\/hu\/#organization"},"potentialAction":[{"@type":"SearchAction","target":{"@type":"EntryPoint","urlTemplate":"https:\/\/www.pressta-eisele.eu\/hu\/?s={search_term_string}"},"query-input":{"@type":"PropertyValueSpecification","valueRequired":true,"valueName":"search_term_string"}}],"inLanguage":"hu"},{"@type":"Organization","@id":"https:\/\/www.pressta-eisele.eu\/hu\/#organization","name":"Pressta Eisele \u010cS","url":"https:\/\/www.pressta-eisele.eu\/hu\/","logo":{"@type":"ImageObject","inLanguage":"hu","@id":"https:\/\/www.pressta-eisele.eu\/hu\/#\/schema\/logo\/image\/","url":"https:\/\/www.pressta-eisele.eu\/wp-content\/uploads\/2020\/11\/pressta-logo-01v.svg","contentUrl":"https:\/\/www.pressta-eisele.eu\/wp-content\/uploads\/2020\/11\/pressta-logo-01v.svg","caption":"Pressta Eisele \u010cS"},"image":{"@id":"https:\/\/www.pressta-eisele.eu\/hu\/#\/schema\/logo\/image\/"}}]}},"jetpack_sharing_enabled":true,"_links":{"self":[{"href":"https:\/\/www.pressta-eisele.eu\/hu\/wp-json\/wp\/v2\/product\/1266","targetHints":{"allow":["GET"]}}],"collection":[{"href":"https:\/\/www.pressta-eisele.eu\/hu\/wp-json\/wp\/v2\/product"}],"about":[{"href":"https:\/\/www.pressta-eisele.eu\/hu\/wp-json\/wp\/v2\/types\/product"}],"replies":[{"embeddable":true,"href":"https:\/\/www.pressta-eisele.eu\/hu\/wp-json\/wp\/v2\/comments?post=1266"}],"wp:featuredmedia":[{"embeddable":true,"href":"https:\/\/www.pressta-eisele.eu\/hu\/wp-json\/wp\/v2\/media\/1267"}],"wp:attachment":[{"href":"https:\/\/www.pressta-eisele.eu\/hu\/wp-json\/wp\/v2\/media?parent=1266"}],"wp:term":[{"taxonomy":"product_brand","embeddable":true,"href":"https:\/\/www.pressta-eisele.eu\/hu\/wp-json\/wp\/v2\/product_brand?post=1266"},{"taxonomy":"product_cat","embeddable":true,"href":"https:\/\/www.pressta-eisele.eu\/hu\/wp-json\/wp\/v2\/product_cat?post=1266"},{"taxonomy":"product_tag","embeddable":true,"href":"https:\/\/www.pressta-eisele.eu\/hu\/wp-json\/wp\/v2\/product_tag?post=1266"}],"curies":[{"name":"wp","href":"https:\/\/api.w.org\/{rel}","templated":true}]}}