{"id":1261,"date":"2021-01-31T19:43:10","date_gmt":"2021-01-31T18:43:10","guid":{"rendered":"https:\/\/www.pressta-eisele.eu\/produkt\/pressta-eco-stroj-na-spajanie-rohov\/"},"modified":"2021-01-31T20:48:11","modified_gmt":"2021-01-31T19:48:11","slug":"pressta-eco-stroj-na-spajanie-rohov","status":"publish","type":"product","link":"https:\/\/www.pressta-eisele.eu\/hu\/produkt\/pressta-eco-stroj-na-spajanie-rohov\/","title":{"rendered":"PRESSTA ECO &#8211; Stroj na sp\u00e1janie rohov"},"content":{"rendered":"","protected":false},"excerpt":{"rendered":"<ul>\n<li>univerz\u00e1lne pou\u017eitie pomocou prestavite\u013en\u00fdch hl\u00e1v<\/li>\n<li>pre rohy s dr\u00e1\u017ekou vpichu 30 &#8211; 55mm<\/li>\n<li>plynulo v\u00fd\u0161kovo nastavite\u013en\u00e9 hlavy, no\u017ee a opory<\/li>\n<li>nastavenie hl\u00e1v a no\u017eov od\u010d\u00edtate\u013en\u00e9 na mierkach<\/li>\n<li>pod st\u00f4l zas\u00favate\u013en\u00fd doraz pre \u013eah\u0161ie vkladanie profilu<\/li>\n<li>hydraulick\u00e1 aret\u00e1cia dorazu<\/li>\n<li>pneumatick\u00e9 lisovanie cez p\u00e1kov\u00fd syst\u00e9m zaru\u010duj\u00faci synchr\u00f3nny priebeh<\/li>\n<li>v\u00fd\u0161ka opretia 84mm<\/li>\n<li>v\u00fd\u0161ka profilu do 120mm pod up\u00edna\u010dmi<\/li>\n<li>v\u00fd\u0161ka lisovania 100mm<\/li>\n<li>\u0161\u00edrka profilu do 70mm, presadenie do 60 mm<\/li>\n<li>1 pneumatick\u00fd up\u00edna\u010de pre upnutie profilu<\/li>\n<li>2 excentrick\u00e9 kot\u00fa\u010de pre poz\u00edciovanie r\u00e1mu<\/li>\n<li>2 oto\u010dn\u00e9 oporn\u00e9 ramen\u00e1 profilov<\/li>\n<li>ovl\u00e1danie pomocou dvoch no\u017en\u00fd ventilov<\/li>\n<\/ul>\n","protected":false},"featured_media":1262,"comment_status":"closed","ping_status":"open","template":"","meta":{"_monsterinsights_skip_tracking":false,"_monsterinsights_sitenote_active":false,"_monsterinsights_sitenote_note":"","_monsterinsights_sitenote_category":0},"product_brand":[],"product_cat":[30],"product_tag":[],"class_list":{"0":"post-1261","1":"product","2":"type-product","3":"status-publish","4":"has-post-thumbnail","6":"product_cat-rohovacie-lisy","8":"first","9":"instock","10":"product-type-simple"},"yoast_head":"<!-- This site is optimized with the Yoast SEO plugin v27.5 - https:\/\/yoast.com\/product\/yoast-seo-wordpress\/ -->\n<title>PRESSTA ECO - Stroj na sp\u00e1janie rohov - Pressta Eisele \u010cS<\/title>\n<meta name=\"robots\" content=\"index, follow, max-snippet:-1, max-image-preview:large, max-video-preview:-1\" \/>\n<link rel=\"canonical\" href=\"https:\/\/www.pressta-eisele.eu\/hu\/produkt\/pressta-eco-stroj-na-spajanie-rohov\/\" \/>\n<meta property=\"og:locale\" content=\"hu_HU\" \/>\n<meta property=\"og:type\" content=\"article\" \/>\n<meta property=\"og:title\" content=\"PRESSTA ECO - Stroj na sp\u00e1janie rohov - Pressta Eisele \u010cS\" \/>\n<meta property=\"og:description\" content=\"univerz\u00e1lne pou\u017eitie pomocou prestavite\u013en\u00fdch hl\u00e1v pre rohy s dr\u00e1\u017ekou vpichu 30 - 55mm plynulo v\u00fd\u0161kovo nastavite\u013en\u00e9 hlavy, no\u017ee a opory nastavenie hl\u00e1v a no\u017eov od\u010d\u00edtate\u013en\u00e9 na mierkach pod st\u00f4l zas\u00favate\u013en\u00fd doraz pre \u013eah\u0161ie vkladanie profilu hydraulick\u00e1 aret\u00e1cia dorazu pneumatick\u00e9 lisovanie cez p\u00e1kov\u00fd syst\u00e9m zaru\u010duj\u00faci synchr\u00f3nny priebeh v\u00fd\u0161ka opretia 84mm v\u00fd\u0161ka profilu do 120mm pod up\u00edna\u010dmi v\u00fd\u0161ka lisovania 100mm \u0161\u00edrka profilu do 70mm, presadenie do 60 mm 1 pneumatick\u00fd up\u00edna\u010de pre upnutie profilu 2 excentrick\u00e9 kot\u00fa\u010de pre poz\u00edciovanie r\u00e1mu 2 oto\u010dn\u00e9 oporn\u00e9 ramen\u00e1 profilov ovl\u00e1danie pomocou dvoch no\u017en\u00fd ventilov\" \/>\n<meta property=\"og:url\" content=\"https:\/\/www.pressta-eisele.eu\/hu\/produkt\/pressta-eco-stroj-na-spajanie-rohov\/\" \/>\n<meta property=\"og:site_name\" content=\"Pressta Eisele \u010cS\" \/>\n<meta property=\"article:modified_time\" content=\"2021-01-31T19:48:11+00:00\" \/>\n<meta property=\"og:image\" content=\"https:\/\/www.pressta-eisele.eu\/wp-content\/uploads\/2021\/01\/277.jpg\" \/>\n\t<meta property=\"og:image:width\" content=\"800\" \/>\n\t<meta property=\"og:image:height\" content=\"472\" \/>\n\t<meta property=\"og:image:type\" content=\"image\/jpeg\" \/>\n<meta name=\"twitter:card\" content=\"summary_large_image\" \/>\n<script type=\"application\/ld+json\" class=\"yoast-schema-graph\">{\"@context\":\"https:\\\/\\\/schema.org\",\"@graph\":[{\"@type\":\"WebPage\",\"@id\":\"https:\\\/\\\/www.pressta-eisele.eu\\\/hu\\\/produkt\\\/pressta-eco-stroj-na-spajanie-rohov\\\/\",\"url\":\"https:\\\/\\\/www.pressta-eisele.eu\\\/hu\\\/produkt\\\/pressta-eco-stroj-na-spajanie-rohov\\\/\",\"name\":\"PRESSTA ECO - Stroj na sp\u00e1janie rohov - Pressta Eisele \u010cS\",\"isPartOf\":{\"@id\":\"https:\\\/\\\/www.pressta-eisele.eu\\\/hu\\\/#website\"},\"primaryImageOfPage\":{\"@id\":\"https:\\\/\\\/www.pressta-eisele.eu\\\/hu\\\/produkt\\\/pressta-eco-stroj-na-spajanie-rohov\\\/#primaryimage\"},\"image\":{\"@id\":\"https:\\\/\\\/www.pressta-eisele.eu\\\/hu\\\/produkt\\\/pressta-eco-stroj-na-spajanie-rohov\\\/#primaryimage\"},\"thumbnailUrl\":\"https:\\\/\\\/www.pressta-eisele.eu\\\/wp-content\\\/uploads\\\/2021\\\/01\\\/277.jpg\",\"datePublished\":\"2021-01-31T18:43:10+00:00\",\"dateModified\":\"2021-01-31T19:48:11+00:00\",\"breadcrumb\":{\"@id\":\"https:\\\/\\\/www.pressta-eisele.eu\\\/hu\\\/produkt\\\/pressta-eco-stroj-na-spajanie-rohov\\\/#breadcrumb\"},\"inLanguage\":\"hu\",\"potentialAction\":[{\"@type\":\"ReadAction\",\"target\":[\"https:\\\/\\\/www.pressta-eisele.eu\\\/hu\\\/produkt\\\/pressta-eco-stroj-na-spajanie-rohov\\\/\"]}]},{\"@type\":\"ImageObject\",\"inLanguage\":\"hu\",\"@id\":\"https:\\\/\\\/www.pressta-eisele.eu\\\/hu\\\/produkt\\\/pressta-eco-stroj-na-spajanie-rohov\\\/#primaryimage\",\"url\":\"https:\\\/\\\/www.pressta-eisele.eu\\\/wp-content\\\/uploads\\\/2021\\\/01\\\/277.jpg\",\"contentUrl\":\"https:\\\/\\\/www.pressta-eisele.eu\\\/wp-content\\\/uploads\\\/2021\\\/01\\\/277.jpg\",\"width\":800,\"height\":472,\"caption\":\"PRESSTA ECO - Stroj na sp\u00e1janie rohov\"},{\"@type\":\"BreadcrumbList\",\"@id\":\"https:\\\/\\\/www.pressta-eisele.eu\\\/hu\\\/produkt\\\/pressta-eco-stroj-na-spajanie-rohov\\\/#breadcrumb\",\"itemListElement\":[{\"@type\":\"ListItem\",\"position\":1,\"name\":\"Home\",\"item\":\"https:\\\/\\\/www.pressta-eisele.eu\\\/hu\\\/\"},{\"@type\":\"ListItem\",\"position\":2,\"name\":\"Shop\",\"item\":\"https:\\\/\\\/www.pressta-eisele.eu\\\/hu\\\/shop\\\/\"},{\"@type\":\"ListItem\",\"position\":3,\"name\":\"PRESSTA ECO &#8211; Stroj na sp\u00e1janie rohov\"}]},{\"@type\":\"WebSite\",\"@id\":\"https:\\\/\\\/www.pressta-eisele.eu\\\/hu\\\/#website\",\"url\":\"https:\\\/\\\/www.pressta-eisele.eu\\\/hu\\\/\",\"name\":\"Pressta Eisele \u010cS\",\"description\":\"Vitajte vo svete produktivity\",\"publisher\":{\"@id\":\"https:\\\/\\\/www.pressta-eisele.eu\\\/hu\\\/#organization\"},\"potentialAction\":[{\"@type\":\"SearchAction\",\"target\":{\"@type\":\"EntryPoint\",\"urlTemplate\":\"https:\\\/\\\/www.pressta-eisele.eu\\\/hu\\\/?s={search_term_string}\"},\"query-input\":{\"@type\":\"PropertyValueSpecification\",\"valueRequired\":true,\"valueName\":\"search_term_string\"}}],\"inLanguage\":\"hu\"},{\"@type\":\"Organization\",\"@id\":\"https:\\\/\\\/www.pressta-eisele.eu\\\/hu\\\/#organization\",\"name\":\"Pressta Eisele \u010cS\",\"url\":\"https:\\\/\\\/www.pressta-eisele.eu\\\/hu\\\/\",\"logo\":{\"@type\":\"ImageObject\",\"inLanguage\":\"hu\",\"@id\":\"https:\\\/\\\/www.pressta-eisele.eu\\\/hu\\\/#\\\/schema\\\/logo\\\/image\\\/\",\"url\":\"https:\\\/\\\/www.pressta-eisele.eu\\\/wp-content\\\/uploads\\\/2020\\\/11\\\/pressta-logo-01v.svg\",\"contentUrl\":\"https:\\\/\\\/www.pressta-eisele.eu\\\/wp-content\\\/uploads\\\/2020\\\/11\\\/pressta-logo-01v.svg\",\"caption\":\"Pressta Eisele \u010cS\"},\"image\":{\"@id\":\"https:\\\/\\\/www.pressta-eisele.eu\\\/hu\\\/#\\\/schema\\\/logo\\\/image\\\/\"}}]}<\/script>\n<!-- \/ Yoast SEO plugin. -->","yoast_head_json":{"title":"PRESSTA ECO - Stroj na sp\u00e1janie rohov - Pressta Eisele \u010cS","robots":{"index":"index","follow":"follow","max-snippet":"max-snippet:-1","max-image-preview":"max-image-preview:large","max-video-preview":"max-video-preview:-1"},"canonical":"https:\/\/www.pressta-eisele.eu\/hu\/produkt\/pressta-eco-stroj-na-spajanie-rohov\/","og_locale":"hu_HU","og_type":"article","og_title":"PRESSTA ECO - Stroj na sp\u00e1janie rohov - Pressta Eisele \u010cS","og_description":"univerz\u00e1lne pou\u017eitie pomocou prestavite\u013en\u00fdch hl\u00e1v pre rohy s dr\u00e1\u017ekou vpichu 30 - 55mm plynulo v\u00fd\u0161kovo nastavite\u013en\u00e9 hlavy, no\u017ee a opory nastavenie hl\u00e1v a no\u017eov od\u010d\u00edtate\u013en\u00e9 na mierkach pod st\u00f4l zas\u00favate\u013en\u00fd doraz pre \u013eah\u0161ie vkladanie profilu hydraulick\u00e1 aret\u00e1cia dorazu pneumatick\u00e9 lisovanie cez p\u00e1kov\u00fd syst\u00e9m zaru\u010duj\u00faci synchr\u00f3nny priebeh v\u00fd\u0161ka opretia 84mm v\u00fd\u0161ka profilu do 120mm pod up\u00edna\u010dmi v\u00fd\u0161ka lisovania 100mm \u0161\u00edrka profilu do 70mm, presadenie do 60 mm 1 pneumatick\u00fd up\u00edna\u010de pre upnutie profilu 2 excentrick\u00e9 kot\u00fa\u010de pre poz\u00edciovanie r\u00e1mu 2 oto\u010dn\u00e9 oporn\u00e9 ramen\u00e1 profilov ovl\u00e1danie pomocou dvoch no\u017en\u00fd ventilov","og_url":"https:\/\/www.pressta-eisele.eu\/hu\/produkt\/pressta-eco-stroj-na-spajanie-rohov\/","og_site_name":"Pressta Eisele \u010cS","article_modified_time":"2021-01-31T19:48:11+00:00","og_image":[{"width":800,"height":472,"url":"https:\/\/www.pressta-eisele.eu\/wp-content\/uploads\/2021\/01\/277.jpg","type":"image\/jpeg"}],"twitter_card":"summary_large_image","schema":{"@context":"https:\/\/schema.org","@graph":[{"@type":"WebPage","@id":"https:\/\/www.pressta-eisele.eu\/hu\/produkt\/pressta-eco-stroj-na-spajanie-rohov\/","url":"https:\/\/www.pressta-eisele.eu\/hu\/produkt\/pressta-eco-stroj-na-spajanie-rohov\/","name":"PRESSTA ECO - Stroj na sp\u00e1janie rohov - Pressta Eisele \u010cS","isPartOf":{"@id":"https:\/\/www.pressta-eisele.eu\/hu\/#website"},"primaryImageOfPage":{"@id":"https:\/\/www.pressta-eisele.eu\/hu\/produkt\/pressta-eco-stroj-na-spajanie-rohov\/#primaryimage"},"image":{"@id":"https:\/\/www.pressta-eisele.eu\/hu\/produkt\/pressta-eco-stroj-na-spajanie-rohov\/#primaryimage"},"thumbnailUrl":"https:\/\/www.pressta-eisele.eu\/wp-content\/uploads\/2021\/01\/277.jpg","datePublished":"2021-01-31T18:43:10+00:00","dateModified":"2021-01-31T19:48:11+00:00","breadcrumb":{"@id":"https:\/\/www.pressta-eisele.eu\/hu\/produkt\/pressta-eco-stroj-na-spajanie-rohov\/#breadcrumb"},"inLanguage":"hu","potentialAction":[{"@type":"ReadAction","target":["https:\/\/www.pressta-eisele.eu\/hu\/produkt\/pressta-eco-stroj-na-spajanie-rohov\/"]}]},{"@type":"ImageObject","inLanguage":"hu","@id":"https:\/\/www.pressta-eisele.eu\/hu\/produkt\/pressta-eco-stroj-na-spajanie-rohov\/#primaryimage","url":"https:\/\/www.pressta-eisele.eu\/wp-content\/uploads\/2021\/01\/277.jpg","contentUrl":"https:\/\/www.pressta-eisele.eu\/wp-content\/uploads\/2021\/01\/277.jpg","width":800,"height":472,"caption":"PRESSTA ECO - Stroj na sp\u00e1janie rohov"},{"@type":"BreadcrumbList","@id":"https:\/\/www.pressta-eisele.eu\/hu\/produkt\/pressta-eco-stroj-na-spajanie-rohov\/#breadcrumb","itemListElement":[{"@type":"ListItem","position":1,"name":"Home","item":"https:\/\/www.pressta-eisele.eu\/hu\/"},{"@type":"ListItem","position":2,"name":"Shop","item":"https:\/\/www.pressta-eisele.eu\/hu\/shop\/"},{"@type":"ListItem","position":3,"name":"PRESSTA ECO &#8211; Stroj na sp\u00e1janie rohov"}]},{"@type":"WebSite","@id":"https:\/\/www.pressta-eisele.eu\/hu\/#website","url":"https:\/\/www.pressta-eisele.eu\/hu\/","name":"Pressta Eisele \u010cS","description":"Vitajte vo svete produktivity","publisher":{"@id":"https:\/\/www.pressta-eisele.eu\/hu\/#organization"},"potentialAction":[{"@type":"SearchAction","target":{"@type":"EntryPoint","urlTemplate":"https:\/\/www.pressta-eisele.eu\/hu\/?s={search_term_string}"},"query-input":{"@type":"PropertyValueSpecification","valueRequired":true,"valueName":"search_term_string"}}],"inLanguage":"hu"},{"@type":"Organization","@id":"https:\/\/www.pressta-eisele.eu\/hu\/#organization","name":"Pressta Eisele \u010cS","url":"https:\/\/www.pressta-eisele.eu\/hu\/","logo":{"@type":"ImageObject","inLanguage":"hu","@id":"https:\/\/www.pressta-eisele.eu\/hu\/#\/schema\/logo\/image\/","url":"https:\/\/www.pressta-eisele.eu\/wp-content\/uploads\/2020\/11\/pressta-logo-01v.svg","contentUrl":"https:\/\/www.pressta-eisele.eu\/wp-content\/uploads\/2020\/11\/pressta-logo-01v.svg","caption":"Pressta Eisele \u010cS"},"image":{"@id":"https:\/\/www.pressta-eisele.eu\/hu\/#\/schema\/logo\/image\/"}}]}},"jetpack_sharing_enabled":true,"_links":{"self":[{"href":"https:\/\/www.pressta-eisele.eu\/hu\/wp-json\/wp\/v2\/product\/1261","targetHints":{"allow":["GET"]}}],"collection":[{"href":"https:\/\/www.pressta-eisele.eu\/hu\/wp-json\/wp\/v2\/product"}],"about":[{"href":"https:\/\/www.pressta-eisele.eu\/hu\/wp-json\/wp\/v2\/types\/product"}],"replies":[{"embeddable":true,"href":"https:\/\/www.pressta-eisele.eu\/hu\/wp-json\/wp\/v2\/comments?post=1261"}],"wp:featuredmedia":[{"embeddable":true,"href":"https:\/\/www.pressta-eisele.eu\/hu\/wp-json\/wp\/v2\/media\/1262"}],"wp:attachment":[{"href":"https:\/\/www.pressta-eisele.eu\/hu\/wp-json\/wp\/v2\/media?parent=1261"}],"wp:term":[{"taxonomy":"product_brand","embeddable":true,"href":"https:\/\/www.pressta-eisele.eu\/hu\/wp-json\/wp\/v2\/product_brand?post=1261"},{"taxonomy":"product_cat","embeddable":true,"href":"https:\/\/www.pressta-eisele.eu\/hu\/wp-json\/wp\/v2\/product_cat?post=1261"},{"taxonomy":"product_tag","embeddable":true,"href":"https:\/\/www.pressta-eisele.eu\/hu\/wp-json\/wp\/v2\/product_tag?post=1261"}],"curies":[{"name":"wp","href":"https:\/\/api.w.org\/{rel}","templated":true}]}}