{"id":1256,"date":"2021-01-31T19:43:10","date_gmt":"2021-01-31T18:43:10","guid":{"rendered":"https:\/\/www.pressta-eisele.eu\/produkt\/mc-319-aydo-cnc-obrabacie-centrum-s-3-numericky-riadenymi-osami\/"},"modified":"2021-02-02T10:54:02","modified_gmt":"2021-02-02T09:54:02","slug":"mc-319-aydo-cnc-obrabacie-centrum-s-3-numericky-riadenymi-osami","status":"publish","type":"product","link":"https:\/\/www.pressta-eisele.eu\/hu\/produkt\/mc-319-aydo-cnc-obrabacie-centrum-s-3-numericky-riadenymi-osami\/","title":{"rendered":"MC 319 AYDO &#8211; CNC obr\u00e1bacie centrum s 3 numericky riaden\u00fdmi osami"},"content":{"rendered":"","protected":false},"excerpt":{"rendered":"<ul>\n<li>vertik\u00e1lne fr\u00e9zovacie centrum s pohybliv\u00fdm ramenom<\/li>\n<li>pre opracovanie profilov\u00fdch ty\u010d\u00ed pr\u00edp.dielov z hlin\u00edka, ne\u017eelezn\u00fdch kovov, PVC a ocele<\/li>\n<li>d\u013a\u017eka pojazdu X=3160 mm<\/li>\n<li>3 CNC riaden\u00e9 osy + 1 os ovl\u00e1dan\u00e1 pneumaticky<\/li>\n<li>ur\u010den\u00e9 pre opracovanie na 1 + 2 stran\u00e1ch pr\u00edp. na 5 stran\u00e1ch pri pou\u017eit\u00ed uhlovej hlavy<\/li>\n<li>pneumatick\u00e9 ot\u00e1\u010danie pracovn\u00e9ho stola v rozsahu (+)90\u00b0-0\u00b0-(-90\u00b0),<\/li>\n<li>line\u00e1rne ko\u013eajnicov\u00e9 vedenia s valiv\u00fdmi lo\u017eiskami<\/li>\n<li>osy je mo\u017en\u00e9 trojrozmerne line\u00e1rne alebo po kru\u017enici interpolova\u0165<\/li>\n<li>pohon os\u00ed pomocou jednosmern\u00e9ho bezkontaktn\u00e9ho motora<\/li>\n<li>up\u00edna\u010de obrobku sa pohybuj\u00fa po presn\u00fdch klzn\u00fdch vedeniach<\/li>\n<li>pri pou\u017eit\u00ed kot\u00fa\u010dovej fr\u00e9zy je mo\u017en\u00e9 opracova\u0165 \u010del\u00e1 profilu<\/li>\n<li>sklopn\u00e9, referen\u010dn\u00e9 dorazy s\u00fa ovl\u00e1dan\u00e9 pneumaticky<\/li>\n<li>elektrovreteno je vhodn\u00e9 pre pou\u017eitie r\u00fdchlo v\u00fdmenn\u00e9ho up\u00ednacieho p\u00fazdra<\/li>\n<li>automatick\u00e1 v\u00fdmena n\u00e1strojov<\/li>\n<li>automaticky otv\u00e1ran\u00e9 \u010delo kab\u00edny pre vkladanie materi\u00e1lu do z\u00f3ny opracovania<\/li>\n<\/ul>\n<p>&nbsp;<\/p>\n<ul>\n<li>stolov\u00fd po\u010d\u00edta\u010d, kl\u00e1vesnica QWERTY, my\u0161<\/li>\n<li>monitor TFT-LCD&#8221; W (16:9, 1366 x 768 pixelov)<\/li>\n<li>CAM 3D grafick\u00fd softv\u00e9r<\/li>\n<\/ul>\n<p>&nbsp;<\/p>\n<ul>\n<li>elektrovreteno ISO 30, chladen\u00e9 vzduchom, 3,8 kW, 18000 ot\/min.<\/li>\n<li>z\u00e1sobn\u00edk n\u00e1strojov (v\u013eavo, 5 poz\u00edcii)<\/li>\n<li>4 ks. horizont\u00e1lnych pneumatick\u00fdch up\u00edna\u010dov<\/li>\n<li>pneumatick\u00fdch referen\u010dn\u00fdch dorazov<\/li>\n<li>1 ks. laserov\u00fd ukazovate\u013e poz\u00edcie up\u00edna\u010dov<\/li>\n<li>Nap\u00e1janie 400 V<\/li>\n<\/ul>\n","protected":false},"featured_media":1257,"comment_status":"closed","ping_status":"closed","template":"","meta":{"_monsterinsights_skip_tracking":false,"_monsterinsights_sitenote_active":false,"_monsterinsights_sitenote_note":"","_monsterinsights_sitenote_category":0},"product_brand":[],"product_cat":[29],"product_tag":[],"class_list":{"0":"post-1256","1":"product","2":"type-product","3":"status-publish","4":"has-post-thumbnail","6":"product_cat-obrabacie-centra","8":"first","9":"instock","10":"product-type-simple"},"yoast_head":"<!-- This site is optimized with the Yoast SEO plugin v27.5 - https:\/\/yoast.com\/product\/yoast-seo-wordpress\/ -->\n<title>MC 319 AYDO - CNC obr\u00e1bacie centrum s 3 numericky riaden\u00fdmi osami - Pressta Eisele \u010cS<\/title>\n<meta name=\"robots\" content=\"index, follow, max-snippet:-1, max-image-preview:large, max-video-preview:-1\" \/>\n<link rel=\"canonical\" href=\"https:\/\/www.pressta-eisele.eu\/hu\/produkt\/mc-319-aydo-cnc-obrabacie-centrum-s-3-numericky-riadenymi-osami\/\" \/>\n<meta property=\"og:locale\" content=\"hu_HU\" \/>\n<meta property=\"og:type\" content=\"article\" \/>\n<meta property=\"og:title\" content=\"MC 319 AYDO - CNC obr\u00e1bacie centrum s 3 numericky riaden\u00fdmi osami - Pressta Eisele \u010cS\" \/>\n<meta property=\"og:description\" content=\"vertik\u00e1lne fr\u00e9zovacie centrum s pohybliv\u00fdm ramenom  pre opracovanie profilov\u00fdch ty\u010d\u00ed pr\u00edp.dielov z hlin\u00edka, ne\u017eelezn\u00fdch kovov, PVC a ocele  d\u013a\u017eka pojazdu X=3160 mm  3 CNC riaden\u00e9 osy + 1 os ovl\u00e1dan\u00e1 pneumaticky  ur\u010den\u00e9 pre opracovanie na 1 + 2 stran\u00e1ch pr\u00edp. na 5 stran\u00e1ch pri pou\u017eit\u00ed uhlovej hlavy  pneumatick\u00e9 ot\u00e1\u010danie pracovn\u00e9ho stola v rozsahu (+)90\u00b0-0\u00b0-(-90\u00b0),  line\u00e1rne ko\u013eajnicov\u00e9 vedenia s valiv\u00fdmi lo\u017eiskami  osy je mo\u017en\u00e9 trojrozmerne line\u00e1rne alebo po kru\u017enici interpolova\u0165  pohon os\u00ed pomocou jednosmern\u00e9ho bezkontaktn\u00e9ho motora  up\u00edna\u010de obrobku sa pohybuj\u00fa po presn\u00fdch klzn\u00fdch vedeniach  pri pou\u017eit\u00ed kot\u00fa\u010dovej fr\u00e9zy je mo\u017en\u00e9 opracova\u0165 \u010del\u00e1 profilu  sklopn\u00e9, referen\u010dn\u00e9 dorazy s\u00fa ovl\u00e1dan\u00e9 pneumaticky  elektrovreteno je vhodn\u00e9 pre pou\u017eitie r\u00fdchlo v\u00fdmenn\u00e9ho up\u00ednacieho p\u00fazdra  automatick\u00e1 v\u00fdmena n\u00e1strojov  automaticky otv\u00e1ran\u00e9 \u010delo kab\u00edny pre vkladanie materi\u00e1lu do z\u00f3ny opracovania  &nbsp;   stolov\u00fd po\u010d\u00edta\u010d, kl\u00e1vesnica QWERTY, my\u0161  monitor TFT-LCD&quot; W (16:9, 1366 x 768 pixelov)  CAM 3D grafick\u00fd softv\u00e9r  &nbsp;   elektrovreteno ISO 30, chladen\u00e9 vzduchom, 3,8 kW, 18000 ot\/min.  z\u00e1sobn\u00edk n\u00e1strojov (v\u013eavo, 5 poz\u00edcii)  4 ks. horizont\u00e1lnych pneumatick\u00fdch up\u00edna\u010dov  pneumatick\u00fdch referen\u010dn\u00fdch dorazov  1 ks. laserov\u00fd ukazovate\u013e poz\u00edcie up\u00edna\u010dov  Nap\u00e1janie 400 V\" \/>\n<meta property=\"og:url\" content=\"https:\/\/www.pressta-eisele.eu\/hu\/produkt\/mc-319-aydo-cnc-obrabacie-centrum-s-3-numericky-riadenymi-osami\/\" \/>\n<meta property=\"og:site_name\" content=\"Pressta Eisele \u010cS\" \/>\n<meta property=\"article:modified_time\" content=\"2021-02-02T09:54:02+00:00\" \/>\n<meta property=\"og:image\" content=\"https:\/\/www.pressta-eisele.eu\/wp-content\/uploads\/2021\/01\/276.jpg\" \/>\n\t<meta property=\"og:image:width\" content=\"800\" \/>\n\t<meta property=\"og:image:height\" content=\"431\" \/>\n\t<meta property=\"og:image:type\" content=\"image\/jpeg\" \/>\n<meta name=\"twitter:card\" content=\"summary_large_image\" \/>\n<script type=\"application\/ld+json\" class=\"yoast-schema-graph\">{\"@context\":\"https:\\\/\\\/schema.org\",\"@graph\":[{\"@type\":\"WebPage\",\"@id\":\"https:\\\/\\\/www.pressta-eisele.eu\\\/hu\\\/produkt\\\/mc-319-aydo-cnc-obrabacie-centrum-s-3-numericky-riadenymi-osami\\\/\",\"url\":\"https:\\\/\\\/www.pressta-eisele.eu\\\/hu\\\/produkt\\\/mc-319-aydo-cnc-obrabacie-centrum-s-3-numericky-riadenymi-osami\\\/\",\"name\":\"MC 319 AYDO - CNC obr\u00e1bacie centrum s 3 numericky riaden\u00fdmi osami - Pressta Eisele \u010cS\",\"isPartOf\":{\"@id\":\"https:\\\/\\\/www.pressta-eisele.eu\\\/hu\\\/#website\"},\"primaryImageOfPage\":{\"@id\":\"https:\\\/\\\/www.pressta-eisele.eu\\\/hu\\\/produkt\\\/mc-319-aydo-cnc-obrabacie-centrum-s-3-numericky-riadenymi-osami\\\/#primaryimage\"},\"image\":{\"@id\":\"https:\\\/\\\/www.pressta-eisele.eu\\\/hu\\\/produkt\\\/mc-319-aydo-cnc-obrabacie-centrum-s-3-numericky-riadenymi-osami\\\/#primaryimage\"},\"thumbnailUrl\":\"https:\\\/\\\/www.pressta-eisele.eu\\\/wp-content\\\/uploads\\\/2021\\\/01\\\/276.jpg\",\"datePublished\":\"2021-01-31T18:43:10+00:00\",\"dateModified\":\"2021-02-02T09:54:02+00:00\",\"breadcrumb\":{\"@id\":\"https:\\\/\\\/www.pressta-eisele.eu\\\/hu\\\/produkt\\\/mc-319-aydo-cnc-obrabacie-centrum-s-3-numericky-riadenymi-osami\\\/#breadcrumb\"},\"inLanguage\":\"hu\",\"potentialAction\":[{\"@type\":\"ReadAction\",\"target\":[\"https:\\\/\\\/www.pressta-eisele.eu\\\/hu\\\/produkt\\\/mc-319-aydo-cnc-obrabacie-centrum-s-3-numericky-riadenymi-osami\\\/\"]}]},{\"@type\":\"ImageObject\",\"inLanguage\":\"hu\",\"@id\":\"https:\\\/\\\/www.pressta-eisele.eu\\\/hu\\\/produkt\\\/mc-319-aydo-cnc-obrabacie-centrum-s-3-numericky-riadenymi-osami\\\/#primaryimage\",\"url\":\"https:\\\/\\\/www.pressta-eisele.eu\\\/wp-content\\\/uploads\\\/2021\\\/01\\\/276.jpg\",\"contentUrl\":\"https:\\\/\\\/www.pressta-eisele.eu\\\/wp-content\\\/uploads\\\/2021\\\/01\\\/276.jpg\",\"width\":800,\"height\":431,\"caption\":\"MC 319 AYDO - CNC obr\u00e1bacie centrum s 3 numericky riaden\u00fdmi osami\"},{\"@type\":\"BreadcrumbList\",\"@id\":\"https:\\\/\\\/www.pressta-eisele.eu\\\/hu\\\/produkt\\\/mc-319-aydo-cnc-obrabacie-centrum-s-3-numericky-riadenymi-osami\\\/#breadcrumb\",\"itemListElement\":[{\"@type\":\"ListItem\",\"position\":1,\"name\":\"Home\",\"item\":\"https:\\\/\\\/www.pressta-eisele.eu\\\/hu\\\/\"},{\"@type\":\"ListItem\",\"position\":2,\"name\":\"Shop\",\"item\":\"https:\\\/\\\/www.pressta-eisele.eu\\\/hu\\\/shop\\\/\"},{\"@type\":\"ListItem\",\"position\":3,\"name\":\"MC 319 AYDO &#8211; CNC obr\u00e1bacie centrum s 3 numericky riaden\u00fdmi osami\"}]},{\"@type\":\"WebSite\",\"@id\":\"https:\\\/\\\/www.pressta-eisele.eu\\\/hu\\\/#website\",\"url\":\"https:\\\/\\\/www.pressta-eisele.eu\\\/hu\\\/\",\"name\":\"Pressta Eisele \u010cS\",\"description\":\"Vitajte vo svete produktivity\",\"publisher\":{\"@id\":\"https:\\\/\\\/www.pressta-eisele.eu\\\/hu\\\/#organization\"},\"potentialAction\":[{\"@type\":\"SearchAction\",\"target\":{\"@type\":\"EntryPoint\",\"urlTemplate\":\"https:\\\/\\\/www.pressta-eisele.eu\\\/hu\\\/?s={search_term_string}\"},\"query-input\":{\"@type\":\"PropertyValueSpecification\",\"valueRequired\":true,\"valueName\":\"search_term_string\"}}],\"inLanguage\":\"hu\"},{\"@type\":\"Organization\",\"@id\":\"https:\\\/\\\/www.pressta-eisele.eu\\\/hu\\\/#organization\",\"name\":\"Pressta Eisele \u010cS\",\"url\":\"https:\\\/\\\/www.pressta-eisele.eu\\\/hu\\\/\",\"logo\":{\"@type\":\"ImageObject\",\"inLanguage\":\"hu\",\"@id\":\"https:\\\/\\\/www.pressta-eisele.eu\\\/hu\\\/#\\\/schema\\\/logo\\\/image\\\/\",\"url\":\"https:\\\/\\\/www.pressta-eisele.eu\\\/wp-content\\\/uploads\\\/2020\\\/11\\\/pressta-logo-01v.svg\",\"contentUrl\":\"https:\\\/\\\/www.pressta-eisele.eu\\\/wp-content\\\/uploads\\\/2020\\\/11\\\/pressta-logo-01v.svg\",\"caption\":\"Pressta Eisele \u010cS\"},\"image\":{\"@id\":\"https:\\\/\\\/www.pressta-eisele.eu\\\/hu\\\/#\\\/schema\\\/logo\\\/image\\\/\"}}]}<\/script>\n<!-- \/ Yoast SEO plugin. -->","yoast_head_json":{"title":"MC 319 AYDO - CNC obr\u00e1bacie centrum s 3 numericky riaden\u00fdmi osami - Pressta Eisele \u010cS","robots":{"index":"index","follow":"follow","max-snippet":"max-snippet:-1","max-image-preview":"max-image-preview:large","max-video-preview":"max-video-preview:-1"},"canonical":"https:\/\/www.pressta-eisele.eu\/hu\/produkt\/mc-319-aydo-cnc-obrabacie-centrum-s-3-numericky-riadenymi-osami\/","og_locale":"hu_HU","og_type":"article","og_title":"MC 319 AYDO - CNC obr\u00e1bacie centrum s 3 numericky riaden\u00fdmi osami - Pressta Eisele \u010cS","og_description":"vertik\u00e1lne fr\u00e9zovacie centrum s pohybliv\u00fdm ramenom  pre opracovanie profilov\u00fdch ty\u010d\u00ed pr\u00edp.dielov z hlin\u00edka, ne\u017eelezn\u00fdch kovov, PVC a ocele  d\u013a\u017eka pojazdu X=3160 mm  3 CNC riaden\u00e9 osy + 1 os ovl\u00e1dan\u00e1 pneumaticky  ur\u010den\u00e9 pre opracovanie na 1 + 2 stran\u00e1ch pr\u00edp. na 5 stran\u00e1ch pri pou\u017eit\u00ed uhlovej hlavy  pneumatick\u00e9 ot\u00e1\u010danie pracovn\u00e9ho stola v rozsahu (+)90\u00b0-0\u00b0-(-90\u00b0),  line\u00e1rne ko\u013eajnicov\u00e9 vedenia s valiv\u00fdmi lo\u017eiskami  osy je mo\u017en\u00e9 trojrozmerne line\u00e1rne alebo po kru\u017enici interpolova\u0165  pohon os\u00ed pomocou jednosmern\u00e9ho bezkontaktn\u00e9ho motora  up\u00edna\u010de obrobku sa pohybuj\u00fa po presn\u00fdch klzn\u00fdch vedeniach  pri pou\u017eit\u00ed kot\u00fa\u010dovej fr\u00e9zy je mo\u017en\u00e9 opracova\u0165 \u010del\u00e1 profilu  sklopn\u00e9, referen\u010dn\u00e9 dorazy s\u00fa ovl\u00e1dan\u00e9 pneumaticky  elektrovreteno je vhodn\u00e9 pre pou\u017eitie r\u00fdchlo v\u00fdmenn\u00e9ho up\u00ednacieho p\u00fazdra  automatick\u00e1 v\u00fdmena n\u00e1strojov  automaticky otv\u00e1ran\u00e9 \u010delo kab\u00edny pre vkladanie materi\u00e1lu do z\u00f3ny opracovania  &nbsp;   stolov\u00fd po\u010d\u00edta\u010d, kl\u00e1vesnica QWERTY, my\u0161  monitor TFT-LCD\" W (16:9, 1366 x 768 pixelov)  CAM 3D grafick\u00fd softv\u00e9r  &nbsp;   elektrovreteno ISO 30, chladen\u00e9 vzduchom, 3,8 kW, 18000 ot\/min.  z\u00e1sobn\u00edk n\u00e1strojov (v\u013eavo, 5 poz\u00edcii)  4 ks. horizont\u00e1lnych pneumatick\u00fdch up\u00edna\u010dov  pneumatick\u00fdch referen\u010dn\u00fdch dorazov  1 ks. laserov\u00fd ukazovate\u013e poz\u00edcie up\u00edna\u010dov  Nap\u00e1janie 400 V","og_url":"https:\/\/www.pressta-eisele.eu\/hu\/produkt\/mc-319-aydo-cnc-obrabacie-centrum-s-3-numericky-riadenymi-osami\/","og_site_name":"Pressta Eisele \u010cS","article_modified_time":"2021-02-02T09:54:02+00:00","og_image":[{"width":800,"height":431,"url":"https:\/\/www.pressta-eisele.eu\/wp-content\/uploads\/2021\/01\/276.jpg","type":"image\/jpeg"}],"twitter_card":"summary_large_image","schema":{"@context":"https:\/\/schema.org","@graph":[{"@type":"WebPage","@id":"https:\/\/www.pressta-eisele.eu\/hu\/produkt\/mc-319-aydo-cnc-obrabacie-centrum-s-3-numericky-riadenymi-osami\/","url":"https:\/\/www.pressta-eisele.eu\/hu\/produkt\/mc-319-aydo-cnc-obrabacie-centrum-s-3-numericky-riadenymi-osami\/","name":"MC 319 AYDO - CNC obr\u00e1bacie centrum s 3 numericky riaden\u00fdmi osami - Pressta Eisele \u010cS","isPartOf":{"@id":"https:\/\/www.pressta-eisele.eu\/hu\/#website"},"primaryImageOfPage":{"@id":"https:\/\/www.pressta-eisele.eu\/hu\/produkt\/mc-319-aydo-cnc-obrabacie-centrum-s-3-numericky-riadenymi-osami\/#primaryimage"},"image":{"@id":"https:\/\/www.pressta-eisele.eu\/hu\/produkt\/mc-319-aydo-cnc-obrabacie-centrum-s-3-numericky-riadenymi-osami\/#primaryimage"},"thumbnailUrl":"https:\/\/www.pressta-eisele.eu\/wp-content\/uploads\/2021\/01\/276.jpg","datePublished":"2021-01-31T18:43:10+00:00","dateModified":"2021-02-02T09:54:02+00:00","breadcrumb":{"@id":"https:\/\/www.pressta-eisele.eu\/hu\/produkt\/mc-319-aydo-cnc-obrabacie-centrum-s-3-numericky-riadenymi-osami\/#breadcrumb"},"inLanguage":"hu","potentialAction":[{"@type":"ReadAction","target":["https:\/\/www.pressta-eisele.eu\/hu\/produkt\/mc-319-aydo-cnc-obrabacie-centrum-s-3-numericky-riadenymi-osami\/"]}]},{"@type":"ImageObject","inLanguage":"hu","@id":"https:\/\/www.pressta-eisele.eu\/hu\/produkt\/mc-319-aydo-cnc-obrabacie-centrum-s-3-numericky-riadenymi-osami\/#primaryimage","url":"https:\/\/www.pressta-eisele.eu\/wp-content\/uploads\/2021\/01\/276.jpg","contentUrl":"https:\/\/www.pressta-eisele.eu\/wp-content\/uploads\/2021\/01\/276.jpg","width":800,"height":431,"caption":"MC 319 AYDO - CNC obr\u00e1bacie centrum s 3 numericky riaden\u00fdmi osami"},{"@type":"BreadcrumbList","@id":"https:\/\/www.pressta-eisele.eu\/hu\/produkt\/mc-319-aydo-cnc-obrabacie-centrum-s-3-numericky-riadenymi-osami\/#breadcrumb","itemListElement":[{"@type":"ListItem","position":1,"name":"Home","item":"https:\/\/www.pressta-eisele.eu\/hu\/"},{"@type":"ListItem","position":2,"name":"Shop","item":"https:\/\/www.pressta-eisele.eu\/hu\/shop\/"},{"@type":"ListItem","position":3,"name":"MC 319 AYDO &#8211; CNC obr\u00e1bacie centrum s 3 numericky riaden\u00fdmi osami"}]},{"@type":"WebSite","@id":"https:\/\/www.pressta-eisele.eu\/hu\/#website","url":"https:\/\/www.pressta-eisele.eu\/hu\/","name":"Pressta Eisele \u010cS","description":"Vitajte vo svete produktivity","publisher":{"@id":"https:\/\/www.pressta-eisele.eu\/hu\/#organization"},"potentialAction":[{"@type":"SearchAction","target":{"@type":"EntryPoint","urlTemplate":"https:\/\/www.pressta-eisele.eu\/hu\/?s={search_term_string}"},"query-input":{"@type":"PropertyValueSpecification","valueRequired":true,"valueName":"search_term_string"}}],"inLanguage":"hu"},{"@type":"Organization","@id":"https:\/\/www.pressta-eisele.eu\/hu\/#organization","name":"Pressta Eisele \u010cS","url":"https:\/\/www.pressta-eisele.eu\/hu\/","logo":{"@type":"ImageObject","inLanguage":"hu","@id":"https:\/\/www.pressta-eisele.eu\/hu\/#\/schema\/logo\/image\/","url":"https:\/\/www.pressta-eisele.eu\/wp-content\/uploads\/2020\/11\/pressta-logo-01v.svg","contentUrl":"https:\/\/www.pressta-eisele.eu\/wp-content\/uploads\/2020\/11\/pressta-logo-01v.svg","caption":"Pressta Eisele \u010cS"},"image":{"@id":"https:\/\/www.pressta-eisele.eu\/hu\/#\/schema\/logo\/image\/"}}]}},"jetpack_sharing_enabled":true,"_links":{"self":[{"href":"https:\/\/www.pressta-eisele.eu\/hu\/wp-json\/wp\/v2\/product\/1256","targetHints":{"allow":["GET"]}}],"collection":[{"href":"https:\/\/www.pressta-eisele.eu\/hu\/wp-json\/wp\/v2\/product"}],"about":[{"href":"https:\/\/www.pressta-eisele.eu\/hu\/wp-json\/wp\/v2\/types\/product"}],"replies":[{"embeddable":true,"href":"https:\/\/www.pressta-eisele.eu\/hu\/wp-json\/wp\/v2\/comments?post=1256"}],"wp:featuredmedia":[{"embeddable":true,"href":"https:\/\/www.pressta-eisele.eu\/hu\/wp-json\/wp\/v2\/media\/1257"}],"wp:attachment":[{"href":"https:\/\/www.pressta-eisele.eu\/hu\/wp-json\/wp\/v2\/media?parent=1256"}],"wp:term":[{"taxonomy":"product_brand","embeddable":true,"href":"https:\/\/www.pressta-eisele.eu\/hu\/wp-json\/wp\/v2\/product_brand?post=1256"},{"taxonomy":"product_cat","embeddable":true,"href":"https:\/\/www.pressta-eisele.eu\/hu\/wp-json\/wp\/v2\/product_cat?post=1256"},{"taxonomy":"product_tag","embeddable":true,"href":"https:\/\/www.pressta-eisele.eu\/hu\/wp-json\/wp\/v2\/product_tag?post=1256"}],"curies":[{"name":"wp","href":"https:\/\/api.w.org\/{rel}","templated":true}]}}