{"id":1251,"date":"2021-01-31T19:43:10","date_gmt":"2021-01-31T18:43:10","guid":{"rendered":"https:\/\/www.pressta-eisele.eu\/produkt\/apollo-4av-plus-vertikalna-stvorhlava-zvaracka-pvc-profilov\/"},"modified":"2021-01-31T21:25:41","modified_gmt":"2021-01-31T20:25:41","slug":"apollo-4av-plus-vertikalna-stvorhlava-zvaracka-pvc-profilov","status":"publish","type":"product","link":"https:\/\/www.pressta-eisele.eu\/hu\/produkt\/apollo-4av-plus-vertikalna-stvorhlava-zvaracka-pvc-profilov\/","title":{"rendered":"APOLLO 4AV PLUS &#8211; Vertik\u00e1lna \u0161tvorhlav\u00e1 zv\u00e1ra\u010dka PVC profilov"},"content":{"rendered":"","protected":false},"excerpt":{"rendered":"<ul>\n<li>pre s\u00fa\u010dasne zv\u00e1ranie 4 rohov pod uhlom 90\u00b0 na PVC okenn\u00fdch profiloch<\/li>\n<li>ovl\u00e1danie cez dotykov\u00fd panel 12\u201c<\/li>\n<li>3-os\u00ed CNC riadiaci syst\u00e9m<\/li>\n<li>\u0161tandardne vybaven\u00fd pret\u00e1\u010dac\u00edm syst\u00e9mom tefl\u00f3novej f\u00f3lie<\/li>\n<li>jednoduch\u00e9 nastavenie ohrani\u010denie 0,2 mm<\/li>\n<li>r\u00fdchlo v\u00fdmenn\u00fd syst\u00e9m zv\u00e1rac\u00edch pr\u00edlo\u017eiek<\/li>\n<li>\u010d\u00edta\u010dka \u010diarov\u00e9ho k\u00f3du pre automatick\u00fd n\u00e1beh na rozmer<\/li>\n<li>automatick\u00e9 pritl\u00e1\u010danie tesnenia<\/li>\n<li>automatick\u00fd predohrev profilov pre chladn\u00e9 klimatick\u00e9 p\u00e1sma alebo zimn\u00e1 prev\u00e1dzka bez predch\u00e1dzaj\u00facej temper\u00e1cie profilov.<\/li>\n<li>profil v\u00fd\u0161ka min.: 30mm<\/li>\n<li>profil v\u00fd\u0161ka max.: 120mm<\/li>\n<li>profil \u0161\u00edrka min.: 30mm<\/li>\n<li>profil \u0161\u00edrka max.: 120mm<\/li>\n<li>rozmer r\u00e1mu 400&#215;400 mm<\/li>\n<li>rozmer r\u00e1mu 420&#215;420 mm s pritl\u00e1\u010dan\u00edm tesnenia<\/li>\n<li>rozmer r\u00e1mu 2000 x 3000 (V x \u0160) mm<\/li>\n<\/ul>\n","protected":false},"featured_media":1252,"comment_status":"closed","ping_status":"open","template":"","meta":{"_monsterinsights_skip_tracking":false,"_monsterinsights_sitenote_active":false,"_monsterinsights_sitenote_note":"","_monsterinsights_sitenote_category":0},"product_brand":[],"product_cat":[38],"product_tag":[],"class_list":{"0":"post-1251","1":"product","2":"type-product","3":"status-publish","4":"has-post-thumbnail","6":"product_cat-zvaranie-profilov-a-zacistovanie-rohov","8":"first","9":"instock","10":"product-type-simple"},"yoast_head":"<!-- This site is optimized with the Yoast SEO plugin v27.4 - https:\/\/yoast.com\/product\/yoast-seo-wordpress\/ -->\n<title>APOLLO 4AV PLUS - Vertik\u00e1lna \u0161tvorhlav\u00e1 zv\u00e1ra\u010dka PVC profilov - Pressta Eisele \u010cS<\/title>\n<meta name=\"robots\" content=\"index, follow, max-snippet:-1, max-image-preview:large, max-video-preview:-1\" \/>\n<link rel=\"canonical\" href=\"https:\/\/www.pressta-eisele.eu\/hu\/produkt\/apollo-4av-plus-vertikalna-stvorhlava-zvaracka-pvc-profilov\/\" \/>\n<meta property=\"og:locale\" content=\"hu_HU\" \/>\n<meta property=\"og:type\" content=\"article\" \/>\n<meta property=\"og:title\" content=\"APOLLO 4AV PLUS - Vertik\u00e1lna \u0161tvorhlav\u00e1 zv\u00e1ra\u010dka PVC profilov - Pressta Eisele \u010cS\" \/>\n<meta property=\"og:description\" content=\"pre s\u00fa\u010dasne zv\u00e1ranie 4 rohov pod uhlom 90\u00b0 na PVC okenn\u00fdch profiloch ovl\u00e1danie cez dotykov\u00fd panel 12\u201c 3-os\u00ed CNC riadiaci syst\u00e9m \u0161tandardne vybaven\u00fd pret\u00e1\u010dac\u00edm syst\u00e9mom tefl\u00f3novej f\u00f3lie jednoduch\u00e9 nastavenie ohrani\u010denie 0,2 mm r\u00fdchlo v\u00fdmenn\u00fd syst\u00e9m zv\u00e1rac\u00edch pr\u00edlo\u017eiek \u010d\u00edta\u010dka \u010diarov\u00e9ho k\u00f3du pre automatick\u00fd n\u00e1beh na rozmer automatick\u00e9 pritl\u00e1\u010danie tesnenia automatick\u00fd predohrev profilov pre chladn\u00e9 klimatick\u00e9 p\u00e1sma alebo zimn\u00e1 prev\u00e1dzka bez predch\u00e1dzaj\u00facej temper\u00e1cie profilov. profil v\u00fd\u0161ka min.: 30mm profil v\u00fd\u0161ka max.: 120mm profil \u0161\u00edrka min.: 30mm profil \u0161\u00edrka max.: 120mm rozmer r\u00e1mu 400x400 mm rozmer r\u00e1mu 420x420 mm s pritl\u00e1\u010dan\u00edm tesnenia rozmer r\u00e1mu 2000 x 3000 (V x \u0160) mm\" \/>\n<meta property=\"og:url\" content=\"https:\/\/www.pressta-eisele.eu\/hu\/produkt\/apollo-4av-plus-vertikalna-stvorhlava-zvaracka-pvc-profilov\/\" \/>\n<meta property=\"og:site_name\" content=\"Pressta Eisele \u010cS\" \/>\n<meta property=\"article:modified_time\" content=\"2021-01-31T20:25:41+00:00\" \/>\n<meta property=\"og:image\" content=\"https:\/\/www.pressta-eisele.eu\/wp-content\/uploads\/2021\/01\/275.jpg\" \/>\n\t<meta property=\"og:image:width\" content=\"800\" \/>\n\t<meta property=\"og:image:height\" content=\"600\" \/>\n\t<meta property=\"og:image:type\" content=\"image\/jpeg\" \/>\n<meta name=\"twitter:card\" content=\"summary_large_image\" \/>\n<script type=\"application\/ld+json\" class=\"yoast-schema-graph\">{\"@context\":\"https:\\\/\\\/schema.org\",\"@graph\":[{\"@type\":\"WebPage\",\"@id\":\"https:\\\/\\\/www.pressta-eisele.eu\\\/hu\\\/produkt\\\/apollo-4av-plus-vertikalna-stvorhlava-zvaracka-pvc-profilov\\\/\",\"url\":\"https:\\\/\\\/www.pressta-eisele.eu\\\/hu\\\/produkt\\\/apollo-4av-plus-vertikalna-stvorhlava-zvaracka-pvc-profilov\\\/\",\"name\":\"APOLLO 4AV PLUS - Vertik\u00e1lna \u0161tvorhlav\u00e1 zv\u00e1ra\u010dka PVC profilov - Pressta Eisele \u010cS\",\"isPartOf\":{\"@id\":\"https:\\\/\\\/www.pressta-eisele.eu\\\/hu\\\/#website\"},\"primaryImageOfPage\":{\"@id\":\"https:\\\/\\\/www.pressta-eisele.eu\\\/hu\\\/produkt\\\/apollo-4av-plus-vertikalna-stvorhlava-zvaracka-pvc-profilov\\\/#primaryimage\"},\"image\":{\"@id\":\"https:\\\/\\\/www.pressta-eisele.eu\\\/hu\\\/produkt\\\/apollo-4av-plus-vertikalna-stvorhlava-zvaracka-pvc-profilov\\\/#primaryimage\"},\"thumbnailUrl\":\"https:\\\/\\\/www.pressta-eisele.eu\\\/wp-content\\\/uploads\\\/2021\\\/01\\\/275.jpg\",\"datePublished\":\"2021-01-31T18:43:10+00:00\",\"dateModified\":\"2021-01-31T20:25:41+00:00\",\"breadcrumb\":{\"@id\":\"https:\\\/\\\/www.pressta-eisele.eu\\\/hu\\\/produkt\\\/apollo-4av-plus-vertikalna-stvorhlava-zvaracka-pvc-profilov\\\/#breadcrumb\"},\"inLanguage\":\"hu\",\"potentialAction\":[{\"@type\":\"ReadAction\",\"target\":[\"https:\\\/\\\/www.pressta-eisele.eu\\\/hu\\\/produkt\\\/apollo-4av-plus-vertikalna-stvorhlava-zvaracka-pvc-profilov\\\/\"]}]},{\"@type\":\"ImageObject\",\"inLanguage\":\"hu\",\"@id\":\"https:\\\/\\\/www.pressta-eisele.eu\\\/hu\\\/produkt\\\/apollo-4av-plus-vertikalna-stvorhlava-zvaracka-pvc-profilov\\\/#primaryimage\",\"url\":\"https:\\\/\\\/www.pressta-eisele.eu\\\/wp-content\\\/uploads\\\/2021\\\/01\\\/275.jpg\",\"contentUrl\":\"https:\\\/\\\/www.pressta-eisele.eu\\\/wp-content\\\/uploads\\\/2021\\\/01\\\/275.jpg\",\"width\":800,\"height\":600,\"caption\":\"APOLLO 4AV PLUS - Vertik\u00e1lna \u0161tvorhlav\u00e1 zv\u00e1ra\u010dka PVC profilov\"},{\"@type\":\"BreadcrumbList\",\"@id\":\"https:\\\/\\\/www.pressta-eisele.eu\\\/hu\\\/produkt\\\/apollo-4av-plus-vertikalna-stvorhlava-zvaracka-pvc-profilov\\\/#breadcrumb\",\"itemListElement\":[{\"@type\":\"ListItem\",\"position\":1,\"name\":\"Home\",\"item\":\"https:\\\/\\\/www.pressta-eisele.eu\\\/hu\\\/\"},{\"@type\":\"ListItem\",\"position\":2,\"name\":\"Shop\",\"item\":\"https:\\\/\\\/www.pressta-eisele.eu\\\/hu\\\/shop\\\/\"},{\"@type\":\"ListItem\",\"position\":3,\"name\":\"APOLLO 4AV PLUS &#8211; Vertik\u00e1lna \u0161tvorhlav\u00e1 zv\u00e1ra\u010dka PVC profilov\"}]},{\"@type\":\"WebSite\",\"@id\":\"https:\\\/\\\/www.pressta-eisele.eu\\\/hu\\\/#website\",\"url\":\"https:\\\/\\\/www.pressta-eisele.eu\\\/hu\\\/\",\"name\":\"Pressta Eisele \u010cS\",\"description\":\"Vitajte vo svete produktivity\",\"publisher\":{\"@id\":\"https:\\\/\\\/www.pressta-eisele.eu\\\/hu\\\/#organization\"},\"potentialAction\":[{\"@type\":\"SearchAction\",\"target\":{\"@type\":\"EntryPoint\",\"urlTemplate\":\"https:\\\/\\\/www.pressta-eisele.eu\\\/hu\\\/?s={search_term_string}\"},\"query-input\":{\"@type\":\"PropertyValueSpecification\",\"valueRequired\":true,\"valueName\":\"search_term_string\"}}],\"inLanguage\":\"hu\"},{\"@type\":\"Organization\",\"@id\":\"https:\\\/\\\/www.pressta-eisele.eu\\\/hu\\\/#organization\",\"name\":\"Pressta Eisele \u010cS\",\"url\":\"https:\\\/\\\/www.pressta-eisele.eu\\\/hu\\\/\",\"logo\":{\"@type\":\"ImageObject\",\"inLanguage\":\"hu\",\"@id\":\"https:\\\/\\\/www.pressta-eisele.eu\\\/hu\\\/#\\\/schema\\\/logo\\\/image\\\/\",\"url\":\"https:\\\/\\\/www.pressta-eisele.eu\\\/wp-content\\\/uploads\\\/2020\\\/11\\\/pressta-logo-01v.svg\",\"contentUrl\":\"https:\\\/\\\/www.pressta-eisele.eu\\\/wp-content\\\/uploads\\\/2020\\\/11\\\/pressta-logo-01v.svg\",\"caption\":\"Pressta Eisele \u010cS\"},\"image\":{\"@id\":\"https:\\\/\\\/www.pressta-eisele.eu\\\/hu\\\/#\\\/schema\\\/logo\\\/image\\\/\"}}]}<\/script>\n<!-- \/ Yoast SEO plugin. -->","yoast_head_json":{"title":"APOLLO 4AV PLUS - Vertik\u00e1lna \u0161tvorhlav\u00e1 zv\u00e1ra\u010dka PVC profilov - Pressta Eisele \u010cS","robots":{"index":"index","follow":"follow","max-snippet":"max-snippet:-1","max-image-preview":"max-image-preview:large","max-video-preview":"max-video-preview:-1"},"canonical":"https:\/\/www.pressta-eisele.eu\/hu\/produkt\/apollo-4av-plus-vertikalna-stvorhlava-zvaracka-pvc-profilov\/","og_locale":"hu_HU","og_type":"article","og_title":"APOLLO 4AV PLUS - Vertik\u00e1lna \u0161tvorhlav\u00e1 zv\u00e1ra\u010dka PVC profilov - Pressta Eisele \u010cS","og_description":"pre s\u00fa\u010dasne zv\u00e1ranie 4 rohov pod uhlom 90\u00b0 na PVC okenn\u00fdch profiloch ovl\u00e1danie cez dotykov\u00fd panel 12\u201c 3-os\u00ed CNC riadiaci syst\u00e9m \u0161tandardne vybaven\u00fd pret\u00e1\u010dac\u00edm syst\u00e9mom tefl\u00f3novej f\u00f3lie jednoduch\u00e9 nastavenie ohrani\u010denie 0,2 mm r\u00fdchlo v\u00fdmenn\u00fd syst\u00e9m zv\u00e1rac\u00edch pr\u00edlo\u017eiek \u010d\u00edta\u010dka \u010diarov\u00e9ho k\u00f3du pre automatick\u00fd n\u00e1beh na rozmer automatick\u00e9 pritl\u00e1\u010danie tesnenia automatick\u00fd predohrev profilov pre chladn\u00e9 klimatick\u00e9 p\u00e1sma alebo zimn\u00e1 prev\u00e1dzka bez predch\u00e1dzaj\u00facej temper\u00e1cie profilov. profil v\u00fd\u0161ka min.: 30mm profil v\u00fd\u0161ka max.: 120mm profil \u0161\u00edrka min.: 30mm profil \u0161\u00edrka max.: 120mm rozmer r\u00e1mu 400x400 mm rozmer r\u00e1mu 420x420 mm s pritl\u00e1\u010dan\u00edm tesnenia rozmer r\u00e1mu 2000 x 3000 (V x \u0160) mm","og_url":"https:\/\/www.pressta-eisele.eu\/hu\/produkt\/apollo-4av-plus-vertikalna-stvorhlava-zvaracka-pvc-profilov\/","og_site_name":"Pressta Eisele \u010cS","article_modified_time":"2021-01-31T20:25:41+00:00","og_image":[{"width":800,"height":600,"url":"https:\/\/www.pressta-eisele.eu\/wp-content\/uploads\/2021\/01\/275.jpg","type":"image\/jpeg"}],"twitter_card":"summary_large_image","schema":{"@context":"https:\/\/schema.org","@graph":[{"@type":"WebPage","@id":"https:\/\/www.pressta-eisele.eu\/hu\/produkt\/apollo-4av-plus-vertikalna-stvorhlava-zvaracka-pvc-profilov\/","url":"https:\/\/www.pressta-eisele.eu\/hu\/produkt\/apollo-4av-plus-vertikalna-stvorhlava-zvaracka-pvc-profilov\/","name":"APOLLO 4AV PLUS - Vertik\u00e1lna \u0161tvorhlav\u00e1 zv\u00e1ra\u010dka PVC profilov - Pressta Eisele \u010cS","isPartOf":{"@id":"https:\/\/www.pressta-eisele.eu\/hu\/#website"},"primaryImageOfPage":{"@id":"https:\/\/www.pressta-eisele.eu\/hu\/produkt\/apollo-4av-plus-vertikalna-stvorhlava-zvaracka-pvc-profilov\/#primaryimage"},"image":{"@id":"https:\/\/www.pressta-eisele.eu\/hu\/produkt\/apollo-4av-plus-vertikalna-stvorhlava-zvaracka-pvc-profilov\/#primaryimage"},"thumbnailUrl":"https:\/\/www.pressta-eisele.eu\/wp-content\/uploads\/2021\/01\/275.jpg","datePublished":"2021-01-31T18:43:10+00:00","dateModified":"2021-01-31T20:25:41+00:00","breadcrumb":{"@id":"https:\/\/www.pressta-eisele.eu\/hu\/produkt\/apollo-4av-plus-vertikalna-stvorhlava-zvaracka-pvc-profilov\/#breadcrumb"},"inLanguage":"hu","potentialAction":[{"@type":"ReadAction","target":["https:\/\/www.pressta-eisele.eu\/hu\/produkt\/apollo-4av-plus-vertikalna-stvorhlava-zvaracka-pvc-profilov\/"]}]},{"@type":"ImageObject","inLanguage":"hu","@id":"https:\/\/www.pressta-eisele.eu\/hu\/produkt\/apollo-4av-plus-vertikalna-stvorhlava-zvaracka-pvc-profilov\/#primaryimage","url":"https:\/\/www.pressta-eisele.eu\/wp-content\/uploads\/2021\/01\/275.jpg","contentUrl":"https:\/\/www.pressta-eisele.eu\/wp-content\/uploads\/2021\/01\/275.jpg","width":800,"height":600,"caption":"APOLLO 4AV PLUS - Vertik\u00e1lna \u0161tvorhlav\u00e1 zv\u00e1ra\u010dka PVC profilov"},{"@type":"BreadcrumbList","@id":"https:\/\/www.pressta-eisele.eu\/hu\/produkt\/apollo-4av-plus-vertikalna-stvorhlava-zvaracka-pvc-profilov\/#breadcrumb","itemListElement":[{"@type":"ListItem","position":1,"name":"Home","item":"https:\/\/www.pressta-eisele.eu\/hu\/"},{"@type":"ListItem","position":2,"name":"Shop","item":"https:\/\/www.pressta-eisele.eu\/hu\/shop\/"},{"@type":"ListItem","position":3,"name":"APOLLO 4AV PLUS &#8211; Vertik\u00e1lna \u0161tvorhlav\u00e1 zv\u00e1ra\u010dka PVC profilov"}]},{"@type":"WebSite","@id":"https:\/\/www.pressta-eisele.eu\/hu\/#website","url":"https:\/\/www.pressta-eisele.eu\/hu\/","name":"Pressta Eisele \u010cS","description":"Vitajte vo svete produktivity","publisher":{"@id":"https:\/\/www.pressta-eisele.eu\/hu\/#organization"},"potentialAction":[{"@type":"SearchAction","target":{"@type":"EntryPoint","urlTemplate":"https:\/\/www.pressta-eisele.eu\/hu\/?s={search_term_string}"},"query-input":{"@type":"PropertyValueSpecification","valueRequired":true,"valueName":"search_term_string"}}],"inLanguage":"hu"},{"@type":"Organization","@id":"https:\/\/www.pressta-eisele.eu\/hu\/#organization","name":"Pressta Eisele \u010cS","url":"https:\/\/www.pressta-eisele.eu\/hu\/","logo":{"@type":"ImageObject","inLanguage":"hu","@id":"https:\/\/www.pressta-eisele.eu\/hu\/#\/schema\/logo\/image\/","url":"https:\/\/www.pressta-eisele.eu\/wp-content\/uploads\/2020\/11\/pressta-logo-01v.svg","contentUrl":"https:\/\/www.pressta-eisele.eu\/wp-content\/uploads\/2020\/11\/pressta-logo-01v.svg","caption":"Pressta Eisele \u010cS"},"image":{"@id":"https:\/\/www.pressta-eisele.eu\/hu\/#\/schema\/logo\/image\/"}}]}},"jetpack_sharing_enabled":true,"_links":{"self":[{"href":"https:\/\/www.pressta-eisele.eu\/hu\/wp-json\/wp\/v2\/product\/1251","targetHints":{"allow":["GET"]}}],"collection":[{"href":"https:\/\/www.pressta-eisele.eu\/hu\/wp-json\/wp\/v2\/product"}],"about":[{"href":"https:\/\/www.pressta-eisele.eu\/hu\/wp-json\/wp\/v2\/types\/product"}],"replies":[{"embeddable":true,"href":"https:\/\/www.pressta-eisele.eu\/hu\/wp-json\/wp\/v2\/comments?post=1251"}],"wp:featuredmedia":[{"embeddable":true,"href":"https:\/\/www.pressta-eisele.eu\/hu\/wp-json\/wp\/v2\/media\/1252"}],"wp:attachment":[{"href":"https:\/\/www.pressta-eisele.eu\/hu\/wp-json\/wp\/v2\/media?parent=1251"}],"wp:term":[{"taxonomy":"product_brand","embeddable":true,"href":"https:\/\/www.pressta-eisele.eu\/hu\/wp-json\/wp\/v2\/product_brand?post=1251"},{"taxonomy":"product_cat","embeddable":true,"href":"https:\/\/www.pressta-eisele.eu\/hu\/wp-json\/wp\/v2\/product_cat?post=1251"},{"taxonomy":"product_tag","embeddable":true,"href":"https:\/\/www.pressta-eisele.eu\/hu\/wp-json\/wp\/v2\/product_tag?post=1251"}],"curies":[{"name":"wp","href":"https:\/\/api.w.org\/{rel}","templated":true}]}}