{"id":1216,"date":"2021-01-31T19:42:59","date_gmt":"2021-01-31T18:42:59","guid":{"rendered":"https:\/\/www.pressta-eisele.eu\/produkt\/sw-453-reverse-vico-dvojkotucova-pila\/"},"modified":"2021-02-02T08:49:19","modified_gmt":"2021-02-02T07:49:19","slug":"sw-453-reverse-vico-dvojkotucova-pila","status":"publish","type":"product","link":"https:\/\/www.pressta-eisele.eu\/hu\/produkt\/sw-453-reverse-vico-dvojkotucova-pila\/","title":{"rendered":"SW 453 REVERSE VICO &#8211; Dvojkot\u00fa\u010dov\u00e1 p\u00edla"},"content":{"rendered":"","protected":false},"excerpt":{"rendered":"<ul>\n<li>dvojkot\u00fa\u010dov\u00e1 p\u00edla s\u00a0automatick\u00fdm posuvom pohyblivej hlavy<\/li>\n<li>pneumatick\u00e9 nakl\u00e1panie rezn\u00fdch agreg\u00e1tov na 135\u00b0, 90\u00b0, 45\u00b0a 22,5\u00b0, mo\u017enos\u0165 nastavenia medzistup\u0148ov<\/li>\n<li>hydropneumatick\u00fd posuv rezn\u00fdch agreg\u00e1tov<\/li>\n<li>rezn\u00e1 d\u013a\u017eka 4000 mm (7650 mm s\u00a0pr\u00edslu\u0161enstvom), 5000 mm (9650 mm s\u00a0pr\u00edslu\u0161anstvom) , 6000 mm (11\u00a0650 mm s\u00a0pr\u00edslu\u0161enstvom)<\/li>\n<li>riadiaca jednotka EC 609<\/li>\n<li>presnos\u0165 poz\u00edciovania \u00b10,1 mm<\/li>\n<li>priemer kot\u00fa\u010da 450\/500 mm, v\u0155tanie 30 mm<\/li>\n<li>v\u00fdkon motora 2,2 kW<\/li>\n<li>2 vertik\u00e1lne pneumatick\u00e9 up\u00edna\u010de<\/li>\n<li>2 horizont\u00e1lne pneumatick\u00e9 up\u00edna\u010de<\/li>\n<li>2 doplnkov\u00e9 pneumatick\u00e9 horizont\u00e1lne up\u00edna\u010de<\/li>\n<li>hmlovinov\u00e9 primaz\u00e1vacie zariadenie (Venturi)<\/li>\n<\/ul>\n","protected":false},"featured_media":2179,"comment_status":"closed","ping_status":"closed","template":"","meta":{"_monsterinsights_skip_tracking":false,"_monsterinsights_sitenote_active":false,"_monsterinsights_sitenote_note":"","_monsterinsights_sitenote_category":0},"product_brand":[],"product_cat":[24],"product_tag":[],"class_list":{"0":"post-1216","1":"product","2":"type-product","3":"status-publish","4":"has-post-thumbnail","6":"product_cat-dvojkotucove-pily","8":"first","9":"instock","10":"product-type-simple"},"yoast_head":"<!-- This site is optimized with the Yoast SEO plugin v27.4 - https:\/\/yoast.com\/product\/yoast-seo-wordpress\/ -->\n<title>SW 453 REVERSE VICO - Dvojkot\u00fa\u010dov\u00e1 p\u00edla - Pressta Eisele \u010cS<\/title>\n<meta name=\"robots\" content=\"index, follow, max-snippet:-1, max-image-preview:large, max-video-preview:-1\" \/>\n<link rel=\"canonical\" href=\"https:\/\/www.pressta-eisele.eu\/hu\/produkt\/sw-453-reverse-vico-dvojkotucova-pila\/\" \/>\n<meta property=\"og:locale\" content=\"hu_HU\" \/>\n<meta property=\"og:type\" content=\"article\" \/>\n<meta property=\"og:title\" content=\"SW 453 REVERSE VICO - Dvojkot\u00fa\u010dov\u00e1 p\u00edla - Pressta Eisele \u010cS\" \/>\n<meta property=\"og:description\" content=\"dvojkot\u00fa\u010dov\u00e1 p\u00edla s\u00a0automatick\u00fdm posuvom pohyblivej hlavy  pneumatick\u00e9 nakl\u00e1panie rezn\u00fdch agreg\u00e1tov na 135\u00b0, 90\u00b0, 45\u00b0a 22,5\u00b0, mo\u017enos\u0165 nastavenia medzistup\u0148ov  hydropneumatick\u00fd posuv rezn\u00fdch agreg\u00e1tov  rezn\u00e1 d\u013a\u017eka 4000 mm (7650 mm s\u00a0pr\u00edslu\u0161enstvom), 5000 mm (9650 mm s\u00a0pr\u00edslu\u0161anstvom) , 6000 mm (11\u00a0650 mm s\u00a0pr\u00edslu\u0161enstvom)  riadiaca jednotka EC 609  presnos\u0165 poz\u00edciovania \u00b10,1 mm  priemer kot\u00fa\u010da 450\/500 mm, v\u0155tanie 30 mm  v\u00fdkon motora 2,2 kW  2 vertik\u00e1lne pneumatick\u00e9 up\u00edna\u010de  2 horizont\u00e1lne pneumatick\u00e9 up\u00edna\u010de  2 doplnkov\u00e9 pneumatick\u00e9 horizont\u00e1lne up\u00edna\u010de  hmlovinov\u00e9 primaz\u00e1vacie zariadenie (Venturi)\" \/>\n<meta property=\"og:url\" content=\"https:\/\/www.pressta-eisele.eu\/hu\/produkt\/sw-453-reverse-vico-dvojkotucova-pila\/\" \/>\n<meta property=\"og:site_name\" content=\"Pressta Eisele \u010cS\" \/>\n<meta property=\"article:modified_time\" content=\"2021-02-02T07:49:19+00:00\" \/>\n<meta property=\"og:image\" content=\"https:\/\/www.pressta-eisele.eu\/wp-content\/uploads\/2021\/01\/2019-11_SW553_Garda-3-_001-Edit-2.jpg\" \/>\n\t<meta property=\"og:image:width\" content=\"2000\" \/>\n\t<meta property=\"og:image:height\" content=\"1337\" \/>\n\t<meta property=\"og:image:type\" content=\"image\/jpeg\" \/>\n<meta name=\"twitter:card\" content=\"summary_large_image\" \/>\n<script type=\"application\/ld+json\" class=\"yoast-schema-graph\">{\"@context\":\"https:\\\/\\\/schema.org\",\"@graph\":[{\"@type\":\"WebPage\",\"@id\":\"https:\\\/\\\/www.pressta-eisele.eu\\\/hu\\\/produkt\\\/sw-453-reverse-vico-dvojkotucova-pila\\\/\",\"url\":\"https:\\\/\\\/www.pressta-eisele.eu\\\/hu\\\/produkt\\\/sw-453-reverse-vico-dvojkotucova-pila\\\/\",\"name\":\"SW 453 REVERSE VICO - Dvojkot\u00fa\u010dov\u00e1 p\u00edla - Pressta Eisele \u010cS\",\"isPartOf\":{\"@id\":\"https:\\\/\\\/www.pressta-eisele.eu\\\/hu\\\/#website\"},\"primaryImageOfPage\":{\"@id\":\"https:\\\/\\\/www.pressta-eisele.eu\\\/hu\\\/produkt\\\/sw-453-reverse-vico-dvojkotucova-pila\\\/#primaryimage\"},\"image\":{\"@id\":\"https:\\\/\\\/www.pressta-eisele.eu\\\/hu\\\/produkt\\\/sw-453-reverse-vico-dvojkotucova-pila\\\/#primaryimage\"},\"thumbnailUrl\":\"https:\\\/\\\/www.pressta-eisele.eu\\\/wp-content\\\/uploads\\\/2021\\\/01\\\/2019-11_SW553_Garda-3-_001-Edit-2.jpg\",\"datePublished\":\"2021-01-31T18:42:59+00:00\",\"dateModified\":\"2021-02-02T07:49:19+00:00\",\"breadcrumb\":{\"@id\":\"https:\\\/\\\/www.pressta-eisele.eu\\\/hu\\\/produkt\\\/sw-453-reverse-vico-dvojkotucova-pila\\\/#breadcrumb\"},\"inLanguage\":\"hu\",\"potentialAction\":[{\"@type\":\"ReadAction\",\"target\":[\"https:\\\/\\\/www.pressta-eisele.eu\\\/hu\\\/produkt\\\/sw-453-reverse-vico-dvojkotucova-pila\\\/\"]}]},{\"@type\":\"ImageObject\",\"inLanguage\":\"hu\",\"@id\":\"https:\\\/\\\/www.pressta-eisele.eu\\\/hu\\\/produkt\\\/sw-453-reverse-vico-dvojkotucova-pila\\\/#primaryimage\",\"url\":\"https:\\\/\\\/www.pressta-eisele.eu\\\/wp-content\\\/uploads\\\/2021\\\/01\\\/2019-11_SW553_Garda-3-_001-Edit-2.jpg\",\"contentUrl\":\"https:\\\/\\\/www.pressta-eisele.eu\\\/wp-content\\\/uploads\\\/2021\\\/01\\\/2019-11_SW553_Garda-3-_001-Edit-2.jpg\",\"width\":2000,\"height\":1337,\"caption\":\"SW 453 REVERSE VICO\"},{\"@type\":\"BreadcrumbList\",\"@id\":\"https:\\\/\\\/www.pressta-eisele.eu\\\/hu\\\/produkt\\\/sw-453-reverse-vico-dvojkotucova-pila\\\/#breadcrumb\",\"itemListElement\":[{\"@type\":\"ListItem\",\"position\":1,\"name\":\"Home\",\"item\":\"https:\\\/\\\/www.pressta-eisele.eu\\\/hu\\\/\"},{\"@type\":\"ListItem\",\"position\":2,\"name\":\"Shop\",\"item\":\"https:\\\/\\\/www.pressta-eisele.eu\\\/hu\\\/shop\\\/\"},{\"@type\":\"ListItem\",\"position\":3,\"name\":\"SW 453 REVERSE VICO &#8211; Dvojkot\u00fa\u010dov\u00e1 p\u00edla\"}]},{\"@type\":\"WebSite\",\"@id\":\"https:\\\/\\\/www.pressta-eisele.eu\\\/hu\\\/#website\",\"url\":\"https:\\\/\\\/www.pressta-eisele.eu\\\/hu\\\/\",\"name\":\"Pressta Eisele \u010cS\",\"description\":\"Vitajte vo svete produktivity\",\"publisher\":{\"@id\":\"https:\\\/\\\/www.pressta-eisele.eu\\\/hu\\\/#organization\"},\"potentialAction\":[{\"@type\":\"SearchAction\",\"target\":{\"@type\":\"EntryPoint\",\"urlTemplate\":\"https:\\\/\\\/www.pressta-eisele.eu\\\/hu\\\/?s={search_term_string}\"},\"query-input\":{\"@type\":\"PropertyValueSpecification\",\"valueRequired\":true,\"valueName\":\"search_term_string\"}}],\"inLanguage\":\"hu\"},{\"@type\":\"Organization\",\"@id\":\"https:\\\/\\\/www.pressta-eisele.eu\\\/hu\\\/#organization\",\"name\":\"Pressta Eisele \u010cS\",\"url\":\"https:\\\/\\\/www.pressta-eisele.eu\\\/hu\\\/\",\"logo\":{\"@type\":\"ImageObject\",\"inLanguage\":\"hu\",\"@id\":\"https:\\\/\\\/www.pressta-eisele.eu\\\/hu\\\/#\\\/schema\\\/logo\\\/image\\\/\",\"url\":\"https:\\\/\\\/www.pressta-eisele.eu\\\/wp-content\\\/uploads\\\/2020\\\/11\\\/pressta-logo-01v.svg\",\"contentUrl\":\"https:\\\/\\\/www.pressta-eisele.eu\\\/wp-content\\\/uploads\\\/2020\\\/11\\\/pressta-logo-01v.svg\",\"caption\":\"Pressta Eisele \u010cS\"},\"image\":{\"@id\":\"https:\\\/\\\/www.pressta-eisele.eu\\\/hu\\\/#\\\/schema\\\/logo\\\/image\\\/\"}}]}<\/script>\n<!-- \/ Yoast SEO plugin. -->","yoast_head_json":{"title":"SW 453 REVERSE VICO - Dvojkot\u00fa\u010dov\u00e1 p\u00edla - Pressta Eisele \u010cS","robots":{"index":"index","follow":"follow","max-snippet":"max-snippet:-1","max-image-preview":"max-image-preview:large","max-video-preview":"max-video-preview:-1"},"canonical":"https:\/\/www.pressta-eisele.eu\/hu\/produkt\/sw-453-reverse-vico-dvojkotucova-pila\/","og_locale":"hu_HU","og_type":"article","og_title":"SW 453 REVERSE VICO - Dvojkot\u00fa\u010dov\u00e1 p\u00edla - Pressta Eisele \u010cS","og_description":"dvojkot\u00fa\u010dov\u00e1 p\u00edla s\u00a0automatick\u00fdm posuvom pohyblivej hlavy  pneumatick\u00e9 nakl\u00e1panie rezn\u00fdch agreg\u00e1tov na 135\u00b0, 90\u00b0, 45\u00b0a 22,5\u00b0, mo\u017enos\u0165 nastavenia medzistup\u0148ov  hydropneumatick\u00fd posuv rezn\u00fdch agreg\u00e1tov  rezn\u00e1 d\u013a\u017eka 4000 mm (7650 mm s\u00a0pr\u00edslu\u0161enstvom), 5000 mm (9650 mm s\u00a0pr\u00edslu\u0161anstvom) , 6000 mm (11\u00a0650 mm s\u00a0pr\u00edslu\u0161enstvom)  riadiaca jednotka EC 609  presnos\u0165 poz\u00edciovania \u00b10,1 mm  priemer kot\u00fa\u010da 450\/500 mm, v\u0155tanie 30 mm  v\u00fdkon motora 2,2 kW  2 vertik\u00e1lne pneumatick\u00e9 up\u00edna\u010de  2 horizont\u00e1lne pneumatick\u00e9 up\u00edna\u010de  2 doplnkov\u00e9 pneumatick\u00e9 horizont\u00e1lne up\u00edna\u010de  hmlovinov\u00e9 primaz\u00e1vacie zariadenie (Venturi)","og_url":"https:\/\/www.pressta-eisele.eu\/hu\/produkt\/sw-453-reverse-vico-dvojkotucova-pila\/","og_site_name":"Pressta Eisele \u010cS","article_modified_time":"2021-02-02T07:49:19+00:00","og_image":[{"width":2000,"height":1337,"url":"https:\/\/www.pressta-eisele.eu\/wp-content\/uploads\/2021\/01\/2019-11_SW553_Garda-3-_001-Edit-2.jpg","type":"image\/jpeg"}],"twitter_card":"summary_large_image","schema":{"@context":"https:\/\/schema.org","@graph":[{"@type":"WebPage","@id":"https:\/\/www.pressta-eisele.eu\/hu\/produkt\/sw-453-reverse-vico-dvojkotucova-pila\/","url":"https:\/\/www.pressta-eisele.eu\/hu\/produkt\/sw-453-reverse-vico-dvojkotucova-pila\/","name":"SW 453 REVERSE VICO - Dvojkot\u00fa\u010dov\u00e1 p\u00edla - Pressta Eisele \u010cS","isPartOf":{"@id":"https:\/\/www.pressta-eisele.eu\/hu\/#website"},"primaryImageOfPage":{"@id":"https:\/\/www.pressta-eisele.eu\/hu\/produkt\/sw-453-reverse-vico-dvojkotucova-pila\/#primaryimage"},"image":{"@id":"https:\/\/www.pressta-eisele.eu\/hu\/produkt\/sw-453-reverse-vico-dvojkotucova-pila\/#primaryimage"},"thumbnailUrl":"https:\/\/www.pressta-eisele.eu\/wp-content\/uploads\/2021\/01\/2019-11_SW553_Garda-3-_001-Edit-2.jpg","datePublished":"2021-01-31T18:42:59+00:00","dateModified":"2021-02-02T07:49:19+00:00","breadcrumb":{"@id":"https:\/\/www.pressta-eisele.eu\/hu\/produkt\/sw-453-reverse-vico-dvojkotucova-pila\/#breadcrumb"},"inLanguage":"hu","potentialAction":[{"@type":"ReadAction","target":["https:\/\/www.pressta-eisele.eu\/hu\/produkt\/sw-453-reverse-vico-dvojkotucova-pila\/"]}]},{"@type":"ImageObject","inLanguage":"hu","@id":"https:\/\/www.pressta-eisele.eu\/hu\/produkt\/sw-453-reverse-vico-dvojkotucova-pila\/#primaryimage","url":"https:\/\/www.pressta-eisele.eu\/wp-content\/uploads\/2021\/01\/2019-11_SW553_Garda-3-_001-Edit-2.jpg","contentUrl":"https:\/\/www.pressta-eisele.eu\/wp-content\/uploads\/2021\/01\/2019-11_SW553_Garda-3-_001-Edit-2.jpg","width":2000,"height":1337,"caption":"SW 453 REVERSE VICO"},{"@type":"BreadcrumbList","@id":"https:\/\/www.pressta-eisele.eu\/hu\/produkt\/sw-453-reverse-vico-dvojkotucova-pila\/#breadcrumb","itemListElement":[{"@type":"ListItem","position":1,"name":"Home","item":"https:\/\/www.pressta-eisele.eu\/hu\/"},{"@type":"ListItem","position":2,"name":"Shop","item":"https:\/\/www.pressta-eisele.eu\/hu\/shop\/"},{"@type":"ListItem","position":3,"name":"SW 453 REVERSE VICO &#8211; Dvojkot\u00fa\u010dov\u00e1 p\u00edla"}]},{"@type":"WebSite","@id":"https:\/\/www.pressta-eisele.eu\/hu\/#website","url":"https:\/\/www.pressta-eisele.eu\/hu\/","name":"Pressta Eisele \u010cS","description":"Vitajte vo svete produktivity","publisher":{"@id":"https:\/\/www.pressta-eisele.eu\/hu\/#organization"},"potentialAction":[{"@type":"SearchAction","target":{"@type":"EntryPoint","urlTemplate":"https:\/\/www.pressta-eisele.eu\/hu\/?s={search_term_string}"},"query-input":{"@type":"PropertyValueSpecification","valueRequired":true,"valueName":"search_term_string"}}],"inLanguage":"hu"},{"@type":"Organization","@id":"https:\/\/www.pressta-eisele.eu\/hu\/#organization","name":"Pressta Eisele \u010cS","url":"https:\/\/www.pressta-eisele.eu\/hu\/","logo":{"@type":"ImageObject","inLanguage":"hu","@id":"https:\/\/www.pressta-eisele.eu\/hu\/#\/schema\/logo\/image\/","url":"https:\/\/www.pressta-eisele.eu\/wp-content\/uploads\/2020\/11\/pressta-logo-01v.svg","contentUrl":"https:\/\/www.pressta-eisele.eu\/wp-content\/uploads\/2020\/11\/pressta-logo-01v.svg","caption":"Pressta Eisele \u010cS"},"image":{"@id":"https:\/\/www.pressta-eisele.eu\/hu\/#\/schema\/logo\/image\/"}}]}},"jetpack_sharing_enabled":true,"_links":{"self":[{"href":"https:\/\/www.pressta-eisele.eu\/hu\/wp-json\/wp\/v2\/product\/1216","targetHints":{"allow":["GET"]}}],"collection":[{"href":"https:\/\/www.pressta-eisele.eu\/hu\/wp-json\/wp\/v2\/product"}],"about":[{"href":"https:\/\/www.pressta-eisele.eu\/hu\/wp-json\/wp\/v2\/types\/product"}],"replies":[{"embeddable":true,"href":"https:\/\/www.pressta-eisele.eu\/hu\/wp-json\/wp\/v2\/comments?post=1216"}],"wp:featuredmedia":[{"embeddable":true,"href":"https:\/\/www.pressta-eisele.eu\/hu\/wp-json\/wp\/v2\/media\/2179"}],"wp:attachment":[{"href":"https:\/\/www.pressta-eisele.eu\/hu\/wp-json\/wp\/v2\/media?parent=1216"}],"wp:term":[{"taxonomy":"product_brand","embeddable":true,"href":"https:\/\/www.pressta-eisele.eu\/hu\/wp-json\/wp\/v2\/product_brand?post=1216"},{"taxonomy":"product_cat","embeddable":true,"href":"https:\/\/www.pressta-eisele.eu\/hu\/wp-json\/wp\/v2\/product_cat?post=1216"},{"taxonomy":"product_tag","embeddable":true,"href":"https:\/\/www.pressta-eisele.eu\/hu\/wp-json\/wp\/v2\/product_tag?post=1216"}],"curies":[{"name":"wp","href":"https:\/\/api.w.org\/{rel}","templated":true}]}}