{"id":1161,"date":"2021-01-31T19:42:59","date_gmt":"2021-01-31T18:42:59","guid":{"rendered":"https:\/\/www.pressta-eisele.eu\/produkt\/mc-305-gianos-tm-cnc-obrabacie-centrum-s-5-numericky-riadenymi-osami\/"},"modified":"2021-02-02T10:41:48","modified_gmt":"2021-02-02T09:41:48","slug":"mc-305-gianos-tm-cnc-obrabacie-centrum-s-5-numericky-riadenymi-osami","status":"publish","type":"product","link":"https:\/\/www.pressta-eisele.eu\/hu\/produkt\/mc-305-gianos-tm-cnc-obrabacie-centrum-s-5-numericky-riadenymi-osami\/","title":{"rendered":"MC 305 GIANOS TM &#8211; CNC obr\u00e1bacie centrum s 5 numericky riaden\u00fdmi  osami"},"content":{"rendered":"","protected":false},"excerpt":{"rendered":"<ul>\n<li>5-os\u00e9 (X,Y,Z,A,B )vertik\u00e1lne CNC obr\u00e1bacie centrum pre opracovanie profilov z\u00a0hlin\u00edka, \u013eahk\u00fdch zliat\u00edn, PVC a\u00a0ocele s\u00a0pohybliv\u00fdm ramenom a\u00a0dvomi oto\u010dn\u00fdmi stolmi<\/li>\n<li>stabiln\u00e1 a\u00a0pevn\u00e1 plechov\u00e1 kon\u0161trukcia l\u00f4\u017eka stroja<\/li>\n<li>osi A\u00a0a\u00a0B s\u00fa osi ot\u00e1\u010dania stolov\u00a0 v\u00a0rozsahu \u00b1 125\u00b0.<\/li>\n<li>vzduchom \u00a0chladen\u00e9 vreteno s\u00a0v\u00fdkonom 5,5kW, max.ot\u00e1\u010dky 18.000 ot\/min., up\u00ednanie n\u00e1stroja ISO 30<\/li>\n<li>z\u00e1sobn\u00edk pre 11 n\u00e1strojov<\/li>\n<li>4 + 4 pneumatick\u00e9 up\u00edna\u010de<\/li>\n<\/ul>\n<ul>\n<li>Rozsah posuvu jednotliv\u00fdch os\u00ed:<\/li>\n<li>Os X (pozd\u013a\u017ena): 7438mm<\/li>\n<li>Os Y (prie\u010dna): 530 mm<\/li>\n<li>Os Z (zvisl\u00e1): 410 mm<\/li>\n<li>Os A,B \u00a0(ot\u00e1\u010danie stola): \u00b1125\u00b0<\/li>\n<\/ul>\n<p>&nbsp;<\/p>\n<ul>\n<li>R\u00fdchlos\u0165 v\u00a0smere os\u00ed:<\/li>\n<li>X: 80 m\/min<\/li>\n<li>Y: 30 m\/min<\/li>\n<li>Z: 30 m\/min<\/li>\n<li>A,B: 60 \u00b0\/s<\/li>\n<\/ul>\n<ul>\n<li>ovl\u00e1dac\u00ed panel s\u00a0PC<\/li>\n<li>opera\u010dn\u00fd syst\u00e9m Windows 7\u00ae<\/li>\n<li>display TFT 18,5\u201c, kl\u00e1vesnica QWERTY, my\u0161 PS\/2<\/li>\n<li>grafick\u00fd software pre programovanie v\u00a0CAD\/CAM 3D<\/li>\n<\/ul>\n<p>&nbsp;<\/p>\n","protected":false},"featured_media":1162,"comment_status":"closed","ping_status":"closed","template":"","meta":{"_monsterinsights_skip_tracking":false,"_monsterinsights_sitenote_active":false,"_monsterinsights_sitenote_note":"","_monsterinsights_sitenote_category":0},"product_brand":[],"product_cat":[29],"product_tag":[],"class_list":{"0":"post-1161","1":"product","2":"type-product","3":"status-publish","4":"has-post-thumbnail","6":"product_cat-obrabacie-centra","8":"first","9":"instock","10":"product-type-simple"},"yoast_head":"<!-- This site is optimized with the Yoast SEO plugin v27.5 - https:\/\/yoast.com\/product\/yoast-seo-wordpress\/ -->\n<title>MC 305 GIANOS TM - CNC obr\u00e1bacie centrum s 5 numericky riaden\u00fdmi osami - Pressta Eisele \u010cS<\/title>\n<meta name=\"robots\" content=\"index, follow, max-snippet:-1, max-image-preview:large, max-video-preview:-1\" \/>\n<link rel=\"canonical\" href=\"https:\/\/www.pressta-eisele.eu\/hu\/produkt\/mc-305-gianos-tm-cnc-obrabacie-centrum-s-5-numericky-riadenymi-osami\/\" \/>\n<meta property=\"og:locale\" content=\"hu_HU\" \/>\n<meta property=\"og:type\" content=\"article\" \/>\n<meta property=\"og:title\" content=\"MC 305 GIANOS TM - CNC obr\u00e1bacie centrum s 5 numericky riaden\u00fdmi osami - Pressta Eisele \u010cS\" \/>\n<meta property=\"og:description\" content=\"5-os\u00e9 (X,Y,Z,A,B )vertik\u00e1lne CNC obr\u00e1bacie centrum pre opracovanie profilov z\u00a0hlin\u00edka, \u013eahk\u00fdch zliat\u00edn, PVC a\u00a0ocele s\u00a0pohybliv\u00fdm ramenom a\u00a0dvomi oto\u010dn\u00fdmi stolmi  stabiln\u00e1 a\u00a0pevn\u00e1 plechov\u00e1 kon\u0161trukcia l\u00f4\u017eka stroja  osi A\u00a0a\u00a0B s\u00fa osi ot\u00e1\u010dania stolov\u00a0 v\u00a0rozsahu \u00b1 125\u00b0.  vzduchom \u00a0chladen\u00e9 vreteno s\u00a0v\u00fdkonom 5,5kW, max.ot\u00e1\u010dky 18.000 ot\/min., up\u00ednanie n\u00e1stroja ISO 30  z\u00e1sobn\u00edk pre 11 n\u00e1strojov  4 + 4 pneumatick\u00e9 up\u00edna\u010de    Rozsah posuvu jednotliv\u00fdch os\u00ed:  Os X (pozd\u013a\u017ena): 7438mm  Os Y (prie\u010dna): 530 mm  Os Z (zvisl\u00e1): 410 mm  Os A,B \u00a0(ot\u00e1\u010danie stola): \u00b1125\u00b0  &nbsp;   R\u00fdchlos\u0165 v\u00a0smere os\u00ed:  X: 80 m\/min  Y: 30 m\/min  Z: 30 m\/min  A,B: 60 \u00b0\/s    ovl\u00e1dac\u00ed panel s\u00a0PC  opera\u010dn\u00fd syst\u00e9m Windows 7\u00ae  display TFT 18,5\u201c, kl\u00e1vesnica QWERTY, my\u0161 PS\/2  grafick\u00fd software pre programovanie v\u00a0CAD\/CAM 3D  &nbsp;\" \/>\n<meta property=\"og:url\" content=\"https:\/\/www.pressta-eisele.eu\/hu\/produkt\/mc-305-gianos-tm-cnc-obrabacie-centrum-s-5-numericky-riadenymi-osami\/\" \/>\n<meta property=\"og:site_name\" content=\"Pressta Eisele \u010cS\" \/>\n<meta property=\"article:modified_time\" content=\"2021-02-02T09:41:48+00:00\" \/>\n<meta property=\"og:image\" content=\"https:\/\/www.pressta-eisele.eu\/wp-content\/uploads\/2021\/01\/255.jpg\" \/>\n\t<meta property=\"og:image:width\" content=\"700\" \/>\n\t<meta property=\"og:image:height\" content=\"391\" \/>\n\t<meta property=\"og:image:type\" content=\"image\/jpeg\" \/>\n<meta name=\"twitter:card\" content=\"summary_large_image\" \/>\n<script type=\"application\/ld+json\" class=\"yoast-schema-graph\">{\"@context\":\"https:\\\/\\\/schema.org\",\"@graph\":[{\"@type\":\"WebPage\",\"@id\":\"https:\\\/\\\/www.pressta-eisele.eu\\\/hu\\\/produkt\\\/mc-305-gianos-tm-cnc-obrabacie-centrum-s-5-numericky-riadenymi-osami\\\/\",\"url\":\"https:\\\/\\\/www.pressta-eisele.eu\\\/hu\\\/produkt\\\/mc-305-gianos-tm-cnc-obrabacie-centrum-s-5-numericky-riadenymi-osami\\\/\",\"name\":\"MC 305 GIANOS TM - CNC obr\u00e1bacie centrum s 5 numericky riaden\u00fdmi osami - Pressta Eisele \u010cS\",\"isPartOf\":{\"@id\":\"https:\\\/\\\/www.pressta-eisele.eu\\\/hu\\\/#website\"},\"primaryImageOfPage\":{\"@id\":\"https:\\\/\\\/www.pressta-eisele.eu\\\/hu\\\/produkt\\\/mc-305-gianos-tm-cnc-obrabacie-centrum-s-5-numericky-riadenymi-osami\\\/#primaryimage\"},\"image\":{\"@id\":\"https:\\\/\\\/www.pressta-eisele.eu\\\/hu\\\/produkt\\\/mc-305-gianos-tm-cnc-obrabacie-centrum-s-5-numericky-riadenymi-osami\\\/#primaryimage\"},\"thumbnailUrl\":\"https:\\\/\\\/www.pressta-eisele.eu\\\/wp-content\\\/uploads\\\/2021\\\/01\\\/255.jpg\",\"datePublished\":\"2021-01-31T18:42:59+00:00\",\"dateModified\":\"2021-02-02T09:41:48+00:00\",\"breadcrumb\":{\"@id\":\"https:\\\/\\\/www.pressta-eisele.eu\\\/hu\\\/produkt\\\/mc-305-gianos-tm-cnc-obrabacie-centrum-s-5-numericky-riadenymi-osami\\\/#breadcrumb\"},\"inLanguage\":\"hu\",\"potentialAction\":[{\"@type\":\"ReadAction\",\"target\":[\"https:\\\/\\\/www.pressta-eisele.eu\\\/hu\\\/produkt\\\/mc-305-gianos-tm-cnc-obrabacie-centrum-s-5-numericky-riadenymi-osami\\\/\"]}]},{\"@type\":\"ImageObject\",\"inLanguage\":\"hu\",\"@id\":\"https:\\\/\\\/www.pressta-eisele.eu\\\/hu\\\/produkt\\\/mc-305-gianos-tm-cnc-obrabacie-centrum-s-5-numericky-riadenymi-osami\\\/#primaryimage\",\"url\":\"https:\\\/\\\/www.pressta-eisele.eu\\\/wp-content\\\/uploads\\\/2021\\\/01\\\/255.jpg\",\"contentUrl\":\"https:\\\/\\\/www.pressta-eisele.eu\\\/wp-content\\\/uploads\\\/2021\\\/01\\\/255.jpg\",\"width\":700,\"height\":391,\"caption\":\"MC 305 GIANOS TM - CNC obr\u00e1bacie centrum s 5 numericky riaden\u00fdmi osami\"},{\"@type\":\"BreadcrumbList\",\"@id\":\"https:\\\/\\\/www.pressta-eisele.eu\\\/hu\\\/produkt\\\/mc-305-gianos-tm-cnc-obrabacie-centrum-s-5-numericky-riadenymi-osami\\\/#breadcrumb\",\"itemListElement\":[{\"@type\":\"ListItem\",\"position\":1,\"name\":\"Home\",\"item\":\"https:\\\/\\\/www.pressta-eisele.eu\\\/hu\\\/\"},{\"@type\":\"ListItem\",\"position\":2,\"name\":\"Shop\",\"item\":\"https:\\\/\\\/www.pressta-eisele.eu\\\/hu\\\/shop\\\/\"},{\"@type\":\"ListItem\",\"position\":3,\"name\":\"MC 305 GIANOS TM &#8211; CNC obr\u00e1bacie centrum s 5 numericky riaden\u00fdmi osami\"}]},{\"@type\":\"WebSite\",\"@id\":\"https:\\\/\\\/www.pressta-eisele.eu\\\/hu\\\/#website\",\"url\":\"https:\\\/\\\/www.pressta-eisele.eu\\\/hu\\\/\",\"name\":\"Pressta Eisele \u010cS\",\"description\":\"Vitajte vo svete produktivity\",\"publisher\":{\"@id\":\"https:\\\/\\\/www.pressta-eisele.eu\\\/hu\\\/#organization\"},\"potentialAction\":[{\"@type\":\"SearchAction\",\"target\":{\"@type\":\"EntryPoint\",\"urlTemplate\":\"https:\\\/\\\/www.pressta-eisele.eu\\\/hu\\\/?s={search_term_string}\"},\"query-input\":{\"@type\":\"PropertyValueSpecification\",\"valueRequired\":true,\"valueName\":\"search_term_string\"}}],\"inLanguage\":\"hu\"},{\"@type\":\"Organization\",\"@id\":\"https:\\\/\\\/www.pressta-eisele.eu\\\/hu\\\/#organization\",\"name\":\"Pressta Eisele \u010cS\",\"url\":\"https:\\\/\\\/www.pressta-eisele.eu\\\/hu\\\/\",\"logo\":{\"@type\":\"ImageObject\",\"inLanguage\":\"hu\",\"@id\":\"https:\\\/\\\/www.pressta-eisele.eu\\\/hu\\\/#\\\/schema\\\/logo\\\/image\\\/\",\"url\":\"https:\\\/\\\/www.pressta-eisele.eu\\\/wp-content\\\/uploads\\\/2020\\\/11\\\/pressta-logo-01v.svg\",\"contentUrl\":\"https:\\\/\\\/www.pressta-eisele.eu\\\/wp-content\\\/uploads\\\/2020\\\/11\\\/pressta-logo-01v.svg\",\"caption\":\"Pressta Eisele \u010cS\"},\"image\":{\"@id\":\"https:\\\/\\\/www.pressta-eisele.eu\\\/hu\\\/#\\\/schema\\\/logo\\\/image\\\/\"}}]}<\/script>\n<!-- \/ Yoast SEO plugin. -->","yoast_head_json":{"title":"MC 305 GIANOS TM - CNC obr\u00e1bacie centrum s 5 numericky riaden\u00fdmi osami - Pressta Eisele \u010cS","robots":{"index":"index","follow":"follow","max-snippet":"max-snippet:-1","max-image-preview":"max-image-preview:large","max-video-preview":"max-video-preview:-1"},"canonical":"https:\/\/www.pressta-eisele.eu\/hu\/produkt\/mc-305-gianos-tm-cnc-obrabacie-centrum-s-5-numericky-riadenymi-osami\/","og_locale":"hu_HU","og_type":"article","og_title":"MC 305 GIANOS TM - CNC obr\u00e1bacie centrum s 5 numericky riaden\u00fdmi osami - Pressta Eisele \u010cS","og_description":"5-os\u00e9 (X,Y,Z,A,B )vertik\u00e1lne CNC obr\u00e1bacie centrum pre opracovanie profilov z\u00a0hlin\u00edka, \u013eahk\u00fdch zliat\u00edn, PVC a\u00a0ocele s\u00a0pohybliv\u00fdm ramenom a\u00a0dvomi oto\u010dn\u00fdmi stolmi  stabiln\u00e1 a\u00a0pevn\u00e1 plechov\u00e1 kon\u0161trukcia l\u00f4\u017eka stroja  osi A\u00a0a\u00a0B s\u00fa osi ot\u00e1\u010dania stolov\u00a0 v\u00a0rozsahu \u00b1 125\u00b0.  vzduchom \u00a0chladen\u00e9 vreteno s\u00a0v\u00fdkonom 5,5kW, max.ot\u00e1\u010dky 18.000 ot\/min., up\u00ednanie n\u00e1stroja ISO 30  z\u00e1sobn\u00edk pre 11 n\u00e1strojov  4 + 4 pneumatick\u00e9 up\u00edna\u010de    Rozsah posuvu jednotliv\u00fdch os\u00ed:  Os X (pozd\u013a\u017ena): 7438mm  Os Y (prie\u010dna): 530 mm  Os Z (zvisl\u00e1): 410 mm  Os A,B \u00a0(ot\u00e1\u010danie stola): \u00b1125\u00b0  &nbsp;   R\u00fdchlos\u0165 v\u00a0smere os\u00ed:  X: 80 m\/min  Y: 30 m\/min  Z: 30 m\/min  A,B: 60 \u00b0\/s    ovl\u00e1dac\u00ed panel s\u00a0PC  opera\u010dn\u00fd syst\u00e9m Windows 7\u00ae  display TFT 18,5\u201c, kl\u00e1vesnica QWERTY, my\u0161 PS\/2  grafick\u00fd software pre programovanie v\u00a0CAD\/CAM 3D  &nbsp;","og_url":"https:\/\/www.pressta-eisele.eu\/hu\/produkt\/mc-305-gianos-tm-cnc-obrabacie-centrum-s-5-numericky-riadenymi-osami\/","og_site_name":"Pressta Eisele \u010cS","article_modified_time":"2021-02-02T09:41:48+00:00","og_image":[{"width":700,"height":391,"url":"https:\/\/www.pressta-eisele.eu\/wp-content\/uploads\/2021\/01\/255.jpg","type":"image\/jpeg"}],"twitter_card":"summary_large_image","schema":{"@context":"https:\/\/schema.org","@graph":[{"@type":"WebPage","@id":"https:\/\/www.pressta-eisele.eu\/hu\/produkt\/mc-305-gianos-tm-cnc-obrabacie-centrum-s-5-numericky-riadenymi-osami\/","url":"https:\/\/www.pressta-eisele.eu\/hu\/produkt\/mc-305-gianos-tm-cnc-obrabacie-centrum-s-5-numericky-riadenymi-osami\/","name":"MC 305 GIANOS TM - CNC obr\u00e1bacie centrum s 5 numericky riaden\u00fdmi osami - Pressta Eisele \u010cS","isPartOf":{"@id":"https:\/\/www.pressta-eisele.eu\/hu\/#website"},"primaryImageOfPage":{"@id":"https:\/\/www.pressta-eisele.eu\/hu\/produkt\/mc-305-gianos-tm-cnc-obrabacie-centrum-s-5-numericky-riadenymi-osami\/#primaryimage"},"image":{"@id":"https:\/\/www.pressta-eisele.eu\/hu\/produkt\/mc-305-gianos-tm-cnc-obrabacie-centrum-s-5-numericky-riadenymi-osami\/#primaryimage"},"thumbnailUrl":"https:\/\/www.pressta-eisele.eu\/wp-content\/uploads\/2021\/01\/255.jpg","datePublished":"2021-01-31T18:42:59+00:00","dateModified":"2021-02-02T09:41:48+00:00","breadcrumb":{"@id":"https:\/\/www.pressta-eisele.eu\/hu\/produkt\/mc-305-gianos-tm-cnc-obrabacie-centrum-s-5-numericky-riadenymi-osami\/#breadcrumb"},"inLanguage":"hu","potentialAction":[{"@type":"ReadAction","target":["https:\/\/www.pressta-eisele.eu\/hu\/produkt\/mc-305-gianos-tm-cnc-obrabacie-centrum-s-5-numericky-riadenymi-osami\/"]}]},{"@type":"ImageObject","inLanguage":"hu","@id":"https:\/\/www.pressta-eisele.eu\/hu\/produkt\/mc-305-gianos-tm-cnc-obrabacie-centrum-s-5-numericky-riadenymi-osami\/#primaryimage","url":"https:\/\/www.pressta-eisele.eu\/wp-content\/uploads\/2021\/01\/255.jpg","contentUrl":"https:\/\/www.pressta-eisele.eu\/wp-content\/uploads\/2021\/01\/255.jpg","width":700,"height":391,"caption":"MC 305 GIANOS TM - CNC obr\u00e1bacie centrum s 5 numericky riaden\u00fdmi osami"},{"@type":"BreadcrumbList","@id":"https:\/\/www.pressta-eisele.eu\/hu\/produkt\/mc-305-gianos-tm-cnc-obrabacie-centrum-s-5-numericky-riadenymi-osami\/#breadcrumb","itemListElement":[{"@type":"ListItem","position":1,"name":"Home","item":"https:\/\/www.pressta-eisele.eu\/hu\/"},{"@type":"ListItem","position":2,"name":"Shop","item":"https:\/\/www.pressta-eisele.eu\/hu\/shop\/"},{"@type":"ListItem","position":3,"name":"MC 305 GIANOS TM &#8211; CNC obr\u00e1bacie centrum s 5 numericky riaden\u00fdmi osami"}]},{"@type":"WebSite","@id":"https:\/\/www.pressta-eisele.eu\/hu\/#website","url":"https:\/\/www.pressta-eisele.eu\/hu\/","name":"Pressta Eisele \u010cS","description":"Vitajte vo svete produktivity","publisher":{"@id":"https:\/\/www.pressta-eisele.eu\/hu\/#organization"},"potentialAction":[{"@type":"SearchAction","target":{"@type":"EntryPoint","urlTemplate":"https:\/\/www.pressta-eisele.eu\/hu\/?s={search_term_string}"},"query-input":{"@type":"PropertyValueSpecification","valueRequired":true,"valueName":"search_term_string"}}],"inLanguage":"hu"},{"@type":"Organization","@id":"https:\/\/www.pressta-eisele.eu\/hu\/#organization","name":"Pressta Eisele \u010cS","url":"https:\/\/www.pressta-eisele.eu\/hu\/","logo":{"@type":"ImageObject","inLanguage":"hu","@id":"https:\/\/www.pressta-eisele.eu\/hu\/#\/schema\/logo\/image\/","url":"https:\/\/www.pressta-eisele.eu\/wp-content\/uploads\/2020\/11\/pressta-logo-01v.svg","contentUrl":"https:\/\/www.pressta-eisele.eu\/wp-content\/uploads\/2020\/11\/pressta-logo-01v.svg","caption":"Pressta Eisele \u010cS"},"image":{"@id":"https:\/\/www.pressta-eisele.eu\/hu\/#\/schema\/logo\/image\/"}}]}},"jetpack_sharing_enabled":true,"_links":{"self":[{"href":"https:\/\/www.pressta-eisele.eu\/hu\/wp-json\/wp\/v2\/product\/1161","targetHints":{"allow":["GET"]}}],"collection":[{"href":"https:\/\/www.pressta-eisele.eu\/hu\/wp-json\/wp\/v2\/product"}],"about":[{"href":"https:\/\/www.pressta-eisele.eu\/hu\/wp-json\/wp\/v2\/types\/product"}],"replies":[{"embeddable":true,"href":"https:\/\/www.pressta-eisele.eu\/hu\/wp-json\/wp\/v2\/comments?post=1161"}],"wp:featuredmedia":[{"embeddable":true,"href":"https:\/\/www.pressta-eisele.eu\/hu\/wp-json\/wp\/v2\/media\/1162"}],"wp:attachment":[{"href":"https:\/\/www.pressta-eisele.eu\/hu\/wp-json\/wp\/v2\/media?parent=1161"}],"wp:term":[{"taxonomy":"product_brand","embeddable":true,"href":"https:\/\/www.pressta-eisele.eu\/hu\/wp-json\/wp\/v2\/product_brand?post=1161"},{"taxonomy":"product_cat","embeddable":true,"href":"https:\/\/www.pressta-eisele.eu\/hu\/wp-json\/wp\/v2\/product_cat?post=1161"},{"taxonomy":"product_tag","embeddable":true,"href":"https:\/\/www.pressta-eisele.eu\/hu\/wp-json\/wp\/v2\/product_tag?post=1161"}],"curies":[{"name":"wp","href":"https:\/\/api.w.org\/{rel}","templated":true}]}}