{"id":1116,"date":"2021-01-31T19:42:48","date_gmt":"2021-01-31T18:42:48","guid":{"rendered":"https:\/\/www.pressta-eisele.eu\/produkt\/nova-double-pila-na-zasklievacie-listy\/"},"modified":"2021-01-31T21:09:13","modified_gmt":"2021-01-31T20:09:13","slug":"nova-double-pila-na-zasklievacie-listy","status":"publish","type":"product","link":"https:\/\/www.pressta-eisele.eu\/hu\/produkt\/nova-double-pila-na-zasklievacie-listy\/","title":{"rendered":"NOVA DOUBLE &#8211; P\u00edla na zasklievacie li\u0161ty"},"content":{"rendered":"","protected":false},"excerpt":{"rendered":"<ul>\n<li>P\u00edla ur\u010den\u00e1 na presn\u00e9, r\u00fdchle a jednoduch\u00e9 rezanie PVC zasklievac\u00edch l\u00ed\u0161t \u013eubovo\u013en\u00e9ho profilov\u00e9ho syst\u00e9mu. <\/li>\n<li>Originalita technick\u00e9ho rie\u0161enia umo\u017e\u0148uje dosiahnu\u0165 vysok\u00fa presnos\u0165 rezania a kvalitu zafr\u00e9zovanej \u010dasti zasklievacej li\u0161ty. <\/li>\n<li>Plne automatick\u00fd pracovn\u00fd cyklus stroja (M3P) <\/li>\n<li>Nad\u0161tandartn\u00fd pracovn\u00fd rozsah pre rozmery zasklievac\u00edch l\u00ed\u0161t. <\/li>\n<li>Origin\u00e1lne univerz\u00e1lne upnutie zasklievacej li\u0161ty pre kompletn\u00fd syst\u00e9m. <\/li>\n<li>Pohodln\u00fd digit\u00e1lny odmer d\u013a\u017eky. <\/li>\n<li>Pou\u017eit\u00e9 prvky zaru\u010duj\u00fa bez\u00fadr\u017ebov\u00fd chod a vysok\u00fa \u017eivotnos\u0165. <\/li>\n<li>Ur\u010den\u00e9 pre rezanie 4 zasklievac\u00edch l\u00ed\u0161t naraz. <\/li>\n<\/ul>\n","protected":false},"featured_media":1117,"comment_status":"closed","ping_status":"open","template":"","meta":{"_monsterinsights_skip_tracking":false,"_monsterinsights_sitenote_active":false,"_monsterinsights_sitenote_note":"","_monsterinsights_sitenote_category":0},"product_brand":[],"product_cat":[40],"product_tag":[],"class_list":{"0":"post-1116","1":"product","2":"type-product","3":"status-publish","4":"has-post-thumbnail","6":"product_cat-rezanie","8":"first","9":"instock","10":"product-type-simple"},"yoast_head":"<!-- This site is optimized with the Yoast SEO plugin v27.5 - https:\/\/yoast.com\/product\/yoast-seo-wordpress\/ -->\n<title>NOVA DOUBLE - P\u00edla na zasklievacie li\u0161ty - Pressta Eisele \u010cS<\/title>\n<meta name=\"robots\" content=\"index, follow, max-snippet:-1, max-image-preview:large, max-video-preview:-1\" \/>\n<link rel=\"canonical\" href=\"https:\/\/www.pressta-eisele.eu\/hu\/produkt\/nova-double-pila-na-zasklievacie-listy\/\" \/>\n<meta property=\"og:locale\" content=\"hu_HU\" \/>\n<meta property=\"og:type\" content=\"article\" \/>\n<meta property=\"og:title\" content=\"NOVA DOUBLE - P\u00edla na zasklievacie li\u0161ty - Pressta Eisele \u010cS\" \/>\n<meta property=\"og:description\" content=\"P\u00edla ur\u010den\u00e1 na presn\u00e9, r\u00fdchle a jednoduch\u00e9 rezanie PVC zasklievac\u00edch l\u00ed\u0161t \u013eubovo\u013en\u00e9ho profilov\u00e9ho syst\u00e9mu. Originalita technick\u00e9ho rie\u0161enia umo\u017e\u0148uje dosiahnu\u0165 vysok\u00fa presnos\u0165 rezania a kvalitu zafr\u00e9zovanej \u010dasti zasklievacej li\u0161ty. Plne automatick\u00fd pracovn\u00fd cyklus stroja (M3P) Nad\u0161tandartn\u00fd pracovn\u00fd rozsah pre rozmery zasklievac\u00edch l\u00ed\u0161t. Origin\u00e1lne univerz\u00e1lne upnutie zasklievacej li\u0161ty pre kompletn\u00fd syst\u00e9m. Pohodln\u00fd digit\u00e1lny odmer d\u013a\u017eky. Pou\u017eit\u00e9 prvky zaru\u010duj\u00fa bez\u00fadr\u017ebov\u00fd chod a vysok\u00fa \u017eivotnos\u0165. Ur\u010den\u00e9 pre rezanie 4 zasklievac\u00edch l\u00ed\u0161t naraz.\" \/>\n<meta property=\"og:url\" content=\"https:\/\/www.pressta-eisele.eu\/hu\/produkt\/nova-double-pila-na-zasklievacie-listy\/\" \/>\n<meta property=\"og:site_name\" content=\"Pressta Eisele \u010cS\" \/>\n<meta property=\"article:modified_time\" content=\"2021-01-31T20:09:13+00:00\" \/>\n<meta property=\"og:image\" content=\"https:\/\/www.pressta-eisele.eu\/wp-content\/uploads\/2021\/01\/244.jpg\" \/>\n\t<meta property=\"og:image:width\" content=\"700\" \/>\n\t<meta property=\"og:image:height\" content=\"686\" \/>\n\t<meta property=\"og:image:type\" content=\"image\/jpeg\" \/>\n<meta name=\"twitter:card\" content=\"summary_large_image\" \/>\n<script type=\"application\/ld+json\" class=\"yoast-schema-graph\">{\"@context\":\"https:\\\/\\\/schema.org\",\"@graph\":[{\"@type\":\"WebPage\",\"@id\":\"https:\\\/\\\/www.pressta-eisele.eu\\\/hu\\\/produkt\\\/nova-double-pila-na-zasklievacie-listy\\\/\",\"url\":\"https:\\\/\\\/www.pressta-eisele.eu\\\/hu\\\/produkt\\\/nova-double-pila-na-zasklievacie-listy\\\/\",\"name\":\"NOVA DOUBLE - P\u00edla na zasklievacie li\u0161ty - Pressta Eisele \u010cS\",\"isPartOf\":{\"@id\":\"https:\\\/\\\/www.pressta-eisele.eu\\\/hu\\\/#website\"},\"primaryImageOfPage\":{\"@id\":\"https:\\\/\\\/www.pressta-eisele.eu\\\/hu\\\/produkt\\\/nova-double-pila-na-zasklievacie-listy\\\/#primaryimage\"},\"image\":{\"@id\":\"https:\\\/\\\/www.pressta-eisele.eu\\\/hu\\\/produkt\\\/nova-double-pila-na-zasklievacie-listy\\\/#primaryimage\"},\"thumbnailUrl\":\"https:\\\/\\\/www.pressta-eisele.eu\\\/wp-content\\\/uploads\\\/2021\\\/01\\\/244.jpg\",\"datePublished\":\"2021-01-31T18:42:48+00:00\",\"dateModified\":\"2021-01-31T20:09:13+00:00\",\"breadcrumb\":{\"@id\":\"https:\\\/\\\/www.pressta-eisele.eu\\\/hu\\\/produkt\\\/nova-double-pila-na-zasklievacie-listy\\\/#breadcrumb\"},\"inLanguage\":\"hu\",\"potentialAction\":[{\"@type\":\"ReadAction\",\"target\":[\"https:\\\/\\\/www.pressta-eisele.eu\\\/hu\\\/produkt\\\/nova-double-pila-na-zasklievacie-listy\\\/\"]}]},{\"@type\":\"ImageObject\",\"inLanguage\":\"hu\",\"@id\":\"https:\\\/\\\/www.pressta-eisele.eu\\\/hu\\\/produkt\\\/nova-double-pila-na-zasklievacie-listy\\\/#primaryimage\",\"url\":\"https:\\\/\\\/www.pressta-eisele.eu\\\/wp-content\\\/uploads\\\/2021\\\/01\\\/244.jpg\",\"contentUrl\":\"https:\\\/\\\/www.pressta-eisele.eu\\\/wp-content\\\/uploads\\\/2021\\\/01\\\/244.jpg\",\"width\":700,\"height\":686,\"caption\":\"NOVA DOUBLE - P\u00edla na zasklievacie li\u0161ty\"},{\"@type\":\"BreadcrumbList\",\"@id\":\"https:\\\/\\\/www.pressta-eisele.eu\\\/hu\\\/produkt\\\/nova-double-pila-na-zasklievacie-listy\\\/#breadcrumb\",\"itemListElement\":[{\"@type\":\"ListItem\",\"position\":1,\"name\":\"Home\",\"item\":\"https:\\\/\\\/www.pressta-eisele.eu\\\/hu\\\/\"},{\"@type\":\"ListItem\",\"position\":2,\"name\":\"Shop\",\"item\":\"https:\\\/\\\/www.pressta-eisele.eu\\\/hu\\\/shop\\\/\"},{\"@type\":\"ListItem\",\"position\":3,\"name\":\"NOVA DOUBLE &#8211; P\u00edla na zasklievacie li\u0161ty\"}]},{\"@type\":\"WebSite\",\"@id\":\"https:\\\/\\\/www.pressta-eisele.eu\\\/hu\\\/#website\",\"url\":\"https:\\\/\\\/www.pressta-eisele.eu\\\/hu\\\/\",\"name\":\"Pressta Eisele \u010cS\",\"description\":\"Vitajte vo svete produktivity\",\"publisher\":{\"@id\":\"https:\\\/\\\/www.pressta-eisele.eu\\\/hu\\\/#organization\"},\"potentialAction\":[{\"@type\":\"SearchAction\",\"target\":{\"@type\":\"EntryPoint\",\"urlTemplate\":\"https:\\\/\\\/www.pressta-eisele.eu\\\/hu\\\/?s={search_term_string}\"},\"query-input\":{\"@type\":\"PropertyValueSpecification\",\"valueRequired\":true,\"valueName\":\"search_term_string\"}}],\"inLanguage\":\"hu\"},{\"@type\":\"Organization\",\"@id\":\"https:\\\/\\\/www.pressta-eisele.eu\\\/hu\\\/#organization\",\"name\":\"Pressta Eisele \u010cS\",\"url\":\"https:\\\/\\\/www.pressta-eisele.eu\\\/hu\\\/\",\"logo\":{\"@type\":\"ImageObject\",\"inLanguage\":\"hu\",\"@id\":\"https:\\\/\\\/www.pressta-eisele.eu\\\/hu\\\/#\\\/schema\\\/logo\\\/image\\\/\",\"url\":\"https:\\\/\\\/www.pressta-eisele.eu\\\/wp-content\\\/uploads\\\/2020\\\/11\\\/pressta-logo-01v.svg\",\"contentUrl\":\"https:\\\/\\\/www.pressta-eisele.eu\\\/wp-content\\\/uploads\\\/2020\\\/11\\\/pressta-logo-01v.svg\",\"caption\":\"Pressta Eisele \u010cS\"},\"image\":{\"@id\":\"https:\\\/\\\/www.pressta-eisele.eu\\\/hu\\\/#\\\/schema\\\/logo\\\/image\\\/\"}}]}<\/script>\n<!-- \/ Yoast SEO plugin. -->","yoast_head_json":{"title":"NOVA DOUBLE - P\u00edla na zasklievacie li\u0161ty - Pressta Eisele \u010cS","robots":{"index":"index","follow":"follow","max-snippet":"max-snippet:-1","max-image-preview":"max-image-preview:large","max-video-preview":"max-video-preview:-1"},"canonical":"https:\/\/www.pressta-eisele.eu\/hu\/produkt\/nova-double-pila-na-zasklievacie-listy\/","og_locale":"hu_HU","og_type":"article","og_title":"NOVA DOUBLE - P\u00edla na zasklievacie li\u0161ty - Pressta Eisele \u010cS","og_description":"P\u00edla ur\u010den\u00e1 na presn\u00e9, r\u00fdchle a jednoduch\u00e9 rezanie PVC zasklievac\u00edch l\u00ed\u0161t \u013eubovo\u013en\u00e9ho profilov\u00e9ho syst\u00e9mu. Originalita technick\u00e9ho rie\u0161enia umo\u017e\u0148uje dosiahnu\u0165 vysok\u00fa presnos\u0165 rezania a kvalitu zafr\u00e9zovanej \u010dasti zasklievacej li\u0161ty. Plne automatick\u00fd pracovn\u00fd cyklus stroja (M3P) Nad\u0161tandartn\u00fd pracovn\u00fd rozsah pre rozmery zasklievac\u00edch l\u00ed\u0161t. Origin\u00e1lne univerz\u00e1lne upnutie zasklievacej li\u0161ty pre kompletn\u00fd syst\u00e9m. Pohodln\u00fd digit\u00e1lny odmer d\u013a\u017eky. Pou\u017eit\u00e9 prvky zaru\u010duj\u00fa bez\u00fadr\u017ebov\u00fd chod a vysok\u00fa \u017eivotnos\u0165. Ur\u010den\u00e9 pre rezanie 4 zasklievac\u00edch l\u00ed\u0161t naraz.","og_url":"https:\/\/www.pressta-eisele.eu\/hu\/produkt\/nova-double-pila-na-zasklievacie-listy\/","og_site_name":"Pressta Eisele \u010cS","article_modified_time":"2021-01-31T20:09:13+00:00","og_image":[{"width":700,"height":686,"url":"https:\/\/www.pressta-eisele.eu\/wp-content\/uploads\/2021\/01\/244.jpg","type":"image\/jpeg"}],"twitter_card":"summary_large_image","schema":{"@context":"https:\/\/schema.org","@graph":[{"@type":"WebPage","@id":"https:\/\/www.pressta-eisele.eu\/hu\/produkt\/nova-double-pila-na-zasklievacie-listy\/","url":"https:\/\/www.pressta-eisele.eu\/hu\/produkt\/nova-double-pila-na-zasklievacie-listy\/","name":"NOVA DOUBLE - P\u00edla na zasklievacie li\u0161ty - Pressta Eisele \u010cS","isPartOf":{"@id":"https:\/\/www.pressta-eisele.eu\/hu\/#website"},"primaryImageOfPage":{"@id":"https:\/\/www.pressta-eisele.eu\/hu\/produkt\/nova-double-pila-na-zasklievacie-listy\/#primaryimage"},"image":{"@id":"https:\/\/www.pressta-eisele.eu\/hu\/produkt\/nova-double-pila-na-zasklievacie-listy\/#primaryimage"},"thumbnailUrl":"https:\/\/www.pressta-eisele.eu\/wp-content\/uploads\/2021\/01\/244.jpg","datePublished":"2021-01-31T18:42:48+00:00","dateModified":"2021-01-31T20:09:13+00:00","breadcrumb":{"@id":"https:\/\/www.pressta-eisele.eu\/hu\/produkt\/nova-double-pila-na-zasklievacie-listy\/#breadcrumb"},"inLanguage":"hu","potentialAction":[{"@type":"ReadAction","target":["https:\/\/www.pressta-eisele.eu\/hu\/produkt\/nova-double-pila-na-zasklievacie-listy\/"]}]},{"@type":"ImageObject","inLanguage":"hu","@id":"https:\/\/www.pressta-eisele.eu\/hu\/produkt\/nova-double-pila-na-zasklievacie-listy\/#primaryimage","url":"https:\/\/www.pressta-eisele.eu\/wp-content\/uploads\/2021\/01\/244.jpg","contentUrl":"https:\/\/www.pressta-eisele.eu\/wp-content\/uploads\/2021\/01\/244.jpg","width":700,"height":686,"caption":"NOVA DOUBLE - P\u00edla na zasklievacie li\u0161ty"},{"@type":"BreadcrumbList","@id":"https:\/\/www.pressta-eisele.eu\/hu\/produkt\/nova-double-pila-na-zasklievacie-listy\/#breadcrumb","itemListElement":[{"@type":"ListItem","position":1,"name":"Home","item":"https:\/\/www.pressta-eisele.eu\/hu\/"},{"@type":"ListItem","position":2,"name":"Shop","item":"https:\/\/www.pressta-eisele.eu\/hu\/shop\/"},{"@type":"ListItem","position":3,"name":"NOVA DOUBLE &#8211; P\u00edla na zasklievacie li\u0161ty"}]},{"@type":"WebSite","@id":"https:\/\/www.pressta-eisele.eu\/hu\/#website","url":"https:\/\/www.pressta-eisele.eu\/hu\/","name":"Pressta Eisele \u010cS","description":"Vitajte vo svete produktivity","publisher":{"@id":"https:\/\/www.pressta-eisele.eu\/hu\/#organization"},"potentialAction":[{"@type":"SearchAction","target":{"@type":"EntryPoint","urlTemplate":"https:\/\/www.pressta-eisele.eu\/hu\/?s={search_term_string}"},"query-input":{"@type":"PropertyValueSpecification","valueRequired":true,"valueName":"search_term_string"}}],"inLanguage":"hu"},{"@type":"Organization","@id":"https:\/\/www.pressta-eisele.eu\/hu\/#organization","name":"Pressta Eisele \u010cS","url":"https:\/\/www.pressta-eisele.eu\/hu\/","logo":{"@type":"ImageObject","inLanguage":"hu","@id":"https:\/\/www.pressta-eisele.eu\/hu\/#\/schema\/logo\/image\/","url":"https:\/\/www.pressta-eisele.eu\/wp-content\/uploads\/2020\/11\/pressta-logo-01v.svg","contentUrl":"https:\/\/www.pressta-eisele.eu\/wp-content\/uploads\/2020\/11\/pressta-logo-01v.svg","caption":"Pressta Eisele \u010cS"},"image":{"@id":"https:\/\/www.pressta-eisele.eu\/hu\/#\/schema\/logo\/image\/"}}]}},"jetpack_sharing_enabled":true,"_links":{"self":[{"href":"https:\/\/www.pressta-eisele.eu\/hu\/wp-json\/wp\/v2\/product\/1116","targetHints":{"allow":["GET"]}}],"collection":[{"href":"https:\/\/www.pressta-eisele.eu\/hu\/wp-json\/wp\/v2\/product"}],"about":[{"href":"https:\/\/www.pressta-eisele.eu\/hu\/wp-json\/wp\/v2\/types\/product"}],"replies":[{"embeddable":true,"href":"https:\/\/www.pressta-eisele.eu\/hu\/wp-json\/wp\/v2\/comments?post=1116"}],"wp:featuredmedia":[{"embeddable":true,"href":"https:\/\/www.pressta-eisele.eu\/hu\/wp-json\/wp\/v2\/media\/1117"}],"wp:attachment":[{"href":"https:\/\/www.pressta-eisele.eu\/hu\/wp-json\/wp\/v2\/media?parent=1116"}],"wp:term":[{"taxonomy":"product_brand","embeddable":true,"href":"https:\/\/www.pressta-eisele.eu\/hu\/wp-json\/wp\/v2\/product_brand?post=1116"},{"taxonomy":"product_cat","embeddable":true,"href":"https:\/\/www.pressta-eisele.eu\/hu\/wp-json\/wp\/v2\/product_cat?post=1116"},{"taxonomy":"product_tag","embeddable":true,"href":"https:\/\/www.pressta-eisele.eu\/hu\/wp-json\/wp\/v2\/product_tag?post=1116"}],"curies":[{"name":"wp","href":"https:\/\/api.w.org\/{rel}","templated":true}]}}