{"id":1111,"date":"2021-01-31T19:42:48","date_gmt":"2021-01-31T18:42:48","guid":{"rendered":"https:\/\/www.pressta-eisele.eu\/produkt\/nova-final-pila-na-zasklievacie-listy\/"},"modified":"2021-01-31T21:09:13","modified_gmt":"2021-01-31T20:09:13","slug":"nova-final-pila-na-zasklievacie-listy","status":"publish","type":"product","link":"https:\/\/www.pressta-eisele.eu\/hu\/produkt\/nova-final-pila-na-zasklievacie-listy\/","title":{"rendered":"NOVA FINAL &#8211; P\u00edla na zasklievacie li\u0161ty"},"content":{"rendered":"","protected":false},"excerpt":{"rendered":"<ul>\n<li>Celokrytovan\u00fd jednokot\u00fa\u010dov\u00fd automat ur\u010den\u00fd pre skracovanie zasklievac\u00edch l\u00ed\u0161t z PVC l\u00ed\u0161t rezan\u00fdch dopredu na teoretick\u00e9 rozmery. <\/li>\n<li>Rezn\u00fd agreg\u00e1t s frekven\u010dne riaden\u00fdmi ot\u00e1\u010dkami zabezpe\u010duje, \u017ee aj \u00faber ve\u013emi mal\u00fdch k\u00faskov je bez otrepov a gumov\u00e9 tesnenie sa nezatrh\u00e1va. <\/li>\n<li> Dve modifik\u00e1cie pre posuv rezn\u00e9ho agreg\u00e1tu manual \/ automat ( s pneumatick\u00fdm posuvom) <\/li>\n<li>R\u00fdchlov\u00fdmenn\u00fd syst\u00e9m pre vodiacu plat\u0148u zasklievac\u00edch l\u00ed\u0161t r\u00f4znych profilov\u00fdch syst\u00e9mov <\/li>\n<li>Pr\u00edtla\u010dn\u00fd doraz s po\u010d\u00edtadlom SICO pre zoradenie dorazu do polohy  imit\u00e1cie pr\u00edtlaku izola\u010dn\u00e9ho skla. <\/li>\n<li>Pneumatick\u00e9 upnutie materi\u00e1lu automaticky spusten\u00edm pracovn\u00e9ho cyklu. <\/li>\n<\/ul>\n","protected":false},"featured_media":1112,"comment_status":"closed","ping_status":"open","template":"","meta":{"_monsterinsights_skip_tracking":false,"_monsterinsights_sitenote_active":false,"_monsterinsights_sitenote_note":"","_monsterinsights_sitenote_category":0},"product_brand":[],"product_cat":[40],"product_tag":[],"class_list":{"0":"post-1111","1":"product","2":"type-product","3":"status-publish","4":"has-post-thumbnail","6":"product_cat-rezanie","8":"first","9":"instock","10":"product-type-simple"},"yoast_head":"<!-- This site is optimized with the Yoast SEO plugin v27.5 - https:\/\/yoast.com\/product\/yoast-seo-wordpress\/ -->\n<title>NOVA FINAL - P\u00edla na zasklievacie li\u0161ty - Pressta Eisele \u010cS<\/title>\n<meta name=\"robots\" content=\"index, follow, max-snippet:-1, max-image-preview:large, max-video-preview:-1\" \/>\n<link rel=\"canonical\" href=\"https:\/\/www.pressta-eisele.eu\/hu\/produkt\/nova-final-pila-na-zasklievacie-listy\/\" \/>\n<meta property=\"og:locale\" content=\"hu_HU\" \/>\n<meta property=\"og:type\" content=\"article\" \/>\n<meta property=\"og:title\" content=\"NOVA FINAL - P\u00edla na zasklievacie li\u0161ty - Pressta Eisele \u010cS\" \/>\n<meta property=\"og:description\" content=\"Celokrytovan\u00fd jednokot\u00fa\u010dov\u00fd automat ur\u010den\u00fd pre skracovanie zasklievac\u00edch l\u00ed\u0161t z PVC l\u00ed\u0161t rezan\u00fdch dopredu na teoretick\u00e9 rozmery. Rezn\u00fd agreg\u00e1t s frekven\u010dne riaden\u00fdmi ot\u00e1\u010dkami zabezpe\u010duje, \u017ee aj \u00faber ve\u013emi mal\u00fdch k\u00faskov je bez otrepov a gumov\u00e9 tesnenie sa nezatrh\u00e1va. Dve modifik\u00e1cie pre posuv rezn\u00e9ho agreg\u00e1tu manual \/ automat ( s pneumatick\u00fdm posuvom) R\u00fdchlov\u00fdmenn\u00fd syst\u00e9m pre vodiacu plat\u0148u zasklievac\u00edch l\u00ed\u0161t r\u00f4znych profilov\u00fdch syst\u00e9mov Pr\u00edtla\u010dn\u00fd doraz s po\u010d\u00edtadlom SICO pre zoradenie dorazu do polohy imit\u00e1cie pr\u00edtlaku izola\u010dn\u00e9ho skla. Pneumatick\u00e9 upnutie materi\u00e1lu automaticky spusten\u00edm pracovn\u00e9ho cyklu.\" \/>\n<meta property=\"og:url\" content=\"https:\/\/www.pressta-eisele.eu\/hu\/produkt\/nova-final-pila-na-zasklievacie-listy\/\" \/>\n<meta property=\"og:site_name\" content=\"Pressta Eisele \u010cS\" \/>\n<meta property=\"article:modified_time\" content=\"2021-01-31T20:09:13+00:00\" \/>\n<meta property=\"og:image\" content=\"https:\/\/www.pressta-eisele.eu\/wp-content\/uploads\/2021\/01\/243.jpg\" \/>\n\t<meta property=\"og:image:width\" content=\"354\" \/>\n\t<meta property=\"og:image:height\" content=\"500\" \/>\n\t<meta property=\"og:image:type\" content=\"image\/jpeg\" \/>\n<meta name=\"twitter:card\" content=\"summary_large_image\" \/>\n<script type=\"application\/ld+json\" class=\"yoast-schema-graph\">{\"@context\":\"https:\\\/\\\/schema.org\",\"@graph\":[{\"@type\":\"WebPage\",\"@id\":\"https:\\\/\\\/www.pressta-eisele.eu\\\/hu\\\/produkt\\\/nova-final-pila-na-zasklievacie-listy\\\/\",\"url\":\"https:\\\/\\\/www.pressta-eisele.eu\\\/hu\\\/produkt\\\/nova-final-pila-na-zasklievacie-listy\\\/\",\"name\":\"NOVA FINAL - P\u00edla na zasklievacie li\u0161ty - Pressta Eisele \u010cS\",\"isPartOf\":{\"@id\":\"https:\\\/\\\/www.pressta-eisele.eu\\\/hu\\\/#website\"},\"primaryImageOfPage\":{\"@id\":\"https:\\\/\\\/www.pressta-eisele.eu\\\/hu\\\/produkt\\\/nova-final-pila-na-zasklievacie-listy\\\/#primaryimage\"},\"image\":{\"@id\":\"https:\\\/\\\/www.pressta-eisele.eu\\\/hu\\\/produkt\\\/nova-final-pila-na-zasklievacie-listy\\\/#primaryimage\"},\"thumbnailUrl\":\"https:\\\/\\\/www.pressta-eisele.eu\\\/wp-content\\\/uploads\\\/2021\\\/01\\\/243.jpg\",\"datePublished\":\"2021-01-31T18:42:48+00:00\",\"dateModified\":\"2021-01-31T20:09:13+00:00\",\"breadcrumb\":{\"@id\":\"https:\\\/\\\/www.pressta-eisele.eu\\\/hu\\\/produkt\\\/nova-final-pila-na-zasklievacie-listy\\\/#breadcrumb\"},\"inLanguage\":\"hu\",\"potentialAction\":[{\"@type\":\"ReadAction\",\"target\":[\"https:\\\/\\\/www.pressta-eisele.eu\\\/hu\\\/produkt\\\/nova-final-pila-na-zasklievacie-listy\\\/\"]}]},{\"@type\":\"ImageObject\",\"inLanguage\":\"hu\",\"@id\":\"https:\\\/\\\/www.pressta-eisele.eu\\\/hu\\\/produkt\\\/nova-final-pila-na-zasklievacie-listy\\\/#primaryimage\",\"url\":\"https:\\\/\\\/www.pressta-eisele.eu\\\/wp-content\\\/uploads\\\/2021\\\/01\\\/243.jpg\",\"contentUrl\":\"https:\\\/\\\/www.pressta-eisele.eu\\\/wp-content\\\/uploads\\\/2021\\\/01\\\/243.jpg\",\"width\":354,\"height\":500,\"caption\":\"NOVA FINAL - P\u00edla na zasklievacie li\u0161ty\"},{\"@type\":\"BreadcrumbList\",\"@id\":\"https:\\\/\\\/www.pressta-eisele.eu\\\/hu\\\/produkt\\\/nova-final-pila-na-zasklievacie-listy\\\/#breadcrumb\",\"itemListElement\":[{\"@type\":\"ListItem\",\"position\":1,\"name\":\"Home\",\"item\":\"https:\\\/\\\/www.pressta-eisele.eu\\\/hu\\\/\"},{\"@type\":\"ListItem\",\"position\":2,\"name\":\"Shop\",\"item\":\"https:\\\/\\\/www.pressta-eisele.eu\\\/hu\\\/shop\\\/\"},{\"@type\":\"ListItem\",\"position\":3,\"name\":\"NOVA FINAL &#8211; P\u00edla na zasklievacie li\u0161ty\"}]},{\"@type\":\"WebSite\",\"@id\":\"https:\\\/\\\/www.pressta-eisele.eu\\\/hu\\\/#website\",\"url\":\"https:\\\/\\\/www.pressta-eisele.eu\\\/hu\\\/\",\"name\":\"Pressta Eisele \u010cS\",\"description\":\"Vitajte vo svete produktivity\",\"publisher\":{\"@id\":\"https:\\\/\\\/www.pressta-eisele.eu\\\/hu\\\/#organization\"},\"potentialAction\":[{\"@type\":\"SearchAction\",\"target\":{\"@type\":\"EntryPoint\",\"urlTemplate\":\"https:\\\/\\\/www.pressta-eisele.eu\\\/hu\\\/?s={search_term_string}\"},\"query-input\":{\"@type\":\"PropertyValueSpecification\",\"valueRequired\":true,\"valueName\":\"search_term_string\"}}],\"inLanguage\":\"hu\"},{\"@type\":\"Organization\",\"@id\":\"https:\\\/\\\/www.pressta-eisele.eu\\\/hu\\\/#organization\",\"name\":\"Pressta Eisele \u010cS\",\"url\":\"https:\\\/\\\/www.pressta-eisele.eu\\\/hu\\\/\",\"logo\":{\"@type\":\"ImageObject\",\"inLanguage\":\"hu\",\"@id\":\"https:\\\/\\\/www.pressta-eisele.eu\\\/hu\\\/#\\\/schema\\\/logo\\\/image\\\/\",\"url\":\"https:\\\/\\\/www.pressta-eisele.eu\\\/wp-content\\\/uploads\\\/2020\\\/11\\\/pressta-logo-01v.svg\",\"contentUrl\":\"https:\\\/\\\/www.pressta-eisele.eu\\\/wp-content\\\/uploads\\\/2020\\\/11\\\/pressta-logo-01v.svg\",\"caption\":\"Pressta Eisele \u010cS\"},\"image\":{\"@id\":\"https:\\\/\\\/www.pressta-eisele.eu\\\/hu\\\/#\\\/schema\\\/logo\\\/image\\\/\"}}]}<\/script>\n<!-- \/ Yoast SEO plugin. -->","yoast_head_json":{"title":"NOVA FINAL - P\u00edla na zasklievacie li\u0161ty - Pressta Eisele \u010cS","robots":{"index":"index","follow":"follow","max-snippet":"max-snippet:-1","max-image-preview":"max-image-preview:large","max-video-preview":"max-video-preview:-1"},"canonical":"https:\/\/www.pressta-eisele.eu\/hu\/produkt\/nova-final-pila-na-zasklievacie-listy\/","og_locale":"hu_HU","og_type":"article","og_title":"NOVA FINAL - P\u00edla na zasklievacie li\u0161ty - Pressta Eisele \u010cS","og_description":"Celokrytovan\u00fd jednokot\u00fa\u010dov\u00fd automat ur\u010den\u00fd pre skracovanie zasklievac\u00edch l\u00ed\u0161t z PVC l\u00ed\u0161t rezan\u00fdch dopredu na teoretick\u00e9 rozmery. Rezn\u00fd agreg\u00e1t s frekven\u010dne riaden\u00fdmi ot\u00e1\u010dkami zabezpe\u010duje, \u017ee aj \u00faber ve\u013emi mal\u00fdch k\u00faskov je bez otrepov a gumov\u00e9 tesnenie sa nezatrh\u00e1va. Dve modifik\u00e1cie pre posuv rezn\u00e9ho agreg\u00e1tu manual \/ automat ( s pneumatick\u00fdm posuvom) R\u00fdchlov\u00fdmenn\u00fd syst\u00e9m pre vodiacu plat\u0148u zasklievac\u00edch l\u00ed\u0161t r\u00f4znych profilov\u00fdch syst\u00e9mov Pr\u00edtla\u010dn\u00fd doraz s po\u010d\u00edtadlom SICO pre zoradenie dorazu do polohy imit\u00e1cie pr\u00edtlaku izola\u010dn\u00e9ho skla. Pneumatick\u00e9 upnutie materi\u00e1lu automaticky spusten\u00edm pracovn\u00e9ho cyklu.","og_url":"https:\/\/www.pressta-eisele.eu\/hu\/produkt\/nova-final-pila-na-zasklievacie-listy\/","og_site_name":"Pressta Eisele \u010cS","article_modified_time":"2021-01-31T20:09:13+00:00","og_image":[{"width":354,"height":500,"url":"https:\/\/www.pressta-eisele.eu\/wp-content\/uploads\/2021\/01\/243.jpg","type":"image\/jpeg"}],"twitter_card":"summary_large_image","schema":{"@context":"https:\/\/schema.org","@graph":[{"@type":"WebPage","@id":"https:\/\/www.pressta-eisele.eu\/hu\/produkt\/nova-final-pila-na-zasklievacie-listy\/","url":"https:\/\/www.pressta-eisele.eu\/hu\/produkt\/nova-final-pila-na-zasklievacie-listy\/","name":"NOVA FINAL - P\u00edla na zasklievacie li\u0161ty - Pressta Eisele \u010cS","isPartOf":{"@id":"https:\/\/www.pressta-eisele.eu\/hu\/#website"},"primaryImageOfPage":{"@id":"https:\/\/www.pressta-eisele.eu\/hu\/produkt\/nova-final-pila-na-zasklievacie-listy\/#primaryimage"},"image":{"@id":"https:\/\/www.pressta-eisele.eu\/hu\/produkt\/nova-final-pila-na-zasklievacie-listy\/#primaryimage"},"thumbnailUrl":"https:\/\/www.pressta-eisele.eu\/wp-content\/uploads\/2021\/01\/243.jpg","datePublished":"2021-01-31T18:42:48+00:00","dateModified":"2021-01-31T20:09:13+00:00","breadcrumb":{"@id":"https:\/\/www.pressta-eisele.eu\/hu\/produkt\/nova-final-pila-na-zasklievacie-listy\/#breadcrumb"},"inLanguage":"hu","potentialAction":[{"@type":"ReadAction","target":["https:\/\/www.pressta-eisele.eu\/hu\/produkt\/nova-final-pila-na-zasklievacie-listy\/"]}]},{"@type":"ImageObject","inLanguage":"hu","@id":"https:\/\/www.pressta-eisele.eu\/hu\/produkt\/nova-final-pila-na-zasklievacie-listy\/#primaryimage","url":"https:\/\/www.pressta-eisele.eu\/wp-content\/uploads\/2021\/01\/243.jpg","contentUrl":"https:\/\/www.pressta-eisele.eu\/wp-content\/uploads\/2021\/01\/243.jpg","width":354,"height":500,"caption":"NOVA FINAL - P\u00edla na zasklievacie li\u0161ty"},{"@type":"BreadcrumbList","@id":"https:\/\/www.pressta-eisele.eu\/hu\/produkt\/nova-final-pila-na-zasklievacie-listy\/#breadcrumb","itemListElement":[{"@type":"ListItem","position":1,"name":"Home","item":"https:\/\/www.pressta-eisele.eu\/hu\/"},{"@type":"ListItem","position":2,"name":"Shop","item":"https:\/\/www.pressta-eisele.eu\/hu\/shop\/"},{"@type":"ListItem","position":3,"name":"NOVA FINAL &#8211; P\u00edla na zasklievacie li\u0161ty"}]},{"@type":"WebSite","@id":"https:\/\/www.pressta-eisele.eu\/hu\/#website","url":"https:\/\/www.pressta-eisele.eu\/hu\/","name":"Pressta Eisele \u010cS","description":"Vitajte vo svete produktivity","publisher":{"@id":"https:\/\/www.pressta-eisele.eu\/hu\/#organization"},"potentialAction":[{"@type":"SearchAction","target":{"@type":"EntryPoint","urlTemplate":"https:\/\/www.pressta-eisele.eu\/hu\/?s={search_term_string}"},"query-input":{"@type":"PropertyValueSpecification","valueRequired":true,"valueName":"search_term_string"}}],"inLanguage":"hu"},{"@type":"Organization","@id":"https:\/\/www.pressta-eisele.eu\/hu\/#organization","name":"Pressta Eisele \u010cS","url":"https:\/\/www.pressta-eisele.eu\/hu\/","logo":{"@type":"ImageObject","inLanguage":"hu","@id":"https:\/\/www.pressta-eisele.eu\/hu\/#\/schema\/logo\/image\/","url":"https:\/\/www.pressta-eisele.eu\/wp-content\/uploads\/2020\/11\/pressta-logo-01v.svg","contentUrl":"https:\/\/www.pressta-eisele.eu\/wp-content\/uploads\/2020\/11\/pressta-logo-01v.svg","caption":"Pressta Eisele \u010cS"},"image":{"@id":"https:\/\/www.pressta-eisele.eu\/hu\/#\/schema\/logo\/image\/"}}]}},"jetpack_sharing_enabled":true,"_links":{"self":[{"href":"https:\/\/www.pressta-eisele.eu\/hu\/wp-json\/wp\/v2\/product\/1111","targetHints":{"allow":["GET"]}}],"collection":[{"href":"https:\/\/www.pressta-eisele.eu\/hu\/wp-json\/wp\/v2\/product"}],"about":[{"href":"https:\/\/www.pressta-eisele.eu\/hu\/wp-json\/wp\/v2\/types\/product"}],"replies":[{"embeddable":true,"href":"https:\/\/www.pressta-eisele.eu\/hu\/wp-json\/wp\/v2\/comments?post=1111"}],"wp:featuredmedia":[{"embeddable":true,"href":"https:\/\/www.pressta-eisele.eu\/hu\/wp-json\/wp\/v2\/media\/1112"}],"wp:attachment":[{"href":"https:\/\/www.pressta-eisele.eu\/hu\/wp-json\/wp\/v2\/media?parent=1111"}],"wp:term":[{"taxonomy":"product_brand","embeddable":true,"href":"https:\/\/www.pressta-eisele.eu\/hu\/wp-json\/wp\/v2\/product_brand?post=1111"},{"taxonomy":"product_cat","embeddable":true,"href":"https:\/\/www.pressta-eisele.eu\/hu\/wp-json\/wp\/v2\/product_cat?post=1111"},{"taxonomy":"product_tag","embeddable":true,"href":"https:\/\/www.pressta-eisele.eu\/hu\/wp-json\/wp\/v2\/product_tag?post=1111"}],"curies":[{"name":"wp","href":"https:\/\/api.w.org\/{rel}","templated":true}]}}