{"id":1106,"date":"2021-01-31T19:42:48","date_gmt":"2021-01-31T18:42:48","guid":{"rendered":"https:\/\/www.pressta-eisele.eu\/produkt\/pressta-5000-stroj-na-spajanie-rohov\/"},"modified":"2021-02-02T10:56:54","modified_gmt":"2021-02-02T09:56:54","slug":"pressta-5000-stroj-na-spajanie-rohov","status":"publish","type":"product","link":"https:\/\/www.pressta-eisele.eu\/hu\/produkt\/pressta-5000-stroj-na-spajanie-rohov\/","title":{"rendered":"PRESSTA 5000 &#8211; Stroj na sp\u00e1janie rohov"},"content":{"rendered":"","protected":false},"excerpt":{"rendered":"<ul>\n<li>Pre vysok\u00e9 hlin\u00edkov\u00e9 profily na v\u00fdrobu okien a fas\u00e1d<\/li>\n<li>V\u00fd\u0161ka profilu pod up\u00edna\u010dmi do 190 mm<\/li>\n<li>V\u00fd\u0161ka lisovania do 150 mm<\/li>\n<li>Pneumatick\u00fd pohon, sila lisovania 56 kN na ka\u017ed\u00fa hlavu<\/li>\n<li>Pod \u00farove\u0148 stola zach\u00e1dzaj\u00faci predn\u00fd doraz s max. v\u00fd\u0161kou opretia 120mm, zdvih s hydraulickou aret\u00e1ciou<\/li>\n<li>3 sady \u0161tandardn\u00fdch no\u017eov, plynulo v\u00fd\u0161kovo prestavite\u013en\u00e9<\/li>\n<li>2 excentrick\u00e9, plynulo prestavite\u013en\u00e9, stranov\u00e9 opierky<\/li>\n<li>2 oto\u010dn\u00e9, podporn\u00e9 ramen\u00e1<\/li>\n<li>Ovl\u00e1danie pomocou dvoch no\u017en\u00fdch ventilov<\/li>\n<\/ul>\n","protected":false},"featured_media":1107,"comment_status":"closed","ping_status":"closed","template":"","meta":{"_monsterinsights_skip_tracking":false,"_monsterinsights_sitenote_active":false,"_monsterinsights_sitenote_note":"","_monsterinsights_sitenote_category":0},"product_brand":[],"product_cat":[30],"product_tag":[],"class_list":{"0":"post-1106","1":"product","2":"type-product","3":"status-publish","4":"has-post-thumbnail","6":"product_cat-rohovacie-lisy","8":"first","9":"instock","10":"product-type-simple"},"yoast_head":"<!-- This site is optimized with the Yoast SEO plugin v27.5 - https:\/\/yoast.com\/product\/yoast-seo-wordpress\/ -->\n<title>PRESSTA 5000 - Stroj na sp\u00e1janie rohov - Pressta Eisele \u010cS<\/title>\n<meta name=\"robots\" content=\"index, follow, max-snippet:-1, max-image-preview:large, max-video-preview:-1\" \/>\n<link rel=\"canonical\" href=\"https:\/\/www.pressta-eisele.eu\/hu\/produkt\/pressta-5000-stroj-na-spajanie-rohov\/\" \/>\n<meta property=\"og:locale\" content=\"hu_HU\" \/>\n<meta property=\"og:type\" content=\"article\" \/>\n<meta property=\"og:title\" content=\"PRESSTA 5000 - Stroj na sp\u00e1janie rohov - Pressta Eisele \u010cS\" \/>\n<meta property=\"og:description\" content=\"Pre vysok\u00e9 hlin\u00edkov\u00e9 profily na v\u00fdrobu okien a fas\u00e1d  V\u00fd\u0161ka profilu pod up\u00edna\u010dmi do 190 mm  V\u00fd\u0161ka lisovania do 150 mm  Pneumatick\u00fd pohon, sila lisovania 56 kN na ka\u017ed\u00fa hlavu  Pod \u00farove\u0148 stola zach\u00e1dzaj\u00faci predn\u00fd doraz s max. v\u00fd\u0161kou opretia 120mm, zdvih s hydraulickou aret\u00e1ciou  3 sady \u0161tandardn\u00fdch no\u017eov, plynulo v\u00fd\u0161kovo prestavite\u013en\u00e9  2 excentrick\u00e9, plynulo prestavite\u013en\u00e9, stranov\u00e9 opierky  2 oto\u010dn\u00e9, podporn\u00e9 ramen\u00e1  Ovl\u00e1danie pomocou dvoch no\u017en\u00fdch ventilov\" \/>\n<meta property=\"og:url\" content=\"https:\/\/www.pressta-eisele.eu\/hu\/produkt\/pressta-5000-stroj-na-spajanie-rohov\/\" \/>\n<meta property=\"og:site_name\" content=\"Pressta Eisele \u010cS\" \/>\n<meta property=\"article:modified_time\" content=\"2021-02-02T09:56:54+00:00\" \/>\n<meta property=\"og:image\" content=\"https:\/\/www.pressta-eisele.eu\/wp-content\/uploads\/2021\/01\/242.jpg\" \/>\n\t<meta property=\"og:image:width\" content=\"500\" \/>\n\t<meta property=\"og:image:height\" content=\"351\" \/>\n\t<meta property=\"og:image:type\" content=\"image\/jpeg\" \/>\n<meta name=\"twitter:card\" content=\"summary_large_image\" \/>\n<script type=\"application\/ld+json\" class=\"yoast-schema-graph\">{\"@context\":\"https:\\\/\\\/schema.org\",\"@graph\":[{\"@type\":\"WebPage\",\"@id\":\"https:\\\/\\\/www.pressta-eisele.eu\\\/hu\\\/produkt\\\/pressta-5000-stroj-na-spajanie-rohov\\\/\",\"url\":\"https:\\\/\\\/www.pressta-eisele.eu\\\/hu\\\/produkt\\\/pressta-5000-stroj-na-spajanie-rohov\\\/\",\"name\":\"PRESSTA 5000 - Stroj na sp\u00e1janie rohov - Pressta Eisele \u010cS\",\"isPartOf\":{\"@id\":\"https:\\\/\\\/www.pressta-eisele.eu\\\/hu\\\/#website\"},\"primaryImageOfPage\":{\"@id\":\"https:\\\/\\\/www.pressta-eisele.eu\\\/hu\\\/produkt\\\/pressta-5000-stroj-na-spajanie-rohov\\\/#primaryimage\"},\"image\":{\"@id\":\"https:\\\/\\\/www.pressta-eisele.eu\\\/hu\\\/produkt\\\/pressta-5000-stroj-na-spajanie-rohov\\\/#primaryimage\"},\"thumbnailUrl\":\"https:\\\/\\\/www.pressta-eisele.eu\\\/wp-content\\\/uploads\\\/2021\\\/01\\\/242.jpg\",\"datePublished\":\"2021-01-31T18:42:48+00:00\",\"dateModified\":\"2021-02-02T09:56:54+00:00\",\"breadcrumb\":{\"@id\":\"https:\\\/\\\/www.pressta-eisele.eu\\\/hu\\\/produkt\\\/pressta-5000-stroj-na-spajanie-rohov\\\/#breadcrumb\"},\"inLanguage\":\"hu\",\"potentialAction\":[{\"@type\":\"ReadAction\",\"target\":[\"https:\\\/\\\/www.pressta-eisele.eu\\\/hu\\\/produkt\\\/pressta-5000-stroj-na-spajanie-rohov\\\/\"]}]},{\"@type\":\"ImageObject\",\"inLanguage\":\"hu\",\"@id\":\"https:\\\/\\\/www.pressta-eisele.eu\\\/hu\\\/produkt\\\/pressta-5000-stroj-na-spajanie-rohov\\\/#primaryimage\",\"url\":\"https:\\\/\\\/www.pressta-eisele.eu\\\/wp-content\\\/uploads\\\/2021\\\/01\\\/242.jpg\",\"contentUrl\":\"https:\\\/\\\/www.pressta-eisele.eu\\\/wp-content\\\/uploads\\\/2021\\\/01\\\/242.jpg\",\"width\":500,\"height\":351,\"caption\":\"PRESSTA 5000 - Stroj na sp\u00e1janie rohov\"},{\"@type\":\"BreadcrumbList\",\"@id\":\"https:\\\/\\\/www.pressta-eisele.eu\\\/hu\\\/produkt\\\/pressta-5000-stroj-na-spajanie-rohov\\\/#breadcrumb\",\"itemListElement\":[{\"@type\":\"ListItem\",\"position\":1,\"name\":\"Home\",\"item\":\"https:\\\/\\\/www.pressta-eisele.eu\\\/hu\\\/\"},{\"@type\":\"ListItem\",\"position\":2,\"name\":\"Shop\",\"item\":\"https:\\\/\\\/www.pressta-eisele.eu\\\/hu\\\/shop\\\/\"},{\"@type\":\"ListItem\",\"position\":3,\"name\":\"PRESSTA 5000 &#8211; Stroj na sp\u00e1janie rohov\"}]},{\"@type\":\"WebSite\",\"@id\":\"https:\\\/\\\/www.pressta-eisele.eu\\\/hu\\\/#website\",\"url\":\"https:\\\/\\\/www.pressta-eisele.eu\\\/hu\\\/\",\"name\":\"Pressta Eisele \u010cS\",\"description\":\"Vitajte vo svete produktivity\",\"publisher\":{\"@id\":\"https:\\\/\\\/www.pressta-eisele.eu\\\/hu\\\/#organization\"},\"potentialAction\":[{\"@type\":\"SearchAction\",\"target\":{\"@type\":\"EntryPoint\",\"urlTemplate\":\"https:\\\/\\\/www.pressta-eisele.eu\\\/hu\\\/?s={search_term_string}\"},\"query-input\":{\"@type\":\"PropertyValueSpecification\",\"valueRequired\":true,\"valueName\":\"search_term_string\"}}],\"inLanguage\":\"hu\"},{\"@type\":\"Organization\",\"@id\":\"https:\\\/\\\/www.pressta-eisele.eu\\\/hu\\\/#organization\",\"name\":\"Pressta Eisele \u010cS\",\"url\":\"https:\\\/\\\/www.pressta-eisele.eu\\\/hu\\\/\",\"logo\":{\"@type\":\"ImageObject\",\"inLanguage\":\"hu\",\"@id\":\"https:\\\/\\\/www.pressta-eisele.eu\\\/hu\\\/#\\\/schema\\\/logo\\\/image\\\/\",\"url\":\"https:\\\/\\\/www.pressta-eisele.eu\\\/wp-content\\\/uploads\\\/2020\\\/11\\\/pressta-logo-01v.svg\",\"contentUrl\":\"https:\\\/\\\/www.pressta-eisele.eu\\\/wp-content\\\/uploads\\\/2020\\\/11\\\/pressta-logo-01v.svg\",\"caption\":\"Pressta Eisele \u010cS\"},\"image\":{\"@id\":\"https:\\\/\\\/www.pressta-eisele.eu\\\/hu\\\/#\\\/schema\\\/logo\\\/image\\\/\"}}]}<\/script>\n<!-- \/ Yoast SEO plugin. -->","yoast_head_json":{"title":"PRESSTA 5000 - Stroj na sp\u00e1janie rohov - Pressta Eisele \u010cS","robots":{"index":"index","follow":"follow","max-snippet":"max-snippet:-1","max-image-preview":"max-image-preview:large","max-video-preview":"max-video-preview:-1"},"canonical":"https:\/\/www.pressta-eisele.eu\/hu\/produkt\/pressta-5000-stroj-na-spajanie-rohov\/","og_locale":"hu_HU","og_type":"article","og_title":"PRESSTA 5000 - Stroj na sp\u00e1janie rohov - Pressta Eisele \u010cS","og_description":"Pre vysok\u00e9 hlin\u00edkov\u00e9 profily na v\u00fdrobu okien a fas\u00e1d  V\u00fd\u0161ka profilu pod up\u00edna\u010dmi do 190 mm  V\u00fd\u0161ka lisovania do 150 mm  Pneumatick\u00fd pohon, sila lisovania 56 kN na ka\u017ed\u00fa hlavu  Pod \u00farove\u0148 stola zach\u00e1dzaj\u00faci predn\u00fd doraz s max. v\u00fd\u0161kou opretia 120mm, zdvih s hydraulickou aret\u00e1ciou  3 sady \u0161tandardn\u00fdch no\u017eov, plynulo v\u00fd\u0161kovo prestavite\u013en\u00e9  2 excentrick\u00e9, plynulo prestavite\u013en\u00e9, stranov\u00e9 opierky  2 oto\u010dn\u00e9, podporn\u00e9 ramen\u00e1  Ovl\u00e1danie pomocou dvoch no\u017en\u00fdch ventilov","og_url":"https:\/\/www.pressta-eisele.eu\/hu\/produkt\/pressta-5000-stroj-na-spajanie-rohov\/","og_site_name":"Pressta Eisele \u010cS","article_modified_time":"2021-02-02T09:56:54+00:00","og_image":[{"width":500,"height":351,"url":"https:\/\/www.pressta-eisele.eu\/wp-content\/uploads\/2021\/01\/242.jpg","type":"image\/jpeg"}],"twitter_card":"summary_large_image","schema":{"@context":"https:\/\/schema.org","@graph":[{"@type":"WebPage","@id":"https:\/\/www.pressta-eisele.eu\/hu\/produkt\/pressta-5000-stroj-na-spajanie-rohov\/","url":"https:\/\/www.pressta-eisele.eu\/hu\/produkt\/pressta-5000-stroj-na-spajanie-rohov\/","name":"PRESSTA 5000 - Stroj na sp\u00e1janie rohov - Pressta Eisele \u010cS","isPartOf":{"@id":"https:\/\/www.pressta-eisele.eu\/hu\/#website"},"primaryImageOfPage":{"@id":"https:\/\/www.pressta-eisele.eu\/hu\/produkt\/pressta-5000-stroj-na-spajanie-rohov\/#primaryimage"},"image":{"@id":"https:\/\/www.pressta-eisele.eu\/hu\/produkt\/pressta-5000-stroj-na-spajanie-rohov\/#primaryimage"},"thumbnailUrl":"https:\/\/www.pressta-eisele.eu\/wp-content\/uploads\/2021\/01\/242.jpg","datePublished":"2021-01-31T18:42:48+00:00","dateModified":"2021-02-02T09:56:54+00:00","breadcrumb":{"@id":"https:\/\/www.pressta-eisele.eu\/hu\/produkt\/pressta-5000-stroj-na-spajanie-rohov\/#breadcrumb"},"inLanguage":"hu","potentialAction":[{"@type":"ReadAction","target":["https:\/\/www.pressta-eisele.eu\/hu\/produkt\/pressta-5000-stroj-na-spajanie-rohov\/"]}]},{"@type":"ImageObject","inLanguage":"hu","@id":"https:\/\/www.pressta-eisele.eu\/hu\/produkt\/pressta-5000-stroj-na-spajanie-rohov\/#primaryimage","url":"https:\/\/www.pressta-eisele.eu\/wp-content\/uploads\/2021\/01\/242.jpg","contentUrl":"https:\/\/www.pressta-eisele.eu\/wp-content\/uploads\/2021\/01\/242.jpg","width":500,"height":351,"caption":"PRESSTA 5000 - Stroj na sp\u00e1janie rohov"},{"@type":"BreadcrumbList","@id":"https:\/\/www.pressta-eisele.eu\/hu\/produkt\/pressta-5000-stroj-na-spajanie-rohov\/#breadcrumb","itemListElement":[{"@type":"ListItem","position":1,"name":"Home","item":"https:\/\/www.pressta-eisele.eu\/hu\/"},{"@type":"ListItem","position":2,"name":"Shop","item":"https:\/\/www.pressta-eisele.eu\/hu\/shop\/"},{"@type":"ListItem","position":3,"name":"PRESSTA 5000 &#8211; Stroj na sp\u00e1janie rohov"}]},{"@type":"WebSite","@id":"https:\/\/www.pressta-eisele.eu\/hu\/#website","url":"https:\/\/www.pressta-eisele.eu\/hu\/","name":"Pressta Eisele \u010cS","description":"Vitajte vo svete produktivity","publisher":{"@id":"https:\/\/www.pressta-eisele.eu\/hu\/#organization"},"potentialAction":[{"@type":"SearchAction","target":{"@type":"EntryPoint","urlTemplate":"https:\/\/www.pressta-eisele.eu\/hu\/?s={search_term_string}"},"query-input":{"@type":"PropertyValueSpecification","valueRequired":true,"valueName":"search_term_string"}}],"inLanguage":"hu"},{"@type":"Organization","@id":"https:\/\/www.pressta-eisele.eu\/hu\/#organization","name":"Pressta Eisele \u010cS","url":"https:\/\/www.pressta-eisele.eu\/hu\/","logo":{"@type":"ImageObject","inLanguage":"hu","@id":"https:\/\/www.pressta-eisele.eu\/hu\/#\/schema\/logo\/image\/","url":"https:\/\/www.pressta-eisele.eu\/wp-content\/uploads\/2020\/11\/pressta-logo-01v.svg","contentUrl":"https:\/\/www.pressta-eisele.eu\/wp-content\/uploads\/2020\/11\/pressta-logo-01v.svg","caption":"Pressta Eisele \u010cS"},"image":{"@id":"https:\/\/www.pressta-eisele.eu\/hu\/#\/schema\/logo\/image\/"}}]}},"jetpack_sharing_enabled":true,"_links":{"self":[{"href":"https:\/\/www.pressta-eisele.eu\/hu\/wp-json\/wp\/v2\/product\/1106","targetHints":{"allow":["GET"]}}],"collection":[{"href":"https:\/\/www.pressta-eisele.eu\/hu\/wp-json\/wp\/v2\/product"}],"about":[{"href":"https:\/\/www.pressta-eisele.eu\/hu\/wp-json\/wp\/v2\/types\/product"}],"replies":[{"embeddable":true,"href":"https:\/\/www.pressta-eisele.eu\/hu\/wp-json\/wp\/v2\/comments?post=1106"}],"wp:featuredmedia":[{"embeddable":true,"href":"https:\/\/www.pressta-eisele.eu\/hu\/wp-json\/wp\/v2\/media\/1107"}],"wp:attachment":[{"href":"https:\/\/www.pressta-eisele.eu\/hu\/wp-json\/wp\/v2\/media?parent=1106"}],"wp:term":[{"taxonomy":"product_brand","embeddable":true,"href":"https:\/\/www.pressta-eisele.eu\/hu\/wp-json\/wp\/v2\/product_brand?post=1106"},{"taxonomy":"product_cat","embeddable":true,"href":"https:\/\/www.pressta-eisele.eu\/hu\/wp-json\/wp\/v2\/product_cat?post=1106"},{"taxonomy":"product_tag","embeddable":true,"href":"https:\/\/www.pressta-eisele.eu\/hu\/wp-json\/wp\/v2\/product_tag?post=1106"}],"curies":[{"name":"wp","href":"https:\/\/api.w.org\/{rel}","templated":true}]}}