{"id":1091,"date":"2021-01-31T19:42:48","date_gmt":"2021-01-31T18:42:48","guid":{"rendered":"https:\/\/www.pressta-eisele.eu\/produkt\/easylift-xl-mobilny-vakuovy-manipulator\/"},"modified":"2021-01-31T22:13:34","modified_gmt":"2021-01-31T21:13:34","slug":"easylift-xl-mobilny-vakuovy-manipulator","status":"publish","type":"product","link":"https:\/\/www.pressta-eisele.eu\/hu\/produkt\/easylift-xl-mobilny-vakuovy-manipulator\/","title":{"rendered":"EASYLIFT \/ XL &#8211; Mobiln\u00fd v\u00e1kuov\u00fd manipul\u00e1tor"},"content":{"rendered":"","protected":false},"excerpt":{"rendered":"<ul>\n<li>Elektrick\u00e9 zariadenie na dv\u00edhanie skiel zostavite\u013en\u00e9 za p\u00e1r  sek\u00fand bez potreby n\u00e1radia.<\/li>\n<li>Nap\u00e1janie motora 230 V\/4A -striedav\u00fd. <\/li>\n<li>Ovl\u00e1danie na dia\u013eku s regul\u00e1ciou r\u00fdchlosti zdvihu a  klesania.<\/li>\n<li>Ramen\u00e1, na ktor\u00e9 sa poklad\u00e1 sklo je vybaven\u00e9: 2  bezpe\u010dnostn\u00e9 pr\u00edsavn\u00e9 disky \u00d8 200   mm (T\u00dcV test), ovl\u00e1danie s pumpou-2 pred\u013a\u017eenia pre ve\u013emi  dlh\u00e9 skl\u00e1 &#8211; jeden dr\u017eiak pre pr\u00e1cu v r\u00f4znych smeroch.<\/li>\n<li>4 teleskopicky vys\u00favate\u013en\u00e9 oporn\u00e9 nohy r\u00f4zne nastavite\u013en\u00e9,  \u010d\u00edm je zariadenie pou\u017eite\u013en\u00e9 aj na nerovn\u00fdch povrchoch alebo schodoch.<\/li>\n<li>N\u00fadzov\u00fd vyp\u00edna\u010d &#8211; po stla\u010den\u00ed d\u00f4jde k okam\u017eit\u00e9mu zastaveniu  zariadenia. <\/li>\n<li>Nosnos\u0165:120 kg <\/li>\n<li>Hmotnos\u0165 stroja: 45 kg <\/li>\n<li>Automatick\u00e1 poistka proti pre\u0165a\u017eeniu. <\/li>\n<li>\u013dahk\u00e1 nivel\u00e1cia zariadenia pomocou zabudovan\u00e9ho nivela\u010dn\u00e9ho  pr\u00edstroja. <\/li>\n<\/ul>\n","protected":false},"featured_media":1092,"comment_status":"closed","ping_status":"open","template":"","meta":{"_monsterinsights_skip_tracking":false,"_monsterinsights_sitenote_active":false,"_monsterinsights_sitenote_note":"","_monsterinsights_sitenote_category":0},"product_brand":[],"product_cat":[35],"product_tag":[],"class_list":{"0":"post-1091","1":"product","2":"type-product","3":"status-publish","4":"has-post-thumbnail","6":"product_cat-specialne-zariadenia-stroje-pre-pvc","8":"first","9":"instock","10":"product-type-simple"},"yoast_head":"<!-- This site is optimized with the Yoast SEO plugin v27.4 - https:\/\/yoast.com\/product\/yoast-seo-wordpress\/ -->\n<title>EASYLIFT \/ XL - Mobiln\u00fd v\u00e1kuov\u00fd manipul\u00e1tor - Pressta Eisele \u010cS<\/title>\n<meta name=\"robots\" content=\"index, follow, max-snippet:-1, max-image-preview:large, max-video-preview:-1\" \/>\n<link rel=\"canonical\" href=\"https:\/\/www.pressta-eisele.eu\/hu\/produkt\/easylift-xl-mobilny-vakuovy-manipulator\/\" \/>\n<meta property=\"og:locale\" content=\"hu_HU\" \/>\n<meta property=\"og:type\" content=\"article\" \/>\n<meta property=\"og:title\" content=\"EASYLIFT \/ XL - Mobiln\u00fd v\u00e1kuov\u00fd manipul\u00e1tor - Pressta Eisele \u010cS\" \/>\n<meta property=\"og:description\" content=\"Elektrick\u00e9 zariadenie na dv\u00edhanie skiel zostavite\u013en\u00e9 za p\u00e1r sek\u00fand bez potreby n\u00e1radia.Nap\u00e1janie motora 230 V\/4A -striedav\u00fd. Ovl\u00e1danie na dia\u013eku s regul\u00e1ciou r\u00fdchlosti zdvihu a klesania.Ramen\u00e1, na ktor\u00e9 sa poklad\u00e1 sklo je vybaven\u00e9: 2 bezpe\u010dnostn\u00e9 pr\u00edsavn\u00e9 disky \u00d8 200  mm (T\u00dcV test), ovl\u00e1danie s pumpou-2 pred\u013a\u017eenia pre ve\u013emi dlh\u00e9 skl\u00e1 - jeden dr\u017eiak pre pr\u00e1cu v r\u00f4znych smeroch.4 teleskopicky vys\u00favate\u013en\u00e9 oporn\u00e9 nohy r\u00f4zne nastavite\u013en\u00e9, \u010d\u00edm je zariadenie pou\u017eite\u013en\u00e9 aj na nerovn\u00fdch povrchoch alebo schodoch.N\u00fadzov\u00fd vyp\u00edna\u010d - po stla\u010den\u00ed d\u00f4jde k okam\u017eit\u00e9mu zastaveniu zariadenia. Nosnos\u0165:120 kg Hmotnos\u0165 stroja: 45 kg Automatick\u00e1 poistka proti pre\u0165a\u017eeniu. \u013dahk\u00e1 nivel\u00e1cia zariadenia pomocou zabudovan\u00e9ho nivela\u010dn\u00e9ho pr\u00edstroja.\" \/>\n<meta property=\"og:url\" content=\"https:\/\/www.pressta-eisele.eu\/hu\/produkt\/easylift-xl-mobilny-vakuovy-manipulator\/\" \/>\n<meta property=\"og:site_name\" content=\"Pressta Eisele \u010cS\" \/>\n<meta property=\"article:modified_time\" content=\"2021-01-31T21:13:34+00:00\" \/>\n<meta property=\"og:image\" content=\"https:\/\/www.pressta-eisele.eu\/wp-content\/uploads\/2021\/01\/237easylift.jpg\" \/>\n\t<meta property=\"og:image:width\" content=\"359\" \/>\n\t<meta property=\"og:image:height\" content=\"500\" \/>\n\t<meta property=\"og:image:type\" content=\"image\/jpeg\" \/>\n<meta name=\"twitter:card\" content=\"summary_large_image\" \/>\n<script type=\"application\/ld+json\" class=\"yoast-schema-graph\">{\"@context\":\"https:\\\/\\\/schema.org\",\"@graph\":[{\"@type\":\"WebPage\",\"@id\":\"https:\\\/\\\/www.pressta-eisele.eu\\\/hu\\\/produkt\\\/easylift-xl-mobilny-vakuovy-manipulator\\\/\",\"url\":\"https:\\\/\\\/www.pressta-eisele.eu\\\/hu\\\/produkt\\\/easylift-xl-mobilny-vakuovy-manipulator\\\/\",\"name\":\"EASYLIFT \\\/ XL - Mobiln\u00fd v\u00e1kuov\u00fd manipul\u00e1tor - Pressta Eisele \u010cS\",\"isPartOf\":{\"@id\":\"https:\\\/\\\/www.pressta-eisele.eu\\\/hu\\\/#website\"},\"primaryImageOfPage\":{\"@id\":\"https:\\\/\\\/www.pressta-eisele.eu\\\/hu\\\/produkt\\\/easylift-xl-mobilny-vakuovy-manipulator\\\/#primaryimage\"},\"image\":{\"@id\":\"https:\\\/\\\/www.pressta-eisele.eu\\\/hu\\\/produkt\\\/easylift-xl-mobilny-vakuovy-manipulator\\\/#primaryimage\"},\"thumbnailUrl\":\"https:\\\/\\\/www.pressta-eisele.eu\\\/wp-content\\\/uploads\\\/2021\\\/01\\\/237easylift.jpg\",\"datePublished\":\"2021-01-31T18:42:48+00:00\",\"dateModified\":\"2021-01-31T21:13:34+00:00\",\"breadcrumb\":{\"@id\":\"https:\\\/\\\/www.pressta-eisele.eu\\\/hu\\\/produkt\\\/easylift-xl-mobilny-vakuovy-manipulator\\\/#breadcrumb\"},\"inLanguage\":\"hu\",\"potentialAction\":[{\"@type\":\"ReadAction\",\"target\":[\"https:\\\/\\\/www.pressta-eisele.eu\\\/hu\\\/produkt\\\/easylift-xl-mobilny-vakuovy-manipulator\\\/\"]}]},{\"@type\":\"ImageObject\",\"inLanguage\":\"hu\",\"@id\":\"https:\\\/\\\/www.pressta-eisele.eu\\\/hu\\\/produkt\\\/easylift-xl-mobilny-vakuovy-manipulator\\\/#primaryimage\",\"url\":\"https:\\\/\\\/www.pressta-eisele.eu\\\/wp-content\\\/uploads\\\/2021\\\/01\\\/237easylift.jpg\",\"contentUrl\":\"https:\\\/\\\/www.pressta-eisele.eu\\\/wp-content\\\/uploads\\\/2021\\\/01\\\/237easylift.jpg\",\"width\":359,\"height\":500,\"caption\":\"EASYLIFT \\\/ XL - Mobiln\u00fd v\u00e1kuov\u00fd manipul\u00e1tor\"},{\"@type\":\"BreadcrumbList\",\"@id\":\"https:\\\/\\\/www.pressta-eisele.eu\\\/hu\\\/produkt\\\/easylift-xl-mobilny-vakuovy-manipulator\\\/#breadcrumb\",\"itemListElement\":[{\"@type\":\"ListItem\",\"position\":1,\"name\":\"Home\",\"item\":\"https:\\\/\\\/www.pressta-eisele.eu\\\/hu\\\/\"},{\"@type\":\"ListItem\",\"position\":2,\"name\":\"Shop\",\"item\":\"https:\\\/\\\/www.pressta-eisele.eu\\\/hu\\\/shop\\\/\"},{\"@type\":\"ListItem\",\"position\":3,\"name\":\"EASYLIFT \\\/ XL &#8211; Mobiln\u00fd v\u00e1kuov\u00fd manipul\u00e1tor\"}]},{\"@type\":\"WebSite\",\"@id\":\"https:\\\/\\\/www.pressta-eisele.eu\\\/hu\\\/#website\",\"url\":\"https:\\\/\\\/www.pressta-eisele.eu\\\/hu\\\/\",\"name\":\"Pressta Eisele \u010cS\",\"description\":\"Vitajte vo svete produktivity\",\"publisher\":{\"@id\":\"https:\\\/\\\/www.pressta-eisele.eu\\\/hu\\\/#organization\"},\"potentialAction\":[{\"@type\":\"SearchAction\",\"target\":{\"@type\":\"EntryPoint\",\"urlTemplate\":\"https:\\\/\\\/www.pressta-eisele.eu\\\/hu\\\/?s={search_term_string}\"},\"query-input\":{\"@type\":\"PropertyValueSpecification\",\"valueRequired\":true,\"valueName\":\"search_term_string\"}}],\"inLanguage\":\"hu\"},{\"@type\":\"Organization\",\"@id\":\"https:\\\/\\\/www.pressta-eisele.eu\\\/hu\\\/#organization\",\"name\":\"Pressta Eisele \u010cS\",\"url\":\"https:\\\/\\\/www.pressta-eisele.eu\\\/hu\\\/\",\"logo\":{\"@type\":\"ImageObject\",\"inLanguage\":\"hu\",\"@id\":\"https:\\\/\\\/www.pressta-eisele.eu\\\/hu\\\/#\\\/schema\\\/logo\\\/image\\\/\",\"url\":\"https:\\\/\\\/www.pressta-eisele.eu\\\/wp-content\\\/uploads\\\/2020\\\/11\\\/pressta-logo-01v.svg\",\"contentUrl\":\"https:\\\/\\\/www.pressta-eisele.eu\\\/wp-content\\\/uploads\\\/2020\\\/11\\\/pressta-logo-01v.svg\",\"caption\":\"Pressta Eisele \u010cS\"},\"image\":{\"@id\":\"https:\\\/\\\/www.pressta-eisele.eu\\\/hu\\\/#\\\/schema\\\/logo\\\/image\\\/\"}}]}<\/script>\n<!-- \/ Yoast SEO plugin. -->","yoast_head_json":{"title":"EASYLIFT \/ XL - Mobiln\u00fd v\u00e1kuov\u00fd manipul\u00e1tor - Pressta Eisele \u010cS","robots":{"index":"index","follow":"follow","max-snippet":"max-snippet:-1","max-image-preview":"max-image-preview:large","max-video-preview":"max-video-preview:-1"},"canonical":"https:\/\/www.pressta-eisele.eu\/hu\/produkt\/easylift-xl-mobilny-vakuovy-manipulator\/","og_locale":"hu_HU","og_type":"article","og_title":"EASYLIFT \/ XL - Mobiln\u00fd v\u00e1kuov\u00fd manipul\u00e1tor - Pressta Eisele \u010cS","og_description":"Elektrick\u00e9 zariadenie na dv\u00edhanie skiel zostavite\u013en\u00e9 za p\u00e1r sek\u00fand bez potreby n\u00e1radia.Nap\u00e1janie motora 230 V\/4A -striedav\u00fd. Ovl\u00e1danie na dia\u013eku s regul\u00e1ciou r\u00fdchlosti zdvihu a klesania.Ramen\u00e1, na ktor\u00e9 sa poklad\u00e1 sklo je vybaven\u00e9: 2 bezpe\u010dnostn\u00e9 pr\u00edsavn\u00e9 disky \u00d8 200  mm (T\u00dcV test), ovl\u00e1danie s pumpou-2 pred\u013a\u017eenia pre ve\u013emi dlh\u00e9 skl\u00e1 - jeden dr\u017eiak pre pr\u00e1cu v r\u00f4znych smeroch.4 teleskopicky vys\u00favate\u013en\u00e9 oporn\u00e9 nohy r\u00f4zne nastavite\u013en\u00e9, \u010d\u00edm je zariadenie pou\u017eite\u013en\u00e9 aj na nerovn\u00fdch povrchoch alebo schodoch.N\u00fadzov\u00fd vyp\u00edna\u010d - po stla\u010den\u00ed d\u00f4jde k okam\u017eit\u00e9mu zastaveniu zariadenia. Nosnos\u0165:120 kg Hmotnos\u0165 stroja: 45 kg Automatick\u00e1 poistka proti pre\u0165a\u017eeniu. \u013dahk\u00e1 nivel\u00e1cia zariadenia pomocou zabudovan\u00e9ho nivela\u010dn\u00e9ho pr\u00edstroja.","og_url":"https:\/\/www.pressta-eisele.eu\/hu\/produkt\/easylift-xl-mobilny-vakuovy-manipulator\/","og_site_name":"Pressta Eisele \u010cS","article_modified_time":"2021-01-31T21:13:34+00:00","og_image":[{"width":359,"height":500,"url":"https:\/\/www.pressta-eisele.eu\/wp-content\/uploads\/2021\/01\/237easylift.jpg","type":"image\/jpeg"}],"twitter_card":"summary_large_image","schema":{"@context":"https:\/\/schema.org","@graph":[{"@type":"WebPage","@id":"https:\/\/www.pressta-eisele.eu\/hu\/produkt\/easylift-xl-mobilny-vakuovy-manipulator\/","url":"https:\/\/www.pressta-eisele.eu\/hu\/produkt\/easylift-xl-mobilny-vakuovy-manipulator\/","name":"EASYLIFT \/ XL - Mobiln\u00fd v\u00e1kuov\u00fd manipul\u00e1tor - Pressta Eisele \u010cS","isPartOf":{"@id":"https:\/\/www.pressta-eisele.eu\/hu\/#website"},"primaryImageOfPage":{"@id":"https:\/\/www.pressta-eisele.eu\/hu\/produkt\/easylift-xl-mobilny-vakuovy-manipulator\/#primaryimage"},"image":{"@id":"https:\/\/www.pressta-eisele.eu\/hu\/produkt\/easylift-xl-mobilny-vakuovy-manipulator\/#primaryimage"},"thumbnailUrl":"https:\/\/www.pressta-eisele.eu\/wp-content\/uploads\/2021\/01\/237easylift.jpg","datePublished":"2021-01-31T18:42:48+00:00","dateModified":"2021-01-31T21:13:34+00:00","breadcrumb":{"@id":"https:\/\/www.pressta-eisele.eu\/hu\/produkt\/easylift-xl-mobilny-vakuovy-manipulator\/#breadcrumb"},"inLanguage":"hu","potentialAction":[{"@type":"ReadAction","target":["https:\/\/www.pressta-eisele.eu\/hu\/produkt\/easylift-xl-mobilny-vakuovy-manipulator\/"]}]},{"@type":"ImageObject","inLanguage":"hu","@id":"https:\/\/www.pressta-eisele.eu\/hu\/produkt\/easylift-xl-mobilny-vakuovy-manipulator\/#primaryimage","url":"https:\/\/www.pressta-eisele.eu\/wp-content\/uploads\/2021\/01\/237easylift.jpg","contentUrl":"https:\/\/www.pressta-eisele.eu\/wp-content\/uploads\/2021\/01\/237easylift.jpg","width":359,"height":500,"caption":"EASYLIFT \/ XL - Mobiln\u00fd v\u00e1kuov\u00fd manipul\u00e1tor"},{"@type":"BreadcrumbList","@id":"https:\/\/www.pressta-eisele.eu\/hu\/produkt\/easylift-xl-mobilny-vakuovy-manipulator\/#breadcrumb","itemListElement":[{"@type":"ListItem","position":1,"name":"Home","item":"https:\/\/www.pressta-eisele.eu\/hu\/"},{"@type":"ListItem","position":2,"name":"Shop","item":"https:\/\/www.pressta-eisele.eu\/hu\/shop\/"},{"@type":"ListItem","position":3,"name":"EASYLIFT \/ XL &#8211; Mobiln\u00fd v\u00e1kuov\u00fd manipul\u00e1tor"}]},{"@type":"WebSite","@id":"https:\/\/www.pressta-eisele.eu\/hu\/#website","url":"https:\/\/www.pressta-eisele.eu\/hu\/","name":"Pressta Eisele \u010cS","description":"Vitajte vo svete produktivity","publisher":{"@id":"https:\/\/www.pressta-eisele.eu\/hu\/#organization"},"potentialAction":[{"@type":"SearchAction","target":{"@type":"EntryPoint","urlTemplate":"https:\/\/www.pressta-eisele.eu\/hu\/?s={search_term_string}"},"query-input":{"@type":"PropertyValueSpecification","valueRequired":true,"valueName":"search_term_string"}}],"inLanguage":"hu"},{"@type":"Organization","@id":"https:\/\/www.pressta-eisele.eu\/hu\/#organization","name":"Pressta Eisele \u010cS","url":"https:\/\/www.pressta-eisele.eu\/hu\/","logo":{"@type":"ImageObject","inLanguage":"hu","@id":"https:\/\/www.pressta-eisele.eu\/hu\/#\/schema\/logo\/image\/","url":"https:\/\/www.pressta-eisele.eu\/wp-content\/uploads\/2020\/11\/pressta-logo-01v.svg","contentUrl":"https:\/\/www.pressta-eisele.eu\/wp-content\/uploads\/2020\/11\/pressta-logo-01v.svg","caption":"Pressta Eisele \u010cS"},"image":{"@id":"https:\/\/www.pressta-eisele.eu\/hu\/#\/schema\/logo\/image\/"}}]}},"jetpack_sharing_enabled":true,"_links":{"self":[{"href":"https:\/\/www.pressta-eisele.eu\/hu\/wp-json\/wp\/v2\/product\/1091","targetHints":{"allow":["GET"]}}],"collection":[{"href":"https:\/\/www.pressta-eisele.eu\/hu\/wp-json\/wp\/v2\/product"}],"about":[{"href":"https:\/\/www.pressta-eisele.eu\/hu\/wp-json\/wp\/v2\/types\/product"}],"replies":[{"embeddable":true,"href":"https:\/\/www.pressta-eisele.eu\/hu\/wp-json\/wp\/v2\/comments?post=1091"}],"wp:featuredmedia":[{"embeddable":true,"href":"https:\/\/www.pressta-eisele.eu\/hu\/wp-json\/wp\/v2\/media\/1092"}],"wp:attachment":[{"href":"https:\/\/www.pressta-eisele.eu\/hu\/wp-json\/wp\/v2\/media?parent=1091"}],"wp:term":[{"taxonomy":"product_brand","embeddable":true,"href":"https:\/\/www.pressta-eisele.eu\/hu\/wp-json\/wp\/v2\/product_brand?post=1091"},{"taxonomy":"product_cat","embeddable":true,"href":"https:\/\/www.pressta-eisele.eu\/hu\/wp-json\/wp\/v2\/product_cat?post=1091"},{"taxonomy":"product_tag","embeddable":true,"href":"https:\/\/www.pressta-eisele.eu\/hu\/wp-json\/wp\/v2\/product_tag?post=1091"}],"curies":[{"name":"wp","href":"https:\/\/api.w.org\/{rel}","templated":true}]}}