{"id":1086,"date":"2021-01-31T19:42:48","date_gmt":"2021-01-31T18:42:48","guid":{"rendered":"https:\/\/www.pressta-eisele.eu\/produkt\/aph-1lv-cnc-zacistovaci-automat\/"},"modified":"2021-01-31T21:25:41","modified_gmt":"2021-01-31T20:25:41","slug":"aph-1lv-cnc-zacistovaci-automat","status":"publish","type":"product","link":"https:\/\/www.pressta-eisele.eu\/hu\/produkt\/aph-1lv-cnc-zacistovaci-automat\/","title":{"rendered":"APH-1LV &#8211; CNC Za\u010dis\u0165ovac\u00ed automat"},"content":{"rendered":"","protected":false},"excerpt":{"rendered":"<ul>\n<li>    Ur\u010den\u00e9 pre  r\u00fdchle a prec\u00edzne automatick\u00e9 opracovanie PVC uhlovo    rozmanit\u00fdch  rohov\u00fdch spojov v ne\u0161tandardnej okennej produkcii.<\/li>\n<li> Uhlov\u00fd  rozsah opracovania 300 &#8211; 1600, pri \u0161\u00edrke profilu max. 130 mm,    v\u00fd\u0161ke  profilu max. 180 mm<\/li>\n<li> Polohovanie  agreg\u00e1tov s vyu\u017eit\u00edm najnov\u0161\u00edch line\u00e1rnych technol\u00f3gi\u00ed <\/li>\n<li> Plne  automatick\u00e9 zoradenie stroja na uhol alebo obl\u00fak, ako re\u017eim    priameho  z\u00e1pisu, alebo prevzat\u00edm \u00fadajov z d\u00e1tovej vety<\/li>\n<li> \u0160irok\u00e1  variabilita pre osadenie stroja r\u00f4znymi n\u00e1strojov\u00fdmi kombin\u00e1ciami,    miesto a\u017e  pre 22 agreg\u00e1tov osaden\u00fdch n\u00e1strojmi<\/li>\n<li> Modern\u00e1 riadiaca technol\u00f3gia na Windows-b\u00e1ze<\/li>\n<li> Patentom  chr\u00e1nen\u00fd vizualiza\u010dn\u00fd program, umo\u017e\u0148uj\u00faci z\u00e1pis programov    opracovania  bez znalosti CNC<\/li>\n<\/ul>\n","protected":false},"featured_media":1087,"comment_status":"closed","ping_status":"open","template":"","meta":{"_monsterinsights_skip_tracking":false,"_monsterinsights_sitenote_active":false,"_monsterinsights_sitenote_note":"","_monsterinsights_sitenote_category":0},"product_brand":[],"product_cat":[38],"product_tag":[],"class_list":{"0":"post-1086","1":"product","2":"type-product","3":"status-publish","4":"has-post-thumbnail","6":"product_cat-zvaranie-profilov-a-zacistovanie-rohov","8":"first","9":"instock","10":"product-type-simple"},"yoast_head":"<!-- This site is optimized with the Yoast SEO plugin v27.4 - https:\/\/yoast.com\/product\/yoast-seo-wordpress\/ -->\n<title>APH-1LV - CNC Za\u010dis\u0165ovac\u00ed automat - Pressta Eisele \u010cS<\/title>\n<meta name=\"robots\" content=\"index, follow, max-snippet:-1, max-image-preview:large, max-video-preview:-1\" \/>\n<link rel=\"canonical\" href=\"https:\/\/www.pressta-eisele.eu\/hu\/produkt\/aph-1lv-cnc-zacistovaci-automat\/\" \/>\n<meta property=\"og:locale\" content=\"hu_HU\" \/>\n<meta property=\"og:type\" content=\"article\" \/>\n<meta property=\"og:title\" content=\"APH-1LV - CNC Za\u010dis\u0165ovac\u00ed automat - Pressta Eisele \u010cS\" \/>\n<meta property=\"og:description\" content=\"Ur\u010den\u00e9 pre r\u00fdchle a prec\u00edzne automatick\u00e9 opracovanie PVC uhlovo  rozmanit\u00fdch rohov\u00fdch spojov v ne\u0161tandardnej okennej produkcii.  Uhlov\u00fd rozsah opracovania 300 - 1600, pri \u0161\u00edrke profilu max. 130 mm,  v\u00fd\u0161ke profilu max. 180 mm  Polohovanie agreg\u00e1tov s vyu\u017eit\u00edm najnov\u0161\u00edch line\u00e1rnych technol\u00f3gi\u00ed  Plne automatick\u00e9 zoradenie stroja na uhol alebo obl\u00fak, ako re\u017eim  priameho z\u00e1pisu, alebo prevzat\u00edm \u00fadajov z d\u00e1tovej vety  \u0160irok\u00e1 variabilita pre osadenie stroja r\u00f4znymi n\u00e1strojov\u00fdmi kombin\u00e1ciami,  miesto a\u017e pre 22 agreg\u00e1tov osaden\u00fdch n\u00e1strojmi  Modern\u00e1 riadiaca technol\u00f3gia na Windows-b\u00e1ze  Patentom chr\u00e1nen\u00fd vizualiza\u010dn\u00fd program, umo\u017e\u0148uj\u00faci z\u00e1pis programov  opracovania bez znalosti CNC\" \/>\n<meta property=\"og:url\" content=\"https:\/\/www.pressta-eisele.eu\/hu\/produkt\/aph-1lv-cnc-zacistovaci-automat\/\" \/>\n<meta property=\"og:site_name\" content=\"Pressta Eisele \u010cS\" \/>\n<meta property=\"article:modified_time\" content=\"2021-01-31T20:25:41+00:00\" \/>\n<meta property=\"og:image\" content=\"https:\/\/www.pressta-eisele.eu\/wp-content\/uploads\/2021\/01\/236aph.jpg\" \/>\n\t<meta property=\"og:image:width\" content=\"500\" \/>\n\t<meta property=\"og:image:height\" content=\"375\" \/>\n\t<meta property=\"og:image:type\" content=\"image\/jpeg\" \/>\n<meta name=\"twitter:card\" content=\"summary_large_image\" \/>\n<script type=\"application\/ld+json\" class=\"yoast-schema-graph\">{\"@context\":\"https:\\\/\\\/schema.org\",\"@graph\":[{\"@type\":\"WebPage\",\"@id\":\"https:\\\/\\\/www.pressta-eisele.eu\\\/hu\\\/produkt\\\/aph-1lv-cnc-zacistovaci-automat\\\/\",\"url\":\"https:\\\/\\\/www.pressta-eisele.eu\\\/hu\\\/produkt\\\/aph-1lv-cnc-zacistovaci-automat\\\/\",\"name\":\"APH-1LV - CNC Za\u010dis\u0165ovac\u00ed automat - Pressta Eisele \u010cS\",\"isPartOf\":{\"@id\":\"https:\\\/\\\/www.pressta-eisele.eu\\\/hu\\\/#website\"},\"primaryImageOfPage\":{\"@id\":\"https:\\\/\\\/www.pressta-eisele.eu\\\/hu\\\/produkt\\\/aph-1lv-cnc-zacistovaci-automat\\\/#primaryimage\"},\"image\":{\"@id\":\"https:\\\/\\\/www.pressta-eisele.eu\\\/hu\\\/produkt\\\/aph-1lv-cnc-zacistovaci-automat\\\/#primaryimage\"},\"thumbnailUrl\":\"https:\\\/\\\/www.pressta-eisele.eu\\\/wp-content\\\/uploads\\\/2021\\\/01\\\/236aph.jpg\",\"datePublished\":\"2021-01-31T18:42:48+00:00\",\"dateModified\":\"2021-01-31T20:25:41+00:00\",\"breadcrumb\":{\"@id\":\"https:\\\/\\\/www.pressta-eisele.eu\\\/hu\\\/produkt\\\/aph-1lv-cnc-zacistovaci-automat\\\/#breadcrumb\"},\"inLanguage\":\"hu\",\"potentialAction\":[{\"@type\":\"ReadAction\",\"target\":[\"https:\\\/\\\/www.pressta-eisele.eu\\\/hu\\\/produkt\\\/aph-1lv-cnc-zacistovaci-automat\\\/\"]}]},{\"@type\":\"ImageObject\",\"inLanguage\":\"hu\",\"@id\":\"https:\\\/\\\/www.pressta-eisele.eu\\\/hu\\\/produkt\\\/aph-1lv-cnc-zacistovaci-automat\\\/#primaryimage\",\"url\":\"https:\\\/\\\/www.pressta-eisele.eu\\\/wp-content\\\/uploads\\\/2021\\\/01\\\/236aph.jpg\",\"contentUrl\":\"https:\\\/\\\/www.pressta-eisele.eu\\\/wp-content\\\/uploads\\\/2021\\\/01\\\/236aph.jpg\",\"width\":500,\"height\":375,\"caption\":\"APH-1LV - CNC Za\u010dis\u0165ovac\u00ed automat\"},{\"@type\":\"BreadcrumbList\",\"@id\":\"https:\\\/\\\/www.pressta-eisele.eu\\\/hu\\\/produkt\\\/aph-1lv-cnc-zacistovaci-automat\\\/#breadcrumb\",\"itemListElement\":[{\"@type\":\"ListItem\",\"position\":1,\"name\":\"Home\",\"item\":\"https:\\\/\\\/www.pressta-eisele.eu\\\/hu\\\/\"},{\"@type\":\"ListItem\",\"position\":2,\"name\":\"Shop\",\"item\":\"https:\\\/\\\/www.pressta-eisele.eu\\\/hu\\\/shop\\\/\"},{\"@type\":\"ListItem\",\"position\":3,\"name\":\"APH-1LV &#8211; CNC Za\u010dis\u0165ovac\u00ed automat\"}]},{\"@type\":\"WebSite\",\"@id\":\"https:\\\/\\\/www.pressta-eisele.eu\\\/hu\\\/#website\",\"url\":\"https:\\\/\\\/www.pressta-eisele.eu\\\/hu\\\/\",\"name\":\"Pressta Eisele \u010cS\",\"description\":\"Vitajte vo svete produktivity\",\"publisher\":{\"@id\":\"https:\\\/\\\/www.pressta-eisele.eu\\\/hu\\\/#organization\"},\"potentialAction\":[{\"@type\":\"SearchAction\",\"target\":{\"@type\":\"EntryPoint\",\"urlTemplate\":\"https:\\\/\\\/www.pressta-eisele.eu\\\/hu\\\/?s={search_term_string}\"},\"query-input\":{\"@type\":\"PropertyValueSpecification\",\"valueRequired\":true,\"valueName\":\"search_term_string\"}}],\"inLanguage\":\"hu\"},{\"@type\":\"Organization\",\"@id\":\"https:\\\/\\\/www.pressta-eisele.eu\\\/hu\\\/#organization\",\"name\":\"Pressta Eisele \u010cS\",\"url\":\"https:\\\/\\\/www.pressta-eisele.eu\\\/hu\\\/\",\"logo\":{\"@type\":\"ImageObject\",\"inLanguage\":\"hu\",\"@id\":\"https:\\\/\\\/www.pressta-eisele.eu\\\/hu\\\/#\\\/schema\\\/logo\\\/image\\\/\",\"url\":\"https:\\\/\\\/www.pressta-eisele.eu\\\/wp-content\\\/uploads\\\/2020\\\/11\\\/pressta-logo-01v.svg\",\"contentUrl\":\"https:\\\/\\\/www.pressta-eisele.eu\\\/wp-content\\\/uploads\\\/2020\\\/11\\\/pressta-logo-01v.svg\",\"caption\":\"Pressta Eisele \u010cS\"},\"image\":{\"@id\":\"https:\\\/\\\/www.pressta-eisele.eu\\\/hu\\\/#\\\/schema\\\/logo\\\/image\\\/\"}}]}<\/script>\n<!-- \/ Yoast SEO plugin. -->","yoast_head_json":{"title":"APH-1LV - CNC Za\u010dis\u0165ovac\u00ed automat - Pressta Eisele \u010cS","robots":{"index":"index","follow":"follow","max-snippet":"max-snippet:-1","max-image-preview":"max-image-preview:large","max-video-preview":"max-video-preview:-1"},"canonical":"https:\/\/www.pressta-eisele.eu\/hu\/produkt\/aph-1lv-cnc-zacistovaci-automat\/","og_locale":"hu_HU","og_type":"article","og_title":"APH-1LV - CNC Za\u010dis\u0165ovac\u00ed automat - Pressta Eisele \u010cS","og_description":"Ur\u010den\u00e9 pre r\u00fdchle a prec\u00edzne automatick\u00e9 opracovanie PVC uhlovo  rozmanit\u00fdch rohov\u00fdch spojov v ne\u0161tandardnej okennej produkcii.  Uhlov\u00fd rozsah opracovania 300 - 1600, pri \u0161\u00edrke profilu max. 130 mm,  v\u00fd\u0161ke profilu max. 180 mm  Polohovanie agreg\u00e1tov s vyu\u017eit\u00edm najnov\u0161\u00edch line\u00e1rnych technol\u00f3gi\u00ed  Plne automatick\u00e9 zoradenie stroja na uhol alebo obl\u00fak, ako re\u017eim  priameho z\u00e1pisu, alebo prevzat\u00edm \u00fadajov z d\u00e1tovej vety  \u0160irok\u00e1 variabilita pre osadenie stroja r\u00f4znymi n\u00e1strojov\u00fdmi kombin\u00e1ciami,  miesto a\u017e pre 22 agreg\u00e1tov osaden\u00fdch n\u00e1strojmi  Modern\u00e1 riadiaca technol\u00f3gia na Windows-b\u00e1ze  Patentom chr\u00e1nen\u00fd vizualiza\u010dn\u00fd program, umo\u017e\u0148uj\u00faci z\u00e1pis programov  opracovania bez znalosti CNC","og_url":"https:\/\/www.pressta-eisele.eu\/hu\/produkt\/aph-1lv-cnc-zacistovaci-automat\/","og_site_name":"Pressta Eisele \u010cS","article_modified_time":"2021-01-31T20:25:41+00:00","og_image":[{"width":500,"height":375,"url":"https:\/\/www.pressta-eisele.eu\/wp-content\/uploads\/2021\/01\/236aph.jpg","type":"image\/jpeg"}],"twitter_card":"summary_large_image","schema":{"@context":"https:\/\/schema.org","@graph":[{"@type":"WebPage","@id":"https:\/\/www.pressta-eisele.eu\/hu\/produkt\/aph-1lv-cnc-zacistovaci-automat\/","url":"https:\/\/www.pressta-eisele.eu\/hu\/produkt\/aph-1lv-cnc-zacistovaci-automat\/","name":"APH-1LV - CNC Za\u010dis\u0165ovac\u00ed automat - Pressta Eisele \u010cS","isPartOf":{"@id":"https:\/\/www.pressta-eisele.eu\/hu\/#website"},"primaryImageOfPage":{"@id":"https:\/\/www.pressta-eisele.eu\/hu\/produkt\/aph-1lv-cnc-zacistovaci-automat\/#primaryimage"},"image":{"@id":"https:\/\/www.pressta-eisele.eu\/hu\/produkt\/aph-1lv-cnc-zacistovaci-automat\/#primaryimage"},"thumbnailUrl":"https:\/\/www.pressta-eisele.eu\/wp-content\/uploads\/2021\/01\/236aph.jpg","datePublished":"2021-01-31T18:42:48+00:00","dateModified":"2021-01-31T20:25:41+00:00","breadcrumb":{"@id":"https:\/\/www.pressta-eisele.eu\/hu\/produkt\/aph-1lv-cnc-zacistovaci-automat\/#breadcrumb"},"inLanguage":"hu","potentialAction":[{"@type":"ReadAction","target":["https:\/\/www.pressta-eisele.eu\/hu\/produkt\/aph-1lv-cnc-zacistovaci-automat\/"]}]},{"@type":"ImageObject","inLanguage":"hu","@id":"https:\/\/www.pressta-eisele.eu\/hu\/produkt\/aph-1lv-cnc-zacistovaci-automat\/#primaryimage","url":"https:\/\/www.pressta-eisele.eu\/wp-content\/uploads\/2021\/01\/236aph.jpg","contentUrl":"https:\/\/www.pressta-eisele.eu\/wp-content\/uploads\/2021\/01\/236aph.jpg","width":500,"height":375,"caption":"APH-1LV - CNC Za\u010dis\u0165ovac\u00ed automat"},{"@type":"BreadcrumbList","@id":"https:\/\/www.pressta-eisele.eu\/hu\/produkt\/aph-1lv-cnc-zacistovaci-automat\/#breadcrumb","itemListElement":[{"@type":"ListItem","position":1,"name":"Home","item":"https:\/\/www.pressta-eisele.eu\/hu\/"},{"@type":"ListItem","position":2,"name":"Shop","item":"https:\/\/www.pressta-eisele.eu\/hu\/shop\/"},{"@type":"ListItem","position":3,"name":"APH-1LV &#8211; CNC Za\u010dis\u0165ovac\u00ed automat"}]},{"@type":"WebSite","@id":"https:\/\/www.pressta-eisele.eu\/hu\/#website","url":"https:\/\/www.pressta-eisele.eu\/hu\/","name":"Pressta Eisele \u010cS","description":"Vitajte vo svete produktivity","publisher":{"@id":"https:\/\/www.pressta-eisele.eu\/hu\/#organization"},"potentialAction":[{"@type":"SearchAction","target":{"@type":"EntryPoint","urlTemplate":"https:\/\/www.pressta-eisele.eu\/hu\/?s={search_term_string}"},"query-input":{"@type":"PropertyValueSpecification","valueRequired":true,"valueName":"search_term_string"}}],"inLanguage":"hu"},{"@type":"Organization","@id":"https:\/\/www.pressta-eisele.eu\/hu\/#organization","name":"Pressta Eisele \u010cS","url":"https:\/\/www.pressta-eisele.eu\/hu\/","logo":{"@type":"ImageObject","inLanguage":"hu","@id":"https:\/\/www.pressta-eisele.eu\/hu\/#\/schema\/logo\/image\/","url":"https:\/\/www.pressta-eisele.eu\/wp-content\/uploads\/2020\/11\/pressta-logo-01v.svg","contentUrl":"https:\/\/www.pressta-eisele.eu\/wp-content\/uploads\/2020\/11\/pressta-logo-01v.svg","caption":"Pressta Eisele \u010cS"},"image":{"@id":"https:\/\/www.pressta-eisele.eu\/hu\/#\/schema\/logo\/image\/"}}]}},"jetpack_sharing_enabled":true,"_links":{"self":[{"href":"https:\/\/www.pressta-eisele.eu\/hu\/wp-json\/wp\/v2\/product\/1086","targetHints":{"allow":["GET"]}}],"collection":[{"href":"https:\/\/www.pressta-eisele.eu\/hu\/wp-json\/wp\/v2\/product"}],"about":[{"href":"https:\/\/www.pressta-eisele.eu\/hu\/wp-json\/wp\/v2\/types\/product"}],"replies":[{"embeddable":true,"href":"https:\/\/www.pressta-eisele.eu\/hu\/wp-json\/wp\/v2\/comments?post=1086"}],"wp:featuredmedia":[{"embeddable":true,"href":"https:\/\/www.pressta-eisele.eu\/hu\/wp-json\/wp\/v2\/media\/1087"}],"wp:attachment":[{"href":"https:\/\/www.pressta-eisele.eu\/hu\/wp-json\/wp\/v2\/media?parent=1086"}],"wp:term":[{"taxonomy":"product_brand","embeddable":true,"href":"https:\/\/www.pressta-eisele.eu\/hu\/wp-json\/wp\/v2\/product_brand?post=1086"},{"taxonomy":"product_cat","embeddable":true,"href":"https:\/\/www.pressta-eisele.eu\/hu\/wp-json\/wp\/v2\/product_cat?post=1086"},{"taxonomy":"product_tag","embeddable":true,"href":"https:\/\/www.pressta-eisele.eu\/hu\/wp-json\/wp\/v2\/product_tag?post=1086"}],"curies":[{"name":"wp","href":"https:\/\/api.w.org\/{rel}","templated":true}]}}