{"id":1081,"date":"2021-01-31T19:42:48","date_gmt":"2021-01-31T18:42:48","guid":{"rendered":"https:\/\/www.pressta-eisele.eu\/produkt\/podvesna-draha-s-vakuovym-manipulatorom\/"},"modified":"2021-01-31T22:13:33","modified_gmt":"2021-01-31T21:13:33","slug":"podvesna-draha-s-vakuovym-manipulatorom","status":"publish","type":"product","link":"https:\/\/www.pressta-eisele.eu\/hu\/produkt\/podvesna-draha-s-vakuovym-manipulatorom\/","title":{"rendered":"&#8211; Podvesn\u00e1 dr\u00e1ha s v\u00e1kuov\u00fdm manipul\u00e1torom"},"content":{"rendered":"","protected":false},"excerpt":{"rendered":"<p>  Podvesn\u00e1 dr\u00e1ha:<\/p>\n<ul>\n<li>  Oce\u013eov\u00e1 kon\u0161trukcia podchodn\u00e1 zo v\u0161etk\u00fdch str\u00e1n<\/li>\n<li>Variabilita rozmerov, mo\u017enos\u0165 dodato\u010dn\u00e9ho pripojenia  \u010fal\u0161\u00edch sekc\u00ed\u00ed<\/li>\n<li>Syst\u00e9m ko\u013eajn\u00edc s  uzavret\u00fdm profilom<\/li>\n<li>Mo\u017enos\u0165 osadenia viacer\u00fdch mostov  <\/li>\n<\/ul>\n<p>V\u00e1kuov\u00fd manipul\u00e1tor:<\/p>\n<ul>\n<li>Jednoduch\u00e1 obsluha &#8211; preh\u013eadn\u00e9 ovl\u00e1dacie prvky<\/li>\n<li>Rozmern\u00e9 rukov\u00e4te &#8211; komfortn\u00e1 manipul\u00e1cia s bremenom<\/li>\n<li>Mal\u00e9 rozmery a n\u00edzka hmotnos\u0165 manipul\u00e1tora<\/li>\n<li>V\u00e1kuov\u00fd syst\u00e9m s riaden\u00fdm vyp\u00ednan\u00edm ejektora &#8211; \u0161etr\u00ed spotrebu  stla\u010den\u00e9ho vzduchu<\/li>\n<li>Integrovan\u00fd syst\u00e9m r\u00fdchleho odsatia bremena<\/li>\n<li>Bez\u00fadr\u017ebov\u00e1 prev\u00e1dzka<\/li>\n<li>Odn\u00edmate\u013en\u00fd ovl\u00e1da\u010d kladkostroja &#8211; mo\u017enos\u0165 ovl\u00e1dania  zdvihu aj z in\u00fdchpoz\u00edci\u00ed napr. pri rozmernej\u0161\u00edch skl\u00e1ch<\/li>\n<\/ul>\n","protected":false},"featured_media":1082,"comment_status":"closed","ping_status":"open","template":"","meta":{"_monsterinsights_skip_tracking":false,"_monsterinsights_sitenote_active":false,"_monsterinsights_sitenote_note":"","_monsterinsights_sitenote_category":0},"product_brand":[],"product_cat":[35],"product_tag":[],"class_list":{"0":"post-1081","1":"product","2":"type-product","3":"status-publish","4":"has-post-thumbnail","6":"product_cat-specialne-zariadenia-stroje-pre-pvc","8":"first","9":"instock","10":"product-type-simple"},"yoast_head":"<!-- This site is optimized with the Yoast SEO plugin v27.4 - https:\/\/yoast.com\/product\/yoast-seo-wordpress\/ -->\n<title>- Podvesn\u00e1 dr\u00e1ha s v\u00e1kuov\u00fdm manipul\u00e1torom - Pressta Eisele \u010cS<\/title>\n<meta name=\"robots\" content=\"index, follow, max-snippet:-1, max-image-preview:large, max-video-preview:-1\" \/>\n<link rel=\"canonical\" href=\"https:\/\/www.pressta-eisele.eu\/hu\/produkt\/podvesna-draha-s-vakuovym-manipulatorom\/\" \/>\n<meta property=\"og:locale\" content=\"hu_HU\" \/>\n<meta property=\"og:type\" content=\"article\" \/>\n<meta property=\"og:title\" content=\"- Podvesn\u00e1 dr\u00e1ha s v\u00e1kuov\u00fdm manipul\u00e1torom - Pressta Eisele \u010cS\" \/>\n<meta property=\"og:description\" content=\"Podvesn\u00e1 dr\u00e1ha:  Oce\u013eov\u00e1 kon\u0161trukcia podchodn\u00e1 zo v\u0161etk\u00fdch str\u00e1nVariabilita rozmerov, mo\u017enos\u0165 dodato\u010dn\u00e9ho pripojenia \u010fal\u0161\u00edch sekc\u00ed\u00edSyst\u00e9m ko\u013eajn\u00edc s uzavret\u00fdm profilomMo\u017enos\u0165 osadenia viacer\u00fdch mostov V\u00e1kuov\u00fd manipul\u00e1tor: Jednoduch\u00e1 obsluha - preh\u013eadn\u00e9 ovl\u00e1dacie prvkyRozmern\u00e9 rukov\u00e4te - komfortn\u00e1 manipul\u00e1cia s bremenomMal\u00e9 rozmery a n\u00edzka hmotnos\u0165 manipul\u00e1toraV\u00e1kuov\u00fd syst\u00e9m s riaden\u00fdm vyp\u00ednan\u00edm ejektora - \u0161etr\u00ed spotrebu stla\u010den\u00e9ho vzduchuIntegrovan\u00fd syst\u00e9m r\u00fdchleho odsatia bremenaBez\u00fadr\u017ebov\u00e1 prev\u00e1dzkaOdn\u00edmate\u013en\u00fd ovl\u00e1da\u010d kladkostroja - mo\u017enos\u0165 ovl\u00e1dania zdvihu aj z in\u00fdchpoz\u00edci\u00ed napr. pri rozmernej\u0161\u00edch skl\u00e1ch\" \/>\n<meta property=\"og:url\" content=\"https:\/\/www.pressta-eisele.eu\/hu\/produkt\/podvesna-draha-s-vakuovym-manipulatorom\/\" \/>\n<meta property=\"og:site_name\" content=\"Pressta Eisele \u010cS\" \/>\n<meta property=\"article:modified_time\" content=\"2021-01-31T21:13:33+00:00\" \/>\n<meta property=\"og:image\" content=\"https:\/\/www.pressta-eisele.eu\/wp-content\/uploads\/2021\/01\/235vakman.jpg\" \/>\n\t<meta property=\"og:image:width\" content=\"500\" \/>\n\t<meta property=\"og:image:height\" content=\"251\" \/>\n\t<meta property=\"og:image:type\" content=\"image\/jpeg\" \/>\n<meta name=\"twitter:card\" content=\"summary_large_image\" \/>\n<script type=\"application\/ld+json\" class=\"yoast-schema-graph\">{\"@context\":\"https:\\\/\\\/schema.org\",\"@graph\":[{\"@type\":\"WebPage\",\"@id\":\"https:\\\/\\\/www.pressta-eisele.eu\\\/hu\\\/produkt\\\/podvesna-draha-s-vakuovym-manipulatorom\\\/\",\"url\":\"https:\\\/\\\/www.pressta-eisele.eu\\\/hu\\\/produkt\\\/podvesna-draha-s-vakuovym-manipulatorom\\\/\",\"name\":\"- Podvesn\u00e1 dr\u00e1ha s v\u00e1kuov\u00fdm manipul\u00e1torom - Pressta Eisele \u010cS\",\"isPartOf\":{\"@id\":\"https:\\\/\\\/www.pressta-eisele.eu\\\/hu\\\/#website\"},\"primaryImageOfPage\":{\"@id\":\"https:\\\/\\\/www.pressta-eisele.eu\\\/hu\\\/produkt\\\/podvesna-draha-s-vakuovym-manipulatorom\\\/#primaryimage\"},\"image\":{\"@id\":\"https:\\\/\\\/www.pressta-eisele.eu\\\/hu\\\/produkt\\\/podvesna-draha-s-vakuovym-manipulatorom\\\/#primaryimage\"},\"thumbnailUrl\":\"https:\\\/\\\/www.pressta-eisele.eu\\\/wp-content\\\/uploads\\\/2021\\\/01\\\/235vakman.jpg\",\"datePublished\":\"2021-01-31T18:42:48+00:00\",\"dateModified\":\"2021-01-31T21:13:33+00:00\",\"breadcrumb\":{\"@id\":\"https:\\\/\\\/www.pressta-eisele.eu\\\/hu\\\/produkt\\\/podvesna-draha-s-vakuovym-manipulatorom\\\/#breadcrumb\"},\"inLanguage\":\"hu\",\"potentialAction\":[{\"@type\":\"ReadAction\",\"target\":[\"https:\\\/\\\/www.pressta-eisele.eu\\\/hu\\\/produkt\\\/podvesna-draha-s-vakuovym-manipulatorom\\\/\"]}]},{\"@type\":\"ImageObject\",\"inLanguage\":\"hu\",\"@id\":\"https:\\\/\\\/www.pressta-eisele.eu\\\/hu\\\/produkt\\\/podvesna-draha-s-vakuovym-manipulatorom\\\/#primaryimage\",\"url\":\"https:\\\/\\\/www.pressta-eisele.eu\\\/wp-content\\\/uploads\\\/2021\\\/01\\\/235vakman.jpg\",\"contentUrl\":\"https:\\\/\\\/www.pressta-eisele.eu\\\/wp-content\\\/uploads\\\/2021\\\/01\\\/235vakman.jpg\",\"width\":500,\"height\":251,\"caption\":\"- Podvesn\u00e1 dr\u00e1ha s v\u00e1kuov\u00fdm manipul\u00e1torom\"},{\"@type\":\"BreadcrumbList\",\"@id\":\"https:\\\/\\\/www.pressta-eisele.eu\\\/hu\\\/produkt\\\/podvesna-draha-s-vakuovym-manipulatorom\\\/#breadcrumb\",\"itemListElement\":[{\"@type\":\"ListItem\",\"position\":1,\"name\":\"Home\",\"item\":\"https:\\\/\\\/www.pressta-eisele.eu\\\/hu\\\/\"},{\"@type\":\"ListItem\",\"position\":2,\"name\":\"Shop\",\"item\":\"https:\\\/\\\/www.pressta-eisele.eu\\\/hu\\\/shop\\\/\"},{\"@type\":\"ListItem\",\"position\":3,\"name\":\"&#8211; Podvesn\u00e1 dr\u00e1ha s v\u00e1kuov\u00fdm manipul\u00e1torom\"}]},{\"@type\":\"WebSite\",\"@id\":\"https:\\\/\\\/www.pressta-eisele.eu\\\/hu\\\/#website\",\"url\":\"https:\\\/\\\/www.pressta-eisele.eu\\\/hu\\\/\",\"name\":\"Pressta Eisele \u010cS\",\"description\":\"Vitajte vo svete produktivity\",\"publisher\":{\"@id\":\"https:\\\/\\\/www.pressta-eisele.eu\\\/hu\\\/#organization\"},\"potentialAction\":[{\"@type\":\"SearchAction\",\"target\":{\"@type\":\"EntryPoint\",\"urlTemplate\":\"https:\\\/\\\/www.pressta-eisele.eu\\\/hu\\\/?s={search_term_string}\"},\"query-input\":{\"@type\":\"PropertyValueSpecification\",\"valueRequired\":true,\"valueName\":\"search_term_string\"}}],\"inLanguage\":\"hu\"},{\"@type\":\"Organization\",\"@id\":\"https:\\\/\\\/www.pressta-eisele.eu\\\/hu\\\/#organization\",\"name\":\"Pressta Eisele \u010cS\",\"url\":\"https:\\\/\\\/www.pressta-eisele.eu\\\/hu\\\/\",\"logo\":{\"@type\":\"ImageObject\",\"inLanguage\":\"hu\",\"@id\":\"https:\\\/\\\/www.pressta-eisele.eu\\\/hu\\\/#\\\/schema\\\/logo\\\/image\\\/\",\"url\":\"https:\\\/\\\/www.pressta-eisele.eu\\\/wp-content\\\/uploads\\\/2020\\\/11\\\/pressta-logo-01v.svg\",\"contentUrl\":\"https:\\\/\\\/www.pressta-eisele.eu\\\/wp-content\\\/uploads\\\/2020\\\/11\\\/pressta-logo-01v.svg\",\"caption\":\"Pressta Eisele \u010cS\"},\"image\":{\"@id\":\"https:\\\/\\\/www.pressta-eisele.eu\\\/hu\\\/#\\\/schema\\\/logo\\\/image\\\/\"}}]}<\/script>\n<!-- \/ Yoast SEO plugin. -->","yoast_head_json":{"title":"- Podvesn\u00e1 dr\u00e1ha s v\u00e1kuov\u00fdm manipul\u00e1torom - Pressta Eisele \u010cS","robots":{"index":"index","follow":"follow","max-snippet":"max-snippet:-1","max-image-preview":"max-image-preview:large","max-video-preview":"max-video-preview:-1"},"canonical":"https:\/\/www.pressta-eisele.eu\/hu\/produkt\/podvesna-draha-s-vakuovym-manipulatorom\/","og_locale":"hu_HU","og_type":"article","og_title":"- Podvesn\u00e1 dr\u00e1ha s v\u00e1kuov\u00fdm manipul\u00e1torom - Pressta Eisele \u010cS","og_description":"Podvesn\u00e1 dr\u00e1ha:  Oce\u013eov\u00e1 kon\u0161trukcia podchodn\u00e1 zo v\u0161etk\u00fdch str\u00e1nVariabilita rozmerov, mo\u017enos\u0165 dodato\u010dn\u00e9ho pripojenia \u010fal\u0161\u00edch sekc\u00ed\u00edSyst\u00e9m ko\u013eajn\u00edc s uzavret\u00fdm profilomMo\u017enos\u0165 osadenia viacer\u00fdch mostov V\u00e1kuov\u00fd manipul\u00e1tor: Jednoduch\u00e1 obsluha - preh\u013eadn\u00e9 ovl\u00e1dacie prvkyRozmern\u00e9 rukov\u00e4te - komfortn\u00e1 manipul\u00e1cia s bremenomMal\u00e9 rozmery a n\u00edzka hmotnos\u0165 manipul\u00e1toraV\u00e1kuov\u00fd syst\u00e9m s riaden\u00fdm vyp\u00ednan\u00edm ejektora - \u0161etr\u00ed spotrebu stla\u010den\u00e9ho vzduchuIntegrovan\u00fd syst\u00e9m r\u00fdchleho odsatia bremenaBez\u00fadr\u017ebov\u00e1 prev\u00e1dzkaOdn\u00edmate\u013en\u00fd ovl\u00e1da\u010d kladkostroja - mo\u017enos\u0165 ovl\u00e1dania zdvihu aj z in\u00fdchpoz\u00edci\u00ed napr. pri rozmernej\u0161\u00edch skl\u00e1ch","og_url":"https:\/\/www.pressta-eisele.eu\/hu\/produkt\/podvesna-draha-s-vakuovym-manipulatorom\/","og_site_name":"Pressta Eisele \u010cS","article_modified_time":"2021-01-31T21:13:33+00:00","og_image":[{"width":500,"height":251,"url":"https:\/\/www.pressta-eisele.eu\/wp-content\/uploads\/2021\/01\/235vakman.jpg","type":"image\/jpeg"}],"twitter_card":"summary_large_image","schema":{"@context":"https:\/\/schema.org","@graph":[{"@type":"WebPage","@id":"https:\/\/www.pressta-eisele.eu\/hu\/produkt\/podvesna-draha-s-vakuovym-manipulatorom\/","url":"https:\/\/www.pressta-eisele.eu\/hu\/produkt\/podvesna-draha-s-vakuovym-manipulatorom\/","name":"- Podvesn\u00e1 dr\u00e1ha s v\u00e1kuov\u00fdm manipul\u00e1torom - Pressta Eisele \u010cS","isPartOf":{"@id":"https:\/\/www.pressta-eisele.eu\/hu\/#website"},"primaryImageOfPage":{"@id":"https:\/\/www.pressta-eisele.eu\/hu\/produkt\/podvesna-draha-s-vakuovym-manipulatorom\/#primaryimage"},"image":{"@id":"https:\/\/www.pressta-eisele.eu\/hu\/produkt\/podvesna-draha-s-vakuovym-manipulatorom\/#primaryimage"},"thumbnailUrl":"https:\/\/www.pressta-eisele.eu\/wp-content\/uploads\/2021\/01\/235vakman.jpg","datePublished":"2021-01-31T18:42:48+00:00","dateModified":"2021-01-31T21:13:33+00:00","breadcrumb":{"@id":"https:\/\/www.pressta-eisele.eu\/hu\/produkt\/podvesna-draha-s-vakuovym-manipulatorom\/#breadcrumb"},"inLanguage":"hu","potentialAction":[{"@type":"ReadAction","target":["https:\/\/www.pressta-eisele.eu\/hu\/produkt\/podvesna-draha-s-vakuovym-manipulatorom\/"]}]},{"@type":"ImageObject","inLanguage":"hu","@id":"https:\/\/www.pressta-eisele.eu\/hu\/produkt\/podvesna-draha-s-vakuovym-manipulatorom\/#primaryimage","url":"https:\/\/www.pressta-eisele.eu\/wp-content\/uploads\/2021\/01\/235vakman.jpg","contentUrl":"https:\/\/www.pressta-eisele.eu\/wp-content\/uploads\/2021\/01\/235vakman.jpg","width":500,"height":251,"caption":"- Podvesn\u00e1 dr\u00e1ha s v\u00e1kuov\u00fdm manipul\u00e1torom"},{"@type":"BreadcrumbList","@id":"https:\/\/www.pressta-eisele.eu\/hu\/produkt\/podvesna-draha-s-vakuovym-manipulatorom\/#breadcrumb","itemListElement":[{"@type":"ListItem","position":1,"name":"Home","item":"https:\/\/www.pressta-eisele.eu\/hu\/"},{"@type":"ListItem","position":2,"name":"Shop","item":"https:\/\/www.pressta-eisele.eu\/hu\/shop\/"},{"@type":"ListItem","position":3,"name":"&#8211; Podvesn\u00e1 dr\u00e1ha s v\u00e1kuov\u00fdm manipul\u00e1torom"}]},{"@type":"WebSite","@id":"https:\/\/www.pressta-eisele.eu\/hu\/#website","url":"https:\/\/www.pressta-eisele.eu\/hu\/","name":"Pressta Eisele \u010cS","description":"Vitajte vo svete produktivity","publisher":{"@id":"https:\/\/www.pressta-eisele.eu\/hu\/#organization"},"potentialAction":[{"@type":"SearchAction","target":{"@type":"EntryPoint","urlTemplate":"https:\/\/www.pressta-eisele.eu\/hu\/?s={search_term_string}"},"query-input":{"@type":"PropertyValueSpecification","valueRequired":true,"valueName":"search_term_string"}}],"inLanguage":"hu"},{"@type":"Organization","@id":"https:\/\/www.pressta-eisele.eu\/hu\/#organization","name":"Pressta Eisele \u010cS","url":"https:\/\/www.pressta-eisele.eu\/hu\/","logo":{"@type":"ImageObject","inLanguage":"hu","@id":"https:\/\/www.pressta-eisele.eu\/hu\/#\/schema\/logo\/image\/","url":"https:\/\/www.pressta-eisele.eu\/wp-content\/uploads\/2020\/11\/pressta-logo-01v.svg","contentUrl":"https:\/\/www.pressta-eisele.eu\/wp-content\/uploads\/2020\/11\/pressta-logo-01v.svg","caption":"Pressta Eisele \u010cS"},"image":{"@id":"https:\/\/www.pressta-eisele.eu\/hu\/#\/schema\/logo\/image\/"}}]}},"jetpack_sharing_enabled":true,"_links":{"self":[{"href":"https:\/\/www.pressta-eisele.eu\/hu\/wp-json\/wp\/v2\/product\/1081","targetHints":{"allow":["GET"]}}],"collection":[{"href":"https:\/\/www.pressta-eisele.eu\/hu\/wp-json\/wp\/v2\/product"}],"about":[{"href":"https:\/\/www.pressta-eisele.eu\/hu\/wp-json\/wp\/v2\/types\/product"}],"replies":[{"embeddable":true,"href":"https:\/\/www.pressta-eisele.eu\/hu\/wp-json\/wp\/v2\/comments?post=1081"}],"wp:featuredmedia":[{"embeddable":true,"href":"https:\/\/www.pressta-eisele.eu\/hu\/wp-json\/wp\/v2\/media\/1082"}],"wp:attachment":[{"href":"https:\/\/www.pressta-eisele.eu\/hu\/wp-json\/wp\/v2\/media?parent=1081"}],"wp:term":[{"taxonomy":"product_brand","embeddable":true,"href":"https:\/\/www.pressta-eisele.eu\/hu\/wp-json\/wp\/v2\/product_brand?post=1081"},{"taxonomy":"product_cat","embeddable":true,"href":"https:\/\/www.pressta-eisele.eu\/hu\/wp-json\/wp\/v2\/product_cat?post=1081"},{"taxonomy":"product_tag","embeddable":true,"href":"https:\/\/www.pressta-eisele.eu\/hu\/wp-json\/wp\/v2\/product_tag?post=1081"}],"curies":[{"name":"wp","href":"https:\/\/api.w.org\/{rel}","templated":true}]}}