{"id":1041,"date":"2021-01-31T19:42:48","date_gmt":"2021-01-31T18:42:48","guid":{"rendered":"https:\/\/www.pressta-eisele.eu\/produkt\/triumph-os-em-elektromotoricka-vertikalna-transportna-stena\/"},"modified":"2021-01-31T22:09:33","modified_gmt":"2021-01-31T21:09:33","slug":"triumph-os-em-elektromotoricka-vertikalna-transportna-stena","status":"publish","type":"product","link":"https:\/\/www.pressta-eisele.eu\/hu\/produkt\/triumph-os-em-elektromotoricka-vertikalna-transportna-stena\/","title":{"rendered":"TRIUMPH OS EM &#8211; Elektromotorick\u00e1 vertik\u00e1lna transportn\u00e1 stena"},"content":{"rendered":"","protected":false},"excerpt":{"rendered":"<p>  Zariadenie vo\u013ene pripojite\u013en\u00e9 do uzlov a celkov modul\u00e1rnych  zariaden\u00ed skupiny EXPRES  a TRIUMPH\u00a0 ur\u010denej pre  plne automatick\u00fa vertik\u00e1lnu prepravu okenn\u00fdch a dvern\u00fdch r\u00e1mov vo v\u00fdrobn\u00fdch link\u00e1ch.<\/p>\n<ul>\n<li>   V z\u00e1vislosti od konfigur\u00e1cie, pln\u00ed \u00falohu pr\u00edjmu r\u00e1mov z  motoricky sklopn\u00e9ho transport    n\u00e9ho stola, \u00falohu kontinu\u00e1lneho riaden\u00e9ho transportu r\u00e1mov,  \u00falohu odovzdania  r\u00e1mov s navesen\u00fdmi kr\u00eddlami na vertik\u00e1lne motorick\u00e9 voz\u00edky.<\/li>\n<li> Mechanicky kon\u0161truovan\u00e9 pre rozsah prepravovan\u00fdch  elementov od 400 x 400     do 3 000 x 3 000 \/mm\/.<\/li>\n<li> Pou\u017eit\u00e9 prepravn\u00e9 p\u00e1sy z kateg\u00f3rie zv\u00fd\u0161en\u00e1 \u017eivotnos\u0165 &#8211;  ur\u010den\u00e9 pre trval\u00fa prev\u00e1dzku.<\/li>\n<\/ul>\n","protected":false},"featured_media":1042,"comment_status":"closed","ping_status":"open","template":"","meta":{"_monsterinsights_skip_tracking":false,"_monsterinsights_sitenote_active":false,"_monsterinsights_sitenote_note":"","_monsterinsights_sitenote_category":0},"product_brand":[],"product_cat":[36,37],"product_tag":[],"class_list":{"0":"post-1041","1":"product","2":"type-product","3":"status-publish","4":"has-post-thumbnail","6":"product_cat-manipulacne-zariadenia-zasklievacie-jednotky","7":"product_cat-montazne-stoly-kovacie-zariadenia-a-automaty","9":"first","10":"instock","11":"product-type-simple"},"yoast_head":"<!-- This site is optimized with the Yoast SEO plugin v27.5 - https:\/\/yoast.com\/product\/yoast-seo-wordpress\/ -->\n<title>TRIUMPH OS EM - Elektromotorick\u00e1 vertik\u00e1lna transportn\u00e1 stena - Pressta Eisele \u010cS<\/title>\n<meta name=\"robots\" content=\"index, follow, max-snippet:-1, max-image-preview:large, max-video-preview:-1\" \/>\n<link rel=\"canonical\" href=\"https:\/\/www.pressta-eisele.eu\/hu\/produkt\/triumph-os-em-elektromotoricka-vertikalna-transportna-stena\/\" \/>\n<meta property=\"og:locale\" content=\"hu_HU\" \/>\n<meta property=\"og:type\" content=\"article\" \/>\n<meta property=\"og:title\" content=\"TRIUMPH OS EM - Elektromotorick\u00e1 vertik\u00e1lna transportn\u00e1 stena - Pressta Eisele \u010cS\" \/>\n<meta property=\"og:description\" content=\"Zariadenie vo\u013ene pripojite\u013en\u00e9 do uzlov a celkov modul\u00e1rnych zariaden\u00ed skupiny EXPRES a TRIUMPH\u00a0 ur\u010denej pre plne automatick\u00fa vertik\u00e1lnu prepravu okenn\u00fdch a dvern\u00fdch r\u00e1mov vo v\u00fdrobn\u00fdch link\u00e1ch.   V z\u00e1vislosti od konfigur\u00e1cie, pln\u00ed \u00falohu pr\u00edjmu r\u00e1mov z motoricky sklopn\u00e9ho transport  n\u00e9ho stola, \u00falohu kontinu\u00e1lneho riaden\u00e9ho transportu r\u00e1mov, \u00falohu odovzdania r\u00e1mov s navesen\u00fdmi kr\u00eddlami na vertik\u00e1lne motorick\u00e9 voz\u00edky.  Mechanicky kon\u0161truovan\u00e9 pre rozsah prepravovan\u00fdch elementov od 400 x 400   do 3 000 x 3 000 \/mm\/.  Pou\u017eit\u00e9 prepravn\u00e9 p\u00e1sy z kateg\u00f3rie zv\u00fd\u0161en\u00e1 \u017eivotnos\u0165 - ur\u010den\u00e9 pre trval\u00fa prev\u00e1dzku.\" \/>\n<meta property=\"og:url\" content=\"https:\/\/www.pressta-eisele.eu\/hu\/produkt\/triumph-os-em-elektromotoricka-vertikalna-transportna-stena\/\" \/>\n<meta property=\"og:site_name\" content=\"Pressta Eisele \u010cS\" \/>\n<meta property=\"article:modified_time\" content=\"2021-01-31T21:09:33+00:00\" \/>\n<meta property=\"og:image\" content=\"https:\/\/www.pressta-eisele.eu\/wp-content\/uploads\/2021\/01\/224.jpg\" \/>\n\t<meta property=\"og:image:width\" content=\"523\" \/>\n\t<meta property=\"og:image:height\" content=\"700\" \/>\n\t<meta property=\"og:image:type\" content=\"image\/jpeg\" \/>\n<meta name=\"twitter:card\" content=\"summary_large_image\" \/>\n<script type=\"application\/ld+json\" class=\"yoast-schema-graph\">{\"@context\":\"https:\\\/\\\/schema.org\",\"@graph\":[{\"@type\":\"WebPage\",\"@id\":\"https:\\\/\\\/www.pressta-eisele.eu\\\/hu\\\/produkt\\\/triumph-os-em-elektromotoricka-vertikalna-transportna-stena\\\/\",\"url\":\"https:\\\/\\\/www.pressta-eisele.eu\\\/hu\\\/produkt\\\/triumph-os-em-elektromotoricka-vertikalna-transportna-stena\\\/\",\"name\":\"TRIUMPH OS EM - Elektromotorick\u00e1 vertik\u00e1lna transportn\u00e1 stena - Pressta Eisele \u010cS\",\"isPartOf\":{\"@id\":\"https:\\\/\\\/www.pressta-eisele.eu\\\/hu\\\/#website\"},\"primaryImageOfPage\":{\"@id\":\"https:\\\/\\\/www.pressta-eisele.eu\\\/hu\\\/produkt\\\/triumph-os-em-elektromotoricka-vertikalna-transportna-stena\\\/#primaryimage\"},\"image\":{\"@id\":\"https:\\\/\\\/www.pressta-eisele.eu\\\/hu\\\/produkt\\\/triumph-os-em-elektromotoricka-vertikalna-transportna-stena\\\/#primaryimage\"},\"thumbnailUrl\":\"https:\\\/\\\/www.pressta-eisele.eu\\\/wp-content\\\/uploads\\\/2021\\\/01\\\/224.jpg\",\"datePublished\":\"2021-01-31T18:42:48+00:00\",\"dateModified\":\"2021-01-31T21:09:33+00:00\",\"breadcrumb\":{\"@id\":\"https:\\\/\\\/www.pressta-eisele.eu\\\/hu\\\/produkt\\\/triumph-os-em-elektromotoricka-vertikalna-transportna-stena\\\/#breadcrumb\"},\"inLanguage\":\"hu\",\"potentialAction\":[{\"@type\":\"ReadAction\",\"target\":[\"https:\\\/\\\/www.pressta-eisele.eu\\\/hu\\\/produkt\\\/triumph-os-em-elektromotoricka-vertikalna-transportna-stena\\\/\"]}]},{\"@type\":\"ImageObject\",\"inLanguage\":\"hu\",\"@id\":\"https:\\\/\\\/www.pressta-eisele.eu\\\/hu\\\/produkt\\\/triumph-os-em-elektromotoricka-vertikalna-transportna-stena\\\/#primaryimage\",\"url\":\"https:\\\/\\\/www.pressta-eisele.eu\\\/wp-content\\\/uploads\\\/2021\\\/01\\\/224.jpg\",\"contentUrl\":\"https:\\\/\\\/www.pressta-eisele.eu\\\/wp-content\\\/uploads\\\/2021\\\/01\\\/224.jpg\",\"width\":523,\"height\":700,\"caption\":\"TRIUMPH OS EM - Elektromotorick\u00e1 vertik\u00e1lna transportn\u00e1 stena\"},{\"@type\":\"BreadcrumbList\",\"@id\":\"https:\\\/\\\/www.pressta-eisele.eu\\\/hu\\\/produkt\\\/triumph-os-em-elektromotoricka-vertikalna-transportna-stena\\\/#breadcrumb\",\"itemListElement\":[{\"@type\":\"ListItem\",\"position\":1,\"name\":\"Home\",\"item\":\"https:\\\/\\\/www.pressta-eisele.eu\\\/hu\\\/\"},{\"@type\":\"ListItem\",\"position\":2,\"name\":\"Shop\",\"item\":\"https:\\\/\\\/www.pressta-eisele.eu\\\/hu\\\/shop\\\/\"},{\"@type\":\"ListItem\",\"position\":3,\"name\":\"TRIUMPH OS EM &#8211; Elektromotorick\u00e1 vertik\u00e1lna transportn\u00e1 stena\"}]},{\"@type\":\"WebSite\",\"@id\":\"https:\\\/\\\/www.pressta-eisele.eu\\\/hu\\\/#website\",\"url\":\"https:\\\/\\\/www.pressta-eisele.eu\\\/hu\\\/\",\"name\":\"Pressta Eisele \u010cS\",\"description\":\"Vitajte vo svete produktivity\",\"publisher\":{\"@id\":\"https:\\\/\\\/www.pressta-eisele.eu\\\/hu\\\/#organization\"},\"potentialAction\":[{\"@type\":\"SearchAction\",\"target\":{\"@type\":\"EntryPoint\",\"urlTemplate\":\"https:\\\/\\\/www.pressta-eisele.eu\\\/hu\\\/?s={search_term_string}\"},\"query-input\":{\"@type\":\"PropertyValueSpecification\",\"valueRequired\":true,\"valueName\":\"search_term_string\"}}],\"inLanguage\":\"hu\"},{\"@type\":\"Organization\",\"@id\":\"https:\\\/\\\/www.pressta-eisele.eu\\\/hu\\\/#organization\",\"name\":\"Pressta Eisele \u010cS\",\"url\":\"https:\\\/\\\/www.pressta-eisele.eu\\\/hu\\\/\",\"logo\":{\"@type\":\"ImageObject\",\"inLanguage\":\"hu\",\"@id\":\"https:\\\/\\\/www.pressta-eisele.eu\\\/hu\\\/#\\\/schema\\\/logo\\\/image\\\/\",\"url\":\"https:\\\/\\\/www.pressta-eisele.eu\\\/wp-content\\\/uploads\\\/2020\\\/11\\\/pressta-logo-01v.svg\",\"contentUrl\":\"https:\\\/\\\/www.pressta-eisele.eu\\\/wp-content\\\/uploads\\\/2020\\\/11\\\/pressta-logo-01v.svg\",\"caption\":\"Pressta Eisele \u010cS\"},\"image\":{\"@id\":\"https:\\\/\\\/www.pressta-eisele.eu\\\/hu\\\/#\\\/schema\\\/logo\\\/image\\\/\"}}]}<\/script>\n<!-- \/ Yoast SEO plugin. -->","yoast_head_json":{"title":"TRIUMPH OS EM - Elektromotorick\u00e1 vertik\u00e1lna transportn\u00e1 stena - Pressta Eisele \u010cS","robots":{"index":"index","follow":"follow","max-snippet":"max-snippet:-1","max-image-preview":"max-image-preview:large","max-video-preview":"max-video-preview:-1"},"canonical":"https:\/\/www.pressta-eisele.eu\/hu\/produkt\/triumph-os-em-elektromotoricka-vertikalna-transportna-stena\/","og_locale":"hu_HU","og_type":"article","og_title":"TRIUMPH OS EM - Elektromotorick\u00e1 vertik\u00e1lna transportn\u00e1 stena - Pressta Eisele \u010cS","og_description":"Zariadenie vo\u013ene pripojite\u013en\u00e9 do uzlov a celkov modul\u00e1rnych zariaden\u00ed skupiny EXPRES a TRIUMPH\u00a0 ur\u010denej pre plne automatick\u00fa vertik\u00e1lnu prepravu okenn\u00fdch a dvern\u00fdch r\u00e1mov vo v\u00fdrobn\u00fdch link\u00e1ch.   V z\u00e1vislosti od konfigur\u00e1cie, pln\u00ed \u00falohu pr\u00edjmu r\u00e1mov z motoricky sklopn\u00e9ho transport  n\u00e9ho stola, \u00falohu kontinu\u00e1lneho riaden\u00e9ho transportu r\u00e1mov, \u00falohu odovzdania r\u00e1mov s navesen\u00fdmi kr\u00eddlami na vertik\u00e1lne motorick\u00e9 voz\u00edky.  Mechanicky kon\u0161truovan\u00e9 pre rozsah prepravovan\u00fdch elementov od 400 x 400   do 3 000 x 3 000 \/mm\/.  Pou\u017eit\u00e9 prepravn\u00e9 p\u00e1sy z kateg\u00f3rie zv\u00fd\u0161en\u00e1 \u017eivotnos\u0165 - ur\u010den\u00e9 pre trval\u00fa prev\u00e1dzku.","og_url":"https:\/\/www.pressta-eisele.eu\/hu\/produkt\/triumph-os-em-elektromotoricka-vertikalna-transportna-stena\/","og_site_name":"Pressta Eisele \u010cS","article_modified_time":"2021-01-31T21:09:33+00:00","og_image":[{"width":523,"height":700,"url":"https:\/\/www.pressta-eisele.eu\/wp-content\/uploads\/2021\/01\/224.jpg","type":"image\/jpeg"}],"twitter_card":"summary_large_image","schema":{"@context":"https:\/\/schema.org","@graph":[{"@type":"WebPage","@id":"https:\/\/www.pressta-eisele.eu\/hu\/produkt\/triumph-os-em-elektromotoricka-vertikalna-transportna-stena\/","url":"https:\/\/www.pressta-eisele.eu\/hu\/produkt\/triumph-os-em-elektromotoricka-vertikalna-transportna-stena\/","name":"TRIUMPH OS EM - Elektromotorick\u00e1 vertik\u00e1lna transportn\u00e1 stena - Pressta Eisele \u010cS","isPartOf":{"@id":"https:\/\/www.pressta-eisele.eu\/hu\/#website"},"primaryImageOfPage":{"@id":"https:\/\/www.pressta-eisele.eu\/hu\/produkt\/triumph-os-em-elektromotoricka-vertikalna-transportna-stena\/#primaryimage"},"image":{"@id":"https:\/\/www.pressta-eisele.eu\/hu\/produkt\/triumph-os-em-elektromotoricka-vertikalna-transportna-stena\/#primaryimage"},"thumbnailUrl":"https:\/\/www.pressta-eisele.eu\/wp-content\/uploads\/2021\/01\/224.jpg","datePublished":"2021-01-31T18:42:48+00:00","dateModified":"2021-01-31T21:09:33+00:00","breadcrumb":{"@id":"https:\/\/www.pressta-eisele.eu\/hu\/produkt\/triumph-os-em-elektromotoricka-vertikalna-transportna-stena\/#breadcrumb"},"inLanguage":"hu","potentialAction":[{"@type":"ReadAction","target":["https:\/\/www.pressta-eisele.eu\/hu\/produkt\/triumph-os-em-elektromotoricka-vertikalna-transportna-stena\/"]}]},{"@type":"ImageObject","inLanguage":"hu","@id":"https:\/\/www.pressta-eisele.eu\/hu\/produkt\/triumph-os-em-elektromotoricka-vertikalna-transportna-stena\/#primaryimage","url":"https:\/\/www.pressta-eisele.eu\/wp-content\/uploads\/2021\/01\/224.jpg","contentUrl":"https:\/\/www.pressta-eisele.eu\/wp-content\/uploads\/2021\/01\/224.jpg","width":523,"height":700,"caption":"TRIUMPH OS EM - Elektromotorick\u00e1 vertik\u00e1lna transportn\u00e1 stena"},{"@type":"BreadcrumbList","@id":"https:\/\/www.pressta-eisele.eu\/hu\/produkt\/triumph-os-em-elektromotoricka-vertikalna-transportna-stena\/#breadcrumb","itemListElement":[{"@type":"ListItem","position":1,"name":"Home","item":"https:\/\/www.pressta-eisele.eu\/hu\/"},{"@type":"ListItem","position":2,"name":"Shop","item":"https:\/\/www.pressta-eisele.eu\/hu\/shop\/"},{"@type":"ListItem","position":3,"name":"TRIUMPH OS EM &#8211; Elektromotorick\u00e1 vertik\u00e1lna transportn\u00e1 stena"}]},{"@type":"WebSite","@id":"https:\/\/www.pressta-eisele.eu\/hu\/#website","url":"https:\/\/www.pressta-eisele.eu\/hu\/","name":"Pressta Eisele \u010cS","description":"Vitajte vo svete produktivity","publisher":{"@id":"https:\/\/www.pressta-eisele.eu\/hu\/#organization"},"potentialAction":[{"@type":"SearchAction","target":{"@type":"EntryPoint","urlTemplate":"https:\/\/www.pressta-eisele.eu\/hu\/?s={search_term_string}"},"query-input":{"@type":"PropertyValueSpecification","valueRequired":true,"valueName":"search_term_string"}}],"inLanguage":"hu"},{"@type":"Organization","@id":"https:\/\/www.pressta-eisele.eu\/hu\/#organization","name":"Pressta Eisele \u010cS","url":"https:\/\/www.pressta-eisele.eu\/hu\/","logo":{"@type":"ImageObject","inLanguage":"hu","@id":"https:\/\/www.pressta-eisele.eu\/hu\/#\/schema\/logo\/image\/","url":"https:\/\/www.pressta-eisele.eu\/wp-content\/uploads\/2020\/11\/pressta-logo-01v.svg","contentUrl":"https:\/\/www.pressta-eisele.eu\/wp-content\/uploads\/2020\/11\/pressta-logo-01v.svg","caption":"Pressta Eisele \u010cS"},"image":{"@id":"https:\/\/www.pressta-eisele.eu\/hu\/#\/schema\/logo\/image\/"}}]}},"jetpack_sharing_enabled":true,"_links":{"self":[{"href":"https:\/\/www.pressta-eisele.eu\/hu\/wp-json\/wp\/v2\/product\/1041","targetHints":{"allow":["GET"]}}],"collection":[{"href":"https:\/\/www.pressta-eisele.eu\/hu\/wp-json\/wp\/v2\/product"}],"about":[{"href":"https:\/\/www.pressta-eisele.eu\/hu\/wp-json\/wp\/v2\/types\/product"}],"replies":[{"embeddable":true,"href":"https:\/\/www.pressta-eisele.eu\/hu\/wp-json\/wp\/v2\/comments?post=1041"}],"wp:featuredmedia":[{"embeddable":true,"href":"https:\/\/www.pressta-eisele.eu\/hu\/wp-json\/wp\/v2\/media\/1042"}],"wp:attachment":[{"href":"https:\/\/www.pressta-eisele.eu\/hu\/wp-json\/wp\/v2\/media?parent=1041"}],"wp:term":[{"taxonomy":"product_brand","embeddable":true,"href":"https:\/\/www.pressta-eisele.eu\/hu\/wp-json\/wp\/v2\/product_brand?post=1041"},{"taxonomy":"product_cat","embeddable":true,"href":"https:\/\/www.pressta-eisele.eu\/hu\/wp-json\/wp\/v2\/product_cat?post=1041"},{"taxonomy":"product_tag","embeddable":true,"href":"https:\/\/www.pressta-eisele.eu\/hu\/wp-json\/wp\/v2\/product_tag?post=1041"}],"curies":[{"name":"wp","href":"https:\/\/api.w.org\/{rel}","templated":true}]}}