{"id":1031,"date":"2021-01-31T19:42:37","date_gmt":"2021-01-31T18:42:37","guid":{"rendered":"https:\/\/www.pressta-eisele.eu\/produkt\/ads-de-1-1-skrutkovac-vystuzi\/"},"modified":"2021-01-31T21:16:28","modified_gmt":"2021-01-31T20:16:28","slug":"ads-de-1-1-skrutkovac-vystuzi","status":"publish","type":"product","link":"https:\/\/www.pressta-eisele.eu\/hu\/produkt\/ads-de-1-1-skrutkovac-vystuzi\/","title":{"rendered":"ADS DE 1\/1 &#8211; Skrutkova\u010d v\u00fdstu\u017e\u00ed"},"content":{"rendered":"","protected":false},"excerpt":{"rendered":"<ul >\n<li>vysoko produkt\u00edvne       zariadenie, ur\u010den\u00e9 pre p\u00e1rov\u00e9 zoskrutkovanie PVC profilov s&nbsp;vn\u00fatornou       oce\u013eovou v\u00fdstu\u017eou<\/li>\n<li>manu\u00e1lne pod\u00e1vanie       profilov<\/li>\n<li>plne automatick\u00fd       cyklus skrutkovania. Automatick\u00e9 upnutie profilov \u2013 automatick\u00e9       zoskrutkovanie \u2013 n\u00e1vrat skrutkovac\u00edch\u00a0       hl\u00e1v do v\u00fdchodzej poz\u00edcii \u2013 uvo\u013enenie profilov<\/li>\n<li>ovl\u00e1danie pomocou       no\u017en\u00e9ho ped\u00e1la ako impulz pre spustenie pracovn\u00e9ho cyklu<\/li>\n<li>mo\u017enos\u0165 vypn\u00fa\u0165 jednu       skrutkovaciu hlavu pomocou sp\u00edna\u010da na ovl\u00e1dacom paneli<\/li>\n<\/ul>\n","protected":false},"featured_media":1032,"comment_status":"closed","ping_status":"open","template":"","meta":{"_monsterinsights_skip_tracking":false,"_monsterinsights_sitenote_active":false,"_monsterinsights_sitenote_note":"","_monsterinsights_sitenote_category":0},"product_brand":[],"product_cat":[39],"product_tag":[],"class_list":{"0":"post-1031","1":"product","2":"type-product","3":"status-publish","4":"has-post-thumbnail","6":"product_cat-opracovanie-profilov","8":"first","9":"instock","10":"product-type-simple"},"yoast_head":"<!-- This site is optimized with the Yoast SEO plugin v27.5 - https:\/\/yoast.com\/product\/yoast-seo-wordpress\/ -->\n<title>ADS DE 1\/1 - Skrutkova\u010d v\u00fdstu\u017e\u00ed - Pressta Eisele \u010cS<\/title>\n<meta name=\"robots\" content=\"index, follow, max-snippet:-1, max-image-preview:large, max-video-preview:-1\" \/>\n<link rel=\"canonical\" href=\"https:\/\/www.pressta-eisele.eu\/hu\/produkt\/ads-de-1-1-skrutkovac-vystuzi\/\" \/>\n<meta property=\"og:locale\" content=\"hu_HU\" \/>\n<meta property=\"og:type\" content=\"article\" \/>\n<meta property=\"og:title\" content=\"ADS DE 1\/1 - Skrutkova\u010d v\u00fdstu\u017e\u00ed - Pressta Eisele \u010cS\" \/>\n<meta property=\"og:description\" content=\"vysoko produkt\u00edvne    zariadenie, ur\u010den\u00e9 pre p\u00e1rov\u00e9 zoskrutkovanie PVC profilov s&nbsp;vn\u00fatornou    oce\u013eovou v\u00fdstu\u017eou manu\u00e1lne pod\u00e1vanie    profilov plne automatick\u00fd    cyklus skrutkovania. Automatick\u00e9 upnutie profilov \u2013 automatick\u00e9    zoskrutkovanie \u2013 n\u00e1vrat skrutkovac\u00edch\u00a0    hl\u00e1v do v\u00fdchodzej poz\u00edcii \u2013 uvo\u013enenie profilov ovl\u00e1danie pomocou    no\u017en\u00e9ho ped\u00e1la ako impulz pre spustenie pracovn\u00e9ho cyklu mo\u017enos\u0165 vypn\u00fa\u0165 jednu    skrutkovaciu hlavu pomocou sp\u00edna\u010da na ovl\u00e1dacom paneli\" \/>\n<meta property=\"og:url\" content=\"https:\/\/www.pressta-eisele.eu\/hu\/produkt\/ads-de-1-1-skrutkovac-vystuzi\/\" \/>\n<meta property=\"og:site_name\" content=\"Pressta Eisele \u010cS\" \/>\n<meta property=\"article:modified_time\" content=\"2021-01-31T20:16:28+00:00\" \/>\n<meta property=\"og:image\" content=\"https:\/\/www.pressta-eisele.eu\/wp-content\/uploads\/2021\/01\/218.jpg\" \/>\n\t<meta property=\"og:image:width\" content=\"500\" \/>\n\t<meta property=\"og:image:height\" content=\"441\" \/>\n\t<meta property=\"og:image:type\" content=\"image\/jpeg\" \/>\n<meta name=\"twitter:card\" content=\"summary_large_image\" \/>\n<script type=\"application\/ld+json\" class=\"yoast-schema-graph\">{\"@context\":\"https:\\\/\\\/schema.org\",\"@graph\":[{\"@type\":\"WebPage\",\"@id\":\"https:\\\/\\\/www.pressta-eisele.eu\\\/hu\\\/produkt\\\/ads-de-1-1-skrutkovac-vystuzi\\\/\",\"url\":\"https:\\\/\\\/www.pressta-eisele.eu\\\/hu\\\/produkt\\\/ads-de-1-1-skrutkovac-vystuzi\\\/\",\"name\":\"ADS DE 1\\\/1 - Skrutkova\u010d v\u00fdstu\u017e\u00ed - Pressta Eisele \u010cS\",\"isPartOf\":{\"@id\":\"https:\\\/\\\/www.pressta-eisele.eu\\\/hu\\\/#website\"},\"primaryImageOfPage\":{\"@id\":\"https:\\\/\\\/www.pressta-eisele.eu\\\/hu\\\/produkt\\\/ads-de-1-1-skrutkovac-vystuzi\\\/#primaryimage\"},\"image\":{\"@id\":\"https:\\\/\\\/www.pressta-eisele.eu\\\/hu\\\/produkt\\\/ads-de-1-1-skrutkovac-vystuzi\\\/#primaryimage\"},\"thumbnailUrl\":\"https:\\\/\\\/www.pressta-eisele.eu\\\/wp-content\\\/uploads\\\/2021\\\/01\\\/218.jpg\",\"datePublished\":\"2021-01-31T18:42:37+00:00\",\"dateModified\":\"2021-01-31T20:16:28+00:00\",\"breadcrumb\":{\"@id\":\"https:\\\/\\\/www.pressta-eisele.eu\\\/hu\\\/produkt\\\/ads-de-1-1-skrutkovac-vystuzi\\\/#breadcrumb\"},\"inLanguage\":\"hu\",\"potentialAction\":[{\"@type\":\"ReadAction\",\"target\":[\"https:\\\/\\\/www.pressta-eisele.eu\\\/hu\\\/produkt\\\/ads-de-1-1-skrutkovac-vystuzi\\\/\"]}]},{\"@type\":\"ImageObject\",\"inLanguage\":\"hu\",\"@id\":\"https:\\\/\\\/www.pressta-eisele.eu\\\/hu\\\/produkt\\\/ads-de-1-1-skrutkovac-vystuzi\\\/#primaryimage\",\"url\":\"https:\\\/\\\/www.pressta-eisele.eu\\\/wp-content\\\/uploads\\\/2021\\\/01\\\/218.jpg\",\"contentUrl\":\"https:\\\/\\\/www.pressta-eisele.eu\\\/wp-content\\\/uploads\\\/2021\\\/01\\\/218.jpg\",\"width\":500,\"height\":441,\"caption\":\"ADS DE 1\\\/1 - Skrutkova\u010d v\u00fdstu\u017e\u00ed\"},{\"@type\":\"BreadcrumbList\",\"@id\":\"https:\\\/\\\/www.pressta-eisele.eu\\\/hu\\\/produkt\\\/ads-de-1-1-skrutkovac-vystuzi\\\/#breadcrumb\",\"itemListElement\":[{\"@type\":\"ListItem\",\"position\":1,\"name\":\"Home\",\"item\":\"https:\\\/\\\/www.pressta-eisele.eu\\\/hu\\\/\"},{\"@type\":\"ListItem\",\"position\":2,\"name\":\"Shop\",\"item\":\"https:\\\/\\\/www.pressta-eisele.eu\\\/hu\\\/shop\\\/\"},{\"@type\":\"ListItem\",\"position\":3,\"name\":\"ADS DE 1\\\/1 &#8211; Skrutkova\u010d v\u00fdstu\u017e\u00ed\"}]},{\"@type\":\"WebSite\",\"@id\":\"https:\\\/\\\/www.pressta-eisele.eu\\\/hu\\\/#website\",\"url\":\"https:\\\/\\\/www.pressta-eisele.eu\\\/hu\\\/\",\"name\":\"Pressta Eisele \u010cS\",\"description\":\"Vitajte vo svete produktivity\",\"publisher\":{\"@id\":\"https:\\\/\\\/www.pressta-eisele.eu\\\/hu\\\/#organization\"},\"potentialAction\":[{\"@type\":\"SearchAction\",\"target\":{\"@type\":\"EntryPoint\",\"urlTemplate\":\"https:\\\/\\\/www.pressta-eisele.eu\\\/hu\\\/?s={search_term_string}\"},\"query-input\":{\"@type\":\"PropertyValueSpecification\",\"valueRequired\":true,\"valueName\":\"search_term_string\"}}],\"inLanguage\":\"hu\"},{\"@type\":\"Organization\",\"@id\":\"https:\\\/\\\/www.pressta-eisele.eu\\\/hu\\\/#organization\",\"name\":\"Pressta Eisele \u010cS\",\"url\":\"https:\\\/\\\/www.pressta-eisele.eu\\\/hu\\\/\",\"logo\":{\"@type\":\"ImageObject\",\"inLanguage\":\"hu\",\"@id\":\"https:\\\/\\\/www.pressta-eisele.eu\\\/hu\\\/#\\\/schema\\\/logo\\\/image\\\/\",\"url\":\"https:\\\/\\\/www.pressta-eisele.eu\\\/wp-content\\\/uploads\\\/2020\\\/11\\\/pressta-logo-01v.svg\",\"contentUrl\":\"https:\\\/\\\/www.pressta-eisele.eu\\\/wp-content\\\/uploads\\\/2020\\\/11\\\/pressta-logo-01v.svg\",\"caption\":\"Pressta Eisele \u010cS\"},\"image\":{\"@id\":\"https:\\\/\\\/www.pressta-eisele.eu\\\/hu\\\/#\\\/schema\\\/logo\\\/image\\\/\"}}]}<\/script>\n<!-- \/ Yoast SEO plugin. -->","yoast_head_json":{"title":"ADS DE 1\/1 - Skrutkova\u010d v\u00fdstu\u017e\u00ed - Pressta Eisele \u010cS","robots":{"index":"index","follow":"follow","max-snippet":"max-snippet:-1","max-image-preview":"max-image-preview:large","max-video-preview":"max-video-preview:-1"},"canonical":"https:\/\/www.pressta-eisele.eu\/hu\/produkt\/ads-de-1-1-skrutkovac-vystuzi\/","og_locale":"hu_HU","og_type":"article","og_title":"ADS DE 1\/1 - Skrutkova\u010d v\u00fdstu\u017e\u00ed - Pressta Eisele \u010cS","og_description":"vysoko produkt\u00edvne    zariadenie, ur\u010den\u00e9 pre p\u00e1rov\u00e9 zoskrutkovanie PVC profilov s&nbsp;vn\u00fatornou    oce\u013eovou v\u00fdstu\u017eou manu\u00e1lne pod\u00e1vanie    profilov plne automatick\u00fd    cyklus skrutkovania. Automatick\u00e9 upnutie profilov \u2013 automatick\u00e9    zoskrutkovanie \u2013 n\u00e1vrat skrutkovac\u00edch\u00a0    hl\u00e1v do v\u00fdchodzej poz\u00edcii \u2013 uvo\u013enenie profilov ovl\u00e1danie pomocou    no\u017en\u00e9ho ped\u00e1la ako impulz pre spustenie pracovn\u00e9ho cyklu mo\u017enos\u0165 vypn\u00fa\u0165 jednu    skrutkovaciu hlavu pomocou sp\u00edna\u010da na ovl\u00e1dacom paneli","og_url":"https:\/\/www.pressta-eisele.eu\/hu\/produkt\/ads-de-1-1-skrutkovac-vystuzi\/","og_site_name":"Pressta Eisele \u010cS","article_modified_time":"2021-01-31T20:16:28+00:00","og_image":[{"width":500,"height":441,"url":"https:\/\/www.pressta-eisele.eu\/wp-content\/uploads\/2021\/01\/218.jpg","type":"image\/jpeg"}],"twitter_card":"summary_large_image","schema":{"@context":"https:\/\/schema.org","@graph":[{"@type":"WebPage","@id":"https:\/\/www.pressta-eisele.eu\/hu\/produkt\/ads-de-1-1-skrutkovac-vystuzi\/","url":"https:\/\/www.pressta-eisele.eu\/hu\/produkt\/ads-de-1-1-skrutkovac-vystuzi\/","name":"ADS DE 1\/1 - Skrutkova\u010d v\u00fdstu\u017e\u00ed - Pressta Eisele \u010cS","isPartOf":{"@id":"https:\/\/www.pressta-eisele.eu\/hu\/#website"},"primaryImageOfPage":{"@id":"https:\/\/www.pressta-eisele.eu\/hu\/produkt\/ads-de-1-1-skrutkovac-vystuzi\/#primaryimage"},"image":{"@id":"https:\/\/www.pressta-eisele.eu\/hu\/produkt\/ads-de-1-1-skrutkovac-vystuzi\/#primaryimage"},"thumbnailUrl":"https:\/\/www.pressta-eisele.eu\/wp-content\/uploads\/2021\/01\/218.jpg","datePublished":"2021-01-31T18:42:37+00:00","dateModified":"2021-01-31T20:16:28+00:00","breadcrumb":{"@id":"https:\/\/www.pressta-eisele.eu\/hu\/produkt\/ads-de-1-1-skrutkovac-vystuzi\/#breadcrumb"},"inLanguage":"hu","potentialAction":[{"@type":"ReadAction","target":["https:\/\/www.pressta-eisele.eu\/hu\/produkt\/ads-de-1-1-skrutkovac-vystuzi\/"]}]},{"@type":"ImageObject","inLanguage":"hu","@id":"https:\/\/www.pressta-eisele.eu\/hu\/produkt\/ads-de-1-1-skrutkovac-vystuzi\/#primaryimage","url":"https:\/\/www.pressta-eisele.eu\/wp-content\/uploads\/2021\/01\/218.jpg","contentUrl":"https:\/\/www.pressta-eisele.eu\/wp-content\/uploads\/2021\/01\/218.jpg","width":500,"height":441,"caption":"ADS DE 1\/1 - Skrutkova\u010d v\u00fdstu\u017e\u00ed"},{"@type":"BreadcrumbList","@id":"https:\/\/www.pressta-eisele.eu\/hu\/produkt\/ads-de-1-1-skrutkovac-vystuzi\/#breadcrumb","itemListElement":[{"@type":"ListItem","position":1,"name":"Home","item":"https:\/\/www.pressta-eisele.eu\/hu\/"},{"@type":"ListItem","position":2,"name":"Shop","item":"https:\/\/www.pressta-eisele.eu\/hu\/shop\/"},{"@type":"ListItem","position":3,"name":"ADS DE 1\/1 &#8211; Skrutkova\u010d v\u00fdstu\u017e\u00ed"}]},{"@type":"WebSite","@id":"https:\/\/www.pressta-eisele.eu\/hu\/#website","url":"https:\/\/www.pressta-eisele.eu\/hu\/","name":"Pressta Eisele \u010cS","description":"Vitajte vo svete produktivity","publisher":{"@id":"https:\/\/www.pressta-eisele.eu\/hu\/#organization"},"potentialAction":[{"@type":"SearchAction","target":{"@type":"EntryPoint","urlTemplate":"https:\/\/www.pressta-eisele.eu\/hu\/?s={search_term_string}"},"query-input":{"@type":"PropertyValueSpecification","valueRequired":true,"valueName":"search_term_string"}}],"inLanguage":"hu"},{"@type":"Organization","@id":"https:\/\/www.pressta-eisele.eu\/hu\/#organization","name":"Pressta Eisele \u010cS","url":"https:\/\/www.pressta-eisele.eu\/hu\/","logo":{"@type":"ImageObject","inLanguage":"hu","@id":"https:\/\/www.pressta-eisele.eu\/hu\/#\/schema\/logo\/image\/","url":"https:\/\/www.pressta-eisele.eu\/wp-content\/uploads\/2020\/11\/pressta-logo-01v.svg","contentUrl":"https:\/\/www.pressta-eisele.eu\/wp-content\/uploads\/2020\/11\/pressta-logo-01v.svg","caption":"Pressta Eisele \u010cS"},"image":{"@id":"https:\/\/www.pressta-eisele.eu\/hu\/#\/schema\/logo\/image\/"}}]}},"jetpack_sharing_enabled":true,"_links":{"self":[{"href":"https:\/\/www.pressta-eisele.eu\/hu\/wp-json\/wp\/v2\/product\/1031","targetHints":{"allow":["GET"]}}],"collection":[{"href":"https:\/\/www.pressta-eisele.eu\/hu\/wp-json\/wp\/v2\/product"}],"about":[{"href":"https:\/\/www.pressta-eisele.eu\/hu\/wp-json\/wp\/v2\/types\/product"}],"replies":[{"embeddable":true,"href":"https:\/\/www.pressta-eisele.eu\/hu\/wp-json\/wp\/v2\/comments?post=1031"}],"wp:featuredmedia":[{"embeddable":true,"href":"https:\/\/www.pressta-eisele.eu\/hu\/wp-json\/wp\/v2\/media\/1032"}],"wp:attachment":[{"href":"https:\/\/www.pressta-eisele.eu\/hu\/wp-json\/wp\/v2\/media?parent=1031"}],"wp:term":[{"taxonomy":"product_brand","embeddable":true,"href":"https:\/\/www.pressta-eisele.eu\/hu\/wp-json\/wp\/v2\/product_brand?post=1031"},{"taxonomy":"product_cat","embeddable":true,"href":"https:\/\/www.pressta-eisele.eu\/hu\/wp-json\/wp\/v2\/product_cat?post=1031"},{"taxonomy":"product_tag","embeddable":true,"href":"https:\/\/www.pressta-eisele.eu\/hu\/wp-json\/wp\/v2\/product_tag?post=1031"}],"curies":[{"name":"wp","href":"https:\/\/api.w.org\/{rel}","templated":true}]}}