{"id":2010,"date":"2021-02-01T12:59:33","date_gmt":"2021-02-01T11:59:33","guid":{"rendered":"https:\/\/www.pressta-eisele.eu\/?post_type=product&#038;p=2010"},"modified":"2023-05-08T13:12:08","modified_gmt":"2023-05-08T11:12:08","slug":"tornado-f-a","status":"publish","type":"product","link":"https:\/\/www.pressta-eisele.eu\/en\/produkt\/tornado-f-a\/","title":{"rendered":"TORNADO F.A"},"content":{"rendered":"<p><iframe title=\"TORNADO F.A\" width=\"750\" height=\"422\" src=\"https:\/\/www.youtube.com\/embed\/1xyvp9uVA5c?feature=oembed\" frameborder=\"0\" allow=\"accelerometer; autoplay; clipboard-write; encrypted-media; gyroscope; picture-in-picture\" allowfullscreen><\/iframe><\/p>\n","protected":false},"excerpt":{"rendered":"<ul>\n<li>Automatick\u00fd pod\u00e1va\u010d materi\u00e1lu je zariadenie ur\u010den\u00e9 pre pripojenie k strojn\u00fdm zariadeniam vykon\u00e1vaj\u00facim oper\u00e1cie rezania, v\u0155tania, fr\u00e9zovania, skrutkovania,\u00a0 pr\u00edpadne zna\u010denia na ty\u010dov\u00fdch materi\u00e1loch r\u00f4znych tvarov.<\/li>\n<li>Program pre polohovanie pod\u00e1van\u00e9ho materi\u00e1lu m\u00f4\u017ee by\u0165 vytvoren\u00fd priamo na obrazovke ovl\u00e1dacieho panela, alebo na\u010d\u00edtan\u00fd z extern\u00e9ho \u00falo\u017eiska (USB pam\u00e4\u0165ov\u00e9 m\u00e9dium, alebo sie\u0165ov\u00e9 FTP \u00falo\u017eisko).<\/li>\n<li>Po\u017eadovan\u00e1\u00a0 poz\u00edcia polohovania m\u00f4\u017ee by\u0165 zap\u00edsan\u00e1 ako absol\u00fatna, alebo relat\u00edvna hodnota.<\/li>\n<li>Pod\u00e1va\u010d m\u00f4\u017ee po pripojen\u00ed k \u010fal\u0161iemu stroju pracova\u0165 v automatickom cykle.<\/li>\n<li>Pod\u00e1van\u00fd materi\u00e1l je up\u00ednan\u00fd v oto\u010dnom pneumatickom up\u00edna\u010di na polohovate\u013enom ramene.<\/li>\n<li>Rameno s up\u00edna\u010dom je mo\u017en\u00e9 v\u00fd\u0161kovo (v osi Z) a\u00a0stranovo (v osi Y) prestavi\u0165.<\/li>\n<li>Val\u010dekov\u00e1 dr\u00e1ha je kryt\u00e1 plechov\u00fdm krytovan\u00edm.<\/li>\n<li>Motorick\u00fd pojazd v osi X je 3500, 4500, 5500, 6500, 7500 alebo 8500 mm.<\/li>\n<li>Nastavenie ramena v\u00a0osi Y je 200 mm alebo 300mm<\/li>\n<li>Nastavenie ramena v osi Z je 200mm.<\/li>\n<li>\u0160\u00edrka val\u010dekovej dr\u00e1hy je 200, 300, 400 alebo 500mm.<\/li>\n<li>R\u00fdchlos\u0165 polohovania v\u00a0osi X max. 250mm\/s<\/li>\n<li>\u0160\u00edrka val\u010dekovej dr\u00e1hy pre ulo\u017eenie pod\u00e1van\u00e9ho profilu je 200, 300, 400, alebo 500mm, d\u013a\u017eka val\u010dekovej dr\u00e1hy je 4000, 5000, 6000, 7000, 8000 alebo 9000mm.<\/li>\n<li>Za\u0165a\u017eenie val\u010dekovej dr\u00e1hy je maxim\u00e1lne 60kg na 1meter dr\u00e1hy.<\/li>\n<\/ul>\n","protected":false},"featured_media":2011,"comment_status":"open","ping_status":"closed","template":"","meta":{"_monsterinsights_skip_tracking":false,"_monsterinsights_sitenote_active":false,"_monsterinsights_sitenote_note":"","_monsterinsights_sitenote_category":0},"product_brand":[],"product_cat":[41,34],"product_tag":[],"class_list":{"0":"post-2010","1":"product","2":"type-product","3":"status-publish","4":"has-post-thumbnail","6":"product_cat-automaticke-dorazy-a-podavace-materialu","7":"product_cat-specialne-zariadenia","9":"first","10":"instock","11":"shipping-taxable","12":"product-type-simple"},"yoast_head":"<!-- This site is optimized with the Yoast SEO plugin v27.4 - https:\/\/yoast.com\/product\/yoast-seo-wordpress\/ -->\n<title>TORNADO F.A - Pressta Eisele \u010cS<\/title>\n<meta name=\"robots\" content=\"index, follow, max-snippet:-1, max-image-preview:large, max-video-preview:-1\" \/>\n<link rel=\"canonical\" href=\"https:\/\/www.pressta-eisele.eu\/en\/produkt\/tornado-f-a\/\" \/>\n<meta property=\"og:locale\" content=\"en_US\" \/>\n<meta property=\"og:type\" content=\"article\" \/>\n<meta property=\"og:title\" content=\"TORNADO F.A - Pressta Eisele \u010cS\" \/>\n<meta property=\"og:description\" content=\"Automatick\u00fd pod\u00e1va\u010d materi\u00e1lu je zariadenie ur\u010den\u00e9 pre pripojenie k strojn\u00fdm zariadeniam vykon\u00e1vaj\u00facim oper\u00e1cie rezania, v\u0155tania, fr\u00e9zovania, skrutkovania,\u00a0 pr\u00edpadne zna\u010denia na ty\u010dov\u00fdch materi\u00e1loch r\u00f4znych tvarov.  Program pre polohovanie pod\u00e1van\u00e9ho materi\u00e1lu m\u00f4\u017ee by\u0165 vytvoren\u00fd priamo na obrazovke ovl\u00e1dacieho panela, alebo na\u010d\u00edtan\u00fd z extern\u00e9ho \u00falo\u017eiska (USB pam\u00e4\u0165ov\u00e9 m\u00e9dium, alebo sie\u0165ov\u00e9 FTP \u00falo\u017eisko).  Po\u017eadovan\u00e1\u00a0 poz\u00edcia polohovania m\u00f4\u017ee by\u0165 zap\u00edsan\u00e1 ako absol\u00fatna, alebo relat\u00edvna hodnota.  Pod\u00e1va\u010d m\u00f4\u017ee po pripojen\u00ed k \u010fal\u0161iemu stroju pracova\u0165 v automatickom cykle.  Pod\u00e1van\u00fd materi\u00e1l je up\u00ednan\u00fd v oto\u010dnom pneumatickom up\u00edna\u010di na polohovate\u013enom ramene.  Rameno s up\u00edna\u010dom je mo\u017en\u00e9 v\u00fd\u0161kovo (v osi Z) a\u00a0stranovo (v osi Y) prestavi\u0165.  Val\u010dekov\u00e1 dr\u00e1ha je kryt\u00e1 plechov\u00fdm krytovan\u00edm.  Motorick\u00fd pojazd v osi X je 3500, 4500, 5500, 6500, 7500 alebo 8500 mm.  Nastavenie ramena v\u00a0osi Y je 200 mm alebo 300mm  Nastavenie ramena v osi Z je 200mm.  \u0160\u00edrka val\u010dekovej dr\u00e1hy je 200, 300, 400 alebo 500mm.  R\u00fdchlos\u0165 polohovania v\u00a0osi X max. 250mm\/s  \u0160\u00edrka val\u010dekovej dr\u00e1hy pre ulo\u017eenie pod\u00e1van\u00e9ho profilu je 200, 300, 400, alebo 500mm, d\u013a\u017eka val\u010dekovej dr\u00e1hy je 4000, 5000, 6000, 7000, 8000 alebo 9000mm.  Za\u0165a\u017eenie val\u010dekovej dr\u00e1hy je maxim\u00e1lne 60kg na 1meter dr\u00e1hy.\" \/>\n<meta property=\"og:url\" content=\"https:\/\/www.pressta-eisele.eu\/en\/produkt\/tornado-f-a\/\" \/>\n<meta property=\"og:site_name\" content=\"Pressta Eisele \u010cS\" \/>\n<meta property=\"article:modified_time\" content=\"2023-05-08T11:12:08+00:00\" \/>\n<meta property=\"og:image\" content=\"https:\/\/www.pressta-eisele.eu\/wp-content\/uploads\/2021\/02\/TORNADO_FAa.jpg\" \/>\n\t<meta property=\"og:image:width\" content=\"2000\" \/>\n\t<meta property=\"og:image:height\" content=\"2000\" \/>\n\t<meta property=\"og:image:type\" content=\"image\/jpeg\" \/>\n<meta name=\"twitter:card\" content=\"summary_large_image\" \/>\n<meta name=\"twitter:label1\" content=\"Est. reading time\" \/>\n\t<meta name=\"twitter:data1\" content=\"1 minute\" \/>\n<script type=\"application\/ld+json\" class=\"yoast-schema-graph\">{\"@context\":\"https:\\\/\\\/schema.org\",\"@graph\":[{\"@type\":\"WebPage\",\"@id\":\"https:\\\/\\\/www.pressta-eisele.eu\\\/en\\\/produkt\\\/tornado-f-a\\\/\",\"url\":\"https:\\\/\\\/www.pressta-eisele.eu\\\/en\\\/produkt\\\/tornado-f-a\\\/\",\"name\":\"TORNADO F.A - Pressta Eisele \u010cS\",\"isPartOf\":{\"@id\":\"https:\\\/\\\/www.pressta-eisele.eu\\\/en\\\/#website\"},\"primaryImageOfPage\":{\"@id\":\"https:\\\/\\\/www.pressta-eisele.eu\\\/en\\\/produkt\\\/tornado-f-a\\\/#primaryimage\"},\"image\":{\"@id\":\"https:\\\/\\\/www.pressta-eisele.eu\\\/en\\\/produkt\\\/tornado-f-a\\\/#primaryimage\"},\"thumbnailUrl\":\"https:\\\/\\\/www.pressta-eisele.eu\\\/wp-content\\\/uploads\\\/2021\\\/02\\\/TORNADO_FAa.jpg\",\"datePublished\":\"2021-02-01T11:59:33+00:00\",\"dateModified\":\"2023-05-08T11:12:08+00:00\",\"breadcrumb\":{\"@id\":\"https:\\\/\\\/www.pressta-eisele.eu\\\/en\\\/produkt\\\/tornado-f-a\\\/#breadcrumb\"},\"inLanguage\":\"en-US\",\"potentialAction\":[{\"@type\":\"ReadAction\",\"target\":[\"https:\\\/\\\/www.pressta-eisele.eu\\\/en\\\/produkt\\\/tornado-f-a\\\/\"]}]},{\"@type\":\"ImageObject\",\"inLanguage\":\"en-US\",\"@id\":\"https:\\\/\\\/www.pressta-eisele.eu\\\/en\\\/produkt\\\/tornado-f-a\\\/#primaryimage\",\"url\":\"https:\\\/\\\/www.pressta-eisele.eu\\\/wp-content\\\/uploads\\\/2021\\\/02\\\/TORNADO_FAa.jpg\",\"contentUrl\":\"https:\\\/\\\/www.pressta-eisele.eu\\\/wp-content\\\/uploads\\\/2021\\\/02\\\/TORNADO_FAa.jpg\",\"width\":2000,\"height\":2000,\"caption\":\"TORNADO F.A\"},{\"@type\":\"BreadcrumbList\",\"@id\":\"https:\\\/\\\/www.pressta-eisele.eu\\\/en\\\/produkt\\\/tornado-f-a\\\/#breadcrumb\",\"itemListElement\":[{\"@type\":\"ListItem\",\"position\":1,\"name\":\"Home\",\"item\":\"https:\\\/\\\/www.pressta-eisele.eu\\\/en\\\/\"},{\"@type\":\"ListItem\",\"position\":2,\"name\":\"Store\",\"item\":\"https:\\\/\\\/www.pressta-eisele.eu\\\/en\\\/shop\\\/\"},{\"@type\":\"ListItem\",\"position\":3,\"name\":\"TORNADO F.A\"}]},{\"@type\":\"WebSite\",\"@id\":\"https:\\\/\\\/www.pressta-eisele.eu\\\/en\\\/#website\",\"url\":\"https:\\\/\\\/www.pressta-eisele.eu\\\/en\\\/\",\"name\":\"Pressta Eisele \u010cS\",\"description\":\"Vitajte vo svete produktivity\",\"publisher\":{\"@id\":\"https:\\\/\\\/www.pressta-eisele.eu\\\/en\\\/#organization\"},\"potentialAction\":[{\"@type\":\"SearchAction\",\"target\":{\"@type\":\"EntryPoint\",\"urlTemplate\":\"https:\\\/\\\/www.pressta-eisele.eu\\\/en\\\/?s={search_term_string}\"},\"query-input\":{\"@type\":\"PropertyValueSpecification\",\"valueRequired\":true,\"valueName\":\"search_term_string\"}}],\"inLanguage\":\"en-US\"},{\"@type\":\"Organization\",\"@id\":\"https:\\\/\\\/www.pressta-eisele.eu\\\/en\\\/#organization\",\"name\":\"Pressta Eisele \u010cS\",\"url\":\"https:\\\/\\\/www.pressta-eisele.eu\\\/en\\\/\",\"logo\":{\"@type\":\"ImageObject\",\"inLanguage\":\"en-US\",\"@id\":\"https:\\\/\\\/www.pressta-eisele.eu\\\/en\\\/#\\\/schema\\\/logo\\\/image\\\/\",\"url\":\"https:\\\/\\\/www.pressta-eisele.eu\\\/wp-content\\\/uploads\\\/2020\\\/11\\\/pressta-logo-01v.svg\",\"contentUrl\":\"https:\\\/\\\/www.pressta-eisele.eu\\\/wp-content\\\/uploads\\\/2020\\\/11\\\/pressta-logo-01v.svg\",\"caption\":\"Pressta Eisele \u010cS\"},\"image\":{\"@id\":\"https:\\\/\\\/www.pressta-eisele.eu\\\/en\\\/#\\\/schema\\\/logo\\\/image\\\/\"}}]}<\/script>\n<!-- \/ Yoast SEO plugin. -->","yoast_head_json":{"title":"TORNADO F.A - Pressta Eisele \u010cS","robots":{"index":"index","follow":"follow","max-snippet":"max-snippet:-1","max-image-preview":"max-image-preview:large","max-video-preview":"max-video-preview:-1"},"canonical":"https:\/\/www.pressta-eisele.eu\/en\/produkt\/tornado-f-a\/","og_locale":"en_US","og_type":"article","og_title":"TORNADO F.A - Pressta Eisele \u010cS","og_description":"Automatick\u00fd pod\u00e1va\u010d materi\u00e1lu je zariadenie ur\u010den\u00e9 pre pripojenie k strojn\u00fdm zariadeniam vykon\u00e1vaj\u00facim oper\u00e1cie rezania, v\u0155tania, fr\u00e9zovania, skrutkovania,\u00a0 pr\u00edpadne zna\u010denia na ty\u010dov\u00fdch materi\u00e1loch r\u00f4znych tvarov.  Program pre polohovanie pod\u00e1van\u00e9ho materi\u00e1lu m\u00f4\u017ee by\u0165 vytvoren\u00fd priamo na obrazovke ovl\u00e1dacieho panela, alebo na\u010d\u00edtan\u00fd z extern\u00e9ho \u00falo\u017eiska (USB pam\u00e4\u0165ov\u00e9 m\u00e9dium, alebo sie\u0165ov\u00e9 FTP \u00falo\u017eisko).  Po\u017eadovan\u00e1\u00a0 poz\u00edcia polohovania m\u00f4\u017ee by\u0165 zap\u00edsan\u00e1 ako absol\u00fatna, alebo relat\u00edvna hodnota.  Pod\u00e1va\u010d m\u00f4\u017ee po pripojen\u00ed k \u010fal\u0161iemu stroju pracova\u0165 v automatickom cykle.  Pod\u00e1van\u00fd materi\u00e1l je up\u00ednan\u00fd v oto\u010dnom pneumatickom up\u00edna\u010di na polohovate\u013enom ramene.  Rameno s up\u00edna\u010dom je mo\u017en\u00e9 v\u00fd\u0161kovo (v osi Z) a\u00a0stranovo (v osi Y) prestavi\u0165.  Val\u010dekov\u00e1 dr\u00e1ha je kryt\u00e1 plechov\u00fdm krytovan\u00edm.  Motorick\u00fd pojazd v osi X je 3500, 4500, 5500, 6500, 7500 alebo 8500 mm.  Nastavenie ramena v\u00a0osi Y je 200 mm alebo 300mm  Nastavenie ramena v osi Z je 200mm.  \u0160\u00edrka val\u010dekovej dr\u00e1hy je 200, 300, 400 alebo 500mm.  R\u00fdchlos\u0165 polohovania v\u00a0osi X max. 250mm\/s  \u0160\u00edrka val\u010dekovej dr\u00e1hy pre ulo\u017eenie pod\u00e1van\u00e9ho profilu je 200, 300, 400, alebo 500mm, d\u013a\u017eka val\u010dekovej dr\u00e1hy je 4000, 5000, 6000, 7000, 8000 alebo 9000mm.  Za\u0165a\u017eenie val\u010dekovej dr\u00e1hy je maxim\u00e1lne 60kg na 1meter dr\u00e1hy.","og_url":"https:\/\/www.pressta-eisele.eu\/en\/produkt\/tornado-f-a\/","og_site_name":"Pressta Eisele \u010cS","article_modified_time":"2023-05-08T11:12:08+00:00","og_image":[{"width":2000,"height":2000,"url":"https:\/\/www.pressta-eisele.eu\/wp-content\/uploads\/2021\/02\/TORNADO_FAa.jpg","type":"image\/jpeg"}],"twitter_card":"summary_large_image","twitter_misc":{"Est. reading time":"1 minute"},"schema":{"@context":"https:\/\/schema.org","@graph":[{"@type":"WebPage","@id":"https:\/\/www.pressta-eisele.eu\/en\/produkt\/tornado-f-a\/","url":"https:\/\/www.pressta-eisele.eu\/en\/produkt\/tornado-f-a\/","name":"TORNADO F.A - Pressta Eisele \u010cS","isPartOf":{"@id":"https:\/\/www.pressta-eisele.eu\/en\/#website"},"primaryImageOfPage":{"@id":"https:\/\/www.pressta-eisele.eu\/en\/produkt\/tornado-f-a\/#primaryimage"},"image":{"@id":"https:\/\/www.pressta-eisele.eu\/en\/produkt\/tornado-f-a\/#primaryimage"},"thumbnailUrl":"https:\/\/www.pressta-eisele.eu\/wp-content\/uploads\/2021\/02\/TORNADO_FAa.jpg","datePublished":"2021-02-01T11:59:33+00:00","dateModified":"2023-05-08T11:12:08+00:00","breadcrumb":{"@id":"https:\/\/www.pressta-eisele.eu\/en\/produkt\/tornado-f-a\/#breadcrumb"},"inLanguage":"en-US","potentialAction":[{"@type":"ReadAction","target":["https:\/\/www.pressta-eisele.eu\/en\/produkt\/tornado-f-a\/"]}]},{"@type":"ImageObject","inLanguage":"en-US","@id":"https:\/\/www.pressta-eisele.eu\/en\/produkt\/tornado-f-a\/#primaryimage","url":"https:\/\/www.pressta-eisele.eu\/wp-content\/uploads\/2021\/02\/TORNADO_FAa.jpg","contentUrl":"https:\/\/www.pressta-eisele.eu\/wp-content\/uploads\/2021\/02\/TORNADO_FAa.jpg","width":2000,"height":2000,"caption":"TORNADO F.A"},{"@type":"BreadcrumbList","@id":"https:\/\/www.pressta-eisele.eu\/en\/produkt\/tornado-f-a\/#breadcrumb","itemListElement":[{"@type":"ListItem","position":1,"name":"Home","item":"https:\/\/www.pressta-eisele.eu\/en\/"},{"@type":"ListItem","position":2,"name":"Store","item":"https:\/\/www.pressta-eisele.eu\/en\/shop\/"},{"@type":"ListItem","position":3,"name":"TORNADO F.A"}]},{"@type":"WebSite","@id":"https:\/\/www.pressta-eisele.eu\/en\/#website","url":"https:\/\/www.pressta-eisele.eu\/en\/","name":"Pressta Eisele \u010cS","description":"Vitajte vo svete produktivity","publisher":{"@id":"https:\/\/www.pressta-eisele.eu\/en\/#organization"},"potentialAction":[{"@type":"SearchAction","target":{"@type":"EntryPoint","urlTemplate":"https:\/\/www.pressta-eisele.eu\/en\/?s={search_term_string}"},"query-input":{"@type":"PropertyValueSpecification","valueRequired":true,"valueName":"search_term_string"}}],"inLanguage":"en-US"},{"@type":"Organization","@id":"https:\/\/www.pressta-eisele.eu\/en\/#organization","name":"Pressta Eisele \u010cS","url":"https:\/\/www.pressta-eisele.eu\/en\/","logo":{"@type":"ImageObject","inLanguage":"en-US","@id":"https:\/\/www.pressta-eisele.eu\/en\/#\/schema\/logo\/image\/","url":"https:\/\/www.pressta-eisele.eu\/wp-content\/uploads\/2020\/11\/pressta-logo-01v.svg","contentUrl":"https:\/\/www.pressta-eisele.eu\/wp-content\/uploads\/2020\/11\/pressta-logo-01v.svg","caption":"Pressta Eisele \u010cS"},"image":{"@id":"https:\/\/www.pressta-eisele.eu\/en\/#\/schema\/logo\/image\/"}}]}},"jetpack_sharing_enabled":true,"_links":{"self":[{"href":"https:\/\/www.pressta-eisele.eu\/en\/wp-json\/wp\/v2\/product\/2010","targetHints":{"allow":["GET"]}}],"collection":[{"href":"https:\/\/www.pressta-eisele.eu\/en\/wp-json\/wp\/v2\/product"}],"about":[{"href":"https:\/\/www.pressta-eisele.eu\/en\/wp-json\/wp\/v2\/types\/product"}],"replies":[{"embeddable":true,"href":"https:\/\/www.pressta-eisele.eu\/en\/wp-json\/wp\/v2\/comments?post=2010"}],"wp:featuredmedia":[{"embeddable":true,"href":"https:\/\/www.pressta-eisele.eu\/en\/wp-json\/wp\/v2\/media\/2011"}],"wp:attachment":[{"href":"https:\/\/www.pressta-eisele.eu\/en\/wp-json\/wp\/v2\/media?parent=2010"}],"wp:term":[{"taxonomy":"product_brand","embeddable":true,"href":"https:\/\/www.pressta-eisele.eu\/en\/wp-json\/wp\/v2\/product_brand?post=2010"},{"taxonomy":"product_cat","embeddable":true,"href":"https:\/\/www.pressta-eisele.eu\/en\/wp-json\/wp\/v2\/product_cat?post=2010"},{"taxonomy":"product_tag","embeddable":true,"href":"https:\/\/www.pressta-eisele.eu\/en\/wp-json\/wp\/v2\/product_tag?post=2010"}],"curies":[{"name":"wp","href":"https:\/\/api.w.org\/{rel}","templated":true}]}}