{"id":1553,"date":"2021-01-31T19:43:10","date_gmt":"2021-01-31T18:45:13","guid":{"rendered":"https:\/\/www.pressta-eisele.eu\/produkt\/apollo-4av-plus-vertical-four-head-welding-machine\/"},"modified":"2021-01-31T19:45:14","modified_gmt":"2021-01-31T18:45:14","slug":"apollo-4av-plus-vertical-four-head-welding-machine","status":"publish","type":"product","link":"https:\/\/www.pressta-eisele.eu\/en\/produkt\/apollo-4av-plus-vertical-four-head-welding-machine\/","title":{"rendered":"APOLLO 4AV PLUS &#8211; Vertical four-head welding machine"},"content":{"rendered":"","protected":false},"excerpt":{"rendered":"<ul>\n<li>for werlding pre s\u00fa\u010dasne zv\u00e1ranie 4 rohov pod uhlom 90\u00b0 na PVC okenn\u00fdch profiloch<\/li>\n<li>control by a\u00a0touch screen 12\u201c<\/li>\n<li>3 axes CNC control system<\/li>\n<li>welding foil scrolling standardly<\/li>\n<li>easy adjustment for weld seam limitation 0,2 mm<\/li>\n<li>quick change system for welding moulds<\/li>\n<li>barcode reader<\/li>\n<li>automatic gasket holder<\/li>\n<li>automatic profile preheating<\/li>\n<li>profile height min.: 30mm<\/li>\n<li>profile height max.: 120mm<\/li>\n<li>profile width min.: 30mm<\/li>\n<li>profile width max.: 120mm<\/li>\n<li>element size 400&#215;400 mm<\/li>\n<li>element size with gasket holder 420&#215;420 mm<\/li>\n<li>element size 2000 x 3000 (H x L) mm<\/li>\n<\/ul>\n","protected":false},"featured_media":1253,"comment_status":"closed","ping_status":"open","template":"","meta":{"_monsterinsights_skip_tracking":false,"_monsterinsights_sitenote_active":false,"_monsterinsights_sitenote_note":"","_monsterinsights_sitenote_category":0},"product_brand":[],"product_cat":[118],"product_tag":[],"class_list":{"0":"post-1553","1":"product","2":"type-product","3":"status-publish","4":"has-post-thumbnail","6":"product_cat-welding-cleaning","8":"first","9":"instock","10":"product-type-simple"},"yoast_head":"<!-- This site is optimized with the Yoast SEO plugin v27.4 - https:\/\/yoast.com\/product\/yoast-seo-wordpress\/ -->\n<title>APOLLO 4AV PLUS - Vertical four-head welding machine - Pressta Eisele \u010cS<\/title>\n<meta name=\"robots\" content=\"index, follow, max-snippet:-1, max-image-preview:large, max-video-preview:-1\" \/>\n<link rel=\"canonical\" href=\"https:\/\/www.pressta-eisele.eu\/en\/produkt\/apollo-4av-plus-vertical-four-head-welding-machine\/\" \/>\n<meta property=\"og:locale\" content=\"en_US\" \/>\n<meta property=\"og:type\" content=\"article\" \/>\n<meta property=\"og:title\" content=\"APOLLO 4AV PLUS - Vertical four-head welding machine - Pressta Eisele \u010cS\" \/>\n<meta property=\"og:description\" content=\"for werlding pre s\u00fa\u010dasne zv\u00e1ranie 4 rohov pod uhlom 90\u00b0 na PVC okenn\u00fdch profiloch control by a\u00a0touch screen 12\u201c 3 axes CNC control system welding foil scrolling standardly easy adjustment for weld seam limitation 0,2 mm quick change system for welding moulds barcode reader automatic gasket holder automatic profile preheating profile height min.: 30mm profile height max.: 120mm profile width min.: 30mm profile width max.: 120mm element size 400x400 mm element size with gasket holder 420x420 mm element size 2000 x 3000 (H x L) mm\" \/>\n<meta property=\"og:url\" content=\"https:\/\/www.pressta-eisele.eu\/en\/produkt\/apollo-4av-plus-vertical-four-head-welding-machine\/\" \/>\n<meta property=\"og:site_name\" content=\"Pressta Eisele \u010cS\" \/>\n<meta property=\"article:modified_time\" content=\"2021-01-31T18:45:14+00:00\" \/>\n<meta property=\"og:image\" content=\"https:\/\/www.pressta-eisele.eu\/wp-content\/uploads\/2021\/01\/275.jpg\" \/>\n\t<meta property=\"og:image:width\" content=\"800\" \/>\n\t<meta property=\"og:image:height\" content=\"600\" \/>\n\t<meta property=\"og:image:type\" content=\"image\/jpeg\" \/>\n<meta name=\"twitter:card\" content=\"summary_large_image\" \/>\n<script type=\"application\/ld+json\" class=\"yoast-schema-graph\">{\"@context\":\"https:\\\/\\\/schema.org\",\"@graph\":[{\"@type\":\"WebPage\",\"@id\":\"https:\\\/\\\/www.pressta-eisele.eu\\\/en\\\/produkt\\\/apollo-4av-plus-vertical-four-head-welding-machine\\\/\",\"url\":\"https:\\\/\\\/www.pressta-eisele.eu\\\/en\\\/produkt\\\/apollo-4av-plus-vertical-four-head-welding-machine\\\/\",\"name\":\"APOLLO 4AV PLUS - Vertical four-head welding machine - Pressta Eisele \u010cS\",\"isPartOf\":{\"@id\":\"https:\\\/\\\/www.pressta-eisele.eu\\\/en\\\/#website\"},\"primaryImageOfPage\":{\"@id\":\"https:\\\/\\\/www.pressta-eisele.eu\\\/en\\\/produkt\\\/apollo-4av-plus-vertical-four-head-welding-machine\\\/#primaryimage\"},\"image\":{\"@id\":\"https:\\\/\\\/www.pressta-eisele.eu\\\/en\\\/produkt\\\/apollo-4av-plus-vertical-four-head-welding-machine\\\/#primaryimage\"},\"thumbnailUrl\":\"https:\\\/\\\/www.pressta-eisele.eu\\\/wp-content\\\/uploads\\\/2021\\\/01\\\/275.jpg\",\"datePublished\":\"2021-01-31T18:45:13+00:00\",\"dateModified\":\"2021-01-31T18:45:14+00:00\",\"breadcrumb\":{\"@id\":\"https:\\\/\\\/www.pressta-eisele.eu\\\/en\\\/produkt\\\/apollo-4av-plus-vertical-four-head-welding-machine\\\/#breadcrumb\"},\"inLanguage\":\"en-US\",\"potentialAction\":[{\"@type\":\"ReadAction\",\"target\":[\"https:\\\/\\\/www.pressta-eisele.eu\\\/en\\\/produkt\\\/apollo-4av-plus-vertical-four-head-welding-machine\\\/\"]}]},{\"@type\":\"ImageObject\",\"inLanguage\":\"en-US\",\"@id\":\"https:\\\/\\\/www.pressta-eisele.eu\\\/en\\\/produkt\\\/apollo-4av-plus-vertical-four-head-welding-machine\\\/#primaryimage\",\"url\":\"https:\\\/\\\/www.pressta-eisele.eu\\\/wp-content\\\/uploads\\\/2021\\\/01\\\/275.jpg\",\"contentUrl\":\"https:\\\/\\\/www.pressta-eisele.eu\\\/wp-content\\\/uploads\\\/2021\\\/01\\\/275.jpg\",\"width\":800,\"height\":600},{\"@type\":\"BreadcrumbList\",\"@id\":\"https:\\\/\\\/www.pressta-eisele.eu\\\/en\\\/produkt\\\/apollo-4av-plus-vertical-four-head-welding-machine\\\/#breadcrumb\",\"itemListElement\":[{\"@type\":\"ListItem\",\"position\":1,\"name\":\"Home\",\"item\":\"https:\\\/\\\/www.pressta-eisele.eu\\\/en\\\/\"},{\"@type\":\"ListItem\",\"position\":2,\"name\":\"Store\",\"item\":\"https:\\\/\\\/www.pressta-eisele.eu\\\/en\\\/shop\\\/\"},{\"@type\":\"ListItem\",\"position\":3,\"name\":\"APOLLO 4AV PLUS &#8211; Vertical four-head welding machine\"}]},{\"@type\":\"WebSite\",\"@id\":\"https:\\\/\\\/www.pressta-eisele.eu\\\/en\\\/#website\",\"url\":\"https:\\\/\\\/www.pressta-eisele.eu\\\/en\\\/\",\"name\":\"Pressta Eisele \u010cS\",\"description\":\"Vitajte vo svete produktivity\",\"publisher\":{\"@id\":\"https:\\\/\\\/www.pressta-eisele.eu\\\/en\\\/#organization\"},\"potentialAction\":[{\"@type\":\"SearchAction\",\"target\":{\"@type\":\"EntryPoint\",\"urlTemplate\":\"https:\\\/\\\/www.pressta-eisele.eu\\\/en\\\/?s={search_term_string}\"},\"query-input\":{\"@type\":\"PropertyValueSpecification\",\"valueRequired\":true,\"valueName\":\"search_term_string\"}}],\"inLanguage\":\"en-US\"},{\"@type\":\"Organization\",\"@id\":\"https:\\\/\\\/www.pressta-eisele.eu\\\/en\\\/#organization\",\"name\":\"Pressta Eisele \u010cS\",\"url\":\"https:\\\/\\\/www.pressta-eisele.eu\\\/en\\\/\",\"logo\":{\"@type\":\"ImageObject\",\"inLanguage\":\"en-US\",\"@id\":\"https:\\\/\\\/www.pressta-eisele.eu\\\/en\\\/#\\\/schema\\\/logo\\\/image\\\/\",\"url\":\"https:\\\/\\\/www.pressta-eisele.eu\\\/wp-content\\\/uploads\\\/2020\\\/11\\\/pressta-logo-01v.svg\",\"contentUrl\":\"https:\\\/\\\/www.pressta-eisele.eu\\\/wp-content\\\/uploads\\\/2020\\\/11\\\/pressta-logo-01v.svg\",\"caption\":\"Pressta Eisele \u010cS\"},\"image\":{\"@id\":\"https:\\\/\\\/www.pressta-eisele.eu\\\/en\\\/#\\\/schema\\\/logo\\\/image\\\/\"}}]}<\/script>\n<!-- \/ Yoast SEO plugin. -->","yoast_head_json":{"title":"APOLLO 4AV PLUS - Vertical four-head welding machine - Pressta Eisele \u010cS","robots":{"index":"index","follow":"follow","max-snippet":"max-snippet:-1","max-image-preview":"max-image-preview:large","max-video-preview":"max-video-preview:-1"},"canonical":"https:\/\/www.pressta-eisele.eu\/en\/produkt\/apollo-4av-plus-vertical-four-head-welding-machine\/","og_locale":"en_US","og_type":"article","og_title":"APOLLO 4AV PLUS - Vertical four-head welding machine - Pressta Eisele \u010cS","og_description":"for werlding pre s\u00fa\u010dasne zv\u00e1ranie 4 rohov pod uhlom 90\u00b0 na PVC okenn\u00fdch profiloch control by a\u00a0touch screen 12\u201c 3 axes CNC control system welding foil scrolling standardly easy adjustment for weld seam limitation 0,2 mm quick change system for welding moulds barcode reader automatic gasket holder automatic profile preheating profile height min.: 30mm profile height max.: 120mm profile width min.: 30mm profile width max.: 120mm element size 400x400 mm element size with gasket holder 420x420 mm element size 2000 x 3000 (H x L) mm","og_url":"https:\/\/www.pressta-eisele.eu\/en\/produkt\/apollo-4av-plus-vertical-four-head-welding-machine\/","og_site_name":"Pressta Eisele \u010cS","article_modified_time":"2021-01-31T18:45:14+00:00","og_image":[{"width":800,"height":600,"url":"https:\/\/www.pressta-eisele.eu\/wp-content\/uploads\/2021\/01\/275.jpg","type":"image\/jpeg"}],"twitter_card":"summary_large_image","schema":{"@context":"https:\/\/schema.org","@graph":[{"@type":"WebPage","@id":"https:\/\/www.pressta-eisele.eu\/en\/produkt\/apollo-4av-plus-vertical-four-head-welding-machine\/","url":"https:\/\/www.pressta-eisele.eu\/en\/produkt\/apollo-4av-plus-vertical-four-head-welding-machine\/","name":"APOLLO 4AV PLUS - Vertical four-head welding machine - Pressta Eisele \u010cS","isPartOf":{"@id":"https:\/\/www.pressta-eisele.eu\/en\/#website"},"primaryImageOfPage":{"@id":"https:\/\/www.pressta-eisele.eu\/en\/produkt\/apollo-4av-plus-vertical-four-head-welding-machine\/#primaryimage"},"image":{"@id":"https:\/\/www.pressta-eisele.eu\/en\/produkt\/apollo-4av-plus-vertical-four-head-welding-machine\/#primaryimage"},"thumbnailUrl":"https:\/\/www.pressta-eisele.eu\/wp-content\/uploads\/2021\/01\/275.jpg","datePublished":"2021-01-31T18:45:13+00:00","dateModified":"2021-01-31T18:45:14+00:00","breadcrumb":{"@id":"https:\/\/www.pressta-eisele.eu\/en\/produkt\/apollo-4av-plus-vertical-four-head-welding-machine\/#breadcrumb"},"inLanguage":"en-US","potentialAction":[{"@type":"ReadAction","target":["https:\/\/www.pressta-eisele.eu\/en\/produkt\/apollo-4av-plus-vertical-four-head-welding-machine\/"]}]},{"@type":"ImageObject","inLanguage":"en-US","@id":"https:\/\/www.pressta-eisele.eu\/en\/produkt\/apollo-4av-plus-vertical-four-head-welding-machine\/#primaryimage","url":"https:\/\/www.pressta-eisele.eu\/wp-content\/uploads\/2021\/01\/275.jpg","contentUrl":"https:\/\/www.pressta-eisele.eu\/wp-content\/uploads\/2021\/01\/275.jpg","width":800,"height":600},{"@type":"BreadcrumbList","@id":"https:\/\/www.pressta-eisele.eu\/en\/produkt\/apollo-4av-plus-vertical-four-head-welding-machine\/#breadcrumb","itemListElement":[{"@type":"ListItem","position":1,"name":"Home","item":"https:\/\/www.pressta-eisele.eu\/en\/"},{"@type":"ListItem","position":2,"name":"Store","item":"https:\/\/www.pressta-eisele.eu\/en\/shop\/"},{"@type":"ListItem","position":3,"name":"APOLLO 4AV PLUS &#8211; Vertical four-head welding machine"}]},{"@type":"WebSite","@id":"https:\/\/www.pressta-eisele.eu\/en\/#website","url":"https:\/\/www.pressta-eisele.eu\/en\/","name":"Pressta Eisele \u010cS","description":"Vitajte vo svete produktivity","publisher":{"@id":"https:\/\/www.pressta-eisele.eu\/en\/#organization"},"potentialAction":[{"@type":"SearchAction","target":{"@type":"EntryPoint","urlTemplate":"https:\/\/www.pressta-eisele.eu\/en\/?s={search_term_string}"},"query-input":{"@type":"PropertyValueSpecification","valueRequired":true,"valueName":"search_term_string"}}],"inLanguage":"en-US"},{"@type":"Organization","@id":"https:\/\/www.pressta-eisele.eu\/en\/#organization","name":"Pressta Eisele \u010cS","url":"https:\/\/www.pressta-eisele.eu\/en\/","logo":{"@type":"ImageObject","inLanguage":"en-US","@id":"https:\/\/www.pressta-eisele.eu\/en\/#\/schema\/logo\/image\/","url":"https:\/\/www.pressta-eisele.eu\/wp-content\/uploads\/2020\/11\/pressta-logo-01v.svg","contentUrl":"https:\/\/www.pressta-eisele.eu\/wp-content\/uploads\/2020\/11\/pressta-logo-01v.svg","caption":"Pressta Eisele \u010cS"},"image":{"@id":"https:\/\/www.pressta-eisele.eu\/en\/#\/schema\/logo\/image\/"}}]}},"jetpack_sharing_enabled":true,"_links":{"self":[{"href":"https:\/\/www.pressta-eisele.eu\/en\/wp-json\/wp\/v2\/product\/1553","targetHints":{"allow":["GET"]}}],"collection":[{"href":"https:\/\/www.pressta-eisele.eu\/en\/wp-json\/wp\/v2\/product"}],"about":[{"href":"https:\/\/www.pressta-eisele.eu\/en\/wp-json\/wp\/v2\/types\/product"}],"replies":[{"embeddable":true,"href":"https:\/\/www.pressta-eisele.eu\/en\/wp-json\/wp\/v2\/comments?post=1553"}],"wp:featuredmedia":[{"embeddable":true,"href":"https:\/\/www.pressta-eisele.eu\/en\/wp-json\/wp\/v2\/media\/1253"}],"wp:attachment":[{"href":"https:\/\/www.pressta-eisele.eu\/en\/wp-json\/wp\/v2\/media?parent=1553"}],"wp:term":[{"taxonomy":"product_brand","embeddable":true,"href":"https:\/\/www.pressta-eisele.eu\/en\/wp-json\/wp\/v2\/product_brand?post=1553"},{"taxonomy":"product_cat","embeddable":true,"href":"https:\/\/www.pressta-eisele.eu\/en\/wp-json\/wp\/v2\/product_cat?post=1553"},{"taxonomy":"product_tag","embeddable":true,"href":"https:\/\/www.pressta-eisele.eu\/en\/wp-json\/wp\/v2\/product_tag?post=1553"}],"curies":[{"name":"wp","href":"https:\/\/api.w.org\/{rel}","templated":true}]}}