{"id":1469,"date":"2021-01-31T19:42:15","date_gmt":"2021-01-31T18:44:18","guid":{"rendered":"https:\/\/www.pressta-eisele.eu\/produkt\/apollo-1a-1a-plus-single-head-welding-machine-for-p-v-c-profiles\/"},"modified":"2021-03-08T13:24:08","modified_gmt":"2021-03-08T12:24:08","slug":"apollo-1a-1a-plus-single-head-welding-machine-for-p-v-c-profiles","status":"publish","type":"product","link":"https:\/\/www.pressta-eisele.eu\/en\/produkt\/apollo-1a-1a-plus-single-head-welding-machine-for-p-v-c-profiles\/","title":{"rendered":"APOLLO 1A\/1A PLUS &#8211; Single head welding machine for P.V.C. profiles"},"content":{"rendered":"","protected":false},"excerpt":{"rendered":"<ul>\n<li><span> <\/span><span>For welding extremely large and massive elements from PVC profiles<\/span><\/li>\n<li><span> <\/span><span>TWL weldeing possible<\/span><\/li>\n<li>Permanently stable and solid frame construction and fully covered welding aggregates<\/li>\n<li>Fully automatic working cycle controlled by an advanced smart PLC processor<\/li>\n<li>Temperature of the welding mirror controlled by digital PID regulator with automated tuning<\/li>\n<li>Welding aggregate and their moving parts are placed on linear guides. They ensure smooth running, accuracy and long-term reliability.<\/li>\n<li>Comfortable control of the machine directly from a control panel<\/li>\n<li>Quick adjustment of welding seam 0,2 \u2013 2 mm<\/li>\n<li>Heated upper and bottom restrictor knives<\/li>\n<li>TWL \u2013 welding with pneumatic revolver<\/li>\n<li>Safe, low-pressure, double-acting profile clamps<\/li>\n<li>Quick-change system of welding fixtures<\/li>\n<li>Quick-change system of welding foil<\/li>\n<li>Extended and -reinforced supporting arms<\/li>\n<li>Locking pin at 90\u00b0 and 180\u00b0<\/li>\n<\/ul>\n","protected":false},"featured_media":3221,"comment_status":"closed","ping_status":"closed","template":"","meta":{"_monsterinsights_skip_tracking":false,"_monsterinsights_sitenote_active":false,"_monsterinsights_sitenote_note":"","_monsterinsights_sitenote_category":0},"product_brand":[],"product_cat":[118],"product_tag":[],"class_list":{"0":"post-1469","1":"product","2":"type-product","3":"status-publish","4":"has-post-thumbnail","6":"product_cat-welding-cleaning","8":"first","9":"instock","10":"featured","11":"product-type-simple"},"yoast_head":"<!-- This site is optimized with the Yoast SEO plugin v27.5 - https:\/\/yoast.com\/product\/yoast-seo-wordpress\/ -->\n<title>APOLLO 1A\/1A PLUS - Single head welding machine for P.V.C. profiles - Pressta Eisele \u010cS<\/title>\n<meta name=\"robots\" content=\"index, follow, max-snippet:-1, max-image-preview:large, max-video-preview:-1\" \/>\n<link rel=\"canonical\" href=\"https:\/\/www.pressta-eisele.eu\/en\/produkt\/apollo-1a-1a-plus-single-head-welding-machine-for-p-v-c-profiles\/\" \/>\n<meta property=\"og:locale\" content=\"en_US\" \/>\n<meta property=\"og:type\" content=\"article\" \/>\n<meta property=\"og:title\" content=\"APOLLO 1A\/1A PLUS - Single head welding machine for P.V.C. profiles - Pressta Eisele \u010cS\" \/>\n<meta property=\"og:description\" content=\"For welding extremely large and massive elements from PVC profiles   TWL weldeing possible  Permanently stable and solid frame construction and fully covered welding aggregates  Fully automatic working cycle controlled by an advanced smart PLC processor  Temperature of the welding mirror controlled by digital PID regulator with automated tuning  Welding aggregate and their moving parts are placed on linear guides. They ensure smooth running, accuracy and long-term reliability.  Comfortable control of the machine directly from a control panel  Quick adjustment of welding seam 0,2 \u2013 2 mm  Heated upper and bottom restrictor knives  TWL \u2013 welding with pneumatic revolver  Safe, low-pressure, double-acting profile clamps  Quick-change system of welding fixtures  Quick-change system of welding foil  Extended and -reinforced supporting arms  Locking pin at 90\u00b0 and 180\u00b0\" \/>\n<meta property=\"og:url\" content=\"https:\/\/www.pressta-eisele.eu\/en\/produkt\/apollo-1a-1a-plus-single-head-welding-machine-for-p-v-c-profiles\/\" \/>\n<meta property=\"og:site_name\" content=\"Pressta Eisele \u010cS\" \/>\n<meta property=\"article:modified_time\" content=\"2021-03-08T12:24:08+00:00\" \/>\n<meta property=\"og:image\" content=\"https:\/\/www.pressta-eisele.eu\/wp-content\/uploads\/2021\/01\/Apollo-1A-PLUS_.jpg\" \/>\n\t<meta property=\"og:image:width\" content=\"2391\" \/>\n\t<meta property=\"og:image:height\" content=\"1600\" \/>\n\t<meta property=\"og:image:type\" content=\"image\/jpeg\" \/>\n<meta name=\"twitter:card\" content=\"summary_large_image\" \/>\n<script type=\"application\/ld+json\" class=\"yoast-schema-graph\">{\"@context\":\"https:\\\/\\\/schema.org\",\"@graph\":[{\"@type\":\"WebPage\",\"@id\":\"https:\\\/\\\/www.pressta-eisele.eu\\\/en\\\/produkt\\\/apollo-1a-1a-plus-single-head-welding-machine-for-p-v-c-profiles\\\/\",\"url\":\"https:\\\/\\\/www.pressta-eisele.eu\\\/en\\\/produkt\\\/apollo-1a-1a-plus-single-head-welding-machine-for-p-v-c-profiles\\\/\",\"name\":\"APOLLO 1A\\\/1A PLUS - Single head welding machine for P.V.C. profiles - Pressta Eisele \u010cS\",\"isPartOf\":{\"@id\":\"https:\\\/\\\/www.pressta-eisele.eu\\\/en\\\/#website\"},\"primaryImageOfPage\":{\"@id\":\"https:\\\/\\\/www.pressta-eisele.eu\\\/en\\\/produkt\\\/apollo-1a-1a-plus-single-head-welding-machine-for-p-v-c-profiles\\\/#primaryimage\"},\"image\":{\"@id\":\"https:\\\/\\\/www.pressta-eisele.eu\\\/en\\\/produkt\\\/apollo-1a-1a-plus-single-head-welding-machine-for-p-v-c-profiles\\\/#primaryimage\"},\"thumbnailUrl\":\"https:\\\/\\\/www.pressta-eisele.eu\\\/wp-content\\\/uploads\\\/2021\\\/01\\\/Apollo-1A-PLUS_.jpg\",\"datePublished\":\"2021-01-31T18:44:18+00:00\",\"dateModified\":\"2021-03-08T12:24:08+00:00\",\"breadcrumb\":{\"@id\":\"https:\\\/\\\/www.pressta-eisele.eu\\\/en\\\/produkt\\\/apollo-1a-1a-plus-single-head-welding-machine-for-p-v-c-profiles\\\/#breadcrumb\"},\"inLanguage\":\"en-US\",\"potentialAction\":[{\"@type\":\"ReadAction\",\"target\":[\"https:\\\/\\\/www.pressta-eisele.eu\\\/en\\\/produkt\\\/apollo-1a-1a-plus-single-head-welding-machine-for-p-v-c-profiles\\\/\"]}]},{\"@type\":\"ImageObject\",\"inLanguage\":\"en-US\",\"@id\":\"https:\\\/\\\/www.pressta-eisele.eu\\\/en\\\/produkt\\\/apollo-1a-1a-plus-single-head-welding-machine-for-p-v-c-profiles\\\/#primaryimage\",\"url\":\"https:\\\/\\\/www.pressta-eisele.eu\\\/wp-content\\\/uploads\\\/2021\\\/01\\\/Apollo-1A-PLUS_.jpg\",\"contentUrl\":\"https:\\\/\\\/www.pressta-eisele.eu\\\/wp-content\\\/uploads\\\/2021\\\/01\\\/Apollo-1A-PLUS_.jpg\",\"width\":2391,\"height\":1600,\"caption\":\"APOLLO 1A\\\/1A PLUS - Jednohlav\u00fd zv\u00e1rac\u00ed automat\"},{\"@type\":\"BreadcrumbList\",\"@id\":\"https:\\\/\\\/www.pressta-eisele.eu\\\/en\\\/produkt\\\/apollo-1a-1a-plus-single-head-welding-machine-for-p-v-c-profiles\\\/#breadcrumb\",\"itemListElement\":[{\"@type\":\"ListItem\",\"position\":1,\"name\":\"Home\",\"item\":\"https:\\\/\\\/www.pressta-eisele.eu\\\/en\\\/\"},{\"@type\":\"ListItem\",\"position\":2,\"name\":\"Store\",\"item\":\"https:\\\/\\\/www.pressta-eisele.eu\\\/en\\\/shop\\\/\"},{\"@type\":\"ListItem\",\"position\":3,\"name\":\"APOLLO 1A\\\/1A PLUS &#8211; Single head welding machine for P.V.C. profiles\"}]},{\"@type\":\"WebSite\",\"@id\":\"https:\\\/\\\/www.pressta-eisele.eu\\\/en\\\/#website\",\"url\":\"https:\\\/\\\/www.pressta-eisele.eu\\\/en\\\/\",\"name\":\"Pressta Eisele \u010cS\",\"description\":\"Vitajte vo svete produktivity\",\"publisher\":{\"@id\":\"https:\\\/\\\/www.pressta-eisele.eu\\\/en\\\/#organization\"},\"potentialAction\":[{\"@type\":\"SearchAction\",\"target\":{\"@type\":\"EntryPoint\",\"urlTemplate\":\"https:\\\/\\\/www.pressta-eisele.eu\\\/en\\\/?s={search_term_string}\"},\"query-input\":{\"@type\":\"PropertyValueSpecification\",\"valueRequired\":true,\"valueName\":\"search_term_string\"}}],\"inLanguage\":\"en-US\"},{\"@type\":\"Organization\",\"@id\":\"https:\\\/\\\/www.pressta-eisele.eu\\\/en\\\/#organization\",\"name\":\"Pressta Eisele \u010cS\",\"url\":\"https:\\\/\\\/www.pressta-eisele.eu\\\/en\\\/\",\"logo\":{\"@type\":\"ImageObject\",\"inLanguage\":\"en-US\",\"@id\":\"https:\\\/\\\/www.pressta-eisele.eu\\\/en\\\/#\\\/schema\\\/logo\\\/image\\\/\",\"url\":\"https:\\\/\\\/www.pressta-eisele.eu\\\/wp-content\\\/uploads\\\/2020\\\/11\\\/pressta-logo-01v.svg\",\"contentUrl\":\"https:\\\/\\\/www.pressta-eisele.eu\\\/wp-content\\\/uploads\\\/2020\\\/11\\\/pressta-logo-01v.svg\",\"caption\":\"Pressta Eisele \u010cS\"},\"image\":{\"@id\":\"https:\\\/\\\/www.pressta-eisele.eu\\\/en\\\/#\\\/schema\\\/logo\\\/image\\\/\"}}]}<\/script>\n<!-- \/ Yoast SEO plugin. -->","yoast_head_json":{"title":"APOLLO 1A\/1A PLUS - Single head welding machine for P.V.C. profiles - Pressta Eisele \u010cS","robots":{"index":"index","follow":"follow","max-snippet":"max-snippet:-1","max-image-preview":"max-image-preview:large","max-video-preview":"max-video-preview:-1"},"canonical":"https:\/\/www.pressta-eisele.eu\/en\/produkt\/apollo-1a-1a-plus-single-head-welding-machine-for-p-v-c-profiles\/","og_locale":"en_US","og_type":"article","og_title":"APOLLO 1A\/1A PLUS - Single head welding machine for P.V.C. profiles - Pressta Eisele \u010cS","og_description":"For welding extremely large and massive elements from PVC profiles   TWL weldeing possible  Permanently stable and solid frame construction and fully covered welding aggregates  Fully automatic working cycle controlled by an advanced smart PLC processor  Temperature of the welding mirror controlled by digital PID regulator with automated tuning  Welding aggregate and their moving parts are placed on linear guides. They ensure smooth running, accuracy and long-term reliability.  Comfortable control of the machine directly from a control panel  Quick adjustment of welding seam 0,2 \u2013 2 mm  Heated upper and bottom restrictor knives  TWL \u2013 welding with pneumatic revolver  Safe, low-pressure, double-acting profile clamps  Quick-change system of welding fixtures  Quick-change system of welding foil  Extended and -reinforced supporting arms  Locking pin at 90\u00b0 and 180\u00b0","og_url":"https:\/\/www.pressta-eisele.eu\/en\/produkt\/apollo-1a-1a-plus-single-head-welding-machine-for-p-v-c-profiles\/","og_site_name":"Pressta Eisele \u010cS","article_modified_time":"2021-03-08T12:24:08+00:00","og_image":[{"width":2391,"height":1600,"url":"https:\/\/www.pressta-eisele.eu\/wp-content\/uploads\/2021\/01\/Apollo-1A-PLUS_.jpg","type":"image\/jpeg"}],"twitter_card":"summary_large_image","schema":{"@context":"https:\/\/schema.org","@graph":[{"@type":"WebPage","@id":"https:\/\/www.pressta-eisele.eu\/en\/produkt\/apollo-1a-1a-plus-single-head-welding-machine-for-p-v-c-profiles\/","url":"https:\/\/www.pressta-eisele.eu\/en\/produkt\/apollo-1a-1a-plus-single-head-welding-machine-for-p-v-c-profiles\/","name":"APOLLO 1A\/1A PLUS - Single head welding machine for P.V.C. profiles - Pressta Eisele \u010cS","isPartOf":{"@id":"https:\/\/www.pressta-eisele.eu\/en\/#website"},"primaryImageOfPage":{"@id":"https:\/\/www.pressta-eisele.eu\/en\/produkt\/apollo-1a-1a-plus-single-head-welding-machine-for-p-v-c-profiles\/#primaryimage"},"image":{"@id":"https:\/\/www.pressta-eisele.eu\/en\/produkt\/apollo-1a-1a-plus-single-head-welding-machine-for-p-v-c-profiles\/#primaryimage"},"thumbnailUrl":"https:\/\/www.pressta-eisele.eu\/wp-content\/uploads\/2021\/01\/Apollo-1A-PLUS_.jpg","datePublished":"2021-01-31T18:44:18+00:00","dateModified":"2021-03-08T12:24:08+00:00","breadcrumb":{"@id":"https:\/\/www.pressta-eisele.eu\/en\/produkt\/apollo-1a-1a-plus-single-head-welding-machine-for-p-v-c-profiles\/#breadcrumb"},"inLanguage":"en-US","potentialAction":[{"@type":"ReadAction","target":["https:\/\/www.pressta-eisele.eu\/en\/produkt\/apollo-1a-1a-plus-single-head-welding-machine-for-p-v-c-profiles\/"]}]},{"@type":"ImageObject","inLanguage":"en-US","@id":"https:\/\/www.pressta-eisele.eu\/en\/produkt\/apollo-1a-1a-plus-single-head-welding-machine-for-p-v-c-profiles\/#primaryimage","url":"https:\/\/www.pressta-eisele.eu\/wp-content\/uploads\/2021\/01\/Apollo-1A-PLUS_.jpg","contentUrl":"https:\/\/www.pressta-eisele.eu\/wp-content\/uploads\/2021\/01\/Apollo-1A-PLUS_.jpg","width":2391,"height":1600,"caption":"APOLLO 1A\/1A PLUS - Jednohlav\u00fd zv\u00e1rac\u00ed automat"},{"@type":"BreadcrumbList","@id":"https:\/\/www.pressta-eisele.eu\/en\/produkt\/apollo-1a-1a-plus-single-head-welding-machine-for-p-v-c-profiles\/#breadcrumb","itemListElement":[{"@type":"ListItem","position":1,"name":"Home","item":"https:\/\/www.pressta-eisele.eu\/en\/"},{"@type":"ListItem","position":2,"name":"Store","item":"https:\/\/www.pressta-eisele.eu\/en\/shop\/"},{"@type":"ListItem","position":3,"name":"APOLLO 1A\/1A PLUS &#8211; Single head welding machine for P.V.C. profiles"}]},{"@type":"WebSite","@id":"https:\/\/www.pressta-eisele.eu\/en\/#website","url":"https:\/\/www.pressta-eisele.eu\/en\/","name":"Pressta Eisele \u010cS","description":"Vitajte vo svete produktivity","publisher":{"@id":"https:\/\/www.pressta-eisele.eu\/en\/#organization"},"potentialAction":[{"@type":"SearchAction","target":{"@type":"EntryPoint","urlTemplate":"https:\/\/www.pressta-eisele.eu\/en\/?s={search_term_string}"},"query-input":{"@type":"PropertyValueSpecification","valueRequired":true,"valueName":"search_term_string"}}],"inLanguage":"en-US"},{"@type":"Organization","@id":"https:\/\/www.pressta-eisele.eu\/en\/#organization","name":"Pressta Eisele \u010cS","url":"https:\/\/www.pressta-eisele.eu\/en\/","logo":{"@type":"ImageObject","inLanguage":"en-US","@id":"https:\/\/www.pressta-eisele.eu\/en\/#\/schema\/logo\/image\/","url":"https:\/\/www.pressta-eisele.eu\/wp-content\/uploads\/2020\/11\/pressta-logo-01v.svg","contentUrl":"https:\/\/www.pressta-eisele.eu\/wp-content\/uploads\/2020\/11\/pressta-logo-01v.svg","caption":"Pressta Eisele \u010cS"},"image":{"@id":"https:\/\/www.pressta-eisele.eu\/en\/#\/schema\/logo\/image\/"}}]}},"jetpack_sharing_enabled":true,"_links":{"self":[{"href":"https:\/\/www.pressta-eisele.eu\/en\/wp-json\/wp\/v2\/product\/1469","targetHints":{"allow":["GET"]}}],"collection":[{"href":"https:\/\/www.pressta-eisele.eu\/en\/wp-json\/wp\/v2\/product"}],"about":[{"href":"https:\/\/www.pressta-eisele.eu\/en\/wp-json\/wp\/v2\/types\/product"}],"replies":[{"embeddable":true,"href":"https:\/\/www.pressta-eisele.eu\/en\/wp-json\/wp\/v2\/comments?post=1469"}],"wp:featuredmedia":[{"embeddable":true,"href":"https:\/\/www.pressta-eisele.eu\/en\/wp-json\/wp\/v2\/media\/3221"}],"wp:attachment":[{"href":"https:\/\/www.pressta-eisele.eu\/en\/wp-json\/wp\/v2\/media?parent=1469"}],"wp:term":[{"taxonomy":"product_brand","embeddable":true,"href":"https:\/\/www.pressta-eisele.eu\/en\/wp-json\/wp\/v2\/product_brand?post=1469"},{"taxonomy":"product_cat","embeddable":true,"href":"https:\/\/www.pressta-eisele.eu\/en\/wp-json\/wp\/v2\/product_cat?post=1469"},{"taxonomy":"product_tag","embeddable":true,"href":"https:\/\/www.pressta-eisele.eu\/en\/wp-json\/wp\/v2\/product_tag?post=1469"}],"curies":[{"name":"wp","href":"https:\/\/api.w.org\/{rel}","templated":true}]}}